{"id":7983,"date":"2024-09-30T14:34:11","date_gmt":"2024-09-30T06:34:11","guid":{"rendered":"http:\/\/qingdaohf.com\/?post_type=product&#038;p=7983"},"modified":"2025-11-13T09:03:13","modified_gmt":"2025-11-13T01:03:13","slug":"rebar-individual-high-chair","status":"publish","type":"product","link":"https:\/\/qingdaohf.com\/lt\/produktas\/armaturos-individualus-aukstas-kede\/","title":{"rendered":"\"Rebar\" individuali auk\u0161ta k\u0117d\u0117"},"content":{"rendered":"<h3>Supratimas apie armat\u016bros svarb\u0105 Individualios auk\u0161tos k\u0117d\u0117s<\/h3>\n<p>Betono konstrukcij\u0173 srityje negalima pervertinti tinkamo armat\u016bros i\u0161d\u0117stymo svarbos. Armat\u016bra, arba armat\u016bros strypas, yra betonini\u0173 konstrukcij\u0173 pagrindas, didinantis j\u0173 tvirtum\u0105 ir ilgaam\u017ei\u0161kum\u0105. Ta\u010diau norint pasiekti norim\u0105 konstrukcijos vientisum\u0105, labai svarbu, kad armat\u016bros strypai b\u016bt\u0173 tiksliai i\u0161d\u0117styti. B\u016btent \u010dia praver\u010dia armat\u016bros individuali auk\u0161toji k\u0117d\u0117. \u0160is gaminys, sukurtas specialiai armat\u016brai pakelti, ne tik palaiko armat\u016bros svor\u012f, bet ir u\u017etikrina, kad ji i\u0161likt\u0173 tinkamame auk\u0161tyje viso betono liejimo proceso metu.<\/p>\n<p>Individuali armat\u016bros k\u0117dut\u0117 suprojektuota taip, kad armat\u016bros strypai b\u016bt\u0173 optimaliai pakelti ir tinkamai pakabinti betono mi\u0161inyje. \u0160is auk\u0161tis yra labai svarbus, nes apsaugo nuo korozijos ir skatina tinkam\u0105 armat\u016bros ir betono sukibim\u0105. Be to, i\u0161laikydama vienod\u0105 atstum\u0105 tarp stryp\u0173, k\u0117dut\u0117 palengvina tolyg\u0173 \u012ftempi\u0173 pasiskirstym\u0105 visoje konstrukcijoje, taip gerokai padidindama jos laikom\u0105j\u0105 gali\u0105.<\/p>\n<h3>Pagrindin\u0117s \"Rebar\" individuali\u0173 auk\u0161t\u0173 k\u0117d\u017ei\u0173 savyb\u0117s ir privalumai<\/h3>\n<p>Viena i\u0161 i\u0161skirtini\u0173 \"Rebar\" individualios auk\u0161tos k\u0117dut\u0117s savybi\u0173 - tvirta konstrukcija. Ji pagaminta i\u0161 auk\u0161tos kokyb\u0117s med\u017eiag\u0173 ir sukurta taip, kad atlaikyt\u0173 statyb\u0173 aplinkos i\u0161bandymus. Jos patvarumas u\u017etikrina, kad ji nesulinksta ir nesul\u016b\u017eta veikiama spaudimo, tod\u0117l suteikia patikim\u0105 atram\u0105 kritiniais statyb\u0173 etapais.<\/p>\n<p>Be to, \"Rebar\" individuali k\u0117dut\u0117 yra universali. J\u0105 galima \u012fsigyti \u012fvairi\u0173 dyd\u017ei\u0173, ji pritaikyta \u012fvairaus skersmens armat\u016bros strypams, tod\u0117l tinka \u012fvairiems projektams. \u0160is pritaikomumas ypa\u010d naudingas rangovams, kurie da\u017enai dirba \u012fvairiose statyb\u0173 aik\u0161tel\u0117se, nes jie gali naudoti t\u0105 pa\u010di\u0105 auk\u0161t\u0105 k\u0117d\u0119 keliems darbams.<\/p>\n<p>Kitas svarbus \"Rebar\" individualios auk\u0161tos k\u0117dut\u0117s privalumas yra tai, kad j\u0105 lengva sumontuoti. Nesud\u0117tingai \u012frengus, statybinink\u0173 komandos gali efektyviai i\u0161d\u0117styti auk\u0161tas k\u0117des be dideli\u0173 pastang\u0173 ir laiko s\u0105naud\u0173. \u0160is efektyvumas rei\u0161kia darbo j\u0117gos taupym\u0105, tod\u0117l komandos gali efektyviau paskirstyti savo i\u0161teklius.<\/p>\n<p>Be to, individualios auk\u0161tos k\u0117dut\u0117s \"Rebar\" konstrukcija u\u017etikrina saugum\u0105 darbo vietoje. U\u017etikrindama, kad armat\u016bros strypai b\u016bt\u0173 tinkamai i\u0161d\u0117styti ir pritvirtinti, ji suma\u017eina nelaiming\u0173 atsitikim\u0173, susijusi\u0173 su neteisingu armat\u016bros stryp\u0173 i\u0161d\u0117stymu, rizik\u0105. Toks d\u0117mesys saugai ne tik apsaugo darbuotojus, bet ir pagerina bendr\u0105 statybos projekto kokyb\u0119.<\/p>\n<h3>Taikymas realaus pasaulio scenarijuose<\/h3>\n<p>Norint i\u0161 tikr\u0173j\u0173 \u012fvertinti \"Rebar\" individualios auk\u0161tos k\u0117dut\u0117s vert\u0119, b\u016btina atsi\u017evelgti \u012f jos pritaikym\u0105 realiomis s\u0105lygomis. Pavyzd\u017eiui, statant daugiaauk\u0161t\u012f pastat\u0105, kiekvieno auk\u0161to konstrukcijos vientisumas labai priklauso nuo tinkamo armat\u016bros i\u0161d\u0117stymo. Naudodami \"Rebar Individual High Chairs\", rangovai gali u\u017etikrinti, kad armat\u016bra i\u0161likt\u0173 reikiamame auk\u0161tyje, palengvindami tvirt\u0105 ry\u0161\u012f su betonu.<\/p>\n<p>Infrastrukt\u016bros projekt\u0173, pavyzd\u017eiui, tilt\u0173 ir greitkeli\u0173, atveju statymai dar didesni. Individuali armat\u016bros stryp\u0173 k\u0117d\u0117 atlieka svarbiausi\u0105 vaidmen\u012f u\u017etikrinant, kad armat\u016bros strypai b\u016bt\u0173 teisingai i\u0161d\u0117styti ir atlaikyt\u0173 mil\u017eini\u0161kas apkrovas, kurios tenka \u0161ioms konstrukcijoms. Toks patikimumo lygis yra labai svarbus, nes jis turi tiesiogin\u0117s \u012ftakos infrastrukt\u016bros ilgaam\u017ei\u0161kumui ir saugumui.<\/p>\n<p>Be to, \"Rebar Individual High Chair\" galima naudoti \u012fvairiose srityse, \u012fskaitant gyvenamuosius, komercinius ir pramoninius projektus. Nesvarbu, ar stiprinate plok\u0161tes, sijas, ar kolonas, \u0161i auk\u0161ta k\u0117d\u0117 yra ne\u012fkainojamas \u012frankis, padedantis pasiekti auk\u0161tos kokyb\u0117s rezultat\u0173.<\/p>\n<h3>I\u0161vados: Betonini\u0173 konstrukcij\u0173 ateitis su armat\u016bra Individualios auk\u0161tos k\u0117d\u0117s<\/h3>\n<p>Apibendrinant galima teigti, kad armat\u016bros stryp\u0173 individuali k\u0117dut\u0117 yra daugiau nei tik statybinis priedas - tai labai svarbus komponentas, u\u017etikrinantis betono projekt\u0173 s\u0117km\u0119. Suteikdama optimali\u0105 atram\u0105 ir stabilum\u0105 armat\u016bros strypams i\u0161d\u0117styti, ji padidina bendr\u0105 konstrukcij\u0173 vientisum\u0105. D\u0117l savo patvarumo, universalumo ir paprasto naudojimo ji yra b\u016btinas \u012frankis statybos specialistams, kuriems svarbiausia kokyb\u0117 ir sauga.<\/p>\n<p>Statybos pramonei toliau vystantis, toki\u0173 novatori\u0161k\u0173 sprendim\u0173, kaip \"Rebar Individual High Chair\", diegimas neabejotinai vaidins svarb\u0173 vaidmen\u012f formuojant betonini\u0173 konstrukcij\u0173 ateit\u012f. Investuodami \u012f auk\u0161tos kokyb\u0117s \u012frang\u0105 rangovai gali u\u017etikrinti, kad j\u0173 projektai atitikt\u0173 auk\u0161\u010diausius saugos ir na\u0161umo standartus.<\/p>\n<p>Galiausiai, \"Rebar Individual High Chair\" rei\u0161kia \u012fsipareigojim\u0105 siekti tobulumo betonini\u0173 konstrukcij\u0173 srityje, suteikiant komandoms galimyb\u0119 statyti tvirtas konstrukcijas, kurios atlaiko laiko i\u0161bandym\u0105. Pasirink\u0119 \u0161\u012f gamin\u012f, statyb\u0173 specialistai gali pakelti savo projekt\u0173 lyg\u012f, u\u017etikrindami, kad kiekvienas elementas b\u016bt\u0173 s\u0117kmingai \u012fgyvendintas.<\/p>","protected":false},"excerpt":{"rendered":"<p>Individuali armat\u016bros k\u0117dut\u0117 yra labai svarbi priemon\u0117, skirta betono konstrukcijoms sutvirtinti, u\u017etikrinanti optimali\u0105 atram\u0105 ir stabilum\u0105 liejimo proceso metu. Sukurta siekiant efektyvumo, \u0161i auk\u0161ta k\u0117d\u0117 u\u017etikrina tiksl\u0173 armat\u016bros stryp\u0173 i\u0161k\u0117lim\u0105 ir padidina bendr\u0105 betono konstrukcij\u0173 vientisum\u0105. D\u0117l patvarios konstrukcijos ir paprasto naudojimo ji tampa ne\u012fkainojama priemone statybos specialistams, ie\u0161kantiems patikim\u0173 armat\u016bros i\u0161d\u0117stymo sprendim\u0173.<\/p>","protected":false},"featured_media":7984,"comment_status":"open","ping_status":"closed","template":"","meta":{"site-sidebar-layout":"default","site-content-layout":"","ast-site-content-layout":"default","site-content-style":"default","site-sidebar-style":"default","ast-global-header-display":"","ast-banner-title-visibility":"","ast-main-header-display":"","ast-hfb-above-header-display":"","ast-hfb-below-header-display":"","ast-hfb-mobile-header-display":"","site-post-title":"","ast-breadcrumbs-content":"","ast-featured-img":"","footer-sml-layout":"","theme-transparent-header-meta":"default","adv-header-id-meta":"","stick-header-meta":"default","header-above-stick-meta":"","header-main-stick-meta":"","header-below-stick-meta":"","astra-migrate-meta-layouts":"set","ast-page-background-enabled":"default","ast-page-background-meta":{"desktop":{"background-color":"","background-image":"","background-repeat":"repeat","background-position":"center center","background-size":"auto","background-attachment":"scroll","background-type":"","background-media":"","overlay-type":"","overlay-color":"","overlay-opacity":"","overlay-gradient":""},"tablet":{"background-color":"","background-image":"","background-repeat":"repeat","background-position":"center center","background-size":"auto","background-attachment":"scroll","background-type":"","background-media":"","overlay-type":"","overlay-color":"","overlay-opacity":"","overlay-gradient":""},"mobile":{"background-color":"","background-image":"","background-repeat":"repeat","background-position":"center center","background-size":"auto","background-attachment":"scroll","background-type":"","background-media":"","overlay-type":"","overlay-color":"","overlay-opacity":"","overlay-gradient":""}},"ast-content-background-meta":{"desktop":{"background-color":"var(--ast-global-color-5)","background-image":"","background-repeat":"repeat","background-position":"center center","background-size":"auto","background-attachment":"scroll","background-type":"","background-media":"","overlay-type":"","overlay-color":"","overlay-opacity":"","overlay-gradient":""},"tablet":{"background-color":"var(--ast-global-color-5)","background-image":"","background-repeat":"repeat","background-position":"center center","background-size":"auto","background-attachment":"scroll","background-type":"","background-media":"","overlay-type":"","overlay-color":"","overlay-opacity":"","overlay-gradient":""},"mobile":{"background-color":"var(--ast-global-color-5)","background-image":"","background-repeat":"repeat","background-position":"center center","background-size":"auto","background-attachment":"scroll","background-type":"","background-media":"","overlay-type":"","overlay-color":"","overlay-opacity":"","overlay-gradient":""}}},"product_brand":[],"product_cat":[35],"product_tag":[],"class_list":{"0":"post-7983","1":"product","2":"type-product","3":"status-publish","4":"has-post-thumbnail","6":"product_cat-concrete-rebar-support","7":"desktop-align-left","8":"tablet-align-left","9":"mobile-align-left","10":"ast-product-gallery-layout-horizontal-slider","11":"ast-product-tabs-layout-horizontal","13":"first","14":"instock","15":"shipping-taxable","16":"purchasable","17":"product-type-simple"},"yoast_head":"<!-- This site is optimized with the Yoast SEO plugin v25.2 - https:\/\/yoast.com\/wordpress\/plugins\/seo\/ -->\n<title>Rebar Individual High Chair<\/title>\n<meta name=\"robots\" content=\"index, follow, max-snippet:-1, max-image-preview:large, max-video-preview:-1\" \/>\n<link rel=\"canonical\" href=\"https:\/\/qingdaohf.com\/lt\/produktas\/armaturos-individualus-aukstas-kede\/\" \/>\n<meta property=\"og:locale\" content=\"lt_LT\" \/>\n<meta property=\"og:type\" content=\"article\" \/>\n<meta property=\"og:title\" content=\"Rebar Individual High Chair\" \/>\n<meta property=\"og:description\" content=\"The Rebar Individual High Chair is an essential tool for reinforcing concrete structures, providing optimal support and stability during the pouring process. Engineered for efficiency, this high chair ensures precise elevation of rebar, enhancing the overall integrity of concrete applications. Its durable design and ease of use make it an invaluable asset for construction professionals seeking reliable solutions for rebar placement.\" \/>\n<meta property=\"og:url\" content=\"https:\/\/qingdaohf.com\/lt\/produktas\/armaturos-individualus-aukstas-kede\/\" \/>\n<meta property=\"og:site_name\" content=\"Concrete Form &amp; Rigging Hardware Supplier\" \/>\n<meta property=\"article:publisher\" content=\"https:\/\/www.facebook.com\/qingdaohf\" \/>\n<meta property=\"article:modified_time\" content=\"2025-11-13T01:03:13+00:00\" \/>\n<meta property=\"og:image\" content=\"https:\/\/qingdaohf.com\/wp-content\/uploads\/2024\/09\/Individual-High-Chair-12.webp\" \/>\n\t<meta property=\"og:image:width\" content=\"1280\" \/>\n\t<meta property=\"og:image:height\" content=\"1280\" \/>\n\t<meta property=\"og:image:type\" content=\"image\/webp\" \/>\n<meta name=\"twitter:card\" content=\"summary_large_image\" \/>\n<meta name=\"twitter:label1\" content=\"Est. reading time\" \/>\n\t<meta name=\"twitter:data1\" content=\"4 minut\u0117s\" \/>\n<script type=\"application\/ld+json\" class=\"yoast-schema-graph\">{\"@context\":\"https:\/\/schema.org\",\"@graph\":[{\"@type\":\"WebPage\",\"@id\":\"https:\/\/qingdaohf.com\/product\/rebar-individual-high-chair\/\",\"url\":\"https:\/\/qingdaohf.com\/product\/rebar-individual-high-chair\/\",\"name\":\"Rebar Individual High Chair\",\"isPartOf\":{\"@id\":\"https:\/\/qingdaohf.com\/bg\/#website\"},\"primaryImageOfPage\":{\"@id\":\"https:\/\/qingdaohf.com\/product\/rebar-individual-high-chair\/#primaryimage\"},\"image\":{\"@id\":\"https:\/\/qingdaohf.com\/product\/rebar-individual-high-chair\/#primaryimage\"},\"thumbnailUrl\":\"https:\/\/qingdaohf.com\/wp-content\/uploads\/2024\/09\/Individual-High-Chair-12.webp\",\"datePublished\":\"2024-09-30T06:34:11+00:00\",\"dateModified\":\"2025-11-13T01:03:13+00:00\",\"breadcrumb\":{\"@id\":\"https:\/\/qingdaohf.com\/product\/rebar-individual-high-chair\/#breadcrumb\"},\"inLanguage\":\"lt-LT\",\"potentialAction\":[{\"@type\":\"ReadAction\",\"target\":[\"https:\/\/qingdaohf.com\/product\/rebar-individual-high-chair\/\"]}]},{\"@type\":\"ImageObject\",\"inLanguage\":\"lt-LT\",\"@id\":\"https:\/\/qingdaohf.com\/product\/rebar-individual-high-chair\/#primaryimage\",\"url\":\"https:\/\/qingdaohf.com\/wp-content\/uploads\/2024\/09\/Individual-High-Chair-12.webp\",\"contentUrl\":\"https:\/\/qingdaohf.com\/wp-content\/uploads\/2024\/09\/Individual-High-Chair-12.webp\",\"width\":1280,\"height\":1280,\"caption\":\"Rebar Individual High Chair\"},{\"@type\":\"BreadcrumbList\",\"@id\":\"https:\/\/qingdaohf.com\/product\/rebar-individual-high-chair\/#breadcrumb\",\"itemListElement\":[{\"@type\":\"ListItem\",\"position\":1,\"name\":\"Home\",\"item\":\"https:\/\/qingdaohf.com\/\"},{\"@type\":\"ListItem\",\"position\":2,\"name\":\"Concrete Forming Accessories and Rigging Hardware\",\"item\":\"https:\/\/qingdaohf.com\/bg\/?page_id=944\"},{\"@type\":\"ListItem\",\"position\":3,\"name\":\"Rebar Individual High Chair\"}]},{\"@type\":\"WebSite\",\"@id\":\"https:\/\/qingdaohf.com\/bg\/#website\",\"url\":\"https:\/\/qingdaohf.com\/bg\/\",\"name\":\"Concrete Form & Rigging Hardware Supplier\",\"description\":\"\",\"publisher\":{\"@id\":\"https:\/\/qingdaohf.com\/bg\/#organization\"},\"potentialAction\":[{\"@type\":\"SearchAction\",\"target\":{\"@type\":\"EntryPoint\",\"urlTemplate\":\"https:\/\/qingdaohf.com\/bg\/?s={search_term_string}\"},\"query-input\":{\"@type\":\"PropertyValueSpecification\",\"valueRequired\":true,\"valueName\":\"search_term_string\"}}],\"inLanguage\":\"lt-LT\"},{\"@type\":\"Organization\",\"@id\":\"https:\/\/qingdaohf.com\/bg\/#organization\",\"name\":\"Qingdao H&F\",\"url\":\"https:\/\/qingdaohf.com\/bg\/\",\"logo\":{\"@type\":\"ImageObject\",\"inLanguage\":\"lt-LT\",\"@id\":\"https:\/\/qingdaohf.com\/bg\/#\/schema\/logo\/image\/\",\"url\":\"https:\/\/qingdaohf.com\/wp-content\/uploads\/2022\/12\/cropped-HF-LOGO.png\",\"contentUrl\":\"https:\/\/qingdaohf.com\/wp-content\/uploads\/2022\/12\/cropped-HF-LOGO.png\",\"width\":391,\"height\":249,\"caption\":\"Qingdao H&F\"},\"image\":{\"@id\":\"https:\/\/qingdaohf.com\/bg\/#\/schema\/logo\/image\/\"},\"sameAs\":[\"https:\/\/www.facebook.com\/qingdaohf\"]}]}<\/script>\n<!-- \/ Yoast SEO plugin. -->","yoast_head_json":{"title":"Rebar Individual High Chair","robots":{"index":"index","follow":"follow","max-snippet":"max-snippet:-1","max-image-preview":"max-image-preview:large","max-video-preview":"max-video-preview:-1"},"canonical":"https:\/\/qingdaohf.com\/lt\/produktas\/armaturos-individualus-aukstas-kede\/","og_locale":"lt_LT","og_type":"article","og_title":"Rebar Individual High Chair","og_description":"The Rebar Individual High Chair is an essential tool for reinforcing concrete structures, providing optimal support and stability during the pouring process. Engineered for efficiency, this high chair ensures precise elevation of rebar, enhancing the overall integrity of concrete applications. Its durable design and ease of use make it an invaluable asset for construction professionals seeking reliable solutions for rebar placement.","og_url":"https:\/\/qingdaohf.com\/lt\/produktas\/armaturos-individualus-aukstas-kede\/","og_site_name":"Concrete Form &amp; Rigging Hardware Supplier","article_publisher":"https:\/\/www.facebook.com\/qingdaohf","article_modified_time":"2025-11-13T01:03:13+00:00","og_image":[{"width":1280,"height":1280,"url":"https:\/\/qingdaohf.com\/wp-content\/uploads\/2024\/09\/Individual-High-Chair-12.webp","type":"image\/webp"}],"twitter_card":"summary_large_image","twitter_misc":{"Est. reading time":"4 minut\u0117s"},"schema":{"@context":"https:\/\/schema.org","@graph":[{"@type":"WebPage","@id":"https:\/\/qingdaohf.com\/product\/rebar-individual-high-chair\/","url":"https:\/\/qingdaohf.com\/product\/rebar-individual-high-chair\/","name":"Rebar Individual High Chair","isPartOf":{"@id":"https:\/\/qingdaohf.com\/bg\/#website"},"primaryImageOfPage":{"@id":"https:\/\/qingdaohf.com\/product\/rebar-individual-high-chair\/#primaryimage"},"image":{"@id":"https:\/\/qingdaohf.com\/product\/rebar-individual-high-chair\/#primaryimage"},"thumbnailUrl":"https:\/\/qingdaohf.com\/wp-content\/uploads\/2024\/09\/Individual-High-Chair-12.webp","datePublished":"2024-09-30T06:34:11+00:00","dateModified":"2025-11-13T01:03:13+00:00","breadcrumb":{"@id":"https:\/\/qingdaohf.com\/product\/rebar-individual-high-chair\/#breadcrumb"},"inLanguage":"lt-LT","potentialAction":[{"@type":"ReadAction","target":["https:\/\/qingdaohf.com\/product\/rebar-individual-high-chair\/"]}]},{"@type":"ImageObject","inLanguage":"lt-LT","@id":"https:\/\/qingdaohf.com\/product\/rebar-individual-high-chair\/#primaryimage","url":"https:\/\/qingdaohf.com\/wp-content\/uploads\/2024\/09\/Individual-High-Chair-12.webp","contentUrl":"https:\/\/qingdaohf.com\/wp-content\/uploads\/2024\/09\/Individual-High-Chair-12.webp","width":1280,"height":1280,"caption":"Rebar Individual High Chair"},{"@type":"BreadcrumbList","@id":"https:\/\/qingdaohf.com\/product\/rebar-individual-high-chair\/#breadcrumb","itemListElement":[{"@type":"ListItem","position":1,"name":"Home","item":"https:\/\/qingdaohf.com\/"},{"@type":"ListItem","position":2,"name":"Concrete Forming Accessories and Rigging Hardware","item":"https:\/\/qingdaohf.com\/bg\/?page_id=944"},{"@type":"ListItem","position":3,"name":"Rebar Individual High Chair"}]},{"@type":"WebSite","@id":"https:\/\/qingdaohf.com\/bg\/#website","url":"https:\/\/qingdaohf.com\/bg\/","name":"Concrete Form & Rigging Hardware Supplier","description":"","publisher":{"@id":"https:\/\/qingdaohf.com\/bg\/#organization"},"potentialAction":[{"@type":"SearchAction","target":{"@type":"EntryPoint","urlTemplate":"https:\/\/qingdaohf.com\/bg\/?s={search_term_string}"},"query-input":{"@type":"PropertyValueSpecification","valueRequired":true,"valueName":"search_term_string"}}],"inLanguage":"lt-LT"},{"@type":"Organization","@id":"https:\/\/qingdaohf.com\/bg\/#organization","name":"Qingdao H&F","url":"https:\/\/qingdaohf.com\/bg\/","logo":{"@type":"ImageObject","inLanguage":"lt-LT","@id":"https:\/\/qingdaohf.com\/bg\/#\/schema\/logo\/image\/","url":"https:\/\/qingdaohf.com\/wp-content\/uploads\/2022\/12\/cropped-HF-LOGO.png","contentUrl":"https:\/\/qingdaohf.com\/wp-content\/uploads\/2022\/12\/cropped-HF-LOGO.png","width":391,"height":249,"caption":"Qingdao H&F"},"image":{"@id":"https:\/\/qingdaohf.com\/bg\/#\/schema\/logo\/image\/"},"sameAs":["https:\/\/www.facebook.com\/qingdaohf"]}]}},"_links":{"self":[{"href":"https:\/\/qingdaohf.com\/lt\/wp-json\/wp\/v2\/product\/7983","targetHints":{"allow":["GET"]}}],"collection":[{"href":"https:\/\/qingdaohf.com\/lt\/wp-json\/wp\/v2\/product"}],"about":[{"href":"https:\/\/qingdaohf.com\/lt\/wp-json\/wp\/v2\/types\/product"}],"replies":[{"embeddable":true,"href":"https:\/\/qingdaohf.com\/lt\/wp-json\/wp\/v2\/comments?post=7983"}],"version-history":[{"count":1,"href":"https:\/\/qingdaohf.com\/lt\/wp-json\/wp\/v2\/product\/7983\/revisions"}],"predecessor-version":[{"id":7994,"href":"https:\/\/qingdaohf.com\/lt\/wp-json\/wp\/v2\/product\/7983\/revisions\/7994"}],"wp:featuredmedia":[{"embeddable":true,"href":"https:\/\/qingdaohf.com\/lt\/wp-json\/wp\/v2\/media\/7984"}],"wp:attachment":[{"href":"https:\/\/qingdaohf.com\/lt\/wp-json\/wp\/v2\/media?parent=7983"}],"wp:term":[{"taxonomy":"product_brand","embeddable":true,"href":"https:\/\/qingdaohf.com\/lt\/wp-json\/wp\/v2\/product_brand?post=7983"},{"taxonomy":"product_cat","embeddable":true,"href":"https:\/\/qingdaohf.com\/lt\/wp-json\/wp\/v2\/product_cat?post=7983"},{"taxonomy":"product_tag","embeddable":true,"href":"https:\/\/qingdaohf.com\/lt\/wp-json\/wp\/v2\/product_tag?post=7983"}],"curies":[{"name":"wp","href":"https:\/\/api.w.org\/{rel}","templated":true}]}}