{"id":8065,"date":"2024-10-16T11:39:29","date_gmt":"2024-10-16T03:39:29","guid":{"rendered":"http:\/\/qingdaohf.com\/?post_type=product&#038;p=8065"},"modified":"2025-11-13T09:03:13","modified_gmt":"2025-11-13T01:03:13","slug":"kenter-shackle","status":"publish","type":"product","link":"https:\/\/qingdaohf.com\/lt\/produktas\/kenterio-panciai\/","title":{"rendered":"\"Kenter Shackle"},"content":{"rendered":"<h3><strong>Kenter Shackle: Saugi\u0173 ir patikim\u0173 grandin\u0117s jung\u010di\u0173 u\u017etikrinimas<\/strong><\/h3>\n<p>Svetain\u0117 <em>\"Kenter Shackle<\/em> yra kertinis grandini\u0173 sujungimo \u012franki\u0173 elementas, pasi\u017eymintis ilgaam\u017ei\u0161kumu, tvirtumu ir paprastumu naudoti. \u0160is gaminys yra b\u016btinas dirbantiems j\u016broje, statybose ir pramonin\u0117je aplinkoje, kur labai svarbu patikimos jungtys. Precizi\u0161kai suprojektuota \"Kenter Shackle\" u\u017etikrina, kad grandin\u0117s i\u0161likt\u0173 patikimai sujungtos net ekstremaliomis s\u0105lygomis, taip u\u017etikrinant stabilum\u0105 ir saugum\u0105 atliekant rizikingas operacijas. Jo konstrukcijoje daugiausia d\u0117mesio skiriama efektyviam grandini\u0173 sujungimo sprendimui, i\u0161laikant auk\u0161tus na\u0161umo ir ilgaam\u017ei\u0161kumo standartus.<\/p>\n<p>I\u0161 auk\u0161tos kokyb\u0117s plieno pagaminta \"Kenter Shackle\" yra pritaikyta dirbti at\u0161iauriausiomis s\u0105lygomis. Tvirta konstrukcija ir korozijai atspari danga u\u017etikrina ypating\u0105 efektyvum\u0105 j\u016broje. \u0160i savyb\u0117 prailgina kab\u0117s tarnavimo laik\u0105, apsaugodama nuo r\u016bd\u017ei\u0173 ir gedimo net ir esant nuolatiniam dr\u0117gm\u0117s ir s\u016braus vandens poveikiui. Pasirink\u0119 \"Kenter Shackle\", naudotojai gali b\u016bti tikri, kad j\u0173 \u012franga atlaikys tiek gamtos stichijas, tiek sunkaus darbo reikalavimus.<\/p>\n<h3><strong>Sukurta d\u0117l j\u0117gos: Pagrindin\u0117 sunki\u0173j\u0173 operacij\u0173 priemon\u0117<\/strong><\/h3>\n<p>Pagrindinis apeliacinis skundas <em>\"Kenter Shackle<\/em> tai i\u0161skirtinis tvirtumas ir geb\u0117jimas atlaikyti dideles apkrovas. Jo konstrukcija u\u017etikrina, kad jis gali atlaikyti didel\u0119 \u012ftamp\u0105, su kuria paprastai susiduriama atliekant vilkimo, k\u0117limo ir inkaravimo operacijas. \u0160is geb\u0117jimas labai svarbus tokiuose sektoriuose kaip j\u016br\u0173 logistika, kur kasdien reikalaujama saugiai tvarkyti sunki\u0105j\u0105 \u012frang\u0105. D\u0117l to, kad kablys i\u0161laiko stabil\u0173 ry\u0161\u012f veikiant sl\u0117giui, naudotojai gali juo pasikliauti atlikdami tiek \u012fprastas, tiek kritines u\u017eduotis, suma\u017eindami netik\u0117to \u012frangos gedimo rizik\u0105.<\/p>\n<p>Jos tvirtum\u0105 dar labiau padidina konstrukcija, kuri tolygiai paskirsto \u012ftamp\u0105 tarp sujungt\u0173 grandini\u0173. \u0160is apgalvotas in\u017einerinis sprendimas suma\u017eina nusid\u0117v\u0117jimo tikimyb\u0119 tam tikrose vietose, tod\u0117l pailg\u0117ja ir grandin\u0117s, ir jos jungiam\u0173 grandini\u0173 tarnavimo laikas. Lygus \"Kenter Shackle\" pavir\u0161ius padeda suma\u017einti trint\u012f tarp komponent\u0173, tod\u0117l tai protingas pasirinkimas profesionalams, kuriems reikia ilgaam\u017e\u0117s \u012frangos. D\u0117l geb\u0117jimo valdyti \u0161i\u0105 dinamik\u0105 nesuma\u017einant stabilumo pan\u010diai tampa svarbiu \u012frankiu bet kokioje sunkioje aplinkoje.<\/p>\n<p>Be to, \"Kenter Shackle\" stipryb\u0117 nesuma\u017eina naudojimo patogumo. Nepaisant tvirtos konstrukcijos, j\u0105 paprasta valdyti ir montuoti, tod\u0117l prireikus j\u0105 galima greitai sureguliuoti. D\u0117l tokio galios ir prakti\u0161kumo balanso jis tinka \u012fvairioms reikm\u0117ms - nuo laiv\u0173 tvirtinimo j\u016broje iki k\u0117limo operacij\u0173 valdymo statybviet\u0117se. Visais \u0161iais atvejais \"Kenter Shackle\" konstrukcija u\u017etikrina patikimum\u0105, kurio profesionalams reikia skland\u017eiai ir saugiai veiklai u\u017etikrinti.<\/p>\n<h3><strong>Universalumas \u012fvairioms programoms: J\u016bs\u0173 poreikiams pritaikomos kab\u0117s<\/strong><\/h3>\n<p>Svetain\u0117 <em>\"Kenter Shackle<\/em> yra universalus sprendimas, sukurtas taip, kad puikiai tikt\u0173 \u012fvairiose aplinkose ir srityse. J\u016br\u0173 pramon\u0117je jis paprastai naudojamas inkar\u0173 grandin\u0117ms jungti, nes u\u017etikrina saugi\u0105 jungt\u012f, kuri\u0105 prireikus galima lengvai reguliuoti. \u0160i galimyb\u0117 labai svarbi laiv\u0173 operatoriams ir kitiems j\u016br\u0173 specialistams, kuriems reikia patikim\u0173 sprendim\u0173 judan\u010dio vandens ir besikei\u010dian\u010di\u0173 oro s\u0105lyg\u0173 veikiamoms j\u0117goms valdyti. Korozijai atsparios pan\u010di\u0173 savyb\u0117s dar labiau padidina j\u0173 tinkamum\u0105 \u0161iam sektoriui, nes jos gali atlaikyti ilgalaik\u012f j\u016bros poveik\u012f neprarasdamos vientisumo.<\/p>\n<p>\"Kenter Shackle\" yra ne tik j\u016brin\u0117s paskirties, bet ir vertinga statyb\u0173 pramon\u0117je. Ji atlieka svarb\u0173 vaidmen\u012f k\u0117limo ir takela\u017eo \u012frengimo srityse, nes leid\u017eia darbuotojams greitai ir saugiai sujungti grandines. Jos tvirta konstrukcija u\u017etikrina, kad sujungimas i\u0161likt\u0173 stabilus, taip suma\u017einant nelaiming\u0173 atsitikim\u0173 rizik\u0105 atliekant k\u0117limo operacijas. Rangovai vertina paprast\u0105 jo konstrukcij\u0105, kuri leid\u017eia greitai nustatyti ir lengvai reguliuoti. \u0160is efektyvumas ypa\u010d svarbus statyb\u0173 aik\u0161tel\u0117se, kur skubiems projektams naudingi \u012frankiai, kuriuos galima greitai pritaikyti prie besikei\u010dian\u010di\u0173 poreiki\u0173.<\/p>\n<p>Pramon\u0117s sektoriuje taip pat daug naudojama <em>\"Kenter Shackle<\/em>ypa\u010d tokiose srityse kaip transporto priemoni\u0173 vilkimas, sunki\u0173j\u0173 ma\u0161in\u0173 tvirtinimas ar krovini\u0173 stabilizavimas. D\u0117l kompakti\u0161kos konstrukcijos j\u012f lengva integruoti \u012f \u012fvairias konfig\u016bracijas, o jo tvirtumas u\u017etikrina, kad jis susidoros su didel\u0117s apimties operacij\u0173 i\u0161\u0161\u016bkiais. Geb\u0117jimas i\u0161laikyti stabil\u0173 ry\u0161\u012f atliekant \u012fvairias u\u017eduotis pabr\u0117\u017eia kablio universalum\u0105, tod\u0117l jis yra patikimas pasirinkimas profesionalams, kurie savo \u012frangoje vertina ir na\u0161um\u0105, ir pritaikomum\u0105.<\/p>\n<h3><strong>Lengvas surinkimas ir prie\u017ei\u016bra: D\u0117mesys efektyvumui<\/strong><\/h3>\n<p>Viena i\u0161 i\u0161skirtini\u0173 <em>\"Kenter Shackle<\/em> yra patogus surinkimo procesas. Skirtingai nuo sud\u0117tingesni\u0173 sujungimo \u012franki\u0173, kuriems gali prireikti specializuotos \u012frangos, \"Kenter Shackle\" sukurta taip, kad j\u0105 b\u016bt\u0173 galima lengvai sumontuoti naudojant minimal\u0173 \u012franki\u0173 kiek\u012f. \u0160is paprastumas leid\u017eia naudotojams greitai surinkti arba i\u0161ardyti jungtis, o tai ypa\u010d vertinga aplinkoje, kurioje laikas yra labai svarbus veiksnys. Toks konstrukcinis pasirinkimas u\u017etikrina, kad specialistai gal\u0117t\u0173 sutelkti d\u0117mes\u012f \u012f pagrindin\u0119 u\u017eduot\u012f ir nesibla\u0161kyti d\u0117l sud\u0117ting\u0173 nustatym\u0173.<\/p>\n<p>Kitas svarbus patikimumo aspektas - saugus u\u017erakto mechanizmas. \u012erengus mechanizm\u0105, jis u\u017etikrina, kad jungtis tvirtai laikyt\u0173si tol, kol s\u0105moningai bus atlaisvinta. \u0160is papildomas saugumo lygmuo yra labai svarbus vykdant operacijas, kai staigus atjungimas gali kelti rimt\u0105 pavoj\u0173 tiek darbuotojams, tiek \u012frangai. Sukurdama paprast\u0105, bet veiksming\u0105 fiksavimo sistem\u0105, \"Kenter Shackle\" palaiko ir saugum\u0105, ir efektyvum\u0105, u\u017etikrindama skland\u0173 darb\u0105 net ir sud\u0117tingomis s\u0105lygomis.<\/p>\n<p>Prie\u017ei\u016bra <em>\"Kenter Shackle<\/em> d\u0117l korozijai atsparios apdailos taip pat nesud\u0117tinga. \u0160i savyb\u0117 suma\u017eina reguliarios prie\u017ei\u016bros poreik\u012f, nes apkaba atspari r\u016bdims ir nusid\u0117v\u0117jimui net ir sud\u0117tingoje aplinkoje. J\u016br\u0173 ir pramon\u0117s specialistams tai rei\u0161kia, kad ma\u017eiau laiko reikia skirti prie\u017ei\u016brai, o daugiau d\u0117mesio skirti veiklos tikslams pasiekti. D\u0117l paprasto naudojimo, saugaus surinkimo ir minimali\u0173 technin\u0117s prie\u017ei\u016bros reikalavim\u0173 derinio \"Kenter Shackle\" yra prakti\u0161kas ir ekonomi\u0161kas pasirinkimas ilgalaikiam naudojimui.<\/p>\n<h3><strong>Saugos ir na\u0161umo didinimas naudojant patikim\u0105 \u012frang\u0105<\/strong><\/h3>\n<p>Sauga yra svarbiausias r\u016bpestis, kai reikia naudoti sunkiasvorius krovinius, o <em>\"Kenter Shackle<\/em> sukurtas atsi\u017evelgiant \u012f \u0161i\u0105 aplinkyb\u0119. Tvirta konstrukcija u\u017etikrina, kad ji atlaikys vilkimo, k\u0117limo ar \u012ftvirtinimo metu atsirandan\u010dias j\u0117gas ir u\u017etikrins stabili\u0105 jungt\u012f, suma\u017einan\u010di\u0105 \u012frangos gedimo rizik\u0105. \u0160is stabilumas yra labai svarbus kuriant saugi\u0105 darbo aplink\u0105, nes suma\u017eina nelaiming\u0173 atsitikim\u0173 d\u0117l netik\u0117t\u0173 atsijungim\u0173 ar l\u016b\u017ei\u0173 tikimyb\u0119.<\/p>\n<p>Saugi pakabos konstrukcija turi kai\u0161\u010dio sistem\u0105, kuri neleid\u017eia atsitiktinai atsilaisvinti ir taip dar labiau padidina naudojimo saugum\u0105. \u0160i savyb\u0117 ypa\u010d svarbi dinami\u0161koje aplinkoje, pavyzd\u017eiui, dirbant su judan\u010diais kroviniais arba tais atvejais, kai labai svarbu u\u017etikrinti stabilum\u0105. Si\u016blydama patikim\u0105 sujungimo ta\u0161k\u0105, \"Kenter Shackle\" padeda naudotojams i\u0161laikyti savo operacij\u0173 kontrol\u0119, net ir dirbant su sunkiais ar judan\u010diais svoriais.<\/p>\n<p>Be saugos funkcij\u0173, <em>\"Kenter Shackle<\/em> taip pat palaiko produktyvum\u0105, nes leid\u017eia greitai atlikti pakeitimus. D\u0117l jo konstrukcijos darbuotojai gali keisti nustatymus be sud\u0117ting\u0173 proced\u016br\u0173, tod\u0117l u\u017eduotys atliekamos be nereikalingo delsimo. D\u0117l tokio lankstumo specialistams lengviau prisitaikyti prie besikei\u010dian\u010di\u0173 s\u0105lyg\u0173, nesvarbu, ar jie prisitaiko prie oro s\u0105lyg\u0173 poky\u010di\u0173 j\u016broje, ar valdo naujus reikalavimus statyb\u0173 aik\u0161tel\u0117je. Derindamas saugum\u0105 ir efektyvum\u0105, \"Kenter Shackle\" padeda naudotojams pasiekti u\u017esibr\u0117\u017etus tikslus, i\u0161laikant auk\u0161\u010diausius na\u0161umo standartus.<\/p>\n<h3><strong>I\u0161vados: Patikimas sprendimas reiklioms programoms<\/strong><\/h3>\n<p>Svetain\u0117 <em>\"Kenter Shackle<\/em> yra daugiau nei tik jungtis - tai gyvybi\u0161kai svarbi sudedamoji dalis, u\u017etikrinanti \u012fvairi\u0173 operacij\u0173 vientisum\u0105 ir saug\u0105. Nuo j\u016br\u0173 pramon\u0117s iki statyb\u0173 ir pramon\u0117s - d\u0117l savo tvirtumo, patogumo naudoti ir ilgaam\u017ei\u0161kumo jungtis yra idealus pasirinkimas profesionalams, kuriems reikia patikim\u0173 jung\u010di\u0173. Jo konstrukcija, kurioje daugiausia d\u0117mesio skiriama patvarumui ir patogiam surinkimui, u\u017etikrina, kad jis gali atitikti sud\u0117tingos aplinkos reikalavimus ir tuo pa\u010diu u\u017etikrinti pastov\u0173 veikim\u0105.<\/p>\n<p>Pasirink\u0119 \"Kenter Shackle\", naudotojai investuoja \u012f gamin\u012f, kuris d\u0117l savo atsparumo dilimui ir korozijai bei geb\u0117jimo i\u0161laikyti stabilias jungtis esant didel\u0117ms apkrovoms yra ilgalaik\u0117s vert\u0117s. \u0160ios kab\u0117s universalumas rei\u0161kia, kad j\u0105 galima pritaikyti prie \u012fvairi\u0173 sektori\u0173 poreiki\u0173, tod\u0117l ji yra patikimas sprendimas, didinantis ir saugum\u0105, ir na\u0161um\u0105. D\u0117l savo vaidmens i\u0161laikant saugias jungtis jis yra naudingas bet kurioje veikloje, nes suteikia garantij\u0105, kad naudojamas produktas, sukurtas siekiant auk\u0161\u010diausios kokyb\u0117s.<\/p>\n<p>Svetain\u0117 <em>\"Kenter Shackle<\/em> tai \u012fsipareigojimas siekti kokyb\u0117s ir patikimumo, u\u017etikrinant tvirtum\u0105 ir geb\u0117jim\u0105 prisitaikyti, reikalingus s\u0117kmingiems rezultatams pasiekti. Tai patikimas partneris atliekant sud\u0117tingiausias u\u017eduotis, pasi\u017eymintis stabilumu ir na\u0161umu, kurio profesionalai tikisi i\u0161 savo \u012frangos. Su \"Kenter Shackle\" naudotojai gali dr\u0105siai imtis darbo, \u017einodami, kad pasirinko \u012frank\u012f, sukurt\u0105 atlaikyti sunkiausius i\u0161\u0161\u016bkius.<\/p>","protected":false},"excerpt":{"rendered":"<p>Svetain\u0117 <em>\"Kenter Shackle<\/em> yra tvirtas, universalus \u012frankis, skirtas vientisiems grandini\u0173 sujungimams sunkiuose darbuose. Jis suprojektuotas taip, kad b\u016bt\u0173 tvirtas ir patikimas, tod\u0117l idealiai tinka naudoti j\u016broje, pramon\u0117je ir statybose. Patvari konstrukcija ir korozijai atspari apdaila u\u017etikrina ilgalaik\u012f veikim\u0105 net ir sud\u0117tingoje aplinkoje. D\u0117l patogaus surinkimo ir saugaus u\u017erakto mechanizmo \"Kenter Shackle\" didina saugum\u0105 ir efektyvum\u0105, tod\u0117l tai patikimas pasirinkimas profesionalams, ie\u0161kantiems patikim\u0173 jung\u010di\u0173.<\/p>","protected":false},"featured_media":8066,"comment_status":"open","ping_status":"closed","template":"","meta":{"site-sidebar-layout":"default","site-content-layout":"","ast-site-content-layout":"default","site-content-style":"default","site-sidebar-style":"default","ast-global-header-display":"","ast-banner-title-visibility":"","ast-main-header-display":"","ast-hfb-above-header-display":"","ast-hfb-below-header-display":"","ast-hfb-mobile-header-display":"","site-post-title":"","ast-breadcrumbs-content":"","ast-featured-img":"","footer-sml-layout":"","theme-transparent-header-meta":"default","adv-header-id-meta":"","stick-header-meta":"default","header-above-stick-meta":"","header-main-stick-meta":"","header-below-stick-meta":"","astra-migrate-meta-layouts":"set","ast-page-background-enabled":"default","ast-page-background-meta":{"desktop":{"background-color":"","background-image":"","background-repeat":"repeat","background-position":"center center","background-size":"auto","background-attachment":"scroll","background-type":"","background-media":"","overlay-type":"","overlay-color":"","overlay-opacity":"","overlay-gradient":""},"tablet":{"background-color":"","background-image":"","background-repeat":"repeat","background-position":"center center","background-size":"auto","background-attachment":"scroll","background-type":"","background-media":"","overlay-type":"","overlay-color":"","overlay-opacity":"","overlay-gradient":""},"mobile":{"background-color":"","background-image":"","background-repeat":"repeat","background-position":"center center","background-size":"auto","background-attachment":"scroll","background-type":"","background-media":"","overlay-type":"","overlay-color":"","overlay-opacity":"","overlay-gradient":""}},"ast-content-background-meta":{"desktop":{"background-color":"var(--ast-global-color-5)","background-image":"","background-repeat":"repeat","background-position":"center center","background-size":"auto","background-attachment":"scroll","background-type":"","background-media":"","overlay-type":"","overlay-color":"","overlay-opacity":"","overlay-gradient":""},"tablet":{"background-color":"var(--ast-global-color-5)","background-image":"","background-repeat":"repeat","background-position":"center center","background-size":"auto","background-attachment":"scroll","background-type":"","background-media":"","overlay-type":"","overlay-color":"","overlay-opacity":"","overlay-gradient":""},"mobile":{"background-color":"var(--ast-global-color-5)","background-image":"","background-repeat":"repeat","background-position":"center center","background-size":"auto","background-attachment":"scroll","background-type":"","background-media":"","overlay-type":"","overlay-color":"","overlay-opacity":"","overlay-gradient":""}}},"product_brand":[],"product_cat":[51],"product_tag":[],"class_list":{"0":"post-8065","1":"product","2":"type-product","3":"status-publish","4":"has-post-thumbnail","6":"product_cat-riggging-hardware","7":"desktop-align-left","8":"tablet-align-left","9":"mobile-align-left","10":"ast-product-gallery-layout-horizontal-slider","11":"ast-product-tabs-layout-horizontal","13":"first","14":"instock","15":"shipping-taxable","16":"purchasable","17":"product-type-simple"},"yoast_head":"<!-- This site is optimized with the Yoast SEO plugin v25.2 - https:\/\/yoast.com\/wordpress\/plugins\/seo\/ -->\n<title>Kenter Shackle<\/title>\n<meta name=\"robots\" content=\"index, follow, max-snippet:-1, max-image-preview:large, max-video-preview:-1\" \/>\n<link rel=\"canonical\" href=\"https:\/\/qingdaohf.com\/lt\/produktas\/kenterio-panciai\/\" \/>\n<meta property=\"og:locale\" content=\"lt_LT\" \/>\n<meta property=\"og:type\" content=\"article\" \/>\n<meta property=\"og:title\" content=\"Kenter Shackle\" \/>\n<meta property=\"og:description\" content=\"The Kenter Shackle is a robust, versatile tool designed for seamless chain connections in heavy-duty applications. Engineered for strength and reliability, it is ideal for maritime, industrial, and construction use. Its durable construction and corrosion-resistant finish ensure long-lasting performance, even in challenging environments. With a user-friendly assembly and secure locking mechanism, the Kenter Shackle enhances safety and efficiency, making it a trusted choice for professionals seeking dependable connections.\" \/>\n<meta property=\"og:url\" content=\"https:\/\/qingdaohf.com\/lt\/produktas\/kenterio-panciai\/\" \/>\n<meta property=\"og:site_name\" content=\"Concrete Form &amp; Rigging Hardware Supplier\" \/>\n<meta property=\"article:publisher\" content=\"https:\/\/www.facebook.com\/qingdaohf\" \/>\n<meta property=\"article:modified_time\" content=\"2025-11-13T01:03:13+00:00\" \/>\n<meta property=\"og:image\" content=\"https:\/\/qingdaohf.com\/wp-content\/uploads\/2024\/10\/Kenter-Shackle.webp\" \/>\n\t<meta property=\"og:image:width\" content=\"800\" \/>\n\t<meta property=\"og:image:height\" content=\"800\" \/>\n\t<meta property=\"og:image:type\" content=\"image\/webp\" \/>\n<meta name=\"twitter:card\" content=\"summary_large_image\" \/>\n<meta name=\"twitter:label1\" content=\"Est. reading time\" \/>\n\t<meta name=\"twitter:data1\" content=\"7 minut\u0117s\" \/>\n<script type=\"application\/ld+json\" class=\"yoast-schema-graph\">{\"@context\":\"https:\/\/schema.org\",\"@graph\":[{\"@type\":\"WebPage\",\"@id\":\"https:\/\/qingdaohf.com\/product\/kenter-shackle\/\",\"url\":\"https:\/\/qingdaohf.com\/product\/kenter-shackle\/\",\"name\":\"Kenter Shackle\",\"isPartOf\":{\"@id\":\"https:\/\/qingdaohf.com\/bg\/#website\"},\"primaryImageOfPage\":{\"@id\":\"https:\/\/qingdaohf.com\/product\/kenter-shackle\/#primaryimage\"},\"image\":{\"@id\":\"https:\/\/qingdaohf.com\/product\/kenter-shackle\/#primaryimage\"},\"thumbnailUrl\":\"https:\/\/qingdaohf.com\/wp-content\/uploads\/2024\/10\/Kenter-Shackle.webp\",\"datePublished\":\"2024-10-16T03:39:29+00:00\",\"dateModified\":\"2025-11-13T01:03:13+00:00\",\"breadcrumb\":{\"@id\":\"https:\/\/qingdaohf.com\/product\/kenter-shackle\/#breadcrumb\"},\"inLanguage\":\"lt-LT\",\"potentialAction\":[{\"@type\":\"ReadAction\",\"target\":[\"https:\/\/qingdaohf.com\/product\/kenter-shackle\/\"]}]},{\"@type\":\"ImageObject\",\"inLanguage\":\"lt-LT\",\"@id\":\"https:\/\/qingdaohf.com\/product\/kenter-shackle\/#primaryimage\",\"url\":\"https:\/\/qingdaohf.com\/wp-content\/uploads\/2024\/10\/Kenter-Shackle.webp\",\"contentUrl\":\"https:\/\/qingdaohf.com\/wp-content\/uploads\/2024\/10\/Kenter-Shackle.webp\",\"width\":800,\"height\":800,\"caption\":\"Kenter Shackle\"},{\"@type\":\"BreadcrumbList\",\"@id\":\"https:\/\/qingdaohf.com\/product\/kenter-shackle\/#breadcrumb\",\"itemListElement\":[{\"@type\":\"ListItem\",\"position\":1,\"name\":\"Home\",\"item\":\"https:\/\/qingdaohf.com\/\"},{\"@type\":\"ListItem\",\"position\":2,\"name\":\"Concrete Forming Accessories and Rigging Hardware\",\"item\":\"https:\/\/qingdaohf.com\/bg\/?page_id=944\"},{\"@type\":\"ListItem\",\"position\":3,\"name\":\"Kenter Shackle\"}]},{\"@type\":\"WebSite\",\"@id\":\"https:\/\/qingdaohf.com\/bg\/#website\",\"url\":\"https:\/\/qingdaohf.com\/bg\/\",\"name\":\"Concrete Form & Rigging Hardware Supplier\",\"description\":\"\",\"publisher\":{\"@id\":\"https:\/\/qingdaohf.com\/bg\/#organization\"},\"potentialAction\":[{\"@type\":\"SearchAction\",\"target\":{\"@type\":\"EntryPoint\",\"urlTemplate\":\"https:\/\/qingdaohf.com\/bg\/?s={search_term_string}\"},\"query-input\":{\"@type\":\"PropertyValueSpecification\",\"valueRequired\":true,\"valueName\":\"search_term_string\"}}],\"inLanguage\":\"lt-LT\"},{\"@type\":\"Organization\",\"@id\":\"https:\/\/qingdaohf.com\/bg\/#organization\",\"name\":\"Qingdao H&F\",\"url\":\"https:\/\/qingdaohf.com\/bg\/\",\"logo\":{\"@type\":\"ImageObject\",\"inLanguage\":\"lt-LT\",\"@id\":\"https:\/\/qingdaohf.com\/bg\/#\/schema\/logo\/image\/\",\"url\":\"https:\/\/qingdaohf.com\/wp-content\/uploads\/2022\/12\/cropped-HF-LOGO.png\",\"contentUrl\":\"https:\/\/qingdaohf.com\/wp-content\/uploads\/2022\/12\/cropped-HF-LOGO.png\",\"width\":391,\"height\":249,\"caption\":\"Qingdao H&F\"},\"image\":{\"@id\":\"https:\/\/qingdaohf.com\/bg\/#\/schema\/logo\/image\/\"},\"sameAs\":[\"https:\/\/www.facebook.com\/qingdaohf\"]}]}<\/script>\n<!-- \/ Yoast SEO plugin. -->","yoast_head_json":{"title":"Kenter Shackle","robots":{"index":"index","follow":"follow","max-snippet":"max-snippet:-1","max-image-preview":"max-image-preview:large","max-video-preview":"max-video-preview:-1"},"canonical":"https:\/\/qingdaohf.com\/lt\/produktas\/kenterio-panciai\/","og_locale":"lt_LT","og_type":"article","og_title":"Kenter Shackle","og_description":"The Kenter Shackle is a robust, versatile tool designed for seamless chain connections in heavy-duty applications. Engineered for strength and reliability, it is ideal for maritime, industrial, and construction use. Its durable construction and corrosion-resistant finish ensure long-lasting performance, even in challenging environments. With a user-friendly assembly and secure locking mechanism, the Kenter Shackle enhances safety and efficiency, making it a trusted choice for professionals seeking dependable connections.","og_url":"https:\/\/qingdaohf.com\/lt\/produktas\/kenterio-panciai\/","og_site_name":"Concrete Form &amp; Rigging Hardware Supplier","article_publisher":"https:\/\/www.facebook.com\/qingdaohf","article_modified_time":"2025-11-13T01:03:13+00:00","og_image":[{"width":800,"height":800,"url":"https:\/\/qingdaohf.com\/wp-content\/uploads\/2024\/10\/Kenter-Shackle.webp","type":"image\/webp"}],"twitter_card":"summary_large_image","twitter_misc":{"Est. reading time":"7 minut\u0117s"},"schema":{"@context":"https:\/\/schema.org","@graph":[{"@type":"WebPage","@id":"https:\/\/qingdaohf.com\/product\/kenter-shackle\/","url":"https:\/\/qingdaohf.com\/product\/kenter-shackle\/","name":"Kenter Shackle","isPartOf":{"@id":"https:\/\/qingdaohf.com\/bg\/#website"},"primaryImageOfPage":{"@id":"https:\/\/qingdaohf.com\/product\/kenter-shackle\/#primaryimage"},"image":{"@id":"https:\/\/qingdaohf.com\/product\/kenter-shackle\/#primaryimage"},"thumbnailUrl":"https:\/\/qingdaohf.com\/wp-content\/uploads\/2024\/10\/Kenter-Shackle.webp","datePublished":"2024-10-16T03:39:29+00:00","dateModified":"2025-11-13T01:03:13+00:00","breadcrumb":{"@id":"https:\/\/qingdaohf.com\/product\/kenter-shackle\/#breadcrumb"},"inLanguage":"lt-LT","potentialAction":[{"@type":"ReadAction","target":["https:\/\/qingdaohf.com\/product\/kenter-shackle\/"]}]},{"@type":"ImageObject","inLanguage":"lt-LT","@id":"https:\/\/qingdaohf.com\/product\/kenter-shackle\/#primaryimage","url":"https:\/\/qingdaohf.com\/wp-content\/uploads\/2024\/10\/Kenter-Shackle.webp","contentUrl":"https:\/\/qingdaohf.com\/wp-content\/uploads\/2024\/10\/Kenter-Shackle.webp","width":800,"height":800,"caption":"Kenter Shackle"},{"@type":"BreadcrumbList","@id":"https:\/\/qingdaohf.com\/product\/kenter-shackle\/#breadcrumb","itemListElement":[{"@type":"ListItem","position":1,"name":"Home","item":"https:\/\/qingdaohf.com\/"},{"@type":"ListItem","position":2,"name":"Concrete Forming Accessories and Rigging Hardware","item":"https:\/\/qingdaohf.com\/bg\/?page_id=944"},{"@type":"ListItem","position":3,"name":"Kenter Shackle"}]},{"@type":"WebSite","@id":"https:\/\/qingdaohf.com\/bg\/#website","url":"https:\/\/qingdaohf.com\/bg\/","name":"Concrete Form & Rigging Hardware Supplier","description":"","publisher":{"@id":"https:\/\/qingdaohf.com\/bg\/#organization"},"potentialAction":[{"@type":"SearchAction","target":{"@type":"EntryPoint","urlTemplate":"https:\/\/qingdaohf.com\/bg\/?s={search_term_string}"},"query-input":{"@type":"PropertyValueSpecification","valueRequired":true,"valueName":"search_term_string"}}],"inLanguage":"lt-LT"},{"@type":"Organization","@id":"https:\/\/qingdaohf.com\/bg\/#organization","name":"Qingdao H&F","url":"https:\/\/qingdaohf.com\/bg\/","logo":{"@type":"ImageObject","inLanguage":"lt-LT","@id":"https:\/\/qingdaohf.com\/bg\/#\/schema\/logo\/image\/","url":"https:\/\/qingdaohf.com\/wp-content\/uploads\/2022\/12\/cropped-HF-LOGO.png","contentUrl":"https:\/\/qingdaohf.com\/wp-content\/uploads\/2022\/12\/cropped-HF-LOGO.png","width":391,"height":249,"caption":"Qingdao H&F"},"image":{"@id":"https:\/\/qingdaohf.com\/bg\/#\/schema\/logo\/image\/"},"sameAs":["https:\/\/www.facebook.com\/qingdaohf"]}]}},"_links":{"self":[{"href":"https:\/\/qingdaohf.com\/lt\/wp-json\/wp\/v2\/product\/8065","targetHints":{"allow":["GET"]}}],"collection":[{"href":"https:\/\/qingdaohf.com\/lt\/wp-json\/wp\/v2\/product"}],"about":[{"href":"https:\/\/qingdaohf.com\/lt\/wp-json\/wp\/v2\/types\/product"}],"replies":[{"embeddable":true,"href":"https:\/\/qingdaohf.com\/lt\/wp-json\/wp\/v2\/comments?post=8065"}],"version-history":[{"count":3,"href":"https:\/\/qingdaohf.com\/lt\/wp-json\/wp\/v2\/product\/8065\/revisions"}],"predecessor-version":[{"id":8073,"href":"https:\/\/qingdaohf.com\/lt\/wp-json\/wp\/v2\/product\/8065\/revisions\/8073"}],"wp:featuredmedia":[{"embeddable":true,"href":"https:\/\/qingdaohf.com\/lt\/wp-json\/wp\/v2\/media\/8066"}],"wp:attachment":[{"href":"https:\/\/qingdaohf.com\/lt\/wp-json\/wp\/v2\/media?parent=8065"}],"wp:term":[{"taxonomy":"product_brand","embeddable":true,"href":"https:\/\/qingdaohf.com\/lt\/wp-json\/wp\/v2\/product_brand?post=8065"},{"taxonomy":"product_cat","embeddable":true,"href":"https:\/\/qingdaohf.com\/lt\/wp-json\/wp\/v2\/product_cat?post=8065"},{"taxonomy":"product_tag","embeddable":true,"href":"https:\/\/qingdaohf.com\/lt\/wp-json\/wp\/v2\/product_tag?post=8065"}],"curies":[{"name":"wp","href":"https:\/\/api.w.org\/{rel}","templated":true}]}}