{"id":8102,"date":"2024-10-24T16:40:15","date_gmt":"2024-10-24T08:40:15","guid":{"rendered":"http:\/\/qingdaohf.com\/?post_type=product&#038;p=8102"},"modified":"2025-11-13T09:03:13","modified_gmt":"2025-11-13T01:03:13","slug":"1x19-wire-rope","status":"publish","type":"product","link":"https:\/\/qingdaohf.com\/lt\/produktas\/1x19-vielinis-lynas\/","title":{"rendered":"1\u00d719 Vielos virv\u0117"},"content":{"rendered":"<h3><strong>I\u0161sami 1\u00d719 vielini\u0173 lyn\u0173 ap\u017evalga<\/strong><\/h3>\n<p>1\u00d719 vielinis lynas yra labai specializuotas plieninis trosas, skirtas darbams, kuriems reikia tvirtumo, minimalaus tempimo ir standumo. I\u0161 19 atskir\u0173 viel\u0173, susukt\u0173 \u012f vien\u0105 gij\u0105, sudaryta 1\u00d719 konstrukcija pasi\u017eymi puikiu atsparumu tempimui ir nedideliu lankstumu, tod\u0117l yra optimalus pasirinkimas \u012ftempimo sistemoms, kuriose labai svarbus konstrukcijos vientisumas. \u0160io tipo vieliniai lynai pla\u010diai naudojami \u012fvairiose pramon\u0117s \u0161akose, \u012fskaitant statyb\u0173, laivybos ir architekt\u016bros sektorius, d\u0117l geb\u0117jimo i\u0161laikyti stabilum\u0105 veikiant apkrovai be didelio pailg\u0117jimo.<\/p>\n<p>1\u00d719 vielinio lyno ypatyb\u0117 yra jo konstrukcija. Devyniolika viel\u0173 glaud\u017eiai suvyniotos \u012f vien\u0105 vientis\u0105 gij\u0105. Tokia konfig\u016bracija sukuria tros\u0105, kuris puikiai tinka statin\u0117ms reikm\u0117ms, kai stabilumas ir atsparumas tempimui yra svarbesni u\u017e lankstum\u0105. Tod\u0117l 1\u00d719 vieliniai lynai da\u017enai naudojami \u0161vartavimosi sistemose, jacht\u0173 takela\u017euose, kaban\u010diuose tiltuose ir konstrukcin\u0117se atramose, kur sistemos vientisumui labai svarbus tikslus \u012ftempimas.<\/p>\n<h3><strong>Med\u017eiagos sud\u0117tis ir jos privalumai<\/strong><\/h3>\n<p>1\u00d719 vielos lynas paprastai gaminamas i\u0161 ner\u016bdijan\u010dio arba cinkuoto plieno - dviej\u0173 med\u017eiag\u0173, kurios pasirenkamos d\u0117l savo tvirtumo ir atsparumo aplinkos veiksniams. Ner\u016bdijan\u010diojo plieno vielinis lynas labai vertinamas d\u0117l savo ypatingo atsparumo korozijai, ypa\u010d aplinkoje, kurioje da\u017enai susiduriama su dr\u0117gme ar s\u016briu vandeniu. Tod\u0117l ner\u016bdijan\u010dio plieno 1 \u00d7 19 vielinis lynas yra geriausias pasirinkimas j\u016brin\u0117je aplinkoje, kur jis da\u017enai naudojamas takeliams, atramoms, gelb\u0117jimo virv\u0117ms ir \u0161vartavimosi lynams.<\/p>\n<p>Kita vertus, cinkuotos plienin\u0117s vielos lynas yra ekonomi\u0161kai efektyvesnis sprendimas, kuris per daug nesuma\u017eina patvarumo. Cinkuota cinkuoto plieno danga padeda apsaugoti vielin\u012f lyn\u0105 nuo r\u016bd\u017ei\u0173 ir korozijos, tod\u0117l jis tinka naudoti pramon\u0117je ir statyboje, kur aplinka yra ma\u017eiau agresyvi, bet tvirtumas vis tiek yra svarbiausias. Nors cinkuotas plieninis vielinis lynas n\u0117ra toks atsparus korozijai kaip ner\u016bdijantis plienas, jis idealiai tinka naudoti lauke, pavyzd\u017eiui, pastat\u0173 atramose, kranuose ir ant\u017eemin\u0117se k\u0117limo sistemose.<\/p>\n<p>Tiek ner\u016bdijan\u010dio plieno, tiek cinkuoto plieno 1 \u00d7 19 vielini\u0173 lyn\u0173 versijos yra skirtos veikti esant didelei \u012ftampai, ner\u016bdijan\u010dio plieno r\u016b\u0161is labiau tinka at\u0161iaurioms s\u0105lygoms, o cinkuotas plienas yra nebrangi alternatyva ma\u017eiau reiklioms s\u0105lygoms.<\/p>\n<h3><strong>1\u00d719 vielos lin\u0173 dyd\u017eiai: nuo tiksli\u0173 iki sunki\u0173j\u0173<\/strong><\/h3>\n<p>Viena i\u0161 svarbiausi\u0173 1\u00d719 vielini\u0173 lyn\u0173 savybi\u0173 - platus galim\u0173 dyd\u017ei\u0173 asortimentas, kuri\u0173 kiekvienas sukurtas taip, kad atitikt\u0173 konkre\u010dius poreikius \u012fvairiose srityse. Ma\u017eesni dyd\u017eiai, pavyzd\u017eiui, 1\/16 colio, 3\/32 colio ir 1\/8 colio, paprastai naudojami toms reikm\u0117ms, kurioms reikia tikslumo ir kuri\u0173 vizualinis poveikis yra minimalus. \u0160i\u0173 ma\u017eesni\u0173 skersmen\u0173 vieliniai lynai yra pakankamai tvirti, ta\u010diau diskreti\u0161ki, tod\u0117l idealiai tinka architekt\u016briniams tur\u0117klams, jacht\u0173 takeliams ir kitoms \u012ftempimo sistemoms.<\/p>\n<p>Pavyzd\u017eiui, 1\/16 colio 1\u00d719 vielinis lynas da\u017enai naudojamas burlaivi\u0173 laikikliuose ir kituose j\u016briniuose takela\u017euose d\u0117l didelio tempimo stiprio, palyginti su ma\u017eu dyd\u017eiu. D\u0117l atsparumo korozijai, ypa\u010d ner\u016bdijan\u010diojo plieno, jis yra nepakei\u010diamas aplinkoje, kurioje nuolat susiduriama su s\u016briu vandeniu. Pana\u0161iai 3\/32 coli\u0173 1\u00d719 vielinis lynas da\u017enai naudojamas architekt\u016brini\u0173 projekt\u0173 \u012ftempimo sistemose, pavyzd\u017eiui, tur\u0117kl\u0173 ir lyn\u0173 baliustrad\u0173, kur jis u\u017etikrina ir strukt\u016brin\u012f vientisum\u0105, ir eleganti\u0161k\u0105, minimalistin\u0119 i\u0161vaizd\u0105.<\/p>\n<p>Pereinant prie didesni\u0173 dyd\u017ei\u0173, pavyzd\u017eiui, 1\/8 colio ir 5\/32 colio, vieliniai lynai tampa tinkami tvirtesniam naudojimui, pavyzd\u017eiui, pastat\u0173 konstrukcin\u0117ms atramoms arba kran\u0173 ir k\u0117limo \u012frangos laikan\u010diosioms sistemoms. 1\/8 colio 1 \u00d7 19 col. vielinis lynas pasi\u017eymi tvirtumo ir standumo pusiausvyra, tod\u0117l idealiai tinka tiek j\u016briniam, tiek pramoniniam naudojimui. D\u0117l storesnio skersmens jis gali atlaikyti didesnes apkrovas, tod\u0117l yra patikimas pasirinkimas \u012ftempimo sistemoms, kurioms reikia minimalaus i\u0161tempimo esant apkrovai.<\/p>\n<p>Didesnio dyd\u017eio 3\/8 coli\u0173 1 \u00d7 19 vielinis lynas yra skirtas didel\u0117ms apkrovoms, kai reikia i\u0161laikyti dideles apkrovas be pailg\u0117jimo. \u0160is dydis paprastai naudojamas kabantiems tiltams, sunkioms \u0161vartavimosi linijoms ir didel\u0117s apimties statyb\u0173 projektams, kai vielinio lyno stiprumas ir ilgaam\u017ei\u0161kumas yra labai svarb\u016bs sistemos saugumui ir stabilumui. 3\/8 colio vielinis lynas gali atlaikyti ekstremalias apkrovas, i\u0161laikydamas savo standum\u0105, tod\u0117l yra nepakei\u010diamas didel\u0117s \u012ftampos scenarijuose.<\/p>\n<h3><strong>1\u00d719 vielos virv\u0117s \u0161erdys: pluo\u0161tas ir plienas<\/strong><\/h3>\n<p>Vielinio lyno \u0161erdis atlieka lemiam\u0105 vaidmen\u012f jo veikimui, suteikdama konstrukcijai papildomo tvirtumo ir stabilumo. 1 \u00d7 19 vielini\u0173 lyn\u0173 du da\u017eniausiai pasitaikantys \u0161erdies tipai yra pluo\u0161tin\u0117 \u0161erdis (FC) ir nepriklausoma vielinio lyno \u0161erdis (IWRC). Kiekvienas \u0161erdies tipas suteikia unikali\u0173 privalum\u0173, priklausomai nuo konkre\u010di\u0173 taikymo reikalavim\u0173.<\/p>\n<p>Pluo\u0161to \u0161erdis (FC) paprastai gaminama i\u0161 sintetinio arba nat\u016bralaus pluo\u0161to, kuris suteikia vieliniam lynui tam tikro lankstumo. Nors pluo\u0161to \u0161erdys ne taip da\u017enai naudojamos 1 \u00d7 19 konfig\u016bracijose, kurios pasi\u017eymi standumu, jos gali b\u016bti naudingos tais atvejais, kai reikia nedidelio lankstumo arba kai lynas gali patirti sm\u016bgines apkrovas. Pluo\u0161to \u0161erdis veikia kaip amortizatorius, suma\u017eina staigi\u0173 j\u0117g\u0173 poveik\u012f ir apsaugo gijas nuo pernelyg didelio nusid\u0117v\u0117jimo.<\/p>\n<p>Nepriklausoma vielinio lyno \u0161erdis (IWRC) da\u017eniau naudojama 1 \u00d7 19 vieliniuose lynuose, ypa\u010d didesni\u0173 dyd\u017ei\u0173, pavyzd\u017eiui, 1\/8 colio, 5\/32 colio ir 3\/8 colio. IWRC sudaro pagrindinio lyno centre esantis ma\u017eesnis vielinis lynas, kuris suteikia konstrukcijai didel\u012f tvirtum\u0105 ir ilgaam\u017ei\u0161kum\u0105. Tokio tipo \u0161erdis ypa\u010d naudinga didel\u0117s \u012ftampos \u012frenginiuose, kur vielinis lynas turi atlaikyti gniu\u017edymo j\u0117gas arba dideles apkrovas nesideformuodamas. Plienin\u0117 \u0161erdis papildo nat\u016bral\u0173 1\u00d719 konstrukcijos standum\u0105, u\u017etikrindama, kad vielinis lynas i\u0161laikyt\u0173 savo form\u0105 ir eksploatacines savybes ekstremaliomis s\u0105lygomis.<\/p>\n<h3><strong>\u012evairi\u0173 1\u00d719 dyd\u017ei\u0173 vielini\u0173 lyn\u0173 pritaikymas<\/strong><\/h3>\n<p>1\u00d719 vielinio lyno universalum\u0105 atspindi platus jo pritaikymo spektras \u012fvairiose pramon\u0117s \u0161akose. J\u016br\u0173 pramon\u0117je ma\u017eesni dyd\u017eiai, pavyzd\u017eiui, 1\/16 colio ir 3\/32 colio, da\u017enai naudojami jacht\u0173 takela\u017euose ir burlaivi\u0173 laikikliuose, kur labai svarbus tvirtumas ir atsparumas korozijai. \u0160i\u0173 dyd\u017ei\u0173 ner\u016bdijan\u010diojo plieno versijos ypa\u010d vertinamos d\u0117l j\u0173 atsparumo s\u016briam vandeniui ir at\u0161iauriai j\u016brinei aplinkai.<\/p>\n<p>Architekt\u016briniame dizaine 1\/16 colio ir 1\/8 colio 1\u00d719 vieliniai lynai da\u017enai naudojami \u012ftempimo sistemose kabeliniams tur\u0117klams, fasadams ir kitiems konstrukciniams elementams, kuriems reikia ir tvirtumo, ir estetinio patrauklumo. D\u0117l \u0161varios, eleganti\u0161kos vielinio lyno i\u0161vaizdos ir geb\u0117jimo atlaikyti dideles apkrovas jis idealiai tinka \u0161iuolaikiniams architekt\u016briniams projektams, kuriuose pirmenyb\u0117 teikiama ir formai, ir funkcijai.<\/p>\n<p>Didesni dyd\u017eiai, pavyzd\u017eiui, 1\/8 colio, 5\/32 colio ir 3\/8 colio, naudojami sud\u0117tingesn\u0117se srityse, kur reikia i\u0161laikyti didesnes apkrovas. Statybose \u0161ie vieliniai lynai da\u017enai naudojami konstrukcin\u0117se atramose, kaban\u010diuose tiltuose ir laikan\u010diose sistemose, kur j\u0173 standumas ir tvirtumas u\u017etikrina projekto stabilum\u0105. 3\/8 colio 1\u00d719 plieninis lynas ypa\u010d pla\u010diai naudojamas sunkioms reikm\u0117ms, pavyzd\u017eiui, \u0161vartavimosi lynams ir pramoninei k\u0117limo \u012frangai, kur labai svarbu, kad jis i\u0161laikyt\u0173 form\u0105 esant dideliam \u012ftempimui.<\/p>\n<p>1\u00d719 vielini\u0173 lyn\u0173 naudojimas kranuose ir liftuose yra dar viena svarbi sritis, ypa\u010d didesnio skersmens. D\u0117l didelio tempiamojo stiprio ir ma\u017eo tempimo \u0161is lynas idealiai tinka skland\u017eioms ir kontroliuojamoms k\u0117limo operacijoms u\u017etikrinti. Plienin\u0117 \u0161erdis didesnio skersmens vieliniuose lynuose padidina j\u0173 patvarum\u0105 ir atsparum\u0105 gniu\u017edymui, u\u017etikrindama ilg\u0105 tarnavimo laik\u0105 sud\u0117tingoje pramonin\u0117je aplinkoje.<\/p>\n<h3><strong>Kod\u0117l 1\u00d719 vielos lynas yra geriausias pasirinkimas d\u0117l standumo ir stiprumo<\/strong><\/h3>\n<p>1\u00d719 vielinis lynas i\u0161siskiria plienini\u0173 lyn\u0173 pasaulyje savo standumo, tvirtumo ir ilgaam\u017ei\u0161kumo pusiausvyra. Glaudi 19 viel\u0173 konstrukcija vienoje gijoje u\u017etikrina, kad lynas i\u0161laiko savo form\u0105 veikiant apkrovai, tod\u0117l jis idealiai tinka statin\u0117ms reikm\u0117ms, kai reikia suma\u017einti pailg\u0117jim\u0105. D\u0117l to 1\u00d719 vielinis lynas yra pageidaujamas pasirinkimas \u012fvairiose pramon\u0117s \u0161akose - nuo laivybos ir statybos iki architekt\u016bros ir pramoninio k\u0117limo.<\/p>\n<p>Kadangi yra \u012fvairi\u0173 dyd\u017ei\u0173, nuo 1\/16 iki 3\/8 colio, naudotojai gali pasirinkti tinkam\u0105 skersmen\u012f pagal savo konkre\u010dius poreikius. Nesvarbu, ar tai b\u016bt\u0173 tikslioji \u012franga, pavyzd\u017eiui, jacht\u0173 takela\u017eas, ar sunkiosios paskirties \u012franga, pavyzd\u017eiui, pakabinami tiltai, 1 \u00d7 19 vielinis lynas u\u017etikrina reikiam\u0105 tvirtum\u0105 ir stabilum\u0105. Jo atsparumas aplinkos veiksniams, ypa\u010d ner\u016bdijan\u010dio plieno pavidalo, u\u017etikrina ilgalaik\u012f veikim\u0105 sud\u0117tingomis s\u0105lygomis.<\/p>\n<p>Galiausiai, 1\u00d719 vielinis lynas i\u0161lieka kertiniu akmeniu pramon\u0117s \u0161akose, kuriose reikalingos didelio na\u0161umo \u012ftempimo sistemos. D\u0117l savo i\u0161skirtinio stiprumo, ma\u017eo tempimo ir plataus dyd\u017ei\u0173 asortimento jis yra b\u016btinas komponentas tiek lengvos, tiek sunkios apkrovos darbams, u\u017etikrinantis patikimum\u0105 ir ramyb\u0119 net pa\u010diose sud\u0117tingiausiose s\u0105lygose.<\/p>","protected":false},"excerpt":{"rendered":"<p>1\u00d719 vielinis lynas, kur\u012f sudaro 19 atskir\u0173 plienini\u0173 gij\u0173, susukt\u0173 \u012f vien\u0105 tvirt\u0105 kabel\u012f, yra \u012fvairi\u0173 dyd\u017ei\u0173, \u012fskaitant 1\/16 colio, 3\/32 colio, 1\/8 colio, 5\/32 colio ir didesnio skersmens, pavyzd\u017eiui, 3\/8 colio. Paprastai gaminami i\u0161 ner\u016bdijan\u010dio arba cinkuoto plieno, jie gars\u0117ja savo standumu ir dideliu tempimo stipriu, o j\u0173 pailg\u0117jimas veikiant apkrovai yra minimalus. \u0160is vielinis lynas idealiai tinka \u012ftempimui ir apkrovas laikan\u010dioms konstrukcijoms statyb\u0173, laivybos ir architekt\u016bros pramon\u0117je, galima rinktis tiek pluo\u0161tines, tiek plienines \u0161erdis.<\/p>","protected":false},"featured_media":8103,"comment_status":"open","ping_status":"closed","template":"","meta":{"site-sidebar-layout":"default","site-content-layout":"","ast-site-content-layout":"default","site-content-style":"default","site-sidebar-style":"default","ast-global-header-display":"","ast-banner-title-visibility":"","ast-main-header-display":"","ast-hfb-above-header-display":"","ast-hfb-below-header-display":"","ast-hfb-mobile-header-display":"","site-post-title":"","ast-breadcrumbs-content":"","ast-featured-img":"","footer-sml-layout":"","theme-transparent-header-meta":"default","adv-header-id-meta":"","stick-header-meta":"default","header-above-stick-meta":"","header-main-stick-meta":"","header-below-stick-meta":"","astra-migrate-meta-layouts":"set","ast-page-background-enabled":"default","ast-page-background-meta":{"desktop":{"background-color":"","background-image":"","background-repeat":"repeat","background-position":"center center","background-size":"auto","background-attachment":"scroll","background-type":"","background-media":"","overlay-type":"","overlay-color":"","overlay-opacity":"","overlay-gradient":""},"tablet":{"background-color":"","background-image":"","background-repeat":"repeat","background-position":"center center","background-size":"auto","background-attachment":"scroll","background-type":"","background-media":"","overlay-type":"","overlay-color":"","overlay-opacity":"","overlay-gradient":""},"mobile":{"background-color":"","background-image":"","background-repeat":"repeat","background-position":"center center","background-size":"auto","background-attachment":"scroll","background-type":"","background-media":"","overlay-type":"","overlay-color":"","overlay-opacity":"","overlay-gradient":""}},"ast-content-background-meta":{"desktop":{"background-color":"var(--ast-global-color-5)","background-image":"","background-repeat":"repeat","background-position":"center center","background-size":"auto","background-attachment":"scroll","background-type":"","background-media":"","overlay-type":"","overlay-color":"","overlay-opacity":"","overlay-gradient":""},"tablet":{"background-color":"var(--ast-global-color-5)","background-image":"","background-repeat":"repeat","background-position":"center center","background-size":"auto","background-attachment":"scroll","background-type":"","background-media":"","overlay-type":"","overlay-color":"","overlay-opacity":"","overlay-gradient":""},"mobile":{"background-color":"var(--ast-global-color-5)","background-image":"","background-repeat":"repeat","background-position":"center center","background-size":"auto","background-attachment":"scroll","background-type":"","background-media":"","overlay-type":"","overlay-color":"","overlay-opacity":"","overlay-gradient":""}}},"product_brand":[],"product_cat":[37],"product_tag":[89],"class_list":{"0":"post-8102","1":"product","2":"type-product","3":"status-publish","4":"has-post-thumbnail","6":"product_cat-wire-rope","7":"product_tag-wire-rope","8":"desktop-align-left","9":"tablet-align-left","10":"mobile-align-left","11":"ast-product-gallery-layout-horizontal-slider","12":"ast-product-gallery-with-no-image","13":"ast-product-tabs-layout-horizontal","15":"first","16":"instock","17":"shipping-taxable","18":"purchasable","19":"product-type-simple"},"yoast_head":"<!-- This site is optimized with the Yoast SEO plugin v25.2 - https:\/\/yoast.com\/wordpress\/plugins\/seo\/ -->\n<title>1x19 Wire Rope<\/title>\n<meta name=\"description\" content=\"1x19 wire rope, consisting of 19 individual steel strands twisted into a single, strong cable, is available in a variety of sizes, including 1\/16 inch, 3\/32 inch, 1\/8 inch, 5\/32 inch, and up to larger diameters like 3\/8 inch.\" \/>\n<meta name=\"robots\" content=\"index, follow, max-snippet:-1, max-image-preview:large, max-video-preview:-1\" \/>\n<link rel=\"canonical\" href=\"https:\/\/qingdaohf.com\/lt\/produktas\/1x19-vielinis-lynas\/\" \/>\n<meta property=\"og:locale\" content=\"lt_LT\" \/>\n<meta property=\"og:type\" content=\"article\" \/>\n<meta property=\"og:title\" content=\"1x19 Wire Rope\" \/>\n<meta property=\"og:description\" content=\"1x19 wire rope, consisting of 19 individual steel strands twisted into a single, strong cable, is available in a variety of sizes, including 1\/16 inch, 3\/32 inch, 1\/8 inch, 5\/32 inch, and up to larger diameters like 3\/8 inch.\" \/>\n<meta property=\"og:url\" content=\"https:\/\/qingdaohf.com\/lt\/produktas\/1x19-vielinis-lynas\/\" \/>\n<meta property=\"og:site_name\" content=\"Concrete Form &amp; Rigging Hardware Supplier\" \/>\n<meta property=\"article:publisher\" content=\"https:\/\/www.facebook.com\/qingdaohf\" \/>\n<meta property=\"article:modified_time\" content=\"2025-11-13T01:03:13+00:00\" \/>\n<meta property=\"og:image\" content=\"https:\/\/qingdaohf.com\/wp-content\/uploads\/2024\/10\/1x19s_2.webp\" \/>\n\t<meta property=\"og:image:width\" content=\"787\" \/>\n\t<meta property=\"og:image:height\" content=\"787\" \/>\n\t<meta property=\"og:image:type\" content=\"image\/webp\" \/>\n<meta name=\"twitter:card\" content=\"summary_large_image\" \/>\n<meta name=\"twitter:label1\" content=\"Est. reading time\" \/>\n\t<meta name=\"twitter:data1\" content=\"7 minut\u0117s\" \/>\n<script type=\"application\/ld+json\" class=\"yoast-schema-graph\">{\"@context\":\"https:\/\/schema.org\",\"@graph\":[{\"@type\":\"WebPage\",\"@id\":\"https:\/\/qingdaohf.com\/product\/1x19-wire-rope\/\",\"url\":\"https:\/\/qingdaohf.com\/product\/1x19-wire-rope\/\",\"name\":\"1x19 Wire Rope\",\"isPartOf\":{\"@id\":\"https:\/\/qingdaohf.com\/bg\/#website\"},\"primaryImageOfPage\":{\"@id\":\"https:\/\/qingdaohf.com\/product\/1x19-wire-rope\/#primaryimage\"},\"image\":{\"@id\":\"https:\/\/qingdaohf.com\/product\/1x19-wire-rope\/#primaryimage\"},\"thumbnailUrl\":\"https:\/\/qingdaohf.com\/wp-content\/uploads\/2024\/10\/1x19s_2.webp\",\"datePublished\":\"2024-10-24T08:40:15+00:00\",\"dateModified\":\"2025-11-13T01:03:13+00:00\",\"description\":\"1x19 wire rope, consisting of 19 individual steel strands twisted into a single, strong cable, is available in a variety of sizes, including 1\/16 inch, 3\/32 inch, 1\/8 inch, 5\/32 inch, and up to larger diameters like 3\/8 inch.\",\"breadcrumb\":{\"@id\":\"https:\/\/qingdaohf.com\/product\/1x19-wire-rope\/#breadcrumb\"},\"inLanguage\":\"lt-LT\",\"potentialAction\":[{\"@type\":\"ReadAction\",\"target\":[\"https:\/\/qingdaohf.com\/product\/1x19-wire-rope\/\"]}]},{\"@type\":\"ImageObject\",\"inLanguage\":\"lt-LT\",\"@id\":\"https:\/\/qingdaohf.com\/product\/1x19-wire-rope\/#primaryimage\",\"url\":\"https:\/\/qingdaohf.com\/wp-content\/uploads\/2024\/10\/1x19s_2.webp\",\"contentUrl\":\"https:\/\/qingdaohf.com\/wp-content\/uploads\/2024\/10\/1x19s_2.webp\",\"width\":787,\"height\":787,\"caption\":\"1x19 wire rope\"},{\"@type\":\"BreadcrumbList\",\"@id\":\"https:\/\/qingdaohf.com\/product\/1x19-wire-rope\/#breadcrumb\",\"itemListElement\":[{\"@type\":\"ListItem\",\"position\":1,\"name\":\"Home\",\"item\":\"https:\/\/qingdaohf.com\/\"},{\"@type\":\"ListItem\",\"position\":2,\"name\":\"Concrete Forming Accessories and Rigging Hardware\",\"item\":\"https:\/\/qingdaohf.com\/bg\/?page_id=944\"},{\"@type\":\"ListItem\",\"position\":3,\"name\":\"1&#215;19 Wire Rope\"}]},{\"@type\":\"WebSite\",\"@id\":\"https:\/\/qingdaohf.com\/bg\/#website\",\"url\":\"https:\/\/qingdaohf.com\/bg\/\",\"name\":\"Concrete Form & Rigging Hardware Supplier\",\"description\":\"\",\"publisher\":{\"@id\":\"https:\/\/qingdaohf.com\/bg\/#organization\"},\"potentialAction\":[{\"@type\":\"SearchAction\",\"target\":{\"@type\":\"EntryPoint\",\"urlTemplate\":\"https:\/\/qingdaohf.com\/bg\/?s={search_term_string}\"},\"query-input\":{\"@type\":\"PropertyValueSpecification\",\"valueRequired\":true,\"valueName\":\"search_term_string\"}}],\"inLanguage\":\"lt-LT\"},{\"@type\":\"Organization\",\"@id\":\"https:\/\/qingdaohf.com\/bg\/#organization\",\"name\":\"Qingdao H&F\",\"url\":\"https:\/\/qingdaohf.com\/bg\/\",\"logo\":{\"@type\":\"ImageObject\",\"inLanguage\":\"lt-LT\",\"@id\":\"https:\/\/qingdaohf.com\/bg\/#\/schema\/logo\/image\/\",\"url\":\"https:\/\/qingdaohf.com\/wp-content\/uploads\/2022\/12\/cropped-HF-LOGO.png\",\"contentUrl\":\"https:\/\/qingdaohf.com\/wp-content\/uploads\/2022\/12\/cropped-HF-LOGO.png\",\"width\":391,\"height\":249,\"caption\":\"Qingdao H&F\"},\"image\":{\"@id\":\"https:\/\/qingdaohf.com\/bg\/#\/schema\/logo\/image\/\"},\"sameAs\":[\"https:\/\/www.facebook.com\/qingdaohf\"]}]}<\/script>\n<!-- \/ Yoast SEO plugin. -->","yoast_head_json":{"title":"1x19 Wire Rope","description":"1x19 wire rope, consisting of 19 individual steel strands twisted into a single, strong cable, is available in a variety of sizes, including 1\/16 inch, 3\/32 inch, 1\/8 inch, 5\/32 inch, and up to larger diameters like 3\/8 inch.","robots":{"index":"index","follow":"follow","max-snippet":"max-snippet:-1","max-image-preview":"max-image-preview:large","max-video-preview":"max-video-preview:-1"},"canonical":"https:\/\/qingdaohf.com\/lt\/produktas\/1x19-vielinis-lynas\/","og_locale":"lt_LT","og_type":"article","og_title":"1x19 Wire Rope","og_description":"1x19 wire rope, consisting of 19 individual steel strands twisted into a single, strong cable, is available in a variety of sizes, including 1\/16 inch, 3\/32 inch, 1\/8 inch, 5\/32 inch, and up to larger diameters like 3\/8 inch.","og_url":"https:\/\/qingdaohf.com\/lt\/produktas\/1x19-vielinis-lynas\/","og_site_name":"Concrete Form &amp; Rigging Hardware Supplier","article_publisher":"https:\/\/www.facebook.com\/qingdaohf","article_modified_time":"2025-11-13T01:03:13+00:00","og_image":[{"width":787,"height":787,"url":"https:\/\/qingdaohf.com\/wp-content\/uploads\/2024\/10\/1x19s_2.webp","type":"image\/webp"}],"twitter_card":"summary_large_image","twitter_misc":{"Est. reading time":"7 minut\u0117s"},"schema":{"@context":"https:\/\/schema.org","@graph":[{"@type":"WebPage","@id":"https:\/\/qingdaohf.com\/product\/1x19-wire-rope\/","url":"https:\/\/qingdaohf.com\/product\/1x19-wire-rope\/","name":"1x19 Wire Rope","isPartOf":{"@id":"https:\/\/qingdaohf.com\/bg\/#website"},"primaryImageOfPage":{"@id":"https:\/\/qingdaohf.com\/product\/1x19-wire-rope\/#primaryimage"},"image":{"@id":"https:\/\/qingdaohf.com\/product\/1x19-wire-rope\/#primaryimage"},"thumbnailUrl":"https:\/\/qingdaohf.com\/wp-content\/uploads\/2024\/10\/1x19s_2.webp","datePublished":"2024-10-24T08:40:15+00:00","dateModified":"2025-11-13T01:03:13+00:00","description":"1x19 wire rope, consisting of 19 individual steel strands twisted into a single, strong cable, is available in a variety of sizes, including 1\/16 inch, 3\/32 inch, 1\/8 inch, 5\/32 inch, and up to larger diameters like 3\/8 inch.","breadcrumb":{"@id":"https:\/\/qingdaohf.com\/product\/1x19-wire-rope\/#breadcrumb"},"inLanguage":"lt-LT","potentialAction":[{"@type":"ReadAction","target":["https:\/\/qingdaohf.com\/product\/1x19-wire-rope\/"]}]},{"@type":"ImageObject","inLanguage":"lt-LT","@id":"https:\/\/qingdaohf.com\/product\/1x19-wire-rope\/#primaryimage","url":"https:\/\/qingdaohf.com\/wp-content\/uploads\/2024\/10\/1x19s_2.webp","contentUrl":"https:\/\/qingdaohf.com\/wp-content\/uploads\/2024\/10\/1x19s_2.webp","width":787,"height":787,"caption":"1x19 wire rope"},{"@type":"BreadcrumbList","@id":"https:\/\/qingdaohf.com\/product\/1x19-wire-rope\/#breadcrumb","itemListElement":[{"@type":"ListItem","position":1,"name":"Home","item":"https:\/\/qingdaohf.com\/"},{"@type":"ListItem","position":2,"name":"Concrete Forming Accessories and Rigging Hardware","item":"https:\/\/qingdaohf.com\/bg\/?page_id=944"},{"@type":"ListItem","position":3,"name":"1&#215;19 Wire Rope"}]},{"@type":"WebSite","@id":"https:\/\/qingdaohf.com\/bg\/#website","url":"https:\/\/qingdaohf.com\/bg\/","name":"Concrete Form & Rigging Hardware Supplier","description":"","publisher":{"@id":"https:\/\/qingdaohf.com\/bg\/#organization"},"potentialAction":[{"@type":"SearchAction","target":{"@type":"EntryPoint","urlTemplate":"https:\/\/qingdaohf.com\/bg\/?s={search_term_string}"},"query-input":{"@type":"PropertyValueSpecification","valueRequired":true,"valueName":"search_term_string"}}],"inLanguage":"lt-LT"},{"@type":"Organization","@id":"https:\/\/qingdaohf.com\/bg\/#organization","name":"Qingdao H&F","url":"https:\/\/qingdaohf.com\/bg\/","logo":{"@type":"ImageObject","inLanguage":"lt-LT","@id":"https:\/\/qingdaohf.com\/bg\/#\/schema\/logo\/image\/","url":"https:\/\/qingdaohf.com\/wp-content\/uploads\/2022\/12\/cropped-HF-LOGO.png","contentUrl":"https:\/\/qingdaohf.com\/wp-content\/uploads\/2022\/12\/cropped-HF-LOGO.png","width":391,"height":249,"caption":"Qingdao H&F"},"image":{"@id":"https:\/\/qingdaohf.com\/bg\/#\/schema\/logo\/image\/"},"sameAs":["https:\/\/www.facebook.com\/qingdaohf"]}]}},"_links":{"self":[{"href":"https:\/\/qingdaohf.com\/lt\/wp-json\/wp\/v2\/product\/8102","targetHints":{"allow":["GET"]}}],"collection":[{"href":"https:\/\/qingdaohf.com\/lt\/wp-json\/wp\/v2\/product"}],"about":[{"href":"https:\/\/qingdaohf.com\/lt\/wp-json\/wp\/v2\/types\/product"}],"replies":[{"embeddable":true,"href":"https:\/\/qingdaohf.com\/lt\/wp-json\/wp\/v2\/comments?post=8102"}],"version-history":[{"count":2,"href":"https:\/\/qingdaohf.com\/lt\/wp-json\/wp\/v2\/product\/8102\/revisions"}],"predecessor-version":[{"id":8105,"href":"https:\/\/qingdaohf.com\/lt\/wp-json\/wp\/v2\/product\/8102\/revisions\/8105"}],"wp:featuredmedia":[{"embeddable":true,"href":"https:\/\/qingdaohf.com\/lt\/wp-json\/wp\/v2\/media\/8103"}],"wp:attachment":[{"href":"https:\/\/qingdaohf.com\/lt\/wp-json\/wp\/v2\/media?parent=8102"}],"wp:term":[{"taxonomy":"product_brand","embeddable":true,"href":"https:\/\/qingdaohf.com\/lt\/wp-json\/wp\/v2\/product_brand?post=8102"},{"taxonomy":"product_cat","embeddable":true,"href":"https:\/\/qingdaohf.com\/lt\/wp-json\/wp\/v2\/product_cat?post=8102"},{"taxonomy":"product_tag","embeddable":true,"href":"https:\/\/qingdaohf.com\/lt\/wp-json\/wp\/v2\/product_tag?post=8102"}],"curies":[{"name":"wp","href":"https:\/\/api.w.org\/{rel}","templated":true}]}}