{"id":8106,"date":"2024-10-24T16:56:39","date_gmt":"2024-10-24T08:56:39","guid":{"rendered":"http:\/\/qingdaohf.com\/?post_type=product&#038;p=8106"},"modified":"2025-11-13T09:02:55","modified_gmt":"2025-11-13T01:02:55","slug":"3x7-wire-rope","status":"publish","type":"product","link":"https:\/\/qingdaohf.com\/lt\/produktas\/3x7-vielinis-lynas\/","title":{"rendered":"3\u00d77 vielos lynas"},"content":{"rendered":"<h3><strong>Supratimas apie 3\u00d77 vielos lynus<\/strong><\/h3>\n<p>3\u00d77 vielinis lynas - tai universali ir lanksti kabelio konstrukcija, pla\u010diai naudojama \u012fvairiose pramon\u0117s \u0161akose, kuriose reikia ir patvarumo, ir tam tikro judrumo. 3\u00d77 vielinio lyno konfig\u016bracija, sudaryta i\u0161 trij\u0173 pagrindini\u0173 gij\u0173, kuri\u0173 kiekvien\u0105 sudaro septynios atskiros vielos, u\u017etikrina ideali\u0105 stiprumo ir lankstumo pusiausvyr\u0105. \u0160io tipo vieliniai lynai ypa\u010d naudingi tais atvejais, kai nuolat vyksta lenkimas, \u012ftempimas ir jud\u0117jimas, pavyzd\u017eiui, valdymo kabeliuose, j\u016brin\u0117se linijose ir net pramoginiais tikslais, pavyzd\u017eiui, \u017evejyboje.<\/p>\n<p>Unikali vielinio lyno strukt\u016bra, sudaryta i\u0161 trij\u0173 aplink \u0161erd\u012f suvyniot\u0173 gij\u0173, leid\u017eia jam i\u0161likti lanks\u010diam ir kartu pasi\u017eym\u0117ti dideliu atsparumu tempimui. Tod\u0117l jis puikiai tinka tais atvejais, kai vielinis lynas turi lankstytis arba jud\u0117ti aplink skriemulius ar kitas sistemas, ta\u010diau i\u0161laikyti strukt\u016brin\u012f vientisum\u0105. Palyginti nedidelis skersmuo, palyginti su standesn\u0117mis konfig\u016bracijomis, pavyzd\u017eiui, 1 \u00d7 19, padidina jo lankstum\u0105, tod\u0117l jis puikiai tinka nedidel\u0117s apkrovos u\u017eduotims, kai tikimasi tam tikro jud\u0117jimo, ta\u010diau tr\u016bkimo ar per didelio i\u0161tempimo negalima toleruoti.<\/p>\n<p>Paprastai 3\u00d77 vieliniai lynai gaminami i\u0161 ner\u016bdijan\u010diojo arba cinkuoto plieno ir yra pritaikyti \u012fvairioms aplinkos s\u0105lygoms. Ner\u016bdijan\u010dio plieno versijos pasi\u017eymi ypatingu atsparumu korozijai, tod\u0117l idealiai tinka naudoti aplinkoje, kurioje lynas gali b\u016bti veikiamas vandens, druskos ar chemini\u0173 med\u017eiag\u0173. Nors cinkuotas plienas \u0161iek tiek ma\u017eiau atsparus korozijai nei ner\u016bdijantis plienas, jis puikiai apsaugo vidutinio korozijos poveikio aplinkoje ir da\u017enai pasirenkamas vykdant ekonomi\u0161kai jautrius projektus.<\/p>\n<h3><strong>Med\u017eiagos sud\u0117tis: Ner\u016bdijantis plienas ir cinkuotas plienas<\/strong><\/h3>\n<p>3\u00d77 vielinio lyno med\u017eiagos sud\u0117tis yra labai svarbi jo eksploatacin\u0117ms savyb\u0117ms ir ilgaam\u017ei\u0161kumui. Ner\u016bdijantis plienas paprastai naudojamas tose srityse, kuriose svarbiausia atsparumas korozijai. Tokioje aplinkoje, kaip antai j\u016broje ar chemijos gamyklose, ner\u016bdijan\u010diojo plieno 3\u00d77 vielinis lynas gali atlaikyti dr\u0117gm\u0117s, s\u016braus vandens ir korozini\u0173 med\u017eiag\u0173 poveik\u012f ir laikui b\u0117gant nesugesti. D\u0117l savo atsparumo r\u016bdims jis ypa\u010d vertingas tokiose aplinkose, kuriose kit\u0173 r\u016b\u0161i\u0173 plienas greitai suyra.<\/p>\n<p>Kita vertus, cinkuotas plieninis 3 \u00d7 7 vielos lynas padengtas cinko sluoksniu, kad b\u016bt\u0173 apsaugotas nuo korozijos. Nors cinkuota danga n\u0117ra tokia atspari r\u016bdims kaip ner\u016bdijantis plienas, ji gerokai padidina vielinio lyno ilgaam\u017ei\u0161kum\u0105 lauko aplinkoje, kur jis gali b\u016bti veikiamas gamtos veiksni\u0173. Cinkuotas plienas da\u017enai naudojamas statybose, pramon\u0117je ir \u017eem\u0117s \u016bkyje, kur kyla problem\u0173 d\u0117l ilgalaikio dr\u0117gm\u0117s poveikio, ta\u010diau lynas n\u0117ra nuolat panardinamas \u012f vanden\u012f ar veikiamas labai korozini\u0173 med\u017eiag\u0173.<\/p>\n<p>Tiek ner\u016bdijan\u010dio plieno, tiek cinkuoto plieno vieliniai lynai yra sukurti taip, kad i\u0161laikyt\u0173 savo savybes esant nedidel\u0117ms ir vidutin\u0117ms apkrovoms, o pagrindinis skirtumas yra j\u0173 atsparumo korozijai lygis. Renkantis i\u0161 \u0161i\u0173 dviej\u0173 med\u017eiag\u0173, svarbu atsi\u017evelgti \u012f konkre\u010dias aplinkos s\u0105lygas, kuriomis vielinis lynas bus naudojamas, taip pat \u012f s\u0105naudas. Ner\u016bdijantis plienas pasi\u017eymi geriausiu ilgalaikiu patvarumu at\u0161iauriomis s\u0105lygomis, o cinkuotas plienas yra ekonomi\u0161kas sprendimas ma\u017eiau reiklioje aplinkoje.<\/p>\n<h3><strong>\u012eprasti dyd\u017eiai ir i\u0161samios specifikacijos<\/strong><\/h3>\n<p>3\u00d77 vieliniai lynai gali b\u016bti \u012fvairi\u0173 skersmen\u0173, kuri\u0173 kiekvienas tinka skirtingoms reikm\u0117ms, atsi\u017evelgiant \u012f reikaling\u0105 stiprum\u0105 ir lankstum\u0105. Vienas i\u0161 labiausiai paplitusi\u0173 dyd\u017ei\u0173 yra 1\/16 colio, kuris pla\u010diai naudojamas nedidel\u0117s apkrovos reikm\u0117ms, pavyzd\u017eiui, valdymo lynams, gerv\u0117ms ir nedidel\u0117ms takela\u017eo sistemoms. Ma\u017eas 1\/16 colio skersmuo leid\u017eia u\u017etikrinti lankstum\u0105, tod\u0117l 1\/16 colio vielinis lynas idealiai tinka tais atvejais, kai trosas turi jud\u0117ti per skriemulius ar kitas lenkimo sistemas be didelio nusid\u0117v\u0117jimo ar nuovargio.<\/p>\n<p>Pavyzd\u017eiui, 1\/16 colio 3\u00d77 vielinis lynas da\u017enai naudojamas \u012fvairi\u0173 mechanini\u0173 sistem\u0173 valdymo kabeliams, kur b\u016btinas tikslus jud\u0117jimas ir ilgaam\u017ei\u0161kumas. Ner\u016bdijan\u010diojo plieno versija ypa\u010d gerai tinka j\u016brin\u0117ms reikm\u0117ms, kur labai svarbus atsparumas r\u016bdims ir korozijai. Kita vertus, 1\/16 colio cinkuoto plieno vielinis lynas yra ekonomi\u0161kesnis sprendimas projektams, kurie yra veikiami vidutinio sunkumo lauko s\u0105lyg\u0173, ta\u010diau kuriems nereikalingas ypatingas ner\u016bdijan\u010dio plieno atsparumas korozijai.<\/p>\n<p>3\/32 coli\u0173 3\u00d77 plieninis lynas, kurio dydis did\u0117ja, u\u017etikrina didesn\u012f tvirtum\u0105, ta\u010diau i\u0161laiko lankstum\u0105. \u0160is dydis da\u017enai pasirenkamas lengvoms k\u0117limo u\u017eduotims, kai reikia \u0161iek tiek lankstumo, bet apkrovos laikomoji galia yra \u0161iek tiek didesn\u0117. 3\/32 col. vielinio lyno taikymo sritys - lengvos takela\u017eo sistemos, pramonini\u0173 ma\u0161in\u0173 valdymo lynai ir pramogin\u0117 \u012franga, pavyzd\u017eiui, u\u017etraukiamosios virv\u0117s ar \u017evejybos lynai, kai lynas turi lankstytis neprarandant tvirtumo.<\/p>\n<p>Pereinant prie didesni\u0173 skersmen\u0173, pavyzd\u017eiui, 1\/8 colio ir 5\/32 colio, padid\u0117ja vielinio lyno geb\u0117jimas atlaikyti didesnes apkrovas, ta\u010diau jis vis dar i\u0161lieka pakankamai lankstus, kad b\u016bt\u0173 naudingas dinami\u0161kiems darbams. Pavyzd\u017eiui, 1\/8 colio 3\u00d77 vielinis lynas paprastai naudojamas tokiose srityse kaip gerv\u0117s, skriemuliai ir vir\u0161utin\u0117s k\u0117limo sistemos, kur lynas turi laisvai jud\u0117ti ir kartu i\u0161laikyti svor\u012f. Ner\u016bdijan\u010diojo plieno 1\/8 colio vielinio lyno versija da\u017enai naudojama j\u016brin\u0117je aplinkoje, o cinkuotas plienas - lauko statybose ir \u017eem\u0117s \u016bkio \u012frangoje.<\/p>\n<p>Didesnio dyd\u017eio 3\/8 coli\u0173 3\u00d77 vielinis lynas skirtas sud\u0117tingesn\u0117ms u\u017eduotims, kai b\u016btinas ir stiprumas, ir lankstumas. Tokio dyd\u017eio lynas da\u017enai naudojamas didesn\u0117se takela\u017eo sistemose, pramonin\u0117se ma\u0161inose ir net kai kuri\u0173 tip\u0173 kabamuosiuose tiltuose ar liftuose, kur lynas turi lenktis aplink skriemulius ar skriemulius nei\u0161sitempdamas ir nenutr\u016bkdamas. 3\/8 colio vielinis lynas, ypa\u010d i\u0161 cinkuoto plieno, m\u0117gstamas lauko statybose ir \u017eem\u0117s \u016bkio pramon\u0117je, kur jis turi atlaikyti gamtos stichij\u0173 poveik\u012f ir kartu i\u0161laikyti dideles apkrovas.<\/p>\n<h3><strong>Pagrindiniai tipai: Pluo\u0161to \u0161erdis ir plieno \u0161erdis.<\/strong><\/h3>\n<p>Vielinio lyno \u0161erdis yra labai svarbus elementas, turintis \u012ftakos jo eksploatacin\u0117ms savyb\u0117ms, ypa\u010d lankstumui ir stiprumui. 3\u00d77 vieliniai lynai paprastai gaminami su dviej\u0173 pagrindini\u0173 tip\u0173 \u0161erdimis: pluo\u0161to \u0161erdimis (FC) ir nepriklausomomis vielini\u0173 lyn\u0173 \u0161erdimis (IWRC). Kiekvienas \u0161erdies tipas suteikia tam tikr\u0173 privalum\u0173, priklausomai nuo taikymo srities ir s\u0105lyg\u0173, kuriomis vielinis lynas bus naudojamas.<\/p>\n<p>Pluo\u0161to \u0161erdis (FC) sudaryta i\u0161 nat\u016bralaus arba sintetinio pluo\u0161to ir paprastai naudojama tais atvejais, kai lankstumas yra svarbesnis u\u017e stiprum\u0105. Pluo\u0161to \u0161erdis \u0161iek tiek amortizuoja tarp vielos gij\u0173, o tai padeda absorbuoti sm\u016bgines apkrovas ir ma\u017eina vielos nusid\u0117v\u0117jim\u0105. Pluo\u0161to \u0161erdis da\u017eniau sutinkama lengvesniuose 3\u00d77 vieliniuose lanuose, pavyzd\u017eiui, naudojamuose valdymo kabeliuose, kai sistemos skland\u017eiam veikimui svarbus lankstumas ir tam tikras paslankumas.<\/p>\n<p>Kita vertus, nepriklausom\u0105 vielinio lyno \u0161erd\u012f (IWRC) sudaro atskiras vielinis lynas, kuris atlieka \u0161erdies funkcij\u0105. \u0160i plienin\u0117 \u0161erdis yra gerokai tvirtesn\u0117 ir patvaresn\u0117 nei pluo\u0161tin\u0117 \u0161erdis, tod\u0117l idealiai tinka tais atvejais, kai vielinis lynas bus veikiamas didelio \u012ftempimo ar dideli\u0173 apkrov\u0173. IWRC taip pat padeda i\u0161laikyti vielinio lyno strukt\u016brin\u012f vientisum\u0105, ypa\u010d didesnio skersmens, pavyzd\u017eiui, 1\/8 ir 3\/8 colio, kai labai svarbu, kad jis atlaikyt\u0173 gniu\u017edymo j\u0117gas.<\/p>\n<p>3 \u00d7 7 vielinis lynas su IWRC da\u017enai pasirenkamas sunkesniems darbams, pavyzd\u017eiui, pramoniniam k\u0117limui, kran\u0173 darbams ir takela\u017eo sistemoms, kur papildomas plienin\u0117s \u0161erdies stiprumas ir ilgaam\u017ei\u0161kumas u\u017etikrina, kad vielinis lynas gali atlaikyti didel\u0117s apkrovos aplink\u0105 nesideformuodamas ir nesul\u016b\u017edamas.<\/p>\n<h3><strong>3\u00d77 vielini\u0173 lyn\u0173 taikymas \u012fvairiose pramon\u0117s \u0161akose<\/strong><\/h3>\n<p>3\u00d77 vielini\u0173 lyn\u0173 pritaikymo sritys yra labai \u012fvairios - jos apima \u012fvairias pramon\u0117s \u0161akas, pavyzd\u017eiui, j\u016br\u0173, statybos, pramon\u0117s ma\u0161in\u0173 ir net poilsio. D\u0117l unikalios j\u0117gos ir lankstumo pusiausvyros jis yra vertingas komponentas sistemose, kuriose reikia jud\u0117ti ar lankstytis, ta\u010diau kartu i\u0161laikyti vidutines apkrovas.<\/p>\n<p>J\u016br\u0173 pramon\u0117je ma\u017eesnio skersmens, pavyzd\u017eiui, 1\/16 colio ir 3\/32 colio, kabeliai da\u017enai naudojami valdymo kabeliams, \u017evejybos linijoms ir nedidel\u0117ms takela\u017eo sistemoms. \u0160i\u0173 vielini\u0173 lyn\u0173 ner\u016bdijan\u010dio plieno versija ypa\u010d vertinama d\u0117l atsparumo r\u016bdims ir korozijai, u\u017etikrinant ilgalaik\u012f veikim\u0105 net ir at\u0161iaurioje s\u016braus vandens aplinkoje.<\/p>\n<p>Statybos ir pramon\u0117s sektoriuose didesni dyd\u017eiai, pavyzd\u017eiui, 1\/8 ir 3\/8 colio, naudojami sistemose, kuriose reikia lankstumo, pavyzd\u017eiui, skriemuliuose, gerv\u0117se ir kranuose. Galvanizuoto plieno versijos da\u017enai pasirenkamos lauko darbams, kai vieliniai lynai turi b\u016bti atspar\u016bs atmosferos poveikiui ir kartu patikimai veikti esant apkrovai.<\/p>\n<p>Pramoginiais tikslais 3\u00d77 vielinis lynas naudojamas tokiose srityse kaip u\u017etrauktukai, kai lynas turi i\u0161laikyti judan\u010di\u0105 apkrov\u0105 ir kartu i\u0161likti lankstus bei saugus. Tokiais atvejais svarbiausia u\u017etikrinti pusiausvyr\u0105 tarp stiprumo ir lankstumo, kad plieninis lynas gal\u0117t\u0173 lankstytis ir jud\u0117ti nesuma\u017eindamas saugumo ir patvarumo.<\/p>\n<h3><strong>Kod\u0117l 3\u00d77 vielos virv\u0117s yra lankstesn\u0117s ir stipresn\u0117s<\/strong><\/h3>\n<p>3\u00d77 vielinio lyno konstrukcija pasi\u017eymi unikaliu lankstumo ir tvirtumo deriniu, tod\u0117l puikiai tinka dinami\u0161kiems darbams, kai reikalingos abi \u0161ios savyb\u0117s. Ma\u017eesnio skersmens vielos ir daugyb\u0117 gij\u0173 leid\u017eia lynui lankstytis ir jud\u0117ti sistemose be didelio nusid\u0117v\u0117jimo, o ner\u016bdijantis arba cinkuotas plienas u\u017etikrina, kad jis i\u0161likt\u0173 patvarus ir atsparus korozijai at\u0161iaurioje aplinkoje.<\/p>\n<p>Platus dyd\u017ei\u0173 asortimentas - nuo 1\/16 iki 3\/8 colio - leid\u017eia naudotojams i\u0161sirinkti ideal\u0173 vielin\u012f lyn\u0105 konkre\u010diai paskir\u010diai, u\u017etikrinant tinkam\u0105 stiprumo, lankstumo ir ilgaam\u017ei\u0161kumo pusiausvyr\u0105. Nesvarbu, ar tai b\u016bt\u0173 j\u016brin\u0117 aplinka, pramonin\u0117s sistemos, ar rekreacin\u0117 aplinka, 3\u00d77 vielinis lynas u\u017etikrina patikim\u0105 veikim\u0105 ir ilgalaik\u012f patvarum\u0105, tod\u0117l jis yra esminis komponentas sistemose, kuriose reikia ir judrumo, ir tvirtumo.<\/p>","protected":false},"excerpt":{"rendered":"<p>3\u00d77 vielinis lynas turi tris gijas, kuri\u0173 kiekvienoje yra po septynias vielutes, tod\u0117l jis idealiai tinka nedidel\u0117s apkrovos darbams, kai labai svarbus lankstumas. \u0160io tipo vieliniai lynai paprastai gaminami i\u0161 auk\u0161tos kokyb\u0117s ner\u016bdijan\u010diojo arba cinkuoto plieno, u\u017etikrinan\u010dio atsparum\u0105 korozijai ir nusid\u0117v\u0117jimui. Paprastai si\u016blomi tokie dyd\u017eiai kaip 1\/16 colio, 3\/32 colio ir 1\/8 colio. 3\u00d77 konstrukcija pasi\u017eymi puikiu tvirtumu ir ilgaam\u017ei\u0161kumu. Ji suprojektuota tiek su pluo\u0161to, tiek su plienin\u0117mis gyslomis, kad atitikt\u0173 \u012fvairius poreikius ir u\u017etikrint\u0173 stabilum\u0105 bei tvirtum\u0105 tokiose srityse kaip takela\u017eas, keltuvas ir kabeli\u0173 kreipian\u010diosios.<\/p>\n<p>&nbsp;<\/p>","protected":false},"featured_media":8107,"comment_status":"open","ping_status":"closed","template":"","meta":{"site-sidebar-layout":"default","site-content-layout":"","ast-site-content-layout":"default","site-content-style":"default","site-sidebar-style":"default","ast-global-header-display":"","ast-banner-title-visibility":"","ast-main-header-display":"","ast-hfb-above-header-display":"","ast-hfb-below-header-display":"","ast-hfb-mobile-header-display":"","site-post-title":"","ast-breadcrumbs-content":"","ast-featured-img":"","footer-sml-layout":"","theme-transparent-header-meta":"default","adv-header-id-meta":"","stick-header-meta":"default","header-above-stick-meta":"","header-main-stick-meta":"","header-below-stick-meta":"","astra-migrate-meta-layouts":"set","ast-page-background-enabled":"default","ast-page-background-meta":{"desktop":{"background-color":"","background-image":"","background-repeat":"repeat","background-position":"center center","background-size":"auto","background-attachment":"scroll","background-type":"","background-media":"","overlay-type":"","overlay-color":"","overlay-opacity":"","overlay-gradient":""},"tablet":{"background-color":"","background-image":"","background-repeat":"repeat","background-position":"center center","background-size":"auto","background-attachment":"scroll","background-type":"","background-media":"","overlay-type":"","overlay-color":"","overlay-opacity":"","overlay-gradient":""},"mobile":{"background-color":"","background-image":"","background-repeat":"repeat","background-position":"center center","background-size":"auto","background-attachment":"scroll","background-type":"","background-media":"","overlay-type":"","overlay-color":"","overlay-opacity":"","overlay-gradient":""}},"ast-content-background-meta":{"desktop":{"background-color":"var(--ast-global-color-5)","background-image":"","background-repeat":"repeat","background-position":"center center","background-size":"auto","background-attachment":"scroll","background-type":"","background-media":"","overlay-type":"","overlay-color":"","overlay-opacity":"","overlay-gradient":""},"tablet":{"background-color":"var(--ast-global-color-5)","background-image":"","background-repeat":"repeat","background-position":"center center","background-size":"auto","background-attachment":"scroll","background-type":"","background-media":"","overlay-type":"","overlay-color":"","overlay-opacity":"","overlay-gradient":""},"mobile":{"background-color":"var(--ast-global-color-5)","background-image":"","background-repeat":"repeat","background-position":"center center","background-size":"auto","background-attachment":"scroll","background-type":"","background-media":"","overlay-type":"","overlay-color":"","overlay-opacity":"","overlay-gradient":""}}},"product_brand":[],"product_cat":[37],"product_tag":[89],"class_list":{"0":"post-8106","1":"product","2":"type-product","3":"status-publish","4":"has-post-thumbnail","6":"product_cat-wire-rope","7":"product_tag-wire-rope","8":"desktop-align-left","9":"tablet-align-left","10":"mobile-align-left","11":"ast-product-gallery-layout-horizontal-slider","12":"ast-product-gallery-with-no-image","13":"ast-product-tabs-layout-horizontal","15":"first","16":"instock","17":"shipping-taxable","18":"purchasable","19":"product-type-simple"},"yoast_head":"<!-- This site is optimized with the Yoast SEO plugin v25.2 - https:\/\/yoast.com\/wordpress\/plugins\/seo\/ -->\n<title>3x7 Wire Rope<\/title>\n<meta name=\"description\" content=\"A 3x7 wire rope features three strands, each containing seven wires, making it an ideal choice for light-duty applications where flexibility is crucial.\" \/>\n<meta name=\"robots\" content=\"index, follow, max-snippet:-1, max-image-preview:large, max-video-preview:-1\" \/>\n<link rel=\"canonical\" href=\"https:\/\/qingdaohf.com\/lt\/produktas\/3x7-vielinis-lynas\/\" \/>\n<meta property=\"og:locale\" content=\"lt_LT\" \/>\n<meta property=\"og:type\" content=\"article\" \/>\n<meta property=\"og:title\" content=\"3x7 Wire Rope\" \/>\n<meta property=\"og:description\" content=\"A 3x7 wire rope features three strands, each containing seven wires, making it an ideal choice for light-duty applications where flexibility is crucial.\" \/>\n<meta property=\"og:url\" content=\"https:\/\/qingdaohf.com\/lt\/produktas\/3x7-vielinis-lynas\/\" \/>\n<meta property=\"og:site_name\" content=\"Concrete Form &amp; Rigging Hardware Supplier\" \/>\n<meta property=\"article:publisher\" content=\"https:\/\/www.facebook.com\/qingdaohf\" \/>\n<meta property=\"article:modified_time\" content=\"2025-11-13T01:02:55+00:00\" \/>\n<meta property=\"og:image\" content=\"https:\/\/qingdaohf.com\/wp-content\/uploads\/2024\/10\/3x7-wire-rope.webp\" \/>\n\t<meta property=\"og:image:width\" content=\"744\" \/>\n\t<meta property=\"og:image:height\" content=\"744\" \/>\n\t<meta property=\"og:image:type\" content=\"image\/webp\" \/>\n<meta name=\"twitter:card\" content=\"summary_large_image\" \/>\n<meta name=\"twitter:label1\" content=\"Est. reading time\" \/>\n\t<meta name=\"twitter:data1\" content=\"7 minut\u0117s\" \/>\n<script type=\"application\/ld+json\" class=\"yoast-schema-graph\">{\"@context\":\"https:\/\/schema.org\",\"@graph\":[{\"@type\":\"WebPage\",\"@id\":\"https:\/\/qingdaohf.com\/product\/3x7-wire-rope\/\",\"url\":\"https:\/\/qingdaohf.com\/product\/3x7-wire-rope\/\",\"name\":\"3x7 Wire Rope\",\"isPartOf\":{\"@id\":\"https:\/\/qingdaohf.com\/bg\/#website\"},\"primaryImageOfPage\":{\"@id\":\"https:\/\/qingdaohf.com\/product\/3x7-wire-rope\/#primaryimage\"},\"image\":{\"@id\":\"https:\/\/qingdaohf.com\/product\/3x7-wire-rope\/#primaryimage\"},\"thumbnailUrl\":\"https:\/\/qingdaohf.com\/wp-content\/uploads\/2024\/10\/3x7-wire-rope.webp\",\"datePublished\":\"2024-10-24T08:56:39+00:00\",\"dateModified\":\"2025-11-13T01:02:55+00:00\",\"description\":\"A 3x7 wire rope features three strands, each containing seven wires, making it an ideal choice for light-duty applications where flexibility is crucial.\",\"breadcrumb\":{\"@id\":\"https:\/\/qingdaohf.com\/product\/3x7-wire-rope\/#breadcrumb\"},\"inLanguage\":\"lt-LT\",\"potentialAction\":[{\"@type\":\"ReadAction\",\"target\":[\"https:\/\/qingdaohf.com\/product\/3x7-wire-rope\/\"]}]},{\"@type\":\"ImageObject\",\"inLanguage\":\"lt-LT\",\"@id\":\"https:\/\/qingdaohf.com\/product\/3x7-wire-rope\/#primaryimage\",\"url\":\"https:\/\/qingdaohf.com\/wp-content\/uploads\/2024\/10\/3x7-wire-rope.webp\",\"contentUrl\":\"https:\/\/qingdaohf.com\/wp-content\/uploads\/2024\/10\/3x7-wire-rope.webp\",\"width\":744,\"height\":744,\"caption\":\"3x7 wire rope\"},{\"@type\":\"BreadcrumbList\",\"@id\":\"https:\/\/qingdaohf.com\/product\/3x7-wire-rope\/#breadcrumb\",\"itemListElement\":[{\"@type\":\"ListItem\",\"position\":1,\"name\":\"Home\",\"item\":\"https:\/\/qingdaohf.com\/\"},{\"@type\":\"ListItem\",\"position\":2,\"name\":\"Concrete Forming Accessories and Rigging Hardware\",\"item\":\"https:\/\/qingdaohf.com\/bg\/?page_id=944\"},{\"@type\":\"ListItem\",\"position\":3,\"name\":\"3&#215;7 Wire Rope\"}]},{\"@type\":\"WebSite\",\"@id\":\"https:\/\/qingdaohf.com\/bg\/#website\",\"url\":\"https:\/\/qingdaohf.com\/bg\/\",\"name\":\"Concrete Form & Rigging Hardware Supplier\",\"description\":\"\",\"publisher\":{\"@id\":\"https:\/\/qingdaohf.com\/bg\/#organization\"},\"potentialAction\":[{\"@type\":\"SearchAction\",\"target\":{\"@type\":\"EntryPoint\",\"urlTemplate\":\"https:\/\/qingdaohf.com\/bg\/?s={search_term_string}\"},\"query-input\":{\"@type\":\"PropertyValueSpecification\",\"valueRequired\":true,\"valueName\":\"search_term_string\"}}],\"inLanguage\":\"lt-LT\"},{\"@type\":\"Organization\",\"@id\":\"https:\/\/qingdaohf.com\/bg\/#organization\",\"name\":\"Qingdao H&F\",\"url\":\"https:\/\/qingdaohf.com\/bg\/\",\"logo\":{\"@type\":\"ImageObject\",\"inLanguage\":\"lt-LT\",\"@id\":\"https:\/\/qingdaohf.com\/bg\/#\/schema\/logo\/image\/\",\"url\":\"https:\/\/qingdaohf.com\/wp-content\/uploads\/2022\/12\/cropped-HF-LOGO.png\",\"contentUrl\":\"https:\/\/qingdaohf.com\/wp-content\/uploads\/2022\/12\/cropped-HF-LOGO.png\",\"width\":391,\"height\":249,\"caption\":\"Qingdao H&F\"},\"image\":{\"@id\":\"https:\/\/qingdaohf.com\/bg\/#\/schema\/logo\/image\/\"},\"sameAs\":[\"https:\/\/www.facebook.com\/qingdaohf\"]}]}<\/script>\n<!-- \/ Yoast SEO plugin. -->","yoast_head_json":{"title":"3x7 Wire Rope","description":"A 3x7 wire rope features three strands, each containing seven wires, making it an ideal choice for light-duty applications where flexibility is crucial.","robots":{"index":"index","follow":"follow","max-snippet":"max-snippet:-1","max-image-preview":"max-image-preview:large","max-video-preview":"max-video-preview:-1"},"canonical":"https:\/\/qingdaohf.com\/lt\/produktas\/3x7-vielinis-lynas\/","og_locale":"lt_LT","og_type":"article","og_title":"3x7 Wire Rope","og_description":"A 3x7 wire rope features three strands, each containing seven wires, making it an ideal choice for light-duty applications where flexibility is crucial.","og_url":"https:\/\/qingdaohf.com\/lt\/produktas\/3x7-vielinis-lynas\/","og_site_name":"Concrete Form &amp; Rigging Hardware Supplier","article_publisher":"https:\/\/www.facebook.com\/qingdaohf","article_modified_time":"2025-11-13T01:02:55+00:00","og_image":[{"width":744,"height":744,"url":"https:\/\/qingdaohf.com\/wp-content\/uploads\/2024\/10\/3x7-wire-rope.webp","type":"image\/webp"}],"twitter_card":"summary_large_image","twitter_misc":{"Est. reading time":"7 minut\u0117s"},"schema":{"@context":"https:\/\/schema.org","@graph":[{"@type":"WebPage","@id":"https:\/\/qingdaohf.com\/product\/3x7-wire-rope\/","url":"https:\/\/qingdaohf.com\/product\/3x7-wire-rope\/","name":"3x7 Wire Rope","isPartOf":{"@id":"https:\/\/qingdaohf.com\/bg\/#website"},"primaryImageOfPage":{"@id":"https:\/\/qingdaohf.com\/product\/3x7-wire-rope\/#primaryimage"},"image":{"@id":"https:\/\/qingdaohf.com\/product\/3x7-wire-rope\/#primaryimage"},"thumbnailUrl":"https:\/\/qingdaohf.com\/wp-content\/uploads\/2024\/10\/3x7-wire-rope.webp","datePublished":"2024-10-24T08:56:39+00:00","dateModified":"2025-11-13T01:02:55+00:00","description":"A 3x7 wire rope features three strands, each containing seven wires, making it an ideal choice for light-duty applications where flexibility is crucial.","breadcrumb":{"@id":"https:\/\/qingdaohf.com\/product\/3x7-wire-rope\/#breadcrumb"},"inLanguage":"lt-LT","potentialAction":[{"@type":"ReadAction","target":["https:\/\/qingdaohf.com\/product\/3x7-wire-rope\/"]}]},{"@type":"ImageObject","inLanguage":"lt-LT","@id":"https:\/\/qingdaohf.com\/product\/3x7-wire-rope\/#primaryimage","url":"https:\/\/qingdaohf.com\/wp-content\/uploads\/2024\/10\/3x7-wire-rope.webp","contentUrl":"https:\/\/qingdaohf.com\/wp-content\/uploads\/2024\/10\/3x7-wire-rope.webp","width":744,"height":744,"caption":"3x7 wire rope"},{"@type":"BreadcrumbList","@id":"https:\/\/qingdaohf.com\/product\/3x7-wire-rope\/#breadcrumb","itemListElement":[{"@type":"ListItem","position":1,"name":"Home","item":"https:\/\/qingdaohf.com\/"},{"@type":"ListItem","position":2,"name":"Concrete Forming Accessories and Rigging Hardware","item":"https:\/\/qingdaohf.com\/bg\/?page_id=944"},{"@type":"ListItem","position":3,"name":"3&#215;7 Wire Rope"}]},{"@type":"WebSite","@id":"https:\/\/qingdaohf.com\/bg\/#website","url":"https:\/\/qingdaohf.com\/bg\/","name":"Concrete Form & Rigging Hardware Supplier","description":"","publisher":{"@id":"https:\/\/qingdaohf.com\/bg\/#organization"},"potentialAction":[{"@type":"SearchAction","target":{"@type":"EntryPoint","urlTemplate":"https:\/\/qingdaohf.com\/bg\/?s={search_term_string}"},"query-input":{"@type":"PropertyValueSpecification","valueRequired":true,"valueName":"search_term_string"}}],"inLanguage":"lt-LT"},{"@type":"Organization","@id":"https:\/\/qingdaohf.com\/bg\/#organization","name":"Qingdao H&F","url":"https:\/\/qingdaohf.com\/bg\/","logo":{"@type":"ImageObject","inLanguage":"lt-LT","@id":"https:\/\/qingdaohf.com\/bg\/#\/schema\/logo\/image\/","url":"https:\/\/qingdaohf.com\/wp-content\/uploads\/2022\/12\/cropped-HF-LOGO.png","contentUrl":"https:\/\/qingdaohf.com\/wp-content\/uploads\/2022\/12\/cropped-HF-LOGO.png","width":391,"height":249,"caption":"Qingdao H&F"},"image":{"@id":"https:\/\/qingdaohf.com\/bg\/#\/schema\/logo\/image\/"},"sameAs":["https:\/\/www.facebook.com\/qingdaohf"]}]}},"_links":{"self":[{"href":"https:\/\/qingdaohf.com\/lt\/wp-json\/wp\/v2\/product\/8106","targetHints":{"allow":["GET"]}}],"collection":[{"href":"https:\/\/qingdaohf.com\/lt\/wp-json\/wp\/v2\/product"}],"about":[{"href":"https:\/\/qingdaohf.com\/lt\/wp-json\/wp\/v2\/types\/product"}],"replies":[{"embeddable":true,"href":"https:\/\/qingdaohf.com\/lt\/wp-json\/wp\/v2\/comments?post=8106"}],"version-history":[{"count":2,"href":"https:\/\/qingdaohf.com\/lt\/wp-json\/wp\/v2\/product\/8106\/revisions"}],"predecessor-version":[{"id":8110,"href":"https:\/\/qingdaohf.com\/lt\/wp-json\/wp\/v2\/product\/8106\/revisions\/8110"}],"wp:featuredmedia":[{"embeddable":true,"href":"https:\/\/qingdaohf.com\/lt\/wp-json\/wp\/v2\/media\/8107"}],"wp:attachment":[{"href":"https:\/\/qingdaohf.com\/lt\/wp-json\/wp\/v2\/media?parent=8106"}],"wp:term":[{"taxonomy":"product_brand","embeddable":true,"href":"https:\/\/qingdaohf.com\/lt\/wp-json\/wp\/v2\/product_brand?post=8106"},{"taxonomy":"product_cat","embeddable":true,"href":"https:\/\/qingdaohf.com\/lt\/wp-json\/wp\/v2\/product_cat?post=8106"},{"taxonomy":"product_tag","embeddable":true,"href":"https:\/\/qingdaohf.com\/lt\/wp-json\/wp\/v2\/product_tag?post=8106"}],"curies":[{"name":"wp","href":"https:\/\/api.w.org\/{rel}","templated":true}]}}