{"id":8109,"date":"2024-10-24T17:13:03","date_gmt":"2024-10-24T09:13:03","guid":{"rendered":"http:\/\/qingdaohf.com\/?post_type=product&#038;p=8109"},"modified":"2025-11-13T09:02:55","modified_gmt":"2025-11-13T01:02:55","slug":"6x19-wire-rope","status":"publish","type":"product","link":"https:\/\/qingdaohf.com\/lt\/produktas\/6x19-vielinis-lynas\/","title":{"rendered":"6\u00d719 Vielos lynas"},"content":{"rendered":"<h3>Supratimas apie 6\u00d719 vielini\u0173 lyn\u0173 strukt\u016br\u0105<\/h3>\n<p>6\u00d719 vielinis lynas yra gerai vertinamas pramon\u0117je ir statybose d\u0117l savo lankstumo ir tvirtumo pusiausvyros. \u0160is lynas, sudarytas i\u0161 6 gij\u0173 po 19 viel\u0173 kiekvienoje, u\u017etikrina patikim\u0105 veikim\u0105 atliekant \u012fvairias sunkias u\u017eduotis. 6\u00d719 vielinio lyno strukt\u016bra u\u017etikrina tvirt\u0105, ta\u010diau \u0161iek tiek lankst\u0173 gamin\u012f, tod\u0117l jis idealiai tinka toms u\u017eduotims, kai reikia, kad lynas atlaikyt\u0173 daugkartin\u012f lenkim\u0105 ir kartu i\u0161laikyt\u0173 tvirtum\u0105. D\u0117l tvirtos konstrukcijos ir pritaikomumo \u0161io tipo vielinis lynas da\u017enai naudojamas k\u0117limo, keltuv\u0173, laiv\u0173 ir kitose srityse.<\/p>\n<p>6 \u00d7 19 vielinio lyno konstrukcija i\u0161 didelio anglies dioksido plieno suteikia jam ypating\u0105 tvirtum\u0105, tod\u0117l jis gali atlaikyti dideles apkrovas nesuma\u017eindamas savo strukt\u016brinio vientisumo. \u0160i med\u017eiaga u\u017etikrina i\u0161skirtin\u012f atsparum\u0105 dilimui ir nusid\u0117v\u0117jimui, tod\u0117l vielinis lynas gali b\u016bti naudojamas at\u0161iauriomis s\u0105lygomis, pavyzd\u017eiui, j\u016broje ar statyb\u0173 aik\u0161tel\u0117se. Be to, 6\u00d719 vielinio lyno konstrukcija u\u017etikrina lygi\u0105 jo i\u0161or\u0119, tod\u0117l jis padeda suma\u017einti ma\u0161in\u0173 ir kit\u0173 \u012frengini\u0173 pa\u017eeidimus, kai jie naudojami.<\/p>\n<h3>Bendri 6\u00d719 vielos lyno dyd\u017eiai<\/h3>\n<p>Vielinio lyno dydis yra labai svarbus aspektas renkantis konkre\u010dioms u\u017eduotims tinkam\u0105 gamin\u012f, nes skirtingi skersmenys turi \u012ftakos ir stiprumui, ir lankstumui. 6\u00d719 vielos lynas yra \u012fvairi\u0173 dyd\u017ei\u0173, o kiekvienas dydis pritaikytas konkre\u010dioms reikm\u0117ms - statybose, transporte ar j\u016broje.<\/p>\n<p>Vienas i\u0161 populiariausi\u0173 dyd\u017ei\u0173 yra 1\/8 colio 6\u00d719 vielinis lynas, \u017einomas d\u0117l savo kompakti\u0161ko skersmens ir lankstumo. \u0160is dydis puikiai tinka tais atvejais, kai vietos nedaug, pavyzd\u017eiui, vykdant ma\u017eesnius takela\u017eo projektus arba lengvo k\u0117limo u\u017eduotis. Nepaisant ma\u017eesnio dyd\u017eio, jis i\u0161laiko didel\u0119 tempimo j\u0117g\u0105, tod\u0117l yra patikimas pasirinkimas atliekant \u012f tikslum\u0105 orientuotus darbus.<\/p>\n<p>\u0160iek tiek sunkesn\u0117ms u\u017eduotims atlikti skirtas 3\/16 coli\u0173 6\u00d719 vielinis lynas pasi\u017eymi didesniu tvirtumu, ta\u010diau i\u0161lieka pakankamai lankstus. \u0160io dyd\u017eio lynas da\u017enai naudojamas tais atvejais, kai reikia rasti pusiausvyr\u0105 tarp apkrovos laikymo galimybi\u0173 ir patogumo, pavyzd\u017eiui, keliant nedidel\u0119 \u012frang\u0105 arba tvirtinant krovinius transportavimo metu. D\u0117l savo vidutinio skersmens jis yra universalus pasirinkimas \u012fvairiose srityse.<\/p>\n<p>Kitas da\u017enai pasirenkamas dydis - 1\/4 colio 6\u00d719 vielinis lynas, pasi\u017eymintis didesniu tvirtumu, tinkantis sud\u0117tingesniems darbams. \u0160io dyd\u017eio lynas da\u017enai naudojamas pramon\u0117je, kur reikia tvirtesn\u0117s atramos, pavyzd\u017eiui, kranuose, gerv\u0117se ir statybiniuose keltuvuose. Didesnio skersmens 1\/4 colio variantas pasi\u017eymi didesne laikom\u0105ja galia, ta\u010diau i\u0161lieka pakankamai lankstus, kad b\u016bt\u0173 galima atlikti bendras takela\u017eo u\u017eduotis.<\/p>\n<p>Jei norite dar didesnio tvirtumo, galite rinktis 5\/16 coli\u0173 6\u00d719 vielin\u012f lyn\u0105, kuris yra patvarus ir skirtas sunkesn\u0117ms apkrovoms ar intensyvesniam naudojimui. D\u0117l didesnio skersmens jis idealiai tinka naudoti j\u016broje, pavyzd\u017eiui, \u0161vartavimosi lynams ar vilkimui. 5\/16 coli\u0173 dydis yra patikimas pasirinkimas tiems, kurie ie\u0161ko patikimo vielinio lyno, galin\u010dio atlaikyti sunkias s\u0105lygas ir neprarasti lankstumo.<\/p>\n<h3>Pagrindini\u0173 tip\u0173 tyrin\u0117jimas: FC, IWS ir IWRC<\/h3>\n<p><img fetchpriority=\"high\" decoding=\"async\" class=\"alignnone size-full wp-image-8113\" src=\"http:\/\/qingdaohf.com\/wp-content\/uploads\/2024\/10\/6X19-wire-rope.webp\" alt=\"6X19\" width=\"1338\" height=\"412\" srcset=\"https:\/\/qingdaohf.com\/wp-content\/uploads\/2024\/10\/6X19-wire-rope.webp 1338w, https:\/\/qingdaohf.com\/wp-content\/uploads\/2024\/10\/6X19-wire-rope-300x92.webp 300w, https:\/\/qingdaohf.com\/wp-content\/uploads\/2024\/10\/6X19-wire-rope-1024x315.webp 1024w, https:\/\/qingdaohf.com\/wp-content\/uploads\/2024\/10\/6X19-wire-rope-768x236.webp 768w, https:\/\/qingdaohf.com\/wp-content\/uploads\/2024\/10\/6X19-wire-rope-18x6.webp 18w, https:\/\/qingdaohf.com\/wp-content\/uploads\/2024\/10\/6X19-wire-rope-1000x308.webp 1000w\" sizes=\"(max-width: 1338px) 100vw, 1338px\" \/><\/p>\n<p>6\u00d719 vielinis lynas turi tris \u0161erdies variantus, kuri\u0173 kiekvienas turi savit\u0173 privalum\u0173, priklausomai nuo numatomo naudojimo b\u016bdo. \u0160erdis yra labai svarbi vielinio lyno sudedamoji dalis, nes ji suteikia atram\u0105 i\u0161orin\u0117ms gijoms ir daro \u012ftak\u0105 lyno lankstumui bei stiprumui. Trys 6\u00d719 vielini\u0173 lyn\u0173 \u0161erdys yra \u0161ios: pluo\u0161to \u0161erdis (FC), nepriklausoma vielos gij\u0173 \u0161erdis (IWS) ir nepriklausoma vielos lyno \u0161erdis (IWRC).<\/p>\n<p>Pluo\u0161to \u0161erdies (FC) variante \u0161erdis pagaminta i\u0161 nat\u016bralaus arba sintetinio pluo\u0161to. \u0160i konstrukcija u\u017etikrina didesn\u012f lankstum\u0105, tod\u0117l FC variantas tinka naudoti ten, kur vielinis lynas turi da\u017enai lankstytis ir jud\u0117ti. D\u0117l savo lankstumo \u0161is lynas pasirenkamas tais atvejais, kai naudojami mechanizmai ir \u012franga, nes suma\u017e\u0117ja skriemuli\u0173 ir skriemuli\u0173 susid\u0117v\u0117jimas. Ta\u010diau \u0161is didesnis lankstumas, palyginti su plienin\u0117s \u0161erdies alternatyvomis, suma\u017e\u0117ja stiprumo s\u0105skaita, tod\u0117l FC \u0161erdis geriausiai tinka lengvesniems darbams.<\/p>\n<p>Nepriklausoma vielos pluo\u0161to \u0161erdis (IWS) yra tarpinis variantas tarp FC \u0161erdies lankstumo ir IWRC tvirtumo. IWS \u0161erd\u012f sudaro atskira vielos gija, kuri suteikia papildom\u0105 atram\u0105 lyno konstrukcijai, padidindama jos patvarum\u0105 ir laikom\u0105j\u0105 gali\u0105. \u0160io tipo \u0161erdis ypa\u010d naudinga tais atvejais, kai greta didesnio stiprumo reikia ir vidutinio lankstumo, pavyzd\u017eiui, ma\u017e\u0173 ir vidutini\u0173 kran\u0173 ir gervi\u0173 atveju. D\u0117l IWS \u0161erdies subalansuotumo ji yra universalus pasirinkimas tiems, kurie ie\u0161ko patikim\u0173 eksploatacini\u0173 savybi\u0173, ta\u010diau nesuma\u017eina lankstumo.<\/p>\n<p>Norint u\u017etikrinti maksimal\u0173 tvirtum\u0105 ir ilgaam\u017ei\u0161kum\u0105, geriausia rinktis nepriklausom\u0105 vielos lyno \u0161erd\u012f (angl. Independent Wire Rope Core, IWRC). IWRC \u0161erdis pagaminta i\u0161 atskiro vielinio lyno, tod\u0117l gerokai padid\u0117ja bendras 6 \u00d7 19 vielinio lyno stiprumas ir strukt\u016brinis vientisumas. \u0160is \u0161erdies tipas puikiai tinka didelio apkrovimo darbams, kai labai svarbus didelis tempimo stipris, pavyzd\u017eiui, dideliuose statybiniuose kranuose, pramonin\u0117se gerv\u0117se ir laiv\u0173 takela\u017euose. Nors d\u0117l IWRC \u0161erdies, palyginti su FC ir IWS variantais, prarandamas tam tikras lankstumas, ta\u010diau jos tvirtumas u\u017etikrina, kad vielinis lynas ilg\u0105 laik\u0105 atlaikyt\u0173 sunkias s\u0105lygas ir dideles apkrovas.<\/p>\n<h3>6\u00d719 vielini\u0173 lyn\u0173 taikymo \u012f\u017evalgos ir privalumai<\/h3>\n<p>D\u0117l savo konstrukcijos 6\u00d719 vielinis lynas yra populiarus pasirinkimas \u012fvairiose pramon\u0117s \u0161akose, nes yra universalus. Jo subalansuota konstrukcija u\u017etikrina veiksming\u0105 tempiamojo stiprumo ir lankstumo kompromis\u0105, tod\u0117l j\u012f galima pritaikyti \u012fvairioms u\u017eduotims atlikti. Statybose \u0161io tipo vieliniai lynai da\u017enai naudojami k\u0117limo operacijoms, u\u017etikrinant reikiam\u0105 atram\u0105 saugiai ir efektyviai perkelti med\u017eiagas. Lygus lyno pavir\u0161ius suma\u017eina dilim\u0105, tod\u0117l ma\u017eiau d\u0117visi skriemuliai ir kranai, o tai prailgina \u012frangos tarnavimo laik\u0105.<\/p>\n<p>J\u016brin\u0117je aplinkoje 6\u00d719 vielinis lynas yra atsparus dilimui ir at\u0161iaurioms s\u0105lygoms, tod\u0117l tinka naudoti tokiose srityse kaip \u0161vartavimas, vilkimas ir \u017evejyba. D\u0117l geb\u0117jimo atlaikyti s\u016braus vandens poveik\u012f ir kintamas apkrovas jis yra patikimas j\u016brinio naudojimo komponentas. Ypa\u010d IWRC \u0161erdis yra naudinga j\u016brin\u0117ms reikm\u0117ms, nes u\u017etikrina stiprum\u0105, reikaling\u0105 sud\u0117tingoms u\u017eduotims atlikti, nesuma\u017einant patvarumo.<\/p>\n<p>6\u00d719 vielini\u0173 lyn\u0173 naudojimas taip pat naudingas transportui ir logistikai, kur jie gali b\u016bti naudojami kroviniams tvirtinti, k\u0117limo stropams kurti arba kaip pakrovimo ir i\u0161krovimo sistem\u0173 dalis. \u012evairi\u0173 dyd\u017ei\u0173 lynas gali b\u016bti pritaikomas konkretiems poreikiams, u\u017etikrinant, kad kiekvienoje unikalioje situacijoje b\u016bt\u0173 pasiekta tinkama stiprumo ir lankstumo pusiausvyra. 6\u00d719 vielinio lyno pritaikomumas u\u017etikrina, kad juo galima atlikti tiek \u012fprastas, tiek sud\u0117tingas u\u017eduotis \u0161iose srityse.<\/p>\n<p>Galiausiai, pasirinkus \u0161erdies tip\u0105 - FC, IWS arba IWRC - ir atitinkam\u0105 dyd\u012f, naudotojai gali pritaikyti 6 \u00d7 19 vielini\u0173 lyn\u0173 pasirinkim\u0105 pagal tikslius reikalavimus. Suprasdamos unikalias kiekvienos \u0161erdies ir dyd\u017eio savybes ir privalumus, \u012fmon\u0117s gali optimizuoti savo veikl\u0105 ir u\u017etikrinti, kad j\u0173 \u012franga b\u016bt\u0173 saugi, veiksminga ir atitikt\u0173 projekt\u0173 reikalavimus. D\u0117l savo lankstumo, tvirtumo ir ilgaam\u017ei\u0161kumo derinio 6\u00d719 vielinis lynas i\u0161lieka kertiniu akmeniu vielini\u0173 lyn\u0173 srityje ir u\u017etikrina patikim\u0105 veikim\u0105 \u012fvairiose srityse.<\/p>","protected":false},"excerpt":{"rendered":"<p>6\u00d719 vielinis lynas yra universalus ir patvarus plieninis vielinis lynas, pasi\u017eymintis lankstumu ir tvirtumu. J\u012f sudaro 6 gijos, kuri\u0173 kiekvienoje yra 19 viel\u0173, tod\u0117l jis tinka \u012fvairiems k\u0117limo, takeliavimo ir k\u0117limo darbams. 6\u00d719 vielinis lynas, kur\u012f paprastai galima \u012fsigyti 1\/8 colio, 3\/16 colio ir 1\/4 colio dyd\u017ei\u0173, pagamintas i\u0161 didelio anglies dioksido kiekio plieno, tod\u0117l pasi\u017eymi dideliu atsparumu tempimui ir dilimui. Jame yra \u012fvairi\u0173 tip\u0173 \u0161erdys, pavyzd\u017eiui, pluo\u0161to \u0161erdis (FC), nepriklausoma vielos gij\u0173 \u0161erdis (IWS) ir nepriklausoma vielos lyno \u0161erdis (IWRC), atitinkan\u010dios \u012fvairius poreikius ir eksploatacinius reikalavimus.<\/p>","protected":false},"featured_media":8112,"comment_status":"open","ping_status":"closed","template":"","meta":{"site-sidebar-layout":"default","site-content-layout":"","ast-site-content-layout":"default","site-content-style":"default","site-sidebar-style":"default","ast-global-header-display":"","ast-banner-title-visibility":"","ast-main-header-display":"","ast-hfb-above-header-display":"","ast-hfb-below-header-display":"","ast-hfb-mobile-header-display":"","site-post-title":"","ast-breadcrumbs-content":"","ast-featured-img":"","footer-sml-layout":"","theme-transparent-header-meta":"default","adv-header-id-meta":"","stick-header-meta":"default","header-above-stick-meta":"","header-main-stick-meta":"","header-below-stick-meta":"","astra-migrate-meta-layouts":"set","ast-page-background-enabled":"default","ast-page-background-meta":{"desktop":{"background-color":"","background-image":"","background-repeat":"repeat","background-position":"center center","background-size":"auto","background-attachment":"scroll","background-type":"","background-media":"","overlay-type":"","overlay-color":"","overlay-opacity":"","overlay-gradient":""},"tablet":{"background-color":"","background-image":"","background-repeat":"repeat","background-position":"center center","background-size":"auto","background-attachment":"scroll","background-type":"","background-media":"","overlay-type":"","overlay-color":"","overlay-opacity":"","overlay-gradient":""},"mobile":{"background-color":"","background-image":"","background-repeat":"repeat","background-position":"center center","background-size":"auto","background-attachment":"scroll","background-type":"","background-media":"","overlay-type":"","overlay-color":"","overlay-opacity":"","overlay-gradient":""}},"ast-content-background-meta":{"desktop":{"background-color":"var(--ast-global-color-5)","background-image":"","background-repeat":"repeat","background-position":"center center","background-size":"auto","background-attachment":"scroll","background-type":"","background-media":"","overlay-type":"","overlay-color":"","overlay-opacity":"","overlay-gradient":""},"tablet":{"background-color":"var(--ast-global-color-5)","background-image":"","background-repeat":"repeat","background-position":"center center","background-size":"auto","background-attachment":"scroll","background-type":"","background-media":"","overlay-type":"","overlay-color":"","overlay-opacity":"","overlay-gradient":""},"mobile":{"background-color":"var(--ast-global-color-5)","background-image":"","background-repeat":"repeat","background-position":"center center","background-size":"auto","background-attachment":"scroll","background-type":"","background-media":"","overlay-type":"","overlay-color":"","overlay-opacity":"","overlay-gradient":""}}},"product_brand":[],"product_cat":[37],"product_tag":[89],"class_list":{"0":"post-8109","1":"product","2":"type-product","3":"status-publish","4":"has-post-thumbnail","6":"product_cat-wire-rope","7":"product_tag-wire-rope","8":"desktop-align-left","9":"tablet-align-left","10":"mobile-align-left","11":"ast-product-gallery-layout-horizontal-slider","12":"ast-product-gallery-with-no-image","13":"ast-product-tabs-layout-horizontal","15":"first","16":"instock","17":"shipping-taxable","18":"purchasable","19":"product-type-simple"},"yoast_head":"<!-- This site is optimized with the Yoast SEO plugin v25.2 - https:\/\/yoast.com\/wordpress\/plugins\/seo\/ -->\n<title>6x19 Wire Rope<\/title>\n<meta name=\"description\" content=\"6x19 wire rope is a versatile and durable type of steel wire rope, offering a blend of flexibility and strength.\" \/>\n<meta name=\"robots\" content=\"index, follow, max-snippet:-1, max-image-preview:large, max-video-preview:-1\" \/>\n<link rel=\"canonical\" href=\"https:\/\/qingdaohf.com\/lt\/produktas\/6x19-vielinis-lynas\/\" \/>\n<meta property=\"og:locale\" content=\"lt_LT\" \/>\n<meta property=\"og:type\" content=\"article\" \/>\n<meta property=\"og:title\" content=\"6x19 Wire Rope\" \/>\n<meta property=\"og:description\" content=\"6x19 wire rope is a versatile and durable type of steel wire rope, offering a blend of flexibility and strength.\" \/>\n<meta property=\"og:url\" content=\"https:\/\/qingdaohf.com\/lt\/produktas\/6x19-vielinis-lynas\/\" \/>\n<meta property=\"og:site_name\" content=\"Concrete Form &amp; Rigging Hardware Supplier\" \/>\n<meta property=\"article:publisher\" content=\"https:\/\/www.facebook.com\/qingdaohf\" \/>\n<meta property=\"article:modified_time\" content=\"2025-11-13T01:02:55+00:00\" \/>\n<meta property=\"og:image\" content=\"https:\/\/qingdaohf.com\/wp-content\/uploads\/2024\/10\/6x19wrc_2.webp\" \/>\n\t<meta property=\"og:image:width\" content=\"787\" \/>\n\t<meta property=\"og:image:height\" content=\"787\" \/>\n\t<meta property=\"og:image:type\" content=\"image\/webp\" \/>\n<meta name=\"twitter:card\" content=\"summary_large_image\" \/>\n<meta name=\"twitter:label1\" content=\"Est. reading time\" \/>\n\t<meta name=\"twitter:data1\" content=\"6 minut\u0117s\" \/>\n<script type=\"application\/ld+json\" class=\"yoast-schema-graph\">{\"@context\":\"https:\/\/schema.org\",\"@graph\":[{\"@type\":\"WebPage\",\"@id\":\"https:\/\/qingdaohf.com\/product\/6x19-wire-rope\/\",\"url\":\"https:\/\/qingdaohf.com\/product\/6x19-wire-rope\/\",\"name\":\"6x19 Wire Rope\",\"isPartOf\":{\"@id\":\"https:\/\/qingdaohf.com\/bg\/#website\"},\"primaryImageOfPage\":{\"@id\":\"https:\/\/qingdaohf.com\/product\/6x19-wire-rope\/#primaryimage\"},\"image\":{\"@id\":\"https:\/\/qingdaohf.com\/product\/6x19-wire-rope\/#primaryimage\"},\"thumbnailUrl\":\"https:\/\/qingdaohf.com\/wp-content\/uploads\/2024\/10\/6x19wrc_2.webp\",\"datePublished\":\"2024-10-24T09:13:03+00:00\",\"dateModified\":\"2025-11-13T01:02:55+00:00\",\"description\":\"6x19 wire rope is a versatile and durable type of steel wire rope, offering a blend of flexibility and strength.\",\"breadcrumb\":{\"@id\":\"https:\/\/qingdaohf.com\/product\/6x19-wire-rope\/#breadcrumb\"},\"inLanguage\":\"lt-LT\",\"potentialAction\":[{\"@type\":\"ReadAction\",\"target\":[\"https:\/\/qingdaohf.com\/product\/6x19-wire-rope\/\"]}]},{\"@type\":\"ImageObject\",\"inLanguage\":\"lt-LT\",\"@id\":\"https:\/\/qingdaohf.com\/product\/6x19-wire-rope\/#primaryimage\",\"url\":\"https:\/\/qingdaohf.com\/wp-content\/uploads\/2024\/10\/6x19wrc_2.webp\",\"contentUrl\":\"https:\/\/qingdaohf.com\/wp-content\/uploads\/2024\/10\/6x19wrc_2.webp\",\"width\":787,\"height\":787,\"caption\":\"6X19 wire rope\"},{\"@type\":\"BreadcrumbList\",\"@id\":\"https:\/\/qingdaohf.com\/product\/6x19-wire-rope\/#breadcrumb\",\"itemListElement\":[{\"@type\":\"ListItem\",\"position\":1,\"name\":\"Home\",\"item\":\"https:\/\/qingdaohf.com\/\"},{\"@type\":\"ListItem\",\"position\":2,\"name\":\"Concrete Forming Accessories and Rigging Hardware\",\"item\":\"https:\/\/qingdaohf.com\/bg\/?page_id=944\"},{\"@type\":\"ListItem\",\"position\":3,\"name\":\"6&#215;19 Wire Rope\"}]},{\"@type\":\"WebSite\",\"@id\":\"https:\/\/qingdaohf.com\/bg\/#website\",\"url\":\"https:\/\/qingdaohf.com\/bg\/\",\"name\":\"Concrete Form & Rigging Hardware Supplier\",\"description\":\"\",\"publisher\":{\"@id\":\"https:\/\/qingdaohf.com\/bg\/#organization\"},\"potentialAction\":[{\"@type\":\"SearchAction\",\"target\":{\"@type\":\"EntryPoint\",\"urlTemplate\":\"https:\/\/qingdaohf.com\/bg\/?s={search_term_string}\"},\"query-input\":{\"@type\":\"PropertyValueSpecification\",\"valueRequired\":true,\"valueName\":\"search_term_string\"}}],\"inLanguage\":\"lt-LT\"},{\"@type\":\"Organization\",\"@id\":\"https:\/\/qingdaohf.com\/bg\/#organization\",\"name\":\"Qingdao H&F\",\"url\":\"https:\/\/qingdaohf.com\/bg\/\",\"logo\":{\"@type\":\"ImageObject\",\"inLanguage\":\"lt-LT\",\"@id\":\"https:\/\/qingdaohf.com\/bg\/#\/schema\/logo\/image\/\",\"url\":\"https:\/\/qingdaohf.com\/wp-content\/uploads\/2022\/12\/cropped-HF-LOGO.png\",\"contentUrl\":\"https:\/\/qingdaohf.com\/wp-content\/uploads\/2022\/12\/cropped-HF-LOGO.png\",\"width\":391,\"height\":249,\"caption\":\"Qingdao H&F\"},\"image\":{\"@id\":\"https:\/\/qingdaohf.com\/bg\/#\/schema\/logo\/image\/\"},\"sameAs\":[\"https:\/\/www.facebook.com\/qingdaohf\"]}]}<\/script>\n<!-- \/ Yoast SEO plugin. -->","yoast_head_json":{"title":"6x19 Wire Rope","description":"6x19 wire rope is a versatile and durable type of steel wire rope, offering a blend of flexibility and strength.","robots":{"index":"index","follow":"follow","max-snippet":"max-snippet:-1","max-image-preview":"max-image-preview:large","max-video-preview":"max-video-preview:-1"},"canonical":"https:\/\/qingdaohf.com\/lt\/produktas\/6x19-vielinis-lynas\/","og_locale":"lt_LT","og_type":"article","og_title":"6x19 Wire Rope","og_description":"6x19 wire rope is a versatile and durable type of steel wire rope, offering a blend of flexibility and strength.","og_url":"https:\/\/qingdaohf.com\/lt\/produktas\/6x19-vielinis-lynas\/","og_site_name":"Concrete Form &amp; Rigging Hardware Supplier","article_publisher":"https:\/\/www.facebook.com\/qingdaohf","article_modified_time":"2025-11-13T01:02:55+00:00","og_image":[{"width":787,"height":787,"url":"https:\/\/qingdaohf.com\/wp-content\/uploads\/2024\/10\/6x19wrc_2.webp","type":"image\/webp"}],"twitter_card":"summary_large_image","twitter_misc":{"Est. reading time":"6 minut\u0117s"},"schema":{"@context":"https:\/\/schema.org","@graph":[{"@type":"WebPage","@id":"https:\/\/qingdaohf.com\/product\/6x19-wire-rope\/","url":"https:\/\/qingdaohf.com\/product\/6x19-wire-rope\/","name":"6x19 Wire Rope","isPartOf":{"@id":"https:\/\/qingdaohf.com\/bg\/#website"},"primaryImageOfPage":{"@id":"https:\/\/qingdaohf.com\/product\/6x19-wire-rope\/#primaryimage"},"image":{"@id":"https:\/\/qingdaohf.com\/product\/6x19-wire-rope\/#primaryimage"},"thumbnailUrl":"https:\/\/qingdaohf.com\/wp-content\/uploads\/2024\/10\/6x19wrc_2.webp","datePublished":"2024-10-24T09:13:03+00:00","dateModified":"2025-11-13T01:02:55+00:00","description":"6x19 wire rope is a versatile and durable type of steel wire rope, offering a blend of flexibility and strength.","breadcrumb":{"@id":"https:\/\/qingdaohf.com\/product\/6x19-wire-rope\/#breadcrumb"},"inLanguage":"lt-LT","potentialAction":[{"@type":"ReadAction","target":["https:\/\/qingdaohf.com\/product\/6x19-wire-rope\/"]}]},{"@type":"ImageObject","inLanguage":"lt-LT","@id":"https:\/\/qingdaohf.com\/product\/6x19-wire-rope\/#primaryimage","url":"https:\/\/qingdaohf.com\/wp-content\/uploads\/2024\/10\/6x19wrc_2.webp","contentUrl":"https:\/\/qingdaohf.com\/wp-content\/uploads\/2024\/10\/6x19wrc_2.webp","width":787,"height":787,"caption":"6X19 wire rope"},{"@type":"BreadcrumbList","@id":"https:\/\/qingdaohf.com\/product\/6x19-wire-rope\/#breadcrumb","itemListElement":[{"@type":"ListItem","position":1,"name":"Home","item":"https:\/\/qingdaohf.com\/"},{"@type":"ListItem","position":2,"name":"Concrete Forming Accessories and Rigging Hardware","item":"https:\/\/qingdaohf.com\/bg\/?page_id=944"},{"@type":"ListItem","position":3,"name":"6&#215;19 Wire Rope"}]},{"@type":"WebSite","@id":"https:\/\/qingdaohf.com\/bg\/#website","url":"https:\/\/qingdaohf.com\/bg\/","name":"Concrete Form & Rigging Hardware Supplier","description":"","publisher":{"@id":"https:\/\/qingdaohf.com\/bg\/#organization"},"potentialAction":[{"@type":"SearchAction","target":{"@type":"EntryPoint","urlTemplate":"https:\/\/qingdaohf.com\/bg\/?s={search_term_string}"},"query-input":{"@type":"PropertyValueSpecification","valueRequired":true,"valueName":"search_term_string"}}],"inLanguage":"lt-LT"},{"@type":"Organization","@id":"https:\/\/qingdaohf.com\/bg\/#organization","name":"Qingdao H&F","url":"https:\/\/qingdaohf.com\/bg\/","logo":{"@type":"ImageObject","inLanguage":"lt-LT","@id":"https:\/\/qingdaohf.com\/bg\/#\/schema\/logo\/image\/","url":"https:\/\/qingdaohf.com\/wp-content\/uploads\/2022\/12\/cropped-HF-LOGO.png","contentUrl":"https:\/\/qingdaohf.com\/wp-content\/uploads\/2022\/12\/cropped-HF-LOGO.png","width":391,"height":249,"caption":"Qingdao H&F"},"image":{"@id":"https:\/\/qingdaohf.com\/bg\/#\/schema\/logo\/image\/"},"sameAs":["https:\/\/www.facebook.com\/qingdaohf"]}]}},"_links":{"self":[{"href":"https:\/\/qingdaohf.com\/lt\/wp-json\/wp\/v2\/product\/8109","targetHints":{"allow":["GET"]}}],"collection":[{"href":"https:\/\/qingdaohf.com\/lt\/wp-json\/wp\/v2\/product"}],"about":[{"href":"https:\/\/qingdaohf.com\/lt\/wp-json\/wp\/v2\/types\/product"}],"replies":[{"embeddable":true,"href":"https:\/\/qingdaohf.com\/lt\/wp-json\/wp\/v2\/comments?post=8109"}],"version-history":[{"count":1,"href":"https:\/\/qingdaohf.com\/lt\/wp-json\/wp\/v2\/product\/8109\/revisions"}],"predecessor-version":[{"id":8114,"href":"https:\/\/qingdaohf.com\/lt\/wp-json\/wp\/v2\/product\/8109\/revisions\/8114"}],"wp:featuredmedia":[{"embeddable":true,"href":"https:\/\/qingdaohf.com\/lt\/wp-json\/wp\/v2\/media\/8112"}],"wp:attachment":[{"href":"https:\/\/qingdaohf.com\/lt\/wp-json\/wp\/v2\/media?parent=8109"}],"wp:term":[{"taxonomy":"product_brand","embeddable":true,"href":"https:\/\/qingdaohf.com\/lt\/wp-json\/wp\/v2\/product_brand?post=8109"},{"taxonomy":"product_cat","embeddable":true,"href":"https:\/\/qingdaohf.com\/lt\/wp-json\/wp\/v2\/product_cat?post=8109"},{"taxonomy":"product_tag","embeddable":true,"href":"https:\/\/qingdaohf.com\/lt\/wp-json\/wp\/v2\/product_tag?post=8109"}],"curies":[{"name":"wp","href":"https:\/\/api.w.org\/{rel}","templated":true}]}}