{"id":8119,"date":"2024-10-24T17:32:24","date_gmt":"2024-10-24T09:32:24","guid":{"rendered":"http:\/\/qingdaohf.com\/?post_type=product&#038;p=8119"},"modified":"2025-11-13T09:02:55","modified_gmt":"2025-11-13T01:02:55","slug":"6x36-wire-rope","status":"publish","type":"product","link":"https:\/\/qingdaohf.com\/lt\/produktas\/6x36-vielinis-lynas\/","title":{"rendered":"6\u00d736 vielos lynas"},"content":{"rendered":"<h3>6\u00d736 vielini\u0173 lyn\u0173 konstrukcijos ap\u017evalga<\/h3>\n<p>6\u00d736 vielinis lynas pripa\u017eintas d\u0117l unikalios strukt\u016bros, kurioje dera tvirtumas, ilgaam\u017ei\u0161kumas ir lankstumas. \u0160is lynas turi 6 gijas, kuri\u0173 kiekvienoje yra 36 atskiros vielos, tod\u0117l yra tankios, bet lengvai pritaikomos konfig\u016bracijos. Jo konstrukcija u\u017etikrina geresn\u012f lankstumo ir tvirtumo balans\u0105 nei kai kuri\u0173 kit\u0173 vielini\u0173 lyn\u0173, pavyzd\u017eiui, 6\u00d719 variant\u0173. D\u0117l \u0161ios konstrukcijos lynas gali daug kart\u0173 lankstytis ir jud\u0117ti nesuma\u017eindamas savo strukt\u016brinio vientisumo, tod\u0117l jis pasirenkamas pramon\u0117s \u0161akose, kuriose reikia patikim\u0173 k\u0117limo, k\u0117limo ir takela\u017eo paj\u0117gum\u0173.<\/p>\n<p>I\u0161 didelio anglies dioksido kiekio plieno pagamintas 6\u00d736 vielinis lynas sukurtas taip, kad atlaikyt\u0173 sunkias s\u0105lygas ir i\u0161laikyt\u0173 savo pagrindin\u012f stiprum\u0105. \u0160i auk\u0161tos kokyb\u0117s med\u017eiaga padidina lyno atsparum\u0105 dilimui, korozijai ir nusid\u0117v\u0117jimui, tod\u0117l jis tinka \u012fvairioms sud\u0117tingoms s\u0105lygoms. Plienin\u0117s gijos kruop\u0161\u010diai i\u0161d\u0117stytos taip, kad b\u016bt\u0173 u\u017etikrintas tolygus apkrovos pasiskirstymas, tod\u0117l vielinis lynas gali atlaikyti didelius svorius ir sud\u0117tingas darbo s\u0105lygas.<\/p>\n<h3>Bendri 6\u00d736 vielos lyno dyd\u017eiai<\/h3>\n<p>Nuo vielinio lyno dyd\u017eio pasirinkimo tiesiogiai priklauso jo stiprumas, lankstumas ir tinkamumas \u012fvairioms reikm\u0117ms. 6\u00d736 vielinis lynas yra \u012fvairi\u0173 dyd\u017ei\u0173, tod\u0117l j\u012f galima tiksliai pritaikyti, kad atitikt\u0173 konkre\u010dius \u012fvairi\u0173 pramon\u0117s \u0161ak\u0173 - nuo statyb\u0173 iki j\u016brini\u0173 operacij\u0173 - poreikius.<\/p>\n<p>3\/16 coli\u0173 6\u00d736 vielinis lynas yra universalus pasirinkimas, u\u017etikrinantis puiki\u0105 lankstumo ir tvirtumo pusiausvyr\u0105. \u0160io dyd\u017eio lynas da\u017enai naudojamas lengvesn\u0117se programose, kai tr\u016bksta vietos, pvz., atliekant nedidelio masto takela\u017eo ar kontroliuojamo k\u0117limo u\u017eduotis. Kompakti\u0161kas skersmuo leid\u017eia lengvai manevruoti ir kartu u\u017etikrina patikim\u0105 tempimo stiprumo lyg\u012f vidutin\u0117ms apkrovoms.<\/p>\n<p>Jei reikia tvirtesnio varianto, 1\/4 colio 6\u00d736 vielinis lynas u\u017etikrina didesn\u012f tvirtum\u0105, neaukojant per daug lankstumo. \u0160is dydis da\u017enai pasirenkamas tokioms reikm\u0117ms, kaip krovini\u0173 k\u0117limas ir tvirtinimas statybose ar transporte. Jis taip pat gali puikiai pasitarnauti atliekant gervi\u0173 traukimo operacijas, kai efektyviam darbui labai svarbus tvirtumo ir patogumo derinys.<\/p>\n<p>5\/16 coli\u0173 6\u00d736 vielinis lynas yra tvirtesnis pasirinkimas, u\u017etikrinantis didesnes apkrovos galimybes atliekant intensyvesnes u\u017eduotis. \u0160io dyd\u017eio lynas idealiai tinka didelio apkrovimo darbams, pavyzd\u017eiui, pramoniniams kranams, keltuvams ir laiv\u0173 takela\u017eams. D\u0117l storesnio skersmens jis gali atlaikyti didesn\u012f \u012ftempim\u0105 ir \u012ftempim\u0105, tod\u0117l tinka naudoti ten, kur labai svarbu ir tvirtumas, ir ilgaam\u017ei\u0161kumas.<\/p>\n<p>Tiems, kuriems reikia dar didesnio tvirtumo, 3\/8 coli\u0173 6\u00d736 vielinis lynas gali suteikti didel\u0119 atram\u0105 sud\u0117tingiems projektams. Jis puikiai tinka dideliems statyb\u0173 projektams ir pramoniniam naudojimui, kai reikia didel\u0117s apkrovos. Nepaisant storesnio skersmens, 3\/8 colio dyd\u017eio lynas i\u0161lieka lankstus, reikalingas tam tikriems lenkimo darbams, tod\u0117l efektyviai veikia net ir dinami\u0161komis s\u0105lygomis.<\/p>\n<h3>Pagrindiniai tipai: FC, IWS ir IWRC 6\u00d736 vielos lyn\u0173<\/h3>\n<p>Vielinio lyno \u0161erdis yra labai svarbi sudedamoji dalis, nuo kurios priklauso jo lankstumas, stiprumas ir tinkamumas \u012fvairioms reikm\u0117ms. 6\u00d736 vielinis lynas gaminamas su trij\u0173 tip\u0173 \u0161erdimis: Kiekviena i\u0161 j\u0173 pasi\u017eymi savitais privalumais skirtingoms reikm\u0117ms.<\/p>\n<p>Pluo\u0161to \u0161erdis (FC) yra lanks\u010diausia 6 \u00d7 36 vielini\u0173 lyn\u0173 \u0161erdis. \u0160i \u0161erdis gaminama i\u0161 sintetinio arba nat\u016bralaus pluo\u0161to, tod\u0117l \u0161erdies strukt\u016bra yra mink\u0161tesn\u0117 ir lankstesn\u0117. FC variantas ypa\u010d naudingas tais atvejais, kai vielinis lynas turi da\u017enai jud\u0117ti aplink skriemulius ir skriemulius, nes jo lankstumas suma\u017eina ir lyno, ir mechanizm\u0173 nusid\u0117v\u0117jim\u0105. Ta\u010diau mink\u0161tesn\u0117 \u0161erdis rei\u0161kia, kad, palyginti su plienin\u0117s \u0161erdies variantais, jis yra \u0161iek tiek ma\u017eiau tvirtas, tod\u0117l labiau tinka lengvesn\u0117ms u\u017eduotims, kuriose pirmenyb\u0117 teikiama lankstumui, o ne maksimaliai apkrovai.<\/p>\n<p>Nepriklausoma vielos gij\u0173 \u0161erdis (IWS) u\u017etikrina pusiausvyr\u0105 tarp tvirtumo ir lankstumo. IWS \u0161erd\u012f sudaro atskira vielos gija, kuri suteikia papildom\u0105 strukt\u016brin\u0119 atram\u0105 ir padidina vielinio lyno ilgaam\u017ei\u0161kum\u0105 ir tempimo stipr\u012f. \u0160is \u0161erdies tipas gerai tinka vidutinio sunkumo darbams, kai reikia vidutinio lenkimo ir jud\u0117jimo, pavyzd\u017eiui, ma\u017eesniuose kranuose arba vidutinio dyd\u017eio k\u0117limo \u012frangoje. IWS \u0161erdis u\u017etikrina, kad lynas i\u0161laikyt\u0173 savo form\u0105 veikiamas apkrovos, tod\u0117l tai patikimas pasirinkimas u\u017eduotims, kurioms reikia \u0161iek tiek daugiau tvirtumo, neaukojant per daug lankstumo.<\/p>\n<p>Tiems, kurie siekia did\u017eiausio tvirtumo, nepriklausoma vielos lyno \u0161erdis (angl. Independent Wire Rope Core, IWRC) u\u017etikrina did\u017eiausi\u0105 i\u0161 vis\u0173 \u0161erd\u017ei\u0173 tip\u0173 patvarum\u0105. IWRC yra pagamintas i\u0161 atskiro vielinio lyno, kuris padidina bendr\u0105 6 \u00d7 36 vielinio lyno stiprum\u0105, tod\u0117l jis idealiai tinka didel\u0117s apkrovos darbams. \u0160is \u0161erdies tipas paprastai naudojamas aplinkoje, kurioje labai svarbus didelis tempimo stipris, pavyzd\u017eiui, dideliuose statybiniuose kranuose, pramoniniuose keltuvuose ir j\u016brin\u0117se operacijose, pavyzd\u017eiui, vilkimo ir \u0161vartavimo. Nors IWRC \u0161erdis yra ma\u017eiau lanksti nei FC ar IWS, ta\u010diau d\u0117l geb\u0117jimo atlaikyti dideles apkrovas ir atsparumo deformacijai esant \u012ftempimui ji yra tinkamiausias pasirinkimas intensyviomis darbo s\u0105lygomis.<\/p>\n<h3>6\u00d736 vielini\u0173 lyn\u0173 taikymas ir privalumai<\/h3>\n<p>Unikalios konstrukcijos ir universalumo d\u0117ka 6\u00d736 vielinis lynas yra b\u016btinas pasirinkimas \u012fvairiose pramon\u0117s \u0161akose. Geb\u0117jimas derinti tvirtum\u0105 ir lankstum\u0105 u\u017etikrina, kad jis gali b\u016bti pritaikomas \u012fvairioms reikm\u0117ms, o jo na\u0161umas yra pastovus. D\u0117l to jis yra labai veiksminga priemon\u0117 tokioms u\u017eduotims, kaip k\u0117limas, k\u0117limas ir takela\u017eas, kur labai svarbus tikslumas ir ilgaam\u017ei\u0161kumas.<\/p>\n<p>Statybos pramon\u0117je 6\u00d736 vieliniai lynai atlieka svarb\u0173 vaidmen\u012f atliekant operacijas, susijusias su kranais, keltuvais ir kita sunki\u0105ja k\u0117limo \u012franga. Jo konstrukcija leid\u017eia skland\u017eiai valdyti skriemulius ir skriemulius, taip suma\u017einant nusid\u0117v\u0117jim\u0105 ir pailginant lyno tarnavimo laik\u0105. \u012evairios \u0161erdies galimyb\u0117s rei\u0161kia, kad naudotojai gali pasirinkti ideali\u0105 konfig\u016bracij\u0105, atitinkan\u010di\u0105 konkre\u010dius kiekvieno projekto reikalavimus, nesvarbu, ar tai rei\u0161kia, kad pirmenyb\u0117 teikiama lankstumui su FC \u0161erdimi, ar IWRC tvirtumui.<\/p>\n<p>Naudojant 6\u00d736 vielinius lynus taip pat gaunama daug naudos j\u016brin\u0117ms reikm\u0117ms. D\u0117l atsparumo dilimui ir geb\u0117jimo atlaikyti sud\u0117tingas aplinkos s\u0105lygas jis tinka tokioms j\u016brin\u0117ms u\u017eduotims kaip \u0161vartavimas, vilkimas ir \u017evejyba. Ypa\u010d IWRC \u0161erdis \u0161iose srityse yra prana\u0161esn\u0117, nes gali atlaikyti dinamines apkrovas, su kuriomis susiduriama audringoje j\u016broje ir kintan\u010diomis s\u0105lygomis. Be to, d\u0117l didelio anglies dioksido kiekio plieno konstrukcijos lynas yra atsparus koroziniam s\u016braus vandens poveikiui, tod\u0117l j\u016br\u0173 operacijose jis yra ilgaam\u017eis ir patikimas.<\/p>\n<p>Transporto ir logistikos sektoriuje 6\u00d736 vieliniai lynai naudojami kroviniams tvirtinti, sunkioms med\u017eiagoms kelti ir \u012fvairiems k\u0117limo mechanizmams palaikyti. D\u0117l subalansuotos konstrukcijos jis gali atlaikyti ir statines, ir dinamines apkrovas, pasi\u017eymi tvirtumu, reikalingu saugiems sujungimams i\u0161laikyti be pernelyg didel\u0117s apkrovos. \u0160is universalumas rei\u0161kia, kad j\u012f galima naudoti \u012fvairiose transporto srityse, pradedant krovini\u0173 tvirtinimu laivuose ir baigiant pagalba pakraunant ir i\u0161kraunant prekes sand\u0117liuose.<\/p>\n<p>Pasirink\u0119 tinkam\u0105 6\u00d736 vielinio lyno \u0161erd\u012f ir dyd\u012f, \u012fmon\u0117s gali optimizuoti savo veikl\u0105, u\u017etikrindamos, kad j\u0173 lankstumas, stiprumas ir ilgaam\u017ei\u0161kumas idealiai atitikt\u0173 konkre\u010dius poreikius. Suprasdami kiekvieno \u0161erdies tipo galimybes ir skirting\u0173 dyd\u017ei\u0173 pasekmes, naudotojai gali priimti pagr\u012fstus sprendimus, kurie maksimaliai padidina j\u0173 projekt\u0173 saugum\u0105 ir efektyvum\u0105. 6\u00d736 vielinis lynas, pasi\u017eymintis tvirta konstrukcija ir pritaikomumu, i\u0161lieka pageidaujamu pasirinkimu tiems, kurie siekia patikimumo ir na\u0161umo savo pramoniniuose, j\u016briniuose ir statyb\u0173 projektuose.<\/p>","protected":false},"excerpt":{"rendered":"<p>6\u00d736 vielinis lynas - tai didelio atsparumo, lankstus plieninis vielinis lynas, sudarytas i\u0161 6 gij\u0173, kuri\u0173 kiekvienoje yra 36 vielos. Jis pasi\u017eymi ilgaam\u017ei\u0161kumo ir lankstumo pusiausvyra, tod\u0117l tinka reikliems darbams, pavyzd\u017eiui, k\u0117limui, takeliavimui ir naudojimui j\u016broje. \u012eprastai si\u016blomi tokie dyd\u017eiai kaip 3\/16 colio, 1\/4 colio ir 5\/16 colio. 6\u00d736 vieliniai lynai paprastai gaminami i\u0161 didelio anglies dioksido kiekio plieno. J\u012f galima rinktis su skirtingomis \u0161erdimis, \u012fskaitant pluo\u0161to \u0161erd\u012f (FC), nepriklausom\u0105 vielos gij\u0173 \u0161erd\u012f (IWS) ir nepriklausom\u0105 vielos lyno \u0161erd\u012f (IWRC), tod\u0117l jo eksploatacines savybes galima pritaikyti pagal konkre\u010dius poreikius.<\/p>","protected":false},"featured_media":8117,"comment_status":"open","ping_status":"closed","template":"","meta":{"site-sidebar-layout":"default","site-content-layout":"","ast-site-content-layout":"default","site-content-style":"default","site-sidebar-style":"default","ast-global-header-display":"","ast-banner-title-visibility":"","ast-main-header-display":"","ast-hfb-above-header-display":"","ast-hfb-below-header-display":"","ast-hfb-mobile-header-display":"","site-post-title":"","ast-breadcrumbs-content":"","ast-featured-img":"","footer-sml-layout":"","theme-transparent-header-meta":"default","adv-header-id-meta":"","stick-header-meta":"default","header-above-stick-meta":"","header-main-stick-meta":"","header-below-stick-meta":"","astra-migrate-meta-layouts":"set","ast-page-background-enabled":"default","ast-page-background-meta":{"desktop":{"background-color":"","background-image":"","background-repeat":"repeat","background-position":"center center","background-size":"auto","background-attachment":"scroll","background-type":"","background-media":"","overlay-type":"","overlay-color":"","overlay-opacity":"","overlay-gradient":""},"tablet":{"background-color":"","background-image":"","background-repeat":"repeat","background-position":"center center","background-size":"auto","background-attachment":"scroll","background-type":"","background-media":"","overlay-type":"","overlay-color":"","overlay-opacity":"","overlay-gradient":""},"mobile":{"background-color":"","background-image":"","background-repeat":"repeat","background-position":"center center","background-size":"auto","background-attachment":"scroll","background-type":"","background-media":"","overlay-type":"","overlay-color":"","overlay-opacity":"","overlay-gradient":""}},"ast-content-background-meta":{"desktop":{"background-color":"var(--ast-global-color-5)","background-image":"","background-repeat":"repeat","background-position":"center center","background-size":"auto","background-attachment":"scroll","background-type":"","background-media":"","overlay-type":"","overlay-color":"","overlay-opacity":"","overlay-gradient":""},"tablet":{"background-color":"var(--ast-global-color-5)","background-image":"","background-repeat":"repeat","background-position":"center center","background-size":"auto","background-attachment":"scroll","background-type":"","background-media":"","overlay-type":"","overlay-color":"","overlay-opacity":"","overlay-gradient":""},"mobile":{"background-color":"var(--ast-global-color-5)","background-image":"","background-repeat":"repeat","background-position":"center center","background-size":"auto","background-attachment":"scroll","background-type":"","background-media":"","overlay-type":"","overlay-color":"","overlay-opacity":"","overlay-gradient":""}}},"product_brand":[],"product_cat":[37],"product_tag":[89],"class_list":{"0":"post-8119","1":"product","2":"type-product","3":"status-publish","4":"has-post-thumbnail","6":"product_cat-wire-rope","7":"product_tag-wire-rope","8":"desktop-align-left","9":"tablet-align-left","10":"mobile-align-left","11":"ast-product-gallery-layout-horizontal-slider","12":"ast-product-tabs-layout-horizontal","14":"first","15":"instock","16":"shipping-taxable","17":"purchasable","18":"product-type-simple"},"yoast_head":"<!-- This site is optimized with the Yoast SEO plugin v25.2 - https:\/\/yoast.com\/wordpress\/plugins\/seo\/ -->\n<title>6x36 Wire Rope<\/title>\n<meta name=\"description\" content=\"The 6x36 wire rope is a high-strength, flexible steel wire rope consisting of 6 strands, each containing 36 wires.\" \/>\n<meta name=\"robots\" content=\"index, follow, max-snippet:-1, max-image-preview:large, max-video-preview:-1\" \/>\n<link rel=\"canonical\" href=\"https:\/\/qingdaohf.com\/lt\/produktas\/6x36-vielinis-lynas\/\" \/>\n<meta property=\"og:locale\" content=\"lt_LT\" \/>\n<meta property=\"og:type\" content=\"article\" \/>\n<meta property=\"og:title\" content=\"6x36 Wire Rope\" \/>\n<meta property=\"og:description\" content=\"The 6x36 wire rope is a high-strength, flexible steel wire rope consisting of 6 strands, each containing 36 wires.\" \/>\n<meta property=\"og:url\" content=\"https:\/\/qingdaohf.com\/lt\/produktas\/6x36-vielinis-lynas\/\" \/>\n<meta property=\"og:site_name\" content=\"Concrete Form &amp; Rigging Hardware Supplier\" \/>\n<meta property=\"article:publisher\" content=\"https:\/\/www.facebook.com\/qingdaohf\" \/>\n<meta property=\"article:modified_time\" content=\"2025-11-13T01:02:55+00:00\" \/>\n<meta property=\"og:image\" content=\"https:\/\/qingdaohf.com\/wp-content\/uploads\/2024\/10\/6x36-IWRC-Bright-Wire-Rope.webp\" \/>\n\t<meta property=\"og:image:width\" content=\"744\" \/>\n\t<meta property=\"og:image:height\" content=\"744\" \/>\n\t<meta property=\"og:image:type\" content=\"image\/webp\" \/>\n<meta name=\"twitter:card\" content=\"summary_large_image\" \/>\n<meta name=\"twitter:label1\" content=\"Est. reading time\" \/>\n\t<meta name=\"twitter:data1\" content=\"6 minut\u0117s\" \/>\n<script type=\"application\/ld+json\" class=\"yoast-schema-graph\">{\"@context\":\"https:\/\/schema.org\",\"@graph\":[{\"@type\":\"WebPage\",\"@id\":\"https:\/\/qingdaohf.com\/product\/6x36-wire-rope\/\",\"url\":\"https:\/\/qingdaohf.com\/product\/6x36-wire-rope\/\",\"name\":\"6x36 Wire Rope\",\"isPartOf\":{\"@id\":\"https:\/\/qingdaohf.com\/bg\/#website\"},\"primaryImageOfPage\":{\"@id\":\"https:\/\/qingdaohf.com\/product\/6x36-wire-rope\/#primaryimage\"},\"image\":{\"@id\":\"https:\/\/qingdaohf.com\/product\/6x36-wire-rope\/#primaryimage\"},\"thumbnailUrl\":\"https:\/\/qingdaohf.com\/wp-content\/uploads\/2024\/10\/6x36-IWRC-Bright-Wire-Rope.webp\",\"datePublished\":\"2024-10-24T09:32:24+00:00\",\"dateModified\":\"2025-11-13T01:02:55+00:00\",\"description\":\"The 6x36 wire rope is a high-strength, flexible steel wire rope consisting of 6 strands, each containing 36 wires.\",\"breadcrumb\":{\"@id\":\"https:\/\/qingdaohf.com\/product\/6x36-wire-rope\/#breadcrumb\"},\"inLanguage\":\"lt-LT\",\"potentialAction\":[{\"@type\":\"ReadAction\",\"target\":[\"https:\/\/qingdaohf.com\/product\/6x36-wire-rope\/\"]}]},{\"@type\":\"ImageObject\",\"inLanguage\":\"lt-LT\",\"@id\":\"https:\/\/qingdaohf.com\/product\/6x36-wire-rope\/#primaryimage\",\"url\":\"https:\/\/qingdaohf.com\/wp-content\/uploads\/2024\/10\/6x36-IWRC-Bright-Wire-Rope.webp\",\"contentUrl\":\"https:\/\/qingdaohf.com\/wp-content\/uploads\/2024\/10\/6x36-IWRC-Bright-Wire-Rope.webp\",\"width\":744,\"height\":744,\"caption\":\"6x36 IWRC Wire Rope\"},{\"@type\":\"BreadcrumbList\",\"@id\":\"https:\/\/qingdaohf.com\/product\/6x36-wire-rope\/#breadcrumb\",\"itemListElement\":[{\"@type\":\"ListItem\",\"position\":1,\"name\":\"Home\",\"item\":\"https:\/\/qingdaohf.com\/\"},{\"@type\":\"ListItem\",\"position\":2,\"name\":\"Concrete Forming Accessories and Rigging Hardware\",\"item\":\"https:\/\/qingdaohf.com\/bg\/?page_id=944\"},{\"@type\":\"ListItem\",\"position\":3,\"name\":\"6&#215;36 Wire Rope\"}]},{\"@type\":\"WebSite\",\"@id\":\"https:\/\/qingdaohf.com\/bg\/#website\",\"url\":\"https:\/\/qingdaohf.com\/bg\/\",\"name\":\"Concrete Form & Rigging Hardware Supplier\",\"description\":\"\",\"publisher\":{\"@id\":\"https:\/\/qingdaohf.com\/bg\/#organization\"},\"potentialAction\":[{\"@type\":\"SearchAction\",\"target\":{\"@type\":\"EntryPoint\",\"urlTemplate\":\"https:\/\/qingdaohf.com\/bg\/?s={search_term_string}\"},\"query-input\":{\"@type\":\"PropertyValueSpecification\",\"valueRequired\":true,\"valueName\":\"search_term_string\"}}],\"inLanguage\":\"lt-LT\"},{\"@type\":\"Organization\",\"@id\":\"https:\/\/qingdaohf.com\/bg\/#organization\",\"name\":\"Qingdao H&F\",\"url\":\"https:\/\/qingdaohf.com\/bg\/\",\"logo\":{\"@type\":\"ImageObject\",\"inLanguage\":\"lt-LT\",\"@id\":\"https:\/\/qingdaohf.com\/bg\/#\/schema\/logo\/image\/\",\"url\":\"https:\/\/qingdaohf.com\/wp-content\/uploads\/2022\/12\/cropped-HF-LOGO.png\",\"contentUrl\":\"https:\/\/qingdaohf.com\/wp-content\/uploads\/2022\/12\/cropped-HF-LOGO.png\",\"width\":391,\"height\":249,\"caption\":\"Qingdao H&F\"},\"image\":{\"@id\":\"https:\/\/qingdaohf.com\/bg\/#\/schema\/logo\/image\/\"},\"sameAs\":[\"https:\/\/www.facebook.com\/qingdaohf\"]}]}<\/script>\n<!-- \/ Yoast SEO plugin. -->","yoast_head_json":{"title":"6x36 Wire Rope","description":"The 6x36 wire rope is a high-strength, flexible steel wire rope consisting of 6 strands, each containing 36 wires.","robots":{"index":"index","follow":"follow","max-snippet":"max-snippet:-1","max-image-preview":"max-image-preview:large","max-video-preview":"max-video-preview:-1"},"canonical":"https:\/\/qingdaohf.com\/lt\/produktas\/6x36-vielinis-lynas\/","og_locale":"lt_LT","og_type":"article","og_title":"6x36 Wire Rope","og_description":"The 6x36 wire rope is a high-strength, flexible steel wire rope consisting of 6 strands, each containing 36 wires.","og_url":"https:\/\/qingdaohf.com\/lt\/produktas\/6x36-vielinis-lynas\/","og_site_name":"Concrete Form &amp; Rigging Hardware Supplier","article_publisher":"https:\/\/www.facebook.com\/qingdaohf","article_modified_time":"2025-11-13T01:02:55+00:00","og_image":[{"width":744,"height":744,"url":"https:\/\/qingdaohf.com\/wp-content\/uploads\/2024\/10\/6x36-IWRC-Bright-Wire-Rope.webp","type":"image\/webp"}],"twitter_card":"summary_large_image","twitter_misc":{"Est. reading time":"6 minut\u0117s"},"schema":{"@context":"https:\/\/schema.org","@graph":[{"@type":"WebPage","@id":"https:\/\/qingdaohf.com\/product\/6x36-wire-rope\/","url":"https:\/\/qingdaohf.com\/product\/6x36-wire-rope\/","name":"6x36 Wire Rope","isPartOf":{"@id":"https:\/\/qingdaohf.com\/bg\/#website"},"primaryImageOfPage":{"@id":"https:\/\/qingdaohf.com\/product\/6x36-wire-rope\/#primaryimage"},"image":{"@id":"https:\/\/qingdaohf.com\/product\/6x36-wire-rope\/#primaryimage"},"thumbnailUrl":"https:\/\/qingdaohf.com\/wp-content\/uploads\/2024\/10\/6x36-IWRC-Bright-Wire-Rope.webp","datePublished":"2024-10-24T09:32:24+00:00","dateModified":"2025-11-13T01:02:55+00:00","description":"The 6x36 wire rope is a high-strength, flexible steel wire rope consisting of 6 strands, each containing 36 wires.","breadcrumb":{"@id":"https:\/\/qingdaohf.com\/product\/6x36-wire-rope\/#breadcrumb"},"inLanguage":"lt-LT","potentialAction":[{"@type":"ReadAction","target":["https:\/\/qingdaohf.com\/product\/6x36-wire-rope\/"]}]},{"@type":"ImageObject","inLanguage":"lt-LT","@id":"https:\/\/qingdaohf.com\/product\/6x36-wire-rope\/#primaryimage","url":"https:\/\/qingdaohf.com\/wp-content\/uploads\/2024\/10\/6x36-IWRC-Bright-Wire-Rope.webp","contentUrl":"https:\/\/qingdaohf.com\/wp-content\/uploads\/2024\/10\/6x36-IWRC-Bright-Wire-Rope.webp","width":744,"height":744,"caption":"6x36 IWRC Wire Rope"},{"@type":"BreadcrumbList","@id":"https:\/\/qingdaohf.com\/product\/6x36-wire-rope\/#breadcrumb","itemListElement":[{"@type":"ListItem","position":1,"name":"Home","item":"https:\/\/qingdaohf.com\/"},{"@type":"ListItem","position":2,"name":"Concrete Forming Accessories and Rigging Hardware","item":"https:\/\/qingdaohf.com\/bg\/?page_id=944"},{"@type":"ListItem","position":3,"name":"6&#215;36 Wire Rope"}]},{"@type":"WebSite","@id":"https:\/\/qingdaohf.com\/bg\/#website","url":"https:\/\/qingdaohf.com\/bg\/","name":"Concrete Form & Rigging Hardware Supplier","description":"","publisher":{"@id":"https:\/\/qingdaohf.com\/bg\/#organization"},"potentialAction":[{"@type":"SearchAction","target":{"@type":"EntryPoint","urlTemplate":"https:\/\/qingdaohf.com\/bg\/?s={search_term_string}"},"query-input":{"@type":"PropertyValueSpecification","valueRequired":true,"valueName":"search_term_string"}}],"inLanguage":"lt-LT"},{"@type":"Organization","@id":"https:\/\/qingdaohf.com\/bg\/#organization","name":"Qingdao H&F","url":"https:\/\/qingdaohf.com\/bg\/","logo":{"@type":"ImageObject","inLanguage":"lt-LT","@id":"https:\/\/qingdaohf.com\/bg\/#\/schema\/logo\/image\/","url":"https:\/\/qingdaohf.com\/wp-content\/uploads\/2022\/12\/cropped-HF-LOGO.png","contentUrl":"https:\/\/qingdaohf.com\/wp-content\/uploads\/2022\/12\/cropped-HF-LOGO.png","width":391,"height":249,"caption":"Qingdao H&F"},"image":{"@id":"https:\/\/qingdaohf.com\/bg\/#\/schema\/logo\/image\/"},"sameAs":["https:\/\/www.facebook.com\/qingdaohf"]}]}},"_links":{"self":[{"href":"https:\/\/qingdaohf.com\/lt\/wp-json\/wp\/v2\/product\/8119","targetHints":{"allow":["GET"]}}],"collection":[{"href":"https:\/\/qingdaohf.com\/lt\/wp-json\/wp\/v2\/product"}],"about":[{"href":"https:\/\/qingdaohf.com\/lt\/wp-json\/wp\/v2\/types\/product"}],"replies":[{"embeddable":true,"href":"https:\/\/qingdaohf.com\/lt\/wp-json\/wp\/v2\/comments?post=8119"}],"version-history":[{"count":1,"href":"https:\/\/qingdaohf.com\/lt\/wp-json\/wp\/v2\/product\/8119\/revisions"}],"predecessor-version":[{"id":8120,"href":"https:\/\/qingdaohf.com\/lt\/wp-json\/wp\/v2\/product\/8119\/revisions\/8120"}],"wp:featuredmedia":[{"embeddable":true,"href":"https:\/\/qingdaohf.com\/lt\/wp-json\/wp\/v2\/media\/8117"}],"wp:attachment":[{"href":"https:\/\/qingdaohf.com\/lt\/wp-json\/wp\/v2\/media?parent=8119"}],"wp:term":[{"taxonomy":"product_brand","embeddable":true,"href":"https:\/\/qingdaohf.com\/lt\/wp-json\/wp\/v2\/product_brand?post=8119"},{"taxonomy":"product_cat","embeddable":true,"href":"https:\/\/qingdaohf.com\/lt\/wp-json\/wp\/v2\/product_cat?post=8119"},{"taxonomy":"product_tag","embeddable":true,"href":"https:\/\/qingdaohf.com\/lt\/wp-json\/wp\/v2\/product_tag?post=8119"}],"curies":[{"name":"wp","href":"https:\/\/api.w.org\/{rel}","templated":true}]}}