{"id":8125,"date":"2024-10-24T17:39:48","date_gmt":"2024-10-24T09:39:48","guid":{"rendered":"http:\/\/qingdaohf.com\/?post_type=product&#038;p=8125"},"modified":"2025-11-13T09:02:55","modified_gmt":"2025-11-13T01:02:55","slug":"6x37-wire-rope","status":"publish","type":"product","link":"https:\/\/qingdaohf.com\/lt\/produktas\/6x37-vielinis-lynas\/","title":{"rendered":"6\u00d737 vielos lynas"},"content":{"rendered":"<h3><strong>Kas yra 6X37 vielos lynas<\/strong><\/h3>\n<p>6X37 vielinis lynas yra universalus ir pla\u010diai naudojamas vielinio lyno tipas, kur\u012f sudaro \u0161e\u0161ios gijos, o kiekvien\u0105 gij\u0105 sudaro 37 atskiros vielos. D\u0117l tokios sud\u0117ties vielinis lynas yra lankstesnis, palyginti su kitais tipais, tokiais kaip 6X19, tod\u0117l idealiai tinka naudoti ten, kur svarbus lenkimas ir lankstumas. D\u0117l 6X37 konstrukcijos lynas atlaiko daugkartin\u012f lenkim\u0105 per skriemulius, tod\u0117l padid\u0117ja jo atsparumas nuovargiui. D\u0117l savo stiprumo ir lankstumo derinio 6X37 vielinis lynas da\u017enai naudojamas tokiose pramon\u0117s \u0161akose kaip statyba, laivyba ir kasyba.<\/p>\n<p>Lynas paprastai gaminamas i\u0161 didelio anglies dioksido kiekio plieno, kuris pasi\u017eymi tvirtumu ir ilgaam\u017ei\u0161kumu. Kai kurie variantai taip pat gali b\u016bti gaminami i\u0161 ner\u016bdijan\u010diojo arba cinkuoto plieno, priklausomai nuo paskirties. Ner\u016bdijantis plienas pasi\u017eymi geresniu atsparumu korozijai, ypa\u010d j\u016brin\u0117je aplinkoje, o cinkuotas plienas u\u017etikrina vidutin\u0119 apsaug\u0105 nuo r\u016bd\u017ei\u0173 u\u017e prieinamesn\u0119 kain\u0105.<\/p>\n<h3><strong>\u012eprasti 6X37 vielos lyno dyd\u017eiai ir \u0161erdys<\/strong><\/h3>\n<p>Vielinis lynas da\u017enai matuojamas pagal jo skersmen\u012f, o 6X37 tipo lynai yra \u012fvairi\u0173 dyd\u017ei\u0173, tinkam\u0173 \u012fvairioms reikm\u0117ms. Pavyzd\u017eiui, lengvesniems darbams gali b\u016bti tinkamas 1\/16 colio 6X37 vielinis lynas. \u0160is dydis da\u017enai naudojamas tais atvejais, kai reikalinga minimali apkrova, bet b\u016btinas lankstumas ir atsparumas nusid\u0117v\u0117jimui, pavyzd\u017eiui, atliekant nedideles k\u0117limo operacijas arba naudojant lengvas skriemuli\u0173 sistemas. Did\u0117jant dyd\u017eiui, 3\/32 colio 6X37 lynas paprastai naudojamas aplinkoje, kurioje reikia \u0161iek tiek didesn\u0117s laikomosios galios, neaukojant lankstumo. Jis gali b\u016bti naudojamas pastoli\u0173 ar lengv\u0173 takela\u017eo operacij\u0173 metu.<\/p>\n<p>Did\u0117jant skersmeniui, did\u0117ja ir vielinio lyno laikomoji galia. Pavyzd\u017eiui, 1\/8 colio 6X37 vielinis lynas gali atlaikyti vidutines apkrovas ir da\u017enai naudojamas pramonin\u0117se k\u0117limo u\u017eduotyse, keltuvuose ir lift\u0173 sistemose. Didesni\u0173 apkrov\u0173 reikalaujantis 5\/32 colio 6X37 lynas yra labai tvirtas, ta\u010diau i\u0161laiko lankstum\u0105, tod\u0117l idealiai tinka naudoti kranuose, gerv\u0117se ar gilinimo \u012frangoje.<\/p>\n<p><img fetchpriority=\"high\" decoding=\"async\" class=\"alignnone size-full wp-image-8129\" src=\"http:\/\/qingdaohf.com\/wp-content\/uploads\/2024\/10\/6X37-wire-rope.webp\" alt=\"6X37 vielinis lynas\" width=\"1338\" height=\"412\" srcset=\"https:\/\/qingdaohf.com\/wp-content\/uploads\/2024\/10\/6X37-wire-rope.webp 1338w, https:\/\/qingdaohf.com\/wp-content\/uploads\/2024\/10\/6X37-wire-rope-300x92.webp 300w, https:\/\/qingdaohf.com\/wp-content\/uploads\/2024\/10\/6X37-wire-rope-1024x315.webp 1024w, https:\/\/qingdaohf.com\/wp-content\/uploads\/2024\/10\/6X37-wire-rope-768x236.webp 768w, https:\/\/qingdaohf.com\/wp-content\/uploads\/2024\/10\/6X37-wire-rope-18x6.webp 18w, https:\/\/qingdaohf.com\/wp-content\/uploads\/2024\/10\/6X37-wire-rope-1000x308.webp 1000w\" sizes=\"(max-width: 1338px) 100vw, 1338px\" \/><\/p>\n<p>Kalbant apie \u0161erdis, 6X37 vielinis lynas paprastai turi tris \u0161erd\u017ei\u0173 variantus:<\/p>\n<p><strong>Pluo\u0161to \u0161erdis (FC):<\/strong> Pluo\u0161to \u0161erdies vielos lynams naudojami nat\u016bral\u016bs arba sintetiniai pluo\u0161tai, kurie suteikia lynams daugiau lankstumo. Nors \u0161ie lynai n\u0117ra tokie stipr\u016bs kaip lynai su vielos \u0161erdimis, jie yra lengvesni ir lankstesni, tod\u0117l tinka tam tikroms reikm\u0117ms, kai lankstumui teikiama pirmenyb\u0117 prie\u0161 stiprum\u0105. Pluo\u0161to \u0161erdis taip pat gali pad\u0117ti absorbuoti tepal\u0105, kuris prailgina lyno tarnavimo laik\u0105, nes suma\u017eina trint\u012f ir nusid\u0117v\u0117jim\u0105.<\/p>\n<p><strong>Nepriklausoma vielos lyno \u0161erdis (IWRC):<\/strong> \u0160i\u0105 \u0161erd\u012f sudaro atskiras vielinis lynas, einantis per pagrindinio lyno centr\u0105. IWRC padidina virv\u0117s tvirtum\u0105 ir padidina jos atsparum\u0105 gniu\u017edymui ir deformacijai esant didel\u0117ms apkrovoms. Be to, ji u\u017etikrina geresn\u012f atsparum\u0105 auk\u0161tai temperat\u016brai, tod\u0117l IWRC 6X37 lynai yra geriausias pasirinkimas sud\u0117tingoje pramonin\u0117je aplinkoje, pavyzd\u017eiui, kalnakasybos ar laiv\u0173 takela\u017eo operacijose.<\/p>\n<p><strong>Vielos \u0161erdis (WSC):<\/strong> \u0160ioje konfig\u016bracijoje vietoj pluo\u0161to ar nepriklausomo lyno kaip \u0161erdis naudojama vielos gija. WSC u\u017etikrina pusiausvyr\u0105 tarp pluo\u0161to \u0161erdies lankstumo ir IWRC tvirtumo. Jis paprastai naudojamas tokiose srityse, kuriose reikia vidutinio lankstumo ir tvirtumo, pavyzd\u017eiui, tiltiniuose kranuose arba didel\u0117s apkrovos gerv\u0117se.<\/p>\n<h3><strong>Med\u017eiagos ir stiprumo charakteristikos<\/strong><\/h3>\n<p>6X37 vielinis lynas paprastai gaminamas i\u0161 didelio anglies dioksido kiekio plieno, kuris suteikia jam stiprumo, reikalingo darbui sunkiomis s\u0105lygomis. Anglinis plienas, pasi\u017eymintis puikiu tempimo stipriu, u\u017etikrina, kad lynas atlaikyt\u0173 dideles apkrovas ir nesul\u016b\u017et\u0173 ar nesideformuot\u0173 veikiamas streso. Be to, jis termi\u0161kai apdorojamas, kad padid\u0117t\u0173 jo tvirtumas, o tai ypa\u010d svarbu naudojant ekstremaliose temperat\u016brose arba veikiant at\u0161iauriems elementams.<\/p>\n<p>Tais atvejais, kai atsparumas korozijai yra svarbiausias prioritetas, gali b\u016bti naudojami ner\u016bdijan\u010dio plieno 6X37 vieliniai lynai. Ner\u016bdijantis plienas pasi\u017eymi ypatingu atsparumu r\u016bdims ir korozijai, tod\u0117l idealiai tinka j\u016briniam naudojimui, kai d\u0117l s\u016braus vandens poveikio kitos med\u017eiagos gali suprast\u0117ti. Kita vertus, cinkuotas plieninis 6X37 vielinis lynas yra padengtas apsaugine cinko danga, kuri padeda apsaugoti nuo r\u016bd\u017ei\u0173, ta\u010diau jo atsparumas korozijai n\u0117ra toks pat didelis kaip ner\u016bdijan\u010dio plieno. Ta\u010diau cinkuoti variantai paprastai yra ekonomi\u0161kesni.<\/p>\n<p>Viena i\u0161 i\u0161skirtini\u0173 6X37 vielinio lyno savybi\u0173 yra jo lankstumas. D\u0117l didesnio viel\u0173 skai\u010diaus kiekvienoje sijoje (37) lynas gali lengviau lankstytis nei kit\u0173 konfig\u016bracij\u0173, pavyzd\u017eiui, 6X19 vielinis lynas, kurio kiekvienoje sijoje yra ma\u017eiau viel\u0173. D\u0117l \u0161io lankstumo lynas gerai tinka naudoti ten, kur jis da\u017enai lenkiamas arba kur j\u012f reikia perkelti per skriemulius ar skriemulius. Tokia konstrukcija padeda suma\u017einti nuovarg\u012f ir prailginti lyno tarnavimo laik\u0105 tokiose situacijose.<\/p>\n<h3><strong>6X37 vielos lyno naudojimo b\u016bdai<\/strong><\/h3>\n<p>D\u0117l savo universalumo 6X37 vielinis lynas naudojamas \u012fvairiose pramon\u0117s \u0161akose ir srityse. Statybose jis gali b\u016bti naudojamas k\u0117limo \u012frangai, pastoli\u0173 laikymui arba kran\u0173 darbams. D\u0117l savo lankstumo ir atsparumo nusid\u0117v\u0117jimui jis idealiai tinka pasikartojan\u010dioms k\u0117limo u\u017eduotims, kai lynas da\u017enai lenkiamas ir tempiamas. Jis taip pat naudojamas transporto sektoriuje, kur naudojamas kaip laiv\u0173 takela\u017eo dalis arba kaip transporto priemoni\u0173 vilkimo lynas.<\/p>\n<p>J\u016br\u0173 pramon\u0117je ner\u016bdijan\u010diojo plieno 6X37 vielinio lyno versijos da\u017enai naudojamos \u0161vartavimosi lynams, takela\u017eams ir kitoms reikm\u0117ms, kurioms reikalingas atsparumas korozijai. \u0160is lynas yra atsparus at\u0161iaurioms s\u016braus vandens s\u0105lygoms, tod\u0117l puikiai tinka j\u016brin\u0117ms reikm\u0117ms. Taip pat jis pla\u010diai naudojamas kasybos pramon\u0117je, kur jis naudojamas k\u0117limo \u012frangoje, draglainuose ir sunkiems kroviniams traukti. Didelio anglies dioksido kiekio plieno konstrukcija u\u017etikrina reikiam\u0105 tvirtum\u0105 ir ilgaam\u017ei\u0161kum\u0105, kad b\u016bt\u0173 galima dirbti tokiomis at\u0161iauriomis s\u0105lygomis.<\/p>\n<p>Dar vienas da\u017enas 6X37 vielinio lyno panaudojimo b\u016bdas - liftai ir k\u0117limo sistemos. Lankstus lynas u\u017etikrina skland\u0173 veikim\u0105 judant per skriemulius ir skriemulius, o jo tvirtumas leid\u017eia i\u0161laikyti lifto kabinos ir joje esan\u010di\u0173 \u017emoni\u0173 svor\u012f. \u0160iame kontekste da\u017enai teikiama pirmenyb\u0117 IWRC \u0161erd\u017eiai, nes ji u\u017etikrina tvirtum\u0105 ir ilgaam\u017ei\u0161kum\u0105, reikaling\u0105 ilgalaikiam naudojimui didel\u0117s apkrovos aplinkoje.<\/p>\n<h3><strong>Ilgaam\u017ei\u0161kumas ir prie\u017ei\u016bra<\/strong><\/h3>\n<p>6X37 vielinis lynas sukurtas taip, kad b\u016bt\u0173 ilgaam\u017eis, ypa\u010d aplinkoje, kurioje jis patiria pasikartojan\u010di\u0105 \u012ftamp\u0105, lenkim\u0105 ir element\u0173 poveik\u012f. Ta\u010diau, kaip ir visus vielinius lynus, jam reikia reguliarios prie\u017ei\u016bros, kad b\u016bt\u0173 u\u017etikrintas jo ilgaam\u017ei\u0161kumas. Tinkamas tepimas yra labai svarbus siekiant i\u0161vengti vidin\u0117s trinties tarp atskir\u0173 viel\u0173 ir gij\u0173, kuri gali sukelti prie\u0161laikin\u012f nusid\u0117v\u0117jim\u0105. Pluo\u0161to \u0161erdies lynai ypa\u010d gerai sugeria tepal\u0105, o IWRC ir WSC \u0161erdims naudinga reguliariai naudoti i\u0161orinius tepalus.<\/p>\n<p>Norint u\u017etikrinti saugum\u0105 ir na\u0161um\u0105, b\u016btina reguliariai tikrinti, ar n\u0117ra nusid\u0117v\u0117jimo po\u017eymi\u0173, pavyzd\u017eiui, nutr\u016bkusi\u0173 viel\u0173, korozijos ar suplon\u0117jimo. D\u0117l savo lankstumo lynas yra atsparus nuovargiui, ta\u010diau laikui b\u0117gant net ir patys patvariausi vieliniai lynai \u0161iek tiek nusid\u0117vi. Laikantis gamintojo nurodym\u0173 d\u0117l tikrinimo ir keitimo, galima u\u017etikrinti, kad lynas kuo ilgiau i\u0161likt\u0173 optimalios b\u016bkl\u0117s.<\/p>\n<h3><strong>I\u0161vada<\/strong><\/h3>\n<p>6X37 vielinis lynas d\u0117l savo lankstumo, tvirtumo ir ilgaam\u017ei\u0161kumo derinio yra puikus pasirinkimas \u012fvairioms pramonin\u0117ms ir komercin\u0117ms reikm\u0117ms. J\u012f galima rinktis i\u0161 \u012fvairi\u0173 dyd\u017ei\u0173, pavyzd\u017eiui, 1\/16 colio, 3\/32 colio, 1\/8 colio ir 5\/32 colio, tod\u0117l j\u012f galima pritaikyti konkretiems \u012fvairi\u0173 operacij\u0173 poreikiams. Nesvarbu, ar jis naudojamas statybose, j\u016brin\u0117je aplinkoje, ar sunkiojoje k\u0117limo \u012frangoje, 6X37 vielinis lynas u\u017etikrina na\u0161um\u0105 ir patikimum\u0105, reikaling\u0105 saugiai ir efektyviai atlikti darb\u0105. Naudojant tinkam\u0105 \u0161erd\u012f ir tinkamai pri\u017ei\u016brint, jis gali ilgai tarnauti net ir sud\u0117tingiausiomis s\u0105lygomis.<\/p>","protected":false},"excerpt":{"rendered":"<p>6X37 vielinis lynas yra lankstus, daugiasi\u016blis vielinis lynas, paprastai naudojamas \u012fvairiose pramonin\u0117se ir komercin\u0117se srityse. Paprastai jis gaminamas i\u0161 auk\u0161tos kokyb\u0117s anglinio plieno ir yra \u012fvairi\u0173 dyd\u017ei\u0173, pavyzd\u017eiui, 1\/16 colio, 1\/8 colio ir 5\/32 colio. \u0160is lynas turi didesn\u012f viel\u0173 skai\u010di\u0173 kiekvienoje sijoje, o tai u\u017etikrina puik\u0173 lankstum\u0105 ir atsparum\u0105 nuovargiui. Jis gaminamas su \u012fvairi\u0173 tip\u0173 \u0161erdimis, pavyzd\u017eiui, pluo\u0161tine \u0161erdimi (FC), nepriklausoma vielinio lyno \u0161erdimi (IWRC) arba vielos gij\u0173 \u0161erdimi (WSC), kuri\u0173 kiekviena suteikia unikali\u0173 privalum\u0173, priklausomai nuo numatyto naudojimo b\u016bdo.<\/p>","protected":false},"featured_media":8126,"comment_status":"open","ping_status":"closed","template":"","meta":{"site-sidebar-layout":"default","site-content-layout":"","ast-site-content-layout":"default","site-content-style":"default","site-sidebar-style":"default","ast-global-header-display":"","ast-banner-title-visibility":"","ast-main-header-display":"","ast-hfb-above-header-display":"","ast-hfb-below-header-display":"","ast-hfb-mobile-header-display":"","site-post-title":"","ast-breadcrumbs-content":"","ast-featured-img":"","footer-sml-layout":"","theme-transparent-header-meta":"default","adv-header-id-meta":"","stick-header-meta":"default","header-above-stick-meta":"","header-main-stick-meta":"","header-below-stick-meta":"","astra-migrate-meta-layouts":"set","ast-page-background-enabled":"default","ast-page-background-meta":{"desktop":{"background-color":"","background-image":"","background-repeat":"repeat","background-position":"center center","background-size":"auto","background-attachment":"scroll","background-type":"","background-media":"","overlay-type":"","overlay-color":"","overlay-opacity":"","overlay-gradient":""},"tablet":{"background-color":"","background-image":"","background-repeat":"repeat","background-position":"center center","background-size":"auto","background-attachment":"scroll","background-type":"","background-media":"","overlay-type":"","overlay-color":"","overlay-opacity":"","overlay-gradient":""},"mobile":{"background-color":"","background-image":"","background-repeat":"repeat","background-position":"center center","background-size":"auto","background-attachment":"scroll","background-type":"","background-media":"","overlay-type":"","overlay-color":"","overlay-opacity":"","overlay-gradient":""}},"ast-content-background-meta":{"desktop":{"background-color":"var(--ast-global-color-5)","background-image":"","background-repeat":"repeat","background-position":"center center","background-size":"auto","background-attachment":"scroll","background-type":"","background-media":"","overlay-type":"","overlay-color":"","overlay-opacity":"","overlay-gradient":""},"tablet":{"background-color":"var(--ast-global-color-5)","background-image":"","background-repeat":"repeat","background-position":"center center","background-size":"auto","background-attachment":"scroll","background-type":"","background-media":"","overlay-type":"","overlay-color":"","overlay-opacity":"","overlay-gradient":""},"mobile":{"background-color":"var(--ast-global-color-5)","background-image":"","background-repeat":"repeat","background-position":"center center","background-size":"auto","background-attachment":"scroll","background-type":"","background-media":"","overlay-type":"","overlay-color":"","overlay-opacity":"","overlay-gradient":""}}},"product_brand":[],"product_cat":[37],"product_tag":[89],"class_list":{"0":"post-8125","1":"product","2":"type-product","3":"status-publish","4":"has-post-thumbnail","6":"product_cat-wire-rope","7":"product_tag-wire-rope","8":"desktop-align-left","9":"tablet-align-left","10":"mobile-align-left","11":"ast-product-gallery-layout-horizontal-slider","12":"ast-product-gallery-with-no-image","13":"ast-product-tabs-layout-horizontal","15":"first","16":"instock","17":"shipping-taxable","18":"purchasable","19":"product-type-simple"},"yoast_head":"<!-- This site is optimized with the Yoast SEO plugin v25.2 - https:\/\/yoast.com\/wordpress\/plugins\/seo\/ -->\n<title>6x37 Wire Rope<\/title>\n<meta name=\"description\" content=\"6X37 wire rope is a flexible, multi-strand wire rope commonly used in various industrial and commercial applications.\" \/>\n<meta name=\"robots\" content=\"index, follow, max-snippet:-1, max-image-preview:large, max-video-preview:-1\" \/>\n<link rel=\"canonical\" href=\"https:\/\/qingdaohf.com\/lt\/produktas\/6x37-vielinis-lynas\/\" \/>\n<meta property=\"og:locale\" content=\"lt_LT\" \/>\n<meta property=\"og:type\" content=\"article\" \/>\n<meta property=\"og:title\" content=\"6x37 Wire Rope\" \/>\n<meta property=\"og:description\" content=\"6X37 wire rope is a flexible, multi-strand wire rope commonly used in various industrial and commercial applications.\" \/>\n<meta property=\"og:url\" content=\"https:\/\/qingdaohf.com\/lt\/produktas\/6x37-vielinis-lynas\/\" \/>\n<meta property=\"og:site_name\" content=\"Concrete Form &amp; Rigging Hardware Supplier\" \/>\n<meta property=\"article:publisher\" content=\"https:\/\/www.facebook.com\/qingdaohf\" \/>\n<meta property=\"article:modified_time\" content=\"2025-11-13T01:02:55+00:00\" \/>\n<meta property=\"og:image\" content=\"https:\/\/qingdaohf.com\/wp-content\/uploads\/2024\/10\/6x37-FC-WIRE-ROPE.webp\" \/>\n\t<meta property=\"og:image:width\" content=\"744\" \/>\n\t<meta property=\"og:image:height\" content=\"744\" \/>\n\t<meta property=\"og:image:type\" content=\"image\/webp\" \/>\n<meta name=\"twitter:card\" content=\"summary_large_image\" \/>\n<meta name=\"twitter:label1\" content=\"Est. reading time\" \/>\n\t<meta name=\"twitter:data1\" content=\"6 minut\u0117s\" \/>\n<script type=\"application\/ld+json\" class=\"yoast-schema-graph\">{\"@context\":\"https:\/\/schema.org\",\"@graph\":[{\"@type\":\"WebPage\",\"@id\":\"https:\/\/qingdaohf.com\/product\/6x37-wire-rope\/\",\"url\":\"https:\/\/qingdaohf.com\/product\/6x37-wire-rope\/\",\"name\":\"6x37 Wire Rope\",\"isPartOf\":{\"@id\":\"https:\/\/qingdaohf.com\/bg\/#website\"},\"primaryImageOfPage\":{\"@id\":\"https:\/\/qingdaohf.com\/product\/6x37-wire-rope\/#primaryimage\"},\"image\":{\"@id\":\"https:\/\/qingdaohf.com\/product\/6x37-wire-rope\/#primaryimage\"},\"thumbnailUrl\":\"https:\/\/qingdaohf.com\/wp-content\/uploads\/2024\/10\/6x37-FC-WIRE-ROPE.webp\",\"datePublished\":\"2024-10-24T09:39:48+00:00\",\"dateModified\":\"2025-11-13T01:02:55+00:00\",\"description\":\"6X37 wire rope is a flexible, multi-strand wire rope commonly used in various industrial and commercial applications.\",\"breadcrumb\":{\"@id\":\"https:\/\/qingdaohf.com\/product\/6x37-wire-rope\/#breadcrumb\"},\"inLanguage\":\"lt-LT\",\"potentialAction\":[{\"@type\":\"ReadAction\",\"target\":[\"https:\/\/qingdaohf.com\/product\/6x37-wire-rope\/\"]}]},{\"@type\":\"ImageObject\",\"inLanguage\":\"lt-LT\",\"@id\":\"https:\/\/qingdaohf.com\/product\/6x37-wire-rope\/#primaryimage\",\"url\":\"https:\/\/qingdaohf.com\/wp-content\/uploads\/2024\/10\/6x37-FC-WIRE-ROPE.webp\",\"contentUrl\":\"https:\/\/qingdaohf.com\/wp-content\/uploads\/2024\/10\/6x37-FC-WIRE-ROPE.webp\",\"width\":744,\"height\":744,\"caption\":\"6x37 FC WIRE ROPE\"},{\"@type\":\"BreadcrumbList\",\"@id\":\"https:\/\/qingdaohf.com\/product\/6x37-wire-rope\/#breadcrumb\",\"itemListElement\":[{\"@type\":\"ListItem\",\"position\":1,\"name\":\"Home\",\"item\":\"https:\/\/qingdaohf.com\/\"},{\"@type\":\"ListItem\",\"position\":2,\"name\":\"Concrete Forming Accessories and Rigging Hardware\",\"item\":\"https:\/\/qingdaohf.com\/bg\/?page_id=944\"},{\"@type\":\"ListItem\",\"position\":3,\"name\":\"6&#215;37 Wire Rope\"}]},{\"@type\":\"WebSite\",\"@id\":\"https:\/\/qingdaohf.com\/bg\/#website\",\"url\":\"https:\/\/qingdaohf.com\/bg\/\",\"name\":\"Concrete Form & Rigging Hardware Supplier\",\"description\":\"\",\"publisher\":{\"@id\":\"https:\/\/qingdaohf.com\/bg\/#organization\"},\"potentialAction\":[{\"@type\":\"SearchAction\",\"target\":{\"@type\":\"EntryPoint\",\"urlTemplate\":\"https:\/\/qingdaohf.com\/bg\/?s={search_term_string}\"},\"query-input\":{\"@type\":\"PropertyValueSpecification\",\"valueRequired\":true,\"valueName\":\"search_term_string\"}}],\"inLanguage\":\"lt-LT\"},{\"@type\":\"Organization\",\"@id\":\"https:\/\/qingdaohf.com\/bg\/#organization\",\"name\":\"Qingdao H&F\",\"url\":\"https:\/\/qingdaohf.com\/bg\/\",\"logo\":{\"@type\":\"ImageObject\",\"inLanguage\":\"lt-LT\",\"@id\":\"https:\/\/qingdaohf.com\/bg\/#\/schema\/logo\/image\/\",\"url\":\"https:\/\/qingdaohf.com\/wp-content\/uploads\/2022\/12\/cropped-HF-LOGO.png\",\"contentUrl\":\"https:\/\/qingdaohf.com\/wp-content\/uploads\/2022\/12\/cropped-HF-LOGO.png\",\"width\":391,\"height\":249,\"caption\":\"Qingdao H&F\"},\"image\":{\"@id\":\"https:\/\/qingdaohf.com\/bg\/#\/schema\/logo\/image\/\"},\"sameAs\":[\"https:\/\/www.facebook.com\/qingdaohf\"]}]}<\/script>\n<!-- \/ Yoast SEO plugin. -->","yoast_head_json":{"title":"6x37 Wire Rope","description":"6X37 wire rope is a flexible, multi-strand wire rope commonly used in various industrial and commercial applications.","robots":{"index":"index","follow":"follow","max-snippet":"max-snippet:-1","max-image-preview":"max-image-preview:large","max-video-preview":"max-video-preview:-1"},"canonical":"https:\/\/qingdaohf.com\/lt\/produktas\/6x37-vielinis-lynas\/","og_locale":"lt_LT","og_type":"article","og_title":"6x37 Wire Rope","og_description":"6X37 wire rope is a flexible, multi-strand wire rope commonly used in various industrial and commercial applications.","og_url":"https:\/\/qingdaohf.com\/lt\/produktas\/6x37-vielinis-lynas\/","og_site_name":"Concrete Form &amp; Rigging Hardware Supplier","article_publisher":"https:\/\/www.facebook.com\/qingdaohf","article_modified_time":"2025-11-13T01:02:55+00:00","og_image":[{"width":744,"height":744,"url":"https:\/\/qingdaohf.com\/wp-content\/uploads\/2024\/10\/6x37-FC-WIRE-ROPE.webp","type":"image\/webp"}],"twitter_card":"summary_large_image","twitter_misc":{"Est. reading time":"6 minut\u0117s"},"schema":{"@context":"https:\/\/schema.org","@graph":[{"@type":"WebPage","@id":"https:\/\/qingdaohf.com\/product\/6x37-wire-rope\/","url":"https:\/\/qingdaohf.com\/product\/6x37-wire-rope\/","name":"6x37 Wire Rope","isPartOf":{"@id":"https:\/\/qingdaohf.com\/bg\/#website"},"primaryImageOfPage":{"@id":"https:\/\/qingdaohf.com\/product\/6x37-wire-rope\/#primaryimage"},"image":{"@id":"https:\/\/qingdaohf.com\/product\/6x37-wire-rope\/#primaryimage"},"thumbnailUrl":"https:\/\/qingdaohf.com\/wp-content\/uploads\/2024\/10\/6x37-FC-WIRE-ROPE.webp","datePublished":"2024-10-24T09:39:48+00:00","dateModified":"2025-11-13T01:02:55+00:00","description":"6X37 wire rope is a flexible, multi-strand wire rope commonly used in various industrial and commercial applications.","breadcrumb":{"@id":"https:\/\/qingdaohf.com\/product\/6x37-wire-rope\/#breadcrumb"},"inLanguage":"lt-LT","potentialAction":[{"@type":"ReadAction","target":["https:\/\/qingdaohf.com\/product\/6x37-wire-rope\/"]}]},{"@type":"ImageObject","inLanguage":"lt-LT","@id":"https:\/\/qingdaohf.com\/product\/6x37-wire-rope\/#primaryimage","url":"https:\/\/qingdaohf.com\/wp-content\/uploads\/2024\/10\/6x37-FC-WIRE-ROPE.webp","contentUrl":"https:\/\/qingdaohf.com\/wp-content\/uploads\/2024\/10\/6x37-FC-WIRE-ROPE.webp","width":744,"height":744,"caption":"6x37 FC WIRE ROPE"},{"@type":"BreadcrumbList","@id":"https:\/\/qingdaohf.com\/product\/6x37-wire-rope\/#breadcrumb","itemListElement":[{"@type":"ListItem","position":1,"name":"Home","item":"https:\/\/qingdaohf.com\/"},{"@type":"ListItem","position":2,"name":"Concrete Forming Accessories and Rigging Hardware","item":"https:\/\/qingdaohf.com\/bg\/?page_id=944"},{"@type":"ListItem","position":3,"name":"6&#215;37 Wire Rope"}]},{"@type":"WebSite","@id":"https:\/\/qingdaohf.com\/bg\/#website","url":"https:\/\/qingdaohf.com\/bg\/","name":"Concrete Form & Rigging Hardware Supplier","description":"","publisher":{"@id":"https:\/\/qingdaohf.com\/bg\/#organization"},"potentialAction":[{"@type":"SearchAction","target":{"@type":"EntryPoint","urlTemplate":"https:\/\/qingdaohf.com\/bg\/?s={search_term_string}"},"query-input":{"@type":"PropertyValueSpecification","valueRequired":true,"valueName":"search_term_string"}}],"inLanguage":"lt-LT"},{"@type":"Organization","@id":"https:\/\/qingdaohf.com\/bg\/#organization","name":"Qingdao H&F","url":"https:\/\/qingdaohf.com\/bg\/","logo":{"@type":"ImageObject","inLanguage":"lt-LT","@id":"https:\/\/qingdaohf.com\/bg\/#\/schema\/logo\/image\/","url":"https:\/\/qingdaohf.com\/wp-content\/uploads\/2022\/12\/cropped-HF-LOGO.png","contentUrl":"https:\/\/qingdaohf.com\/wp-content\/uploads\/2022\/12\/cropped-HF-LOGO.png","width":391,"height":249,"caption":"Qingdao H&F"},"image":{"@id":"https:\/\/qingdaohf.com\/bg\/#\/schema\/logo\/image\/"},"sameAs":["https:\/\/www.facebook.com\/qingdaohf"]}]}},"_links":{"self":[{"href":"https:\/\/qingdaohf.com\/lt\/wp-json\/wp\/v2\/product\/8125","targetHints":{"allow":["GET"]}}],"collection":[{"href":"https:\/\/qingdaohf.com\/lt\/wp-json\/wp\/v2\/product"}],"about":[{"href":"https:\/\/qingdaohf.com\/lt\/wp-json\/wp\/v2\/types\/product"}],"replies":[{"embeddable":true,"href":"https:\/\/qingdaohf.com\/lt\/wp-json\/wp\/v2\/comments?post=8125"}],"version-history":[{"count":4,"href":"https:\/\/qingdaohf.com\/lt\/wp-json\/wp\/v2\/product\/8125\/revisions"}],"predecessor-version":[{"id":8131,"href":"https:\/\/qingdaohf.com\/lt\/wp-json\/wp\/v2\/product\/8125\/revisions\/8131"}],"wp:featuredmedia":[{"embeddable":true,"href":"https:\/\/qingdaohf.com\/lt\/wp-json\/wp\/v2\/media\/8126"}],"wp:attachment":[{"href":"https:\/\/qingdaohf.com\/lt\/wp-json\/wp\/v2\/media?parent=8125"}],"wp:term":[{"taxonomy":"product_brand","embeddable":true,"href":"https:\/\/qingdaohf.com\/lt\/wp-json\/wp\/v2\/product_brand?post=8125"},{"taxonomy":"product_cat","embeddable":true,"href":"https:\/\/qingdaohf.com\/lt\/wp-json\/wp\/v2\/product_cat?post=8125"},{"taxonomy":"product_tag","embeddable":true,"href":"https:\/\/qingdaohf.com\/lt\/wp-json\/wp\/v2\/product_tag?post=8125"}],"curies":[{"name":"wp","href":"https:\/\/api.w.org\/{rel}","templated":true}]}}