{"id":8136,"date":"2024-10-24T18:02:50","date_gmt":"2024-10-24T10:02:50","guid":{"rendered":"http:\/\/qingdaohf.com\/?post_type=product&#038;p=8136"},"modified":"2025-11-13T09:02:54","modified_gmt":"2025-11-13T01:02:54","slug":"7x19-wire-rope","status":"publish","type":"product","link":"https:\/\/qingdaohf.com\/lt\/produktas\/7x19-vielinis-lynas\/","title":{"rendered":"7\u00d719 vielos lynas"},"content":{"rendered":"<div class=\"flex max-w-full flex-col flex-grow\">\n<div class=\"min-h-8 text-message flex w-full flex-col items-end gap-2 whitespace-normal break-words [.text-message+&amp;]:mt-5\" dir=\"auto\" data-message-author-role=\"assistant\" data-message-id=\"433aa721-79fe-4c11-be83-ec5599ef1987\" data-message-model-slug=\"gpt-4o\">\n<div class=\"flex w-full flex-col gap-1 empty:hidden first:pt-[3px]\">\n<div class=\"markdown prose w-full break-words dark:prose-invert light\">\n<h3>Kas yra 7\u00d719 vielos lynas?<\/h3>\n<p>7\u00d719 vielinis lynas - tai labai lankstus ir patvarus lynas, sudarytas i\u0161 septyni\u0173 vielos gij\u0173 pluo\u0161t\u0173, kuri\u0173 kiekvien\u0105 sudaro 19 atskir\u0173 viel\u0173. D\u0117l tokios konstrukcijos lynas pasi\u017eymi unikaliu tvirtumo ir lankstumo deriniu, tod\u0117l yra populiarus \u012fvairiose srityse - nuo j\u016brin\u0117s aplinkos iki pramonini\u0173 ma\u0161in\u0173. \u0160i\u0173 vij\u0173 konfig\u016bracija u\u017etikrina, kad lynas gali atlaikyti dideles apkrovas ir kartu i\u0161laikyti strukt\u016brin\u012f vientisum\u0105 veikiant sl\u0117giui.<\/p>\n<p>Vielinio lyno universalumas yra viena i\u0161 patraukliausi\u0173 jo savybi\u0173, ypa\u010d tose pramon\u0117s \u0161akose, kuriose kabeliai turi da\u017enai jud\u0117ti arba lankstytis. Skirtingai nuo standesni\u0173 konstrukcij\u0173, pavyzd\u017eiui, 1\u00d719 vielinio lyno, 7\u00d719 konfig\u016bracija u\u017etikrina puik\u0173 lankstum\u0105 nesuma\u017eindama tempimo stiprio. Paprastai gaminamas i\u0161 auk\u0161tos kokyb\u0117s med\u017eiag\u0173, toki\u0173 kaip ner\u016bdijantis ar cinkuotas plienas, 7\u00d719 vielinis lynas yra atsparus korozijai, tod\u0117l tinka naudoti tiek patalpose, tiek lauke. Nesvarbu, ar jis naudojamas gerv\u0117se, kranuose, ar orlaivi\u0173 valdymo trosuose, 7\u00d719 vielinis lynas puikiai tinka aplinkoje, kurioje lankstumas ir i\u0161tverm\u0117 yra svarbiausi.<\/p>\n<h3>Med\u017eiaga ir konstrukcija<\/h3>\n<p>7\u00d719 vielos lynas paprastai gaminamas i\u0161 dviej\u0173 pagrindini\u0173 med\u017eiag\u0173: ner\u016bdijan\u010dio plieno ir cinkuoto plieno. Ner\u016bdijan\u010diojo plieno vielinis lynas tinkamiausias naudoti, kai reikia didelio atsparumo korozijai, ypa\u010d dr\u0117gm\u0117s, chemini\u0173 med\u017eiag\u0173 ar s\u016braus vandens veikiamoje aplinkoje. D\u0117l to jis yra populiarus pasirinkimas j\u016br\u0173 pramon\u0117je, kur r\u016bdys ir korozija gali greitai suardyti ma\u017eiau patvarias med\u017eiagas. Kita vertus, cinkuotas plieninis vielinis lynas padengtas cinko sluoksniu, kuris u\u017etikrina tam tikr\u0105 atsparum\u0105 korozijai ir kartu i\u0161laiko ekonomi\u0161kum\u0105 toms reikm\u0117ms, kurios n\u0117ra veikiamos at\u0161iauri\u0173 aplinkos s\u0105lyg\u0173.<\/p>\n<p>7\u00d719 vielinio lyno konstrukcij\u0105 sudaro septynios gijos, kuri\u0173 kiekvien\u0105 sudaro 19 viel\u0173. D\u0117l \u0161ios strukt\u016bros padid\u0117ja lyno lankstumas, ta\u010diau nesuma\u017e\u0117ja jo tvirtumas. Lyginant su tokia konstrukcija kaip 1\u00d719, kai vienos gijos jud\u0117jimo lankstumas yra ribotas, 7\u00d719 pasi\u017eymi didesniu lankstumu, tod\u0117l idealiai tinka tais atvejais, kai lynas turi lankstytis aplink skriemulius arba kirsti i\u0161lenktus pavir\u0161ius. 7\u00d719 vielinio lyno lankstumas taip pat suma\u017eina tikimyb\u0119, kad lynas susilankstys ar patirs nuovargio pa\u017eeidim\u0173, taip u\u017etikrinant ilgesn\u012f tarnavimo laik\u0105 dinami\u0161kose srityse.<\/p>\n<p>Be i\u0161orin\u0117s konstrukcijos, vielinio lyno \u0161erdis yra labai svarbi jo eksploatacin\u0117ms savyb\u0117ms. 7\u00d719 vielinis lynas gaminamas su dviej\u0173 tip\u0173 \u0161erdimis: pluo\u0161to \u0161erdimis (FC) ir nepriklausomomis vielinio lyno \u0161erdimis (IWRC). Pluo\u0161to \u0161erdis, paprastai pagaminta i\u0161 sintetinio arba nat\u016bralaus pluo\u0161to, padidina lankstum\u0105, tod\u0117l lynas tampa lankstesnis, bet \u0161iek tiek silpnesnis. IWRC, paprastai ma\u017eo skersmens plieninis vielinis lynas, pasi\u017eymi didesniu tvirtumu ir atsparumu gniu\u017edymui, tod\u0117l labiau tinka didesn\u0117ms apkrovoms. Pluo\u0161to \u0161erdies ir IWRC pasirinkimas priklauso nuo konkretaus naudojimo b\u016bdo: IWRC pirmenyb\u0117 teikiama pramoniniam naudojimui, o pluo\u0161to \u0161erdis da\u017eniau naudojama tais atvejais, kai reikia didesnio lankstumo, o ne apkrovos stiprumo.<\/p>\n<h3>\u012eprasti dyd\u017eiai ir naudojimo b\u016bdai<\/h3>\n<p>7\u00d719 vielinis lynas yra \u012fvairi\u0173 dyd\u017ei\u0173, tinkan\u010di\u0173 \u012fvairioms reikm\u0117ms. Kai kurie i\u0161 labiausiai paplitusi\u0173 dyd\u017ei\u0173 yra \u0161ie:<\/p>\n<p><strong>1\/16 colio 7\u00d719 vielinis lynas:<\/strong> \u0160is dydis da\u017enai naudojamas nedideliems darbams atlikti. D\u0117l ma\u017eo skersmens jis idealiai tinka tiksliems darbams, pavyzd\u017eiui, valdymo kabeliams, dvira\u010di\u0173 kabeliams ir net kai kuriems orlaivi\u0173 darbams, kai reikalingas tikslus valdymas ir lankstumas. Nepaisant ma\u017eo dyd\u017eio, 1\/16 colio 7\u00d719 vielinis lynas d\u0117l daugiasi\u016bl\u0117s konstrukcijos i\u0161laiko \u012fsp\u016bding\u0105 tempimo j\u0117g\u0105, tod\u0117l u\u017etikrina patikimum\u0105 atliekant u\u017eduotis, kurioms reikia ir subtilumo, ir patvarumo.<\/p>\n<p><strong>3\/32 coli\u0173 7\u00d719 vielos lynas:<\/strong> \u0160is \u0161iek tiek didesnis dydis tinka tais atvejais, kai reikalingas lankstumo ir tvirtumo balansas. Jis da\u017enai naudojamas architekt\u016briniams darbams, pavyzd\u017eiui, tur\u0117klams ir u\u017etvarams, taip pat lengvo takela\u017eo darbams j\u016broje. D\u0117l papildomo 3\/32 colio storio vielinis lynas yra atsparesnis nei ma\u017eesnio skersmens, ta\u010diau vis tiek puikiai tinka skriemuliams ir pana\u0161iems mechanizmams.<\/p>\n<p><strong>1\/8 colio 7\u00d719 vielos lynas:<\/strong> Labai universalaus dyd\u017eio 1\/8 colio vielinis lynas da\u017eniausiai naudojamas bendro naudojimo pramon\u0117je ir j\u016broje. Jis yra pakankamai tvirtas, kad gal\u0117t\u0173 atlikti vidutinio sunkumo k\u0117limo u\u017eduotis, ir puikiai tinka gerv\u0117ms, lynams ir net kabantiems tiltams bei konstrukcijoms. D\u0117l savo atsparumo korozijai, ypa\u010d kai jis pagamintas i\u0161 ner\u016bdijan\u010dio plieno, jis yra m\u0117gstamas aplinkoje, kurioje kyla problem\u0173 d\u0117l element\u0173 poveikio.<\/p>\n<p><strong>5\/32 coli\u0173 7\u00d719 vielos lynas:<\/strong> \u0160is dydis u\u017etikrina dar didesn\u012f tvirtum\u0105, ta\u010diau i\u0161laiko lankstum\u0105, tod\u0117l idealiai tinka sunkiems darbams atlikti. Jis da\u017enai naudojamas statybose, liftuose ir kranuose, kur reikia pakelti ar perkelti didelius krovinius. Didesnis skersmuo u\u017etikrina, kad 5\/32 colio vielinis lynas gali i\u0161laikyti didel\u0119 \u012ftamp\u0105, nesideformuodamas ir per anksti nesusid\u0117v\u0117damas, o tai labai svarbu saugumui esant didel\u0117ms apkrovoms.<\/p>\n<p>Tinkamo dyd\u017eio 7\u00d719 vielinio lyno pasirinkimas labai priklauso nuo konkre\u010di\u0173 apkrovos reikalavim\u0173 ir aplinkos s\u0105lyg\u0173. Ma\u017eesni dyd\u017eiai, pavyzd\u017eiui, 1\/16 colio ar 3\/32 colio, puikiai tinka tikslioms u\u017eduotims atlikti, o didesni dyd\u017eiai, pavyzd\u017eiui, 1\/8 colio ir 5\/32 colio, geriau tinka sunkioms operacijoms, kurioms reikia ir lankstumo, ir tvirtumo.<\/p>\n<h3>Naudojimo universalumas<\/h3>\n<p>Vienas svarbiausi\u0173 7\u00d719 vielini\u0173 lyn\u0173 privalum\u0173 yra j\u0173 pritaikomumas \u012fvairiose pramon\u0117s \u0161akose. D\u0117l savo tvirtumo ir lankstumo derinio \u0161is lynas yra nepakei\u010diamas tokiuose sektoriuose kaip aviacija, statyba, laivyba ir architekt\u016bra.<\/p>\n<p>Aviacijoje 7\u00d719 vielinis lynas da\u017enai naudojamas valdymo lynams ir orlaivi\u0173 takela\u017eo sistemoms. D\u0117l ypatingo lankstumo jis gali skland\u017eiai lankstytis ir jud\u0117ti per skriemulius ir u\u017e kamp\u0173, nerizikuodamas susisukti ar sugesti. Med\u017eiagos ilgaam\u017ei\u0161kumas u\u017etikrina, kad ji atlaikys \u012ftempimus ir deformacijas, atsirandan\u010dias d\u0117l skryd\u017eio dideliu grei\u010diu, vibracijos ir temperat\u016bros poky\u010di\u0173.<\/p>\n<p>J\u016br\u0173 pramon\u0117je ner\u016bdijan\u010diojo plieno 7 \u00d7 19 vielos lynas yra pasirenkama med\u017eiaga takela\u017eo, \u0161vartavimosi ir k\u0117limo operacijoms. D\u0117l atsparumo korozijai ir geb\u0117jimo atlaikyti dideles apkrovas \u0161is lynas puikiai tinka naudoti at\u0161iaurioje s\u016braus vandens aplinkoje. D\u0117l 7\u00d719 konstrukcijos lankstumo taip pat ma\u017eiau d\u0117visi skriemuliai ir kita \u012franga, o tai ypa\u010d naudinga aplinkoje, kurioje \u012franga nuolat naudojama.<\/p>\n<p>Statybose 7\u00d719 vielinis lynas naudojamas sunkioms med\u017eiagoms kelti ir tvirtinti. D\u0117l savo geb\u0117jimo atlaikyti dideles apkrovas be deformacij\u0173 jis yra esminis kran\u0173, lift\u0173 ir kit\u0173 statybini\u0173 ma\u0161in\u0173 komponentas. Lankstumas u\u017etikrina, kad vielinis lynas gal\u0117t\u0173 skland\u017eiai jud\u0117ti per \u012frang\u0105, tod\u0117l ma\u017eiau d\u0117visi ir lynas, ir ma\u0161inos, su kuriomis jis s\u0105veikauja.<\/p>\n<p>Galiausiai, architekt\u016bros srityje labai vertinamos estetin\u0117s ir funkcin\u0117s 7\u00d719 vielinio lyno savyb\u0117s. Jis da\u017enai naudojamas lyn\u0173 tur\u0117kl\u0173 sistemose, \u012ftempimo konstrukcijose ir kaban\u010diuose tiltuose, kur d\u0117l savo \u0161varios, modernios i\u0161vaizdos ir tvirtumo yra ideali med\u017eiaga. Ner\u016bdijan\u010dio plieno 7\u00d719 vielinis lynas ypa\u010d vertinamas d\u0117l geb\u0117jimo i\u0161laikyti eleganti\u0161k\u0105, ner\u016bdijan\u010di\u0105 i\u0161vaizd\u0105 ir kartu u\u017etikrinti reikiam\u0105 tempiam\u0105j\u0105 j\u0117g\u0105, kad b\u016bt\u0173 galima saugiai i\u0161laikyti konstrukcijas.<\/p>\n<h3>I\u0161vada<\/h3>\n<p>7\u00d719 vielinis lynas yra puikus in\u017einerinio universalumo pavyzdys. Unikali septyni\u0173 vij\u0173, kuri\u0173 kiekvienoje yra 19 viel\u0173, konfig\u016bracija leid\u017eia suderinti tvirtum\u0105, lankstum\u0105 ir ilgaam\u017ei\u0161kum\u0105 taip, kaip nedaugelis kit\u0173 med\u017eiag\u0173. \u012evairi\u0173 dyd\u017ei\u0173, \u012fskaitant 1\/16 colio, 3\/32 colio, 1\/8 colio ir 5\/32 colio, vielinis lynas si\u016blo \u012fvairius sprendimus \u012fvairiose pramon\u0117s \u0161akose, skirtus nuo lengv\u0173j\u0173 iki sunki\u0173j\u0173 darb\u0173. Nesvarbu, ar jis naudojamas j\u016brin\u0117je aplinkoje, pramonin\u0117se ma\u0161inose, ar architekt\u016briniuose projektuose, 7\u00d719 vielinis lynas nuolat u\u017etikrina reikiam\u0105 na\u0161um\u0105, kad atitikt\u0173 sud\u0117tingus veiklos reikalavimus.<\/p>\n<\/div>\n<\/div>\n<\/div>\n<\/div>","protected":false},"excerpt":{"rendered":"<p>7\u00d719 vielinis lynas yra universalus, lankstus lynas, da\u017enai naudojamas pramon\u0117s \u0161akose, kuriose reikia tvirtumo ir ilgaam\u017ei\u0161kumo. \u0160is lynas pagamintas i\u0161 septyni\u0173 gij\u0173, kuri\u0173 kiekvienoje yra po 19 atskir\u0173 viel\u0173, tod\u0117l, palyginti su kitomis vielini\u0173 lyn\u0173 konstrukcijomis, yra labai lankstus. Paprastai jis gaminamas i\u0161 auk\u0161tos kokyb\u0117s ner\u016bdijan\u010dio arba cinkuoto plieno ir b\u016bna \u012fvairi\u0173 dyd\u017ei\u0173, pavyzd\u017eiui, 1\/16 colio, 3\/32 colio ir 5\/32 colio. \u0160erdys gali b\u016bti pagamintos i\u0161 plieno arba pluo\u0161to, atsi\u017evelgiant \u012f konkre\u010dius apkrovos stiprumo, lankstumo ir aplinkos s\u0105lyg\u0173 reikalavimus.<\/p>","protected":false},"featured_media":8137,"comment_status":"open","ping_status":"closed","template":"","meta":{"site-sidebar-layout":"default","site-content-layout":"","ast-site-content-layout":"default","site-content-style":"default","site-sidebar-style":"default","ast-global-header-display":"","ast-banner-title-visibility":"","ast-main-header-display":"","ast-hfb-above-header-display":"","ast-hfb-below-header-display":"","ast-hfb-mobile-header-display":"","site-post-title":"","ast-breadcrumbs-content":"","ast-featured-img":"","footer-sml-layout":"","theme-transparent-header-meta":"default","adv-header-id-meta":"","stick-header-meta":"default","header-above-stick-meta":"","header-main-stick-meta":"","header-below-stick-meta":"","astra-migrate-meta-layouts":"set","ast-page-background-enabled":"default","ast-page-background-meta":{"desktop":{"background-color":"","background-image":"","background-repeat":"repeat","background-position":"center center","background-size":"auto","background-attachment":"scroll","background-type":"","background-media":"","overlay-type":"","overlay-color":"","overlay-opacity":"","overlay-gradient":""},"tablet":{"background-color":"","background-image":"","background-repeat":"repeat","background-position":"center center","background-size":"auto","background-attachment":"scroll","background-type":"","background-media":"","overlay-type":"","overlay-color":"","overlay-opacity":"","overlay-gradient":""},"mobile":{"background-color":"","background-image":"","background-repeat":"repeat","background-position":"center center","background-size":"auto","background-attachment":"scroll","background-type":"","background-media":"","overlay-type":"","overlay-color":"","overlay-opacity":"","overlay-gradient":""}},"ast-content-background-meta":{"desktop":{"background-color":"var(--ast-global-color-5)","background-image":"","background-repeat":"repeat","background-position":"center center","background-size":"auto","background-attachment":"scroll","background-type":"","background-media":"","overlay-type":"","overlay-color":"","overlay-opacity":"","overlay-gradient":""},"tablet":{"background-color":"var(--ast-global-color-5)","background-image":"","background-repeat":"repeat","background-position":"center center","background-size":"auto","background-attachment":"scroll","background-type":"","background-media":"","overlay-type":"","overlay-color":"","overlay-opacity":"","overlay-gradient":""},"mobile":{"background-color":"var(--ast-global-color-5)","background-image":"","background-repeat":"repeat","background-position":"center center","background-size":"auto","background-attachment":"scroll","background-type":"","background-media":"","overlay-type":"","overlay-color":"","overlay-opacity":"","overlay-gradient":""}}},"product_brand":[],"product_cat":[37],"product_tag":[89],"class_list":{"0":"post-8136","1":"product","2":"type-product","3":"status-publish","4":"has-post-thumbnail","6":"product_cat-wire-rope","7":"product_tag-wire-rope","8":"desktop-align-left","9":"tablet-align-left","10":"mobile-align-left","11":"ast-product-gallery-layout-horizontal-slider","12":"ast-product-gallery-with-no-image","13":"ast-product-tabs-layout-horizontal","15":"first","16":"instock","17":"shipping-taxable","18":"purchasable","19":"product-type-simple"},"yoast_head":"<!-- This site is optimized with the Yoast SEO plugin v25.2 - https:\/\/yoast.com\/wordpress\/plugins\/seo\/ -->\n<title>7x19 Wire Rope<\/title>\n<meta name=\"robots\" content=\"index, follow, max-snippet:-1, max-image-preview:large, max-video-preview:-1\" \/>\n<link rel=\"canonical\" href=\"https:\/\/qingdaohf.com\/lt\/produktas\/7x19-vielinis-lynas\/\" \/>\n<meta property=\"og:locale\" content=\"lt_LT\" \/>\n<meta property=\"og:type\" content=\"article\" \/>\n<meta property=\"og:title\" content=\"7x19 Wire Rope\" \/>\n<meta property=\"og:description\" content=\"7x19 wire rope is a versatile, flexible cable often used in industries requiring strength and durability. Constructed with seven strands, each containing 19 individual wires, this rope offers excellent flexibility compared to other wire rope constructions. It is typically made from high-grade stainless or galvanized steel and comes in various sizes, such as 1\/16 inch, 3\/32 inch, and 5\/32 inch. The cores can be made from steel or fiber, depending on the specific requirements for load strength, flexibility, and environmental conditions.\" \/>\n<meta property=\"og:url\" content=\"https:\/\/qingdaohf.com\/lt\/produktas\/7x19-vielinis-lynas\/\" \/>\n<meta property=\"og:site_name\" content=\"Concrete Form &amp; Rigging Hardware Supplier\" \/>\n<meta property=\"article:publisher\" content=\"https:\/\/www.facebook.com\/qingdaohf\" \/>\n<meta property=\"article:modified_time\" content=\"2025-11-13T01:02:54+00:00\" \/>\n<meta property=\"og:image\" content=\"https:\/\/qingdaohf.com\/wp-content\/uploads\/2024\/10\/7x19.webp\" \/>\n\t<meta property=\"og:image:width\" content=\"787\" \/>\n\t<meta property=\"og:image:height\" content=\"787\" \/>\n\t<meta property=\"og:image:type\" content=\"image\/webp\" \/>\n<meta name=\"twitter:card\" content=\"summary_large_image\" \/>\n<meta name=\"twitter:label1\" content=\"Est. reading time\" \/>\n\t<meta name=\"twitter:data1\" content=\"6 minut\u0117s\" \/>\n<script type=\"application\/ld+json\" class=\"yoast-schema-graph\">{\"@context\":\"https:\/\/schema.org\",\"@graph\":[{\"@type\":\"WebPage\",\"@id\":\"https:\/\/qingdaohf.com\/product\/7x19-wire-rope\/\",\"url\":\"https:\/\/qingdaohf.com\/product\/7x19-wire-rope\/\",\"name\":\"7x19 Wire Rope\",\"isPartOf\":{\"@id\":\"https:\/\/qingdaohf.com\/bg\/#website\"},\"primaryImageOfPage\":{\"@id\":\"https:\/\/qingdaohf.com\/product\/7x19-wire-rope\/#primaryimage\"},\"image\":{\"@id\":\"https:\/\/qingdaohf.com\/product\/7x19-wire-rope\/#primaryimage\"},\"thumbnailUrl\":\"https:\/\/qingdaohf.com\/wp-content\/uploads\/2024\/10\/7x19.webp\",\"datePublished\":\"2024-10-24T10:02:50+00:00\",\"dateModified\":\"2025-11-13T01:02:54+00:00\",\"breadcrumb\":{\"@id\":\"https:\/\/qingdaohf.com\/product\/7x19-wire-rope\/#breadcrumb\"},\"inLanguage\":\"lt-LT\",\"potentialAction\":[{\"@type\":\"ReadAction\",\"target\":[\"https:\/\/qingdaohf.com\/product\/7x19-wire-rope\/\"]}]},{\"@type\":\"ImageObject\",\"inLanguage\":\"lt-LT\",\"@id\":\"https:\/\/qingdaohf.com\/product\/7x19-wire-rope\/#primaryimage\",\"url\":\"https:\/\/qingdaohf.com\/wp-content\/uploads\/2024\/10\/7x19.webp\",\"contentUrl\":\"https:\/\/qingdaohf.com\/wp-content\/uploads\/2024\/10\/7x19.webp\",\"width\":787,\"height\":787,\"caption\":\"7x19 wire rope\"},{\"@type\":\"BreadcrumbList\",\"@id\":\"https:\/\/qingdaohf.com\/product\/7x19-wire-rope\/#breadcrumb\",\"itemListElement\":[{\"@type\":\"ListItem\",\"position\":1,\"name\":\"Home\",\"item\":\"https:\/\/qingdaohf.com\/\"},{\"@type\":\"ListItem\",\"position\":2,\"name\":\"Concrete Forming Accessories and Rigging Hardware\",\"item\":\"https:\/\/qingdaohf.com\/bg\/?page_id=944\"},{\"@type\":\"ListItem\",\"position\":3,\"name\":\"7&#215;19 Wire Rope\"}]},{\"@type\":\"WebSite\",\"@id\":\"https:\/\/qingdaohf.com\/bg\/#website\",\"url\":\"https:\/\/qingdaohf.com\/bg\/\",\"name\":\"Concrete Form & Rigging Hardware Supplier\",\"description\":\"\",\"publisher\":{\"@id\":\"https:\/\/qingdaohf.com\/bg\/#organization\"},\"potentialAction\":[{\"@type\":\"SearchAction\",\"target\":{\"@type\":\"EntryPoint\",\"urlTemplate\":\"https:\/\/qingdaohf.com\/bg\/?s={search_term_string}\"},\"query-input\":{\"@type\":\"PropertyValueSpecification\",\"valueRequired\":true,\"valueName\":\"search_term_string\"}}],\"inLanguage\":\"lt-LT\"},{\"@type\":\"Organization\",\"@id\":\"https:\/\/qingdaohf.com\/bg\/#organization\",\"name\":\"Qingdao H&F\",\"url\":\"https:\/\/qingdaohf.com\/bg\/\",\"logo\":{\"@type\":\"ImageObject\",\"inLanguage\":\"lt-LT\",\"@id\":\"https:\/\/qingdaohf.com\/bg\/#\/schema\/logo\/image\/\",\"url\":\"https:\/\/qingdaohf.com\/wp-content\/uploads\/2022\/12\/cropped-HF-LOGO.png\",\"contentUrl\":\"https:\/\/qingdaohf.com\/wp-content\/uploads\/2022\/12\/cropped-HF-LOGO.png\",\"width\":391,\"height\":249,\"caption\":\"Qingdao H&F\"},\"image\":{\"@id\":\"https:\/\/qingdaohf.com\/bg\/#\/schema\/logo\/image\/\"},\"sameAs\":[\"https:\/\/www.facebook.com\/qingdaohf\"]}]}<\/script>\n<!-- \/ Yoast SEO plugin. -->","yoast_head_json":{"title":"7x19 Wire Rope","robots":{"index":"index","follow":"follow","max-snippet":"max-snippet:-1","max-image-preview":"max-image-preview:large","max-video-preview":"max-video-preview:-1"},"canonical":"https:\/\/qingdaohf.com\/lt\/produktas\/7x19-vielinis-lynas\/","og_locale":"lt_LT","og_type":"article","og_title":"7x19 Wire Rope","og_description":"7x19 wire rope is a versatile, flexible cable often used in industries requiring strength and durability. Constructed with seven strands, each containing 19 individual wires, this rope offers excellent flexibility compared to other wire rope constructions. It is typically made from high-grade stainless or galvanized steel and comes in various sizes, such as 1\/16 inch, 3\/32 inch, and 5\/32 inch. The cores can be made from steel or fiber, depending on the specific requirements for load strength, flexibility, and environmental conditions.","og_url":"https:\/\/qingdaohf.com\/lt\/produktas\/7x19-vielinis-lynas\/","og_site_name":"Concrete Form &amp; Rigging Hardware Supplier","article_publisher":"https:\/\/www.facebook.com\/qingdaohf","article_modified_time":"2025-11-13T01:02:54+00:00","og_image":[{"width":787,"height":787,"url":"https:\/\/qingdaohf.com\/wp-content\/uploads\/2024\/10\/7x19.webp","type":"image\/webp"}],"twitter_card":"summary_large_image","twitter_misc":{"Est. reading time":"6 minut\u0117s"},"schema":{"@context":"https:\/\/schema.org","@graph":[{"@type":"WebPage","@id":"https:\/\/qingdaohf.com\/product\/7x19-wire-rope\/","url":"https:\/\/qingdaohf.com\/product\/7x19-wire-rope\/","name":"7x19 Wire Rope","isPartOf":{"@id":"https:\/\/qingdaohf.com\/bg\/#website"},"primaryImageOfPage":{"@id":"https:\/\/qingdaohf.com\/product\/7x19-wire-rope\/#primaryimage"},"image":{"@id":"https:\/\/qingdaohf.com\/product\/7x19-wire-rope\/#primaryimage"},"thumbnailUrl":"https:\/\/qingdaohf.com\/wp-content\/uploads\/2024\/10\/7x19.webp","datePublished":"2024-10-24T10:02:50+00:00","dateModified":"2025-11-13T01:02:54+00:00","breadcrumb":{"@id":"https:\/\/qingdaohf.com\/product\/7x19-wire-rope\/#breadcrumb"},"inLanguage":"lt-LT","potentialAction":[{"@type":"ReadAction","target":["https:\/\/qingdaohf.com\/product\/7x19-wire-rope\/"]}]},{"@type":"ImageObject","inLanguage":"lt-LT","@id":"https:\/\/qingdaohf.com\/product\/7x19-wire-rope\/#primaryimage","url":"https:\/\/qingdaohf.com\/wp-content\/uploads\/2024\/10\/7x19.webp","contentUrl":"https:\/\/qingdaohf.com\/wp-content\/uploads\/2024\/10\/7x19.webp","width":787,"height":787,"caption":"7x19 wire rope"},{"@type":"BreadcrumbList","@id":"https:\/\/qingdaohf.com\/product\/7x19-wire-rope\/#breadcrumb","itemListElement":[{"@type":"ListItem","position":1,"name":"Home","item":"https:\/\/qingdaohf.com\/"},{"@type":"ListItem","position":2,"name":"Concrete Forming Accessories and Rigging Hardware","item":"https:\/\/qingdaohf.com\/bg\/?page_id=944"},{"@type":"ListItem","position":3,"name":"7&#215;19 Wire Rope"}]},{"@type":"WebSite","@id":"https:\/\/qingdaohf.com\/bg\/#website","url":"https:\/\/qingdaohf.com\/bg\/","name":"Concrete Form & Rigging Hardware Supplier","description":"","publisher":{"@id":"https:\/\/qingdaohf.com\/bg\/#organization"},"potentialAction":[{"@type":"SearchAction","target":{"@type":"EntryPoint","urlTemplate":"https:\/\/qingdaohf.com\/bg\/?s={search_term_string}"},"query-input":{"@type":"PropertyValueSpecification","valueRequired":true,"valueName":"search_term_string"}}],"inLanguage":"lt-LT"},{"@type":"Organization","@id":"https:\/\/qingdaohf.com\/bg\/#organization","name":"Qingdao H&F","url":"https:\/\/qingdaohf.com\/bg\/","logo":{"@type":"ImageObject","inLanguage":"lt-LT","@id":"https:\/\/qingdaohf.com\/bg\/#\/schema\/logo\/image\/","url":"https:\/\/qingdaohf.com\/wp-content\/uploads\/2022\/12\/cropped-HF-LOGO.png","contentUrl":"https:\/\/qingdaohf.com\/wp-content\/uploads\/2022\/12\/cropped-HF-LOGO.png","width":391,"height":249,"caption":"Qingdao H&F"},"image":{"@id":"https:\/\/qingdaohf.com\/bg\/#\/schema\/logo\/image\/"},"sameAs":["https:\/\/www.facebook.com\/qingdaohf"]}]}},"_links":{"self":[{"href":"https:\/\/qingdaohf.com\/lt\/wp-json\/wp\/v2\/product\/8136","targetHints":{"allow":["GET"]}}],"collection":[{"href":"https:\/\/qingdaohf.com\/lt\/wp-json\/wp\/v2\/product"}],"about":[{"href":"https:\/\/qingdaohf.com\/lt\/wp-json\/wp\/v2\/types\/product"}],"replies":[{"embeddable":true,"href":"https:\/\/qingdaohf.com\/lt\/wp-json\/wp\/v2\/comments?post=8136"}],"version-history":[{"count":1,"href":"https:\/\/qingdaohf.com\/lt\/wp-json\/wp\/v2\/product\/8136\/revisions"}],"predecessor-version":[{"id":8138,"href":"https:\/\/qingdaohf.com\/lt\/wp-json\/wp\/v2\/product\/8136\/revisions\/8138"}],"wp:featuredmedia":[{"embeddable":true,"href":"https:\/\/qingdaohf.com\/lt\/wp-json\/wp\/v2\/media\/8137"}],"wp:attachment":[{"href":"https:\/\/qingdaohf.com\/lt\/wp-json\/wp\/v2\/media?parent=8136"}],"wp:term":[{"taxonomy":"product_brand","embeddable":true,"href":"https:\/\/qingdaohf.com\/lt\/wp-json\/wp\/v2\/product_brand?post=8136"},{"taxonomy":"product_cat","embeddable":true,"href":"https:\/\/qingdaohf.com\/lt\/wp-json\/wp\/v2\/product_cat?post=8136"},{"taxonomy":"product_tag","embeddable":true,"href":"https:\/\/qingdaohf.com\/lt\/wp-json\/wp\/v2\/product_tag?post=8136"}],"curies":[{"name":"wp","href":"https:\/\/api.w.org\/{rel}","templated":true}]}}