{"id":8178,"date":"2024-10-29T16:45:43","date_gmt":"2024-10-29T08:45:43","guid":{"rendered":"http:\/\/qingdaohf.com\/?post_type=product&#038;p=8178"},"modified":"2025-11-13T09:02:54","modified_gmt":"2025-11-13T01:02:54","slug":"studless-anchor-chain","status":"publish","type":"product","link":"https:\/\/qingdaohf.com\/lt\/produktas\/inkarine-grandine-be-dygliu\/","title":{"rendered":"Inkaro grandin\u0117 be dygli\u0173"},"content":{"rendered":"<h3>Esmin\u0117s inkarini\u0173 grandini\u0173 be smaigalio savyb\u0117s: Sukurtos, kad b\u016bt\u0173 tvirtos ir i\u0161tvermingos<\/h3>\n<p><img fetchpriority=\"high\" decoding=\"async\" class=\"alignnone size-full wp-image-8169\" src=\"http:\/\/qingdaohf.com\/wp-content\/uploads\/2024\/10\/studless-anchor-chain_2.webp\" alt=\"inkarin\u0117 grandin\u0117 be dygli\u0173\" width=\"831\" height=\"1087\" srcset=\"https:\/\/qingdaohf.com\/wp-content\/uploads\/2024\/10\/studless-anchor-chain_2.webp 831w, https:\/\/qingdaohf.com\/wp-content\/uploads\/2024\/10\/studless-anchor-chain_2-229x300.webp 229w, https:\/\/qingdaohf.com\/wp-content\/uploads\/2024\/10\/studless-anchor-chain_2-783x1024.webp 783w, https:\/\/qingdaohf.com\/wp-content\/uploads\/2024\/10\/studless-anchor-chain_2-768x1005.webp 768w, https:\/\/qingdaohf.com\/wp-content\/uploads\/2024\/10\/studless-anchor-chain_2-9x12.webp 9w\" sizes=\"(max-width: 831px) 100vw, 831px\" \/><\/p>\n<p>Inkaro grandin\u0117s be smeigi\u0173 yra neatsiejama j\u016br\u0173 pramon\u0117s dalis, nes jos atlieka svarb\u0173 laiv\u0173 tvirtinimo \u012fvairiose aplinkose vaidmen\u012f. J\u0173 konstrukcijoje pirmenyb\u0117 teikiama ilgaam\u017ei\u0161kumui ir funkcionalumui, u\u017etikrinant, kad jos atlaikyt\u0173 grie\u017etus \u0161vartavimosi atviroje j\u016broje reikalavimus. Skirtingai nei dygliuotosios grandin\u0117s, grandin\u0117s grandys be vidini\u0173 dygli\u0173, tod\u0117l jos yra lengvesn\u0117s ir da\u017enai lankstesn\u0117s. \u0160i savyb\u0117 ypa\u010d vertinga tais atvejais, kai pageidautinas ma\u017eesnis svoris ir didesnis lankstumas. Nepaisant to, kad \u0161ios grandin\u0117s yra lengvesn\u0117s, jos vis tiek yra itin tvirtos, nes kiekviena grandis sukurta taip, kad atlaikyt\u0173 did\u017eiules apkrovas ir dideles \u012ftempimo j\u0117gas, b\u016bdingas j\u016briniam inkaravimui.<\/p>\n<p>D\u0117l savo universalumo grandin\u0117s be dygli\u0173 tinka \u012fvairioms j\u016brin\u0117ms reikm\u0117ms - nuo ma\u017e\u0173 laiv\u0173 \u0161vartavimosi iki sunkiosios pramon\u0117s. \u0160ios grandin\u0117s yra grie\u017etai i\u0161bandytos pagal tarptautinius standartus, nes j\u0173 patikimumas yra labai svarbus u\u017etikrinant laiv\u0173 ir \u012fgulos saugum\u0105. D\u0117l savo konstrukcijos jos taip pat pasi\u017eymi \u012fsp\u016bdingu atsparumu korozijai ir nusid\u0117v\u0117jimui, o tai labai svarbu s\u016brioje ir kitoje at\u0161iaurioje aplinkoje. Konstrukcija dar labiau suma\u017eina grandini\u0173 u\u017estrigimo atvej\u0173, nes j\u0173 vienalyt\u0117 konstrukcija suma\u017eina silpn\u0173 viet\u0173 skai\u010di\u0173. D\u0117l \u0161ios savyb\u0117s j\u016br\u0173 in\u017einieriai ir laiv\u0173 operatoriai, siekiantys ilgaam\u017ei\u0161kumo ir patikimumo didel\u0117s apkrovos s\u0105lygomis, vis da\u017eniau renkasi grandines be dygli\u0173.<\/p>\n<h3>Privalumai renkantis inkarines grandines be dygli\u0173 i\u0161 \"Qingdao H&amp;F<\/h3>\n<p>\"Qingdao H&amp;F\" yra \u012fsipareigojusi savo klientams teikti auk\u0161tos kokyb\u0117s inkarines grandines be smeigi\u0173, atitinkan\u010dias grie\u017etus saugumo, tvirtumo ir ilgaam\u017ei\u0161kumo standartus. M\u016bs\u0173 grandin\u0117ms atliekami grie\u017eti kokyb\u0117s bandymai, siekiant u\u017etikrinti, kad jos optimaliai veikt\u0173 \u012fvairiomis s\u0105lygomis. \u0160is procesas apima bandymus su bandom\u0105ja apkrova, kurie yra b\u016btini siekiant patvirtinti, kad kiekviena grandin\u0117 gali atlaikyti did\u017eiausi\u0105 apkrov\u0105, kurios tikimasi naudojant. Pirk\u0117jai vis da\u017eniau atkreipia d\u0117mes\u012f \u012f \u012frodom\u0105j\u0105 apkrov\u0105, nes ji turi tiesiogin\u0117s \u012ftakos grandin\u0117s patikimumui, ypa\u010d sud\u0117tingose \u0161vartavimosi situacijose.<\/p>\n<p>\"Qingdao H&amp;F\" i\u0161siskiria tuo, kad esame \u012fsipareigoj\u0119 u\u017etikrinti klient\u0173 pasitenkinim\u0105 ir patikimum\u0105. M\u016bs\u0173 komanda, turinti daugiau nei 20 met\u0173 patirties B2B prekybos sektoriuje, si\u016blo individual\u0173 klient\u0173 aptarnavim\u0105, pritaikyt\u0105 prie kiekvieno kliento unikali\u0173 poreiki\u0173. M\u016bs\u0173 patyr\u0119 specialistai veda klientus per kiekvien\u0105 pirkimo proceso etap\u0105, u\u017etikrindami, kad jie rast\u0173 idealias grandin\u0117s specifikacijas, atitinkan\u010dias j\u0173 projekto reikalavimus. Suprantame, kad \u0161ioje pramon\u0117s \u0161akoje itin svarbus greitas pristatymas, tod\u0117l akcentuojame savalaik\u0119 logistik\u0105, kad be joki\u0173 kompromis\u0173 patenkintume savo klient\u0173 planavimo poreikius.<\/p>\n<p>Be to, kad esame paj\u0117g\u016bs pristatyti savo gaminius, pateikiame i\u0161samias kokyb\u0117s patikrinimo ataskaitas. \u0160ios ataskaitos u\u017etikrina skaidrum\u0105 ir patikimum\u0105, padeda klientams priimti pagr\u012fstus sprendimus d\u0117l pirkimo. Tikrinimo metu \u012fvertinami tokie veiksniai kaip med\u017eiagos sud\u0117tis, tempimo stipris ir atsparumas korozijai, kurie turi \u012ftakos grandin\u0117s eksploatavimo trukmei ir veikimui. Pateikdami savo klientams i\u0161samias tikrinimo ataskaitas, leid\u017eiame jiems dr\u0105siai investuoti \u012f gaminius, kurie atitinka j\u0173 grie\u017etus standartus.<\/p>\n<h3>Tinkam\u0173 specifikacij\u0173 pasirinkimas: Kod\u0117l svarbu grandin\u0117s skersmuo ir \u012frodomoji apkrova?<\/h3>\n<p>Renkantis inkarines grandines be dygli\u0173, ypa\u010d svarbios dvi specifikacijos: skersmuo ir bandomoji apkrova. Kiekvienos grandin\u0117s grandies skersmuo, matuojamas coliais, turi \u012ftakos ir grandin\u0117s svoriui, ir jos laikomajai galiai. Labai svarbu pasirinkti tinkam\u0105 skersmen\u012f, nes nuo jo tiesiogiai priklauso grandin\u0117s veikimas \u0161vartuojantis. Pavyzd\u017eiui, 1\/2 colio skersmens grandin\u0117s gali b\u016bti tinkamos lengviesiems laivams, o sunkiosios pramon\u0117s reikm\u0117ms gali prireikti 3\/4 colio ar didesnio skersmens grandini\u0173.<\/p>\n<p>Dar vienas svarbus veiksnys yra bandomoji apkrova, rodanti did\u017eiausi\u0105 apkrov\u0105, kuri\u0105 grandin\u0117 gali atlaikyti be nuolatin\u0117s deformacijos. \u0160is rodiklis yra labai svarbus klientams, nes jis ai\u0161kiai parodo grandin\u0117s geb\u0117jim\u0105 atlaikyti dideles apkrovas realiomis s\u0105lygomis. Qingdao H&amp;F si\u016blo grandines, kurios i\u0161bandytos taip, kad vir\u0161yt\u0173 pramon\u0117s standartus atitinkan\u010dias atsparumo apkrovas, tod\u0117l m\u016bs\u0173 klientai dar labiau pasitiki j\u0173 veikimu. Bandymas \u012frodom\u0105ja apkrova taip pat yra vertingas grandin\u0117s saugumo rodiklis, nes u\u017etikrina, kad grandin\u0117 i\u0161laikys savo vientisum\u0105 net ir esant staigiai didelei apkrovai.<\/p>\n<p>Pasirink\u0119 tinkamo skersmens ir apkrovos inkaro grandin\u0119 be dygli\u0173, pirk\u0117jai gali u\u017etikrinti optimal\u0173 veikim\u0105 pagal konkre\u010dius \u0161vartavimosi poreikius. Qingdao H&amp;F komanda yra pasirengusi pad\u0117ti klientams i\u0161sirinkti idealias specifikacijas, remdamasi i\u0161samiomis pramon\u0117s standart\u0173 ir med\u017eiag\u0173 savybi\u0173 \u017einiomis, kad rekomenduot\u0173 gaminius, atitinkan\u010dius kiekvieno kliento veiklos reikalavimus.<\/p>\n<h3>Pasitik\u0117kite patikrintu partneriu: Kod\u0117l Qingdao H&amp;F yra geriausias pasirinkimas<\/h3>\n<p>Tiems, kurie ie\u0161ko inkarini\u0173 grandini\u0173 be dygli\u0173, svarbiausia patikimumas ir tiek\u0117jo patirtis. Du de\u0161imtme\u010dius B2B sektoriuje dirbanti \"Qingdao H&amp;F\" supranta sud\u0117tingus j\u016brini\u0173 ir pramonini\u0173 klient\u0173 poreikius. M\u016bs\u0173 specializuotas individualus klient\u0173 aptarnavimas rei\u0161kia, kad kiekvienam klientui teikiama individuali pagalba, padedanti rasti geriausius sprendimus, atitinkan\u010dius j\u0173 \u0161vartavimosi ir inkaravimo reikalavimus. Be to, m\u016bs\u0173 grie\u017eti bandym\u0173 protokolai u\u017etikrina, kad kiekvienas gaminys atitikt\u0173 arba vir\u0161yt\u0173 pramon\u0117s kokyb\u0117s ir ilgaam\u017ei\u0161kumo standartus.<\/p>\n<p>\u012esipareigojimas u\u017etikrinti kokyb\u0119 nesibaigia pardavimu. \"Qingdao H&amp;F\" teikia popardavimin\u012f aptarnavim\u0105 ir operatyviai atsako \u012f klient\u0173 klausimus, taip dar labiau sustiprindama klient\u0173 patirt\u012f. Did\u017eiuojam\u0117s savo geb\u0117jimu u\u017emegzti ilgalaikius santykius, u\u017etikrindami patikim\u0105 auk\u0161tos kokyb\u0117s inkarini\u0173 grandini\u0173 be smeigi\u0173 \u0161altin\u012f, kuriuo klientai gali pasikliauti. D\u0117l skaidraus kokyb\u0117s tikrinimo proceso ir atsidavimo greitam pristatymui u\u017esitarnavome puiki\u0105 reputacij\u0105 \u0161ioje pramon\u0117s \u0161akoje.<\/p>\n<p>Rinkdamiesi \"Qingdao H&amp;F\", klientai gauna naudos ne tik d\u0117l auk\u0161\u010diausios gamini\u0173 kokyb\u0117s, bet ir d\u0117l garantij\u0173, kurias suteikia m\u016bs\u0173 i\u0161samios tikrinimo ataskaitos ir ekspert\u0173 patarimai. \u017dvelgdami \u012f ateit\u012f, mes ir toliau orientuojam\u0117s \u012f tai, kad pad\u0117tume klientams pasiekti s\u0117km\u0119, teikdami auk\u0161tos kokyb\u0117s inkarines grandines be smeigi\u0173, kurios u\u017etikrina ir na\u0161um\u0105, ir ramyb\u0119.<\/p>","protected":false},"excerpt":{"rendered":"<p>Inkaro grandin\u0117s be smeigi\u0173 yra patikimas pasirinkimas sunkiems \u0161vartavimosi ir inkaravimo darbams, jos pasi\u017eymi tvirta konstrukcija ir atsparumu nusid\u0117v\u0117jimui sud\u0117tingomis j\u016brin\u0117mis s\u0105lygomis. Pirk\u0117jai paprastai daugiausia d\u0117mesio skiria tokiems veiksniams kaip ilgaam\u017ei\u0161kumas, \u012frodomoji apkrova ir grandin\u0117s geb\u0117jimas ilgainiui atlaikyti dideles apkrovas. B\u016bdama 20 met\u0173 patirt\u012f turinti B2B prekybos bendrov\u0117, Qingdao H&amp;F did\u017eiuojasi gal\u0117dama pasi\u016blyti konkurencingas kainas, greit\u0105 pristatymo cikl\u0105 ir i\u0161samias kokyb\u0117s tikrinimo ataskaitas. M\u016bs\u0173 individualus klient\u0173 aptarnavimas u\u017etikrina individualiai pritaikyt\u0105 pirkimo patirt\u012f, tod\u0117l esame patikimas partneris, tiekiantis auk\u0161tos kokyb\u0117s inkarines grandines be dygli\u0173, atitinkan\u010dias grie\u017etus pramon\u0117s standartus.<\/p>","protected":false},"featured_media":8171,"comment_status":"open","ping_status":"closed","template":"","meta":{"site-sidebar-layout":"default","site-content-layout":"","ast-site-content-layout":"default","site-content-style":"default","site-sidebar-style":"default","ast-global-header-display":"","ast-banner-title-visibility":"","ast-main-header-display":"","ast-hfb-above-header-display":"","ast-hfb-below-header-display":"","ast-hfb-mobile-header-display":"","site-post-title":"","ast-breadcrumbs-content":"","ast-featured-img":"","footer-sml-layout":"","theme-transparent-header-meta":"default","adv-header-id-meta":"","stick-header-meta":"default","header-above-stick-meta":"","header-main-stick-meta":"","header-below-stick-meta":"","astra-migrate-meta-layouts":"set","ast-page-background-enabled":"default","ast-page-background-meta":{"desktop":{"background-color":"","background-image":"","background-repeat":"repeat","background-position":"center center","background-size":"auto","background-attachment":"scroll","background-type":"","background-media":"","overlay-type":"","overlay-color":"","overlay-opacity":"","overlay-gradient":""},"tablet":{"background-color":"","background-image":"","background-repeat":"repeat","background-position":"center center","background-size":"auto","background-attachment":"scroll","background-type":"","background-media":"","overlay-type":"","overlay-color":"","overlay-opacity":"","overlay-gradient":""},"mobile":{"background-color":"","background-image":"","background-repeat":"repeat","background-position":"center center","background-size":"auto","background-attachment":"scroll","background-type":"","background-media":"","overlay-type":"","overlay-color":"","overlay-opacity":"","overlay-gradient":""}},"ast-content-background-meta":{"desktop":{"background-color":"var(--ast-global-color-5)","background-image":"","background-repeat":"repeat","background-position":"center center","background-size":"auto","background-attachment":"scroll","background-type":"","background-media":"","overlay-type":"","overlay-color":"","overlay-opacity":"","overlay-gradient":""},"tablet":{"background-color":"var(--ast-global-color-5)","background-image":"","background-repeat":"repeat","background-position":"center center","background-size":"auto","background-attachment":"scroll","background-type":"","background-media":"","overlay-type":"","overlay-color":"","overlay-opacity":"","overlay-gradient":""},"mobile":{"background-color":"var(--ast-global-color-5)","background-image":"","background-repeat":"repeat","background-position":"center center","background-size":"auto","background-attachment":"scroll","background-type":"","background-media":"","overlay-type":"","overlay-color":"","overlay-opacity":"","overlay-gradient":""}}},"product_brand":[],"product_cat":[38],"product_tag":[],"class_list":{"0":"post-8178","1":"product","2":"type-product","3":"status-publish","4":"has-post-thumbnail","6":"product_cat-chain","7":"desktop-align-left","8":"tablet-align-left","9":"mobile-align-left","10":"ast-product-gallery-layout-horizontal-slider","11":"ast-product-tabs-layout-horizontal","13":"first","14":"instock","15":"shipping-taxable","16":"purchasable","17":"product-type-simple"},"yoast_head":"<!-- This site is optimized with the Yoast SEO plugin v25.2 - https:\/\/yoast.com\/wordpress\/plugins\/seo\/ -->\n<title>Studless Anchor Chain<\/title>\n<meta name=\"description\" content=\"Studless anchor chains are a dependable choice for heavy-duty mooring and anchoring, known for their robust structure and resistance to wear in demanding marine conditions.\" \/>\n<meta name=\"robots\" content=\"index, follow, max-snippet:-1, max-image-preview:large, max-video-preview:-1\" \/>\n<link rel=\"canonical\" href=\"https:\/\/qingdaohf.com\/lt\/produktas\/inkarine-grandine-be-dygliu\/\" \/>\n<meta property=\"og:locale\" content=\"lt_LT\" \/>\n<meta property=\"og:type\" content=\"article\" \/>\n<meta property=\"og:title\" content=\"Studless Anchor Chain\" \/>\n<meta property=\"og:description\" content=\"Studless anchor chains are a dependable choice for heavy-duty mooring and anchoring, known for their robust structure and resistance to wear in demanding marine conditions.\" \/>\n<meta property=\"og:url\" content=\"https:\/\/qingdaohf.com\/lt\/produktas\/inkarine-grandine-be-dygliu\/\" \/>\n<meta property=\"og:site_name\" content=\"Concrete Form &amp; Rigging Hardware Supplier\" \/>\n<meta property=\"article:publisher\" content=\"https:\/\/www.facebook.com\/qingdaohf\" \/>\n<meta property=\"article:modified_time\" content=\"2025-11-13T01:02:54+00:00\" \/>\n<meta property=\"og:image\" content=\"https:\/\/qingdaohf.com\/wp-content\/uploads\/2024\/10\/marine-studless-chain_\u526f\u672c.jpg\" \/>\n\t<meta property=\"og:image:width\" content=\"1000\" \/>\n\t<meta property=\"og:image:height\" content=\"1000\" \/>\n\t<meta property=\"og:image:type\" content=\"image\/jpeg\" \/>\n<meta name=\"twitter:card\" content=\"summary_large_image\" \/>\n<meta name=\"twitter:label1\" content=\"Est. reading time\" \/>\n\t<meta name=\"twitter:data1\" content=\"5 minut\u0117s\" \/>\n<script type=\"application\/ld+json\" class=\"yoast-schema-graph\">{\"@context\":\"https:\/\/schema.org\",\"@graph\":[{\"@type\":\"WebPage\",\"@id\":\"https:\/\/qingdaohf.com\/product\/studless-anchor-chain\/\",\"url\":\"https:\/\/qingdaohf.com\/product\/studless-anchor-chain\/\",\"name\":\"Studless Anchor Chain\",\"isPartOf\":{\"@id\":\"https:\/\/qingdaohf.com\/bg\/#website\"},\"primaryImageOfPage\":{\"@id\":\"https:\/\/qingdaohf.com\/product\/studless-anchor-chain\/#primaryimage\"},\"image\":{\"@id\":\"https:\/\/qingdaohf.com\/product\/studless-anchor-chain\/#primaryimage\"},\"thumbnailUrl\":\"https:\/\/qingdaohf.com\/wp-content\/uploads\/2024\/10\/marine-studless-chain_\u526f\u672c.jpg\",\"datePublished\":\"2024-10-29T08:45:43+00:00\",\"dateModified\":\"2025-11-13T01:02:54+00:00\",\"description\":\"Studless anchor chains are a dependable choice for heavy-duty mooring and anchoring, known for their robust structure and resistance to wear in demanding marine conditions.\",\"breadcrumb\":{\"@id\":\"https:\/\/qingdaohf.com\/product\/studless-anchor-chain\/#breadcrumb\"},\"inLanguage\":\"lt-LT\",\"potentialAction\":[{\"@type\":\"ReadAction\",\"target\":[\"https:\/\/qingdaohf.com\/product\/studless-anchor-chain\/\"]}]},{\"@type\":\"ImageObject\",\"inLanguage\":\"lt-LT\",\"@id\":\"https:\/\/qingdaohf.com\/product\/studless-anchor-chain\/#primaryimage\",\"url\":\"https:\/\/qingdaohf.com\/wp-content\/uploads\/2024\/10\/marine-studless-chain_\u526f\u672c.jpg\",\"contentUrl\":\"https:\/\/qingdaohf.com\/wp-content\/uploads\/2024\/10\/marine-studless-chain_\u526f\u672c.jpg\",\"width\":1000,\"height\":1000,\"caption\":\"studless chain\"},{\"@type\":\"BreadcrumbList\",\"@id\":\"https:\/\/qingdaohf.com\/product\/studless-anchor-chain\/#breadcrumb\",\"itemListElement\":[{\"@type\":\"ListItem\",\"position\":1,\"name\":\"Home\",\"item\":\"https:\/\/qingdaohf.com\/\"},{\"@type\":\"ListItem\",\"position\":2,\"name\":\"Concrete Forming Accessories and Rigging Hardware\",\"item\":\"https:\/\/qingdaohf.com\/bg\/?page_id=944\"},{\"@type\":\"ListItem\",\"position\":3,\"name\":\"Studless Anchor Chain\"}]},{\"@type\":\"WebSite\",\"@id\":\"https:\/\/qingdaohf.com\/bg\/#website\",\"url\":\"https:\/\/qingdaohf.com\/bg\/\",\"name\":\"Concrete Form & Rigging Hardware Supplier\",\"description\":\"\",\"publisher\":{\"@id\":\"https:\/\/qingdaohf.com\/bg\/#organization\"},\"potentialAction\":[{\"@type\":\"SearchAction\",\"target\":{\"@type\":\"EntryPoint\",\"urlTemplate\":\"https:\/\/qingdaohf.com\/bg\/?s={search_term_string}\"},\"query-input\":{\"@type\":\"PropertyValueSpecification\",\"valueRequired\":true,\"valueName\":\"search_term_string\"}}],\"inLanguage\":\"lt-LT\"},{\"@type\":\"Organization\",\"@id\":\"https:\/\/qingdaohf.com\/bg\/#organization\",\"name\":\"Qingdao H&F\",\"url\":\"https:\/\/qingdaohf.com\/bg\/\",\"logo\":{\"@type\":\"ImageObject\",\"inLanguage\":\"lt-LT\",\"@id\":\"https:\/\/qingdaohf.com\/bg\/#\/schema\/logo\/image\/\",\"url\":\"https:\/\/qingdaohf.com\/wp-content\/uploads\/2022\/12\/cropped-HF-LOGO.png\",\"contentUrl\":\"https:\/\/qingdaohf.com\/wp-content\/uploads\/2022\/12\/cropped-HF-LOGO.png\",\"width\":391,\"height\":249,\"caption\":\"Qingdao H&F\"},\"image\":{\"@id\":\"https:\/\/qingdaohf.com\/bg\/#\/schema\/logo\/image\/\"},\"sameAs\":[\"https:\/\/www.facebook.com\/qingdaohf\"]}]}<\/script>\n<!-- \/ Yoast SEO plugin. -->","yoast_head_json":{"title":"Studless Anchor Chain","description":"Studless anchor chains are a dependable choice for heavy-duty mooring and anchoring, known for their robust structure and resistance to wear in demanding marine conditions.","robots":{"index":"index","follow":"follow","max-snippet":"max-snippet:-1","max-image-preview":"max-image-preview:large","max-video-preview":"max-video-preview:-1"},"canonical":"https:\/\/qingdaohf.com\/lt\/produktas\/inkarine-grandine-be-dygliu\/","og_locale":"lt_LT","og_type":"article","og_title":"Studless Anchor Chain","og_description":"Studless anchor chains are a dependable choice for heavy-duty mooring and anchoring, known for their robust structure and resistance to wear in demanding marine conditions.","og_url":"https:\/\/qingdaohf.com\/lt\/produktas\/inkarine-grandine-be-dygliu\/","og_site_name":"Concrete Form &amp; Rigging Hardware Supplier","article_publisher":"https:\/\/www.facebook.com\/qingdaohf","article_modified_time":"2025-11-13T01:02:54+00:00","og_image":[{"width":1000,"height":1000,"url":"https:\/\/qingdaohf.com\/wp-content\/uploads\/2024\/10\/marine-studless-chain_\u526f\u672c.jpg","type":"image\/jpeg"}],"twitter_card":"summary_large_image","twitter_misc":{"Est. reading time":"5 minut\u0117s"},"schema":{"@context":"https:\/\/schema.org","@graph":[{"@type":"WebPage","@id":"https:\/\/qingdaohf.com\/product\/studless-anchor-chain\/","url":"https:\/\/qingdaohf.com\/product\/studless-anchor-chain\/","name":"Studless Anchor Chain","isPartOf":{"@id":"https:\/\/qingdaohf.com\/bg\/#website"},"primaryImageOfPage":{"@id":"https:\/\/qingdaohf.com\/product\/studless-anchor-chain\/#primaryimage"},"image":{"@id":"https:\/\/qingdaohf.com\/product\/studless-anchor-chain\/#primaryimage"},"thumbnailUrl":"https:\/\/qingdaohf.com\/wp-content\/uploads\/2024\/10\/marine-studless-chain_\u526f\u672c.jpg","datePublished":"2024-10-29T08:45:43+00:00","dateModified":"2025-11-13T01:02:54+00:00","description":"Studless anchor chains are a dependable choice for heavy-duty mooring and anchoring, known for their robust structure and resistance to wear in demanding marine conditions.","breadcrumb":{"@id":"https:\/\/qingdaohf.com\/product\/studless-anchor-chain\/#breadcrumb"},"inLanguage":"lt-LT","potentialAction":[{"@type":"ReadAction","target":["https:\/\/qingdaohf.com\/product\/studless-anchor-chain\/"]}]},{"@type":"ImageObject","inLanguage":"lt-LT","@id":"https:\/\/qingdaohf.com\/product\/studless-anchor-chain\/#primaryimage","url":"https:\/\/qingdaohf.com\/wp-content\/uploads\/2024\/10\/marine-studless-chain_\u526f\u672c.jpg","contentUrl":"https:\/\/qingdaohf.com\/wp-content\/uploads\/2024\/10\/marine-studless-chain_\u526f\u672c.jpg","width":1000,"height":1000,"caption":"studless chain"},{"@type":"BreadcrumbList","@id":"https:\/\/qingdaohf.com\/product\/studless-anchor-chain\/#breadcrumb","itemListElement":[{"@type":"ListItem","position":1,"name":"Home","item":"https:\/\/qingdaohf.com\/"},{"@type":"ListItem","position":2,"name":"Concrete Forming Accessories and Rigging Hardware","item":"https:\/\/qingdaohf.com\/bg\/?page_id=944"},{"@type":"ListItem","position":3,"name":"Studless Anchor Chain"}]},{"@type":"WebSite","@id":"https:\/\/qingdaohf.com\/bg\/#website","url":"https:\/\/qingdaohf.com\/bg\/","name":"Concrete Form & Rigging Hardware Supplier","description":"","publisher":{"@id":"https:\/\/qingdaohf.com\/bg\/#organization"},"potentialAction":[{"@type":"SearchAction","target":{"@type":"EntryPoint","urlTemplate":"https:\/\/qingdaohf.com\/bg\/?s={search_term_string}"},"query-input":{"@type":"PropertyValueSpecification","valueRequired":true,"valueName":"search_term_string"}}],"inLanguage":"lt-LT"},{"@type":"Organization","@id":"https:\/\/qingdaohf.com\/bg\/#organization","name":"Qingdao H&F","url":"https:\/\/qingdaohf.com\/bg\/","logo":{"@type":"ImageObject","inLanguage":"lt-LT","@id":"https:\/\/qingdaohf.com\/bg\/#\/schema\/logo\/image\/","url":"https:\/\/qingdaohf.com\/wp-content\/uploads\/2022\/12\/cropped-HF-LOGO.png","contentUrl":"https:\/\/qingdaohf.com\/wp-content\/uploads\/2022\/12\/cropped-HF-LOGO.png","width":391,"height":249,"caption":"Qingdao H&F"},"image":{"@id":"https:\/\/qingdaohf.com\/bg\/#\/schema\/logo\/image\/"},"sameAs":["https:\/\/www.facebook.com\/qingdaohf"]}]}},"_links":{"self":[{"href":"https:\/\/qingdaohf.com\/lt\/wp-json\/wp\/v2\/product\/8178","targetHints":{"allow":["GET"]}}],"collection":[{"href":"https:\/\/qingdaohf.com\/lt\/wp-json\/wp\/v2\/product"}],"about":[{"href":"https:\/\/qingdaohf.com\/lt\/wp-json\/wp\/v2\/types\/product"}],"replies":[{"embeddable":true,"href":"https:\/\/qingdaohf.com\/lt\/wp-json\/wp\/v2\/comments?post=8178"}],"version-history":[{"count":1,"href":"https:\/\/qingdaohf.com\/lt\/wp-json\/wp\/v2\/product\/8178\/revisions"}],"predecessor-version":[{"id":8180,"href":"https:\/\/qingdaohf.com\/lt\/wp-json\/wp\/v2\/product\/8178\/revisions\/8180"}],"wp:featuredmedia":[{"embeddable":true,"href":"https:\/\/qingdaohf.com\/lt\/wp-json\/wp\/v2\/media\/8171"}],"wp:attachment":[{"href":"https:\/\/qingdaohf.com\/lt\/wp-json\/wp\/v2\/media?parent=8178"}],"wp:term":[{"taxonomy":"product_brand","embeddable":true,"href":"https:\/\/qingdaohf.com\/lt\/wp-json\/wp\/v2\/product_brand?post=8178"},{"taxonomy":"product_cat","embeddable":true,"href":"https:\/\/qingdaohf.com\/lt\/wp-json\/wp\/v2\/product_cat?post=8178"},{"taxonomy":"product_tag","embeddable":true,"href":"https:\/\/qingdaohf.com\/lt\/wp-json\/wp\/v2\/product_tag?post=8178"}],"curies":[{"name":"wp","href":"https:\/\/api.w.org\/{rel}","templated":true}]}}