{"id":8181,"date":"2024-10-29T16:52:37","date_gmt":"2024-10-29T08:52:37","guid":{"rendered":"http:\/\/qingdaohf.com\/?post_type=product&#038;p=8181"},"modified":"2025-11-13T09:02:54","modified_gmt":"2025-11-13T01:02:54","slug":"stud-link-chain","status":"publish","type":"product","link":"https:\/\/qingdaohf.com\/lt\/produktas\/smeigtuku-grandine\/","title":{"rendered":"\"Stud Link\" inkaro grandin\u0117"},"content":{"rendered":"<p><img fetchpriority=\"high\" decoding=\"async\" class=\"alignnone size-full wp-image-8170\" src=\"http:\/\/qingdaohf.com\/wp-content\/uploads\/2024\/10\/stud-link-anchor-chain_2.webp\" alt=\"inkaro grandin\u0117\" width=\"842\" height=\"1091\" srcset=\"https:\/\/qingdaohf.com\/wp-content\/uploads\/2024\/10\/stud-link-anchor-chain_2.webp 842w, https:\/\/qingdaohf.com\/wp-content\/uploads\/2024\/10\/stud-link-anchor-chain_2-232x300.webp 232w, https:\/\/qingdaohf.com\/wp-content\/uploads\/2024\/10\/stud-link-anchor-chain_2-790x1024.webp 790w, https:\/\/qingdaohf.com\/wp-content\/uploads\/2024\/10\/stud-link-anchor-chain_2-768x995.webp 768w, https:\/\/qingdaohf.com\/wp-content\/uploads\/2024\/10\/stud-link-anchor-chain_2-9x12.webp 9w\" sizes=\"(max-width: 842px) 100vw, 842px\" \/><\/p>\n<p>Pramon\u0117je, j\u016broje ir atviroje j\u016broje \"Stud Link\" grandin\u0117s yra patikimos d\u0117l savo ilgaam\u017ei\u0161kumo ir apkrovos laikymo galimybi\u0173, tod\u0117l idealiai tinka inkaravimui, \u0161vartavimui ir \u012fvairiems sunkiems kroviniams kelti. \u0160ias grandines sudaro tarpusavyje sujungtos grandys su smeig\u0117mis, i\u0161d\u0117stytomis per kiekvienos grandies vid\u0173, kurios suteikia strukt\u016brinio stabilumo, padedan\u010dio i\u0161vengti deformacijos esant didelei apkrovai. Rinkdamiesi grandin\u0119 pirk\u0117jai turi atkreipti d\u0117mes\u012f \u012f tokias specifikacijas kaip skersmuo, bandomoji apkrova ir bendra med\u017eiagos kokyb\u0117, nes \u0161ie veiksniai turi tiesiogin\u0117s \u012ftakos saugumui ir veikimui.<\/p>\n<p>Svarbu pasirinkti tinkam\u0105 \"Stud Link\" grandin\u0119 ne tik bendram naudojimui; kiekvienos grandin\u0117s specifikacijos turi atitikti pramon\u0117s reikalavimus ir numatomas apkrovos s\u0105lygas. Pavyzd\u017eiui, grandin\u0117s grand\u017ei\u0173 skersmuo, kuris paprastai b\u016bna coliais, yra labai svarbus nustatant grandin\u0117s stiprum\u0105 ir tinkamum\u0105 \u012fvairioms paskirtims. Tarptautinius standartus, pavyzd\u017eiui, ISO 1704 ir IACS taisykles, atitinkan\u010dios grandin\u0117s pirk\u0117jams suteikia garantij\u0105, kad \u0161i\u0173 gamini\u0173 kokyb\u0117 ir atsparumas buvo grie\u017etai i\u0161bandyti. \"Qingdao H&amp;F\" pripa\u017e\u012fstame, kad reikia ir auk\u0161tos kokyb\u0117s gamini\u0173, ir patikim\u0173 paslaug\u0173, tod\u0117l prie kiekvienos grandin\u0117s pridedame i\u0161samias kokyb\u0117s tikrinimo ataskaitas, \u012fskaitant \u012frodom\u0105j\u0105 apkrov\u0105, tr\u016bkimo apkrov\u0105 ir med\u017eiagos sud\u0117t\u012f. Didel\u012f d\u0117mes\u012f skirdami saugai ir efektyvumui, m\u016bs\u0173 \"Stud Link\" grandin\u0117s suteikia pasitik\u0117jimo, reikalingo veiklos saugumui sud\u0117tingoje aplinkoje.<\/p>\n<h3><strong>\"Stud Link\" grandini\u0173 stiprumas ir ilgaam\u017ei\u0161kumas<\/strong><\/h3>\n<p>\"Stud Link\" grandin\u0117s pagamintos i\u0161 auk\u0161tos kokyb\u0117s plieno, tod\u0117l jos pasi\u017eymi i\u0161skirtiniu atsparumu tempimui ir korozijai - dviem svarbiausiomis savyb\u0117mis j\u016brin\u0117je ir sunkiojoje pramon\u0117je. Kiekvienoje grandyje esanti smeig\u0117 neleid\u017eia grandinei deformuotis, nes i\u0161laiko bendr\u0105 grandin\u0117s form\u0105, net ir veikiant didel\u0117ms apkrovoms. \u0160i konstrukcin\u0117 savyb\u0117 taip pat padeda suma\u017einti lenkimo \u012ftempius, kurie yra da\u017ena problema, susijusi su didel\u0117mis apkrovomis, ir taip prailgina grandin\u0117s tarnavimo laik\u0105.<\/p>\n<p>Kiekviena grandis yra kruop\u0161\u010diai sukonstruota taip, kad atlaikyt\u0173 apkrovas, nesideformuodama ir nenuvargdama, tod\u0117l \"Stud Link\" grandin\u0117s yra ypa\u010d vertingos j\u016broje, kur labai svarbus stabilumas ir tvirtumas. Didesnio skersmens grandin\u0117s pasi\u017eymi didesn\u0117mis atsparumo apkrovomis, o tai rei\u0161kia, kad jos gali atlaikyti didel\u012f svor\u012f nesusilankstydamos, tod\u0117l idealiai tinka \u0161vartavimosi sistemoms ir inkar\u0173 grandin\u0117ms.<\/p>\n<p>\"Qingdao H&amp;F\" \u012fsipareigojimas u\u017etikrinti kokyb\u0119 apima grie\u017et\u0105 testavimo proces\u0105, kurio metu prie\u0161 i\u0161siun\u010diant grandines atliekami bandomosios apkrovos ir tempimo stiprumo \u012fvertinimai. Taikant \u0161i\u0105 praktik\u0105 u\u017etikrinama, kad kiekvienas gaminys atitikt\u0173 reikalavimus ir atlaikyt\u0173 sud\u0117tingas pramoninio naudojimo s\u0105lygas. M\u016bs\u0173 individualus klient\u0173 aptarnavimo metodas taip pat rei\u0161kia, kad pirk\u0117jai gauna ekspert\u0173 rekomendacijas, kaip pasirinkti tinkam\u0105 grandin\u0117s dyd\u012f ir specifikacijas, atsi\u017evelgiant \u012f konkre\u010dius poreikius, tod\u0117l kiekvienas pirkinys yra pagr\u012fstas.<\/p>\n<h3><strong>\"Stud Link\" grandini\u0173 taikymo sritys ir pirk\u0117j\u0173 svarstymai<\/strong><\/h3>\n<p>Dygliuotosios grandin\u0117s da\u017eniausiai naudojamos j\u016broje, ypa\u010d kaip inkar\u0173 ir \u0161vartavimosi grandin\u0117s, nes jos yra atsparios ilgalaikiam j\u016bros vandens poveikiui ir \u0161iurk\u0161\u010diam darbui. \u0160ios grandin\u0117s naudojamos ne tik j\u016broje, bet ir statybose, kalnakasyboje ir pramonin\u0117se ma\u0161inose, kur reikia patikimai tvirtinti ir valdyti didelius krovinius. Ta\u010diau grandin\u0117s skersmens, smeigi\u0173 konstrukcijos ir med\u017eiag\u0173 pasirinkimas tampa labai svarbus siekiant patenkinti kiekvienos pramon\u0117s \u0161akos specifinius reikalavimus.<\/p>\n<p>Rinkdamiesi \"Stud Link Chains\" grandines, pirk\u0117jai teikia pirmenyb\u0119 keletui su na\u0161umu susijusi\u0173 savybi\u0173. Pirma, med\u017eiagos stiprumas: didelio tempimo plienas u\u017etikrina reikiam\u0105 ilgaam\u017ei\u0161kum\u0105 j\u016brin\u0117ms reikm\u0117ms, o legiruotam plienui gali b\u016bti teikiama pirmenyb\u0117 d\u0117l geresnio konstrukcijos stiprumo ir svorio santykio. Antra, atsparumas korozijai tampa labai svarbus s\u016braus vandens aplinkoje, nes bet koks med\u017eiagos kokyb\u0117s kompromisas gali lemti ankstyv\u0105 grandin\u0117s gedim\u0105 ir pavoj\u0173 saugai. Pirk\u0117jai taip pat tur\u0117t\u0173 atsi\u017evelgti \u012f grandin\u0117s atsparumo apkrovos reiting\u0105, kad \u012fsitikint\u0173, jog ji gali atlaikyti konkre\u010dias svorio apkrovas, kuri\u0173 tikimasi vykdant operacijas.<\/p>\n<p>\"Qingdao H&amp;F\" greitas pristatymo ciklas leid\u017eia \u012fmon\u0117ms nepertraukiamai vykdyti veikl\u0105 be pernelyg dideli\u0173 prastov\u0173. Be to, mes si\u016blome i\u0161samias patikrinimo ataskaitas, tod\u0117l prie\u0161 i\u0161siun\u010diant prekes m\u016bs\u0173 klientai gali ai\u0161kiai matyti kiekvienos grandin\u0117s kokyb\u0117s parametrus. D\u0117l tokio skaidrumo lygio pirk\u0117jai gali pasitik\u0117ti, kad m\u016bs\u0173 grandin\u0117s atitinka ne tik pramon\u0117s standartus, bet ir unikalius kiekvienos paskirties reikalavimus, nesvarbu, ar tai b\u016bt\u0173 j\u016brin\u0117s platformos, pramoninis k\u0117limas, ar uost\u0173 ir prieplauk\u0173 operacijos.<\/p>\n<h3><strong>I\u0161vados: Kod\u0117l verta rinktis Qingdao H&amp;F's Stud Link Chains<\/strong><\/h3>\n<p>Renkantis \"Stud Link\" grandin\u0119 reikia atsi\u017evelgti \u012f saugum\u0105 ir funkcionalum\u0105, nes \u0161ios grandin\u0117s turi atlaikyti ekstremalias apkrovas ir sud\u0117ting\u0105 aplink\u0105. Qingdao H&amp;F neapsiribojame vien tik auk\u0161tos kokyb\u0117s grandini\u0173 tiekimu, bet si\u016blome visapusi\u0161k\u0105 aptarnavimo patirt\u012f, apiman\u010di\u0105 ekspert\u0173 konsultacijas, greit\u0105 pristatym\u0105 ir gaminio skaidrum\u0105 pateikiant tikrinimo ataskaitas. Kiekviena m\u016bs\u0173 grandin\u0117 atitinka grie\u017etus bandym\u0173 standartus, tod\u0117l pirk\u0117jams u\u017etikrinama kokyb\u0117 ir ilgaam\u017ei\u0161kumas su kiekvienu pirkiniu.<\/p>\n<p>M\u016bs\u0173 \u012fsipareigojimas teikti individualias klient\u0173 aptarnavimo paslaugas rei\u0161kia, kad klientams padedame kiekviename etape - nuo gaminio pasirinkimo iki u\u017eklaus\u0173 po pardavimo, taip u\u017etikrindami geriausi\u0105 pirkimo patirt\u012f. Nesvarbu, ar jos naudojamos j\u016broje, pramon\u0117je, ar kitoje didel\u0117s apkrovos aplinkoje, \"Qingdao H&amp;F\" \"Stud Link\" grandin\u0117s pasi\u017eymi ne tik kokybe, bet ir patikimumu bei pagalba, kuri\u0173 reikia kiekvienai \u012fmonei, kad ji s\u0117kmingai veikt\u0173.<\/p>","protected":false},"excerpt":{"rendered":"<p>\"Stud Link\" grandin\u0117 pasi\u017eymi dideliu tvirtumu ir stabilumu, idealiai tinka darbui didel\u0117mis apkrovomis, kai svarbiausia yra ilgaam\u017ei\u0161kumas ir patikimumas. Pirk\u0117jai, rinkdamiesi \"Stud Link\" grandin\u0119, da\u017enai teikia pirmenyb\u0119 tokiems veiksniams kaip med\u017eiagos kokyb\u0117, laikomoji galia ir atsparumas at\u0161iaurioms aplinkos s\u0105lygoms. Qingdao H&amp;F teikia pirmenyb\u0119 \u0161iems poreikiams, u\u017etikrindami, kad kiekviena grandin\u0117 atitikt\u0173 grie\u017etus kokyb\u0117s standartus, ir pateikdami i\u0161samias tikrinimo ataskaitas, \u012fskaitant bandomosios apkrovos ir tempimo stiprumo duomenis. Taikydami individual\u0173 klient\u0173 aptarnavimo princip\u0105 ir efektyv\u0173 pristatymo cikl\u0105, tiekiame ne tik gaminius, bet ir patikimus sprendimus, kurie u\u017etikrina sklandesn\u0119 ir saugesn\u0119 j\u016bs\u0173 verslo veikl\u0105.<\/p>","protected":false},"featured_media":4678,"comment_status":"open","ping_status":"closed","template":"","meta":{"site-sidebar-layout":"default","site-content-layout":"","ast-site-content-layout":"default","site-content-style":"default","site-sidebar-style":"default","ast-global-header-display":"","ast-banner-title-visibility":"","ast-main-header-display":"","ast-hfb-above-header-display":"","ast-hfb-below-header-display":"","ast-hfb-mobile-header-display":"","site-post-title":"","ast-breadcrumbs-content":"","ast-featured-img":"","footer-sml-layout":"","theme-transparent-header-meta":"default","adv-header-id-meta":"","stick-header-meta":"default","header-above-stick-meta":"","header-main-stick-meta":"","header-below-stick-meta":"","astra-migrate-meta-layouts":"set","ast-page-background-enabled":"default","ast-page-background-meta":{"desktop":{"background-color":"","background-image":"","background-repeat":"repeat","background-position":"center center","background-size":"auto","background-attachment":"scroll","background-type":"","background-media":"","overlay-type":"","overlay-color":"","overlay-opacity":"","overlay-gradient":""},"tablet":{"background-color":"","background-image":"","background-repeat":"repeat","background-position":"center center","background-size":"auto","background-attachment":"scroll","background-type":"","background-media":"","overlay-type":"","overlay-color":"","overlay-opacity":"","overlay-gradient":""},"mobile":{"background-color":"","background-image":"","background-repeat":"repeat","background-position":"center center","background-size":"auto","background-attachment":"scroll","background-type":"","background-media":"","overlay-type":"","overlay-color":"","overlay-opacity":"","overlay-gradient":""}},"ast-content-background-meta":{"desktop":{"background-color":"var(--ast-global-color-5)","background-image":"","background-repeat":"repeat","background-position":"center center","background-size":"auto","background-attachment":"scroll","background-type":"","background-media":"","overlay-type":"","overlay-color":"","overlay-opacity":"","overlay-gradient":""},"tablet":{"background-color":"var(--ast-global-color-5)","background-image":"","background-repeat":"repeat","background-position":"center center","background-size":"auto","background-attachment":"scroll","background-type":"","background-media":"","overlay-type":"","overlay-color":"","overlay-opacity":"","overlay-gradient":""},"mobile":{"background-color":"var(--ast-global-color-5)","background-image":"","background-repeat":"repeat","background-position":"center center","background-size":"auto","background-attachment":"scroll","background-type":"","background-media":"","overlay-type":"","overlay-color":"","overlay-opacity":"","overlay-gradient":""}}},"product_brand":[],"product_cat":[38],"product_tag":[],"class_list":{"0":"post-8181","1":"product","2":"type-product","3":"status-publish","4":"has-post-thumbnail","6":"product_cat-chain","7":"desktop-align-left","8":"tablet-align-left","9":"mobile-align-left","10":"ast-product-gallery-layout-horizontal-slider","11":"ast-product-tabs-layout-horizontal","13":"first","14":"instock","15":"shipping-taxable","16":"purchasable","17":"product-type-simple"},"yoast_head":"<!-- This site is optimized with the Yoast SEO plugin v25.2 - https:\/\/yoast.com\/wordpress\/plugins\/seo\/ -->\n<title>Stud Link Anchor Chain<\/title>\n<meta name=\"robots\" content=\"index, follow, max-snippet:-1, max-image-preview:large, max-video-preview:-1\" \/>\n<link rel=\"canonical\" href=\"https:\/\/qingdaohf.com\/lt\/produktas\/smeigtuku-grandine\/\" \/>\n<meta property=\"og:locale\" content=\"lt_LT\" \/>\n<meta property=\"og:type\" content=\"article\" \/>\n<meta property=\"og:title\" content=\"Stud Link Anchor Chain\" \/>\n<meta property=\"og:description\" content=\"A Stud Link Chain offers robust strength and stability, ideal for heavy-duty applications where durability and reliability are paramount. Buyers often prioritize factors like material quality, load-bearing capacity, and resistance to harsh environments when selecting a Stud Link Chain. At Qingdao H&amp;F, we prioritize these needs by ensuring every chain meets stringent quality standards and providing detailed inspection reports, including proof load and tensile strength data. With our one-on-one customer service approach and efficient delivery cycle, we deliver not just products but reliable solutions that enable smoother, safer operations for your business.\" \/>\n<meta property=\"og:url\" content=\"https:\/\/qingdaohf.com\/lt\/produktas\/smeigtuku-grandine\/\" \/>\n<meta property=\"og:site_name\" content=\"Concrete Form &amp; Rigging Hardware Supplier\" \/>\n<meta property=\"article:publisher\" content=\"https:\/\/www.facebook.com\/qingdaohf\" \/>\n<meta property=\"article:modified_time\" content=\"2025-11-13T01:02:54+00:00\" \/>\n<meta property=\"og:image\" content=\"https:\/\/qingdaohf.com\/wp-content\/uploads\/2023\/04\/Marine-anchor-chain.jpg\" \/>\n\t<meta property=\"og:image:width\" content=\"1000\" \/>\n\t<meta property=\"og:image:height\" content=\"1000\" \/>\n\t<meta property=\"og:image:type\" content=\"image\/jpeg\" \/>\n<meta name=\"twitter:card\" content=\"summary_large_image\" \/>\n<meta name=\"twitter:label1\" content=\"Est. reading time\" \/>\n\t<meta name=\"twitter:data1\" content=\"4 minut\u0117s\" \/>\n<script type=\"application\/ld+json\" class=\"yoast-schema-graph\">{\"@context\":\"https:\/\/schema.org\",\"@graph\":[{\"@type\":\"WebPage\",\"@id\":\"https:\/\/qingdaohf.com\/product\/stud-link-chain\/\",\"url\":\"https:\/\/qingdaohf.com\/product\/stud-link-chain\/\",\"name\":\"Stud Link Anchor Chain\",\"isPartOf\":{\"@id\":\"https:\/\/qingdaohf.com\/bg\/#website\"},\"primaryImageOfPage\":{\"@id\":\"https:\/\/qingdaohf.com\/product\/stud-link-chain\/#primaryimage\"},\"image\":{\"@id\":\"https:\/\/qingdaohf.com\/product\/stud-link-chain\/#primaryimage\"},\"thumbnailUrl\":\"https:\/\/qingdaohf.com\/wp-content\/uploads\/2023\/04\/Marine-anchor-chain.jpg\",\"datePublished\":\"2024-10-29T08:52:37+00:00\",\"dateModified\":\"2025-11-13T01:02:54+00:00\",\"breadcrumb\":{\"@id\":\"https:\/\/qingdaohf.com\/product\/stud-link-chain\/#breadcrumb\"},\"inLanguage\":\"lt-LT\",\"potentialAction\":[{\"@type\":\"ReadAction\",\"target\":[\"https:\/\/qingdaohf.com\/product\/stud-link-chain\/\"]}]},{\"@type\":\"ImageObject\",\"inLanguage\":\"lt-LT\",\"@id\":\"https:\/\/qingdaohf.com\/product\/stud-link-chain\/#primaryimage\",\"url\":\"https:\/\/qingdaohf.com\/wp-content\/uploads\/2023\/04\/Marine-anchor-chain.jpg\",\"contentUrl\":\"https:\/\/qingdaohf.com\/wp-content\/uploads\/2023\/04\/Marine-anchor-chain.jpg\",\"width\":1000,\"height\":1000,\"caption\":\"Marine anchor chain\"},{\"@type\":\"BreadcrumbList\",\"@id\":\"https:\/\/qingdaohf.com\/product\/stud-link-chain\/#breadcrumb\",\"itemListElement\":[{\"@type\":\"ListItem\",\"position\":1,\"name\":\"Home\",\"item\":\"https:\/\/qingdaohf.com\/\"},{\"@type\":\"ListItem\",\"position\":2,\"name\":\"Concrete Forming Accessories and Rigging Hardware\",\"item\":\"https:\/\/qingdaohf.com\/bg\/?page_id=944\"},{\"@type\":\"ListItem\",\"position\":3,\"name\":\"Stud Link Anchor Chain\"}]},{\"@type\":\"WebSite\",\"@id\":\"https:\/\/qingdaohf.com\/bg\/#website\",\"url\":\"https:\/\/qingdaohf.com\/bg\/\",\"name\":\"Concrete Form & Rigging Hardware Supplier\",\"description\":\"\",\"publisher\":{\"@id\":\"https:\/\/qingdaohf.com\/bg\/#organization\"},\"potentialAction\":[{\"@type\":\"SearchAction\",\"target\":{\"@type\":\"EntryPoint\",\"urlTemplate\":\"https:\/\/qingdaohf.com\/bg\/?s={search_term_string}\"},\"query-input\":{\"@type\":\"PropertyValueSpecification\",\"valueRequired\":true,\"valueName\":\"search_term_string\"}}],\"inLanguage\":\"lt-LT\"},{\"@type\":\"Organization\",\"@id\":\"https:\/\/qingdaohf.com\/bg\/#organization\",\"name\":\"Qingdao H&F\",\"url\":\"https:\/\/qingdaohf.com\/bg\/\",\"logo\":{\"@type\":\"ImageObject\",\"inLanguage\":\"lt-LT\",\"@id\":\"https:\/\/qingdaohf.com\/bg\/#\/schema\/logo\/image\/\",\"url\":\"https:\/\/qingdaohf.com\/wp-content\/uploads\/2022\/12\/cropped-HF-LOGO.png\",\"contentUrl\":\"https:\/\/qingdaohf.com\/wp-content\/uploads\/2022\/12\/cropped-HF-LOGO.png\",\"width\":391,\"height\":249,\"caption\":\"Qingdao H&F\"},\"image\":{\"@id\":\"https:\/\/qingdaohf.com\/bg\/#\/schema\/logo\/image\/\"},\"sameAs\":[\"https:\/\/www.facebook.com\/qingdaohf\"]}]}<\/script>\n<!-- \/ Yoast SEO plugin. -->","yoast_head_json":{"title":"Stud Link Anchor Chain","robots":{"index":"index","follow":"follow","max-snippet":"max-snippet:-1","max-image-preview":"max-image-preview:large","max-video-preview":"max-video-preview:-1"},"canonical":"https:\/\/qingdaohf.com\/lt\/produktas\/smeigtuku-grandine\/","og_locale":"lt_LT","og_type":"article","og_title":"Stud Link Anchor Chain","og_description":"A Stud Link Chain offers robust strength and stability, ideal for heavy-duty applications where durability and reliability are paramount. Buyers often prioritize factors like material quality, load-bearing capacity, and resistance to harsh environments when selecting a Stud Link Chain. At Qingdao H&amp;F, we prioritize these needs by ensuring every chain meets stringent quality standards and providing detailed inspection reports, including proof load and tensile strength data. With our one-on-one customer service approach and efficient delivery cycle, we deliver not just products but reliable solutions that enable smoother, safer operations for your business.","og_url":"https:\/\/qingdaohf.com\/lt\/produktas\/smeigtuku-grandine\/","og_site_name":"Concrete Form &amp; Rigging Hardware Supplier","article_publisher":"https:\/\/www.facebook.com\/qingdaohf","article_modified_time":"2025-11-13T01:02:54+00:00","og_image":[{"width":1000,"height":1000,"url":"https:\/\/qingdaohf.com\/wp-content\/uploads\/2023\/04\/Marine-anchor-chain.jpg","type":"image\/jpeg"}],"twitter_card":"summary_large_image","twitter_misc":{"Est. reading time":"4 minut\u0117s"},"schema":{"@context":"https:\/\/schema.org","@graph":[{"@type":"WebPage","@id":"https:\/\/qingdaohf.com\/product\/stud-link-chain\/","url":"https:\/\/qingdaohf.com\/product\/stud-link-chain\/","name":"Stud Link Anchor Chain","isPartOf":{"@id":"https:\/\/qingdaohf.com\/bg\/#website"},"primaryImageOfPage":{"@id":"https:\/\/qingdaohf.com\/product\/stud-link-chain\/#primaryimage"},"image":{"@id":"https:\/\/qingdaohf.com\/product\/stud-link-chain\/#primaryimage"},"thumbnailUrl":"https:\/\/qingdaohf.com\/wp-content\/uploads\/2023\/04\/Marine-anchor-chain.jpg","datePublished":"2024-10-29T08:52:37+00:00","dateModified":"2025-11-13T01:02:54+00:00","breadcrumb":{"@id":"https:\/\/qingdaohf.com\/product\/stud-link-chain\/#breadcrumb"},"inLanguage":"lt-LT","potentialAction":[{"@type":"ReadAction","target":["https:\/\/qingdaohf.com\/product\/stud-link-chain\/"]}]},{"@type":"ImageObject","inLanguage":"lt-LT","@id":"https:\/\/qingdaohf.com\/product\/stud-link-chain\/#primaryimage","url":"https:\/\/qingdaohf.com\/wp-content\/uploads\/2023\/04\/Marine-anchor-chain.jpg","contentUrl":"https:\/\/qingdaohf.com\/wp-content\/uploads\/2023\/04\/Marine-anchor-chain.jpg","width":1000,"height":1000,"caption":"Marine anchor chain"},{"@type":"BreadcrumbList","@id":"https:\/\/qingdaohf.com\/product\/stud-link-chain\/#breadcrumb","itemListElement":[{"@type":"ListItem","position":1,"name":"Home","item":"https:\/\/qingdaohf.com\/"},{"@type":"ListItem","position":2,"name":"Concrete Forming Accessories and Rigging Hardware","item":"https:\/\/qingdaohf.com\/bg\/?page_id=944"},{"@type":"ListItem","position":3,"name":"Stud Link Anchor Chain"}]},{"@type":"WebSite","@id":"https:\/\/qingdaohf.com\/bg\/#website","url":"https:\/\/qingdaohf.com\/bg\/","name":"Concrete Form & Rigging Hardware Supplier","description":"","publisher":{"@id":"https:\/\/qingdaohf.com\/bg\/#organization"},"potentialAction":[{"@type":"SearchAction","target":{"@type":"EntryPoint","urlTemplate":"https:\/\/qingdaohf.com\/bg\/?s={search_term_string}"},"query-input":{"@type":"PropertyValueSpecification","valueRequired":true,"valueName":"search_term_string"}}],"inLanguage":"lt-LT"},{"@type":"Organization","@id":"https:\/\/qingdaohf.com\/bg\/#organization","name":"Qingdao H&F","url":"https:\/\/qingdaohf.com\/bg\/","logo":{"@type":"ImageObject","inLanguage":"lt-LT","@id":"https:\/\/qingdaohf.com\/bg\/#\/schema\/logo\/image\/","url":"https:\/\/qingdaohf.com\/wp-content\/uploads\/2022\/12\/cropped-HF-LOGO.png","contentUrl":"https:\/\/qingdaohf.com\/wp-content\/uploads\/2022\/12\/cropped-HF-LOGO.png","width":391,"height":249,"caption":"Qingdao H&F"},"image":{"@id":"https:\/\/qingdaohf.com\/bg\/#\/schema\/logo\/image\/"},"sameAs":["https:\/\/www.facebook.com\/qingdaohf"]}]}},"_links":{"self":[{"href":"https:\/\/qingdaohf.com\/lt\/wp-json\/wp\/v2\/product\/8181","targetHints":{"allow":["GET"]}}],"collection":[{"href":"https:\/\/qingdaohf.com\/lt\/wp-json\/wp\/v2\/product"}],"about":[{"href":"https:\/\/qingdaohf.com\/lt\/wp-json\/wp\/v2\/types\/product"}],"replies":[{"embeddable":true,"href":"https:\/\/qingdaohf.com\/lt\/wp-json\/wp\/v2\/comments?post=8181"}],"version-history":[{"count":2,"href":"https:\/\/qingdaohf.com\/lt\/wp-json\/wp\/v2\/product\/8181\/revisions"}],"predecessor-version":[{"id":8341,"href":"https:\/\/qingdaohf.com\/lt\/wp-json\/wp\/v2\/product\/8181\/revisions\/8341"}],"wp:featuredmedia":[{"embeddable":true,"href":"https:\/\/qingdaohf.com\/lt\/wp-json\/wp\/v2\/media\/4678"}],"wp:attachment":[{"href":"https:\/\/qingdaohf.com\/lt\/wp-json\/wp\/v2\/media?parent=8181"}],"wp:term":[{"taxonomy":"product_brand","embeddable":true,"href":"https:\/\/qingdaohf.com\/lt\/wp-json\/wp\/v2\/product_brand?post=8181"},{"taxonomy":"product_cat","embeddable":true,"href":"https:\/\/qingdaohf.com\/lt\/wp-json\/wp\/v2\/product_cat?post=8181"},{"taxonomy":"product_tag","embeddable":true,"href":"https:\/\/qingdaohf.com\/lt\/wp-json\/wp\/v2\/product_tag?post=8181"}],"curies":[{"name":"wp","href":"https:\/\/api.w.org\/{rel}","templated":true}]}}