{"id":8189,"date":"2024-11-05T13:59:31","date_gmt":"2024-11-05T05:59:31","guid":{"rendered":"http:\/\/qingdaohf.com\/?post_type=product&#038;p=8189"},"modified":"2025-11-13T09:02:54","modified_gmt":"2025-11-13T01:02:54","slug":"webbing-sling-1-ton","status":"publish","type":"product","link":"https:\/\/qingdaohf.com\/lt\/produktas\/1-tonos-dirzinis-dirzas\/","title":{"rendered":"Plok\u0161ti austiniai dir\u017eai 1 tonos poliesterio dvigubo dvipusio tipo"},"content":{"rendered":"<h3><strong>Patikimas ir universalus 1 tonos dir\u017einis dir\u017eas, skirtas saugiam ir veiksmingam k\u0117limui<\/strong><\/h3>\n<p>Juostiniai stropai yra nepakei\u010diami pramon\u0117s \u0161akose, kurios priklauso nuo k\u0117limo ir med\u017eiag\u0173 tvarkymo. Tarp j\u0173 1 tonos dir\u017einiai stropai yra labai vertinami d\u0117l savo geb\u0117jimo saugiai ir efektyviai kelti vidutinio dyd\u017eio krovinius. \u0160ios r\u016b\u0161ies stropai, pagaminti i\u0161 auk\u0161tos kokyb\u0117s sintetinio pluo\u0161to, ypa\u010d vertinami d\u0117l savo tvirtumo, ilgaam\u017ei\u0161kumo ir pritaikomumo derinio. 1 tonos dir\u017einis stropas lengvai ir patikimai atitinka \u012fvairius k\u0117limo reikalavimus - nuo statyb\u0173 iki sand\u0117li\u0173.<\/p>\n<p>1 ton\u0105 sverian\u010dio dir\u017eo stropo konstrukcija yra specialiai optimizuota taip, kad b\u016bt\u0173 galima subalansuoti apkrovos laikymo j\u0117g\u0105 ir lankstum\u0105. \u0160i pusiausvyra leid\u017eia saugiai tvirtinti krovinius net ir sud\u0117tingomis s\u0105lygomis. Pagrindiniai aspektai, tokie kaip atsparumas ply\u0161imui, pailg\u0117jimas veikiant apkrovai ir atsparumas UV spinduliams, yra neatsiejami nuo \u0161i\u0173 strop\u0173 gamybos, tod\u0117l jie atitinka tiek na\u0161umo, tiek ilgaam\u017ei\u0161kumo reikalavimus, kuri\u0173 pirk\u0117jai ie\u0161ko k\u0117limo \u012frangoje. Be to, med\u017eiagos parinktos taip, kad b\u016bt\u0173 atsparios d\u0117v\u0117jimuisi ir dilimui, o tai labai svarbu pakartotiniam naudojimui ir saugumo u\u017etikrinimui.<\/p>\n<p>\"Qingdao H&amp;F\" si\u016blo unikali\u0173 privalum\u0173, kurie dar labiau sustiprina dir\u017eini\u0173 strop\u0173 \u012fsigijimo patirt\u012f. Kiekvienas stropas yra grie\u017etai kontroliuojamas ir tikrinamas, pateikiamos i\u0161samios patikrinimo ataskaitos, tod\u0117l pristatant garantuojamas patikimas veikimas. Be to, m\u016bs\u0173 individualus klient\u0173 aptarnavimas u\u017etikrina, kad kiekvienas klientas gaut\u0173 asmenin\u0119 pagalb\u0105, nesvarbu, ar jis renkasi tinkam\u0105 gamin\u012f, ar teiraujasi patarim\u0173 d\u0117l prie\u017ei\u016bros. D\u0117l greito pristatymo ciklo \"Qingdao H&amp;F\" u\u017etikrina, kad \u0161ie auk\u0161tos kokyb\u0117s dir\u017einiai stropai b\u016bt\u0173 prieinami b\u016btent tada, kai j\u0173 reikia, ir taip padeda u\u017etikrinti skland\u0173 projekto termin\u0173 laikym\u0105si.<\/p>\n<h3><strong>Auk\u0161tos kokyb\u0117s konstrukcija ir med\u017eiagos<\/strong><\/h3>\n<p>M\u016bs\u0173 1 ton\u0105 sverian\u010di\u0173 dir\u017e\u0173 stropams naudojamos med\u017eiagos parinktos d\u0117l j\u0173 patvarumo ir lankstumo, t. y. savybi\u0173, kurios tiesiogiai prisideda prie saugumo ir patogumo. Paprastai \u0161ie dir\u017eai gaminami i\u0161 sintetini\u0173 pluo\u0161t\u0173, toki\u0173 kaip poliesteris ar nailonas, kurie turi kelet\u0105 privalum\u0173. Pavyzd\u017eiui, poliesteris pasi\u017eymi dideliu atsparumu chemin\u0117ms med\u017eiagoms ir ultravioletiniams spinduliams, tod\u0117l tinka naudoti lauke. Kita vertus, nailoniniai stropai pasi\u017eymi puikiu elastingumu - \u0161i savyb\u0117 gali b\u016bti ypa\u010d naudinga tvarkant tam tikrus krovinius.<\/p>\n<p>Gaminant audin\u012f, daug d\u0117mesio skiriama jo pynimui ir tankumui, kad b\u016bt\u0173 u\u017etikrintas pastovus apkrovos laikymas. Grie\u017etai tikrinamas \u0161i\u0173 strop\u0173 atsparumas ply\u0161imui, tod\u0117l u\u017etikrinama, kad kiekvienas dir\u017eas saugiai atlaikyt\u0173 iki 1 tonos apkrov\u0105 be joki\u0173 kompromis\u0173. Toks d\u0117mesys kokybei atitinka pagrindinius pirk\u0117j\u0173, kuriems \u0161ie stropai padeda i\u0161laikyti krovinio stabilum\u0105 ir u\u017etikrinti operatoriaus saugum\u0105, poreikius. Investuodama \u012f patvarias med\u017eiagas ir grie\u017etus gamybos standartus, \"Qingdao H&amp;F\" tiekia dir\u017einius stropus, kurie sukurti taip, kad vir\u0161yt\u0173 pramon\u0117s l\u016bkes\u010dius ir b\u016bt\u0173 naudojami ilgai ir patikimai.<\/p>\n<h3><strong>Taikymas ir privalumai \u012fvairiose pramon\u0117s \u0161akose<\/strong><\/h3>\n<p>D\u0117l 1 tonos dir\u017e\u0173 strop\u0173 pritaikomumo juos galima rinktis daugelyje sektori\u0173, \u012fskaitant statyb\u0173, laivybos, gamybos ir sand\u0117liavimo sektorius. Skirtingai nei grandin\u0117s ar vieliniai lynai, juostiniai stropai yra lengvesni ir lengviau manevruojami, tod\u0117l jie yra tikslesni ir ma\u017eiau nuvargina dirban\u010diuosius. Statybose \u0161ie stropai palengvina med\u017eiag\u0173 k\u0117lim\u0105 ir pozicionavim\u0105, tod\u0117l jie labai svarb\u016bs projektuose, kuriuose reikia patikim\u0173 k\u0117limo sprendim\u0173 be dideli\u0173 metalini\u0173 alternatyv\u0173. Be to, sintetinis audinys, i\u0161 kurio pagaminti dir\u017einiai stropai, suma\u017eina rizik\u0105 subrai\u017eyti ar pa\u017eeisti subtilius ar da\u017eytus pavir\u0161ius, o tai yra privalumas pramon\u0117s \u0161akose, kuriose labai svarbu i\u0161saugoti med\u017eiagas.<\/p>\n<p>\"Qingdao H&amp;F\" atsidavimas kokybei ir na\u0161umui atsispindi m\u016bs\u0173 dir\u017eini\u0173 strop\u0173 asortimente, kuris tenkina \u012fvairius k\u0117limo poreikius. M\u016bs\u0173 1 tonos stropas sukurtas su funkcijomis, kurios palengvina darb\u0105 ir padidina saugum\u0105, pavyzd\u017eiui, spalvotais krovumo indikatoriais ir sutvirtintomis kilpomis, apsaugan\u010diomis nuo susid\u0117v\u0117jimo pagrindiniuose \u012ftempimo ta\u0161kuose. Be to, prie kiekvieno stropo pridedama kokyb\u0117s patikrinimo ataskaita, suteikianti pasitik\u0117jimo, kad gaminys patikimai veiks numatytomis s\u0105lygomis. M\u016bs\u0173 klientams naudinga \u017einoti, kad j\u0173 \u012fsigytas dir\u017eas atitinka grie\u017etus kokyb\u0117s standartus, nes tai padeda u\u017etikrinti saugos reikalavim\u0173 laikym\u0105si ir efektyv\u0173 projekto vykdym\u0105.<\/p>\n<h3><strong>\"Qingdao H&amp;F\" pa\u017eadas: aptarnavimas, greitis ir u\u017etikrinimas<\/strong><\/h3>\n<p>\"Qingdao H&amp;F\" u\u017etikrina ne tik auk\u0161tos kokyb\u0117s gamin\u012f, bet ir i\u0161skirtin\u0119 pirkimo patirt\u012f. Suprantame, kad pirk\u0117jai pirmenyb\u0119 teikia ne tik gaminio kokybei, bet ir bendram tiek\u0117jo patikimumui. Tod\u0117l m\u016bs\u0173 po\u017ei\u016bris orientuotas ne tik \u012f pat\u012f gamin\u012f, bet ir \u012f paslaugas, kurios atitinka individualius klient\u0173 poreikius ir r\u016bpes\u010dius. Si\u016blydami individual\u0173 klient\u0173 aptarnavim\u0105, u\u017etikriname, kad kiekvienas klausimas ar reikalavimas b\u016bt\u0173 i\u0161spr\u0119stas greitai ir veiksmingai, taip skatindami pasitik\u0117jim\u0105 ir pasitenkinim\u0105 nuo pat pirmojo kontakto.<\/p>\n<p>M\u016bs\u0173 \u012fsipareigojimas veikti greitai atsispindi m\u016bs\u0173 greituose pristatymo cikluose. Suprantame, kad laikas yra labai svarbus, o bet koks v\u0117lavimas gali tur\u0117ti \u012ftakos produktyvumui ir tvarkara\u0161\u010diams. Tod\u0117l glaud\u017eiai bendradarbiaujame su savo logistikos partneriais, kad u\u017etikrintume efektyvius siuntimo procesus ir savo klientams suteiktume garantij\u0105, kad j\u0173 dir\u017e\u0173 stropai bus pristatyti tada, kai j\u0173 reik\u0117s. Be to, m\u016bs\u0173 kruop\u0161tus kokyb\u0117s tikrinimo procesas u\u017etikrina, kad kiekvienas stropas b\u016bt\u0173 paruo\u0161tas naudoti i\u0161 karto, ir pateikiame ataskaitas, kuriose i\u0161samiai apra\u0161oma gaminio atitiktis pramon\u0117s standartams. \u0160is \u012fsipareigojimas u\u017etikrinti kokyb\u0119 ir aptarnavim\u0105 i\u0161skiria \"Qingdao H&amp;F\" kaip pageidaujam\u0105 partner\u012f \u012fmon\u0117ms, ie\u0161kan\u010dioms patikim\u0173 k\u0117limo sprendim\u0173.<\/p>\n<p>M\u016bs\u0173 1 ton\u0105 sveriantis dir\u017einis dir\u017eas - tai na\u0161umo, saugumo ir patogumo derinys, sukurtas taip, kad atitikt\u0173 grie\u017etus \u0161iuolaikin\u0117s pramon\u0117s reikalavimus. Rinkdamiesi \"Qingdao H&amp;F\", pirk\u0117jai investuoja \u012f partneryst\u0119, kurioje vertinami j\u0173 prioritetai - nuo produkto vientisumo iki greito ir d\u0117mesingo aptarnavimo. Did\u017eiuojam\u0117s gal\u0117dami pateikti ne tik gamin\u012f, bet ir i\u0161sam\u0173 sprendim\u0105, atitinkant\u012f klient\u0173 veiklos poreikius ir kokyb\u0117s standartus.<\/p>","protected":false},"excerpt":{"rendered":"<p>M\u016bs\u0173 1 ton\u0105 sveriantis dir\u017einis stropas pasi\u017eymi tvirtumu ir universalumu atliekant k\u0117limo ir k\u0117limo u\u017eduotis \u012fvairiose pramon\u0117s \u0161akose. Pirk\u0117jai da\u017enai teikia pirmenyb\u0119 patvarumui, saugumui ir patogumui, o m\u016bs\u0173 dir\u017einiai stropai visa tai u\u017etikrina. \u0160ie dir\u017eai pagaminti taip, kad atlaikyt\u0173 sunk\u0173 naudojim\u0105, jie u\u017etikrina saug\u0173 k\u0117lim\u0105 ir kartu yra lankst\u016bs \u012fvairioms u\u017eduotims atlikti. B\u016bdama prekybos \u012fmon\u0117, Qingdao H&amp;F teikia i\u0161skirtini\u0173 privalum\u0173, \u012fskaitant individual\u0173 klient\u0173 aptarnavim\u0105, greit\u0105 pristatymo cikl\u0105 ir i\u0161samias kokyb\u0117s tikrinimo ataskaitas, u\u017etikrinan\u010dias, kad kiekvienas pirkinys atitikt\u0173 grie\u017etus saugos ir kokyb\u0117s standartus.<\/p>","protected":false},"featured_media":8190,"comment_status":"open","ping_status":"closed","template":"","meta":{"site-sidebar-layout":"default","site-content-layout":"","ast-site-content-layout":"default","site-content-style":"default","site-sidebar-style":"default","ast-global-header-display":"","ast-banner-title-visibility":"","ast-main-header-display":"","ast-hfb-above-header-display":"","ast-hfb-below-header-display":"","ast-hfb-mobile-header-display":"","site-post-title":"","ast-breadcrumbs-content":"","ast-featured-img":"","footer-sml-layout":"","theme-transparent-header-meta":"default","adv-header-id-meta":"","stick-header-meta":"default","header-above-stick-meta":"","header-main-stick-meta":"","header-below-stick-meta":"","astra-migrate-meta-layouts":"set","ast-page-background-enabled":"default","ast-page-background-meta":{"desktop":{"background-color":"","background-image":"","background-repeat":"repeat","background-position":"center center","background-size":"auto","background-attachment":"scroll","background-type":"","background-media":"","overlay-type":"","overlay-color":"","overlay-opacity":"","overlay-gradient":""},"tablet":{"background-color":"","background-image":"","background-repeat":"repeat","background-position":"center center","background-size":"auto","background-attachment":"scroll","background-type":"","background-media":"","overlay-type":"","overlay-color":"","overlay-opacity":"","overlay-gradient":""},"mobile":{"background-color":"","background-image":"","background-repeat":"repeat","background-position":"center center","background-size":"auto","background-attachment":"scroll","background-type":"","background-media":"","overlay-type":"","overlay-color":"","overlay-opacity":"","overlay-gradient":""}},"ast-content-background-meta":{"desktop":{"background-color":"var(--ast-global-color-5)","background-image":"","background-repeat":"repeat","background-position":"center center","background-size":"auto","background-attachment":"scroll","background-type":"","background-media":"","overlay-type":"","overlay-color":"","overlay-opacity":"","overlay-gradient":""},"tablet":{"background-color":"var(--ast-global-color-5)","background-image":"","background-repeat":"repeat","background-position":"center center","background-size":"auto","background-attachment":"scroll","background-type":"","background-media":"","overlay-type":"","overlay-color":"","overlay-opacity":"","overlay-gradient":""},"mobile":{"background-color":"var(--ast-global-color-5)","background-image":"","background-repeat":"repeat","background-position":"center center","background-size":"auto","background-attachment":"scroll","background-type":"","background-media":"","overlay-type":"","overlay-color":"","overlay-opacity":"","overlay-gradient":""}}},"product_brand":[],"product_cat":[39],"product_tag":[],"class_list":{"0":"post-8189","1":"product","2":"type-product","3":"status-publish","4":"has-post-thumbnail","6":"product_cat-webbing-sling","7":"desktop-align-left","8":"tablet-align-left","9":"mobile-align-left","10":"ast-product-gallery-layout-horizontal-slider","11":"ast-product-gallery-with-no-image","12":"ast-product-tabs-layout-horizontal","14":"first","15":"instock","16":"shipping-taxable","17":"purchasable","18":"product-type-simple"},"yoast_head":"<!-- This site is optimized with the Yoast SEO plugin v25.2 - https:\/\/yoast.com\/wordpress\/plugins\/seo\/ -->\n<title>Flat Webbing Sling 1 Ton Polyester Double Duplex<\/title>\n<meta name=\"robots\" content=\"index, follow, max-snippet:-1, max-image-preview:large, max-video-preview:-1\" \/>\n<link rel=\"canonical\" href=\"https:\/\/qingdaohf.com\/lt\/produktas\/1-tonos-dirzinis-dirzas\/\" \/>\n<meta property=\"og:locale\" content=\"lt_LT\" \/>\n<meta property=\"og:type\" content=\"article\" \/>\n<meta property=\"og:title\" content=\"Flat Webbing Sling 1 Ton Polyester Double Duplex\" \/>\n<meta property=\"og:description\" content=\"Our 1-ton webbing sling combines strength and versatility for lifting and hoisting tasks across various industries. Buyers often prioritize durability, safety, and ease of handling, all of which our webbing slings deliver. Made to endure heavy-duty use, these slings ensure secure lifting while maintaining flexibility for different applications. As a trading company, Qingdao H&amp;F provides distinct advantages, including one-on-one customer service, a fast delivery cycle, and comprehensive quality inspection reports, ensuring that every purchase meets rigorous safety and quality standards.\" \/>\n<meta property=\"og:url\" content=\"https:\/\/qingdaohf.com\/lt\/produktas\/1-tonos-dirzinis-dirzas\/\" \/>\n<meta property=\"og:site_name\" content=\"Concrete Form &amp; Rigging Hardware Supplier\" \/>\n<meta property=\"article:publisher\" content=\"https:\/\/www.facebook.com\/qingdaohf\" \/>\n<meta property=\"article:modified_time\" content=\"2025-11-13T01:02:54+00:00\" \/>\n<meta property=\"og:image\" content=\"https:\/\/qingdaohf.com\/wp-content\/uploads\/2024\/10\/1ton_1.webp\" \/>\n\t<meta property=\"og:image:width\" content=\"1000\" \/>\n\t<meta property=\"og:image:height\" content=\"1000\" \/>\n\t<meta property=\"og:image:type\" content=\"image\/webp\" \/>\n<meta name=\"twitter:card\" content=\"summary_large_image\" \/>\n<meta name=\"twitter:label1\" content=\"Est. reading time\" \/>\n\t<meta name=\"twitter:data1\" content=\"4 minut\u0117s\" \/>\n<script type=\"application\/ld+json\" class=\"yoast-schema-graph\">{\"@context\":\"https:\/\/schema.org\",\"@graph\":[{\"@type\":\"WebPage\",\"@id\":\"https:\/\/qingdaohf.com\/product\/webbing-sling-1-ton\/\",\"url\":\"https:\/\/qingdaohf.com\/product\/webbing-sling-1-ton\/\",\"name\":\"Flat Webbing Sling 1 Ton Polyester Double Duplex\",\"isPartOf\":{\"@id\":\"https:\/\/qingdaohf.com\/bg\/#website\"},\"primaryImageOfPage\":{\"@id\":\"https:\/\/qingdaohf.com\/product\/webbing-sling-1-ton\/#primaryimage\"},\"image\":{\"@id\":\"https:\/\/qingdaohf.com\/product\/webbing-sling-1-ton\/#primaryimage\"},\"thumbnailUrl\":\"https:\/\/qingdaohf.com\/wp-content\/uploads\/2024\/10\/1ton_1.webp\",\"datePublished\":\"2024-11-05T05:59:31+00:00\",\"dateModified\":\"2025-11-13T01:02:54+00:00\",\"breadcrumb\":{\"@id\":\"https:\/\/qingdaohf.com\/product\/webbing-sling-1-ton\/#breadcrumb\"},\"inLanguage\":\"lt-LT\",\"potentialAction\":[{\"@type\":\"ReadAction\",\"target\":[\"https:\/\/qingdaohf.com\/product\/webbing-sling-1-ton\/\"]}]},{\"@type\":\"ImageObject\",\"inLanguage\":\"lt-LT\",\"@id\":\"https:\/\/qingdaohf.com\/product\/webbing-sling-1-ton\/#primaryimage\",\"url\":\"https:\/\/qingdaohf.com\/wp-content\/uploads\/2024\/10\/1ton_1.webp\",\"contentUrl\":\"https:\/\/qingdaohf.com\/wp-content\/uploads\/2024\/10\/1ton_1.webp\",\"width\":1000,\"height\":1000},{\"@type\":\"BreadcrumbList\",\"@id\":\"https:\/\/qingdaohf.com\/product\/webbing-sling-1-ton\/#breadcrumb\",\"itemListElement\":[{\"@type\":\"ListItem\",\"position\":1,\"name\":\"Home\",\"item\":\"https:\/\/qingdaohf.com\/\"},{\"@type\":\"ListItem\",\"position\":2,\"name\":\"Concrete Forming Accessories and Rigging Hardware\",\"item\":\"https:\/\/qingdaohf.com\/bg\/?page_id=944\"},{\"@type\":\"ListItem\",\"position\":3,\"name\":\"Flat Webbing Sling 1 Ton Polyester Double Duplex\"}]},{\"@type\":\"WebSite\",\"@id\":\"https:\/\/qingdaohf.com\/bg\/#website\",\"url\":\"https:\/\/qingdaohf.com\/bg\/\",\"name\":\"Concrete Form & Rigging Hardware Supplier\",\"description\":\"\",\"publisher\":{\"@id\":\"https:\/\/qingdaohf.com\/bg\/#organization\"},\"potentialAction\":[{\"@type\":\"SearchAction\",\"target\":{\"@type\":\"EntryPoint\",\"urlTemplate\":\"https:\/\/qingdaohf.com\/bg\/?s={search_term_string}\"},\"query-input\":{\"@type\":\"PropertyValueSpecification\",\"valueRequired\":true,\"valueName\":\"search_term_string\"}}],\"inLanguage\":\"lt-LT\"},{\"@type\":\"Organization\",\"@id\":\"https:\/\/qingdaohf.com\/bg\/#organization\",\"name\":\"Qingdao H&F\",\"url\":\"https:\/\/qingdaohf.com\/bg\/\",\"logo\":{\"@type\":\"ImageObject\",\"inLanguage\":\"lt-LT\",\"@id\":\"https:\/\/qingdaohf.com\/bg\/#\/schema\/logo\/image\/\",\"url\":\"https:\/\/qingdaohf.com\/wp-content\/uploads\/2022\/12\/cropped-HF-LOGO.png\",\"contentUrl\":\"https:\/\/qingdaohf.com\/wp-content\/uploads\/2022\/12\/cropped-HF-LOGO.png\",\"width\":391,\"height\":249,\"caption\":\"Qingdao H&F\"},\"image\":{\"@id\":\"https:\/\/qingdaohf.com\/bg\/#\/schema\/logo\/image\/\"},\"sameAs\":[\"https:\/\/www.facebook.com\/qingdaohf\"]}]}<\/script>\n<!-- \/ Yoast SEO plugin. -->","yoast_head_json":{"title":"Flat Webbing Sling 1 Ton Polyester Double Duplex","robots":{"index":"index","follow":"follow","max-snippet":"max-snippet:-1","max-image-preview":"max-image-preview:large","max-video-preview":"max-video-preview:-1"},"canonical":"https:\/\/qingdaohf.com\/lt\/produktas\/1-tonos-dirzinis-dirzas\/","og_locale":"lt_LT","og_type":"article","og_title":"Flat Webbing Sling 1 Ton Polyester Double Duplex","og_description":"Our 1-ton webbing sling combines strength and versatility for lifting and hoisting tasks across various industries. Buyers often prioritize durability, safety, and ease of handling, all of which our webbing slings deliver. Made to endure heavy-duty use, these slings ensure secure lifting while maintaining flexibility for different applications. As a trading company, Qingdao H&amp;F provides distinct advantages, including one-on-one customer service, a fast delivery cycle, and comprehensive quality inspection reports, ensuring that every purchase meets rigorous safety and quality standards.","og_url":"https:\/\/qingdaohf.com\/lt\/produktas\/1-tonos-dirzinis-dirzas\/","og_site_name":"Concrete Form &amp; Rigging Hardware Supplier","article_publisher":"https:\/\/www.facebook.com\/qingdaohf","article_modified_time":"2025-11-13T01:02:54+00:00","og_image":[{"width":1000,"height":1000,"url":"https:\/\/qingdaohf.com\/wp-content\/uploads\/2024\/10\/1ton_1.webp","type":"image\/webp"}],"twitter_card":"summary_large_image","twitter_misc":{"Est. reading time":"4 minut\u0117s"},"schema":{"@context":"https:\/\/schema.org","@graph":[{"@type":"WebPage","@id":"https:\/\/qingdaohf.com\/product\/webbing-sling-1-ton\/","url":"https:\/\/qingdaohf.com\/product\/webbing-sling-1-ton\/","name":"Flat Webbing Sling 1 Ton Polyester Double Duplex","isPartOf":{"@id":"https:\/\/qingdaohf.com\/bg\/#website"},"primaryImageOfPage":{"@id":"https:\/\/qingdaohf.com\/product\/webbing-sling-1-ton\/#primaryimage"},"image":{"@id":"https:\/\/qingdaohf.com\/product\/webbing-sling-1-ton\/#primaryimage"},"thumbnailUrl":"https:\/\/qingdaohf.com\/wp-content\/uploads\/2024\/10\/1ton_1.webp","datePublished":"2024-11-05T05:59:31+00:00","dateModified":"2025-11-13T01:02:54+00:00","breadcrumb":{"@id":"https:\/\/qingdaohf.com\/product\/webbing-sling-1-ton\/#breadcrumb"},"inLanguage":"lt-LT","potentialAction":[{"@type":"ReadAction","target":["https:\/\/qingdaohf.com\/product\/webbing-sling-1-ton\/"]}]},{"@type":"ImageObject","inLanguage":"lt-LT","@id":"https:\/\/qingdaohf.com\/product\/webbing-sling-1-ton\/#primaryimage","url":"https:\/\/qingdaohf.com\/wp-content\/uploads\/2024\/10\/1ton_1.webp","contentUrl":"https:\/\/qingdaohf.com\/wp-content\/uploads\/2024\/10\/1ton_1.webp","width":1000,"height":1000},{"@type":"BreadcrumbList","@id":"https:\/\/qingdaohf.com\/product\/webbing-sling-1-ton\/#breadcrumb","itemListElement":[{"@type":"ListItem","position":1,"name":"Home","item":"https:\/\/qingdaohf.com\/"},{"@type":"ListItem","position":2,"name":"Concrete Forming Accessories and Rigging Hardware","item":"https:\/\/qingdaohf.com\/bg\/?page_id=944"},{"@type":"ListItem","position":3,"name":"Flat Webbing Sling 1 Ton Polyester Double Duplex"}]},{"@type":"WebSite","@id":"https:\/\/qingdaohf.com\/bg\/#website","url":"https:\/\/qingdaohf.com\/bg\/","name":"Concrete Form & Rigging Hardware Supplier","description":"","publisher":{"@id":"https:\/\/qingdaohf.com\/bg\/#organization"},"potentialAction":[{"@type":"SearchAction","target":{"@type":"EntryPoint","urlTemplate":"https:\/\/qingdaohf.com\/bg\/?s={search_term_string}"},"query-input":{"@type":"PropertyValueSpecification","valueRequired":true,"valueName":"search_term_string"}}],"inLanguage":"lt-LT"},{"@type":"Organization","@id":"https:\/\/qingdaohf.com\/bg\/#organization","name":"Qingdao H&F","url":"https:\/\/qingdaohf.com\/bg\/","logo":{"@type":"ImageObject","inLanguage":"lt-LT","@id":"https:\/\/qingdaohf.com\/bg\/#\/schema\/logo\/image\/","url":"https:\/\/qingdaohf.com\/wp-content\/uploads\/2022\/12\/cropped-HF-LOGO.png","contentUrl":"https:\/\/qingdaohf.com\/wp-content\/uploads\/2022\/12\/cropped-HF-LOGO.png","width":391,"height":249,"caption":"Qingdao H&F"},"image":{"@id":"https:\/\/qingdaohf.com\/bg\/#\/schema\/logo\/image\/"},"sameAs":["https:\/\/www.facebook.com\/qingdaohf"]}]}},"_links":{"self":[{"href":"https:\/\/qingdaohf.com\/lt\/wp-json\/wp\/v2\/product\/8189","targetHints":{"allow":["GET"]}}],"collection":[{"href":"https:\/\/qingdaohf.com\/lt\/wp-json\/wp\/v2\/product"}],"about":[{"href":"https:\/\/qingdaohf.com\/lt\/wp-json\/wp\/v2\/types\/product"}],"replies":[{"embeddable":true,"href":"https:\/\/qingdaohf.com\/lt\/wp-json\/wp\/v2\/comments?post=8189"}],"version-history":[{"count":2,"href":"https:\/\/qingdaohf.com\/lt\/wp-json\/wp\/v2\/product\/8189\/revisions"}],"predecessor-version":[{"id":8340,"href":"https:\/\/qingdaohf.com\/lt\/wp-json\/wp\/v2\/product\/8189\/revisions\/8340"}],"wp:featuredmedia":[{"embeddable":true,"href":"https:\/\/qingdaohf.com\/lt\/wp-json\/wp\/v2\/media\/8190"}],"wp:attachment":[{"href":"https:\/\/qingdaohf.com\/lt\/wp-json\/wp\/v2\/media?parent=8189"}],"wp:term":[{"taxonomy":"product_brand","embeddable":true,"href":"https:\/\/qingdaohf.com\/lt\/wp-json\/wp\/v2\/product_brand?post=8189"},{"taxonomy":"product_cat","embeddable":true,"href":"https:\/\/qingdaohf.com\/lt\/wp-json\/wp\/v2\/product_cat?post=8189"},{"taxonomy":"product_tag","embeddable":true,"href":"https:\/\/qingdaohf.com\/lt\/wp-json\/wp\/v2\/product_tag?post=8189"}],"curies":[{"name":"wp","href":"https:\/\/api.w.org\/{rel}","templated":true}]}}