{"id":8277,"date":"2024-11-05T14:01:41","date_gmt":"2024-11-05T06:01:41","guid":{"rendered":"http:\/\/qingdaohf.com\/?post_type=product&#038;p=8277"},"modified":"2025-11-13T09:02:53","modified_gmt":"2025-11-13T01:02:53","slug":"webbing-sling-2-ton","status":"publish","type":"product","link":"https:\/\/qingdaohf.com\/lt\/produktas\/2-tonu-austiniai-dirzai\/","title":{"rendered":"Plok\u0161ti austiniai dir\u017eai 2 tonos poliesterio dvigubo duplekso"},"content":{"rendered":"<div class=\"flex max-w-full flex-col flex-grow\">\n<div class=\"min-h-8 text-message flex w-full flex-col items-end gap-2 whitespace-normal break-words [.text-message+&amp;]:mt-5\" dir=\"auto\" data-message-author-role=\"assistant\" data-message-id=\"df1a8cb9-4730-4671-a7fd-4bac8c133d3f\" data-message-model-slug=\"gpt-4o\">\n<div class=\"flex w-full flex-col gap-1 empty:hidden first:pt-[3px]\">\n<div class=\"markdown prose w-full break-words dark:prose-invert light\">\n<h3><strong>Universalus 2 ton\u0173 juostinis dir\u017eas, skirtas patikimiems k\u0117limo sprendimams<\/strong><\/h3>\n<p>2 tonas sveriantis dir\u017einis stropas yra labai svarbi priemon\u0117, skirta saugiai kelti ir tvarkyti sunkius krovinius \u012fvairiose pramon\u0117s \u0161akose. \u0160is dir\u017eas pagamintas i\u0161 auk\u0161tos kokyb\u0117s sintetinio pluo\u0161to, tod\u0117l yra tvirtas ir lankstus, suderina sud\u0117tingomis s\u0105lygomis reikaling\u0105 patvarum\u0105 ir paprast\u0105 naudojim\u0105. 2 ton\u0173 keliamoji galia tinka vidutinio dyd\u017eio kroviniams, tod\u0117l yra labai universali tokiuose sektoriuose kaip statyba, sand\u0117liavimas, gabenimas ir gamyba. Qingdao H&amp;F 2 ton\u0173 juostinis stropas yra patikimas sprendimas, atitinkantis \u012fvairi\u0173 sri\u010di\u0173 specialist\u0173 l\u016bkes\u010dius d\u0117l na\u0161umo ir saugumo.<\/p>\n<p>Pramon\u0117s \u0161akose, kuriose neatsiejama sunkiasvori\u0173 krovini\u0173 k\u0117limo dalis, labai svarbu u\u017etikrinti \u012frangos saugum\u0105 ir patikimum\u0105. Qingdao H&amp;F 2 ton\u0173 dir\u017einis stropas yra specialiai sukurtas taip, kad b\u016bt\u0173 optimalaus stiprumo, ta\u010diau nesuma\u017eint\u0173 lankstumo, tod\u0117l krovinius galima saugiai ir efektyviai perkelti. Pirk\u0117jai ie\u0161ko didel\u0117s keliamosios galios, ilgaam\u017ei\u0161kumo ir atsparumo nusid\u0117v\u0117jimui derinio - visos \u0161ios savyb\u0117s kruop\u0161\u010diai integruotos \u012f \u0161io stropo konstrukcij\u0105. D\u0117l sintetin\u0117s konstrukcijos 2 ton\u0173 stropas yra lengvesnis ir lengviau valdomas nei metalin\u0117s alternatyvos, tod\u0117l suma\u017e\u0117ja operatoriaus nuovargio tikimyb\u0117 ir padid\u0117ja bendras saugumas.<\/p>\n<p>\"Qingdao H&amp;F\" savo dir\u017eini\u0173 strop\u0173 auk\u0161\u010diausi\u0105 kokyb\u0119 papildo \u012f klientus orientuotomis paslaugomis. Kiekvienas gaminys yra grie\u017etai tikrinamas, o kartu su juo pateikiamos i\u0161samios kokyb\u0117s ataskaitos, kad pirk\u0117jai gal\u0117t\u0173 visi\u0161kai pasitik\u0117ti savo pirkiniu. M\u016bs\u0173 individualus klient\u0173 aptarnavimo metodas u\u017etikrina, kad bus patenkinti unikal\u016bs kiekvieno pirk\u0117jo poreikiai, o efektyvus pristatymo procesas garantuoja, kad krovinys bus pristatytas laiku ir nenutr\u016bks projekto darb\u0173 eiga.<\/p>\n<h3><strong>Konstrukcijos ir med\u017eiag\u0173 kokyb\u0117 u\u017etikrina ilgalaik\u012f veikim\u0105<\/strong><\/h3>\n<p>2 ton\u0173 dir\u017e\u0173 stropo med\u017eiagos sud\u0117tis yra viena i\u0161 b\u016bding\u0173 jo savybi\u0173, parinkta taip, kad b\u016bt\u0173 atspari daugkartiniam naudojimui sud\u0117tingomis s\u0105lygomis. Paprastai jie gaminami i\u0161 poliesterio arba nailono, ta\u010diau kiekviena med\u017eiaga turi specifini\u0173 privalum\u0173. Pavyzd\u017eiui, poliesterio stropai yra atspar\u016bs dr\u0117gmei ir UV spinduliams, tod\u0117l idealiai tinka lauko ir ilgalaikiam naudojimui. Nailono stropai, \u017einomi d\u0117l savo elastingumo, puikiai amortizuoja sm\u016bgius, o tai vertinga dirbant su dinami\u0161komis apkrovomis. Nepriklausomai nuo med\u017eiagos, kiekvienas stropas kruop\u0161\u010diai i\u0161bandomas, kad b\u016bt\u0173 patvirtinta, jog jis gali saugiai i\u0161laikyti iki 2 ton\u0173 svor\u012f.<\/p>\n<p>Gamybos procesai kruop\u0161\u010diai kontroliuojami, kad b\u016bt\u0173 u\u017etikrintas vienodumas ir patikimumas. Nuo pluo\u0161to parinkimo iki galutinio audimo - kiekvienas \u017eingsnis atliekamas atsi\u017evelgiant \u012f ilgaam\u017ei\u0161kum\u0105, kad stropas laikui b\u0117gant i\u0161likt\u0173 tvirtas. Sustiprintos kilpos ir dilimui atspari apdaila dar labiau prailgina gaminio tarnavimo laik\u0105, suteikdamos vert\u0119 pirk\u0117jams, ie\u0161kantiems efektyvi\u0173 ir ekonomi\u0161k\u0173 k\u0117limo sprendim\u0173. Su kiekvienu stropu \"Qingdao H&amp;F\" si\u016blo u\u017etikrinti, kad gaminys i\u0161bandytas saugos, patikimumo ir ilgaam\u017ei\u0161kumo po\u017ei\u016briu, tod\u0117l atitinka grie\u017etus pramon\u0117s \u0161ak\u0173, kurioms reikalinga patikima k\u0117limo \u012franga, standartus.<\/p>\n<h3><strong>\u012evairi\u0173 pramon\u0117s \u0161ak\u0173 taikomosios programos<\/strong><\/h3>\n<p>2 tonas sverian\u010di\u0173 dir\u017e\u0173 strop\u0173 pritaikomumas leid\u017eia juos pritaikyti \u012fvairiose srityse, \u012fskaitant logistik\u0105, statyb\u0105 ir pramonin\u0119 prie\u017ei\u016br\u0105. Pavyzd\u017eiui, statybose \u0161is keliamosios galios diapazonas tinka sijoms pozicionuoti, sunkiasvor\u0117ms ma\u0161inoms tvirtinti arba svarbiausioms statybin\u0117ms med\u017eiagoms perkelti. Lengva, bet tvirta dir\u017eini\u0173 strop\u0173 konstrukcija supaprastina krovini\u0173 tvarkym\u0105 \u0161iais atvejais, o sintetin\u0117 med\u017eiaga, kitaip nei plienin\u0117s grandin\u0117s, suma\u017eina pavir\u0161iaus pa\u017eeidimo rizik\u0105. Logistikoje ir sand\u0117liavime 2 ton\u0173 keliamoji galia tinka vidutinio svorio kroviniams ir med\u017eiagoms, idealiai tinka situacijoms, kai reikia ir krovinio stabilumo, ir kruop\u0161taus tvarkymo.<\/p>\n<p>Be tvirtumo ir patvarumo, pirk\u0117jai da\u017enai \u012fvertina dir\u017eini\u0173 strop\u0173 lankstum\u0105, palyginti su tradicin\u0117mis k\u0117limo grandin\u0117mis ar virv\u0117mis. Sintetin\u0117 med\u017eiaga leid\u017eia lengviau manevruoti, tod\u0117l j\u0105 prakti\u0161ka naudoti atliekant k\u0117limo operacijas u\u017edarose erdv\u0117se arba esant unikalioms krovini\u0173 konfig\u016bracijoms. Be to, 2 ton\u0173 juostini\u0173 strop\u0173 konstrukcija leid\u017eia saugiau ir stabiliau kelti krovinius, tod\u0117l padid\u0117ja operatoriaus pasitik\u0117jimas ir suma\u017e\u0117ja nelaiming\u0173 atsitikim\u0173 ar med\u017eiag\u0173 sugadinimo rizika. Kadangi \"Qingdao H&amp;F\" daug d\u0117mesio skiria kokybei ir na\u0161umui, kiekvienas stropas yra prakti\u0161kas, saugus ir universalus sprendimas, tinkantis \u012fvairioms pramon\u0117s \u0161akoms.<\/p>\n<h3><strong>\"Qingdao H&amp;F\" \u012fsipareigojimas teikti paslaugas ir u\u017etikrinti kokyb\u0119<\/strong><\/h3>\n<p>\"Qingdao H&amp;F\" ne tik tiekia auk\u0161tos kokyb\u0117s gaminius, bet ir orientuojasi \u012f i\u0161skirtin\u0119 pirkimo patirt\u012f. Prie 2 ton\u0173 juostini\u0173 dir\u017e\u0173 strop\u0173 pridedama i\u0161sami patikrinimo ataskaita, u\u017etikrinanti gamini\u0173 kokyb\u0117s skaidrum\u0105 ir atitikt\u012f pramon\u0117s standartams. Kiekvienoje ataskaitoje i\u0161samiai nurodomi svarbiausi veiklos rodikliai, tod\u0117l pirk\u0117jai gali pasitik\u0117ti savo investicijomis. Patikrinus apkrovos gali\u0105 ir patvirtinus gaminio ilgaam\u017ei\u0161kum\u0105, \u0161iose ataskaitose pateikiamos svarbios \u012f\u017evalgos \u012fmon\u0117ms, kurios teikia pirmenyb\u0119 saugiems ir efektyviems k\u0117limo sprendimams.<\/p>\n<p>Be to, Qingdao H&amp;F \u012fsipareigojimas aptarnauti klientus didina m\u016bs\u0173 dir\u017eini\u0173 strop\u0173 vert\u0119. M\u016bs\u0173 komanda, teikdama individuali\u0105 pagalb\u0105, padeda klientams i\u0161sirinkti j\u0173 veiklos poreikius atitinkan\u010dius gaminius. \u0160is individualus aptarnavimas t\u0119siasi ir po pirkimo, teikiant rekomendacijas d\u0117l technin\u0117s prie\u017ei\u016bros praktikos, kuri prailgina gaminio tarnavimo laik\u0105. Be to, m\u016bs\u0173 greiti pristatymo ciklai atitinka klient\u0173 poreikius, nes jie greitai gauna stropus, kad i\u0161vengt\u0173 veiklos v\u0117lavimo.<\/p>\n<p>Pirk\u0117jams, kuriems svarbiausia kokyb\u0117, patikimumas ir efektyvus aptarnavimas, \"Qingdao H&amp;F\" si\u016blo i\u0161sam\u0173 sprendim\u0105 - 2 ton\u0173 juostin\u012f strop\u0105. \u0160is gaminys pasi\u017eymi tvirtumu ir lankstumu, kartu su atsidavimu klient\u0173 logistikos ir saugos poreikiams tenkinti. Su kiekvienu stropu pirk\u0117jai gauna ne tik auk\u0161\u010diausio lygio k\u0117limo \u012frank\u012f, bet ir bendrov\u0117s, siekian\u010dios tobulumo, param\u0105 ir garantijas.<\/p>\n<\/div>\n<\/div>\n<\/div>\n<\/div>\n<div class=\"mb-2 flex gap-3 empty:hidden -ml-2\">\n<div class=\"items-center justify-start rounded-xl p-1 flex\">\n<div class=\"flex items-center\"><\/div>\n<\/div>\n<\/div>","protected":false},"excerpt":{"rendered":"<p>Qingdao H&amp;F 2 ton\u0173 dir\u017einis stropas yra patikimas, didel\u0117s talpos sprendimas \u012fvairiems k\u0117limo darbams. Pirk\u0117jai da\u017enai teikia pirmenyb\u0119 tokiems veiksniams kaip krovinio saugumas, patvarumas ir paprastas tvarkymas, o visa tai u\u017etikrina \u0161is dir\u017einis stropas. Pagamintas i\u0161 tvirto sintetinio pluo\u0161to, jis atlaiko sud\u0117tingas s\u0105lygas ir u\u017etikrina patikim\u0105 veikim\u0105. B\u016bdama prekybos \u012fmon\u0117, Qingdao H&amp;F teikia didel\u0119 naud\u0105, \u012fskaitant individual\u0173 klient\u0173 aptarnavim\u0105, greitus pristatymo ciklus ir i\u0161samias kokyb\u0117s tikrinimo ataskaitas, u\u017etikrinan\u010dias, kad kiekvienas gaminys atitikt\u0173 grie\u017etus standartus ir pirk\u0117j\u0173 l\u016bkes\u010dius.<\/p>","protected":false},"featured_media":8196,"comment_status":"open","ping_status":"closed","template":"","meta":{"site-sidebar-layout":"default","site-content-layout":"","ast-site-content-layout":"default","site-content-style":"default","site-sidebar-style":"default","ast-global-header-display":"","ast-banner-title-visibility":"","ast-main-header-display":"","ast-hfb-above-header-display":"","ast-hfb-below-header-display":"","ast-hfb-mobile-header-display":"","site-post-title":"","ast-breadcrumbs-content":"","ast-featured-img":"","footer-sml-layout":"","theme-transparent-header-meta":"default","adv-header-id-meta":"","stick-header-meta":"default","header-above-stick-meta":"","header-main-stick-meta":"","header-below-stick-meta":"","astra-migrate-meta-layouts":"set","ast-page-background-enabled":"default","ast-page-background-meta":{"desktop":{"background-color":"","background-image":"","background-repeat":"repeat","background-position":"center center","background-size":"auto","background-attachment":"scroll","background-type":"","background-media":"","overlay-type":"","overlay-color":"","overlay-opacity":"","overlay-gradient":""},"tablet":{"background-color":"","background-image":"","background-repeat":"repeat","background-position":"center center","background-size":"auto","background-attachment":"scroll","background-type":"","background-media":"","overlay-type":"","overlay-color":"","overlay-opacity":"","overlay-gradient":""},"mobile":{"background-color":"","background-image":"","background-repeat":"repeat","background-position":"center center","background-size":"auto","background-attachment":"scroll","background-type":"","background-media":"","overlay-type":"","overlay-color":"","overlay-opacity":"","overlay-gradient":""}},"ast-content-background-meta":{"desktop":{"background-color":"var(--ast-global-color-5)","background-image":"","background-repeat":"repeat","background-position":"center center","background-size":"auto","background-attachment":"scroll","background-type":"","background-media":"","overlay-type":"","overlay-color":"","overlay-opacity":"","overlay-gradient":""},"tablet":{"background-color":"var(--ast-global-color-5)","background-image":"","background-repeat":"repeat","background-position":"center center","background-size":"auto","background-attachment":"scroll","background-type":"","background-media":"","overlay-type":"","overlay-color":"","overlay-opacity":"","overlay-gradient":""},"mobile":{"background-color":"var(--ast-global-color-5)","background-image":"","background-repeat":"repeat","background-position":"center center","background-size":"auto","background-attachment":"scroll","background-type":"","background-media":"","overlay-type":"","overlay-color":"","overlay-opacity":"","overlay-gradient":""}}},"product_brand":[],"product_cat":[39],"product_tag":[],"class_list":{"0":"post-8277","1":"product","2":"type-product","3":"status-publish","4":"has-post-thumbnail","6":"product_cat-webbing-sling","7":"desktop-align-left","8":"tablet-align-left","9":"mobile-align-left","10":"ast-product-gallery-layout-horizontal-slider","11":"ast-product-gallery-with-no-image","12":"ast-product-tabs-layout-horizontal","14":"first","15":"instock","16":"shipping-taxable","17":"purchasable","18":"product-type-simple"},"yoast_head":"<!-- This site is optimized with the Yoast SEO plugin v25.2 - https:\/\/yoast.com\/wordpress\/plugins\/seo\/ -->\n<title>Flat Webbing Sling 2 Ton Polyester Double Duplex<\/title>\n<meta name=\"robots\" content=\"index, follow, max-snippet:-1, max-image-preview:large, max-video-preview:-1\" \/>\n<link rel=\"canonical\" href=\"https:\/\/qingdaohf.com\/lt\/produktas\/2-tonu-austiniai-dirzai\/\" \/>\n<meta property=\"og:locale\" content=\"lt_LT\" \/>\n<meta property=\"og:type\" content=\"article\" \/>\n<meta property=\"og:title\" content=\"Flat Webbing Sling 2 Ton Polyester Double Duplex\" \/>\n<meta property=\"og:description\" content=\"The 2-ton webbing sling from Qingdao H&amp;F is a dependable, high-capacity solution for various lifting applications. Buyers often prioritize factors like load security, durability, and ease of handling, all of which this webbing sling provides. Crafted with strong synthetic fibers, it withstands demanding conditions, offering reliable performance. As a trading company, Qingdao H&amp;F delivers significant benefits, including one-to-one customer service, rapid delivery cycles, and detailed quality inspection reports, ensuring each product meets rigorous standards and buyer expectations.\" \/>\n<meta property=\"og:url\" content=\"https:\/\/qingdaohf.com\/lt\/produktas\/2-tonu-austiniai-dirzai\/\" \/>\n<meta property=\"og:site_name\" content=\"Concrete Form &amp; Rigging Hardware Supplier\" \/>\n<meta property=\"article:publisher\" content=\"https:\/\/www.facebook.com\/qingdaohf\" \/>\n<meta property=\"article:modified_time\" content=\"2025-11-13T01:02:53+00:00\" \/>\n<meta property=\"og:image\" content=\"https:\/\/qingdaohf.com\/wp-content\/uploads\/2024\/10\/2-ton_1.webp\" \/>\n\t<meta property=\"og:image:width\" content=\"1000\" \/>\n\t<meta property=\"og:image:height\" content=\"1000\" \/>\n\t<meta property=\"og:image:type\" content=\"image\/webp\" \/>\n<meta name=\"twitter:card\" content=\"summary_large_image\" \/>\n<meta name=\"twitter:label1\" content=\"Est. reading time\" \/>\n\t<meta name=\"twitter:data1\" content=\"4 minut\u0117s\" \/>\n<script type=\"application\/ld+json\" class=\"yoast-schema-graph\">{\"@context\":\"https:\/\/schema.org\",\"@graph\":[{\"@type\":\"WebPage\",\"@id\":\"https:\/\/qingdaohf.com\/product\/webbing-sling-2-ton\/\",\"url\":\"https:\/\/qingdaohf.com\/product\/webbing-sling-2-ton\/\",\"name\":\"Flat Webbing Sling 2 Ton Polyester Double Duplex\",\"isPartOf\":{\"@id\":\"https:\/\/qingdaohf.com\/bg\/#website\"},\"primaryImageOfPage\":{\"@id\":\"https:\/\/qingdaohf.com\/product\/webbing-sling-2-ton\/#primaryimage\"},\"image\":{\"@id\":\"https:\/\/qingdaohf.com\/product\/webbing-sling-2-ton\/#primaryimage\"},\"thumbnailUrl\":\"https:\/\/qingdaohf.com\/wp-content\/uploads\/2024\/10\/2-ton_1.webp\",\"datePublished\":\"2024-11-05T06:01:41+00:00\",\"dateModified\":\"2025-11-13T01:02:53+00:00\",\"breadcrumb\":{\"@id\":\"https:\/\/qingdaohf.com\/product\/webbing-sling-2-ton\/#breadcrumb\"},\"inLanguage\":\"lt-LT\",\"potentialAction\":[{\"@type\":\"ReadAction\",\"target\":[\"https:\/\/qingdaohf.com\/product\/webbing-sling-2-ton\/\"]}]},{\"@type\":\"ImageObject\",\"inLanguage\":\"lt-LT\",\"@id\":\"https:\/\/qingdaohf.com\/product\/webbing-sling-2-ton\/#primaryimage\",\"url\":\"https:\/\/qingdaohf.com\/wp-content\/uploads\/2024\/10\/2-ton_1.webp\",\"contentUrl\":\"https:\/\/qingdaohf.com\/wp-content\/uploads\/2024\/10\/2-ton_1.webp\",\"width\":1000,\"height\":1000,\"caption\":\"webbing sling 2 ton\"},{\"@type\":\"BreadcrumbList\",\"@id\":\"https:\/\/qingdaohf.com\/product\/webbing-sling-2-ton\/#breadcrumb\",\"itemListElement\":[{\"@type\":\"ListItem\",\"position\":1,\"name\":\"Home\",\"item\":\"https:\/\/qingdaohf.com\/\"},{\"@type\":\"ListItem\",\"position\":2,\"name\":\"Concrete Forming Accessories and Rigging Hardware\",\"item\":\"https:\/\/qingdaohf.com\/bg\/?page_id=944\"},{\"@type\":\"ListItem\",\"position\":3,\"name\":\"Flat Webbing Sling 2 Ton Polyester Double Duplex\"}]},{\"@type\":\"WebSite\",\"@id\":\"https:\/\/qingdaohf.com\/bg\/#website\",\"url\":\"https:\/\/qingdaohf.com\/bg\/\",\"name\":\"Concrete Form & Rigging Hardware Supplier\",\"description\":\"\",\"publisher\":{\"@id\":\"https:\/\/qingdaohf.com\/bg\/#organization\"},\"potentialAction\":[{\"@type\":\"SearchAction\",\"target\":{\"@type\":\"EntryPoint\",\"urlTemplate\":\"https:\/\/qingdaohf.com\/bg\/?s={search_term_string}\"},\"query-input\":{\"@type\":\"PropertyValueSpecification\",\"valueRequired\":true,\"valueName\":\"search_term_string\"}}],\"inLanguage\":\"lt-LT\"},{\"@type\":\"Organization\",\"@id\":\"https:\/\/qingdaohf.com\/bg\/#organization\",\"name\":\"Qingdao H&F\",\"url\":\"https:\/\/qingdaohf.com\/bg\/\",\"logo\":{\"@type\":\"ImageObject\",\"inLanguage\":\"lt-LT\",\"@id\":\"https:\/\/qingdaohf.com\/bg\/#\/schema\/logo\/image\/\",\"url\":\"https:\/\/qingdaohf.com\/wp-content\/uploads\/2022\/12\/cropped-HF-LOGO.png\",\"contentUrl\":\"https:\/\/qingdaohf.com\/wp-content\/uploads\/2022\/12\/cropped-HF-LOGO.png\",\"width\":391,\"height\":249,\"caption\":\"Qingdao H&F\"},\"image\":{\"@id\":\"https:\/\/qingdaohf.com\/bg\/#\/schema\/logo\/image\/\"},\"sameAs\":[\"https:\/\/www.facebook.com\/qingdaohf\"]}]}<\/script>\n<!-- \/ Yoast SEO plugin. -->","yoast_head_json":{"title":"Flat Webbing Sling 2 Ton Polyester Double Duplex","robots":{"index":"index","follow":"follow","max-snippet":"max-snippet:-1","max-image-preview":"max-image-preview:large","max-video-preview":"max-video-preview:-1"},"canonical":"https:\/\/qingdaohf.com\/lt\/produktas\/2-tonu-austiniai-dirzai\/","og_locale":"lt_LT","og_type":"article","og_title":"Flat Webbing Sling 2 Ton Polyester Double Duplex","og_description":"The 2-ton webbing sling from Qingdao H&amp;F is a dependable, high-capacity solution for various lifting applications. Buyers often prioritize factors like load security, durability, and ease of handling, all of which this webbing sling provides. Crafted with strong synthetic fibers, it withstands demanding conditions, offering reliable performance. As a trading company, Qingdao H&amp;F delivers significant benefits, including one-to-one customer service, rapid delivery cycles, and detailed quality inspection reports, ensuring each product meets rigorous standards and buyer expectations.","og_url":"https:\/\/qingdaohf.com\/lt\/produktas\/2-tonu-austiniai-dirzai\/","og_site_name":"Concrete Form &amp; Rigging Hardware Supplier","article_publisher":"https:\/\/www.facebook.com\/qingdaohf","article_modified_time":"2025-11-13T01:02:53+00:00","og_image":[{"width":1000,"height":1000,"url":"https:\/\/qingdaohf.com\/wp-content\/uploads\/2024\/10\/2-ton_1.webp","type":"image\/webp"}],"twitter_card":"summary_large_image","twitter_misc":{"Est. reading time":"4 minut\u0117s"},"schema":{"@context":"https:\/\/schema.org","@graph":[{"@type":"WebPage","@id":"https:\/\/qingdaohf.com\/product\/webbing-sling-2-ton\/","url":"https:\/\/qingdaohf.com\/product\/webbing-sling-2-ton\/","name":"Flat Webbing Sling 2 Ton Polyester Double Duplex","isPartOf":{"@id":"https:\/\/qingdaohf.com\/bg\/#website"},"primaryImageOfPage":{"@id":"https:\/\/qingdaohf.com\/product\/webbing-sling-2-ton\/#primaryimage"},"image":{"@id":"https:\/\/qingdaohf.com\/product\/webbing-sling-2-ton\/#primaryimage"},"thumbnailUrl":"https:\/\/qingdaohf.com\/wp-content\/uploads\/2024\/10\/2-ton_1.webp","datePublished":"2024-11-05T06:01:41+00:00","dateModified":"2025-11-13T01:02:53+00:00","breadcrumb":{"@id":"https:\/\/qingdaohf.com\/product\/webbing-sling-2-ton\/#breadcrumb"},"inLanguage":"lt-LT","potentialAction":[{"@type":"ReadAction","target":["https:\/\/qingdaohf.com\/product\/webbing-sling-2-ton\/"]}]},{"@type":"ImageObject","inLanguage":"lt-LT","@id":"https:\/\/qingdaohf.com\/product\/webbing-sling-2-ton\/#primaryimage","url":"https:\/\/qingdaohf.com\/wp-content\/uploads\/2024\/10\/2-ton_1.webp","contentUrl":"https:\/\/qingdaohf.com\/wp-content\/uploads\/2024\/10\/2-ton_1.webp","width":1000,"height":1000,"caption":"webbing sling 2 ton"},{"@type":"BreadcrumbList","@id":"https:\/\/qingdaohf.com\/product\/webbing-sling-2-ton\/#breadcrumb","itemListElement":[{"@type":"ListItem","position":1,"name":"Home","item":"https:\/\/qingdaohf.com\/"},{"@type":"ListItem","position":2,"name":"Concrete Forming Accessories and Rigging Hardware","item":"https:\/\/qingdaohf.com\/bg\/?page_id=944"},{"@type":"ListItem","position":3,"name":"Flat Webbing Sling 2 Ton Polyester Double Duplex"}]},{"@type":"WebSite","@id":"https:\/\/qingdaohf.com\/bg\/#website","url":"https:\/\/qingdaohf.com\/bg\/","name":"Concrete Form & Rigging Hardware Supplier","description":"","publisher":{"@id":"https:\/\/qingdaohf.com\/bg\/#organization"},"potentialAction":[{"@type":"SearchAction","target":{"@type":"EntryPoint","urlTemplate":"https:\/\/qingdaohf.com\/bg\/?s={search_term_string}"},"query-input":{"@type":"PropertyValueSpecification","valueRequired":true,"valueName":"search_term_string"}}],"inLanguage":"lt-LT"},{"@type":"Organization","@id":"https:\/\/qingdaohf.com\/bg\/#organization","name":"Qingdao H&F","url":"https:\/\/qingdaohf.com\/bg\/","logo":{"@type":"ImageObject","inLanguage":"lt-LT","@id":"https:\/\/qingdaohf.com\/bg\/#\/schema\/logo\/image\/","url":"https:\/\/qingdaohf.com\/wp-content\/uploads\/2022\/12\/cropped-HF-LOGO.png","contentUrl":"https:\/\/qingdaohf.com\/wp-content\/uploads\/2022\/12\/cropped-HF-LOGO.png","width":391,"height":249,"caption":"Qingdao H&F"},"image":{"@id":"https:\/\/qingdaohf.com\/bg\/#\/schema\/logo\/image\/"},"sameAs":["https:\/\/www.facebook.com\/qingdaohf"]}]}},"_links":{"self":[{"href":"https:\/\/qingdaohf.com\/lt\/wp-json\/wp\/v2\/product\/8277","targetHints":{"allow":["GET"]}}],"collection":[{"href":"https:\/\/qingdaohf.com\/lt\/wp-json\/wp\/v2\/product"}],"about":[{"href":"https:\/\/qingdaohf.com\/lt\/wp-json\/wp\/v2\/types\/product"}],"replies":[{"embeddable":true,"href":"https:\/\/qingdaohf.com\/lt\/wp-json\/wp\/v2\/comments?post=8277"}],"version-history":[{"count":3,"href":"https:\/\/qingdaohf.com\/lt\/wp-json\/wp\/v2\/product\/8277\/revisions"}],"predecessor-version":[{"id":8339,"href":"https:\/\/qingdaohf.com\/lt\/wp-json\/wp\/v2\/product\/8277\/revisions\/8339"}],"wp:featuredmedia":[{"embeddable":true,"href":"https:\/\/qingdaohf.com\/lt\/wp-json\/wp\/v2\/media\/8196"}],"wp:attachment":[{"href":"https:\/\/qingdaohf.com\/lt\/wp-json\/wp\/v2\/media?parent=8277"}],"wp:term":[{"taxonomy":"product_brand","embeddable":true,"href":"https:\/\/qingdaohf.com\/lt\/wp-json\/wp\/v2\/product_brand?post=8277"},{"taxonomy":"product_cat","embeddable":true,"href":"https:\/\/qingdaohf.com\/lt\/wp-json\/wp\/v2\/product_cat?post=8277"},{"taxonomy":"product_tag","embeddable":true,"href":"https:\/\/qingdaohf.com\/lt\/wp-json\/wp\/v2\/product_tag?post=8277"}],"curies":[{"name":"wp","href":"https:\/\/api.w.org\/{rel}","templated":true}]}}