{"id":8285,"date":"2024-11-05T17:54:41","date_gmt":"2024-11-05T09:54:41","guid":{"rendered":"http:\/\/qingdaohf.com\/?post_type=product&#038;p=8285"},"modified":"2025-11-13T09:02:53","modified_gmt":"2025-11-13T01:02:53","slug":"webbing-sling-5-ton","status":"publish","type":"product","link":"https:\/\/qingdaohf.com\/lt\/produktas\/5-tonu-austiniai-dirzai\/","title":{"rendered":"Plok\u0161ti austiniai dir\u017eai 5 tonos poliesterio dvigubo dvipusio dublio"},"content":{"rendered":"<h4>Pagrindin\u0117s 5 ton\u0173 juostinio dir\u017eo stropo savyb\u0117s: Ilgaam\u017ei\u0161kumas, saugumas ir na\u0161umas<\/h4>\n<p>\"Qingdao H&amp;F\" 5 ton\u0173 dir\u017e\u0173 stropas sukurtas sud\u0117tingoms k\u0117limo u\u017eduotims, kai stiprumas ir saugumas yra svarbiausi prioritetai. \u0160is dir\u017eas pagamintas i\u0161 auk\u0161tos kokyb\u0117s poliesterio, tod\u0117l yra itin atsparus d\u0117v\u0117jimuisi, UV spinduliams ir dilimui, tod\u0117l yra patvarus sprendimas pakartotin\u0117ms sunki\u0173 krovini\u0173 k\u0117limo u\u017eduotims. 5 ton\u0173 keliamoji galia u\u017etikrina lankstum\u0105 \u012fvairiose pramon\u0117s \u0161akose - nuo statyb\u0173 ir logistikos iki laivybos ir gamybos, kur itin svarbus patikimumas.<\/p>\n<p>Pirk\u0117jai, kuriems r\u016bpi gamini\u0173 ilgaam\u017ei\u0161kumas, ras garantij\u0105, kad \"Qingdao H&amp;F\" yra \u012fsipareigojusi u\u017etikrinti kokyb\u0119. Kiekvienas 5 ton\u0173 juostinis dir\u017eas kruop\u0161\u010diai tikrinamas, o kartu su juo pateikiamos patikrinimo ataskaitos, kuriomis galima patikrinti, ar gaminys atitinka pramon\u0117s standartus. Lyn\u0173 konstrukcija palaiko krovinio stabilum\u0105 ir neleid\u017eia jam pasislinkti, tod\u0117l suma\u017e\u0117ja nelaiming\u0173 atsitikim\u0173 atliekant k\u0117limo darbus tikimyb\u0117. Be to, \"Qingdao H&amp;F\" po\u017ei\u016bris \u012f greit\u0105 pristatym\u0105 ir operatyv\u0173 klient\u0173 aptarnavim\u0105 u\u017etikrina, kad pirk\u0117jai gaut\u0173 greit\u0105 pagalb\u0105 ir gal\u0117t\u0173 \u012fsigyti patikim\u0105 \u012frang\u0105 be v\u0117lavim\u0173, palengvinant skland\u0173 darb\u0105 ir suma\u017einant prastovas.<\/p>\n<h4>Pramon\u0117s reikalavimus atitinkan\u010dios patikimos saugos funkcijos<\/h4>\n<p>Renkantis k\u0117limo \u012frang\u0105 labai svarbu atsi\u017evelgti \u012f saugum\u0105. Kingdao H&amp;F 5 ton\u0173 juostinio stropo konstrukcijoje pirmenyb\u0117 teikiama saugai pasirenkant med\u017eiagas, konstrukcij\u0105 ir apkrovos paskirstymo mechanizmus. Naudojant pla\u010di\u0105, lanks\u010di\u0105 dir\u017e\u0173 strukt\u016br\u0105, \u0161is stropas paskirsto svor\u012f didesniame plote, tod\u0117l i\u0161vengiama spaudimo ta\u0161k\u0173, kurie gal\u0117t\u0173 pakenkti kroviniui ir pa\u010diam stropui. \u0160i savyb\u0117 padidina stabilum\u0105 keliant krovin\u012f, suma\u017eina staigaus krovinio pasislinkimo rizik\u0105 ir u\u017etikrina kontroliuojam\u0105, saug\u0173 k\u0117lim\u0105.<\/p>\n<p>Pramon\u0117s \u0161akoms, kurioms reikia grie\u017etai laikytis saugos reikalavim\u0173, Qingdao H&amp;F 5 ton\u0173 dir\u017e\u0173 stropai gaminami taip, kad atitikt\u0173 tarptautinius k\u0117limo standartus. Tai u\u017etikrina, kad stropas atlaikys sud\u0117tingas s\u0105lygas, nesvarbu, ar jis b\u016bt\u0173 naudojamas at\u0161iauriose statybviet\u0117se, judriuose logistikos centruose, ar pramon\u0117s sand\u0117liuose. Pasirinktos med\u017eiagos ir dizainas pabr\u0117\u017eia patvarum\u0105, neaukojant patogumo, tod\u0117l operatoriai gali dirbti u\u017etikrintai ir efektyviai. \u0160is dir\u017einis stropas - tai patikimas sprendimas, kuriuo galima patikimai atlikti sud\u0117tingas krovini\u0173 k\u0117limo u\u017eduotis, nes svarbiausia yra sauga.<\/p>\n<h4>Qingdao H&amp;F: patikimos paslaugos ir kokyb\u0117s u\u017etikrinimas<\/h4>\n<p>\"Qingdao H&amp;F\", kaip B2B prekybos \u012fmon\u0117s, reputacija yra pagr\u012fsta 20 met\u0173 patirtimi teikiant pramoninius k\u0117limo sprendimus, kurie atitinka praktinius \u012fmoni\u0173 poreikius. Prie kiekvieno 5 ton\u0173 juostinio stropo pridedamos i\u0161samios kokyb\u0117s patikrinimo ataskaitos, kurios pabr\u0117\u017eia Qingdao H&amp;F \u012fsipareigojim\u0105 u\u017etikrinti skaidrum\u0105 ir produkt\u0173 vientisum\u0105. \u0160iose ataskaitose pirk\u0117jai gali susipa\u017einti su gaminio bandym\u0173 rezultatais, u\u017etikrinan\u010diais atitikt\u012f saugos ir eksploatacini\u0173 savybi\u0173 standartams. Pateikdama patikrinamus dokumentus, \"Qingdao H&amp;F\" suteikia pirk\u0117jams pasitik\u0117jimo savo pirkiniu, didina pasitik\u0117jim\u0105 ir patikimum\u0105.<\/p>\n<p>Be auk\u0161tos kokyb\u0117s produkt\u0173, \"Qingdao H&amp;F\" daug d\u0117mesio skiria klient\u0173 patir\u010diai. Taikant individual\u0173 aptarnavimo model\u012f klientai gali tiesiogiai bendrauti su kompetentingais atstovais, kurie supranta j\u0173 unikalius reikalavimus ir pataria d\u0117l geriausi\u0173 dir\u017eini\u0173 strop\u0173 variant\u0173. Toks aptarnavimo b\u016bdas kartu su greitu ir efektyviu pristatymo ciklu rodo Qingdao H&amp;F \u012fsipareigojim\u0105 pad\u0117ti klientams kiekviename pirkimo proceso etape. Pirk\u0117jai gauna supaprastint\u0105 patirt\u012f, kuri suma\u017eina laukimo trukm\u0119 ir padidina b\u016btiniausios \u012frangos prieinamum\u0105, tod\u0117l \u012fmon\u0117s gali i\u0161laikyti veiklos efektyvum\u0105.<\/p>\n<p>\"Qingdao H&amp;F\" i\u0161lieka patikimu tiek\u0117ju pramoninio k\u0117limo rinkoje, si\u016blan\u010diu auk\u0161tos kokyb\u0117s dir\u017einius stropus, kruop\u0161\u010diai tikrinan\u010diu kokyb\u0119 ir d\u0117mesingu aptarnavimu. \u0160\u012f \u012fsipareigojim\u0105 iliustruoja 5 ton\u0173 juostinis stropas, si\u016blantis tvirt\u0105 ir patikim\u0105 sprendim\u0105, atitinkant\u012f grie\u017etus \u0161iuolaikin\u0117s pramonin\u0117s aplinkos reikalavimus.<\/p>","protected":false},"excerpt":{"rendered":"<p>5 ton\u0173 austiniai dir\u017eai sujungia didel\u012f stiprum\u0105 ir atsparum\u0105, kad b\u016bt\u0173 galima saugiai pakelti sunkius krovinius, tod\u0117l pirk\u0117jams r\u016bpi ilgaam\u017ei\u0161kumas, saugumas ir efektyvumas. Pagamintas pagal grie\u017etus standartus, \u0161is dir\u017einis stropas patikimai \u012fveikia iki 5 ton\u0173 svor\u012f, kartu i\u0161laikydamas lankstum\u0105, kad j\u012f b\u016bt\u0173 lengva naudoti. Qingdao H&amp;F, 20 met\u0173 patirt\u012f turinti prekybos bendrov\u0117, u\u017etikrina, kad pirk\u0117jai gal\u0117t\u0173 naudotis individualiu klient\u0173 aptarnavimu, greitu pristatymo ciklu ir i\u0161samiomis kokyb\u0117s tikrinimo ataskaitomis. Toks po\u017ei\u016bris pabr\u0117\u017eia m\u016bs\u0173 \u012fsipareigojim\u0105 u\u017etikrinti kokyb\u0119, pristatym\u0105 laiku ir visapusi\u0161k\u0105 param\u0105, u\u017etikrinant skland\u017ei\u0105 pirkimo patirt\u012f.<\/p>","protected":false},"featured_media":8191,"comment_status":"open","ping_status":"closed","template":"","meta":{"site-sidebar-layout":"default","site-content-layout":"","ast-site-content-layout":"default","site-content-style":"default","site-sidebar-style":"default","ast-global-header-display":"","ast-banner-title-visibility":"","ast-main-header-display":"","ast-hfb-above-header-display":"","ast-hfb-below-header-display":"","ast-hfb-mobile-header-display":"","site-post-title":"","ast-breadcrumbs-content":"","ast-featured-img":"","footer-sml-layout":"","theme-transparent-header-meta":"default","adv-header-id-meta":"","stick-header-meta":"default","header-above-stick-meta":"","header-main-stick-meta":"","header-below-stick-meta":"","astra-migrate-meta-layouts":"set","ast-page-background-enabled":"default","ast-page-background-meta":{"desktop":{"background-color":"","background-image":"","background-repeat":"repeat","background-position":"center center","background-size":"auto","background-attachment":"scroll","background-type":"","background-media":"","overlay-type":"","overlay-color":"","overlay-opacity":"","overlay-gradient":""},"tablet":{"background-color":"","background-image":"","background-repeat":"repeat","background-position":"center center","background-size":"auto","background-attachment":"scroll","background-type":"","background-media":"","overlay-type":"","overlay-color":"","overlay-opacity":"","overlay-gradient":""},"mobile":{"background-color":"","background-image":"","background-repeat":"repeat","background-position":"center center","background-size":"auto","background-attachment":"scroll","background-type":"","background-media":"","overlay-type":"","overlay-color":"","overlay-opacity":"","overlay-gradient":""}},"ast-content-background-meta":{"desktop":{"background-color":"var(--ast-global-color-5)","background-image":"","background-repeat":"repeat","background-position":"center center","background-size":"auto","background-attachment":"scroll","background-type":"","background-media":"","overlay-type":"","overlay-color":"","overlay-opacity":"","overlay-gradient":""},"tablet":{"background-color":"var(--ast-global-color-5)","background-image":"","background-repeat":"repeat","background-position":"center center","background-size":"auto","background-attachment":"scroll","background-type":"","background-media":"","overlay-type":"","overlay-color":"","overlay-opacity":"","overlay-gradient":""},"mobile":{"background-color":"var(--ast-global-color-5)","background-image":"","background-repeat":"repeat","background-position":"center center","background-size":"auto","background-attachment":"scroll","background-type":"","background-media":"","overlay-type":"","overlay-color":"","overlay-opacity":"","overlay-gradient":""}}},"product_brand":[],"product_cat":[39],"product_tag":[],"class_list":{"0":"post-8285","1":"product","2":"type-product","3":"status-publish","4":"has-post-thumbnail","6":"product_cat-webbing-sling","7":"desktop-align-left","8":"tablet-align-left","9":"mobile-align-left","10":"ast-product-gallery-layout-horizontal-slider","11":"ast-product-gallery-with-no-image","12":"ast-product-tabs-layout-horizontal","14":"first","15":"instock","16":"shipping-taxable","17":"purchasable","18":"product-type-simple"},"yoast_head":"<!-- This site is optimized with the Yoast SEO plugin v25.2 - https:\/\/yoast.com\/wordpress\/plugins\/seo\/ -->\n<title>Flat Webbing Sling 5 Ton Polyester Double Duplex<\/title>\n<meta name=\"robots\" content=\"index, follow, max-snippet:-1, max-image-preview:large, max-video-preview:-1\" \/>\n<link rel=\"canonical\" href=\"https:\/\/qingdaohf.com\/lt\/produktas\/5-tonu-austiniai-dirzai\/\" \/>\n<meta property=\"og:locale\" content=\"lt_LT\" \/>\n<meta property=\"og:type\" content=\"article\" \/>\n<meta property=\"og:title\" content=\"Flat Webbing Sling 5 Ton Polyester Double Duplex\" \/>\n<meta property=\"og:description\" content=\"5-Ton Webbing Sling combines high strength and resilience to safely lift heavy loads, addressing buyers&#039; concerns about durability, safety, and efficiency. Manufactured to rigorous standards, this webbing sling reliably handles up to 5 tons while maintaining flexibility for ease of use. As an established trading company with 20 years of experience, Qingdao H&amp;F ensures that buyers benefit from one-on-one customer service, a fast delivery cycle, and detailed quality inspection reports. This approach emphasizes our commitment to quality, timely delivery, and comprehensive support, providing a seamless purchasing experience.\" \/>\n<meta property=\"og:url\" content=\"https:\/\/qingdaohf.com\/lt\/produktas\/5-tonu-austiniai-dirzai\/\" \/>\n<meta property=\"og:site_name\" content=\"Concrete Form &amp; Rigging Hardware Supplier\" \/>\n<meta property=\"article:publisher\" content=\"https:\/\/www.facebook.com\/qingdaohf\" \/>\n<meta property=\"article:modified_time\" content=\"2025-11-13T01:02:53+00:00\" \/>\n<meta property=\"og:image\" content=\"https:\/\/qingdaohf.com\/wp-content\/uploads\/2024\/10\/Heavy-Duty-5-ton-webbing-sling_1.webp\" \/>\n\t<meta property=\"og:image:width\" content=\"1000\" \/>\n\t<meta property=\"og:image:height\" content=\"1000\" \/>\n\t<meta property=\"og:image:type\" content=\"image\/webp\" \/>\n<meta name=\"twitter:card\" content=\"summary_large_image\" \/>\n<meta name=\"twitter:label1\" content=\"Est. reading time\" \/>\n\t<meta name=\"twitter:data1\" content=\"3 minut\u0117s\" \/>\n<script type=\"application\/ld+json\" class=\"yoast-schema-graph\">{\"@context\":\"https:\/\/schema.org\",\"@graph\":[{\"@type\":\"WebPage\",\"@id\":\"https:\/\/qingdaohf.com\/product\/webbing-sling-5-ton\/\",\"url\":\"https:\/\/qingdaohf.com\/product\/webbing-sling-5-ton\/\",\"name\":\"Flat Webbing Sling 5 Ton Polyester Double Duplex\",\"isPartOf\":{\"@id\":\"https:\/\/qingdaohf.com\/bg\/#website\"},\"primaryImageOfPage\":{\"@id\":\"https:\/\/qingdaohf.com\/product\/webbing-sling-5-ton\/#primaryimage\"},\"image\":{\"@id\":\"https:\/\/qingdaohf.com\/product\/webbing-sling-5-ton\/#primaryimage\"},\"thumbnailUrl\":\"https:\/\/qingdaohf.com\/wp-content\/uploads\/2024\/10\/Heavy-Duty-5-ton-webbing-sling_1.webp\",\"datePublished\":\"2024-11-05T09:54:41+00:00\",\"dateModified\":\"2025-11-13T01:02:53+00:00\",\"breadcrumb\":{\"@id\":\"https:\/\/qingdaohf.com\/product\/webbing-sling-5-ton\/#breadcrumb\"},\"inLanguage\":\"lt-LT\",\"potentialAction\":[{\"@type\":\"ReadAction\",\"target\":[\"https:\/\/qingdaohf.com\/product\/webbing-sling-5-ton\/\"]}]},{\"@type\":\"ImageObject\",\"inLanguage\":\"lt-LT\",\"@id\":\"https:\/\/qingdaohf.com\/product\/webbing-sling-5-ton\/#primaryimage\",\"url\":\"https:\/\/qingdaohf.com\/wp-content\/uploads\/2024\/10\/Heavy-Duty-5-ton-webbing-sling_1.webp\",\"contentUrl\":\"https:\/\/qingdaohf.com\/wp-content\/uploads\/2024\/10\/Heavy-Duty-5-ton-webbing-sling_1.webp\",\"width\":1000,\"height\":1000,\"caption\":\"webbing sling 5 ton\"},{\"@type\":\"BreadcrumbList\",\"@id\":\"https:\/\/qingdaohf.com\/product\/webbing-sling-5-ton\/#breadcrumb\",\"itemListElement\":[{\"@type\":\"ListItem\",\"position\":1,\"name\":\"Home\",\"item\":\"https:\/\/qingdaohf.com\/\"},{\"@type\":\"ListItem\",\"position\":2,\"name\":\"Concrete Forming Accessories and Rigging Hardware\",\"item\":\"https:\/\/qingdaohf.com\/bg\/?page_id=944\"},{\"@type\":\"ListItem\",\"position\":3,\"name\":\"Flat Webbing Sling 5 Ton Polyester Double Duplex\"}]},{\"@type\":\"WebSite\",\"@id\":\"https:\/\/qingdaohf.com\/bg\/#website\",\"url\":\"https:\/\/qingdaohf.com\/bg\/\",\"name\":\"Concrete Form & Rigging Hardware Supplier\",\"description\":\"\",\"publisher\":{\"@id\":\"https:\/\/qingdaohf.com\/bg\/#organization\"},\"potentialAction\":[{\"@type\":\"SearchAction\",\"target\":{\"@type\":\"EntryPoint\",\"urlTemplate\":\"https:\/\/qingdaohf.com\/bg\/?s={search_term_string}\"},\"query-input\":{\"@type\":\"PropertyValueSpecification\",\"valueRequired\":true,\"valueName\":\"search_term_string\"}}],\"inLanguage\":\"lt-LT\"},{\"@type\":\"Organization\",\"@id\":\"https:\/\/qingdaohf.com\/bg\/#organization\",\"name\":\"Qingdao H&F\",\"url\":\"https:\/\/qingdaohf.com\/bg\/\",\"logo\":{\"@type\":\"ImageObject\",\"inLanguage\":\"lt-LT\",\"@id\":\"https:\/\/qingdaohf.com\/bg\/#\/schema\/logo\/image\/\",\"url\":\"https:\/\/qingdaohf.com\/wp-content\/uploads\/2022\/12\/cropped-HF-LOGO.png\",\"contentUrl\":\"https:\/\/qingdaohf.com\/wp-content\/uploads\/2022\/12\/cropped-HF-LOGO.png\",\"width\":391,\"height\":249,\"caption\":\"Qingdao H&F\"},\"image\":{\"@id\":\"https:\/\/qingdaohf.com\/bg\/#\/schema\/logo\/image\/\"},\"sameAs\":[\"https:\/\/www.facebook.com\/qingdaohf\"]}]}<\/script>\n<!-- \/ Yoast SEO plugin. -->","yoast_head_json":{"title":"Flat Webbing Sling 5 Ton Polyester Double Duplex","robots":{"index":"index","follow":"follow","max-snippet":"max-snippet:-1","max-image-preview":"max-image-preview:large","max-video-preview":"max-video-preview:-1"},"canonical":"https:\/\/qingdaohf.com\/lt\/produktas\/5-tonu-austiniai-dirzai\/","og_locale":"lt_LT","og_type":"article","og_title":"Flat Webbing Sling 5 Ton Polyester Double Duplex","og_description":"5-Ton Webbing Sling combines high strength and resilience to safely lift heavy loads, addressing buyers' concerns about durability, safety, and efficiency. Manufactured to rigorous standards, this webbing sling reliably handles up to 5 tons while maintaining flexibility for ease of use. As an established trading company with 20 years of experience, Qingdao H&amp;F ensures that buyers benefit from one-on-one customer service, a fast delivery cycle, and detailed quality inspection reports. This approach emphasizes our commitment to quality, timely delivery, and comprehensive support, providing a seamless purchasing experience.","og_url":"https:\/\/qingdaohf.com\/lt\/produktas\/5-tonu-austiniai-dirzai\/","og_site_name":"Concrete Form &amp; Rigging Hardware Supplier","article_publisher":"https:\/\/www.facebook.com\/qingdaohf","article_modified_time":"2025-11-13T01:02:53+00:00","og_image":[{"width":1000,"height":1000,"url":"https:\/\/qingdaohf.com\/wp-content\/uploads\/2024\/10\/Heavy-Duty-5-ton-webbing-sling_1.webp","type":"image\/webp"}],"twitter_card":"summary_large_image","twitter_misc":{"Est. reading time":"3 minut\u0117s"},"schema":{"@context":"https:\/\/schema.org","@graph":[{"@type":"WebPage","@id":"https:\/\/qingdaohf.com\/product\/webbing-sling-5-ton\/","url":"https:\/\/qingdaohf.com\/product\/webbing-sling-5-ton\/","name":"Flat Webbing Sling 5 Ton Polyester Double Duplex","isPartOf":{"@id":"https:\/\/qingdaohf.com\/bg\/#website"},"primaryImageOfPage":{"@id":"https:\/\/qingdaohf.com\/product\/webbing-sling-5-ton\/#primaryimage"},"image":{"@id":"https:\/\/qingdaohf.com\/product\/webbing-sling-5-ton\/#primaryimage"},"thumbnailUrl":"https:\/\/qingdaohf.com\/wp-content\/uploads\/2024\/10\/Heavy-Duty-5-ton-webbing-sling_1.webp","datePublished":"2024-11-05T09:54:41+00:00","dateModified":"2025-11-13T01:02:53+00:00","breadcrumb":{"@id":"https:\/\/qingdaohf.com\/product\/webbing-sling-5-ton\/#breadcrumb"},"inLanguage":"lt-LT","potentialAction":[{"@type":"ReadAction","target":["https:\/\/qingdaohf.com\/product\/webbing-sling-5-ton\/"]}]},{"@type":"ImageObject","inLanguage":"lt-LT","@id":"https:\/\/qingdaohf.com\/product\/webbing-sling-5-ton\/#primaryimage","url":"https:\/\/qingdaohf.com\/wp-content\/uploads\/2024\/10\/Heavy-Duty-5-ton-webbing-sling_1.webp","contentUrl":"https:\/\/qingdaohf.com\/wp-content\/uploads\/2024\/10\/Heavy-Duty-5-ton-webbing-sling_1.webp","width":1000,"height":1000,"caption":"webbing sling 5 ton"},{"@type":"BreadcrumbList","@id":"https:\/\/qingdaohf.com\/product\/webbing-sling-5-ton\/#breadcrumb","itemListElement":[{"@type":"ListItem","position":1,"name":"Home","item":"https:\/\/qingdaohf.com\/"},{"@type":"ListItem","position":2,"name":"Concrete Forming Accessories and Rigging Hardware","item":"https:\/\/qingdaohf.com\/bg\/?page_id=944"},{"@type":"ListItem","position":3,"name":"Flat Webbing Sling 5 Ton Polyester Double Duplex"}]},{"@type":"WebSite","@id":"https:\/\/qingdaohf.com\/bg\/#website","url":"https:\/\/qingdaohf.com\/bg\/","name":"Concrete Form & Rigging Hardware Supplier","description":"","publisher":{"@id":"https:\/\/qingdaohf.com\/bg\/#organization"},"potentialAction":[{"@type":"SearchAction","target":{"@type":"EntryPoint","urlTemplate":"https:\/\/qingdaohf.com\/bg\/?s={search_term_string}"},"query-input":{"@type":"PropertyValueSpecification","valueRequired":true,"valueName":"search_term_string"}}],"inLanguage":"lt-LT"},{"@type":"Organization","@id":"https:\/\/qingdaohf.com\/bg\/#organization","name":"Qingdao H&F","url":"https:\/\/qingdaohf.com\/bg\/","logo":{"@type":"ImageObject","inLanguage":"lt-LT","@id":"https:\/\/qingdaohf.com\/bg\/#\/schema\/logo\/image\/","url":"https:\/\/qingdaohf.com\/wp-content\/uploads\/2022\/12\/cropped-HF-LOGO.png","contentUrl":"https:\/\/qingdaohf.com\/wp-content\/uploads\/2022\/12\/cropped-HF-LOGO.png","width":391,"height":249,"caption":"Qingdao H&F"},"image":{"@id":"https:\/\/qingdaohf.com\/bg\/#\/schema\/logo\/image\/"},"sameAs":["https:\/\/www.facebook.com\/qingdaohf"]}]}},"_links":{"self":[{"href":"https:\/\/qingdaohf.com\/lt\/wp-json\/wp\/v2\/product\/8285","targetHints":{"allow":["GET"]}}],"collection":[{"href":"https:\/\/qingdaohf.com\/lt\/wp-json\/wp\/v2\/product"}],"about":[{"href":"https:\/\/qingdaohf.com\/lt\/wp-json\/wp\/v2\/types\/product"}],"replies":[{"embeddable":true,"href":"https:\/\/qingdaohf.com\/lt\/wp-json\/wp\/v2\/comments?post=8285"}],"version-history":[{"count":2,"href":"https:\/\/qingdaohf.com\/lt\/wp-json\/wp\/v2\/product\/8285\/revisions"}],"predecessor-version":[{"id":8336,"href":"https:\/\/qingdaohf.com\/lt\/wp-json\/wp\/v2\/product\/8285\/revisions\/8336"}],"wp:featuredmedia":[{"embeddable":true,"href":"https:\/\/qingdaohf.com\/lt\/wp-json\/wp\/v2\/media\/8191"}],"wp:attachment":[{"href":"https:\/\/qingdaohf.com\/lt\/wp-json\/wp\/v2\/media?parent=8285"}],"wp:term":[{"taxonomy":"product_brand","embeddable":true,"href":"https:\/\/qingdaohf.com\/lt\/wp-json\/wp\/v2\/product_brand?post=8285"},{"taxonomy":"product_cat","embeddable":true,"href":"https:\/\/qingdaohf.com\/lt\/wp-json\/wp\/v2\/product_cat?post=8285"},{"taxonomy":"product_tag","embeddable":true,"href":"https:\/\/qingdaohf.com\/lt\/wp-json\/wp\/v2\/product_tag?post=8285"}],"curies":[{"name":"wp","href":"https:\/\/api.w.org\/{rel}","templated":true}]}}