{"id":8287,"date":"2024-11-05T17:56:32","date_gmt":"2024-11-05T09:56:32","guid":{"rendered":"http:\/\/qingdaohf.com\/?post_type=product&#038;p=8287"},"modified":"2025-11-13T09:02:53","modified_gmt":"2025-11-13T01:02:53","slug":"webbing-sling-6-ton","status":"publish","type":"product","link":"https:\/\/qingdaohf.com\/lt\/produktas\/dirzu-stropas-6-tonos\/","title":{"rendered":"Plok\u0161ti austiniai dir\u017eai 6 tonos poliesterio dvigubo dvipusio dublio"},"content":{"rendered":"<div class=\"flex max-w-full flex-col flex-grow\">\n<div class=\"min-h-8 text-message flex w-full flex-col items-end gap-2 whitespace-normal break-words [.text-message+&amp;]:mt-5\" dir=\"auto\" data-message-author-role=\"assistant\" data-message-id=\"c70e5c25-1016-4fd4-95f4-df6f87317104\" data-message-model-slug=\"gpt-4o\">\n<div class=\"flex w-full flex-col gap-1 empty:hidden first:pt-[3px]\">\n<div class=\"markdown prose w-full break-words dark:prose-invert light\">\n<h4>I\u0161skirtin\u0117 6 ton\u0173 dir\u017e\u0173 stropo keliamoji galia ir konstrukcija<\/h4>\n<p>\"Qingdao H&amp;F\" 6 ton\u0173 dir\u017e\u0173 dir\u017eai skirti naudoti ten, kur labai svarbus tvirtumas, stabilumas ir ilgaam\u017ei\u0161kumas. Pagamintas i\u0161 didelio atsparumo poliesterio, \u0161is dir\u017einis stropas u\u017etikrina i\u0161skirtin\u0119 apkrov\u0105 ir atlaiko aplinkos i\u0161\u0161\u016bkius, tokius kaip UV spinduli\u0173 poveikis, dilimas ir \u012fprastas d\u0117v\u0117jimasis. D\u0117l savo 6 ton\u0173 keliamosios galios jis tinka \u012fvairioms reiklioms pramon\u0117s \u0161akoms, \u012fskaitant statybas, logistik\u0105 ir pramonin\u0119 gamyb\u0105, kur b\u016btina patikima k\u0117limo \u012franga.<\/p>\n<p>\"Qingdao H&amp;F\" u\u017etikrina, kad kiekvienas 6 ton\u0173 juostinis dir\u017eas atitikt\u0173 grie\u017etus kokyb\u0117s reikalavimus. \u0160ie dir\u017eai yra grie\u017etai i\u0161bandomi ir pateikiami su kokyb\u0117s patikrinimo ataskaita, tod\u0117l pirk\u0117jai gali b\u016bti tikri, kad jie atitinka tarptautinius saugos standartus. Pramon\u0117s \u0161akose, kuriose patikimumas yra negin\u010dijamas, Qingdao H&amp;F teikiamas kokyb\u0117s u\u017etikrinimas patvirtina, kad \u0161is dir\u017eas yra patikimas pasirinkimas. Be to, greitas \"Qingdao H&amp;F\" pristatymo ciklas leid\u017eia \u012fmon\u0117ms laiku apsir\u016bpinti svarbiausia \u012franga, suma\u017einti prastovas ir u\u017etikrinti veiksming\u0105 veikl\u0105.<\/p>\n<h4>Saugos standart\u0173 ir apkrovos stabilumo u\u017etikrinimas k\u0117limo programose<\/h4>\n<p>K\u0117limo operacijose svarbiausia yra saugumas, tod\u0117l kuriant \u010cingdao H&amp;F 6 ton\u0173 dir\u017ein\u012f strop\u0105 pabr\u0117\u017eiamas krovinio saugumas ir darbo stabilumas. \u0160is dir\u017eas pagamintas i\u0161 plataus dir\u017einio audinio, tod\u0117l efektyviai paskirsto svor\u012f, suma\u017eina apkrov\u0105 kroviniui ir \u017ealos tikimyb\u0119. \u0160i konstrukcijos ypatyb\u0117 labai svarbi siekiant u\u017etikrinti skland\u0173 ir saug\u0173 k\u0117lim\u0105, ypa\u010d kai kraunami subtil\u016bs ar dideli\u0173 gabarit\u0173 daiktai. \"Qingdao H&amp;F\" \u012fsipareigojim\u0105 u\u017etikrinti saug\u0105 rodo ir naudojamos med\u017eiagos - kiekvienas stropas pagamintas taip, kad atitikt\u0173 arba vir\u0161yt\u0173 pramoninius saugos standartus, taip u\u017etikrinant saugi\u0105 darbo aplink\u0105.<\/p>\n<p>6 ton\u0173 dir\u017e\u0173 stropas u\u017etikrina stabilum\u0105 ir kontrol\u0119, tod\u0117l padid\u0117ja operatoriaus pasitik\u0117jimas, kai reikia laikytis grie\u017et\u0173 saugos protokol\u0173, pvz., statybose ir logistikoje. \"Qingdao H&amp;F\" atsidavimas saugai atitinka pramon\u0117s reikalavimus, o kiekvienas dir\u017einis stropas yra i\u0161bandomas, kad b\u016bt\u0173 patvirtintas jo paj\u0117gumas ir na\u0161umas. U\u017etikrinus saugos reikalavim\u0173 laikym\u0105si, pirk\u0117jai gali pasikliauti gaminio geb\u0117jimu i\u0161laikyti dideles apkrovas, nesuma\u017einant patikimumo. Qingdao H&amp;F \u012fdiegtos kokyb\u0117s kontrol\u0117s priemon\u0117s dar kart\u0105 patvirtina, kad \u0161is dir\u017eas tinka svarbiausioms k\u0117limo u\u017eduotims atlikti.<\/p>\n<h4>\"Qingdao H&amp;F\": patikimas B2B k\u0117limo sprendim\u0173 partneris<\/h4>\n<p>Daugiau nei du de\u0161imtme\u010dius veikianti B2B prekybos bendrov\u0117 \"Qingdao H&amp;F\" supranta patikim\u0173, auk\u0161tos kokyb\u0117s k\u0117limo sprendim\u0173 svarb\u0105 \u012fvairi\u0173 pramon\u0117s \u0161ak\u0173 \u012fmon\u0117ms. Kartu su 6 ton\u0173 juostiniais stropais pateikiamos i\u0161samios tikrinimo ataskaitos, leid\u017eian\u010dios pirk\u0117jams patikrinti gaminio kokyb\u0119 ir atitikt\u012f. \u0160iose ataskaitose pabr\u0117\u017eiamas Qingdao H&amp;F \u012fsipareigojimas u\u017etikrinti skaidrum\u0105, tod\u0117l klientai gali b\u016bti ram\u016bs, kad kiekvienas stropas buvo kruop\u0161\u010diai i\u0161bandytas ir yra pasireng\u0119s veikti realiomis s\u0105lygomis.<\/p>\n<p>Be gamini\u0173 kokyb\u0117s, \"Qingdao H&amp;F\" akcentuoja \u012f klient\u0105 orientuot\u0105 po\u017ei\u016br\u012f, individual\u0173 aptarnavim\u0105, asmenini\u0173 rekomendacij\u0173 teikim\u0105 ir operatyvi\u0105 pagalb\u0105. \u0160\u012f \u012f klient\u0105 orientuot\u0105 aptarnavimo model\u012f sustiprina greitas ir patikimas pristatymo ciklas, leid\u017eiantis \u012fmon\u0117ms gauti reikiam\u0105 \u012frang\u0105 be nereikalingo delsimo. Pristatydama i\u0161 sand\u0117lio \u012f sand\u0117l\u012f, \"Qingdao H&amp;F\" supaprastina pirkimo proces\u0105, u\u017etikrindama, kad pirk\u0117jai greitai ir efektyviai gaut\u0173 savo produktus.<\/p>\n<p>\"Qingdao H&amp;F\" 6 ton\u0173 juostinis stropas atspindi bendrov\u0117s \u012fsipareigojim\u0105 u\u017etikrinti kokyb\u0119, saug\u0105 ir aptarnavim\u0105. \u0160is gaminys pirk\u0117jams si\u016blo auk\u0161tus \u0161iuolaikin\u0117s pramon\u0117s aplinkos standartus atitinkant\u012f k\u0117limo sprendim\u0105 ir patikim\u0105 variant\u0105, skirt\u0105 darbui sunkiomis s\u0105lygomis. Qingdao H&amp;F atsidavimas tiek kokybei, tiek klient\u0173 pasitenkinimui sustiprina jos, kaip patikimo partnerio pramonini\u0173 k\u0117limo sprendim\u0173 srityje, pozicijas.<\/p>\n<\/div>\n<\/div>\n<\/div>\n<\/div>","protected":false},"excerpt":{"rendered":"<p>6 ton\u0173 austiniai dir\u017eai pasi\u017eymi ypatingu tvirtumu ir ilgaam\u017ei\u0161kumu, tod\u0117l atitinka pramon\u0117s \u0161ak\u0173, kurioms reikia saugi\u0173, dideli\u0173 apkrov\u0173 k\u0117limo sprendim\u0173, poreikius. \u0160is dir\u017einis stropas sukurtas taip, kad atitikt\u0173 auk\u0161\u010diausius standartus, tod\u0117l juo patikimai keliamos iki 6 ton\u0173 apkrovos. Qingdao H&amp;F supranta pirk\u0117j\u0173 r\u016bpest\u012f d\u0117l gamini\u0173 ilgaam\u017ei\u0161kumo, saugos ir atitikties reikalavimams, tod\u0117l, kaip 20 met\u0173 patirt\u012f turinti B2B prekybos \u012fmon\u0117, si\u016blome individual\u0173 klient\u0173 aptarnavim\u0105, greit\u0105 pristatymo cikl\u0105 ir i\u0161samias kokyb\u0117s tikrinimo ataskaitas. \u0160is \u012fsipareigojimas u\u017etikrina, kad klientai gaut\u0173 patikimus gaminius su i\u0161samia pagalba ir skaidriu kokyb\u0117s u\u017etikrinimu.<\/p>","protected":false},"featured_media":8194,"comment_status":"open","ping_status":"closed","template":"","meta":{"site-sidebar-layout":"default","site-content-layout":"","ast-site-content-layout":"default","site-content-style":"default","site-sidebar-style":"default","ast-global-header-display":"","ast-banner-title-visibility":"","ast-main-header-display":"","ast-hfb-above-header-display":"","ast-hfb-below-header-display":"","ast-hfb-mobile-header-display":"","site-post-title":"","ast-breadcrumbs-content":"","ast-featured-img":"","footer-sml-layout":"","theme-transparent-header-meta":"default","adv-header-id-meta":"","stick-header-meta":"default","header-above-stick-meta":"","header-main-stick-meta":"","header-below-stick-meta":"","astra-migrate-meta-layouts":"set","ast-page-background-enabled":"default","ast-page-background-meta":{"desktop":{"background-color":"","background-image":"","background-repeat":"repeat","background-position":"center center","background-size":"auto","background-attachment":"scroll","background-type":"","background-media":"","overlay-type":"","overlay-color":"","overlay-opacity":"","overlay-gradient":""},"tablet":{"background-color":"","background-image":"","background-repeat":"repeat","background-position":"center center","background-size":"auto","background-attachment":"scroll","background-type":"","background-media":"","overlay-type":"","overlay-color":"","overlay-opacity":"","overlay-gradient":""},"mobile":{"background-color":"","background-image":"","background-repeat":"repeat","background-position":"center center","background-size":"auto","background-attachment":"scroll","background-type":"","background-media":"","overlay-type":"","overlay-color":"","overlay-opacity":"","overlay-gradient":""}},"ast-content-background-meta":{"desktop":{"background-color":"var(--ast-global-color-5)","background-image":"","background-repeat":"repeat","background-position":"center center","background-size":"auto","background-attachment":"scroll","background-type":"","background-media":"","overlay-type":"","overlay-color":"","overlay-opacity":"","overlay-gradient":""},"tablet":{"background-color":"var(--ast-global-color-5)","background-image":"","background-repeat":"repeat","background-position":"center center","background-size":"auto","background-attachment":"scroll","background-type":"","background-media":"","overlay-type":"","overlay-color":"","overlay-opacity":"","overlay-gradient":""},"mobile":{"background-color":"var(--ast-global-color-5)","background-image":"","background-repeat":"repeat","background-position":"center center","background-size":"auto","background-attachment":"scroll","background-type":"","background-media":"","overlay-type":"","overlay-color":"","overlay-opacity":"","overlay-gradient":""}}},"product_brand":[],"product_cat":[39],"product_tag":[],"class_list":{"0":"post-8287","1":"product","2":"type-product","3":"status-publish","4":"has-post-thumbnail","6":"product_cat-webbing-sling","7":"desktop-align-left","8":"tablet-align-left","9":"mobile-align-left","10":"ast-product-gallery-layout-horizontal-slider","11":"ast-product-gallery-with-no-image","12":"ast-product-tabs-layout-horizontal","14":"first","15":"instock","16":"shipping-taxable","17":"purchasable","18":"product-type-simple"},"yoast_head":"<!-- This site is optimized with the Yoast SEO plugin v25.2 - https:\/\/yoast.com\/wordpress\/plugins\/seo\/ -->\n<title>Flat Webbing Sling 6 Ton Polyester Double Duplex<\/title>\n<meta name=\"robots\" content=\"index, follow, max-snippet:-1, max-image-preview:large, max-video-preview:-1\" \/>\n<link rel=\"canonical\" href=\"https:\/\/qingdaohf.com\/lt\/produktas\/dirzu-stropas-6-tonos\/\" \/>\n<meta property=\"og:locale\" content=\"lt_LT\" \/>\n<meta property=\"og:type\" content=\"article\" \/>\n<meta property=\"og:title\" content=\"Flat Webbing Sling 6 Ton Polyester Double Duplex\" \/>\n<meta property=\"og:description\" content=\"6-Ton Webbing Sling offers superior strength and durability, catering to the needs of industries requiring secure, heavy-duty lifting solutions. Designed to meet the highest standards, this webbing sling handles loads up to 6 tons with consistent reliability. Qingdao H&amp;F understands buyers\u2019 concerns about product longevity, safety, and compliance, and as a B2B trading company with 20 years of experience, we offer one-on-one customer service, a fast delivery cycle, and detailed quality inspection reports. This commitment ensures clients receive dependable products with thorough support and transparent quality assurance.\" \/>\n<meta property=\"og:url\" content=\"https:\/\/qingdaohf.com\/lt\/produktas\/dirzu-stropas-6-tonos\/\" \/>\n<meta property=\"og:site_name\" content=\"Concrete Form &amp; Rigging Hardware Supplier\" \/>\n<meta property=\"article:publisher\" content=\"https:\/\/www.facebook.com\/qingdaohf\" \/>\n<meta property=\"article:modified_time\" content=\"2025-11-13T01:02:53+00:00\" \/>\n<meta property=\"og:image\" content=\"https:\/\/qingdaohf.com\/wp-content\/uploads\/2024\/10\/6-ton-webbing-sling_1.webp\" \/>\n\t<meta property=\"og:image:width\" content=\"1000\" \/>\n\t<meta property=\"og:image:height\" content=\"1000\" \/>\n\t<meta property=\"og:image:type\" content=\"image\/webp\" \/>\n<meta name=\"twitter:card\" content=\"summary_large_image\" \/>\n<meta name=\"twitter:label1\" content=\"Est. reading time\" \/>\n\t<meta name=\"twitter:data1\" content=\"3 minut\u0117s\" \/>\n<script type=\"application\/ld+json\" class=\"yoast-schema-graph\">{\"@context\":\"https:\/\/schema.org\",\"@graph\":[{\"@type\":\"WebPage\",\"@id\":\"https:\/\/qingdaohf.com\/product\/webbing-sling-6-ton\/\",\"url\":\"https:\/\/qingdaohf.com\/product\/webbing-sling-6-ton\/\",\"name\":\"Flat Webbing Sling 6 Ton Polyester Double Duplex\",\"isPartOf\":{\"@id\":\"https:\/\/qingdaohf.com\/bg\/#website\"},\"primaryImageOfPage\":{\"@id\":\"https:\/\/qingdaohf.com\/product\/webbing-sling-6-ton\/#primaryimage\"},\"image\":{\"@id\":\"https:\/\/qingdaohf.com\/product\/webbing-sling-6-ton\/#primaryimage\"},\"thumbnailUrl\":\"https:\/\/qingdaohf.com\/wp-content\/uploads\/2024\/10\/6-ton-webbing-sling_1.webp\",\"datePublished\":\"2024-11-05T09:56:32+00:00\",\"dateModified\":\"2025-11-13T01:02:53+00:00\",\"breadcrumb\":{\"@id\":\"https:\/\/qingdaohf.com\/product\/webbing-sling-6-ton\/#breadcrumb\"},\"inLanguage\":\"lt-LT\",\"potentialAction\":[{\"@type\":\"ReadAction\",\"target\":[\"https:\/\/qingdaohf.com\/product\/webbing-sling-6-ton\/\"]}]},{\"@type\":\"ImageObject\",\"inLanguage\":\"lt-LT\",\"@id\":\"https:\/\/qingdaohf.com\/product\/webbing-sling-6-ton\/#primaryimage\",\"url\":\"https:\/\/qingdaohf.com\/wp-content\/uploads\/2024\/10\/6-ton-webbing-sling_1.webp\",\"contentUrl\":\"https:\/\/qingdaohf.com\/wp-content\/uploads\/2024\/10\/6-ton-webbing-sling_1.webp\",\"width\":1000,\"height\":1000,\"caption\":\"6 ton webbing sling\"},{\"@type\":\"BreadcrumbList\",\"@id\":\"https:\/\/qingdaohf.com\/product\/webbing-sling-6-ton\/#breadcrumb\",\"itemListElement\":[{\"@type\":\"ListItem\",\"position\":1,\"name\":\"Home\",\"item\":\"https:\/\/qingdaohf.com\/\"},{\"@type\":\"ListItem\",\"position\":2,\"name\":\"Concrete Forming Accessories and Rigging Hardware\",\"item\":\"https:\/\/qingdaohf.com\/bg\/?page_id=944\"},{\"@type\":\"ListItem\",\"position\":3,\"name\":\"Flat Webbing Sling 6 Ton Polyester Double Duplex\"}]},{\"@type\":\"WebSite\",\"@id\":\"https:\/\/qingdaohf.com\/bg\/#website\",\"url\":\"https:\/\/qingdaohf.com\/bg\/\",\"name\":\"Concrete Form & Rigging Hardware Supplier\",\"description\":\"\",\"publisher\":{\"@id\":\"https:\/\/qingdaohf.com\/bg\/#organization\"},\"potentialAction\":[{\"@type\":\"SearchAction\",\"target\":{\"@type\":\"EntryPoint\",\"urlTemplate\":\"https:\/\/qingdaohf.com\/bg\/?s={search_term_string}\"},\"query-input\":{\"@type\":\"PropertyValueSpecification\",\"valueRequired\":true,\"valueName\":\"search_term_string\"}}],\"inLanguage\":\"lt-LT\"},{\"@type\":\"Organization\",\"@id\":\"https:\/\/qingdaohf.com\/bg\/#organization\",\"name\":\"Qingdao H&F\",\"url\":\"https:\/\/qingdaohf.com\/bg\/\",\"logo\":{\"@type\":\"ImageObject\",\"inLanguage\":\"lt-LT\",\"@id\":\"https:\/\/qingdaohf.com\/bg\/#\/schema\/logo\/image\/\",\"url\":\"https:\/\/qingdaohf.com\/wp-content\/uploads\/2022\/12\/cropped-HF-LOGO.png\",\"contentUrl\":\"https:\/\/qingdaohf.com\/wp-content\/uploads\/2022\/12\/cropped-HF-LOGO.png\",\"width\":391,\"height\":249,\"caption\":\"Qingdao H&F\"},\"image\":{\"@id\":\"https:\/\/qingdaohf.com\/bg\/#\/schema\/logo\/image\/\"},\"sameAs\":[\"https:\/\/www.facebook.com\/qingdaohf\"]}]}<\/script>\n<!-- \/ Yoast SEO plugin. -->","yoast_head_json":{"title":"Flat Webbing Sling 6 Ton Polyester Double Duplex","robots":{"index":"index","follow":"follow","max-snippet":"max-snippet:-1","max-image-preview":"max-image-preview:large","max-video-preview":"max-video-preview:-1"},"canonical":"https:\/\/qingdaohf.com\/lt\/produktas\/dirzu-stropas-6-tonos\/","og_locale":"lt_LT","og_type":"article","og_title":"Flat Webbing Sling 6 Ton Polyester Double Duplex","og_description":"6-Ton Webbing Sling offers superior strength and durability, catering to the needs of industries requiring secure, heavy-duty lifting solutions. Designed to meet the highest standards, this webbing sling handles loads up to 6 tons with consistent reliability. Qingdao H&amp;F understands buyers\u2019 concerns about product longevity, safety, and compliance, and as a B2B trading company with 20 years of experience, we offer one-on-one customer service, a fast delivery cycle, and detailed quality inspection reports. This commitment ensures clients receive dependable products with thorough support and transparent quality assurance.","og_url":"https:\/\/qingdaohf.com\/lt\/produktas\/dirzu-stropas-6-tonos\/","og_site_name":"Concrete Form &amp; Rigging Hardware Supplier","article_publisher":"https:\/\/www.facebook.com\/qingdaohf","article_modified_time":"2025-11-13T01:02:53+00:00","og_image":[{"width":1000,"height":1000,"url":"https:\/\/qingdaohf.com\/wp-content\/uploads\/2024\/10\/6-ton-webbing-sling_1.webp","type":"image\/webp"}],"twitter_card":"summary_large_image","twitter_misc":{"Est. reading time":"3 minut\u0117s"},"schema":{"@context":"https:\/\/schema.org","@graph":[{"@type":"WebPage","@id":"https:\/\/qingdaohf.com\/product\/webbing-sling-6-ton\/","url":"https:\/\/qingdaohf.com\/product\/webbing-sling-6-ton\/","name":"Flat Webbing Sling 6 Ton Polyester Double Duplex","isPartOf":{"@id":"https:\/\/qingdaohf.com\/bg\/#website"},"primaryImageOfPage":{"@id":"https:\/\/qingdaohf.com\/product\/webbing-sling-6-ton\/#primaryimage"},"image":{"@id":"https:\/\/qingdaohf.com\/product\/webbing-sling-6-ton\/#primaryimage"},"thumbnailUrl":"https:\/\/qingdaohf.com\/wp-content\/uploads\/2024\/10\/6-ton-webbing-sling_1.webp","datePublished":"2024-11-05T09:56:32+00:00","dateModified":"2025-11-13T01:02:53+00:00","breadcrumb":{"@id":"https:\/\/qingdaohf.com\/product\/webbing-sling-6-ton\/#breadcrumb"},"inLanguage":"lt-LT","potentialAction":[{"@type":"ReadAction","target":["https:\/\/qingdaohf.com\/product\/webbing-sling-6-ton\/"]}]},{"@type":"ImageObject","inLanguage":"lt-LT","@id":"https:\/\/qingdaohf.com\/product\/webbing-sling-6-ton\/#primaryimage","url":"https:\/\/qingdaohf.com\/wp-content\/uploads\/2024\/10\/6-ton-webbing-sling_1.webp","contentUrl":"https:\/\/qingdaohf.com\/wp-content\/uploads\/2024\/10\/6-ton-webbing-sling_1.webp","width":1000,"height":1000,"caption":"6 ton webbing sling"},{"@type":"BreadcrumbList","@id":"https:\/\/qingdaohf.com\/product\/webbing-sling-6-ton\/#breadcrumb","itemListElement":[{"@type":"ListItem","position":1,"name":"Home","item":"https:\/\/qingdaohf.com\/"},{"@type":"ListItem","position":2,"name":"Concrete Forming Accessories and Rigging Hardware","item":"https:\/\/qingdaohf.com\/bg\/?page_id=944"},{"@type":"ListItem","position":3,"name":"Flat Webbing Sling 6 Ton Polyester Double Duplex"}]},{"@type":"WebSite","@id":"https:\/\/qingdaohf.com\/bg\/#website","url":"https:\/\/qingdaohf.com\/bg\/","name":"Concrete Form & Rigging Hardware Supplier","description":"","publisher":{"@id":"https:\/\/qingdaohf.com\/bg\/#organization"},"potentialAction":[{"@type":"SearchAction","target":{"@type":"EntryPoint","urlTemplate":"https:\/\/qingdaohf.com\/bg\/?s={search_term_string}"},"query-input":{"@type":"PropertyValueSpecification","valueRequired":true,"valueName":"search_term_string"}}],"inLanguage":"lt-LT"},{"@type":"Organization","@id":"https:\/\/qingdaohf.com\/bg\/#organization","name":"Qingdao H&F","url":"https:\/\/qingdaohf.com\/bg\/","logo":{"@type":"ImageObject","inLanguage":"lt-LT","@id":"https:\/\/qingdaohf.com\/bg\/#\/schema\/logo\/image\/","url":"https:\/\/qingdaohf.com\/wp-content\/uploads\/2022\/12\/cropped-HF-LOGO.png","contentUrl":"https:\/\/qingdaohf.com\/wp-content\/uploads\/2022\/12\/cropped-HF-LOGO.png","width":391,"height":249,"caption":"Qingdao H&F"},"image":{"@id":"https:\/\/qingdaohf.com\/bg\/#\/schema\/logo\/image\/"},"sameAs":["https:\/\/www.facebook.com\/qingdaohf"]}]}},"_links":{"self":[{"href":"https:\/\/qingdaohf.com\/lt\/wp-json\/wp\/v2\/product\/8287","targetHints":{"allow":["GET"]}}],"collection":[{"href":"https:\/\/qingdaohf.com\/lt\/wp-json\/wp\/v2\/product"}],"about":[{"href":"https:\/\/qingdaohf.com\/lt\/wp-json\/wp\/v2\/types\/product"}],"replies":[{"embeddable":true,"href":"https:\/\/qingdaohf.com\/lt\/wp-json\/wp\/v2\/comments?post=8287"}],"version-history":[{"count":2,"href":"https:\/\/qingdaohf.com\/lt\/wp-json\/wp\/v2\/product\/8287\/revisions"}],"predecessor-version":[{"id":8335,"href":"https:\/\/qingdaohf.com\/lt\/wp-json\/wp\/v2\/product\/8287\/revisions\/8335"}],"wp:featuredmedia":[{"embeddable":true,"href":"https:\/\/qingdaohf.com\/lt\/wp-json\/wp\/v2\/media\/8194"}],"wp:attachment":[{"href":"https:\/\/qingdaohf.com\/lt\/wp-json\/wp\/v2\/media?parent=8287"}],"wp:term":[{"taxonomy":"product_brand","embeddable":true,"href":"https:\/\/qingdaohf.com\/lt\/wp-json\/wp\/v2\/product_brand?post=8287"},{"taxonomy":"product_cat","embeddable":true,"href":"https:\/\/qingdaohf.com\/lt\/wp-json\/wp\/v2\/product_cat?post=8287"},{"taxonomy":"product_tag","embeddable":true,"href":"https:\/\/qingdaohf.com\/lt\/wp-json\/wp\/v2\/product_tag?post=8287"}],"curies":[{"name":"wp","href":"https:\/\/api.w.org\/{rel}","templated":true}]}}