{"id":8289,"date":"2024-11-05T17:58:14","date_gmt":"2024-11-05T09:58:14","guid":{"rendered":"http:\/\/qingdaohf.com\/?post_type=product&#038;p=8289"},"modified":"2025-11-13T09:02:52","modified_gmt":"2025-11-13T01:02:52","slug":"webbing-sling-8-ton","status":"publish","type":"product","link":"https:\/\/qingdaohf.com\/lt\/produktas\/dirzu-stropas-8-tonos\/","title":{"rendered":"Plok\u0161\u010dios austin\u0117s juostos dir\u017eai 8 ton\u0173 poliesterio dvigubos dvipus\u0117s"},"content":{"rendered":"<h4>Stiprumas ir patvarumas: Pagrindin\u0117s 8 ton\u0173 austini\u0173 dir\u017e\u0173 dir\u017e\u0173 savyb\u0117s<\/h4>\n<p>\"Qingdao H&amp;F 8-Ton Webbing Sling\" sukurtas pramon\u0117s \u0161akoms, kuriose b\u016btini saug\u016bs ir patikimi k\u0117limo sprendimai. \u0160is dir\u017eas pagamintas i\u0161 auk\u0161tos kokyb\u0117s poliesterio, tod\u0117l yra tvirtas ir gali i\u0161laikyti iki 8 ton\u0173 apkrovas, nesuma\u017eindamas na\u0161umo. Tvirta konstrukcija u\u017etikrina ilg\u0105 tarnavimo laik\u0105 net ir da\u017enai naudojant sud\u0117tingomis s\u0105lygomis, tod\u0117l \u0161is dir\u017eas yra vertingas \u012frankis tokiose pramon\u0117s \u0161akose kaip statyba, logistika ir gamyba.<\/p>\n<p>Kiekvienas 8 ton\u0173 stropas kruop\u0161\u010diai i\u0161bandomas, kad b\u016bt\u0173 patvirtinta jo keliamoji galia ir atitiktis saugos taisykl\u0117ms. \"Qingdao H&amp;F\" pateikia i\u0161samias kokyb\u0117s patikrinimo ataskaitas, kad pirk\u0117jai gal\u0117t\u0173 per\u017ei\u016br\u0117ti gaminio saugos ir eksploatacini\u0173 savybi\u0173 duomenis. Bendrov\u0117 \"Qingdao H&amp;F\", pasi\u017eyminti patikimumo ir skaidrumo reputacija, yra \u012fsipareigojusi tiekti \u012frang\u0105, atitinkan\u010di\u0105 \u0161iuolaikin\u0117s pramon\u0117s veiklos reikalavimus. M\u016bs\u0173 si\u016blomas greitas pristatymo ciklas u\u017etikrina, kad pirk\u0117jai gal\u0117t\u0173 greitai gauti b\u016btin\u0105 k\u0117limo \u012frang\u0105 ir gal\u0117t\u0173 vykdyti projektus pagal grafik\u0105.<\/p>\n<h4>Sauga pagr\u012fstas dizainas ir saugus k\u0117limo na\u0161umas<\/h4>\n<p>Sauga yra svarbiausias bet kokios k\u0117limo operacijos r\u016bpestis, ypa\u010d kai dirbama su sunkiais kroviniais. Qingdao H&amp;F 8 ton\u0173 dir\u017e\u0173 stropas sukurtas i\u0161 pla\u010di\u0173, lanks\u010di\u0173 dir\u017e\u0173, kurie tolygiai paskirsto svor\u012f kroviniui. Tokia konstrukcija suma\u017eina spaudimo ta\u0161kus, tod\u0117l suma\u017e\u0117ja tikimyb\u0117 pa\u017eeisti ir strop\u0105, ir krovin\u012f. Atsi\u017evelgiant \u012f krovinio stabilumo prioritet\u0105, \u0161is dir\u017eas padeda u\u017etikrinti saug\u0173 k\u0117lim\u0105, net ir dideli\u0173 gabarit\u0173 ar trapi\u0173 daikt\u0173, tod\u0117l operatoriai gali dr\u0105siai dirbti su sunkiais kroviniais.<\/p>\n<p>Pagamintas laikantis grie\u017et\u0173 saugos standart\u0173, \u0161is dir\u017einis dir\u017eas puikiai tinka pramon\u0117s \u0161akoms, kuriose taikomi grie\u017eti darbo protokolai. Nesvarbu, ar jis naudojamas pramonin\u0117se aik\u0161tel\u0117se, sand\u0117liuose, ar krovini\u0173 gabenimo aik\u0161tel\u0117se, 8 ton\u0173 dir\u017einis stropas d\u0117l tvirtos konstrukcijos ir patikimo veikimo yra idealus pasirinkimas. Qingdao H&amp;F d\u0117mesys kokyb\u0117s kontrolei ir saugos reikalavim\u0173 laikymuisi suteikia pirk\u0117jams ramyb\u0119, nes jie \u017eino, kad kiekvienas stropas pra\u0117jo daugyb\u0119 kokyb\u0117s patikrinim\u0173, u\u017etikrinan\u010di\u0173, kad jis atitinka apkrovos reikalavimus. Su kiekvienu gaminiu pateikiamos kokyb\u0117s patikrinimo ataskaitos yra ai\u0161kus \u0161io \u012fsipareigojimo u\u017etikrinti saug\u0105 ir patikimum\u0105 \u012frodymas.<\/p>\n<h4>\"Qingdao H&amp;F\": partneryst\u0117 su klientais siekiant patikim\u0173 ir efektyvi\u0173 sprendim\u0173<\/h4>\n<p>Tur\u0117dama 20 met\u0173 B2B prekybos \u012fmon\u0117s patirt\u012f, \"Qingdao H&amp;F\" u\u017esitarnavo reputacij\u0105 kaip patikim\u0173 k\u0117limo sprendim\u0173, atitinkan\u010di\u0173 unikalius pramon\u0117s pirk\u0117j\u0173 poreikius, tiek\u0117ja. 8 ton\u0173 juostinis stropas yra \u012fvairi\u0173 gamini\u0173 asortimento dalis, prie kiekvieno gaminio pridedami kokyb\u0117s patikrinimo dokumentai, patvirtinantys, kad jis atitinka pramon\u0117s standartus. \u0160is skaidrumas sustiprina Qingdao H&amp;F \u012fsipareigojim\u0105 tiekti patikimus gaminius, kuriais pirk\u0117jai gali pasitik\u0117ti ir kurie skirti sud\u0117tingoms reikm\u0117ms.<\/p>\n<p>Be kokybi\u0161k\u0173 produkt\u0173, \"Qingdao H&amp;F\" yra \u012fsipareigojusi pasi\u016blyti skland\u0173, \u012f klient\u0105 orientuot\u0105 pirkimo proces\u0105. M\u016bs\u0173 individualus klient\u0173 aptarnavimo modelis leid\u017eia pirk\u0117jams tiesiogiai bendrauti su kompetentingais atstovais, kurie supranta j\u0173 reikalavimus ir teikia individualias rekomendacijas, padedan\u010dias klientams i\u0161sirinkti geriausiai j\u0173 reikm\u0117ms tinkan\u010di\u0105 k\u0117limo \u012frang\u0105. Kartu su greitu pristatymo ciklu \"Qingdao H&amp;F\" u\u017etikrina, kad klientai gal\u0117t\u0173 nedelsdami \u012fsigyti b\u016btiniausi\u0105 \u012frang\u0105, taip padidindami projekto efektyvum\u0105 ir suma\u017eindami prastovas.<\/p>\n<p>Tiekdama auk\u0161tos kokyb\u0117s dir\u017einius stropus, u\u017etikrindama kruop\u0161\u010di\u0105 kokyb\u0117s kontrol\u0119 ir teikdama pirmenyb\u0119 klient\u0173 aptarnavimui, \"Qingdao H&amp;F\" tapo patikima pramonini\u0173 k\u0117limo sprendim\u0173 partnere. \u0160\u012f \u012fsipareigojim\u0105 atspindi 8 ton\u0173 juostinis stropas, pasi\u017eymintis tvirtumu, saugumu ir patikimumu, kurio reikia \u0161iuolaikin\u0117je pramonin\u0117je aplinkoje. Su kiekvienu stropu \"Qingdao H&amp;F\" pateikia saug\u0173 ir patikim\u0105 k\u0117limo sprendim\u0105, kur\u012f palaiko ir u\u017etikrina klientams reikaling\u0105 param\u0105 bei skaidrum\u0105.<\/p>","protected":false},"excerpt":{"rendered":"<p>8 ton\u0173 austiniai dir\u017eai yra skirti dideliems k\u0117limo poreikiams tenkinti ir pasi\u017eymi i\u0161skirtiniu tvirtumu bei patikimumu pramonin\u0117ms reikm\u0117ms. \u0160is dir\u017eas, sukurtas atsi\u017evelgiant \u012f pirk\u0117jams r\u016bpimus krovinio saugumo, patvarumo ir saugos standart\u0173 laikymosi klausimus, lengvai i\u0161laiko iki 8 ton\u0173 svor\u012f. Qingdao H&amp;F, 20 met\u0173 patirt\u012f turinti B2B prekybos bendrov\u0117, teikia individualias klient\u0173 aptarnavimo paslaugas, greit\u0105 pristatymo cikl\u0105 ir i\u0161samias kokyb\u0117s tikrinimo ataskaitas. \u0160ie privalumai pabr\u0117\u017eia m\u016bs\u0173 \u012fsipareigojim\u0105 u\u017etikrinti kokyb\u0119 ir klient\u0173 pasitenkinim\u0105, u\u017etikrinant skland\u0173 pirkim\u0105.<\/p>","protected":false},"featured_media":8193,"comment_status":"open","ping_status":"closed","template":"","meta":{"site-sidebar-layout":"default","site-content-layout":"","ast-site-content-layout":"default","site-content-style":"default","site-sidebar-style":"default","ast-global-header-display":"","ast-banner-title-visibility":"","ast-main-header-display":"","ast-hfb-above-header-display":"","ast-hfb-below-header-display":"","ast-hfb-mobile-header-display":"","site-post-title":"","ast-breadcrumbs-content":"","ast-featured-img":"","footer-sml-layout":"","theme-transparent-header-meta":"default","adv-header-id-meta":"","stick-header-meta":"default","header-above-stick-meta":"","header-main-stick-meta":"","header-below-stick-meta":"","astra-migrate-meta-layouts":"set","ast-page-background-enabled":"default","ast-page-background-meta":{"desktop":{"background-color":"","background-image":"","background-repeat":"repeat","background-position":"center center","background-size":"auto","background-attachment":"scroll","background-type":"","background-media":"","overlay-type":"","overlay-color":"","overlay-opacity":"","overlay-gradient":""},"tablet":{"background-color":"","background-image":"","background-repeat":"repeat","background-position":"center center","background-size":"auto","background-attachment":"scroll","background-type":"","background-media":"","overlay-type":"","overlay-color":"","overlay-opacity":"","overlay-gradient":""},"mobile":{"background-color":"","background-image":"","background-repeat":"repeat","background-position":"center center","background-size":"auto","background-attachment":"scroll","background-type":"","background-media":"","overlay-type":"","overlay-color":"","overlay-opacity":"","overlay-gradient":""}},"ast-content-background-meta":{"desktop":{"background-color":"var(--ast-global-color-5)","background-image":"","background-repeat":"repeat","background-position":"center center","background-size":"auto","background-attachment":"scroll","background-type":"","background-media":"","overlay-type":"","overlay-color":"","overlay-opacity":"","overlay-gradient":""},"tablet":{"background-color":"var(--ast-global-color-5)","background-image":"","background-repeat":"repeat","background-position":"center center","background-size":"auto","background-attachment":"scroll","background-type":"","background-media":"","overlay-type":"","overlay-color":"","overlay-opacity":"","overlay-gradient":""},"mobile":{"background-color":"var(--ast-global-color-5)","background-image":"","background-repeat":"repeat","background-position":"center center","background-size":"auto","background-attachment":"scroll","background-type":"","background-media":"","overlay-type":"","overlay-color":"","overlay-opacity":"","overlay-gradient":""}}},"product_brand":[],"product_cat":[39],"product_tag":[],"class_list":{"0":"post-8289","1":"product","2":"type-product","3":"status-publish","4":"has-post-thumbnail","6":"product_cat-webbing-sling","7":"desktop-align-left","8":"tablet-align-left","9":"mobile-align-left","10":"ast-product-gallery-layout-horizontal-slider","11":"ast-product-gallery-with-no-image","12":"ast-product-tabs-layout-horizontal","14":"first","15":"instock","16":"shipping-taxable","17":"purchasable","18":"product-type-simple"},"yoast_head":"<!-- This site is optimized with the Yoast SEO plugin v25.2 - https:\/\/yoast.com\/wordpress\/plugins\/seo\/ -->\n<title>Flat Webbing Sling 8 Ton Polyester Double Duplex<\/title>\n<meta name=\"robots\" content=\"index, follow, max-snippet:-1, max-image-preview:large, max-video-preview:-1\" \/>\n<link rel=\"canonical\" href=\"https:\/\/qingdaohf.com\/lt\/produktas\/dirzu-stropas-8-tonos\/\" \/>\n<meta property=\"og:locale\" content=\"lt_LT\" \/>\n<meta property=\"og:type\" content=\"article\" \/>\n<meta property=\"og:title\" content=\"Flat Webbing Sling 8 Ton Polyester Double Duplex\" \/>\n<meta property=\"og:description\" content=\"8-Ton Webbing Sling is crafted to handle substantial lifting demands, offering outstanding strength and reliability for industrial applications. Designed to address buyer concerns about load security, durability, and compliance with safety standards, this sling supports up to 8 tons with ease. As an established B2B trading company with 20 years of experience, Qingdao H&amp;F provides one-on-one customer service, a fast delivery cycle, and comprehensive quality inspection reports. These advantages underscore our commitment to quality and customer satisfaction, ensuring a seamless purchasing experience.\" \/>\n<meta property=\"og:url\" content=\"https:\/\/qingdaohf.com\/lt\/produktas\/dirzu-stropas-8-tonos\/\" \/>\n<meta property=\"og:site_name\" content=\"Concrete Form &amp; Rigging Hardware Supplier\" \/>\n<meta property=\"article:publisher\" content=\"https:\/\/www.facebook.com\/qingdaohf\" \/>\n<meta property=\"article:modified_time\" content=\"2025-11-13T01:02:52+00:00\" \/>\n<meta property=\"og:image\" content=\"https:\/\/qingdaohf.com\/wp-content\/uploads\/2024\/10\/8ton-sling_1.webp\" \/>\n\t<meta property=\"og:image:width\" content=\"1000\" \/>\n\t<meta property=\"og:image:height\" content=\"1000\" \/>\n\t<meta property=\"og:image:type\" content=\"image\/webp\" \/>\n<meta name=\"twitter:card\" content=\"summary_large_image\" \/>\n<meta name=\"twitter:label1\" content=\"Est. reading time\" \/>\n\t<meta name=\"twitter:data1\" content=\"3 minut\u0117s\" \/>\n<script type=\"application\/ld+json\" class=\"yoast-schema-graph\">{\"@context\":\"https:\/\/schema.org\",\"@graph\":[{\"@type\":\"WebPage\",\"@id\":\"https:\/\/qingdaohf.com\/product\/webbing-sling-8-ton\/\",\"url\":\"https:\/\/qingdaohf.com\/product\/webbing-sling-8-ton\/\",\"name\":\"Flat Webbing Sling 8 Ton Polyester Double Duplex\",\"isPartOf\":{\"@id\":\"https:\/\/qingdaohf.com\/bg\/#website\"},\"primaryImageOfPage\":{\"@id\":\"https:\/\/qingdaohf.com\/product\/webbing-sling-8-ton\/#primaryimage\"},\"image\":{\"@id\":\"https:\/\/qingdaohf.com\/product\/webbing-sling-8-ton\/#primaryimage\"},\"thumbnailUrl\":\"https:\/\/qingdaohf.com\/wp-content\/uploads\/2024\/10\/8ton-sling_1.webp\",\"datePublished\":\"2024-11-05T09:58:14+00:00\",\"dateModified\":\"2025-11-13T01:02:52+00:00\",\"breadcrumb\":{\"@id\":\"https:\/\/qingdaohf.com\/product\/webbing-sling-8-ton\/#breadcrumb\"},\"inLanguage\":\"lt-LT\",\"potentialAction\":[{\"@type\":\"ReadAction\",\"target\":[\"https:\/\/qingdaohf.com\/product\/webbing-sling-8-ton\/\"]}]},{\"@type\":\"ImageObject\",\"inLanguage\":\"lt-LT\",\"@id\":\"https:\/\/qingdaohf.com\/product\/webbing-sling-8-ton\/#primaryimage\",\"url\":\"https:\/\/qingdaohf.com\/wp-content\/uploads\/2024\/10\/8ton-sling_1.webp\",\"contentUrl\":\"https:\/\/qingdaohf.com\/wp-content\/uploads\/2024\/10\/8ton-sling_1.webp\",\"width\":1000,\"height\":1000,\"caption\":\"8ton sling\"},{\"@type\":\"BreadcrumbList\",\"@id\":\"https:\/\/qingdaohf.com\/product\/webbing-sling-8-ton\/#breadcrumb\",\"itemListElement\":[{\"@type\":\"ListItem\",\"position\":1,\"name\":\"Home\",\"item\":\"https:\/\/qingdaohf.com\/\"},{\"@type\":\"ListItem\",\"position\":2,\"name\":\"Concrete Forming Accessories and Rigging Hardware\",\"item\":\"https:\/\/qingdaohf.com\/bg\/?page_id=944\"},{\"@type\":\"ListItem\",\"position\":3,\"name\":\"Flat Webbing Sling 8 Ton Polyester Double Duplex\"}]},{\"@type\":\"WebSite\",\"@id\":\"https:\/\/qingdaohf.com\/bg\/#website\",\"url\":\"https:\/\/qingdaohf.com\/bg\/\",\"name\":\"Concrete Form & Rigging Hardware Supplier\",\"description\":\"\",\"publisher\":{\"@id\":\"https:\/\/qingdaohf.com\/bg\/#organization\"},\"potentialAction\":[{\"@type\":\"SearchAction\",\"target\":{\"@type\":\"EntryPoint\",\"urlTemplate\":\"https:\/\/qingdaohf.com\/bg\/?s={search_term_string}\"},\"query-input\":{\"@type\":\"PropertyValueSpecification\",\"valueRequired\":true,\"valueName\":\"search_term_string\"}}],\"inLanguage\":\"lt-LT\"},{\"@type\":\"Organization\",\"@id\":\"https:\/\/qingdaohf.com\/bg\/#organization\",\"name\":\"Qingdao H&F\",\"url\":\"https:\/\/qingdaohf.com\/bg\/\",\"logo\":{\"@type\":\"ImageObject\",\"inLanguage\":\"lt-LT\",\"@id\":\"https:\/\/qingdaohf.com\/bg\/#\/schema\/logo\/image\/\",\"url\":\"https:\/\/qingdaohf.com\/wp-content\/uploads\/2022\/12\/cropped-HF-LOGO.png\",\"contentUrl\":\"https:\/\/qingdaohf.com\/wp-content\/uploads\/2022\/12\/cropped-HF-LOGO.png\",\"width\":391,\"height\":249,\"caption\":\"Qingdao H&F\"},\"image\":{\"@id\":\"https:\/\/qingdaohf.com\/bg\/#\/schema\/logo\/image\/\"},\"sameAs\":[\"https:\/\/www.facebook.com\/qingdaohf\"]}]}<\/script>\n<!-- \/ Yoast SEO plugin. -->","yoast_head_json":{"title":"Flat Webbing Sling 8 Ton Polyester Double Duplex","robots":{"index":"index","follow":"follow","max-snippet":"max-snippet:-1","max-image-preview":"max-image-preview:large","max-video-preview":"max-video-preview:-1"},"canonical":"https:\/\/qingdaohf.com\/lt\/produktas\/dirzu-stropas-8-tonos\/","og_locale":"lt_LT","og_type":"article","og_title":"Flat Webbing Sling 8 Ton Polyester Double Duplex","og_description":"8-Ton Webbing Sling is crafted to handle substantial lifting demands, offering outstanding strength and reliability for industrial applications. Designed to address buyer concerns about load security, durability, and compliance with safety standards, this sling supports up to 8 tons with ease. As an established B2B trading company with 20 years of experience, Qingdao H&amp;F provides one-on-one customer service, a fast delivery cycle, and comprehensive quality inspection reports. These advantages underscore our commitment to quality and customer satisfaction, ensuring a seamless purchasing experience.","og_url":"https:\/\/qingdaohf.com\/lt\/produktas\/dirzu-stropas-8-tonos\/","og_site_name":"Concrete Form &amp; Rigging Hardware Supplier","article_publisher":"https:\/\/www.facebook.com\/qingdaohf","article_modified_time":"2025-11-13T01:02:52+00:00","og_image":[{"width":1000,"height":1000,"url":"https:\/\/qingdaohf.com\/wp-content\/uploads\/2024\/10\/8ton-sling_1.webp","type":"image\/webp"}],"twitter_card":"summary_large_image","twitter_misc":{"Est. reading time":"3 minut\u0117s"},"schema":{"@context":"https:\/\/schema.org","@graph":[{"@type":"WebPage","@id":"https:\/\/qingdaohf.com\/product\/webbing-sling-8-ton\/","url":"https:\/\/qingdaohf.com\/product\/webbing-sling-8-ton\/","name":"Flat Webbing Sling 8 Ton Polyester Double Duplex","isPartOf":{"@id":"https:\/\/qingdaohf.com\/bg\/#website"},"primaryImageOfPage":{"@id":"https:\/\/qingdaohf.com\/product\/webbing-sling-8-ton\/#primaryimage"},"image":{"@id":"https:\/\/qingdaohf.com\/product\/webbing-sling-8-ton\/#primaryimage"},"thumbnailUrl":"https:\/\/qingdaohf.com\/wp-content\/uploads\/2024\/10\/8ton-sling_1.webp","datePublished":"2024-11-05T09:58:14+00:00","dateModified":"2025-11-13T01:02:52+00:00","breadcrumb":{"@id":"https:\/\/qingdaohf.com\/product\/webbing-sling-8-ton\/#breadcrumb"},"inLanguage":"lt-LT","potentialAction":[{"@type":"ReadAction","target":["https:\/\/qingdaohf.com\/product\/webbing-sling-8-ton\/"]}]},{"@type":"ImageObject","inLanguage":"lt-LT","@id":"https:\/\/qingdaohf.com\/product\/webbing-sling-8-ton\/#primaryimage","url":"https:\/\/qingdaohf.com\/wp-content\/uploads\/2024\/10\/8ton-sling_1.webp","contentUrl":"https:\/\/qingdaohf.com\/wp-content\/uploads\/2024\/10\/8ton-sling_1.webp","width":1000,"height":1000,"caption":"8ton sling"},{"@type":"BreadcrumbList","@id":"https:\/\/qingdaohf.com\/product\/webbing-sling-8-ton\/#breadcrumb","itemListElement":[{"@type":"ListItem","position":1,"name":"Home","item":"https:\/\/qingdaohf.com\/"},{"@type":"ListItem","position":2,"name":"Concrete Forming Accessories and Rigging Hardware","item":"https:\/\/qingdaohf.com\/bg\/?page_id=944"},{"@type":"ListItem","position":3,"name":"Flat Webbing Sling 8 Ton Polyester Double Duplex"}]},{"@type":"WebSite","@id":"https:\/\/qingdaohf.com\/bg\/#website","url":"https:\/\/qingdaohf.com\/bg\/","name":"Concrete Form & Rigging Hardware Supplier","description":"","publisher":{"@id":"https:\/\/qingdaohf.com\/bg\/#organization"},"potentialAction":[{"@type":"SearchAction","target":{"@type":"EntryPoint","urlTemplate":"https:\/\/qingdaohf.com\/bg\/?s={search_term_string}"},"query-input":{"@type":"PropertyValueSpecification","valueRequired":true,"valueName":"search_term_string"}}],"inLanguage":"lt-LT"},{"@type":"Organization","@id":"https:\/\/qingdaohf.com\/bg\/#organization","name":"Qingdao H&F","url":"https:\/\/qingdaohf.com\/bg\/","logo":{"@type":"ImageObject","inLanguage":"lt-LT","@id":"https:\/\/qingdaohf.com\/bg\/#\/schema\/logo\/image\/","url":"https:\/\/qingdaohf.com\/wp-content\/uploads\/2022\/12\/cropped-HF-LOGO.png","contentUrl":"https:\/\/qingdaohf.com\/wp-content\/uploads\/2022\/12\/cropped-HF-LOGO.png","width":391,"height":249,"caption":"Qingdao H&F"},"image":{"@id":"https:\/\/qingdaohf.com\/bg\/#\/schema\/logo\/image\/"},"sameAs":["https:\/\/www.facebook.com\/qingdaohf"]}]}},"_links":{"self":[{"href":"https:\/\/qingdaohf.com\/lt\/wp-json\/wp\/v2\/product\/8289","targetHints":{"allow":["GET"]}}],"collection":[{"href":"https:\/\/qingdaohf.com\/lt\/wp-json\/wp\/v2\/product"}],"about":[{"href":"https:\/\/qingdaohf.com\/lt\/wp-json\/wp\/v2\/types\/product"}],"replies":[{"embeddable":true,"href":"https:\/\/qingdaohf.com\/lt\/wp-json\/wp\/v2\/comments?post=8289"}],"version-history":[{"count":2,"href":"https:\/\/qingdaohf.com\/lt\/wp-json\/wp\/v2\/product\/8289\/revisions"}],"predecessor-version":[{"id":8334,"href":"https:\/\/qingdaohf.com\/lt\/wp-json\/wp\/v2\/product\/8289\/revisions\/8334"}],"wp:featuredmedia":[{"embeddable":true,"href":"https:\/\/qingdaohf.com\/lt\/wp-json\/wp\/v2\/media\/8193"}],"wp:attachment":[{"href":"https:\/\/qingdaohf.com\/lt\/wp-json\/wp\/v2\/media?parent=8289"}],"wp:term":[{"taxonomy":"product_brand","embeddable":true,"href":"https:\/\/qingdaohf.com\/lt\/wp-json\/wp\/v2\/product_brand?post=8289"},{"taxonomy":"product_cat","embeddable":true,"href":"https:\/\/qingdaohf.com\/lt\/wp-json\/wp\/v2\/product_cat?post=8289"},{"taxonomy":"product_tag","embeddable":true,"href":"https:\/\/qingdaohf.com\/lt\/wp-json\/wp\/v2\/product_tag?post=8289"}],"curies":[{"name":"wp","href":"https:\/\/api.w.org\/{rel}","templated":true}]}}