{"id":8291,"date":"2024-11-05T17:59:58","date_gmt":"2024-11-05T09:59:58","guid":{"rendered":"http:\/\/qingdaohf.com\/?post_type=product&#038;p=8291"},"modified":"2025-11-13T09:02:52","modified_gmt":"2025-11-13T01:02:52","slug":"webbing-sling-10-ton","status":"publish","type":"product","link":"https:\/\/qingdaohf.com\/lt\/produktas\/dirzu-stropas-10-tonu\/","title":{"rendered":"Plok\u0161\u010dios austin\u0117s juostos stropas 10 ton\u0173 poliesterio dvigubo dvipusio dublio"},"content":{"rendered":"<h4>Didelio paj\u0117gumo k\u0117limo sprendimai: 10 ton\u0173 juostos dir\u017eo stropo ilgaam\u017ei\u0161kumas ir stiprumas<\/h4>\n<p>Pramonin\u0117ms k\u0117limo u\u017eduotims, kai reikia saugios, didelio paj\u0117gumo atramos, Qingdao H&amp;F 10 ton\u0173 juostinis stropas yra optimalus sprendimas. \u0160is dir\u017eas pagamintas i\u0161 didelio atsparumo poliesterio, juo galima i\u0161laikyti iki 10 ton\u0173 svor\u012f, tod\u0117l jis idealiai tinka tokioms pramon\u0117s \u0161akoms kaip statyba, logistika ir gamyba. 10 ton\u0173 dir\u017einio stropo atsparumas u\u017etikrina, kad jis i\u0161liks vientisas net ir esant pasikartojan\u010dioms didel\u0117ms apkrovoms sud\u0117tingoje aplinkoje, tod\u0117l \u012fmon\u0117ms suteikiamas patvarus ir ekonomi\u0161kas sprendimas k\u0117limo poreikiams tenkinti.<\/p>\n<p>Siekiant u\u017etikrinti auk\u0161\u010diausius patikimumo ir saugos standartus, kiekvienas 10 ton\u0173 stropas yra grie\u017etai i\u0161bandomas, o pirk\u0117jai gauna kokyb\u0117s patikrinimo ataskait\u0105, kurioje patvirtinama, kad stropas atitinka tarptautinius saugos ir eksploatacini\u0173 savybi\u0173 standartus. Qingdao H&amp;F siekis u\u017etikrinti skaidrum\u0105 u\u017etikrina pirk\u0117jus, kad jie investuoja \u012f gamin\u012f, atitinkant\u012f visus teis\u0117s akt\u0173 reikalavimus. D\u0117l greito pristatymo ciklo, kur\u012f si\u016blo \"Qingdao H&amp;F\", klientai gali greitai gauti reikiam\u0105 \u012frang\u0105, tod\u0117l suma\u017e\u0117ja operacij\u0173 v\u0117lavimas ir padid\u0117ja bendras efektyvumas.<\/p>\n<h4>Sauga ir stabilumas sunkiasvor\u0117se k\u0117limo programose<\/h4>\n<p>Dideli\u0173 pavoj\u0173 kelian\u010dioje pramonin\u0117je aplinkoje k\u0117limo \u012frangos stabilumas ir saugumas yra labai svarb\u016bs tiek saugai, tiek na\u0161umui. Qingdao H&amp;F 10 ton\u0173 juostinis stropas sukurtas taip, kad u\u017etikrint\u0173 i\u0161skirtin\u012f krovinio stabilum\u0105, pad\u0117damas tolygiai paskirstyti svor\u012f kroviniui. Tokia konstrukcija suma\u017eina spaudimo ta\u0161kus ir iki minimumo suma\u017eina krovinio pa\u017eeidimo ar pasislinkimo rizik\u0105 atliekant k\u0117limo operacijas, tod\u0117l operatoriai gali b\u016bti ram\u016bs. Platus, patvarus poliesterio dir\u017eas atsparus d\u0117v\u0117jimuisi, dilimui ir UV spinduli\u0173 poveikiui, i\u0161laiko savo tvirtum\u0105 sud\u0117tingomis s\u0105lygomis.<\/p>\n<p>K\u0117limo operacij\u0173 saug\u0105 u\u017etikrina kruop\u0161t\u016bs Qingdao H&amp;F gamybos standartai. Kiekvienas stropas atitinka arba vir\u0161ija tarptautines pramon\u0117s taisykles, tod\u0117l tinka \u012fvairioms u\u017eduotims, kuriose taikomi grie\u017eti saugos protokolai. Vykdydama grie\u017et\u0105 kokyb\u0117s kontrol\u0119 kiekviename gamybos etape, \"Qingdao H&amp;F\" u\u017etikrina, kad 10 ton\u0173 dir\u017einis stropas patikimai palaikyt\u0173 sunkiausiomis s\u0105lygomis. \u0160\u012f \u012fsipareigojim\u0105 \u012frodo kartu su kiekvienu stropu pateikiamos i\u0161samios kokyb\u0117s patikrinimo ataskaitos, padedan\u010dios \u012fmon\u0117ms u\u017etikrintai laikytis saugos ir atitikties standart\u0173.<\/p>\n<h4>\"Qingdao H&amp;F\": patikimas auk\u0161tos kokyb\u0117s k\u0117limo sprendim\u0173 partneris<\/h4>\n<p>Kaip patyrusi B2B prekybos \u012fmon\u0117, turinti dviej\u0173 de\u0161imtme\u010di\u0173 patirt\u012f, \"Qingdao H&amp;F\" yra \u012fsipareigojusi remti versl\u0105 si\u016blydama produktus, kurie atitinka kokyb\u0119, saugum\u0105 ir aptarnavim\u0105. 10 ton\u0173 juostinis stropas yra pavyzdys, kaip Qingdao H&amp;F si\u016blo patikim\u0105, auk\u0161tos kokyb\u0117s \u012frang\u0105, atitinkan\u010di\u0105 praktinius pramon\u0117s pirk\u0117j\u0173 poreikius. Prie kiekvieno stropo pridedama kokyb\u0117s patikrinimo ataskaita, kuri pirk\u0117jams suteikia ai\u0161k\u0173 vaizd\u0105 apie gaminio specifikacijas ir u\u017etikrina visi\u0161k\u0105 skaidrum\u0105, susijus\u012f su jo veikimu.<\/p>\n<p>\"Qingdao H&amp;F\" individualus klient\u0173 aptarnavimo modelis leid\u017eia pirk\u0117jams gauti asmenin\u0119 i\u0161manan\u010di\u0173 atstov\u0173 pagalb\u0105, padedan\u010di\u0105 pasirinkti ideali\u0105 k\u0117limo \u012frang\u0105, atitinkan\u010di\u0105 j\u0173 konkre\u010dius reikalavimus. Toks d\u0117mesingas po\u017ei\u016bris ir greitas bei efektyvus pristatymo ciklas rodo, kad Qingdao H&amp;F siekia palengvinti skland\u0173 pirkimo proces\u0105, suderint\u0105 su klient\u0173 veiklos terminais. D\u0117mesys klient\u0173 pasitenkinimui ir kokyb\u0117s kontrolei leido \"Qingdao H&amp;F\" tapti patikimu vardu pramonini\u0173 k\u0117limo \u012frengini\u0173 rinkoje.<\/p>\n<p>Kingdao H&amp;F 10 ton\u0173 juostinis stropas yra daugiau nei tik k\u0117limo sprendimas - tai patikimas partneris \u012fmon\u0117ms, siekian\u010dioms saugos, efektyvumo ir didelio na\u0161umo. Su kiekvienu stropu \"Qingdao H&amp;F\" pristato gamin\u012f, kuris atitinka pramon\u0117s standartus ir yra saugus bei efektyvus sunkioms krovini\u0173 k\u0117limo u\u017eduotims.<\/p>","protected":false},"excerpt":{"rendered":"<p>10 ton\u0173 dir\u017e\u0173 stropas skirtas sunkiems kroviniams kelti, suprojektuotas taip, kad atitikt\u0173 grie\u017etus pramon\u0117s \u0161ak\u0173, kuriose b\u016btina saugiai ir galingai kelti krovinius, reikalavimus. \u0160is patvarus dir\u017eas gali i\u0161laikyti iki 10 ton\u0173 svor\u012f, tod\u0117l pirk\u0117jams labiausiai r\u016bpi stiprumas, saugumas ir patikimumas. B\u016bdama patyrusi B2B prekybos bendrov\u0117, Qingdao H&amp;F teikia individual\u0173 klient\u0173 aptarnavim\u0105, greit\u0105 pristatym\u0105 ir i\u0161samias kokyb\u0117s tikrinimo ataskaitas, u\u017etikrindama skland\u0173 pirkim\u0105, kurio prioritetas - skaidrumas ir klient\u0173 pasitenkinimas.<\/p>","protected":false},"featured_media":8192,"comment_status":"open","ping_status":"closed","template":"","meta":{"site-sidebar-layout":"default","site-content-layout":"","ast-site-content-layout":"default","site-content-style":"default","site-sidebar-style":"default","ast-global-header-display":"","ast-banner-title-visibility":"","ast-main-header-display":"","ast-hfb-above-header-display":"","ast-hfb-below-header-display":"","ast-hfb-mobile-header-display":"","site-post-title":"","ast-breadcrumbs-content":"","ast-featured-img":"","footer-sml-layout":"","theme-transparent-header-meta":"default","adv-header-id-meta":"","stick-header-meta":"default","header-above-stick-meta":"","header-main-stick-meta":"","header-below-stick-meta":"","astra-migrate-meta-layouts":"set","ast-page-background-enabled":"default","ast-page-background-meta":{"desktop":{"background-color":"","background-image":"","background-repeat":"repeat","background-position":"center center","background-size":"auto","background-attachment":"scroll","background-type":"","background-media":"","overlay-type":"","overlay-color":"","overlay-opacity":"","overlay-gradient":""},"tablet":{"background-color":"","background-image":"","background-repeat":"repeat","background-position":"center center","background-size":"auto","background-attachment":"scroll","background-type":"","background-media":"","overlay-type":"","overlay-color":"","overlay-opacity":"","overlay-gradient":""},"mobile":{"background-color":"","background-image":"","background-repeat":"repeat","background-position":"center center","background-size":"auto","background-attachment":"scroll","background-type":"","background-media":"","overlay-type":"","overlay-color":"","overlay-opacity":"","overlay-gradient":""}},"ast-content-background-meta":{"desktop":{"background-color":"var(--ast-global-color-5)","background-image":"","background-repeat":"repeat","background-position":"center center","background-size":"auto","background-attachment":"scroll","background-type":"","background-media":"","overlay-type":"","overlay-color":"","overlay-opacity":"","overlay-gradient":""},"tablet":{"background-color":"var(--ast-global-color-5)","background-image":"","background-repeat":"repeat","background-position":"center center","background-size":"auto","background-attachment":"scroll","background-type":"","background-media":"","overlay-type":"","overlay-color":"","overlay-opacity":"","overlay-gradient":""},"mobile":{"background-color":"var(--ast-global-color-5)","background-image":"","background-repeat":"repeat","background-position":"center center","background-size":"auto","background-attachment":"scroll","background-type":"","background-media":"","overlay-type":"","overlay-color":"","overlay-opacity":"","overlay-gradient":""}}},"product_brand":[],"product_cat":[39],"product_tag":[],"class_list":{"0":"post-8291","1":"product","2":"type-product","3":"status-publish","4":"has-post-thumbnail","6":"product_cat-webbing-sling","7":"desktop-align-left","8":"tablet-align-left","9":"mobile-align-left","10":"ast-product-gallery-layout-horizontal-slider","11":"ast-product-gallery-with-no-image","12":"ast-product-tabs-layout-horizontal","14":"first","15":"instock","16":"shipping-taxable","17":"purchasable","18":"product-type-simple"},"yoast_head":"<!-- This site is optimized with the Yoast SEO plugin v25.2 - https:\/\/yoast.com\/wordpress\/plugins\/seo\/ -->\n<title>Flat Webbing Sling 10 Ton Polyester Double Duplex<\/title>\n<meta name=\"robots\" content=\"index, follow, max-snippet:-1, max-image-preview:large, max-video-preview:-1\" \/>\n<link rel=\"canonical\" href=\"https:\/\/qingdaohf.com\/lt\/produktas\/dirzu-stropas-10-tonu\/\" \/>\n<meta property=\"og:locale\" content=\"lt_LT\" \/>\n<meta property=\"og:type\" content=\"article\" \/>\n<meta property=\"og:title\" content=\"Flat Webbing Sling 10 Ton Polyester Double Duplex\" \/>\n<meta property=\"og:description\" content=\"10-Ton Webbing Sling is built for heavy-duty lifting, designed to meet the stringent demands of industries where secure, high-capacity lifting is essential. This durable sling handles up to 10 tons, addressing buyers&#039; primary concerns about strength, safety, and reliability. As an experienced B2B trading company, Qingdao H&amp;F provides one-on-one customer support, fast delivery, and comprehensive quality inspection reports, ensuring a smooth buying experience that prioritizes transparency and customer satisfaction.\" \/>\n<meta property=\"og:url\" content=\"https:\/\/qingdaohf.com\/lt\/produktas\/dirzu-stropas-10-tonu\/\" \/>\n<meta property=\"og:site_name\" content=\"Concrete Form &amp; Rigging Hardware Supplier\" \/>\n<meta property=\"article:publisher\" content=\"https:\/\/www.facebook.com\/qingdaohf\" \/>\n<meta property=\"article:modified_time\" content=\"2025-11-13T01:02:52+00:00\" \/>\n<meta property=\"og:image\" content=\"https:\/\/qingdaohf.com\/wp-content\/uploads\/2024\/10\/10-tons_1.webp\" \/>\n\t<meta property=\"og:image:width\" content=\"1000\" \/>\n\t<meta property=\"og:image:height\" content=\"1000\" \/>\n\t<meta property=\"og:image:type\" content=\"image\/webp\" \/>\n<meta name=\"twitter:card\" content=\"summary_large_image\" \/>\n<meta name=\"twitter:label1\" content=\"Est. reading time\" \/>\n\t<meta name=\"twitter:data1\" content=\"3 minut\u0117s\" \/>\n<script type=\"application\/ld+json\" class=\"yoast-schema-graph\">{\"@context\":\"https:\/\/schema.org\",\"@graph\":[{\"@type\":\"WebPage\",\"@id\":\"https:\/\/qingdaohf.com\/product\/webbing-sling-10-ton\/\",\"url\":\"https:\/\/qingdaohf.com\/product\/webbing-sling-10-ton\/\",\"name\":\"Flat Webbing Sling 10 Ton Polyester Double Duplex\",\"isPartOf\":{\"@id\":\"https:\/\/qingdaohf.com\/bg\/#website\"},\"primaryImageOfPage\":{\"@id\":\"https:\/\/qingdaohf.com\/product\/webbing-sling-10-ton\/#primaryimage\"},\"image\":{\"@id\":\"https:\/\/qingdaohf.com\/product\/webbing-sling-10-ton\/#primaryimage\"},\"thumbnailUrl\":\"https:\/\/qingdaohf.com\/wp-content\/uploads\/2024\/10\/10-tons_1.webp\",\"datePublished\":\"2024-11-05T09:59:58+00:00\",\"dateModified\":\"2025-11-13T01:02:52+00:00\",\"breadcrumb\":{\"@id\":\"https:\/\/qingdaohf.com\/product\/webbing-sling-10-ton\/#breadcrumb\"},\"inLanguage\":\"lt-LT\",\"potentialAction\":[{\"@type\":\"ReadAction\",\"target\":[\"https:\/\/qingdaohf.com\/product\/webbing-sling-10-ton\/\"]}]},{\"@type\":\"ImageObject\",\"inLanguage\":\"lt-LT\",\"@id\":\"https:\/\/qingdaohf.com\/product\/webbing-sling-10-ton\/#primaryimage\",\"url\":\"https:\/\/qingdaohf.com\/wp-content\/uploads\/2024\/10\/10-tons_1.webp\",\"contentUrl\":\"https:\/\/qingdaohf.com\/wp-content\/uploads\/2024\/10\/10-tons_1.webp\",\"width\":1000,\"height\":1000,\"caption\":\"Webbing Sling 10 Ton\"},{\"@type\":\"BreadcrumbList\",\"@id\":\"https:\/\/qingdaohf.com\/product\/webbing-sling-10-ton\/#breadcrumb\",\"itemListElement\":[{\"@type\":\"ListItem\",\"position\":1,\"name\":\"Home\",\"item\":\"https:\/\/qingdaohf.com\/\"},{\"@type\":\"ListItem\",\"position\":2,\"name\":\"Concrete Forming Accessories and Rigging Hardware\",\"item\":\"https:\/\/qingdaohf.com\/bg\/?page_id=944\"},{\"@type\":\"ListItem\",\"position\":3,\"name\":\"Flat Webbing Sling 10 Ton Polyester Double Duplex\"}]},{\"@type\":\"WebSite\",\"@id\":\"https:\/\/qingdaohf.com\/bg\/#website\",\"url\":\"https:\/\/qingdaohf.com\/bg\/\",\"name\":\"Concrete Form & Rigging Hardware Supplier\",\"description\":\"\",\"publisher\":{\"@id\":\"https:\/\/qingdaohf.com\/bg\/#organization\"},\"potentialAction\":[{\"@type\":\"SearchAction\",\"target\":{\"@type\":\"EntryPoint\",\"urlTemplate\":\"https:\/\/qingdaohf.com\/bg\/?s={search_term_string}\"},\"query-input\":{\"@type\":\"PropertyValueSpecification\",\"valueRequired\":true,\"valueName\":\"search_term_string\"}}],\"inLanguage\":\"lt-LT\"},{\"@type\":\"Organization\",\"@id\":\"https:\/\/qingdaohf.com\/bg\/#organization\",\"name\":\"Qingdao H&F\",\"url\":\"https:\/\/qingdaohf.com\/bg\/\",\"logo\":{\"@type\":\"ImageObject\",\"inLanguage\":\"lt-LT\",\"@id\":\"https:\/\/qingdaohf.com\/bg\/#\/schema\/logo\/image\/\",\"url\":\"https:\/\/qingdaohf.com\/wp-content\/uploads\/2022\/12\/cropped-HF-LOGO.png\",\"contentUrl\":\"https:\/\/qingdaohf.com\/wp-content\/uploads\/2022\/12\/cropped-HF-LOGO.png\",\"width\":391,\"height\":249,\"caption\":\"Qingdao H&F\"},\"image\":{\"@id\":\"https:\/\/qingdaohf.com\/bg\/#\/schema\/logo\/image\/\"},\"sameAs\":[\"https:\/\/www.facebook.com\/qingdaohf\"]}]}<\/script>\n<!-- \/ Yoast SEO plugin. -->","yoast_head_json":{"title":"Flat Webbing Sling 10 Ton Polyester Double Duplex","robots":{"index":"index","follow":"follow","max-snippet":"max-snippet:-1","max-image-preview":"max-image-preview:large","max-video-preview":"max-video-preview:-1"},"canonical":"https:\/\/qingdaohf.com\/lt\/produktas\/dirzu-stropas-10-tonu\/","og_locale":"lt_LT","og_type":"article","og_title":"Flat Webbing Sling 10 Ton Polyester Double Duplex","og_description":"10-Ton Webbing Sling is built for heavy-duty lifting, designed to meet the stringent demands of industries where secure, high-capacity lifting is essential. This durable sling handles up to 10 tons, addressing buyers' primary concerns about strength, safety, and reliability. As an experienced B2B trading company, Qingdao H&amp;F provides one-on-one customer support, fast delivery, and comprehensive quality inspection reports, ensuring a smooth buying experience that prioritizes transparency and customer satisfaction.","og_url":"https:\/\/qingdaohf.com\/lt\/produktas\/dirzu-stropas-10-tonu\/","og_site_name":"Concrete Form &amp; Rigging Hardware Supplier","article_publisher":"https:\/\/www.facebook.com\/qingdaohf","article_modified_time":"2025-11-13T01:02:52+00:00","og_image":[{"width":1000,"height":1000,"url":"https:\/\/qingdaohf.com\/wp-content\/uploads\/2024\/10\/10-tons_1.webp","type":"image\/webp"}],"twitter_card":"summary_large_image","twitter_misc":{"Est. reading time":"3 minut\u0117s"},"schema":{"@context":"https:\/\/schema.org","@graph":[{"@type":"WebPage","@id":"https:\/\/qingdaohf.com\/product\/webbing-sling-10-ton\/","url":"https:\/\/qingdaohf.com\/product\/webbing-sling-10-ton\/","name":"Flat Webbing Sling 10 Ton Polyester Double Duplex","isPartOf":{"@id":"https:\/\/qingdaohf.com\/bg\/#website"},"primaryImageOfPage":{"@id":"https:\/\/qingdaohf.com\/product\/webbing-sling-10-ton\/#primaryimage"},"image":{"@id":"https:\/\/qingdaohf.com\/product\/webbing-sling-10-ton\/#primaryimage"},"thumbnailUrl":"https:\/\/qingdaohf.com\/wp-content\/uploads\/2024\/10\/10-tons_1.webp","datePublished":"2024-11-05T09:59:58+00:00","dateModified":"2025-11-13T01:02:52+00:00","breadcrumb":{"@id":"https:\/\/qingdaohf.com\/product\/webbing-sling-10-ton\/#breadcrumb"},"inLanguage":"lt-LT","potentialAction":[{"@type":"ReadAction","target":["https:\/\/qingdaohf.com\/product\/webbing-sling-10-ton\/"]}]},{"@type":"ImageObject","inLanguage":"lt-LT","@id":"https:\/\/qingdaohf.com\/product\/webbing-sling-10-ton\/#primaryimage","url":"https:\/\/qingdaohf.com\/wp-content\/uploads\/2024\/10\/10-tons_1.webp","contentUrl":"https:\/\/qingdaohf.com\/wp-content\/uploads\/2024\/10\/10-tons_1.webp","width":1000,"height":1000,"caption":"Webbing Sling 10 Ton"},{"@type":"BreadcrumbList","@id":"https:\/\/qingdaohf.com\/product\/webbing-sling-10-ton\/#breadcrumb","itemListElement":[{"@type":"ListItem","position":1,"name":"Home","item":"https:\/\/qingdaohf.com\/"},{"@type":"ListItem","position":2,"name":"Concrete Forming Accessories and Rigging Hardware","item":"https:\/\/qingdaohf.com\/bg\/?page_id=944"},{"@type":"ListItem","position":3,"name":"Flat Webbing Sling 10 Ton Polyester Double Duplex"}]},{"@type":"WebSite","@id":"https:\/\/qingdaohf.com\/bg\/#website","url":"https:\/\/qingdaohf.com\/bg\/","name":"Concrete Form & Rigging Hardware Supplier","description":"","publisher":{"@id":"https:\/\/qingdaohf.com\/bg\/#organization"},"potentialAction":[{"@type":"SearchAction","target":{"@type":"EntryPoint","urlTemplate":"https:\/\/qingdaohf.com\/bg\/?s={search_term_string}"},"query-input":{"@type":"PropertyValueSpecification","valueRequired":true,"valueName":"search_term_string"}}],"inLanguage":"lt-LT"},{"@type":"Organization","@id":"https:\/\/qingdaohf.com\/bg\/#organization","name":"Qingdao H&F","url":"https:\/\/qingdaohf.com\/bg\/","logo":{"@type":"ImageObject","inLanguage":"lt-LT","@id":"https:\/\/qingdaohf.com\/bg\/#\/schema\/logo\/image\/","url":"https:\/\/qingdaohf.com\/wp-content\/uploads\/2022\/12\/cropped-HF-LOGO.png","contentUrl":"https:\/\/qingdaohf.com\/wp-content\/uploads\/2022\/12\/cropped-HF-LOGO.png","width":391,"height":249,"caption":"Qingdao H&F"},"image":{"@id":"https:\/\/qingdaohf.com\/bg\/#\/schema\/logo\/image\/"},"sameAs":["https:\/\/www.facebook.com\/qingdaohf"]}]}},"_links":{"self":[{"href":"https:\/\/qingdaohf.com\/lt\/wp-json\/wp\/v2\/product\/8291","targetHints":{"allow":["GET"]}}],"collection":[{"href":"https:\/\/qingdaohf.com\/lt\/wp-json\/wp\/v2\/product"}],"about":[{"href":"https:\/\/qingdaohf.com\/lt\/wp-json\/wp\/v2\/types\/product"}],"replies":[{"embeddable":true,"href":"https:\/\/qingdaohf.com\/lt\/wp-json\/wp\/v2\/comments?post=8291"}],"version-history":[{"count":2,"href":"https:\/\/qingdaohf.com\/lt\/wp-json\/wp\/v2\/product\/8291\/revisions"}],"predecessor-version":[{"id":8333,"href":"https:\/\/qingdaohf.com\/lt\/wp-json\/wp\/v2\/product\/8291\/revisions\/8333"}],"wp:featuredmedia":[{"embeddable":true,"href":"https:\/\/qingdaohf.com\/lt\/wp-json\/wp\/v2\/media\/8192"}],"wp:attachment":[{"href":"https:\/\/qingdaohf.com\/lt\/wp-json\/wp\/v2\/media?parent=8291"}],"wp:term":[{"taxonomy":"product_brand","embeddable":true,"href":"https:\/\/qingdaohf.com\/lt\/wp-json\/wp\/v2\/product_brand?post=8291"},{"taxonomy":"product_cat","embeddable":true,"href":"https:\/\/qingdaohf.com\/lt\/wp-json\/wp\/v2\/product_cat?post=8291"},{"taxonomy":"product_tag","embeddable":true,"href":"https:\/\/qingdaohf.com\/lt\/wp-json\/wp\/v2\/product_tag?post=8291"}],"curies":[{"name":"wp","href":"https:\/\/api.w.org\/{rel}","templated":true}]}}