{"id":8310,"date":"2024-11-07T14:33:56","date_gmt":"2024-11-07T06:33:56","guid":{"rendered":"http:\/\/qingdaohf.com\/?post_type=product&#038;p=8310"},"modified":"2025-11-13T09:02:52","modified_gmt":"2025-11-13T01:02:52","slug":"spek-anchor-stockless-anchor","status":"publish","type":"product","link":"https:\/\/qingdaohf.com\/lt\/produktas\/spek-inkaras-be-atsargu\/","title":{"rendered":"\"Spek Anchor\" inkaras be atsarg\u0173"},"content":{"rendered":"<h3>\"Spek\" inkar\u0173 ap\u017evalga ir unikali konstrukcija<\/h3>\n<p>\"Spek\" inkaras yra pla\u010diai paplit\u0119s inkar\u0173 tipas, naudojamas j\u016br\u0173 ir atviroje j\u016broje, pasirinktas d\u0117l i\u0161skirtinio dizaino, kuris pabr\u0117\u017eia stabilum\u0105 ir ilgaam\u017ei\u0161kum\u0105. B\u016bdamas vienas i\u0161 tradici\u0161kesni\u0173 inkar\u0173 tip\u0173, \"Spek\" inkaras u\u017esitarnavo ger\u0105 vard\u0105 d\u0117l savo efektyvumo \u012fvairiomis j\u016bros s\u0105lygomis, vis\u0173 pirma d\u0117l geb\u0117jimo greitai \u012fsitvirtinti \u012fvairiuose j\u016bros dugnuose. Palyginti su kitais inkarais, \"Spek\" inkaro konstrukcija leid\u017eia greitai \u012fsitvirtinti i\u0161leidus inkar\u0105, o \u0161i savyb\u0117 labai pageidautina laivams, kuriems reikia patikimos laikomosios galios be ilgesni\u0173 inkaravimo proced\u016br\u0173.<\/p>\n<p>\u0160io tipo inkarai turi specialiai suprojektuot\u0105 plunksn\u0105 ir kot\u0105, kurie yra optimizuoti taip, kad atlaikyt\u0173 sukimosi j\u0117gas, atsirandan\u010dias d\u0117l vandens jud\u0117jimo poky\u010di\u0173. \u0160i unikali forma ne tik suma\u017eina vilkim\u0105, bet ir i\u0161laiko stabilum\u0105 staigi\u0173 srov\u0117s pasikeitim\u0173 metu, tod\u0117l laiv\u0173 operatoriai, kuriems svarbi pastovi laikymo galia, gali b\u016bti ram\u016bs. \"Spek\" inkaro geometrija pasi\u017eymi pla\u010diu laivapriekio kampu ir pasvirusiu kotu, kuris padeda i\u0161laikyti palank\u0173 \u012f\u0117jimo \u012f j\u016bros dugn\u0105 kamp\u0105. D\u0117l \u0161ios savyb\u0117s inkaras greitai \u012fsitvirtina ir tvirtinasi sm\u0117l\u0117tame ar dumbl\u0117tame dugne, tod\u0117l jis yra universalus \u012fvairiose j\u016brin\u0117se aplinkose.<\/p>\n<p>\"Qingdao H&amp;F\" tiekia \"Spek\" inkarus, atitinkan\u010dius \u0161iuos svarbiausius eksploatacinius standartus, ir kartu didina klient\u0173 patogum\u0105, teikdama papildom\u0105 pagalb\u0105 ir u\u017etikrindama kokyb\u0119. Teikiame \u012fvairias kokyb\u0117s tikrinimo ataskaitas, kad patvirtintume kiekvieno inkaro strukt\u016brin\u012f vientisum\u0105 ir eksploatacines savybes, taip u\u017etikrindami atitikt\u012f grie\u017etoms j\u016br\u0173 saugumo taisykl\u0117ms. Si\u016blydami individual\u0173 klient\u0173 aptarnavim\u0105, padedame pirk\u0117jams i\u0161sirinkti optimalaus dyd\u017eio ir tipo inkarus, tinkamus konkre\u010dioms reikm\u0117ms. M\u016bs\u0173 patikimas ir greitas pristatymo procesas taip pat u\u017etikrina, kad klientai gaut\u0173 gaminius laiku, taip suma\u017einant galim\u0105 operacij\u0173 v\u0117lavim\u0105.<\/p>\n<p><img fetchpriority=\"high\" decoding=\"async\" class=\"alignnone wp-image-8317 size-full\" src=\"http:\/\/qingdaohf.com\/wp-content\/uploads\/2024\/11\/spek-anchor-1.jpg\" alt=\"\" width=\"640\" height=\"640\" srcset=\"https:\/\/qingdaohf.com\/wp-content\/uploads\/2024\/11\/spek-anchor-1.jpg 640w, https:\/\/qingdaohf.com\/wp-content\/uploads\/2024\/11\/spek-anchor-1-300x300.jpg 300w, https:\/\/qingdaohf.com\/wp-content\/uploads\/2024\/11\/spek-anchor-1-150x150.jpg 150w, https:\/\/qingdaohf.com\/wp-content\/uploads\/2024\/11\/spek-anchor-1-12x12.jpg 12w, https:\/\/qingdaohf.com\/wp-content\/uploads\/2024\/11\/spek-anchor-1-500x500.jpg 500w, https:\/\/qingdaohf.com\/wp-content\/uploads\/2024\/11\/spek-anchor-1-100x100.jpg 100w\" sizes=\"(max-width: 640px) 100vw, 640px\" \/> <img decoding=\"async\" class=\"alignnone wp-image-8318 size-full\" src=\"http:\/\/qingdaohf.com\/wp-content\/uploads\/2024\/11\/spek-anchor-1.png\" alt=\"\" width=\"598\" height=\"727\" srcset=\"https:\/\/qingdaohf.com\/wp-content\/uploads\/2024\/11\/spek-anchor-1.png 598w, https:\/\/qingdaohf.com\/wp-content\/uploads\/2024\/11\/spek-anchor-1-247x300.png 247w, https:\/\/qingdaohf.com\/wp-content\/uploads\/2024\/11\/spek-anchor-1-10x12.png 10w\" sizes=\"(max-width: 598px) 100vw, 598px\" \/><\/p>\n<h3>\"Spek\" inkar\u0173 taikymas ir universalumas \u012fvairiose j\u016br\u0173 aplinkose<\/h3>\n<p>\"Spek\" inkaras da\u017enai pasirenkamas komerciniams laivams, j\u016brin\u0117ms platformoms ir kitiems dideliems laivams d\u0117l savo \u012fsp\u016bdingos laikomosios galios ir pritaikomumo. Inkaras ypa\u010d veiksmingas didesniems laivams, kuriuose saugus \u0161vartavimas yra labai svarbus stabilumui i\u0161laikyti ilgesn\u012f laik\u0105. Esant vidutinio sunkumo ar sunkiai j\u016brai, \"Spek\" inkaras yra prana\u0161esnis d\u0117l savo atsparumo \u0161oniniams judesiams ir geb\u0117jimo tvirtai laikytis net kintan\u010diose srov\u0117se. D\u0117l \u0161i\u0173 savybi\u0173 \u0161is inkaras pasirenkamas tais atvejais, kai, nepaisant nenusp\u0117jam\u0173 aplinkos s\u0105lyg\u0173, reikia saugiai \u012fsitvirtinti.<\/p>\n<p>J\u016br\u0173 ir atviroje j\u016broje dirbantiems pirk\u0117jams svarbiausi kriterijai yra ilgaam\u017ei\u0161kumas, paprastas diegimas ir ekonomi\u0161kumas. \"Spek\" inkaro konstrukcija ne tik palengvina naudojim\u0105, bet ir suma\u017eina inkaro grandin\u0117s ir susijusios \u012frangos nusid\u0117v\u0117jim\u0105, nes suma\u017eina staigius sukr\u0117timus ar tempim\u0105, kurie gali atsirasti naudojant ma\u017eiau stabilius inkarus. Laivams, plaukiojantiems regionuose su sm\u0117l\u0117tu, dumblinu ar net uol\u0117tu j\u016bros dugnu, naudingas greitas ir patikimas \"Spek Anchor\" inkaro nustatymas, nes jis gerai prisitaiko prie \u012fvairi\u0173 pavir\u0161iaus tip\u0173.<\/p>\n<p>\"Qingdao H&amp;F\" pabr\u0117\u017eiame, kad si\u016blome gaminius, kurie atitinka \u0161iuos veiklos poreikius, taip pat si\u016blome privalumus, kurie pagerina pirkimo patirt\u012f. M\u016bs\u0173 \u012fsipareigojimas u\u017etikrinti greit\u0105 pristatymo cikl\u0105 u\u017etikrina, kad klientai gal\u0117t\u0173 greitai integruoti nauj\u0105 \u012frang\u0105 be ilgesni\u0173 laukimo laikotarpi\u0173. Be to, atliekame i\u0161samius kiekvieno \"Spek\" inkaro bandymus, pateikiame i\u0161samias patikros ataskaitas, patvirtinan\u010dias inkaro patvarum\u0105, svor\u012f ir eksploatacinius parametrus. Toks kokyb\u0117s kontrol\u0117s lygis ypa\u010d svarbus pirk\u0117jams, kurie privalo laikytis j\u016br\u0173 saugumo standart\u0173 ir kuriems reikia ai\u0161ki\u0173 dokument\u0173, patvirtinan\u010di\u0173 \u012frangos patikimum\u0105.<\/p>\n<h3>\"Spek\" inkar\u0173 i\u0161 \"Qingdao H&amp;F\" pasirinkimo privalumai<\/h3>\n<p>Pasirinkti \"Spek\" inkar\u0105 i\u0161 \"Qingdao H&amp;F\" rei\u0161kia investuoti ne tik \u012f gamin\u012f, bet ir \u012f patikim\u0105 partner\u012f \u012fsigyjant laiv\u0173 \u012frang\u0105. Tur\u0117dama daugiau nei 20 met\u0173 tarptautin\u0117s prekybos patirt\u012f, Qingdao H&amp;F u\u017esitarnavo patikimumo ir klient\u0173 pasitenkinimo reputacij\u0105. Suprantame j\u016br\u0173 pramon\u0117s veiklos reikalavimus ir siekiame juos patenkinti u\u017etikrindami, kad kiekvienas inkaras ne tik atitikt\u0173 grie\u017etus kokyb\u0117s standartus, bet ir konkre\u010dius klient\u0173 taikomuosius reikalavimus.<\/p>\n<p>M\u016bs\u0173 individualus klient\u0173 aptarnavimo modelis i\u0161skiria mus i\u0161 kit\u0173 tiek\u0117j\u0173, nes skatina individual\u0173 po\u017ei\u016br\u012f \u012f kiekvien\u0105 sandor\u012f. Nuo pirmin\u0117s u\u017eklausos iki pristatymo klientai sulaukia m\u016bs\u0173 kompetenting\u0173 darbuotoj\u0173 pagalbos, kurie teikia rekomendacijas remdamiesi pramon\u0117s standartais ir specifiniais taikymo reikalavimais. Pavyzd\u017eiui, patariame, kaip pasirinkti tinkam\u0105 \"Spek Anchor\" svor\u012f ir dyd\u012f, atsi\u017evelgiant \u012f laivo tip\u0105 ir tipines j\u016bros s\u0105lygas, u\u017etikrindami, kad klientai priimt\u0173 pagr\u012fstus sprendimus, didinan\u010dius veiklos saug\u0105 ir efektyvum\u0105.<\/p>\n<p>M\u016bs\u0173 \u012fsipareigojim\u0105 u\u017etikrinti skaidrum\u0105 dar labiau pabr\u0117\u017eia m\u016bs\u0173 platus kokyb\u0117s u\u017etikrinimo procesas. Kiekvienas \"Spek Anchor\" inkaras i\u0161samiai i\u0161bandomas, kad b\u016bt\u0173 patikrinti tokie veiksniai kaip tempimo stipris, svorio pastovumas ir atsparumas korozijai. \u0160ie bandymai dokumentuojami i\u0161samiose tikrinimo ataskaitose, kuriomis dalijam\u0117s su klientais, taip suteikdami jiems pasitik\u0117jimo gaminio ilgaam\u017ei\u0161kumu ir veikimu. Be to, m\u016bs\u0173 efektyvi logistika ir pristatymo i\u0161 sand\u0117lio \u012f sand\u0117l\u012f galimyb\u0117s leid\u017eia laiku pristatyti gamin\u012f, o tai padeda suma\u017einti klient\u0173 veiklos trukd\u017eius ir maksimaliai padidinti patogum\u0105.<\/p>\n<p>Qingdao H&amp;F d\u0117mesys aptarnavimo meistri\u0161kumui ir gamini\u0173 kokybei daro mus idealiu pasirinkimu pirk\u0117jams, ie\u0161kantiems ne tik tvirt\u0173 ir patikim\u0173 inkar\u0173, bet ir skland\u017eios pirkimo patirties.<\/p>","protected":false},"excerpt":{"rendered":"<p>\"Spek\" inkar\u0105, kuris yra pagrindinis j\u016brin\u0117s \u012frangos elementas, labai vertina pirk\u0117jai, ie\u0161kantys patikimumo ir veiksmingumo pusiausvyros \u012fvairiomis vandenyno s\u0105lygomis. \u017dinomas d\u0117l tvirtos laikymo galios ir stabilumo, \"Spek\" inkaras ypa\u010d gerai tinka laivams, plaukiojantiems vidutinio sunkumo ir audringose j\u016brose. Qingdao H&amp;F \u017eengia dar vien\u0105 \u017eingsn\u012f - teikia individualias klient\u0173 aptarnavimo paslaugas, kad kiekvienas klientas gaut\u0173 konkre\u010dius reikalavimus atitinkan\u010dias rekomendacijas. M\u016bs\u0173 greitas pristatymo ciklas suma\u017eina prastov\u0173 laik\u0105, o m\u016bs\u0173 kokyb\u0117s patikrinimo ataskait\u0173 asortimentas suteikia pirk\u0117jams papildomo pasitik\u0117jimo gaminio patikimumu ir ilgaam\u017ei\u0161kumu. J\u016br\u0173 pramon\u0117s specialistams m\u016bs\u0173 d\u0117mesys i\u0161skirtiniam aptarnavimui ir supaprastintiems procesams u\u017etikrina skland\u0173 pirkim\u0105.<\/p>","protected":false},"featured_media":8311,"comment_status":"open","ping_status":"closed","template":"","meta":{"site-sidebar-layout":"default","site-content-layout":"","ast-site-content-layout":"default","site-content-style":"default","site-sidebar-style":"default","ast-global-header-display":"","ast-banner-title-visibility":"","ast-main-header-display":"","ast-hfb-above-header-display":"","ast-hfb-below-header-display":"","ast-hfb-mobile-header-display":"","site-post-title":"","ast-breadcrumbs-content":"","ast-featured-img":"","footer-sml-layout":"","theme-transparent-header-meta":"default","adv-header-id-meta":"","stick-header-meta":"default","header-above-stick-meta":"","header-main-stick-meta":"","header-below-stick-meta":"","astra-migrate-meta-layouts":"set","ast-page-background-enabled":"default","ast-page-background-meta":{"desktop":{"background-color":"","background-image":"","background-repeat":"repeat","background-position":"center center","background-size":"auto","background-attachment":"scroll","background-type":"","background-media":"","overlay-type":"","overlay-color":"","overlay-opacity":"","overlay-gradient":""},"tablet":{"background-color":"","background-image":"","background-repeat":"repeat","background-position":"center center","background-size":"auto","background-attachment":"scroll","background-type":"","background-media":"","overlay-type":"","overlay-color":"","overlay-opacity":"","overlay-gradient":""},"mobile":{"background-color":"","background-image":"","background-repeat":"repeat","background-position":"center center","background-size":"auto","background-attachment":"scroll","background-type":"","background-media":"","overlay-type":"","overlay-color":"","overlay-opacity":"","overlay-gradient":""}},"ast-content-background-meta":{"desktop":{"background-color":"var(--ast-global-color-5)","background-image":"","background-repeat":"repeat","background-position":"center center","background-size":"auto","background-attachment":"scroll","background-type":"","background-media":"","overlay-type":"","overlay-color":"","overlay-opacity":"","overlay-gradient":""},"tablet":{"background-color":"var(--ast-global-color-5)","background-image":"","background-repeat":"repeat","background-position":"center center","background-size":"auto","background-attachment":"scroll","background-type":"","background-media":"","overlay-type":"","overlay-color":"","overlay-opacity":"","overlay-gradient":""},"mobile":{"background-color":"var(--ast-global-color-5)","background-image":"","background-repeat":"repeat","background-position":"center center","background-size":"auto","background-attachment":"scroll","background-type":"","background-media":"","overlay-type":"","overlay-color":"","overlay-opacity":"","overlay-gradient":""}}},"product_brand":[],"product_cat":[74],"product_tag":[],"class_list":{"0":"post-8310","1":"product","2":"type-product","3":"status-publish","4":"has-post-thumbnail","6":"product_cat-boat-anchor","7":"desktop-align-left","8":"tablet-align-left","9":"mobile-align-left","10":"ast-product-gallery-layout-horizontal-slider","11":"ast-product-tabs-layout-horizontal","13":"first","14":"instock","15":"shipping-taxable","16":"purchasable","17":"product-type-simple"},"yoast_head":"<!-- This site is optimized with the Yoast SEO plugin v25.2 - https:\/\/yoast.com\/wordpress\/plugins\/seo\/ -->\n<title>Spek Anchor Stockless Anchor<\/title>\n<meta name=\"robots\" content=\"index, follow, max-snippet:-1, max-image-preview:large, max-video-preview:-1\" \/>\n<link rel=\"canonical\" href=\"https:\/\/qingdaohf.com\/lt\/produktas\/spek-inkaras-be-atsargu\/\" \/>\n<meta property=\"og:locale\" content=\"lt_LT\" \/>\n<meta property=\"og:type\" content=\"article\" \/>\n<meta property=\"og:title\" content=\"Spek Anchor Stockless Anchor\" \/>\n<meta property=\"og:description\" content=\"The Spek Anchor, a staple in marine applications, is highly valued by buyers seeking a balance of reliability and efficient performance in diverse ocean conditions. Known for its robust holding power and stability, the Spek Anchor is particularly well-suited for vessels in moderate to rough seas. At Qingdao H&amp;F, we go a step further by providing one-on-one customer service to ensure each client receives guidance tailored to their specific requirements. Our fast delivery cycle reduces downtime, while our range of quality inspection reports offers buyers added confidence in product reliability and durability. For marine industry professionals, our focus on exceptional service and streamlined processes ensures a seamless purchasing experience.\" \/>\n<meta property=\"og:url\" content=\"https:\/\/qingdaohf.com\/lt\/produktas\/spek-inkaras-be-atsargu\/\" \/>\n<meta property=\"og:site_name\" content=\"Concrete Form &amp; Rigging Hardware Supplier\" \/>\n<meta property=\"article:publisher\" content=\"https:\/\/www.facebook.com\/qingdaohf\" \/>\n<meta property=\"article:modified_time\" content=\"2025-11-13T01:02:52+00:00\" \/>\n<meta property=\"og:image\" content=\"https:\/\/qingdaohf.com\/wp-content\/uploads\/2024\/11\/spek-anchor.jpg\" \/>\n\t<meta property=\"og:image:width\" content=\"1000\" \/>\n\t<meta property=\"og:image:height\" content=\"1000\" \/>\n\t<meta property=\"og:image:type\" content=\"image\/jpeg\" \/>\n<meta name=\"twitter:card\" content=\"summary_large_image\" \/>\n<meta name=\"twitter:label1\" content=\"Est. reading time\" \/>\n\t<meta name=\"twitter:data1\" content=\"5 minut\u0117s\" \/>\n<script type=\"application\/ld+json\" class=\"yoast-schema-graph\">{\"@context\":\"https:\/\/schema.org\",\"@graph\":[{\"@type\":\"WebPage\",\"@id\":\"https:\/\/qingdaohf.com\/product\/spek-anchor-stockless-anchor\/\",\"url\":\"https:\/\/qingdaohf.com\/product\/spek-anchor-stockless-anchor\/\",\"name\":\"Spek Anchor Stockless Anchor\",\"isPartOf\":{\"@id\":\"https:\/\/qingdaohf.com\/bg\/#website\"},\"primaryImageOfPage\":{\"@id\":\"https:\/\/qingdaohf.com\/product\/spek-anchor-stockless-anchor\/#primaryimage\"},\"image\":{\"@id\":\"https:\/\/qingdaohf.com\/product\/spek-anchor-stockless-anchor\/#primaryimage\"},\"thumbnailUrl\":\"https:\/\/qingdaohf.com\/wp-content\/uploads\/2024\/11\/spek-anchor.jpg\",\"datePublished\":\"2024-11-07T06:33:56+00:00\",\"dateModified\":\"2025-11-13T01:02:52+00:00\",\"breadcrumb\":{\"@id\":\"https:\/\/qingdaohf.com\/product\/spek-anchor-stockless-anchor\/#breadcrumb\"},\"inLanguage\":\"lt-LT\",\"potentialAction\":[{\"@type\":\"ReadAction\",\"target\":[\"https:\/\/qingdaohf.com\/product\/spek-anchor-stockless-anchor\/\"]}]},{\"@type\":\"ImageObject\",\"inLanguage\":\"lt-LT\",\"@id\":\"https:\/\/qingdaohf.com\/product\/spek-anchor-stockless-anchor\/#primaryimage\",\"url\":\"https:\/\/qingdaohf.com\/wp-content\/uploads\/2024\/11\/spek-anchor.jpg\",\"contentUrl\":\"https:\/\/qingdaohf.com\/wp-content\/uploads\/2024\/11\/spek-anchor.jpg\",\"width\":1000,\"height\":1000,\"caption\":\"spek anchor\"},{\"@type\":\"BreadcrumbList\",\"@id\":\"https:\/\/qingdaohf.com\/product\/spek-anchor-stockless-anchor\/#breadcrumb\",\"itemListElement\":[{\"@type\":\"ListItem\",\"position\":1,\"name\":\"Home\",\"item\":\"https:\/\/qingdaohf.com\/\"},{\"@type\":\"ListItem\",\"position\":2,\"name\":\"Concrete Forming Accessories and Rigging Hardware\",\"item\":\"https:\/\/qingdaohf.com\/bg\/?page_id=944\"},{\"@type\":\"ListItem\",\"position\":3,\"name\":\"Spek Anchor Stockless Anchor\"}]},{\"@type\":\"WebSite\",\"@id\":\"https:\/\/qingdaohf.com\/bg\/#website\",\"url\":\"https:\/\/qingdaohf.com\/bg\/\",\"name\":\"Concrete Form & Rigging Hardware Supplier\",\"description\":\"\",\"publisher\":{\"@id\":\"https:\/\/qingdaohf.com\/bg\/#organization\"},\"potentialAction\":[{\"@type\":\"SearchAction\",\"target\":{\"@type\":\"EntryPoint\",\"urlTemplate\":\"https:\/\/qingdaohf.com\/bg\/?s={search_term_string}\"},\"query-input\":{\"@type\":\"PropertyValueSpecification\",\"valueRequired\":true,\"valueName\":\"search_term_string\"}}],\"inLanguage\":\"lt-LT\"},{\"@type\":\"Organization\",\"@id\":\"https:\/\/qingdaohf.com\/bg\/#organization\",\"name\":\"Qingdao H&F\",\"url\":\"https:\/\/qingdaohf.com\/bg\/\",\"logo\":{\"@type\":\"ImageObject\",\"inLanguage\":\"lt-LT\",\"@id\":\"https:\/\/qingdaohf.com\/bg\/#\/schema\/logo\/image\/\",\"url\":\"https:\/\/qingdaohf.com\/wp-content\/uploads\/2022\/12\/cropped-HF-LOGO.png\",\"contentUrl\":\"https:\/\/qingdaohf.com\/wp-content\/uploads\/2022\/12\/cropped-HF-LOGO.png\",\"width\":391,\"height\":249,\"caption\":\"Qingdao H&F\"},\"image\":{\"@id\":\"https:\/\/qingdaohf.com\/bg\/#\/schema\/logo\/image\/\"},\"sameAs\":[\"https:\/\/www.facebook.com\/qingdaohf\"]}]}<\/script>\n<!-- \/ Yoast SEO plugin. -->","yoast_head_json":{"title":"Spek Anchor Stockless Anchor","robots":{"index":"index","follow":"follow","max-snippet":"max-snippet:-1","max-image-preview":"max-image-preview:large","max-video-preview":"max-video-preview:-1"},"canonical":"https:\/\/qingdaohf.com\/lt\/produktas\/spek-inkaras-be-atsargu\/","og_locale":"lt_LT","og_type":"article","og_title":"Spek Anchor Stockless Anchor","og_description":"The Spek Anchor, a staple in marine applications, is highly valued by buyers seeking a balance of reliability and efficient performance in diverse ocean conditions. Known for its robust holding power and stability, the Spek Anchor is particularly well-suited for vessels in moderate to rough seas. At Qingdao H&amp;F, we go a step further by providing one-on-one customer service to ensure each client receives guidance tailored to their specific requirements. Our fast delivery cycle reduces downtime, while our range of quality inspection reports offers buyers added confidence in product reliability and durability. For marine industry professionals, our focus on exceptional service and streamlined processes ensures a seamless purchasing experience.","og_url":"https:\/\/qingdaohf.com\/lt\/produktas\/spek-inkaras-be-atsargu\/","og_site_name":"Concrete Form &amp; Rigging Hardware Supplier","article_publisher":"https:\/\/www.facebook.com\/qingdaohf","article_modified_time":"2025-11-13T01:02:52+00:00","og_image":[{"width":1000,"height":1000,"url":"https:\/\/qingdaohf.com\/wp-content\/uploads\/2024\/11\/spek-anchor.jpg","type":"image\/jpeg"}],"twitter_card":"summary_large_image","twitter_misc":{"Est. reading time":"5 minut\u0117s"},"schema":{"@context":"https:\/\/schema.org","@graph":[{"@type":"WebPage","@id":"https:\/\/qingdaohf.com\/product\/spek-anchor-stockless-anchor\/","url":"https:\/\/qingdaohf.com\/product\/spek-anchor-stockless-anchor\/","name":"Spek Anchor Stockless Anchor","isPartOf":{"@id":"https:\/\/qingdaohf.com\/bg\/#website"},"primaryImageOfPage":{"@id":"https:\/\/qingdaohf.com\/product\/spek-anchor-stockless-anchor\/#primaryimage"},"image":{"@id":"https:\/\/qingdaohf.com\/product\/spek-anchor-stockless-anchor\/#primaryimage"},"thumbnailUrl":"https:\/\/qingdaohf.com\/wp-content\/uploads\/2024\/11\/spek-anchor.jpg","datePublished":"2024-11-07T06:33:56+00:00","dateModified":"2025-11-13T01:02:52+00:00","breadcrumb":{"@id":"https:\/\/qingdaohf.com\/product\/spek-anchor-stockless-anchor\/#breadcrumb"},"inLanguage":"lt-LT","potentialAction":[{"@type":"ReadAction","target":["https:\/\/qingdaohf.com\/product\/spek-anchor-stockless-anchor\/"]}]},{"@type":"ImageObject","inLanguage":"lt-LT","@id":"https:\/\/qingdaohf.com\/product\/spek-anchor-stockless-anchor\/#primaryimage","url":"https:\/\/qingdaohf.com\/wp-content\/uploads\/2024\/11\/spek-anchor.jpg","contentUrl":"https:\/\/qingdaohf.com\/wp-content\/uploads\/2024\/11\/spek-anchor.jpg","width":1000,"height":1000,"caption":"spek anchor"},{"@type":"BreadcrumbList","@id":"https:\/\/qingdaohf.com\/product\/spek-anchor-stockless-anchor\/#breadcrumb","itemListElement":[{"@type":"ListItem","position":1,"name":"Home","item":"https:\/\/qingdaohf.com\/"},{"@type":"ListItem","position":2,"name":"Concrete Forming Accessories and Rigging Hardware","item":"https:\/\/qingdaohf.com\/bg\/?page_id=944"},{"@type":"ListItem","position":3,"name":"Spek Anchor Stockless Anchor"}]},{"@type":"WebSite","@id":"https:\/\/qingdaohf.com\/bg\/#website","url":"https:\/\/qingdaohf.com\/bg\/","name":"Concrete Form & Rigging Hardware Supplier","description":"","publisher":{"@id":"https:\/\/qingdaohf.com\/bg\/#organization"},"potentialAction":[{"@type":"SearchAction","target":{"@type":"EntryPoint","urlTemplate":"https:\/\/qingdaohf.com\/bg\/?s={search_term_string}"},"query-input":{"@type":"PropertyValueSpecification","valueRequired":true,"valueName":"search_term_string"}}],"inLanguage":"lt-LT"},{"@type":"Organization","@id":"https:\/\/qingdaohf.com\/bg\/#organization","name":"Qingdao H&F","url":"https:\/\/qingdaohf.com\/bg\/","logo":{"@type":"ImageObject","inLanguage":"lt-LT","@id":"https:\/\/qingdaohf.com\/bg\/#\/schema\/logo\/image\/","url":"https:\/\/qingdaohf.com\/wp-content\/uploads\/2022\/12\/cropped-HF-LOGO.png","contentUrl":"https:\/\/qingdaohf.com\/wp-content\/uploads\/2022\/12\/cropped-HF-LOGO.png","width":391,"height":249,"caption":"Qingdao H&F"},"image":{"@id":"https:\/\/qingdaohf.com\/bg\/#\/schema\/logo\/image\/"},"sameAs":["https:\/\/www.facebook.com\/qingdaohf"]}]}},"_links":{"self":[{"href":"https:\/\/qingdaohf.com\/lt\/wp-json\/wp\/v2\/product\/8310","targetHints":{"allow":["GET"]}}],"collection":[{"href":"https:\/\/qingdaohf.com\/lt\/wp-json\/wp\/v2\/product"}],"about":[{"href":"https:\/\/qingdaohf.com\/lt\/wp-json\/wp\/v2\/types\/product"}],"replies":[{"embeddable":true,"href":"https:\/\/qingdaohf.com\/lt\/wp-json\/wp\/v2\/comments?post=8310"}],"version-history":[{"count":1,"href":"https:\/\/qingdaohf.com\/lt\/wp-json\/wp\/v2\/product\/8310\/revisions"}],"predecessor-version":[{"id":8319,"href":"https:\/\/qingdaohf.com\/lt\/wp-json\/wp\/v2\/product\/8310\/revisions\/8319"}],"wp:featuredmedia":[{"embeddable":true,"href":"https:\/\/qingdaohf.com\/lt\/wp-json\/wp\/v2\/media\/8311"}],"wp:attachment":[{"href":"https:\/\/qingdaohf.com\/lt\/wp-json\/wp\/v2\/media?parent=8310"}],"wp:term":[{"taxonomy":"product_brand","embeddable":true,"href":"https:\/\/qingdaohf.com\/lt\/wp-json\/wp\/v2\/product_brand?post=8310"},{"taxonomy":"product_cat","embeddable":true,"href":"https:\/\/qingdaohf.com\/lt\/wp-json\/wp\/v2\/product_cat?post=8310"},{"taxonomy":"product_tag","embeddable":true,"href":"https:\/\/qingdaohf.com\/lt\/wp-json\/wp\/v2\/product_tag?post=8310"}],"curies":[{"name":"wp","href":"https:\/\/api.w.org\/{rel}","templated":true}]}}