{"id":8320,"date":"2024-11-07T14:41:32","date_gmt":"2024-11-07T06:41:32","guid":{"rendered":"http:\/\/qingdaohf.com\/?post_type=product&#038;p=8320"},"modified":"2025-11-13T09:02:52","modified_gmt":"2025-11-13T01:02:52","slug":"ac-14-anchor","status":"publish","type":"product","link":"https:\/\/qingdaohf.com\/lt\/produktas\/ac-14-inkaras\/","title":{"rendered":"AC-14 inkaras"},"content":{"rendered":"<h3>AC-14 inkaras: J\u016br\u0173 aplinkoje: universalumas, dizainas ir taikymas<\/h3>\n<p>AC-14 inkaras, gars\u0117jantis savo universalumu ir tvirta laikom\u0105ja galia, yra inkar\u0173 technologijos evoliucija, skirta padidinti stabilum\u0105 ir ilgaam\u017ei\u0161kum\u0105 \u012fvairiomis j\u016brin\u0117mis s\u0105lygomis. AC-14 inkaras nuolat u\u017etikrina patikim\u0105 veikim\u0105, tod\u0117l j\u012f renkasi \u012fvair\u016bs laivai - nuo komercini\u0173 laiv\u0173 iki j\u016brini\u0173 platform\u0173. I\u0161skirtin\u0117s geometrijos ir laikomosios galios inkaras u\u017etikrina, kad \u0161is inkaras atlaikys audringus vandenis, sm\u0117l\u0117t\u0105 ar dumblin\u0105 j\u016bros dugn\u0105 ir svyruojan\u010dius potvynius.<\/p>\n<p><img fetchpriority=\"high\" decoding=\"async\" class=\"alignnone wp-image-8321 size-full\" src=\"http:\/\/qingdaohf.com\/wp-content\/uploads\/2024\/11\/ac14.jpg\" alt=\"\" width=\"640\" height=\"640\" srcset=\"https:\/\/qingdaohf.com\/wp-content\/uploads\/2024\/11\/ac14.jpg 640w, https:\/\/qingdaohf.com\/wp-content\/uploads\/2024\/11\/ac14-300x300.jpg 300w, https:\/\/qingdaohf.com\/wp-content\/uploads\/2024\/11\/ac14-150x150.jpg 150w, https:\/\/qingdaohf.com\/wp-content\/uploads\/2024\/11\/ac14-12x12.jpg 12w, https:\/\/qingdaohf.com\/wp-content\/uploads\/2024\/11\/ac14-500x500.jpg 500w, https:\/\/qingdaohf.com\/wp-content\/uploads\/2024\/11\/ac14-100x100.jpg 100w\" sizes=\"(max-width: 640px) 100vw, 640px\" \/> <img decoding=\"async\" class=\"alignnone wp-image-8322 size-full\" src=\"http:\/\/qingdaohf.com\/wp-content\/uploads\/2024\/11\/ac-14-anchor.png\" alt=\"\" width=\"1747\" height=\"500\" srcset=\"https:\/\/qingdaohf.com\/wp-content\/uploads\/2024\/11\/ac-14-anchor.png 1747w, https:\/\/qingdaohf.com\/wp-content\/uploads\/2024\/11\/ac-14-anchor-300x86.png 300w, https:\/\/qingdaohf.com\/wp-content\/uploads\/2024\/11\/ac-14-anchor-1024x293.png 1024w, https:\/\/qingdaohf.com\/wp-content\/uploads\/2024\/11\/ac-14-anchor-768x220.png 768w, https:\/\/qingdaohf.com\/wp-content\/uploads\/2024\/11\/ac-14-anchor-1536x440.png 1536w, https:\/\/qingdaohf.com\/wp-content\/uploads\/2024\/11\/ac-14-anchor-18x5.png 18w, https:\/\/qingdaohf.com\/wp-content\/uploads\/2024\/11\/ac-14-anchor-1000x286.png 1000w\" sizes=\"(max-width: 1747px) 100vw, 1747px\" \/><\/p>\n<h4>AC-14 inkaro dizainas ir in\u017einerija<\/h4>\n<p>\"AC-14 Anchor\" konstrukcija atspindi kruop\u0161t\u0173 d\u0117mes\u012f tiek formai, tiek funkcijai. Jo aptaki konstrukcija, da\u017enai pagaminta i\u0161 auk\u0161tos kokyb\u0117s korozijai atsparaus plieno, suma\u017eina pasiprie\u0161inim\u0105 ir pagerina \u012fsiskverbim\u0105 \u012f \u012fvairios sud\u0117ties j\u016bros dugn\u0105. Konstrukcijoje yra unikalios formos ir kampo plunksnos, u\u017etikrinan\u010dios gil\u0173 \u012fsiskverbim\u0105, tod\u0117l ji tvirtai laikosi j\u016bros dugne. \u0160i savyb\u0117 ypa\u010d svarbi \u0161vartuojantis aplinkoje, kurioje yra mink\u0161tas pagrindas, pavyzd\u017eiui, sm\u0117lis ar dumblas, kai sukibimo galia yra labai svarbi, kad b\u016bt\u0173 i\u0161vengta vilkimo ar pasislinkimo.<\/p>\n<p>Be to, kompakti\u0161kas AC-14 profilis leid\u017eia lengviau laikyti laive, neprarandant laikymo j\u0117gos, o tai naudinga laivams, turintiems ma\u017eai vietos ant denio. Kaip didel\u0117s laikomosios galios (HHP) inkaras, jis dvigubai vir\u0161ija standartinio tokio pat svorio inkaro laikom\u0105j\u0105 gali\u0105, tod\u0117l nereikia per daug balasto. Toks laikymo ir svorio santykio efektyvumas yra didelis privalumas didesniems laivams, siekiantiems optimizuoti erdv\u0119 ir bendras eksploatavimo s\u0105naudas. Laivams, plaukiojantiems \u012fvairiomis j\u016bros s\u0105lygomis, AC-14 konstrukcija atitinka patikimumo ir ilgaam\u017ei\u0161kumo reikalavimus, tod\u0117l inkaras i\u0161lieka stabilus ir saugus esant kintan\u010dioms srov\u0117ms ir j\u016bros dugno tipams.<\/p>\n<h4>AC-14 inkaro privalumai praktiniame naudojime<\/h4>\n<p>Inkaras AC-14 sukurtas taip, kad u\u017etikrint\u0173 patikim\u0105 veikim\u0105 \u012fvairiose j\u016brin\u0117se aplinkose, tod\u0117l yra vertingas tiek trumpalaikiam \u0161vartavimuisi, tiek ilgalaikiam inkaravimui. Didel\u0117 jo laikomoji galia rei\u0161kia, kad juo galima veiksmingai pritvirtinti net didelius laivus, suma\u017einant dreifo rizik\u0105 audr\u0173 ar nepalanki\u0173 oro s\u0105lyg\u0173 metu. \u0160i savyb\u0117 ypa\u010d svarbi atviroje j\u016broje plaukiojantiems laivams, kai fiksuotos pad\u0117ties i\u0161laikymas yra labai svarbus saugumui ir veiklos efektyvumui.<\/p>\n<p>Vienas i\u0161 svarbiausi\u0173 AC-14 inkaro privalum\u0173 yra jo pritaikomumas prie \u012fvairi\u0173 j\u016bros dugno s\u0105lyg\u0173. Inkaras gali giliai \u012fsitvirtinti mink\u0161tesniame grunte, pavyzd\u017eiui, sm\u0117lyje ir dumble, ta\u010diau jis taip pat pasi\u017eymi \u012fsp\u016bdingu stabilumu ir tvirtesniame grunte, \u012fskaitant \u017evyru ar akmenimis nus\u0117t\u0105 j\u016bros dugn\u0105. Toks universalumas u\u017etikrina, kad laiv\u0173 nevar\u017eyt\u0173 aplinkos apribojimai, tod\u0117l AC-14 yra tinkamas pasirinkimas \u012fvairioms j\u016br\u0173 operacijoms.<\/p>\n<p>Be praktinio stabilumo, inkaro konstrukcija suma\u017eina tikimyb\u0119 pa\u017eeisti j\u016bros dugn\u0105, o tai atitinka did\u0117jant\u012f aplinkosaugin\u012f s\u0105moningum\u0105 pramon\u0117je. Kadangi tvarumui skiriama vis daugiau d\u0117mesio, AC-14 ma\u017eo poveikio profilis ir efektyvus skverbimasis suma\u017eina j\u016bros ekosistem\u0173 trikdym\u0105, o tai ypa\u010d vertinga \u012fmon\u0117ms, besilaikan\u010dioms ekologi\u0161kos praktikos.<\/p>\n<p>Pirk\u0117jams \"Qingdao H&amp;F\" didina AC-14 inkaro vert\u0119 si\u016blydama individual\u0173 klient\u0173 aptarnavim\u0105, pagreitindama pristatymo laik\u0105 ir pateikdama i\u0161samias kokyb\u0117s tikrinimo ataskaitas. Si\u016blydami visapusi\u0161k\u0105 param\u0105 ir garantijas, u\u017etikriname, kad kiekvienas pirkinys b\u016bt\u0173 investicija \u012f kokyb\u0119, saug\u0105 ir atsakomyb\u0119 u\u017e aplink\u0105. M\u016bs\u0173 \u012fsipareigojimas u\u017etikrinti greit\u0105 pristatym\u0105 ir kokyb\u0117s u\u017etikrinim\u0105 suteikia pirk\u0117jams supaprastint\u0105 patirt\u012f, kai patikimumas ir auk\u0161ti standartai i\u0161laikomi nuo u\u017esakymo iki galutinio panaudojimo.<\/p>\n<h4>AC-14 inkar\u0173 kokyb\u0117s u\u017etikrinimo ir bandymo standartai<\/h4>\n<p>Kai kalbama apie tokius svarbius komponentus, kaip inkarai, kokyb\u0117s u\u017etikrinimas negali b\u016bti kompromituojamas. Qingdao H&amp;F teikia pirmenyb\u0119 grie\u017etai kiekvieno AC-14 inkaro kokyb\u0117s kontrolei, laikydamasi tarptautini\u0173 bandym\u0173 standart\u0173, kad patikrint\u0173 laikom\u0105j\u0105 gali\u0105, med\u017eiagos vientisum\u0105 ir atsparum\u0105 korozijai. M\u016bs\u0173 i\u0161samios patikrinimo ataskaitos pirk\u0117jams suteikia galimyb\u0119 susipa\u017einti su kiekvieno inkaro na\u0161umo rodikliais, pavyzd\u017eiui, bandom\u0105ja apkrova ir med\u017eiagos analize, kurie patvirtina inkaro tinkamum\u0105 \u012fvairioms j\u016brin\u0117ms reikm\u0117ms.<\/p>\n<p>Didel\u0117 AC-14 laikomoji galia buvo patikrinta atliekant i\u0161samius apkrovos bandymus, kurie imituoja inkaro veikim\u0105 realiomis s\u0105lygomis. Pagal \u0161\u012f bandym\u0173 protokol\u0105 tiriamas inkaro ilgaam\u017ei\u0161kumas esant \u012ftempimui, tikrinant, ar jis atitinka arba vir\u0161ija pramon\u0117s standartus d\u0117l stabilumo ir atsparumo dilimui bei korozijai. Pirk\u0117jams \u0161ios ataskaitos suteikia vertingos informacijos apie inkaro patikimum\u0105, u\u017etikrina ramyb\u0119 ir sustiprina m\u016bs\u0173 \u012fsipareigojim\u0105 u\u017etikrinti saugum\u0105 ir kokyb\u0119.<\/p>\n<p>Be to, AC-14 konstrukcija leid\u017eia efektyviau sand\u0117liuoti neaukojant saugumo. Inkaro kompakti\u0161kumas ypa\u010d naudingas laivams, turintiems ribot\u0105 denio erdv\u0119, nes j\u012f galima racionaliau laikyti, i\u0161laikant reikiam\u0105 stabilum\u0105 ir laikom\u0105j\u0105 gali\u0105. Teikdama individualias klient\u0173 aptarnavimo paslaugas, \"Qingdao H&amp;F\" u\u017etikrina, kad klientai gaut\u0173 individuali\u0105 pagalb\u0105 renkantis j\u0173 laivo reikalavimus atitinkan\u010dias specifikacijas, o m\u016bs\u0173 komanda yra pasirengusi atsakyti \u012f visus techninius klausimus pirkimo proceso metu.<\/p>\n<p>M\u016bs\u0173 \u012fsipareigojimas u\u017etikrinti greit\u0105 pristatymo cikl\u0105 taip pat u\u017etikrina, kad pirk\u0117jai gali pasikliauti mumis d\u0117l savalaikio u\u017esakymo \u012fvykdymo, taip suma\u017einant bet kok\u012f galim\u0105 j\u0173 veiklos v\u0117lavim\u0105. Be to, AC-14 inkaro aplinkosauginiai privalumai atitinka besikei\u010dian\u010dias taisykles, kuriomis skatinama atsakinga j\u016br\u0173 praktika. Minimalus AC-14 inkaro poveikis j\u016bros dugnui padeda laikytis reguliavimo standart\u0173, kuriuose vis labiau pabr\u0117\u017eiamas aplinkosaugos princip\u0173 laikymasis. Si\u016blydami \u0161\u012f inkar\u0105, mes padedame savo klientams ne tik laikytis pramon\u0117s standart\u0173, bet ir prisid\u0117ti prie tvarios j\u016br\u0173 pramon\u0117s.<\/p>\n<p>Apibendrinant galima teigti, kad AC-14 inkaras yra patikimas ir patvarus pasirinkimas j\u016brin\u0117ms operacijoms, kurioms reikalinga efektyvi laikymo galia ir pritaikomumas \u012fvairiomis j\u016bros dugno s\u0105lygomis. Qingdao H&amp;F \u012fsipareigoja u\u017etikrinti kokyb\u0119, individual\u0173 klient\u0173 aptarnavim\u0105 ir greit\u0105 pristatym\u0105, tod\u0117l klientai gauna gamin\u012f, kuris atitinka tiek veiklos poreikius, tiek aplinkosaugos reikalavimus.<\/p>","protected":false},"excerpt":{"rendered":"<p>AC-14 inkaras yra itin paklausus j\u016brini\u0173 ir atviroje j\u016broje naudojam\u0173 inkar\u0173 pasirinkimas, \u017einomas d\u0117l didel\u0117s laikomosios galios (HHP) konstrukcijos. \u0160is inkaras, pasi\u017eymintis efektyviu laikymo ir svorio santykiu, atitinka pirk\u0117j\u0173, ie\u0161kan\u010di\u0173 ekonomi\u0161k\u0173 ir patvari\u0173 sprendim\u0173, skirt\u0173 \u0161vartavimuisi ir inkaravimui sud\u0117tinguose j\u016bros dugnuose, poreikius. Qingdao H&amp;F klientams suteikia auk\u0161\u010diausios kokyb\u0117s pirkimo patirt\u012f, teikdama individual\u0173 klient\u0173 aptarnavim\u0105, greit\u0105 pristatymo cikl\u0105 ir i\u0161samias kokyb\u0117s patikrinimo ataskaitas. Pirk\u0117jai gali pasikliauti mumis ne tik d\u0117l kokyb\u0117s u\u017etikrinimo, bet ir d\u0117l sklandaus, efektyvaus ir pramon\u0117s standartus atitinkan\u010dio pirkimo proceso.<\/p>","protected":false},"featured_media":8324,"comment_status":"open","ping_status":"closed","template":"","meta":{"site-sidebar-layout":"default","site-content-layout":"","ast-site-content-layout":"default","site-content-style":"default","site-sidebar-style":"default","ast-global-header-display":"","ast-banner-title-visibility":"","ast-main-header-display":"","ast-hfb-above-header-display":"","ast-hfb-below-header-display":"","ast-hfb-mobile-header-display":"","site-post-title":"","ast-breadcrumbs-content":"","ast-featured-img":"","footer-sml-layout":"","theme-transparent-header-meta":"default","adv-header-id-meta":"","stick-header-meta":"default","header-above-stick-meta":"","header-main-stick-meta":"","header-below-stick-meta":"","astra-migrate-meta-layouts":"set","ast-page-background-enabled":"default","ast-page-background-meta":{"desktop":{"background-color":"","background-image":"","background-repeat":"repeat","background-position":"center center","background-size":"auto","background-attachment":"scroll","background-type":"","background-media":"","overlay-type":"","overlay-color":"","overlay-opacity":"","overlay-gradient":""},"tablet":{"background-color":"","background-image":"","background-repeat":"repeat","background-position":"center center","background-size":"auto","background-attachment":"scroll","background-type":"","background-media":"","overlay-type":"","overlay-color":"","overlay-opacity":"","overlay-gradient":""},"mobile":{"background-color":"","background-image":"","background-repeat":"repeat","background-position":"center center","background-size":"auto","background-attachment":"scroll","background-type":"","background-media":"","overlay-type":"","overlay-color":"","overlay-opacity":"","overlay-gradient":""}},"ast-content-background-meta":{"desktop":{"background-color":"var(--ast-global-color-5)","background-image":"","background-repeat":"repeat","background-position":"center center","background-size":"auto","background-attachment":"scroll","background-type":"","background-media":"","overlay-type":"","overlay-color":"","overlay-opacity":"","overlay-gradient":""},"tablet":{"background-color":"var(--ast-global-color-5)","background-image":"","background-repeat":"repeat","background-position":"center center","background-size":"auto","background-attachment":"scroll","background-type":"","background-media":"","overlay-type":"","overlay-color":"","overlay-opacity":"","overlay-gradient":""},"mobile":{"background-color":"var(--ast-global-color-5)","background-image":"","background-repeat":"repeat","background-position":"center center","background-size":"auto","background-attachment":"scroll","background-type":"","background-media":"","overlay-type":"","overlay-color":"","overlay-opacity":"","overlay-gradient":""}}},"product_brand":[],"product_cat":[74],"product_tag":[],"class_list":{"0":"post-8320","1":"product","2":"type-product","3":"status-publish","4":"has-post-thumbnail","6":"product_cat-boat-anchor","7":"desktop-align-left","8":"tablet-align-left","9":"mobile-align-left","10":"ast-product-gallery-layout-horizontal-slider","11":"ast-product-tabs-layout-horizontal","13":"first","14":"instock","15":"shipping-taxable","16":"purchasable","17":"product-type-simple"},"yoast_head":"<!-- This site is optimized with the Yoast SEO plugin v25.2 - https:\/\/yoast.com\/wordpress\/plugins\/seo\/ -->\n<title>AC-14 Anchor<\/title>\n<meta name=\"robots\" content=\"index, follow, max-snippet:-1, max-image-preview:large, max-video-preview:-1\" \/>\n<link rel=\"canonical\" href=\"https:\/\/qingdaohf.com\/lt\/produktas\/ac-14-inkaras\/\" \/>\n<meta property=\"og:locale\" content=\"lt_LT\" \/>\n<meta property=\"og:type\" content=\"article\" \/>\n<meta property=\"og:title\" content=\"AC-14 Anchor\" \/>\n<meta property=\"og:description\" content=\"The AC-14 Anchor is a highly sought-after choice for marine and offshore applications, known for its high holding power (HHP) design. With an efficient holding-to-weight ratio, this anchor meets the demands of buyers looking for cost-effective, durable solutions for mooring and anchoring in challenging seabeds. Qingdao H&amp;F provides a superior purchasing experience for clients with tailored one-to-one customer service, fast delivery cycles, and comprehensive quality inspection reports. Buyers can rely on us not only for quality assurance but also for a smooth, efficient procurement process that meets industry standards.\" \/>\n<meta property=\"og:url\" content=\"https:\/\/qingdaohf.com\/lt\/produktas\/ac-14-inkaras\/\" \/>\n<meta property=\"og:site_name\" content=\"Concrete Form &amp; Rigging Hardware Supplier\" \/>\n<meta property=\"article:publisher\" content=\"https:\/\/www.facebook.com\/qingdaohf\" \/>\n<meta property=\"article:modified_time\" content=\"2025-11-13T01:02:52+00:00\" \/>\n<meta property=\"og:image\" content=\"https:\/\/qingdaohf.com\/wp-content\/uploads\/2024\/11\/AC-14-marine-anchor.webp\" \/>\n\t<meta property=\"og:image:width\" content=\"1000\" \/>\n\t<meta property=\"og:image:height\" content=\"1000\" \/>\n\t<meta property=\"og:image:type\" content=\"image\/webp\" \/>\n<meta name=\"twitter:card\" content=\"summary_large_image\" \/>\n<meta name=\"twitter:label1\" content=\"Est. reading time\" \/>\n\t<meta name=\"twitter:data1\" content=\"5 minut\u0117s\" \/>\n<script type=\"application\/ld+json\" class=\"yoast-schema-graph\">{\"@context\":\"https:\/\/schema.org\",\"@graph\":[{\"@type\":\"WebPage\",\"@id\":\"https:\/\/qingdaohf.com\/product\/ac-14-anchor\/\",\"url\":\"https:\/\/qingdaohf.com\/product\/ac-14-anchor\/\",\"name\":\"AC-14 Anchor\",\"isPartOf\":{\"@id\":\"https:\/\/qingdaohf.com\/bg\/#website\"},\"primaryImageOfPage\":{\"@id\":\"https:\/\/qingdaohf.com\/product\/ac-14-anchor\/#primaryimage\"},\"image\":{\"@id\":\"https:\/\/qingdaohf.com\/product\/ac-14-anchor\/#primaryimage\"},\"thumbnailUrl\":\"https:\/\/qingdaohf.com\/wp-content\/uploads\/2024\/11\/AC-14-marine-anchor.webp\",\"datePublished\":\"2024-11-07T06:41:32+00:00\",\"dateModified\":\"2025-11-13T01:02:52+00:00\",\"breadcrumb\":{\"@id\":\"https:\/\/qingdaohf.com\/product\/ac-14-anchor\/#breadcrumb\"},\"inLanguage\":\"lt-LT\",\"potentialAction\":[{\"@type\":\"ReadAction\",\"target\":[\"https:\/\/qingdaohf.com\/product\/ac-14-anchor\/\"]}]},{\"@type\":\"ImageObject\",\"inLanguage\":\"lt-LT\",\"@id\":\"https:\/\/qingdaohf.com\/product\/ac-14-anchor\/#primaryimage\",\"url\":\"https:\/\/qingdaohf.com\/wp-content\/uploads\/2024\/11\/AC-14-marine-anchor.webp\",\"contentUrl\":\"https:\/\/qingdaohf.com\/wp-content\/uploads\/2024\/11\/AC-14-marine-anchor.webp\",\"width\":1000,\"height\":1000,\"caption\":\"AC 14 marine ancho\"},{\"@type\":\"BreadcrumbList\",\"@id\":\"https:\/\/qingdaohf.com\/product\/ac-14-anchor\/#breadcrumb\",\"itemListElement\":[{\"@type\":\"ListItem\",\"position\":1,\"name\":\"Home\",\"item\":\"https:\/\/qingdaohf.com\/\"},{\"@type\":\"ListItem\",\"position\":2,\"name\":\"Concrete Forming Accessories and Rigging Hardware\",\"item\":\"https:\/\/qingdaohf.com\/bg\/?page_id=944\"},{\"@type\":\"ListItem\",\"position\":3,\"name\":\"AC-14 Anchor\"}]},{\"@type\":\"WebSite\",\"@id\":\"https:\/\/qingdaohf.com\/bg\/#website\",\"url\":\"https:\/\/qingdaohf.com\/bg\/\",\"name\":\"Concrete Form & Rigging Hardware Supplier\",\"description\":\"\",\"publisher\":{\"@id\":\"https:\/\/qingdaohf.com\/bg\/#organization\"},\"potentialAction\":[{\"@type\":\"SearchAction\",\"target\":{\"@type\":\"EntryPoint\",\"urlTemplate\":\"https:\/\/qingdaohf.com\/bg\/?s={search_term_string}\"},\"query-input\":{\"@type\":\"PropertyValueSpecification\",\"valueRequired\":true,\"valueName\":\"search_term_string\"}}],\"inLanguage\":\"lt-LT\"},{\"@type\":\"Organization\",\"@id\":\"https:\/\/qingdaohf.com\/bg\/#organization\",\"name\":\"Qingdao H&F\",\"url\":\"https:\/\/qingdaohf.com\/bg\/\",\"logo\":{\"@type\":\"ImageObject\",\"inLanguage\":\"lt-LT\",\"@id\":\"https:\/\/qingdaohf.com\/bg\/#\/schema\/logo\/image\/\",\"url\":\"https:\/\/qingdaohf.com\/wp-content\/uploads\/2022\/12\/cropped-HF-LOGO.png\",\"contentUrl\":\"https:\/\/qingdaohf.com\/wp-content\/uploads\/2022\/12\/cropped-HF-LOGO.png\",\"width\":391,\"height\":249,\"caption\":\"Qingdao H&F\"},\"image\":{\"@id\":\"https:\/\/qingdaohf.com\/bg\/#\/schema\/logo\/image\/\"},\"sameAs\":[\"https:\/\/www.facebook.com\/qingdaohf\"]}]}<\/script>\n<!-- \/ Yoast SEO plugin. -->","yoast_head_json":{"title":"AC-14 Anchor","robots":{"index":"index","follow":"follow","max-snippet":"max-snippet:-1","max-image-preview":"max-image-preview:large","max-video-preview":"max-video-preview:-1"},"canonical":"https:\/\/qingdaohf.com\/lt\/produktas\/ac-14-inkaras\/","og_locale":"lt_LT","og_type":"article","og_title":"AC-14 Anchor","og_description":"The AC-14 Anchor is a highly sought-after choice for marine and offshore applications, known for its high holding power (HHP) design. With an efficient holding-to-weight ratio, this anchor meets the demands of buyers looking for cost-effective, durable solutions for mooring and anchoring in challenging seabeds. Qingdao H&amp;F provides a superior purchasing experience for clients with tailored one-to-one customer service, fast delivery cycles, and comprehensive quality inspection reports. Buyers can rely on us not only for quality assurance but also for a smooth, efficient procurement process that meets industry standards.","og_url":"https:\/\/qingdaohf.com\/lt\/produktas\/ac-14-inkaras\/","og_site_name":"Concrete Form &amp; Rigging Hardware Supplier","article_publisher":"https:\/\/www.facebook.com\/qingdaohf","article_modified_time":"2025-11-13T01:02:52+00:00","og_image":[{"width":1000,"height":1000,"url":"https:\/\/qingdaohf.com\/wp-content\/uploads\/2024\/11\/AC-14-marine-anchor.webp","type":"image\/webp"}],"twitter_card":"summary_large_image","twitter_misc":{"Est. reading time":"5 minut\u0117s"},"schema":{"@context":"https:\/\/schema.org","@graph":[{"@type":"WebPage","@id":"https:\/\/qingdaohf.com\/product\/ac-14-anchor\/","url":"https:\/\/qingdaohf.com\/product\/ac-14-anchor\/","name":"AC-14 Anchor","isPartOf":{"@id":"https:\/\/qingdaohf.com\/bg\/#website"},"primaryImageOfPage":{"@id":"https:\/\/qingdaohf.com\/product\/ac-14-anchor\/#primaryimage"},"image":{"@id":"https:\/\/qingdaohf.com\/product\/ac-14-anchor\/#primaryimage"},"thumbnailUrl":"https:\/\/qingdaohf.com\/wp-content\/uploads\/2024\/11\/AC-14-marine-anchor.webp","datePublished":"2024-11-07T06:41:32+00:00","dateModified":"2025-11-13T01:02:52+00:00","breadcrumb":{"@id":"https:\/\/qingdaohf.com\/product\/ac-14-anchor\/#breadcrumb"},"inLanguage":"lt-LT","potentialAction":[{"@type":"ReadAction","target":["https:\/\/qingdaohf.com\/product\/ac-14-anchor\/"]}]},{"@type":"ImageObject","inLanguage":"lt-LT","@id":"https:\/\/qingdaohf.com\/product\/ac-14-anchor\/#primaryimage","url":"https:\/\/qingdaohf.com\/wp-content\/uploads\/2024\/11\/AC-14-marine-anchor.webp","contentUrl":"https:\/\/qingdaohf.com\/wp-content\/uploads\/2024\/11\/AC-14-marine-anchor.webp","width":1000,"height":1000,"caption":"AC 14 marine ancho"},{"@type":"BreadcrumbList","@id":"https:\/\/qingdaohf.com\/product\/ac-14-anchor\/#breadcrumb","itemListElement":[{"@type":"ListItem","position":1,"name":"Home","item":"https:\/\/qingdaohf.com\/"},{"@type":"ListItem","position":2,"name":"Concrete Forming Accessories and Rigging Hardware","item":"https:\/\/qingdaohf.com\/bg\/?page_id=944"},{"@type":"ListItem","position":3,"name":"AC-14 Anchor"}]},{"@type":"WebSite","@id":"https:\/\/qingdaohf.com\/bg\/#website","url":"https:\/\/qingdaohf.com\/bg\/","name":"Concrete Form & Rigging Hardware Supplier","description":"","publisher":{"@id":"https:\/\/qingdaohf.com\/bg\/#organization"},"potentialAction":[{"@type":"SearchAction","target":{"@type":"EntryPoint","urlTemplate":"https:\/\/qingdaohf.com\/bg\/?s={search_term_string}"},"query-input":{"@type":"PropertyValueSpecification","valueRequired":true,"valueName":"search_term_string"}}],"inLanguage":"lt-LT"},{"@type":"Organization","@id":"https:\/\/qingdaohf.com\/bg\/#organization","name":"Qingdao H&F","url":"https:\/\/qingdaohf.com\/bg\/","logo":{"@type":"ImageObject","inLanguage":"lt-LT","@id":"https:\/\/qingdaohf.com\/bg\/#\/schema\/logo\/image\/","url":"https:\/\/qingdaohf.com\/wp-content\/uploads\/2022\/12\/cropped-HF-LOGO.png","contentUrl":"https:\/\/qingdaohf.com\/wp-content\/uploads\/2022\/12\/cropped-HF-LOGO.png","width":391,"height":249,"caption":"Qingdao H&F"},"image":{"@id":"https:\/\/qingdaohf.com\/bg\/#\/schema\/logo\/image\/"},"sameAs":["https:\/\/www.facebook.com\/qingdaohf"]}]}},"_links":{"self":[{"href":"https:\/\/qingdaohf.com\/lt\/wp-json\/wp\/v2\/product\/8320","targetHints":{"allow":["GET"]}}],"collection":[{"href":"https:\/\/qingdaohf.com\/lt\/wp-json\/wp\/v2\/product"}],"about":[{"href":"https:\/\/qingdaohf.com\/lt\/wp-json\/wp\/v2\/types\/product"}],"replies":[{"embeddable":true,"href":"https:\/\/qingdaohf.com\/lt\/wp-json\/wp\/v2\/comments?post=8320"}],"version-history":[{"count":2,"href":"https:\/\/qingdaohf.com\/lt\/wp-json\/wp\/v2\/product\/8320\/revisions"}],"predecessor-version":[{"id":8332,"href":"https:\/\/qingdaohf.com\/lt\/wp-json\/wp\/v2\/product\/8320\/revisions\/8332"}],"wp:featuredmedia":[{"embeddable":true,"href":"https:\/\/qingdaohf.com\/lt\/wp-json\/wp\/v2\/media\/8324"}],"wp:attachment":[{"href":"https:\/\/qingdaohf.com\/lt\/wp-json\/wp\/v2\/media?parent=8320"}],"wp:term":[{"taxonomy":"product_brand","embeddable":true,"href":"https:\/\/qingdaohf.com\/lt\/wp-json\/wp\/v2\/product_brand?post=8320"},{"taxonomy":"product_cat","embeddable":true,"href":"https:\/\/qingdaohf.com\/lt\/wp-json\/wp\/v2\/product_cat?post=8320"},{"taxonomy":"product_tag","embeddable":true,"href":"https:\/\/qingdaohf.com\/lt\/wp-json\/wp\/v2\/product_tag?post=8320"}],"curies":[{"name":"wp","href":"https:\/\/api.w.org\/{rel}","templated":true}]}}