{"id":8428,"date":"2024-11-29T16:45:52","date_gmt":"2024-11-29T08:45:52","guid":{"rendered":"http:\/\/qingdaohf.com\/?post_type=product&#038;p=8428"},"modified":"2025-11-13T09:02:51","modified_gmt":"2025-11-13T01:02:51","slug":"boat-steering-wheel","status":"publish","type":"product","link":"https:\/\/qingdaohf.com\/lt\/produktas\/valtis-vairas\/","title":{"rendered":"Val\u010di\u0173 vairas"},"content":{"rendered":"<h4>Patikimo valties vairo svarba<\/h4>\n<p>Vairas yra daugiau nei paprastas valties valdymo mechanizmas; jis yra navigacijos ir manevringumo pagrindas. Jo konstrukcija ir funkcionalumas turi tiesiogin\u0117s \u012ftakos operatoriaus geb\u0117jimui valdyti laiv\u0105 \u012fvairiomis vandens s\u0105lygomis. Nesvarbu, ar plaukiojate neskub\u0117dami, ar plaukiojate sud\u0117tingomis srov\u0117mis, auk\u0161tos kokyb\u0117s vairas u\u017etikrina tiksl\u0173 valdym\u0105, prisideda prie saugumo ir efektyvumo.<\/p>\n<p>Rinkdamiesi vair\u0105, laiv\u0173 savininkai da\u017enai teikia pirmenyb\u0119 med\u017eiagoms, kurios gali atlaikyti j\u016brin\u0119 aplink\u0105, \u012fskaitant s\u016braus vandens, dr\u0117gm\u0117s ir UV spinduli\u0173 poveik\u012f. Tokios \u012fprastos med\u017eiagos kaip ner\u016bdijantis plienas, aliuminis ir j\u016brinis plastikas pasi\u017eymi \u012fvairiu patvarumu ir atsparumu korozijai. Kitas svarbus aspektas - ergonomika, nes vairo forma, rankena ir dydis gali tur\u0117ti \u012ftakos patogumui ilgesn\u012f laik\u0105 j\u012f naudojant. Pasirinkti tinkam\u0105 vair\u0105 labai svarbu ne tik d\u0117l eksploatacini\u0173 savybi\u0173, bet ir d\u0117l bendros plaukiojimo laivu patirties gerinimo.<\/p>\n<h4>Val\u010di\u0173 vairo rat\u0173 tipai<\/h4>\n<p>Val\u010di\u0173 vairalazd\u0117s b\u016bna \u012fvairi\u0173 tip\u0173, kuri\u0173 kiekvienas pritaikytas tam tikroms laiv\u0173 kategorijoms ir naudotoj\u0173 pageidavimams. Klasikiniai ner\u016bdijan\u010diojo plieno vairai i\u0161lieka m\u0117gstami laivaved\u017ei\u0173 d\u0117l nesenstan\u010dio dizaino, i\u0161skirtinio tvirtumo ir atsparumo at\u0161iauriems j\u016briniams elementams. \u0160ie ratai da\u017enai b\u016bna poliruoti, tod\u0117l prie vairo atsiranda rafinuotumo \u012fsp\u016bdis.<\/p>\n<p>Tiems, kurie ie\u0161ko lengv\u0173 variant\u0173, si\u016blomi i\u0161 aliuminio ar kompozitini\u0173 med\u017eiag\u0173 pagaminti ratai, pasi\u017eymintys puikiomis eksploatacin\u0117mis savyb\u0117mis. Aliuminio modeliai vertinami d\u0117l j\u0173 tvirtumo ir svorio balanso, tod\u0117l tinka ma\u017eesn\u0117ms valtims ar pramoginiams laivams. Kita vertus, kompozitiniai ratai idealiai tinka \u0161iuolaikiniams laivaved\u017eiams, kurie teikia pirmenyb\u0119 ekonomi\u0161kumui, ta\u010diau nesuma\u017eina ilgaam\u017ei\u0161kumo.<\/p>\n<p>Mediniai vairai skirti entuziastams, vertinantiems tradicin\u0119 estetik\u0105 ir meistri\u0161kum\u0105. Mediniai vairai, da\u017enai derinami prie senovini\u0173 ar prabangi\u0173 jacht\u0173, dvelkia klasikiniu \u017eavesiu, ta\u010diau, palyginti su metaliniais ar plastikiniais vairais, jiems reikia daugiau prie\u017ei\u016bros. Kiekvieno tipo ratai naudojami unikaliems tikslams, tod\u0117l laiv\u0173 savininkai gali rinktis pagal funkcinius poreikius ir stilistinius pageidavimus.<\/p>\n<h4>Kod\u0117l verta rinktis m\u016bs\u0173 val\u010di\u0173 vairo ratus<\/h4>\n<p>Pasirinkti tinkam\u0105 tiek\u0117j\u0105 val\u010di\u0173 vairo rat\u0173 yra taip pat svarbu, kaip ir pasirinkti pat\u012f produkt\u0105. M\u016bs\u0173 prekybos \u012fmon\u0117je pirmenyb\u0119 teikiame vert\u0117s ir patikimumo u\u017etikrinimui, si\u016blydami plat\u0173 laiv\u0173 pried\u0173 asortiment\u0105. M\u016bs\u0173 vairo ratai yra grie\u017etai tikrinami, kad atitikt\u0173 pramon\u0117s standartus ir u\u017etikrint\u0173 klientams ramyb\u0119.<\/p>\n<p>M\u016bs\u0173 individualus klient\u0173 aptarnavimas i\u0161skiria mus rinkoje, nes glaud\u017eiai bendradarbiaujame su klientais, kad suprastume j\u0173 unikalius reikalavimus. \u0160is individualus po\u017ei\u016bris padeda rekomenduoti vairo ratus, pritaikytus j\u0173 laivo tipui, eksploatavimo s\u0105lygoms ir biud\u017eetui. Be to, m\u016bs\u0173 supaprastinta logistika u\u017etikrina greit\u0105 pristatymo cikl\u0105, suma\u017eindama prastovas tiek laivininkams, tiek platintojams.<\/p>\n<p>M\u016bs\u0173 vairo rat\u0173 ilgaam\u017ei\u0161kumas liudija m\u016bs\u0173 \u012fsipareigojim\u0105 siekti meistri\u0161kumo. Pagaminti i\u0161 auk\u0161\u010diausios kokyb\u0117s med\u017eiag\u0173, jie sukurti taip, kad gal\u0117t\u0173 atlaikyti ilgalaik\u012f j\u016brin\u0117s aplinkos poveik\u012f, i\u0161laikydami optimalias eksploatacines savybes. Si\u016blydami estetikos, funkcionalumo ir patikimumo derin\u012f, m\u016bs\u0173 gaminiai atitinka tiek pramogini\u0173, tiek profesionali\u0173 naudotoj\u0173 l\u016bkes\u010dius.<\/p>\n<h4>Inovacij\u0173 vaidmuo kuriant vair\u0105<\/h4>\n<p>\u0160iuolaikin\u0117 pa\u017eanga val\u010di\u0173 vairo konstrukcija \u012fdieg\u0117 funkcijas, kurios padidina naudojimo patogum\u0105 ir patogum\u0105. Daugelyje modeli\u0173 dabar yra neslystan\u010dios rankenos, kurios pagerina valdym\u0105 net ir esant \u0161lapiai dangai. Be to, ratai su reguliuojamo posvyrio funkcijomis suteikia lankstumo, kad b\u016bt\u0173 pritaikyti \u012fvairaus \u016bgio ir pageidavim\u0173 operatoriams.<\/p>\n<p>Naujovi\u0161kos med\u017eiagos taip pat atlieka svarb\u0173 vaidmen\u012f gerinant vairo rat\u0173 atsparum\u0105 ir ilgaam\u017ei\u0161kum\u0105. J\u016breivi\u0161kas ner\u016bdijantis plienas, padengtas papildomomis dangomis, pasi\u017eymi ypatingu atsparumu \u012fdubimams ir r\u016bdijimui, o UV spindulius stabilizuojantis plastikas apsaugo nuo blukimo ir \u012ftr\u016bkim\u0173 veikiant saul\u0117s spinduliams. \u0160ie patobulinimai ne tik u\u017etikrina gaminio ilgaam\u017ei\u0161kum\u0105, bet ir prisideda prie operatoriaus saugumo ir patogumo.<\/p>\n<p>Kita svarbi naujov\u0117 - daugiafunkciniai valdikliai integruoti tiesiai \u012f vair\u0105. Tokia konstrukcija leid\u017eia operatoriams naudotis svarbiausiomis funkcijomis, pavyzd\u017eiui, droselio valdymu ar elektroniniais ekranais, nenuleid\u017eiant rank\u0173 nuo vairo. \u0160ios funkcijos palengvina plaukiojimo laivu patirt\u012f, navigacija tampa intuityvesn\u0117 ir suma\u017eina operatoriaus nuovargio tikimyb\u0119.<\/p>\n<h4>Ilgalaik\u0117s vert\u0117s u\u017etikrinimas<\/h4>\n<p>Investuoti \u012f auk\u0161tos kokyb\u0117s val\u010di\u0173 vairas yra sprendimas, kuris atsiperka ilgalaik\u0117je perspektyvoje. Be tiesioginio funkcionalumo, \u0161ie gaminiai didina bendr\u0105 laivo vert\u0119, ypa\u010d jei jie pagaminti kartu su patikimu tiek\u0117ju. M\u016bs\u0173 vairai sukurti atsi\u017evelgiant \u012f ilgaam\u017ei\u0161kum\u0105, u\u017etikrinant optimali\u0105 na\u0161umo, patvarumo ir estetinio patrauklumo pusiausvyr\u0105.<\/p>\n<p>Klientai gali pasitik\u0117ti m\u016bs\u0173 \u012fmone, kuri ne tik teikia i\u0161skirtinius gaminius, bet ir visapusi\u0161k\u0105 pagalb\u0105 viso pirkimo proceso metu. Nuo pirmini\u0173 konsultacij\u0173 iki aptarnavimo po pardavimo, mes stengiam\u0117s u\u017emegzti ilgalaikius santykius su savo klientais. D\u0117l \u0161io \u012fsipareigojimo siekti auk\u0161\u010diausios kokyb\u0117s u\u017esitarnavome patikimo partnerio reputacij\u0105 laiv\u0173 pried\u0173 rinkoje.<\/p>\n<p>Teikdami pirmenyb\u0119 kokybei, naujov\u0117ms ir klient\u0173 pasitenkinimui, siekiame vir\u0161yti savo klient\u0173 l\u016bkes\u010dius. Nesvarbu, ar tai b\u016bt\u0173 atsitiktiniai plaukiojimo entuziastai, ar profesional\u016bs j\u016breiviai, m\u016bs\u0173 val\u010di\u0173 vairai - tai prakti\u0161kumo ir stiliaus sintez\u0117, u\u017etikrinanti puik\u0173 veikim\u0105 ant vandens.<\/p>","protected":false},"excerpt":{"rendered":"<p>Val\u010di\u0173 vairalazd\u0117s atlieka pagrindin\u012f vaidmen\u012f u\u017etikrinant skland\u017ei\u0105 navigacij\u0105 ir valdym\u0105 vandenyje, tod\u0117l jos yra labai svarbi bet kurio laivo sudedamoji dalis. Pirk\u0117jai, rinkdamiesi vair\u0105, da\u017enai teikia pirmenyb\u0119 tokiems veiksniams kaip med\u017eiagos patvarumas, ergonomi\u0161kas dizainas, suderinamumas su \u012fvairiomis j\u016brin\u0117mis sistemomis ir atsparumas korozijai. M\u016bs\u0173 prekybos \u012fmon\u0117 si\u016blo auk\u0161tos kokyb\u0117s val\u010di\u0173 vairus, kurie atitinka \u0161iuos r\u016bpimus klausimus, ir individual\u0173 klient\u0173 aptarnavim\u0105, u\u017etikrinant\u012f individualias rekomendacijas. Be to, garantuojame greit\u0105 pristatymo cikl\u0105 ir pateikiame i\u0161samias kokyb\u0117s patikrinimo ataskaitas, kad kiekvienas pirkinys b\u016bt\u0173 ramus.<\/p>","protected":false},"featured_media":8429,"comment_status":"open","ping_status":"closed","template":"","meta":{"site-sidebar-layout":"default","site-content-layout":"","ast-site-content-layout":"default","site-content-style":"default","site-sidebar-style":"default","ast-global-header-display":"","ast-banner-title-visibility":"","ast-main-header-display":"","ast-hfb-above-header-display":"","ast-hfb-below-header-display":"","ast-hfb-mobile-header-display":"","site-post-title":"","ast-breadcrumbs-content":"","ast-featured-img":"","footer-sml-layout":"","theme-transparent-header-meta":"default","adv-header-id-meta":"","stick-header-meta":"default","header-above-stick-meta":"","header-main-stick-meta":"","header-below-stick-meta":"","astra-migrate-meta-layouts":"set","ast-page-background-enabled":"default","ast-page-background-meta":{"desktop":{"background-color":"","background-image":"","background-repeat":"repeat","background-position":"center center","background-size":"auto","background-attachment":"scroll","background-type":"","background-media":"","overlay-type":"","overlay-color":"","overlay-opacity":"","overlay-gradient":""},"tablet":{"background-color":"","background-image":"","background-repeat":"repeat","background-position":"center center","background-size":"auto","background-attachment":"scroll","background-type":"","background-media":"","overlay-type":"","overlay-color":"","overlay-opacity":"","overlay-gradient":""},"mobile":{"background-color":"","background-image":"","background-repeat":"repeat","background-position":"center center","background-size":"auto","background-attachment":"scroll","background-type":"","background-media":"","overlay-type":"","overlay-color":"","overlay-opacity":"","overlay-gradient":""}},"ast-content-background-meta":{"desktop":{"background-color":"var(--ast-global-color-5)","background-image":"","background-repeat":"repeat","background-position":"center center","background-size":"auto","background-attachment":"scroll","background-type":"","background-media":"","overlay-type":"","overlay-color":"","overlay-opacity":"","overlay-gradient":""},"tablet":{"background-color":"var(--ast-global-color-5)","background-image":"","background-repeat":"repeat","background-position":"center center","background-size":"auto","background-attachment":"scroll","background-type":"","background-media":"","overlay-type":"","overlay-color":"","overlay-opacity":"","overlay-gradient":""},"mobile":{"background-color":"var(--ast-global-color-5)","background-image":"","background-repeat":"repeat","background-position":"center center","background-size":"auto","background-attachment":"scroll","background-type":"","background-media":"","overlay-type":"","overlay-color":"","overlay-opacity":"","overlay-gradient":""}}},"product_brand":[],"product_cat":[44],"product_tag":[],"class_list":{"0":"post-8428","1":"product","2":"type-product","3":"status-publish","4":"has-post-thumbnail","6":"product_cat-stainless-steel-poduct","7":"desktop-align-left","8":"tablet-align-left","9":"mobile-align-left","10":"ast-product-gallery-layout-horizontal-slider","11":"ast-product-tabs-layout-horizontal","13":"first","14":"instock","15":"shipping-taxable","16":"purchasable","17":"product-type-simple"},"yoast_head":"<!-- This site is optimized with the Yoast SEO plugin v25.2 - https:\/\/yoast.com\/wordpress\/plugins\/seo\/ -->\n<title>Boat Steering Wheel<\/title>\n<meta name=\"robots\" content=\"index, follow, max-snippet:-1, max-image-preview:large, max-video-preview:-1\" \/>\n<link rel=\"canonical\" href=\"https:\/\/qingdaohf.com\/lt\/produktas\/valtis-vairas\/\" \/>\n<meta property=\"og:locale\" content=\"lt_LT\" \/>\n<meta property=\"og:type\" content=\"article\" \/>\n<meta property=\"og:title\" content=\"Boat Steering Wheel\" \/>\n<meta property=\"og:description\" content=\"Boat steering wheels play a pivotal role in ensuring smooth navigation and control on water, making them a critical component for any vessel. Buyers often prioritize factors such as material durability, ergonomic design, compatibility with various marine systems, and corrosion resistance when selecting a steering wheel. Our trading company offers high-quality boat steering wheels that address these concerns, coupled with one-to-one customer service, ensuring tailored recommendations. Additionally, we guarantee a fast delivery cycle and provide thorough quality inspection reports to offer peace of mind with every purchase.\" \/>\n<meta property=\"og:url\" content=\"https:\/\/qingdaohf.com\/lt\/produktas\/valtis-vairas\/\" \/>\n<meta property=\"og:site_name\" content=\"Concrete Form &amp; Rigging Hardware Supplier\" \/>\n<meta property=\"article:publisher\" content=\"https:\/\/www.facebook.com\/qingdaohf\" \/>\n<meta property=\"article:modified_time\" content=\"2025-11-13T01:02:51+00:00\" \/>\n<meta property=\"og:image\" content=\"https:\/\/qingdaohf.com\/wp-content\/uploads\/2024\/11\/boat-steering-wheel-5.jpg\" \/>\n\t<meta property=\"og:image:width\" content=\"1000\" \/>\n\t<meta property=\"og:image:height\" content=\"1000\" \/>\n\t<meta property=\"og:image:type\" content=\"image\/jpeg\" \/>\n<meta name=\"twitter:card\" content=\"summary_large_image\" \/>\n<meta name=\"twitter:label1\" content=\"Est. reading time\" \/>\n\t<meta name=\"twitter:data1\" content=\"4 minut\u0117s\" \/>\n<script type=\"application\/ld+json\" class=\"yoast-schema-graph\">{\"@context\":\"https:\/\/schema.org\",\"@graph\":[{\"@type\":\"WebPage\",\"@id\":\"https:\/\/qingdaohf.com\/product\/boat-steering-wheel\/\",\"url\":\"https:\/\/qingdaohf.com\/product\/boat-steering-wheel\/\",\"name\":\"Boat Steering Wheel\",\"isPartOf\":{\"@id\":\"https:\/\/qingdaohf.com\/bg\/#website\"},\"primaryImageOfPage\":{\"@id\":\"https:\/\/qingdaohf.com\/product\/boat-steering-wheel\/#primaryimage\"},\"image\":{\"@id\":\"https:\/\/qingdaohf.com\/product\/boat-steering-wheel\/#primaryimage\"},\"thumbnailUrl\":\"https:\/\/qingdaohf.com\/wp-content\/uploads\/2024\/11\/boat-steering-wheel-5.jpg\",\"datePublished\":\"2024-11-29T08:45:52+00:00\",\"dateModified\":\"2025-11-13T01:02:51+00:00\",\"breadcrumb\":{\"@id\":\"https:\/\/qingdaohf.com\/product\/boat-steering-wheel\/#breadcrumb\"},\"inLanguage\":\"lt-LT\",\"potentialAction\":[{\"@type\":\"ReadAction\",\"target\":[\"https:\/\/qingdaohf.com\/product\/boat-steering-wheel\/\"]}]},{\"@type\":\"ImageObject\",\"inLanguage\":\"lt-LT\",\"@id\":\"https:\/\/qingdaohf.com\/product\/boat-steering-wheel\/#primaryimage\",\"url\":\"https:\/\/qingdaohf.com\/wp-content\/uploads\/2024\/11\/boat-steering-wheel-5.jpg\",\"contentUrl\":\"https:\/\/qingdaohf.com\/wp-content\/uploads\/2024\/11\/boat-steering-wheel-5.jpg\",\"width\":1000,\"height\":1000,\"caption\":\"boat steering wheel\"},{\"@type\":\"BreadcrumbList\",\"@id\":\"https:\/\/qingdaohf.com\/product\/boat-steering-wheel\/#breadcrumb\",\"itemListElement\":[{\"@type\":\"ListItem\",\"position\":1,\"name\":\"Home\",\"item\":\"https:\/\/qingdaohf.com\/\"},{\"@type\":\"ListItem\",\"position\":2,\"name\":\"Concrete Forming Accessories and Rigging Hardware\",\"item\":\"https:\/\/qingdaohf.com\/bg\/?page_id=944\"},{\"@type\":\"ListItem\",\"position\":3,\"name\":\"Boat Steering Wheel\"}]},{\"@type\":\"WebSite\",\"@id\":\"https:\/\/qingdaohf.com\/bg\/#website\",\"url\":\"https:\/\/qingdaohf.com\/bg\/\",\"name\":\"Concrete Form & Rigging Hardware Supplier\",\"description\":\"\",\"publisher\":{\"@id\":\"https:\/\/qingdaohf.com\/bg\/#organization\"},\"potentialAction\":[{\"@type\":\"SearchAction\",\"target\":{\"@type\":\"EntryPoint\",\"urlTemplate\":\"https:\/\/qingdaohf.com\/bg\/?s={search_term_string}\"},\"query-input\":{\"@type\":\"PropertyValueSpecification\",\"valueRequired\":true,\"valueName\":\"search_term_string\"}}],\"inLanguage\":\"lt-LT\"},{\"@type\":\"Organization\",\"@id\":\"https:\/\/qingdaohf.com\/bg\/#organization\",\"name\":\"Qingdao H&F\",\"url\":\"https:\/\/qingdaohf.com\/bg\/\",\"logo\":{\"@type\":\"ImageObject\",\"inLanguage\":\"lt-LT\",\"@id\":\"https:\/\/qingdaohf.com\/bg\/#\/schema\/logo\/image\/\",\"url\":\"https:\/\/qingdaohf.com\/wp-content\/uploads\/2022\/12\/cropped-HF-LOGO.png\",\"contentUrl\":\"https:\/\/qingdaohf.com\/wp-content\/uploads\/2022\/12\/cropped-HF-LOGO.png\",\"width\":391,\"height\":249,\"caption\":\"Qingdao H&F\"},\"image\":{\"@id\":\"https:\/\/qingdaohf.com\/bg\/#\/schema\/logo\/image\/\"},\"sameAs\":[\"https:\/\/www.facebook.com\/qingdaohf\"]}]}<\/script>\n<!-- \/ Yoast SEO plugin. -->","yoast_head_json":{"title":"Boat Steering Wheel","robots":{"index":"index","follow":"follow","max-snippet":"max-snippet:-1","max-image-preview":"max-image-preview:large","max-video-preview":"max-video-preview:-1"},"canonical":"https:\/\/qingdaohf.com\/lt\/produktas\/valtis-vairas\/","og_locale":"lt_LT","og_type":"article","og_title":"Boat Steering Wheel","og_description":"Boat steering wheels play a pivotal role in ensuring smooth navigation and control on water, making them a critical component for any vessel. Buyers often prioritize factors such as material durability, ergonomic design, compatibility with various marine systems, and corrosion resistance when selecting a steering wheel. Our trading company offers high-quality boat steering wheels that address these concerns, coupled with one-to-one customer service, ensuring tailored recommendations. Additionally, we guarantee a fast delivery cycle and provide thorough quality inspection reports to offer peace of mind with every purchase.","og_url":"https:\/\/qingdaohf.com\/lt\/produktas\/valtis-vairas\/","og_site_name":"Concrete Form &amp; Rigging Hardware Supplier","article_publisher":"https:\/\/www.facebook.com\/qingdaohf","article_modified_time":"2025-11-13T01:02:51+00:00","og_image":[{"width":1000,"height":1000,"url":"https:\/\/qingdaohf.com\/wp-content\/uploads\/2024\/11\/boat-steering-wheel-5.jpg","type":"image\/jpeg"}],"twitter_card":"summary_large_image","twitter_misc":{"Est. reading time":"4 minut\u0117s"},"schema":{"@context":"https:\/\/schema.org","@graph":[{"@type":"WebPage","@id":"https:\/\/qingdaohf.com\/product\/boat-steering-wheel\/","url":"https:\/\/qingdaohf.com\/product\/boat-steering-wheel\/","name":"Boat Steering Wheel","isPartOf":{"@id":"https:\/\/qingdaohf.com\/bg\/#website"},"primaryImageOfPage":{"@id":"https:\/\/qingdaohf.com\/product\/boat-steering-wheel\/#primaryimage"},"image":{"@id":"https:\/\/qingdaohf.com\/product\/boat-steering-wheel\/#primaryimage"},"thumbnailUrl":"https:\/\/qingdaohf.com\/wp-content\/uploads\/2024\/11\/boat-steering-wheel-5.jpg","datePublished":"2024-11-29T08:45:52+00:00","dateModified":"2025-11-13T01:02:51+00:00","breadcrumb":{"@id":"https:\/\/qingdaohf.com\/product\/boat-steering-wheel\/#breadcrumb"},"inLanguage":"lt-LT","potentialAction":[{"@type":"ReadAction","target":["https:\/\/qingdaohf.com\/product\/boat-steering-wheel\/"]}]},{"@type":"ImageObject","inLanguage":"lt-LT","@id":"https:\/\/qingdaohf.com\/product\/boat-steering-wheel\/#primaryimage","url":"https:\/\/qingdaohf.com\/wp-content\/uploads\/2024\/11\/boat-steering-wheel-5.jpg","contentUrl":"https:\/\/qingdaohf.com\/wp-content\/uploads\/2024\/11\/boat-steering-wheel-5.jpg","width":1000,"height":1000,"caption":"boat steering wheel"},{"@type":"BreadcrumbList","@id":"https:\/\/qingdaohf.com\/product\/boat-steering-wheel\/#breadcrumb","itemListElement":[{"@type":"ListItem","position":1,"name":"Home","item":"https:\/\/qingdaohf.com\/"},{"@type":"ListItem","position":2,"name":"Concrete Forming Accessories and Rigging Hardware","item":"https:\/\/qingdaohf.com\/bg\/?page_id=944"},{"@type":"ListItem","position":3,"name":"Boat Steering Wheel"}]},{"@type":"WebSite","@id":"https:\/\/qingdaohf.com\/bg\/#website","url":"https:\/\/qingdaohf.com\/bg\/","name":"Concrete Form & Rigging Hardware Supplier","description":"","publisher":{"@id":"https:\/\/qingdaohf.com\/bg\/#organization"},"potentialAction":[{"@type":"SearchAction","target":{"@type":"EntryPoint","urlTemplate":"https:\/\/qingdaohf.com\/bg\/?s={search_term_string}"},"query-input":{"@type":"PropertyValueSpecification","valueRequired":true,"valueName":"search_term_string"}}],"inLanguage":"lt-LT"},{"@type":"Organization","@id":"https:\/\/qingdaohf.com\/bg\/#organization","name":"Qingdao H&F","url":"https:\/\/qingdaohf.com\/bg\/","logo":{"@type":"ImageObject","inLanguage":"lt-LT","@id":"https:\/\/qingdaohf.com\/bg\/#\/schema\/logo\/image\/","url":"https:\/\/qingdaohf.com\/wp-content\/uploads\/2022\/12\/cropped-HF-LOGO.png","contentUrl":"https:\/\/qingdaohf.com\/wp-content\/uploads\/2022\/12\/cropped-HF-LOGO.png","width":391,"height":249,"caption":"Qingdao H&F"},"image":{"@id":"https:\/\/qingdaohf.com\/bg\/#\/schema\/logo\/image\/"},"sameAs":["https:\/\/www.facebook.com\/qingdaohf"]}]}},"_links":{"self":[{"href":"https:\/\/qingdaohf.com\/lt\/wp-json\/wp\/v2\/product\/8428","targetHints":{"allow":["GET"]}}],"collection":[{"href":"https:\/\/qingdaohf.com\/lt\/wp-json\/wp\/v2\/product"}],"about":[{"href":"https:\/\/qingdaohf.com\/lt\/wp-json\/wp\/v2\/types\/product"}],"replies":[{"embeddable":true,"href":"https:\/\/qingdaohf.com\/lt\/wp-json\/wp\/v2\/comments?post=8428"}],"version-history":[{"count":1,"href":"https:\/\/qingdaohf.com\/lt\/wp-json\/wp\/v2\/product\/8428\/revisions"}],"predecessor-version":[{"id":8436,"href":"https:\/\/qingdaohf.com\/lt\/wp-json\/wp\/v2\/product\/8428\/revisions\/8436"}],"wp:featuredmedia":[{"embeddable":true,"href":"https:\/\/qingdaohf.com\/lt\/wp-json\/wp\/v2\/media\/8429"}],"wp:attachment":[{"href":"https:\/\/qingdaohf.com\/lt\/wp-json\/wp\/v2\/media?parent=8428"}],"wp:term":[{"taxonomy":"product_brand","embeddable":true,"href":"https:\/\/qingdaohf.com\/lt\/wp-json\/wp\/v2\/product_brand?post=8428"},{"taxonomy":"product_cat","embeddable":true,"href":"https:\/\/qingdaohf.com\/lt\/wp-json\/wp\/v2\/product_cat?post=8428"},{"taxonomy":"product_tag","embeddable":true,"href":"https:\/\/qingdaohf.com\/lt\/wp-json\/wp\/v2\/product_tag?post=8428"}],"curies":[{"name":"wp","href":"https:\/\/api.w.org\/{rel}","templated":true}]}}