{"id":8532,"date":"2024-12-16T11:17:22","date_gmt":"2024-12-16T03:17:22","guid":{"rendered":"http:\/\/qingdaohf.com\/?post_type=product&#038;p=8532"},"modified":"2025-11-13T09:02:22","modified_gmt":"2025-11-13T01:02:22","slug":"sandwich-panel-erection-anchor","status":"publish","type":"product","link":"https:\/\/qingdaohf.com\/lt\/produktas\/daugiasluoksniu-ploksciu-montavimo-inkaras\/","title":{"rendered":"Daugiasluoksni\u0173 plok\u0161\u010di\u0173 montavimo inkaras"},"content":{"rendered":"<p class=\"whitespace-pre-wrap break-words\">Statyb\u0173 pramon\u0117je vis da\u017eniau naudojant surenkamuosius komponentus, daugiasluoksni\u0173 plok\u0161\u010di\u0173 montavimo inkarai tapo svarbesni nei bet kada anks\u010diau. \u0160ie specializuoti \u012frankiai labai svarb\u016bs saugiai keliant, pozicionuojant ir montuojant daugiasluoksnes plok\u0161tes sienose, stoguose ir fasaduose. Nesvarbu, ar gaminate \u0161iuos inkarus, ar naudojate juos statybviet\u0117je, labai svarbu suprasti j\u0173 r\u016b\u0161is, naudojimo b\u016bdus ir eksploatacinius veiksnius.<\/p>\n<h2 class=\"font-600 text-xl font-bold\">Daugiasluoksni\u0173 plok\u0161\u010di\u0173 montavimo inkar\u0173 paskirtis ir svarba<\/h2>\n<p class=\"whitespace-pre-wrap break-words\">Saugumas ir efektyvumas montuojant yra pagrindin\u0117s daugiasluoksni\u0173 plok\u0161\u010di\u0173 montavimo inkar\u0173 funkcijos. \u0160ios priemon\u0117s sukuria patikimus k\u0117limo \u012frangos tvirtinimo ta\u0161kus ir gerokai suma\u017eina rizik\u0105, kylan\u010di\u0105 dirbant su sunkiomis plok\u0161t\u0117mis. Projektuose, kuriuose svarbu laikas ir tikslumas, \u0161ie inkarai supaprastina sud\u0117ting\u0105 logistik\u0105 ir kartu atitinka grie\u017etus saugos reikalavimus.<\/p>\n<p class=\"whitespace-pre-wrap break-words\">\u0160ie inkarai ne tik pakelia, bet ir padeda u\u017etikrinti, kad plok\u0161t\u0117s b\u016bt\u0173 tinkamai i\u0161d\u0117stytos ir i\u0161likt\u0173 tinkamoje pad\u0117tyje, taip i\u0161vengiant konstrukcini\u0173 \u012ftempim\u0173 ir nesutapim\u0173 montavimo metu. \u0160is tikslumas ypa\u010d svarbus stambiuose pramoniniuose ir komerciniuose pastatuose, kur nuoseklus vis\u0173 komponent\u0173 veikimas gali nulemti arba su\u017elugdyti projekt\u0105. Nuo j\u016bs\u0173 pasirinkto inkar\u0173 tipo tiesiogiai priklauso projekto s\u0117km\u0117.<\/p>\n<h2 class=\"font-600 text-xl font-bold\">Daugiasluoksni\u0173 plok\u0161\u010di\u0173 montavimo inkar\u0173 tipai ir taikymo sritys<\/h2>\n<p class=\"whitespace-pre-wrap break-words\">Statybininkai gali rinktis i\u0161 keli\u0173 tip\u0173 inkar\u0173, kuri\u0173 kiekvienas pritaikytas tam tikram plok\u0161\u010di\u0173 svoriui, dizainui ir montavimo poreikiams. Vieni geriausiai tinka lengvesn\u0117ms plok\u0161t\u0117ms, kiti - sustiprintoms ir sunkesn\u0117ms konstrukcijoms.<\/p>\n<p class=\"whitespace-pre-wrap break-words\">Mechaniniai inkarai populiar\u016bs d\u0117l savo lankstumo ir paprasto montavimo proceso. Statybinink\u0173 komandos juos vertina u\u017e tolyg\u0173 krovini\u0173 paskirstym\u0105 k\u0117limo metu. Sud\u0117tingesn\u0117je aplinkoje, kur reikia didesnio patvarumo, suvirinti inkarai pasi\u017eymi didesniu tvirtumu.<\/p>\n<p class=\"whitespace-pre-wrap break-words\">Taip pat rasite \u012fterpt\u0173j\u0173 inkar\u0173, kuriuos gamintojai gamybos metu montuoja tiesiai \u012f plok\u0161tes. Jie puikiai tinka projektams, kuriuos reikia skland\u017eiai integruoti ir minimaliai koreguoti vietoje. Nepriklausomai nuo tipo, renkantis tinkam\u0105 inkar\u0105, reikia atid\u017eiai apsvarstyti projekto poreikius - nuo apkrovos reikalavim\u0173 iki aplinkos s\u0105lyg\u0173 ir pramon\u0117s standart\u0173.<\/p>\n<p class=\"whitespace-pre-wrap break-words\">\u0160ie inkarai neapsiriboja viena pramon\u0117s \u0161aka. J\u0173 galima rasti sand\u0117li\u0173, gamykl\u0173, biur\u0173 ir net nam\u0173 statybose. D\u0117l j\u0173 pritaikomumo prie \u012fvairi\u0173 plok\u0161\u010di\u0173 dyd\u017ei\u0173 ir med\u017eiag\u0173 jie vertingi tiek ma\u017eiems, tiek dideliems projektams.<\/p>\n<h2 class=\"font-600 text-xl font-bold\">Veiksniai, turintys \u012ftakos daugiasluoksni\u0173 plok\u0161\u010di\u0173 montavimo inkar\u0173 parinkimui<\/h2>\n<p class=\"whitespace-pre-wrap break-words\">Pasirenkant tinkam\u0105 erekcijos inkar\u0105 reikia atsi\u017evelgti \u012f kelet\u0105 svarbi\u0173 aspekt\u0173. S\u0105ra\u0161o vir\u0161uje yra apkrovos laikomoji galia - turite tiksliai \u017einoti, kok\u012f svor\u012f gali saugiai i\u0161laikyti j\u016bs\u0173 inkaras. Tam reikia atlikti tikslius skai\u010diavimus, pagr\u012fstus j\u016bs\u0173 plok\u0161t\u0117s specifikacijomis ir med\u017eiagomis, kad i\u0161vengtum\u0117te perkrovos.<\/p>\n<p class=\"whitespace-pre-wrap break-words\">Med\u017eiag\u0173 kokyb\u0117 labai svarbi. Dauguma gamintoj\u0173 renkasi didelio atsparumo plien\u0105, nes jis pasi\u017eymi didesniu atsparumu tempimui ir ilgaam\u017ei\u0161kumu. Jei statote dr\u0117gnose vietov\u0117se arba netoli pakrant\u0117s, labai svarbus tampa atsparumas korozijai. Daugelis rangov\u0173 renkasi cinkuotus arba dengtus inkarus, kad pailgint\u0173 j\u0173 tarnavimo laik\u0105.<\/p>\n<p class=\"whitespace-pre-wrap break-words\">Lengvas montavimas ir suderinamumas su standartine k\u0117limo \u012franga gali tur\u0117ti didel\u0119 \u012ftak\u0105 j\u016bs\u0173 projekto terminams ir biud\u017eetui. Tinkami inkarai skland\u017eiai dirbs su j\u016bs\u0173 esamomis sistemomis, suma\u017eins darbo s\u0105naudas ir pagreitins statyb\u0105. Tarptautini\u0173 saugos standart\u0173 laikymasis n\u0117ra neprivalomas - tai b\u016btina norint u\u017etikrinti atitikt\u012f teis\u0117s akt\u0173 reikalavimams ir projekto s\u0117km\u0119.<\/p>\n<p class=\"whitespace-pre-wrap break-words\">\"Qingdao H&amp;F\" vadovaujasi \u0161iais veiksniais, nes pagal juos renkame ir pristatome gaminius. Savo gamini\u0173 asortiment\u0105 suk\u016br\u0117me taip, kad jis atitikt\u0173 \u012fvairius pasaulinius reikalavimus, ir visk\u0105 pagrind\u0117me kruop\u0161\u010diais kokyb\u0117s patikrinimais ir eksploatacini\u0173 savybi\u0173 bandymais. Taip u\u017etikrinama, kad gausite b\u016btent tai, ko reikia j\u016bs\u0173 projektui.<\/p>\n<h2 class=\"font-600 text-xl font-bold\">Daugiasluoksni\u0173 plok\u0161\u010di\u0173 montavimo inkar\u0173 vert\u0117s didinimas pasitelkiant ekspert\u0173 pagalb\u0105<\/h2>\n<p class=\"whitespace-pre-wrap break-words\">Daugiasluoksni\u0173 plok\u0161\u010di\u0173 montavimo inkarai padeda maksimaliai i\u0161naudoti ne tik technin\u0119 \u012frang\u0105, bet ir u\u017e jos esan\u010di\u0105 atram\u0105. M\u016bs\u0173 \"Qingdao H&amp;F\" komanda tiki ai\u0161kiu bendravimu ir ekspert\u0173 patarimais. Glaud\u017eiai bendradarbiaujame su kiekvienu klientu, kad suprastume jo konkre\u010dius poreikius ir pateiktume tikslines rekomendacijas, u\u017etikrinan\u010dias optimal\u0173 veikim\u0105.<\/p>\n<p class=\"whitespace-pre-wrap break-words\">\u017dinome, kad statybos projektai negali v\u0117luoti, tod\u0117l optimizavome pristatymo proces\u0105. Efektyviai valdydami tiekimo grandin\u0119 ir palaikydami strategin\u0119 partneryst\u0119, u\u017etikriname, kad j\u016bs\u0173 inkarai atvykt\u0173 tada, kai jums j\u0173 reikia, kad ir kur b\u016btum\u0117te.<\/p>\n<p class=\"whitespace-pre-wrap break-words\">Prie kiekvienos siuntos pridedamos i\u0161samios kokyb\u0117s tikrinimo ataskaitos, tod\u0117l galite i\u0161samiai susipa\u017einti su gaminio specifikacijomis ir eksploataciniais duomenimis. \u0160is skaidrumas atspindi m\u016bs\u0173 \u012fsipareigojim\u0105 siekti auk\u0161\u010diausios kokyb\u0117s.<\/p>\n<h2 class=\"font-600 text-xl font-bold\">\u017dvelgiant \u012f ateit\u012f: Daugiasluoksni\u0173 plok\u0161\u010di\u0173 montavimo inkar\u0173 ateitis<\/h2>\n<p class=\"whitespace-pre-wrap break-words\">Statybos pramon\u0117 nuolat tobul\u0117ja, ne i\u0161imtis ir plok\u0161\u010di\u0173 montavimo b\u016bdai. Matome \u012fdomius inkar\u0173 technologijos poky\u010dius, \u012fskaitant tvirtesnes, bet lengvesnes med\u017eiagas. Ateityje gali atsirasti i\u0161mani\u0173j\u0173 inkar\u0173 su \u012fmontuotais jutikliais, stebin\u010diais \u012ftempi\u0173 apkrovas ir i\u0161lyginim\u0105, tod\u0117l saugumas ir efektyvumas pakils \u012f nauj\u0105 lyg\u012f.<\/p>\n<p class=\"whitespace-pre-wrap break-words\">\"Qingdao H&amp;F\" neatsilieka nuo \u0161i\u0173 pramon\u0117s poky\u010di\u0173. \u017dengdami koja kojon su naujausiais poky\u010diais, u\u017etikriname, kad m\u016bs\u0173 klientai visada gal\u0117t\u0173 naudotis pa\u017eangiausiais sprendimais. Mes deriname naujovi\u0161kus gaminius su \u012f klientus orientuotu aptarnavimu, kad i\u0161laikytume savo, kaip skyd\u0173 montavimo inkarini\u0173 sprendim\u0173 rinkos lyderio, pozicij\u0105.<\/p>\n<p class=\"whitespace-pre-wrap break-words\">Pabaigai nor\u0117\u010diau pasakyti, kad daugiasluoksni\u0173 plok\u0161\u010di\u0173 montavimo inkarai teb\u0117ra s\u0117kmingos \u0161iuolaikin\u0117s statybos pagrindas. D\u0117l j\u0173 vaidmens u\u017etikrinant saug\u0173 ir veiksming\u0105 montavim\u0105 jie yra ne\u012fkainojami tiek statybininkams, tiek rangovams. Qingdao H&amp;F did\u017eiuojasi, kad yra patikimas partneris \u0161ioje dinami\u0161koje srityje, u\u017etikrinantis kokyb\u0119 ir meistri\u0161kum\u0105 klientams visame pasaulyje.<\/p>","protected":false},"excerpt":{"rendered":"<p>Statybose daugiasluoksni\u0173 plok\u0161\u010di\u0173 montavimo inkarai yra labai svarb\u016bs \u012frankiai, padedantys saugiai ir efektyviai kelti ir montuoti daugiasluoksnes plok\u0161tes. Pirk\u0117jas nor\u0117t\u0173 atkreipti d\u0117mes\u012f \u012f tris pagrindinius dalykus: patikimum\u0105, suderinamum\u0105 su \u012fvairi\u0173 tip\u0173 plok\u0161t\u0117mis ir stipri\u0105 laikom\u0105j\u0105 gali\u0105. \u010cia, Qingdao H&amp;F, 20 met\u0173 tobulinome savo po\u017ei\u016br\u012f: si\u016blome individual\u0173 klient\u0173 aptarnavim\u0105, greitesn\u012f pristatymo laik\u0105 ir i\u0161samias kiekvieno i\u0161si\u0173sto u\u017esakymo kokyb\u0117s ataskaitas. Esame \u012fsipareigoj\u0119 savo klientams visame pasaulyje suteikti kuo sklandesn\u0119 pirkimo patirt\u012f.<\/p>","protected":false},"featured_media":8533,"comment_status":"open","ping_status":"closed","template":"","meta":{"site-sidebar-layout":"default","site-content-layout":"","ast-site-content-layout":"default","site-content-style":"default","site-sidebar-style":"default","ast-global-header-display":"","ast-banner-title-visibility":"","ast-main-header-display":"","ast-hfb-above-header-display":"","ast-hfb-below-header-display":"","ast-hfb-mobile-header-display":"","site-post-title":"","ast-breadcrumbs-content":"","ast-featured-img":"","footer-sml-layout":"","theme-transparent-header-meta":"default","adv-header-id-meta":"","stick-header-meta":"default","header-above-stick-meta":"","header-main-stick-meta":"","header-below-stick-meta":"","astra-migrate-meta-layouts":"set","ast-page-background-enabled":"default","ast-page-background-meta":{"desktop":{"background-color":"","background-image":"","background-repeat":"repeat","background-position":"center center","background-size":"auto","background-attachment":"scroll","background-type":"","background-media":"","overlay-type":"","overlay-color":"","overlay-opacity":"","overlay-gradient":""},"tablet":{"background-color":"","background-image":"","background-repeat":"repeat","background-position":"center center","background-size":"auto","background-attachment":"scroll","background-type":"","background-media":"","overlay-type":"","overlay-color":"","overlay-opacity":"","overlay-gradient":""},"mobile":{"background-color":"","background-image":"","background-repeat":"repeat","background-position":"center center","background-size":"auto","background-attachment":"scroll","background-type":"","background-media":"","overlay-type":"","overlay-color":"","overlay-opacity":"","overlay-gradient":""}},"ast-content-background-meta":{"desktop":{"background-color":"var(--ast-global-color-5)","background-image":"","background-repeat":"repeat","background-position":"center center","background-size":"auto","background-attachment":"scroll","background-type":"","background-media":"","overlay-type":"","overlay-color":"","overlay-opacity":"","overlay-gradient":""},"tablet":{"background-color":"var(--ast-global-color-5)","background-image":"","background-repeat":"repeat","background-position":"center center","background-size":"auto","background-attachment":"scroll","background-type":"","background-media":"","overlay-type":"","overlay-color":"","overlay-opacity":"","overlay-gradient":""},"mobile":{"background-color":"var(--ast-global-color-5)","background-image":"","background-repeat":"repeat","background-position":"center center","background-size":"auto","background-attachment":"scroll","background-type":"","background-media":"","overlay-type":"","overlay-color":"","overlay-opacity":"","overlay-gradient":""}}},"product_brand":[],"product_cat":[30],"product_tag":[],"class_list":{"0":"post-8532","1":"product","2":"type-product","3":"status-publish","4":"has-post-thumbnail","6":"product_cat-lifting-anchor","7":"desktop-align-left","8":"tablet-align-left","9":"mobile-align-left","10":"ast-product-gallery-layout-horizontal-slider","11":"ast-product-tabs-layout-horizontal","13":"first","14":"instock","15":"shipping-taxable","16":"purchasable","17":"product-type-simple"},"yoast_head":"<!-- This site is optimized with the Yoast SEO plugin v25.2 - https:\/\/yoast.com\/wordpress\/plugins\/seo\/ -->\n<title>Sandwich Panel Erection Anchor<\/title>\n<meta name=\"robots\" content=\"index, follow, max-snippet:-1, max-image-preview:large, max-video-preview:-1\" \/>\n<link rel=\"canonical\" href=\"https:\/\/qingdaohf.com\/lt\/produktas\/daugiasluoksniu-ploksciu-montavimo-inkaras\/\" \/>\n<meta property=\"og:locale\" content=\"lt_LT\" \/>\n<meta property=\"og:type\" content=\"article\" \/>\n<meta property=\"og:title\" content=\"Sandwich Panel Erection Anchor\" \/>\n<meta property=\"og:description\" content=\"In construction, sandwich panel erection anchors are very important tools that make the lifting and installation of sandwich panels both safe and efficient. You would want to focus on three key things as a buyer: reliability, compatibility with different panel types, and strong load-bearing capacity. Here at Qingdao H&amp;F, we have spent 20 years perfecting our approach: offering personalized customer service, quicker delivery times, and detailed quality reports for every order shipped. We are committed to giving our clients worldwide the smoothest possible purchasing experience.\" \/>\n<meta property=\"og:url\" content=\"https:\/\/qingdaohf.com\/lt\/produktas\/daugiasluoksniu-ploksciu-montavimo-inkaras\/\" \/>\n<meta property=\"og:site_name\" content=\"Concrete Form &amp; Rigging Hardware Supplier\" \/>\n<meta property=\"article:publisher\" content=\"https:\/\/www.facebook.com\/qingdaohf\" \/>\n<meta property=\"article:modified_time\" content=\"2025-11-13T01:02:22+00:00\" \/>\n<meta property=\"og:image\" content=\"https:\/\/qingdaohf.com\/wp-content\/uploads\/2024\/12\/Erection-Anchor_\u526f\u672c.jpg\" \/>\n\t<meta property=\"og:image:width\" content=\"1000\" \/>\n\t<meta property=\"og:image:height\" content=\"1000\" \/>\n\t<meta property=\"og:image:type\" content=\"image\/jpeg\" \/>\n<meta name=\"twitter:card\" content=\"summary_large_image\" \/>\n<meta name=\"twitter:label1\" content=\"Est. reading time\" \/>\n\t<meta name=\"twitter:data1\" content=\"4 minut\u0117s\" \/>\n<script type=\"application\/ld+json\" class=\"yoast-schema-graph\">{\"@context\":\"https:\/\/schema.org\",\"@graph\":[{\"@type\":\"WebPage\",\"@id\":\"https:\/\/qingdaohf.com\/product\/sandwich-panel-erection-anchor\/\",\"url\":\"https:\/\/qingdaohf.com\/product\/sandwich-panel-erection-anchor\/\",\"name\":\"Sandwich Panel Erection Anchor\",\"isPartOf\":{\"@id\":\"https:\/\/qingdaohf.com\/bg\/#website\"},\"primaryImageOfPage\":{\"@id\":\"https:\/\/qingdaohf.com\/product\/sandwich-panel-erection-anchor\/#primaryimage\"},\"image\":{\"@id\":\"https:\/\/qingdaohf.com\/product\/sandwich-panel-erection-anchor\/#primaryimage\"},\"thumbnailUrl\":\"https:\/\/qingdaohf.com\/wp-content\/uploads\/2024\/12\/Erection-Anchor_\u526f\u672c.jpg\",\"datePublished\":\"2024-12-16T03:17:22+00:00\",\"dateModified\":\"2025-11-13T01:02:22+00:00\",\"breadcrumb\":{\"@id\":\"https:\/\/qingdaohf.com\/product\/sandwich-panel-erection-anchor\/#breadcrumb\"},\"inLanguage\":\"lt-LT\",\"potentialAction\":[{\"@type\":\"ReadAction\",\"target\":[\"https:\/\/qingdaohf.com\/product\/sandwich-panel-erection-anchor\/\"]}]},{\"@type\":\"ImageObject\",\"inLanguage\":\"lt-LT\",\"@id\":\"https:\/\/qingdaohf.com\/product\/sandwich-panel-erection-anchor\/#primaryimage\",\"url\":\"https:\/\/qingdaohf.com\/wp-content\/uploads\/2024\/12\/Erection-Anchor_\u526f\u672c.jpg\",\"contentUrl\":\"https:\/\/qingdaohf.com\/wp-content\/uploads\/2024\/12\/Erection-Anchor_\u526f\u672c.jpg\",\"width\":1000,\"height\":1000,\"caption\":\"sandwich panel Erection Anchor\"},{\"@type\":\"BreadcrumbList\",\"@id\":\"https:\/\/qingdaohf.com\/product\/sandwich-panel-erection-anchor\/#breadcrumb\",\"itemListElement\":[{\"@type\":\"ListItem\",\"position\":1,\"name\":\"Home\",\"item\":\"https:\/\/qingdaohf.com\/\"},{\"@type\":\"ListItem\",\"position\":2,\"name\":\"Concrete Forming Accessories and Rigging Hardware\",\"item\":\"https:\/\/qingdaohf.com\/bg\/?page_id=944\"},{\"@type\":\"ListItem\",\"position\":3,\"name\":\"Sandwich Panel Erection Anchor\"}]},{\"@type\":\"WebSite\",\"@id\":\"https:\/\/qingdaohf.com\/bg\/#website\",\"url\":\"https:\/\/qingdaohf.com\/bg\/\",\"name\":\"Concrete Form & Rigging Hardware Supplier\",\"description\":\"\",\"publisher\":{\"@id\":\"https:\/\/qingdaohf.com\/bg\/#organization\"},\"potentialAction\":[{\"@type\":\"SearchAction\",\"target\":{\"@type\":\"EntryPoint\",\"urlTemplate\":\"https:\/\/qingdaohf.com\/bg\/?s={search_term_string}\"},\"query-input\":{\"@type\":\"PropertyValueSpecification\",\"valueRequired\":true,\"valueName\":\"search_term_string\"}}],\"inLanguage\":\"lt-LT\"},{\"@type\":\"Organization\",\"@id\":\"https:\/\/qingdaohf.com\/bg\/#organization\",\"name\":\"Qingdao H&F\",\"url\":\"https:\/\/qingdaohf.com\/bg\/\",\"logo\":{\"@type\":\"ImageObject\",\"inLanguage\":\"lt-LT\",\"@id\":\"https:\/\/qingdaohf.com\/bg\/#\/schema\/logo\/image\/\",\"url\":\"https:\/\/qingdaohf.com\/wp-content\/uploads\/2022\/12\/cropped-HF-LOGO.png\",\"contentUrl\":\"https:\/\/qingdaohf.com\/wp-content\/uploads\/2022\/12\/cropped-HF-LOGO.png\",\"width\":391,\"height\":249,\"caption\":\"Qingdao H&F\"},\"image\":{\"@id\":\"https:\/\/qingdaohf.com\/bg\/#\/schema\/logo\/image\/\"},\"sameAs\":[\"https:\/\/www.facebook.com\/qingdaohf\"]}]}<\/script>\n<!-- \/ Yoast SEO plugin. -->","yoast_head_json":{"title":"Sandwich Panel Erection Anchor","robots":{"index":"index","follow":"follow","max-snippet":"max-snippet:-1","max-image-preview":"max-image-preview:large","max-video-preview":"max-video-preview:-1"},"canonical":"https:\/\/qingdaohf.com\/lt\/produktas\/daugiasluoksniu-ploksciu-montavimo-inkaras\/","og_locale":"lt_LT","og_type":"article","og_title":"Sandwich Panel Erection Anchor","og_description":"In construction, sandwich panel erection anchors are very important tools that make the lifting and installation of sandwich panels both safe and efficient. You would want to focus on three key things as a buyer: reliability, compatibility with different panel types, and strong load-bearing capacity. Here at Qingdao H&amp;F, we have spent 20 years perfecting our approach: offering personalized customer service, quicker delivery times, and detailed quality reports for every order shipped. We are committed to giving our clients worldwide the smoothest possible purchasing experience.","og_url":"https:\/\/qingdaohf.com\/lt\/produktas\/daugiasluoksniu-ploksciu-montavimo-inkaras\/","og_site_name":"Concrete Form &amp; Rigging Hardware Supplier","article_publisher":"https:\/\/www.facebook.com\/qingdaohf","article_modified_time":"2025-11-13T01:02:22+00:00","og_image":[{"width":1000,"height":1000,"url":"https:\/\/qingdaohf.com\/wp-content\/uploads\/2024\/12\/Erection-Anchor_\u526f\u672c.jpg","type":"image\/jpeg"}],"twitter_card":"summary_large_image","twitter_misc":{"Est. reading time":"4 minut\u0117s"},"schema":{"@context":"https:\/\/schema.org","@graph":[{"@type":"WebPage","@id":"https:\/\/qingdaohf.com\/product\/sandwich-panel-erection-anchor\/","url":"https:\/\/qingdaohf.com\/product\/sandwich-panel-erection-anchor\/","name":"Sandwich Panel Erection Anchor","isPartOf":{"@id":"https:\/\/qingdaohf.com\/bg\/#website"},"primaryImageOfPage":{"@id":"https:\/\/qingdaohf.com\/product\/sandwich-panel-erection-anchor\/#primaryimage"},"image":{"@id":"https:\/\/qingdaohf.com\/product\/sandwich-panel-erection-anchor\/#primaryimage"},"thumbnailUrl":"https:\/\/qingdaohf.com\/wp-content\/uploads\/2024\/12\/Erection-Anchor_\u526f\u672c.jpg","datePublished":"2024-12-16T03:17:22+00:00","dateModified":"2025-11-13T01:02:22+00:00","breadcrumb":{"@id":"https:\/\/qingdaohf.com\/product\/sandwich-panel-erection-anchor\/#breadcrumb"},"inLanguage":"lt-LT","potentialAction":[{"@type":"ReadAction","target":["https:\/\/qingdaohf.com\/product\/sandwich-panel-erection-anchor\/"]}]},{"@type":"ImageObject","inLanguage":"lt-LT","@id":"https:\/\/qingdaohf.com\/product\/sandwich-panel-erection-anchor\/#primaryimage","url":"https:\/\/qingdaohf.com\/wp-content\/uploads\/2024\/12\/Erection-Anchor_\u526f\u672c.jpg","contentUrl":"https:\/\/qingdaohf.com\/wp-content\/uploads\/2024\/12\/Erection-Anchor_\u526f\u672c.jpg","width":1000,"height":1000,"caption":"sandwich panel Erection Anchor"},{"@type":"BreadcrumbList","@id":"https:\/\/qingdaohf.com\/product\/sandwich-panel-erection-anchor\/#breadcrumb","itemListElement":[{"@type":"ListItem","position":1,"name":"Home","item":"https:\/\/qingdaohf.com\/"},{"@type":"ListItem","position":2,"name":"Concrete Forming Accessories and Rigging Hardware","item":"https:\/\/qingdaohf.com\/bg\/?page_id=944"},{"@type":"ListItem","position":3,"name":"Sandwich Panel Erection Anchor"}]},{"@type":"WebSite","@id":"https:\/\/qingdaohf.com\/bg\/#website","url":"https:\/\/qingdaohf.com\/bg\/","name":"Concrete Form & Rigging Hardware Supplier","description":"","publisher":{"@id":"https:\/\/qingdaohf.com\/bg\/#organization"},"potentialAction":[{"@type":"SearchAction","target":{"@type":"EntryPoint","urlTemplate":"https:\/\/qingdaohf.com\/bg\/?s={search_term_string}"},"query-input":{"@type":"PropertyValueSpecification","valueRequired":true,"valueName":"search_term_string"}}],"inLanguage":"lt-LT"},{"@type":"Organization","@id":"https:\/\/qingdaohf.com\/bg\/#organization","name":"Qingdao H&F","url":"https:\/\/qingdaohf.com\/bg\/","logo":{"@type":"ImageObject","inLanguage":"lt-LT","@id":"https:\/\/qingdaohf.com\/bg\/#\/schema\/logo\/image\/","url":"https:\/\/qingdaohf.com\/wp-content\/uploads\/2022\/12\/cropped-HF-LOGO.png","contentUrl":"https:\/\/qingdaohf.com\/wp-content\/uploads\/2022\/12\/cropped-HF-LOGO.png","width":391,"height":249,"caption":"Qingdao H&F"},"image":{"@id":"https:\/\/qingdaohf.com\/bg\/#\/schema\/logo\/image\/"},"sameAs":["https:\/\/www.facebook.com\/qingdaohf"]}]}},"_links":{"self":[{"href":"https:\/\/qingdaohf.com\/lt\/wp-json\/wp\/v2\/product\/8532","targetHints":{"allow":["GET"]}}],"collection":[{"href":"https:\/\/qingdaohf.com\/lt\/wp-json\/wp\/v2\/product"}],"about":[{"href":"https:\/\/qingdaohf.com\/lt\/wp-json\/wp\/v2\/types\/product"}],"replies":[{"embeddable":true,"href":"https:\/\/qingdaohf.com\/lt\/wp-json\/wp\/v2\/comments?post=8532"}],"version-history":[{"count":1,"href":"https:\/\/qingdaohf.com\/lt\/wp-json\/wp\/v2\/product\/8532\/revisions"}],"predecessor-version":[{"id":8534,"href":"https:\/\/qingdaohf.com\/lt\/wp-json\/wp\/v2\/product\/8532\/revisions\/8534"}],"wp:featuredmedia":[{"embeddable":true,"href":"https:\/\/qingdaohf.com\/lt\/wp-json\/wp\/v2\/media\/8533"}],"wp:attachment":[{"href":"https:\/\/qingdaohf.com\/lt\/wp-json\/wp\/v2\/media?parent=8532"}],"wp:term":[{"taxonomy":"product_brand","embeddable":true,"href":"https:\/\/qingdaohf.com\/lt\/wp-json\/wp\/v2\/product_brand?post=8532"},{"taxonomy":"product_cat","embeddable":true,"href":"https:\/\/qingdaohf.com\/lt\/wp-json\/wp\/v2\/product_cat?post=8532"},{"taxonomy":"product_tag","embeddable":true,"href":"https:\/\/qingdaohf.com\/lt\/wp-json\/wp\/v2\/product_tag?post=8532"}],"curies":[{"name":"wp","href":"https:\/\/api.w.org\/{rel}","templated":true}]}}