{"id":8601,"date":"2024-12-27T17:18:28","date_gmt":"2024-12-27T09:18:28","guid":{"rendered":"http:\/\/qingdaohf.com\/?post_type=product&#038;p=8601"},"modified":"2025-11-13T09:02:22","modified_gmt":"2025-11-13T01:02:22","slug":"formwork-water-stop","status":"publish","type":"product","link":"https:\/\/qingdaohf.com\/lt\/produktas\/klojiniu-vandens-sustabdymas\/","title":{"rendered":"Klojini\u0173 vandens ribotuvas"},"content":{"rendered":"<p class=\"whitespace-pre-wrap break-words\">Klojini\u0173 vanden\u012f stabdantys gaminiai yra labai svarb\u016bs hidroizoliacijai ir betono konstrukcijos vientisumui i\u0161laikyti. \u0160ie komponentai veikia kartu su klojini\u0173 priedais, tokiais kaip ri\u0161amieji strypai ir sparnuotosios ver\u017el\u0117s, kad b\u016bt\u0173 i\u0161vengta vandens pratek\u0117jimo ir apsaugotos betono konstrukcijos. Panagrin\u0117kime, kaip \u0161ie elementai veikia kartu ir kod\u0117l jie svarb\u016bs j\u016bs\u0173 statybos projektams.<\/p>\n<h2 class=\"font-600 text-xl font-bold\">Supratimas apie klojini\u0173 vandens stabd\u017eius<\/h2>\n<p class=\"whitespace-pre-wrap break-words\">Statydami i\u0161 betono nei\u0161vengiamai susidursite su jungtimis tarp skirting\u0173 sekcij\u0173 - jos atsiranda d\u0117l praktini\u0173 prie\u017eas\u010di\u0173, pavyzd\u017eiui, d\u0117l konstrukcijos pertrauk\u0173 ar atskir\u0173 form\u0173 sekcij\u0173 naudojimo. Kadangi betonas i\u0161 prigimties yra por\u0117tas, \u0161ios si\u016bl\u0117s gali tapti silpnomis vietomis, \u012f kurias gali prasiskverbti vanduo. \u0160tai \u010dia ir atsiranda vandens stotel\u0117s.<\/p>\n<p class=\"whitespace-pre-wrap break-words\">Vandens ribotuvai gaminami i\u0161 med\u017eiag\u0173, kurios gali lankstytis ir jud\u0117ti kartu su betonu - paprastai i\u0161 PVC, gumos arba speciali\u0173 hidrofilini\u0173 jungini\u0173. Svarbiausia pasirinkti toki\u0105 med\u017eiag\u0105, kuri i\u0161likt\u0173 veiksminga betonui nus\u0117dant ir reaguojant \u012f aplinkos poky\u010dius. Juos reikia \u012frengti prie\u0161 betonuojant, taip sukuriant fizin\u012f barjer\u0105, apsaugant\u012f nuo vandens prasiskverbimo. Tai ypa\u010d svarbu tokioms konstrukcijoms, kaip r\u016bsiai, tuneliai ir u\u017etvankos, kur vandens sl\u0117gis kelia nuolatin\u012f susir\u016bpinim\u0105.<\/p>\n<h2 class=\"font-600 text-xl font-bold\">Priri\u0161am\u0173j\u0173 stryp\u0173 vaidmuo klojini\u0173 konstrukcijose<\/h2>\n<p><img fetchpriority=\"high\" decoding=\"async\" class=\"alignnone wp-image-8579 size-full\" src=\"http:\/\/qingdaohf.com\/wp-content\/uploads\/2024\/12\/tie-rod-92.webp\" alt=\"kaklarai\u0161\u010di\u0173 sistema\" width=\"1000\" height=\"1000\" srcset=\"https:\/\/qingdaohf.com\/wp-content\/uploads\/2024\/12\/tie-rod-92.webp 1000w, https:\/\/qingdaohf.com\/wp-content\/uploads\/2024\/12\/tie-rod-92-300x300.webp 300w, https:\/\/qingdaohf.com\/wp-content\/uploads\/2024\/12\/tie-rod-92-150x150.webp 150w, https:\/\/qingdaohf.com\/wp-content\/uploads\/2024\/12\/tie-rod-92-768x768.webp 768w, https:\/\/qingdaohf.com\/wp-content\/uploads\/2024\/12\/tie-rod-92-12x12.webp 12w, https:\/\/qingdaohf.com\/wp-content\/uploads\/2024\/12\/tie-rod-92-500x500.webp 500w, https:\/\/qingdaohf.com\/wp-content\/uploads\/2024\/12\/tie-rod-92-100x100.webp 100w\" sizes=\"(max-width: 1000px) 100vw, 1000px\" \/><\/p>\n<p class=\"whitespace-pre-wrap break-words\">Suri\u0161imo strypai (arba klojini\u0173 s\u0105var\u017eos) yra nepelnytai primir\u0161ti betono konstrukcij\u0173 didvyriai. \u0160ie plieniniai komponentai stabiliai laiko klojini\u0173 plok\u0161tes, kol betonas liejamas ir kiet\u0117ja. Perverti per plok\u0161tes ir pritvirtinti sparnuotosiomis ver\u017el\u0117mis abiejuose galuose, jie u\u017etikrina \u012ftempim\u0105, reikaling\u0105, kad viskas i\u0161likt\u0173 stabilu veikiant mil\u017eini\u0161kam dr\u0117gno betono sl\u0117giui.<\/p>\n<p class=\"whitespace-pre-wrap break-words\">Vandens ribotuv\u0173 ir kaklarai\u0161\u010di\u0173 ry\u0161ys yra labai svarbus - jie turi skland\u017eiai veikti kartu. Suri\u0161imo strypai palaiko klojini\u0173 pad\u0117t\u012f, o vandens ribotuvai u\u017etikrina sand\u016bros nepralaidum\u0105. Tinkamai suderinus \u0161\u012f derin\u012f, i\u0161vengiama vandens infiltracijos ir brangiai kainuojan\u010dio b\u016bsimo remonto. Betonui sustingus, darbininkai nuima ri\u0161amuosius strypus ir sparnuot\u0105sias ver\u017eles, palikdami tinkamai hidroizoliuotas sand\u016bras.<\/p>\n<h2 class=\"font-600 text-xl font-bold\">Sparnuot\u0173j\u0173 ver\u017eli\u0173 svarba klojini\u0173 konstrukcijoje<\/h2>\n<p class=\"whitespace-pre-wrap break-words\">Sparnuotosios ver\u017el\u0117s gali atrodyti paprastos, ta\u010diau jos labai svarbios norint tiksliai sureguliuoti klojini\u0173 montavim\u0105. J\u0173 konstrukcija leid\u017eia darbininkams rankomis reguliuoti ri\u0161am\u0173j\u0173 stryp\u0173 \u012ftempim\u0105, tod\u0117l betono liejimo metu lengva i\u0161laikyti tinkam\u0105 plok\u0161\u010di\u0173 i\u0161lyginim\u0105. Tokia tiksli kontrol\u0117 padeda i\u0161vengti plok\u0161\u010di\u0173 jud\u0117jimo, kuris gali pakenkti galutinei konstrukcijai.<\/p>\n<p class=\"whitespace-pre-wrap break-words\">\u0160ios sudedamosios dalys taip pat labai svarbios vandens stabdymo veiksmingumui. Tinkamai \u012ftempus traukles sparnin\u0117mis ver\u017el\u0117mis, jos i\u0161laiko klojini\u0173 plok\u0161tes ir vandens ribotuvus tiksliai ten, kur jie turi b\u016bti. Tinkamai nesureguliavus sparnuot\u0173j\u0173 ver\u017eli\u0173, liejimo metu d\u0117l jud\u0117jimo gali susidaryti tarpai, pro kuriuos prasiskverbia vanduo.<\/p>\n<h2 class=\"font-600 text-xl font-bold\">Klojini\u0173 vandens stabd\u017ei\u0173 privalumai hidroizoliuojant beton\u0105<\/h2>\n<p class=\"whitespace-pre-wrap break-words\">Konstrukcijoms, kurios nuolat susiduria su dr\u0117gm\u0117s poveikiu, pavyzd\u017eiui, pamatams ir po\u017eeminiams tuneliams, tinkama hidroizoliacija yra nediskutuotina. Vandens u\u017etvarai turi kelet\u0105 pagrindini\u0173 privalum\u0173:<\/p>\n<p class=\"whitespace-pre-wrap break-words\">Strukt\u016brin\u0117 apsauga: U\u017ekertant keli\u0105 vandens skverbimuisi \u012f sand\u016bras, vandens stotel\u0117s padeda i\u0161vengti \u012fprast\u0173 problem\u0173, toki\u0173 kaip armat\u016bros korozija ir betono irimas, galin\u010di\u0173 kelti gr\u0117sm\u0119 konstrukcijos vientisumui.<\/p>\n<p class=\"whitespace-pre-wrap break-words\">I\u0161laid\u0173 nauda: Nors pradin\u0117 investicija \u012f kokybi\u0161kas vandens stoteles gali atrodyti didel\u0117, ji yra daug pigesn\u0117 nei v\u0117lesnis vandens \u017ealos remontas. Tinkamai \u012frengus hidroizoliacij\u0105 statybos metu, v\u0117liau nebereikia atlikti brangiai kainuojan\u010di\u0173 pataisym\u0173.<\/p>\n<p class=\"whitespace-pre-wrap break-words\">Padidintas ilgaam\u017ei\u0161kumas: Konstrukcijos, kuriose tinkamai sumontuotos vandens stotel\u0117s, paprastai tarnauja ilgiau, ypa\u010d sud\u0117tingoje aplinkoje, kurioje yra didelis vandens sl\u0117gis arba korozin\u0117s s\u0105lygos.<\/p>\n<p class=\"whitespace-pre-wrap break-words\">Atitiktis teis\u0117s aktams: Daugelyje statybos taisykli\u0173 reikalaujama naudoti vandens stoteles, ypa\u010d svarbioje infrastrukt\u016broje. J\u0173 naudojimas padeda u\u017etikrinti, kad j\u016bs\u0173 projektas atitikt\u0173 visus b\u016btinus saugos ir patikimumo standartus.<\/p>\n<p class=\"whitespace-pre-wrap break-words\">Atsakomyb\u0117 u\u017e aplink\u0105: Efektyvi hidroizoliacija apsaugo ne tik konstrukcij\u0105, bet ir supan\u010di\u0105 aplink\u0105 nuo galimo u\u017eter\u0161imo d\u0117l nuot\u0117kio.<\/p>\n<h2 class=\"font-600 text-xl font-bold\">Kod\u0117l verta rinktis mus savo klojini\u0173 vandens stabdymo poreikiams?<\/h2>\n<p class=\"whitespace-pre-wrap break-words\">M\u016bs\u0173 \u012fmon\u0117 specializuojasi teikdama statybos specialistams auk\u0161tos kokyb\u0117s klojini\u0173 sprendimus. Suprantame, kad kiekvienas projektas susiduria su unikaliais i\u0161\u0161\u016bkiais, tod\u0117l si\u016blome individuali\u0105 pagalb\u0105, kad pad\u0117tume pasirinkti tinkamus gaminius.<\/p>\n<p class=\"whitespace-pre-wrap break-words\">Did\u017eiuojam\u0117s greitu pristatymu ir i\u0161samiais kokyb\u0117s tikrinimo dokumentais. Nesvarbu, ar valdote didel\u012f infrastrukt\u016bros projekt\u0105, ar ma\u017eesn\u012f projekt\u0105, m\u016bs\u0173 komanda suteikia reikiam\u0105 kompetencij\u0105 ir param\u0105 viso projekto metu.<\/p>\n<h2 class=\"font-600 text-xl font-bold\">I\u0161vada<\/h2>\n<p class=\"whitespace-pre-wrap break-words\">Betonini\u0173 konstrukcij\u0173 s\u0117km\u0117 da\u017enai priklauso nuo to, ar teisingai pasirenkamos detal\u0117s, ypa\u010d kai kalbama apie hidroizoliacij\u0105. Efektyvus vandens ribotuv\u0173 naudojimas, tinkamai sumontuoti ri\u0161amieji strypai ir sparnuotosios ver\u017el\u0117s padeda u\u017etikrinti, kad konstrukcijos i\u0161likt\u0173 vandeniui nepralaid\u017eios ir ilgaam\u017e\u0117s. Bendradarbiaudami su tokiu patikimu tiek\u0117ju kaip mes, gausite kokybi\u0161kus gaminius ir param\u0105, reikaling\u0105 s\u0117kmingai u\u017ebaigti projektus.<\/p>","protected":false},"excerpt":{"rendered":"<p>Klojini\u0173 vandens stabdymo produktai yra labai svarb\u016bs kuriant vandeniui nelaid\u017eias u\u017etvaras betono konstrukcijose, apsaugan\u010dias nuo vandens pratek\u0117jimo per betono konstrukcij\u0173 sand\u016bras. \u0160ie gaminiai skirti naudoti kartu su kitais klojini\u0173 priedais, pavyzd\u017eiui, ri\u0161amaisiais strypais ir sparnuotosiomis ver\u017el\u0117mis, kad b\u016bt\u0173 u\u017etikrintas vientisas ir patvarus statybos procesas. B\u016bdami prekybos \u012fmon\u0117, si\u016blome individual\u0173 klient\u0173 aptarnavim\u0105, greit\u0105 pristatymo cikl\u0105 ir teikiame \u012fvairias kokyb\u0117s tikrinimo ataskaitas, kad u\u017etikrintume auk\u0161\u010diausius standartus savo klientams. Nesvarbu, ar jums reikia patarimo d\u0117l gamini\u0173 specifikacij\u0173, ar savalaikio pristatymo, esame pasiry\u017e\u0119 efektyviai ir patikimai patenkinti j\u016bs\u0173 poreikius.<\/p>","protected":false},"featured_media":8599,"comment_status":"open","ping_status":"closed","template":"","meta":{"site-sidebar-layout":"default","site-content-layout":"","ast-site-content-layout":"default","site-content-style":"default","site-sidebar-style":"default","ast-global-header-display":"","ast-banner-title-visibility":"","ast-main-header-display":"","ast-hfb-above-header-display":"","ast-hfb-below-header-display":"","ast-hfb-mobile-header-display":"","site-post-title":"","ast-breadcrumbs-content":"","ast-featured-img":"","footer-sml-layout":"","theme-transparent-header-meta":"default","adv-header-id-meta":"","stick-header-meta":"default","header-above-stick-meta":"","header-main-stick-meta":"","header-below-stick-meta":"","astra-migrate-meta-layouts":"set","ast-page-background-enabled":"default","ast-page-background-meta":{"desktop":{"background-color":"","background-image":"","background-repeat":"repeat","background-position":"center center","background-size":"auto","background-attachment":"scroll","background-type":"","background-media":"","overlay-type":"","overlay-color":"","overlay-opacity":"","overlay-gradient":""},"tablet":{"background-color":"","background-image":"","background-repeat":"repeat","background-position":"center center","background-size":"auto","background-attachment":"scroll","background-type":"","background-media":"","overlay-type":"","overlay-color":"","overlay-opacity":"","overlay-gradient":""},"mobile":{"background-color":"","background-image":"","background-repeat":"repeat","background-position":"center center","background-size":"auto","background-attachment":"scroll","background-type":"","background-media":"","overlay-type":"","overlay-color":"","overlay-opacity":"","overlay-gradient":""}},"ast-content-background-meta":{"desktop":{"background-color":"var(--ast-global-color-5)","background-image":"","background-repeat":"repeat","background-position":"center center","background-size":"auto","background-attachment":"scroll","background-type":"","background-media":"","overlay-type":"","overlay-color":"","overlay-opacity":"","overlay-gradient":""},"tablet":{"background-color":"var(--ast-global-color-5)","background-image":"","background-repeat":"repeat","background-position":"center center","background-size":"auto","background-attachment":"scroll","background-type":"","background-media":"","overlay-type":"","overlay-color":"","overlay-opacity":"","overlay-gradient":""},"mobile":{"background-color":"var(--ast-global-color-5)","background-image":"","background-repeat":"repeat","background-position":"center center","background-size":"auto","background-attachment":"scroll","background-type":"","background-media":"","overlay-type":"","overlay-color":"","overlay-opacity":"","overlay-gradient":""}}},"product_brand":[],"product_cat":[79],"product_tag":[],"class_list":{"0":"post-8601","1":"product","2":"type-product","3":"status-publish","4":"has-post-thumbnail","6":"product_cat-tie-rod-system","7":"desktop-align-left","8":"tablet-align-left","9":"mobile-align-left","10":"ast-product-gallery-layout-horizontal-slider","11":"ast-product-tabs-layout-horizontal","13":"first","14":"instock","15":"shipping-taxable","16":"purchasable","17":"product-type-simple"},"yoast_head":"<!-- This site is optimized with the Yoast SEO plugin v25.2 - https:\/\/yoast.com\/wordpress\/plugins\/seo\/ -->\n<title>Formwork Water Stop<\/title>\n<meta name=\"description\" content=\"Formwork water stop products are essential for creating waterproof barriers in concrete construction, preventing water leakage through joints in concrete structures.\" \/>\n<meta name=\"robots\" content=\"index, follow, max-snippet:-1, max-image-preview:large, max-video-preview:-1\" \/>\n<link rel=\"canonical\" href=\"https:\/\/qingdaohf.com\/lt\/produktas\/klojiniu-vandens-sustabdymas\/\" \/>\n<meta property=\"og:locale\" content=\"lt_LT\" \/>\n<meta property=\"og:type\" content=\"article\" \/>\n<meta property=\"og:title\" content=\"Formwork Water Stop\" \/>\n<meta property=\"og:description\" content=\"Formwork water stop products are essential for creating waterproof barriers in concrete construction, preventing water leakage through joints in concrete structures.\" \/>\n<meta property=\"og:url\" content=\"https:\/\/qingdaohf.com\/lt\/produktas\/klojiniu-vandens-sustabdymas\/\" \/>\n<meta property=\"og:site_name\" content=\"Concrete Form &amp; Rigging Hardware Supplier\" \/>\n<meta property=\"article:publisher\" content=\"https:\/\/www.facebook.com\/qingdaohf\" \/>\n<meta property=\"article:modified_time\" content=\"2025-11-13T01:02:22+00:00\" \/>\n<meta property=\"og:image\" content=\"https:\/\/qingdaohf.com\/wp-content\/uploads\/2024\/12\/tie-rod-water-stop-9.jpg\" \/>\n\t<meta property=\"og:image:width\" content=\"1000\" \/>\n\t<meta property=\"og:image:height\" content=\"1000\" \/>\n\t<meta property=\"og:image:type\" content=\"image\/jpeg\" \/>\n<meta name=\"twitter:card\" content=\"summary_large_image\" \/>\n<meta name=\"twitter:label1\" content=\"Est. reading time\" \/>\n\t<meta name=\"twitter:data1\" content=\"4 minut\u0117s\" \/>\n<script type=\"application\/ld+json\" class=\"yoast-schema-graph\">{\"@context\":\"https:\/\/schema.org\",\"@graph\":[{\"@type\":\"WebPage\",\"@id\":\"https:\/\/qingdaohf.com\/product\/formwork-water-stop\/\",\"url\":\"https:\/\/qingdaohf.com\/product\/formwork-water-stop\/\",\"name\":\"Formwork Water Stop\",\"isPartOf\":{\"@id\":\"https:\/\/qingdaohf.com\/bg\/#website\"},\"primaryImageOfPage\":{\"@id\":\"https:\/\/qingdaohf.com\/product\/formwork-water-stop\/#primaryimage\"},\"image\":{\"@id\":\"https:\/\/qingdaohf.com\/product\/formwork-water-stop\/#primaryimage\"},\"thumbnailUrl\":\"https:\/\/qingdaohf.com\/wp-content\/uploads\/2024\/12\/tie-rod-water-stop-9.jpg\",\"datePublished\":\"2024-12-27T09:18:28+00:00\",\"dateModified\":\"2025-11-13T01:02:22+00:00\",\"description\":\"Formwork water stop products are essential for creating waterproof barriers in concrete construction, preventing water leakage through joints in concrete structures.\",\"breadcrumb\":{\"@id\":\"https:\/\/qingdaohf.com\/product\/formwork-water-stop\/#breadcrumb\"},\"inLanguage\":\"lt-LT\",\"potentialAction\":[{\"@type\":\"ReadAction\",\"target\":[\"https:\/\/qingdaohf.com\/product\/formwork-water-stop\/\"]}]},{\"@type\":\"ImageObject\",\"inLanguage\":\"lt-LT\",\"@id\":\"https:\/\/qingdaohf.com\/product\/formwork-water-stop\/#primaryimage\",\"url\":\"https:\/\/qingdaohf.com\/wp-content\/uploads\/2024\/12\/tie-rod-water-stop-9.jpg\",\"contentUrl\":\"https:\/\/qingdaohf.com\/wp-content\/uploads\/2024\/12\/tie-rod-water-stop-9.jpg\",\"width\":1000,\"height\":1000},{\"@type\":\"BreadcrumbList\",\"@id\":\"https:\/\/qingdaohf.com\/product\/formwork-water-stop\/#breadcrumb\",\"itemListElement\":[{\"@type\":\"ListItem\",\"position\":1,\"name\":\"Home\",\"item\":\"https:\/\/qingdaohf.com\/\"},{\"@type\":\"ListItem\",\"position\":2,\"name\":\"Concrete Forming Accessories and Rigging Hardware\",\"item\":\"https:\/\/qingdaohf.com\/bg\/?page_id=944\"},{\"@type\":\"ListItem\",\"position\":3,\"name\":\"Formwork Water Stop\"}]},{\"@type\":\"WebSite\",\"@id\":\"https:\/\/qingdaohf.com\/bg\/#website\",\"url\":\"https:\/\/qingdaohf.com\/bg\/\",\"name\":\"Concrete Form & Rigging Hardware Supplier\",\"description\":\"\",\"publisher\":{\"@id\":\"https:\/\/qingdaohf.com\/bg\/#organization\"},\"potentialAction\":[{\"@type\":\"SearchAction\",\"target\":{\"@type\":\"EntryPoint\",\"urlTemplate\":\"https:\/\/qingdaohf.com\/bg\/?s={search_term_string}\"},\"query-input\":{\"@type\":\"PropertyValueSpecification\",\"valueRequired\":true,\"valueName\":\"search_term_string\"}}],\"inLanguage\":\"lt-LT\"},{\"@type\":\"Organization\",\"@id\":\"https:\/\/qingdaohf.com\/bg\/#organization\",\"name\":\"Qingdao H&F\",\"url\":\"https:\/\/qingdaohf.com\/bg\/\",\"logo\":{\"@type\":\"ImageObject\",\"inLanguage\":\"lt-LT\",\"@id\":\"https:\/\/qingdaohf.com\/bg\/#\/schema\/logo\/image\/\",\"url\":\"https:\/\/qingdaohf.com\/wp-content\/uploads\/2022\/12\/cropped-HF-LOGO.png\",\"contentUrl\":\"https:\/\/qingdaohf.com\/wp-content\/uploads\/2022\/12\/cropped-HF-LOGO.png\",\"width\":391,\"height\":249,\"caption\":\"Qingdao H&F\"},\"image\":{\"@id\":\"https:\/\/qingdaohf.com\/bg\/#\/schema\/logo\/image\/\"},\"sameAs\":[\"https:\/\/www.facebook.com\/qingdaohf\"]}]}<\/script>\n<!-- \/ Yoast SEO plugin. -->","yoast_head_json":{"title":"Formwork Water Stop","description":"Formwork water stop products are essential for creating waterproof barriers in concrete construction, preventing water leakage through joints in concrete structures.","robots":{"index":"index","follow":"follow","max-snippet":"max-snippet:-1","max-image-preview":"max-image-preview:large","max-video-preview":"max-video-preview:-1"},"canonical":"https:\/\/qingdaohf.com\/lt\/produktas\/klojiniu-vandens-sustabdymas\/","og_locale":"lt_LT","og_type":"article","og_title":"Formwork Water Stop","og_description":"Formwork water stop products are essential for creating waterproof barriers in concrete construction, preventing water leakage through joints in concrete structures.","og_url":"https:\/\/qingdaohf.com\/lt\/produktas\/klojiniu-vandens-sustabdymas\/","og_site_name":"Concrete Form &amp; Rigging Hardware Supplier","article_publisher":"https:\/\/www.facebook.com\/qingdaohf","article_modified_time":"2025-11-13T01:02:22+00:00","og_image":[{"width":1000,"height":1000,"url":"https:\/\/qingdaohf.com\/wp-content\/uploads\/2024\/12\/tie-rod-water-stop-9.jpg","type":"image\/jpeg"}],"twitter_card":"summary_large_image","twitter_misc":{"Est. reading time":"4 minut\u0117s"},"schema":{"@context":"https:\/\/schema.org","@graph":[{"@type":"WebPage","@id":"https:\/\/qingdaohf.com\/product\/formwork-water-stop\/","url":"https:\/\/qingdaohf.com\/product\/formwork-water-stop\/","name":"Formwork Water Stop","isPartOf":{"@id":"https:\/\/qingdaohf.com\/bg\/#website"},"primaryImageOfPage":{"@id":"https:\/\/qingdaohf.com\/product\/formwork-water-stop\/#primaryimage"},"image":{"@id":"https:\/\/qingdaohf.com\/product\/formwork-water-stop\/#primaryimage"},"thumbnailUrl":"https:\/\/qingdaohf.com\/wp-content\/uploads\/2024\/12\/tie-rod-water-stop-9.jpg","datePublished":"2024-12-27T09:18:28+00:00","dateModified":"2025-11-13T01:02:22+00:00","description":"Formwork water stop products are essential for creating waterproof barriers in concrete construction, preventing water leakage through joints in concrete structures.","breadcrumb":{"@id":"https:\/\/qingdaohf.com\/product\/formwork-water-stop\/#breadcrumb"},"inLanguage":"lt-LT","potentialAction":[{"@type":"ReadAction","target":["https:\/\/qingdaohf.com\/product\/formwork-water-stop\/"]}]},{"@type":"ImageObject","inLanguage":"lt-LT","@id":"https:\/\/qingdaohf.com\/product\/formwork-water-stop\/#primaryimage","url":"https:\/\/qingdaohf.com\/wp-content\/uploads\/2024\/12\/tie-rod-water-stop-9.jpg","contentUrl":"https:\/\/qingdaohf.com\/wp-content\/uploads\/2024\/12\/tie-rod-water-stop-9.jpg","width":1000,"height":1000},{"@type":"BreadcrumbList","@id":"https:\/\/qingdaohf.com\/product\/formwork-water-stop\/#breadcrumb","itemListElement":[{"@type":"ListItem","position":1,"name":"Home","item":"https:\/\/qingdaohf.com\/"},{"@type":"ListItem","position":2,"name":"Concrete Forming Accessories and Rigging Hardware","item":"https:\/\/qingdaohf.com\/bg\/?page_id=944"},{"@type":"ListItem","position":3,"name":"Formwork Water Stop"}]},{"@type":"WebSite","@id":"https:\/\/qingdaohf.com\/bg\/#website","url":"https:\/\/qingdaohf.com\/bg\/","name":"Concrete Form & Rigging Hardware Supplier","description":"","publisher":{"@id":"https:\/\/qingdaohf.com\/bg\/#organization"},"potentialAction":[{"@type":"SearchAction","target":{"@type":"EntryPoint","urlTemplate":"https:\/\/qingdaohf.com\/bg\/?s={search_term_string}"},"query-input":{"@type":"PropertyValueSpecification","valueRequired":true,"valueName":"search_term_string"}}],"inLanguage":"lt-LT"},{"@type":"Organization","@id":"https:\/\/qingdaohf.com\/bg\/#organization","name":"Qingdao H&F","url":"https:\/\/qingdaohf.com\/bg\/","logo":{"@type":"ImageObject","inLanguage":"lt-LT","@id":"https:\/\/qingdaohf.com\/bg\/#\/schema\/logo\/image\/","url":"https:\/\/qingdaohf.com\/wp-content\/uploads\/2022\/12\/cropped-HF-LOGO.png","contentUrl":"https:\/\/qingdaohf.com\/wp-content\/uploads\/2022\/12\/cropped-HF-LOGO.png","width":391,"height":249,"caption":"Qingdao H&F"},"image":{"@id":"https:\/\/qingdaohf.com\/bg\/#\/schema\/logo\/image\/"},"sameAs":["https:\/\/www.facebook.com\/qingdaohf"]}]}},"_links":{"self":[{"href":"https:\/\/qingdaohf.com\/lt\/wp-json\/wp\/v2\/product\/8601","targetHints":{"allow":["GET"]}}],"collection":[{"href":"https:\/\/qingdaohf.com\/lt\/wp-json\/wp\/v2\/product"}],"about":[{"href":"https:\/\/qingdaohf.com\/lt\/wp-json\/wp\/v2\/types\/product"}],"replies":[{"embeddable":true,"href":"https:\/\/qingdaohf.com\/lt\/wp-json\/wp\/v2\/comments?post=8601"}],"version-history":[{"count":1,"href":"https:\/\/qingdaohf.com\/lt\/wp-json\/wp\/v2\/product\/8601\/revisions"}],"predecessor-version":[{"id":8602,"href":"https:\/\/qingdaohf.com\/lt\/wp-json\/wp\/v2\/product\/8601\/revisions\/8602"}],"wp:featuredmedia":[{"embeddable":true,"href":"https:\/\/qingdaohf.com\/lt\/wp-json\/wp\/v2\/media\/8599"}],"wp:attachment":[{"href":"https:\/\/qingdaohf.com\/lt\/wp-json\/wp\/v2\/media?parent=8601"}],"wp:term":[{"taxonomy":"product_brand","embeddable":true,"href":"https:\/\/qingdaohf.com\/lt\/wp-json\/wp\/v2\/product_brand?post=8601"},{"taxonomy":"product_cat","embeddable":true,"href":"https:\/\/qingdaohf.com\/lt\/wp-json\/wp\/v2\/product_cat?post=8601"},{"taxonomy":"product_tag","embeddable":true,"href":"https:\/\/qingdaohf.com\/lt\/wp-json\/wp\/v2\/product_tag?post=8601"}],"curies":[{"name":"wp","href":"https:\/\/api.w.org\/{rel}","templated":true}]}}