{"id":8612,"date":"2024-12-31T15:41:05","date_gmt":"2024-12-31T07:41:05","guid":{"rendered":"http:\/\/qingdaohf.com\/?post_type=product&#038;p=8612"},"modified":"2025-11-13T09:02:21","modified_gmt":"2025-11-13T01:02:21","slug":"super-plate-combi-nut","status":"publish","type":"product","link":"https:\/\/qingdaohf.com\/lt\/produktas\/super-plokstele-combi-verzle\/","title":{"rendered":"Kombinuota ver\u017el\u0117 \"Super Plate Combi"},"content":{"rendered":"<h2 class=\"font-600 text-2xl font-bold\">\"Super Plate Combi\" ver\u017el\u0117: puikus kaklarai\u0161\u010di\u0173 sistem\u0173 palydovas<\/h2>\n<p class=\"whitespace-pre-wrap break-words\">Ie\u0161kote patikimo betono klojini\u0173 sprendimo? Kombinuota ver\u017el\u0117 \"Super Plate Combi Nut\" u\u017esitarnavo reputacij\u0105 kaip pagrindin\u0117 \u0161iuolaikini\u0173 ri\u0161am\u0173j\u0173 stryp\u0173 sistem\u0173 sudedamoji dalis. Kartu su ri\u0161amaisiais strypais ir vandens ribotuvais ji u\u017etikrina stabilum\u0105 ir tvirtum\u0105, kurio reikia sud\u0117tingiems statybos projektams. Pagaminta pagal grie\u017etus standartus, \u0161i esmin\u0117 detal\u0117 padeda rangovams pasiekti reikiam\u0105 konstrukcijos vientisum\u0105.<\/p>\n<p class=\"whitespace-pre-wrap break-words\">\"Qingdao H&amp;F\" tiekia \u0161iuos auk\u0161tos kokyb\u0117s statybinius komponentus statybininkams visame pasaulyje. Jie ne tik atitinka tarptautinius standartus, bet ir i\u0161siskiria greitu pristatymu, individualia pagalba ir i\u0161samiomis kiekvieno u\u017esakymo kokyb\u0117s ataskaitomis. J\u0173 \"Super Plate Combi Nut\" suteikia statybininkams pasitik\u0117jimo, kurio reikia sud\u0117tingiems projektams \u012fgyvendinti.<\/p>\n<h2 class=\"font-600 text-2xl font-bold\">Priver\u017eiam\u0173j\u0173 stryp\u0173 sistem\u0173 vaidmuo betono klojiniuose<\/h2>\n<p class=\"whitespace-pre-wrap break-words\">Kiekvienas, dirb\u0119s su betonu, \u017eino, kad klojini\u0173 stabilumas yra labai svarbus. B\u016btent \u010dia ir yra svarbios suri\u0161imo stryp\u0173 sistemos - jos yra nepelnytai primir\u0161ti didvyriai, padedantys visk\u0105 i\u0161lyginti ir u\u017etikrinti betono liejimo metu. \u012esivaizduokite tris pagrindinius veik\u0117jus, dirban\u010dius kartu: ri\u0161am\u0105j\u012f stryp\u0105, vandens ribotuv\u0105 ir \"Super Plate Combi Nut\" ver\u017el\u0119. Kiekvienas i\u0161 j\u0173 atlieka savo vaidmen\u012f kuriant tvirt\u0105 pagrind\u0105 s\u0117kmingoms statyboms.<\/p>\n<p class=\"whitespace-pre-wrap break-words\">Galvokite, kad trauk\u0117 yra sistemos pagrindas. Jis palaiko \u0161i\u0173 klojini\u0173 plok\u0161\u010di\u0173 jungt\u012f ir atram\u0105, kovodamas su did\u017eiuliu dr\u0117gno betono sl\u0117giu, kuris prie\u0161ingu atveju visk\u0105 i\u0161stumt\u0173 i\u0161 vietos. Tuo tarpu vandens ribotuvas veikia kaip sargas, strategi\u0161kai i\u0161d\u0117stytas i\u0161ilgai ri\u0161amojo strypo, kad neleist\u0173 vandeniui prasiskverbti pro konstrukcijos sand\u016bras. \u0160is vandens blokavimas yra labai svarbus ilgalaikei konstrukcijos b\u016bklei.<\/p>\n<p class=\"whitespace-pre-wrap break-words\">Visk\u0105 sujungia \"Super Plate Combi\" ver\u017el\u0117. Vienoje sumanios konstrukcijos ver\u017el\u0117je sujungta ver\u017el\u0117 ir plati plok\u0161t\u0117, tod\u0117l ji visk\u0105 u\u017efiksuoja ir tolygiai paskirsto sl\u0117g\u012f. Kai \u0161ie trys komponentai veikia darniai, sukuriama klojini\u0173 sistema, kuri net ir esant dideliam sl\u0117giui i\u0161lieka nepakitusi.<\/p>\n<h2 class=\"font-600 text-2xl font-bold\">Kod\u0117l \"Super Plate Combi Nut\" ver\u017el\u0117 yra prana\u0161esn\u0117 kaklarai\u0161\u010di\u0173 sistemose<\/h2>\n<p class=\"whitespace-pre-wrap break-words\">Kuo i\u0161siskiria \"Super Plate Combi\" ver\u017el\u0117? Pirmiausia med\u017eiagomis. Ji pagaminta i\u0161 auk\u0161\u010diausios kokyb\u0117s plieno, tod\u0117l atlaiko sm\u016bgius, kurie deformuot\u0173 prastesn\u0119 \u012frang\u0105. \u0160is tvirtumas svarbus, kai susiduriama su did\u017eiul\u0117mis j\u0117gomis, susijusiomis su betonavimo darbais.<\/p>\n<p class=\"whitespace-pre-wrap break-words\">Integruotos plok\u0161tel\u0117s dizainas yra ypa\u010d i\u0161manus. Paskirs\u010dius apkrov\u0105 didesniam pavir\u0161iaus plotui, \u012ftempiai nesusikaupia vienoje vietoje - tai da\u017ena problema, galinti sugadinti klojinius. Toks konstrukcijos pasirinkimas ne tik apsaugo j\u016bs\u0173 med\u017eiagas, bet ir rei\u0161kia, kad galite da\u017eniau pakartotinai naudoti komponentus, tod\u0117l laikui b\u0117gant sutaupysite pinig\u0173.<\/p>\n<p class=\"whitespace-pre-wrap break-words\">Rangovai vertina tai, kaip lengvai \"Super Plate Combi\" ver\u017el\u0117 dera prie j\u0173 turim\u0173 \u012frengini\u0173. Ji veikia su standartini\u0173 dyd\u017ei\u0173 ri\u0161amaisiais strypais ir vandens ribotuvais, tod\u0117l nereikia ie\u0161koti speciali\u0173 \u012franki\u0173 ar adapteri\u0173. Be to, padengta korozijai atsparia danga, ji veikia net tada, kai oras ir darbo s\u0105lygos tampa nepalankios.<\/p>\n<h2 class=\"font-600 text-2xl font-bold\">Visapusi\u0161kas sprendimas, kur\u012f remia \"Qingdao H&amp;F<\/h2>\n<p class=\"whitespace-pre-wrap break-words\">Tinkamo tiek\u0117jo paie\u0161ka yra ne ma\u017eiau svarbi nei tinkam\u0173 \u012franki\u0173 pasirinkimas. B\u016btent \u0161ioje srityje \"Qingdao H&amp;F\" spindi. Tur\u0117dami dviej\u0173 de\u0161imtme\u010di\u0173 tarptautin\u0117s prekybos patirt\u012f, jie su\u017einojo, ko reikia rangovams, kad jie s\u0117kmingai dirbt\u0173.<\/p>\n<p class=\"whitespace-pre-wrap break-words\">Jie si\u016blo piln\u0105 paket\u0105 - traukes, vandens ribotuvus ir \"Super Plate Combi Nuts\" ver\u017eles, kurios skland\u017eiai dera tarpusavyje. Greitas pristatymas u\u017etikrina projekt\u0173 eig\u0105, o i\u0161samios kokyb\u0117s ataskaitos suteikia jums pasitik\u0117jimo, kad kiekvienas komponentas veiks taip, kaip \u017ead\u0117ta.<\/p>\n<p class=\"whitespace-pre-wrap break-words\">Jie i\u0161siskiria praktiniu po\u017ei\u016briu \u012f klient\u0173 aptarnavim\u0105. Nesvarbu, ar jums reikia techninio patarimo, ar pagalbos logistikos srityje, j\u0173 komanda si\u016blo praktinius sprendimus, pritaikytus konkre\u010dioms j\u016bs\u0173 problemoms.<\/p>\n<p>I\u0161vados: Stiprumas ir tikslumas kiekvienam projektui<\/p>\n<p class=\"whitespace-pre-wrap break-words\">\"Super Plate Combi Nut\" ver\u017el\u0117 kasdien \u012frodo savo vert\u0119 darbo vietose. Kartu su kokybi\u0161kais ri\u0161amaisiais strypais ir vandens ribotuvais ji u\u017etikrina rangovams patikim\u0105 veikim\u0105, kurio reikia s\u0117kmingam betono formavimui.<\/p>","protected":false},"excerpt":{"rendered":"<p>Svetain\u0117 <strong>Kombinuota ver\u017el\u0117 \"Super Plate Combi<\/strong> yra universalus, didelio atsparumo priedas, skirtas betono formavimo darbams, pasi\u017eymintis neprilygstamu patvarumu ir patikimumu. Sukurtas reikliems statybos projektams, jis sprend\u017eia pagrindinius pirk\u0117j\u0173 klausimus, tokius kaip veikimas esant didel\u0117ms apkrovoms, atsparumas nusid\u0117v\u0117jimui ir suderinamumas su standartin\u0117mis ri\u0161imo sistemomis. \u0160\u012f gamin\u012f palaiko Qingdao H&amp;F \u012fsipareigojimas siekti auk\u0161\u010diausios kokyb\u0117s, tod\u0117l j\u012f papildo individualus klient\u0173 aptarnavimas, greitas pristatymas ir i\u0161samios kokyb\u0117s patikrinimo ataskaitos. Nesvarbu, ar j\u016bs\u0173 projektui reikia greitos apyvartos, ar pritaikyt\u0173 specifikacij\u0173, \"Qingdao H&amp;F\" u\u017etikrina, kad tur\u0117site reikiamus \u012frankius tada, kai j\u0173 reikia.<\/p>","protected":false},"featured_media":8611,"comment_status":"open","ping_status":"closed","template":"","meta":{"site-sidebar-layout":"default","site-content-layout":"","ast-site-content-layout":"default","site-content-style":"default","site-sidebar-style":"default","ast-global-header-display":"","ast-banner-title-visibility":"","ast-main-header-display":"","ast-hfb-above-header-display":"","ast-hfb-below-header-display":"","ast-hfb-mobile-header-display":"","site-post-title":"","ast-breadcrumbs-content":"","ast-featured-img":"","footer-sml-layout":"","theme-transparent-header-meta":"default","adv-header-id-meta":"","stick-header-meta":"default","header-above-stick-meta":"","header-main-stick-meta":"","header-below-stick-meta":"","astra-migrate-meta-layouts":"set","ast-page-background-enabled":"default","ast-page-background-meta":{"desktop":{"background-color":"","background-image":"","background-repeat":"repeat","background-position":"center center","background-size":"auto","background-attachment":"scroll","background-type":"","background-media":"","overlay-type":"","overlay-color":"","overlay-opacity":"","overlay-gradient":""},"tablet":{"background-color":"","background-image":"","background-repeat":"repeat","background-position":"center center","background-size":"auto","background-attachment":"scroll","background-type":"","background-media":"","overlay-type":"","overlay-color":"","overlay-opacity":"","overlay-gradient":""},"mobile":{"background-color":"","background-image":"","background-repeat":"repeat","background-position":"center center","background-size":"auto","background-attachment":"scroll","background-type":"","background-media":"","overlay-type":"","overlay-color":"","overlay-opacity":"","overlay-gradient":""}},"ast-content-background-meta":{"desktop":{"background-color":"var(--ast-global-color-5)","background-image":"","background-repeat":"repeat","background-position":"center center","background-size":"auto","background-attachment":"scroll","background-type":"","background-media":"","overlay-type":"","overlay-color":"","overlay-opacity":"","overlay-gradient":""},"tablet":{"background-color":"var(--ast-global-color-5)","background-image":"","background-repeat":"repeat","background-position":"center center","background-size":"auto","background-attachment":"scroll","background-type":"","background-media":"","overlay-type":"","overlay-color":"","overlay-opacity":"","overlay-gradient":""},"mobile":{"background-color":"var(--ast-global-color-5)","background-image":"","background-repeat":"repeat","background-position":"center center","background-size":"auto","background-attachment":"scroll","background-type":"","background-media":"","overlay-type":"","overlay-color":"","overlay-opacity":"","overlay-gradient":""}}},"product_brand":[],"product_cat":[79],"product_tag":[],"class_list":{"0":"post-8612","1":"product","2":"type-product","3":"status-publish","4":"has-post-thumbnail","6":"product_cat-tie-rod-system","7":"desktop-align-left","8":"tablet-align-left","9":"mobile-align-left","10":"ast-product-gallery-layout-horizontal-slider","11":"ast-product-gallery-with-no-image","12":"ast-product-tabs-layout-horizontal","14":"first","15":"instock","16":"shipping-taxable","17":"purchasable","18":"product-type-simple"},"yoast_head":"<!-- This site is optimized with the Yoast SEO plugin v25.2 - https:\/\/yoast.com\/wordpress\/plugins\/seo\/ -->\n<title>Super Plate Combi Nut<\/title>\n<meta name=\"description\" content=\"The Super Plate Combi Nut is a versatile, high-strength accessory designed for concrete forming applications, offering unparalleled durability and reliability.\" \/>\n<meta name=\"robots\" content=\"index, follow, max-snippet:-1, max-image-preview:large, max-video-preview:-1\" \/>\n<link rel=\"canonical\" href=\"https:\/\/qingdaohf.com\/lt\/produktas\/super-plokstele-combi-verzle\/\" \/>\n<meta property=\"og:locale\" content=\"lt_LT\" \/>\n<meta property=\"og:type\" content=\"article\" \/>\n<meta property=\"og:title\" content=\"Super Plate Combi Nut\" \/>\n<meta property=\"og:description\" content=\"The Super Plate Combi Nut is a versatile, high-strength accessory designed for concrete forming applications, offering unparalleled durability and reliability.\" \/>\n<meta property=\"og:url\" content=\"https:\/\/qingdaohf.com\/lt\/produktas\/super-plokstele-combi-verzle\/\" \/>\n<meta property=\"og:site_name\" content=\"Concrete Form &amp; Rigging Hardware Supplier\" \/>\n<meta property=\"article:publisher\" content=\"https:\/\/www.facebook.com\/qingdaohf\" \/>\n<meta property=\"article:modified_time\" content=\"2025-11-13T01:02:21+00:00\" \/>\n<meta property=\"og:image\" content=\"https:\/\/qingdaohf.com\/wp-content\/uploads\/2024\/12\/Super-Plate-Combi-Nut.jpg\" \/>\n\t<meta property=\"og:image:width\" content=\"1000\" \/>\n\t<meta property=\"og:image:height\" content=\"1000\" \/>\n\t<meta property=\"og:image:type\" content=\"image\/jpeg\" \/>\n<meta name=\"twitter:card\" content=\"summary_large_image\" \/>\n<meta name=\"twitter:label1\" content=\"Est. reading time\" \/>\n\t<meta name=\"twitter:data1\" content=\"3 minut\u0117s\" \/>\n<script type=\"application\/ld+json\" class=\"yoast-schema-graph\">{\"@context\":\"https:\/\/schema.org\",\"@graph\":[{\"@type\":\"WebPage\",\"@id\":\"https:\/\/qingdaohf.com\/product\/super-plate-combi-nut\/\",\"url\":\"https:\/\/qingdaohf.com\/product\/super-plate-combi-nut\/\",\"name\":\"Super Plate Combi Nut\",\"isPartOf\":{\"@id\":\"https:\/\/qingdaohf.com\/bg\/#website\"},\"primaryImageOfPage\":{\"@id\":\"https:\/\/qingdaohf.com\/product\/super-plate-combi-nut\/#primaryimage\"},\"image\":{\"@id\":\"https:\/\/qingdaohf.com\/product\/super-plate-combi-nut\/#primaryimage\"},\"thumbnailUrl\":\"https:\/\/qingdaohf.com\/wp-content\/uploads\/2024\/12\/Super-Plate-Combi-Nut.jpg\",\"datePublished\":\"2024-12-31T07:41:05+00:00\",\"dateModified\":\"2025-11-13T01:02:21+00:00\",\"description\":\"The Super Plate Combi Nut is a versatile, high-strength accessory designed for concrete forming applications, offering unparalleled durability and reliability.\",\"breadcrumb\":{\"@id\":\"https:\/\/qingdaohf.com\/product\/super-plate-combi-nut\/#breadcrumb\"},\"inLanguage\":\"lt-LT\",\"potentialAction\":[{\"@type\":\"ReadAction\",\"target\":[\"https:\/\/qingdaohf.com\/product\/super-plate-combi-nut\/\"]}]},{\"@type\":\"ImageObject\",\"inLanguage\":\"lt-LT\",\"@id\":\"https:\/\/qingdaohf.com\/product\/super-plate-combi-nut\/#primaryimage\",\"url\":\"https:\/\/qingdaohf.com\/wp-content\/uploads\/2024\/12\/Super-Plate-Combi-Nut.jpg\",\"contentUrl\":\"https:\/\/qingdaohf.com\/wp-content\/uploads\/2024\/12\/Super-Plate-Combi-Nut.jpg\",\"width\":1000,\"height\":1000,\"caption\":\"Super Plate Combi Nut\"},{\"@type\":\"BreadcrumbList\",\"@id\":\"https:\/\/qingdaohf.com\/product\/super-plate-combi-nut\/#breadcrumb\",\"itemListElement\":[{\"@type\":\"ListItem\",\"position\":1,\"name\":\"Home\",\"item\":\"https:\/\/qingdaohf.com\/\"},{\"@type\":\"ListItem\",\"position\":2,\"name\":\"Concrete Forming Accessories and Rigging Hardware\",\"item\":\"https:\/\/qingdaohf.com\/bg\/?page_id=944\"},{\"@type\":\"ListItem\",\"position\":3,\"name\":\"Super Plate Combi Nut\"}]},{\"@type\":\"WebSite\",\"@id\":\"https:\/\/qingdaohf.com\/bg\/#website\",\"url\":\"https:\/\/qingdaohf.com\/bg\/\",\"name\":\"Concrete Form & Rigging Hardware Supplier\",\"description\":\"\",\"publisher\":{\"@id\":\"https:\/\/qingdaohf.com\/bg\/#organization\"},\"potentialAction\":[{\"@type\":\"SearchAction\",\"target\":{\"@type\":\"EntryPoint\",\"urlTemplate\":\"https:\/\/qingdaohf.com\/bg\/?s={search_term_string}\"},\"query-input\":{\"@type\":\"PropertyValueSpecification\",\"valueRequired\":true,\"valueName\":\"search_term_string\"}}],\"inLanguage\":\"lt-LT\"},{\"@type\":\"Organization\",\"@id\":\"https:\/\/qingdaohf.com\/bg\/#organization\",\"name\":\"Qingdao H&F\",\"url\":\"https:\/\/qingdaohf.com\/bg\/\",\"logo\":{\"@type\":\"ImageObject\",\"inLanguage\":\"lt-LT\",\"@id\":\"https:\/\/qingdaohf.com\/bg\/#\/schema\/logo\/image\/\",\"url\":\"https:\/\/qingdaohf.com\/wp-content\/uploads\/2022\/12\/cropped-HF-LOGO.png\",\"contentUrl\":\"https:\/\/qingdaohf.com\/wp-content\/uploads\/2022\/12\/cropped-HF-LOGO.png\",\"width\":391,\"height\":249,\"caption\":\"Qingdao H&F\"},\"image\":{\"@id\":\"https:\/\/qingdaohf.com\/bg\/#\/schema\/logo\/image\/\"},\"sameAs\":[\"https:\/\/www.facebook.com\/qingdaohf\"]}]}<\/script>\n<!-- \/ Yoast SEO plugin. -->","yoast_head_json":{"title":"Super Plate Combi Nut","description":"The Super Plate Combi Nut is a versatile, high-strength accessory designed for concrete forming applications, offering unparalleled durability and reliability.","robots":{"index":"index","follow":"follow","max-snippet":"max-snippet:-1","max-image-preview":"max-image-preview:large","max-video-preview":"max-video-preview:-1"},"canonical":"https:\/\/qingdaohf.com\/lt\/produktas\/super-plokstele-combi-verzle\/","og_locale":"lt_LT","og_type":"article","og_title":"Super Plate Combi Nut","og_description":"The Super Plate Combi Nut is a versatile, high-strength accessory designed for concrete forming applications, offering unparalleled durability and reliability.","og_url":"https:\/\/qingdaohf.com\/lt\/produktas\/super-plokstele-combi-verzle\/","og_site_name":"Concrete Form &amp; Rigging Hardware Supplier","article_publisher":"https:\/\/www.facebook.com\/qingdaohf","article_modified_time":"2025-11-13T01:02:21+00:00","og_image":[{"width":1000,"height":1000,"url":"https:\/\/qingdaohf.com\/wp-content\/uploads\/2024\/12\/Super-Plate-Combi-Nut.jpg","type":"image\/jpeg"}],"twitter_card":"summary_large_image","twitter_misc":{"Est. reading time":"3 minut\u0117s"},"schema":{"@context":"https:\/\/schema.org","@graph":[{"@type":"WebPage","@id":"https:\/\/qingdaohf.com\/product\/super-plate-combi-nut\/","url":"https:\/\/qingdaohf.com\/product\/super-plate-combi-nut\/","name":"Super Plate Combi Nut","isPartOf":{"@id":"https:\/\/qingdaohf.com\/bg\/#website"},"primaryImageOfPage":{"@id":"https:\/\/qingdaohf.com\/product\/super-plate-combi-nut\/#primaryimage"},"image":{"@id":"https:\/\/qingdaohf.com\/product\/super-plate-combi-nut\/#primaryimage"},"thumbnailUrl":"https:\/\/qingdaohf.com\/wp-content\/uploads\/2024\/12\/Super-Plate-Combi-Nut.jpg","datePublished":"2024-12-31T07:41:05+00:00","dateModified":"2025-11-13T01:02:21+00:00","description":"The Super Plate Combi Nut is a versatile, high-strength accessory designed for concrete forming applications, offering unparalleled durability and reliability.","breadcrumb":{"@id":"https:\/\/qingdaohf.com\/product\/super-plate-combi-nut\/#breadcrumb"},"inLanguage":"lt-LT","potentialAction":[{"@type":"ReadAction","target":["https:\/\/qingdaohf.com\/product\/super-plate-combi-nut\/"]}]},{"@type":"ImageObject","inLanguage":"lt-LT","@id":"https:\/\/qingdaohf.com\/product\/super-plate-combi-nut\/#primaryimage","url":"https:\/\/qingdaohf.com\/wp-content\/uploads\/2024\/12\/Super-Plate-Combi-Nut.jpg","contentUrl":"https:\/\/qingdaohf.com\/wp-content\/uploads\/2024\/12\/Super-Plate-Combi-Nut.jpg","width":1000,"height":1000,"caption":"Super Plate Combi Nut"},{"@type":"BreadcrumbList","@id":"https:\/\/qingdaohf.com\/product\/super-plate-combi-nut\/#breadcrumb","itemListElement":[{"@type":"ListItem","position":1,"name":"Home","item":"https:\/\/qingdaohf.com\/"},{"@type":"ListItem","position":2,"name":"Concrete Forming Accessories and Rigging Hardware","item":"https:\/\/qingdaohf.com\/bg\/?page_id=944"},{"@type":"ListItem","position":3,"name":"Super Plate Combi Nut"}]},{"@type":"WebSite","@id":"https:\/\/qingdaohf.com\/bg\/#website","url":"https:\/\/qingdaohf.com\/bg\/","name":"Concrete Form & Rigging Hardware Supplier","description":"","publisher":{"@id":"https:\/\/qingdaohf.com\/bg\/#organization"},"potentialAction":[{"@type":"SearchAction","target":{"@type":"EntryPoint","urlTemplate":"https:\/\/qingdaohf.com\/bg\/?s={search_term_string}"},"query-input":{"@type":"PropertyValueSpecification","valueRequired":true,"valueName":"search_term_string"}}],"inLanguage":"lt-LT"},{"@type":"Organization","@id":"https:\/\/qingdaohf.com\/bg\/#organization","name":"Qingdao H&F","url":"https:\/\/qingdaohf.com\/bg\/","logo":{"@type":"ImageObject","inLanguage":"lt-LT","@id":"https:\/\/qingdaohf.com\/bg\/#\/schema\/logo\/image\/","url":"https:\/\/qingdaohf.com\/wp-content\/uploads\/2022\/12\/cropped-HF-LOGO.png","contentUrl":"https:\/\/qingdaohf.com\/wp-content\/uploads\/2022\/12\/cropped-HF-LOGO.png","width":391,"height":249,"caption":"Qingdao H&F"},"image":{"@id":"https:\/\/qingdaohf.com\/bg\/#\/schema\/logo\/image\/"},"sameAs":["https:\/\/www.facebook.com\/qingdaohf"]}]}},"_links":{"self":[{"href":"https:\/\/qingdaohf.com\/lt\/wp-json\/wp\/v2\/product\/8612","targetHints":{"allow":["GET"]}}],"collection":[{"href":"https:\/\/qingdaohf.com\/lt\/wp-json\/wp\/v2\/product"}],"about":[{"href":"https:\/\/qingdaohf.com\/lt\/wp-json\/wp\/v2\/types\/product"}],"replies":[{"embeddable":true,"href":"https:\/\/qingdaohf.com\/lt\/wp-json\/wp\/v2\/comments?post=8612"}],"version-history":[{"count":1,"href":"https:\/\/qingdaohf.com\/lt\/wp-json\/wp\/v2\/product\/8612\/revisions"}],"predecessor-version":[{"id":8613,"href":"https:\/\/qingdaohf.com\/lt\/wp-json\/wp\/v2\/product\/8612\/revisions\/8613"}],"wp:featuredmedia":[{"embeddable":true,"href":"https:\/\/qingdaohf.com\/lt\/wp-json\/wp\/v2\/media\/8611"}],"wp:attachment":[{"href":"https:\/\/qingdaohf.com\/lt\/wp-json\/wp\/v2\/media?parent=8612"}],"wp:term":[{"taxonomy":"product_brand","embeddable":true,"href":"https:\/\/qingdaohf.com\/lt\/wp-json\/wp\/v2\/product_brand?post=8612"},{"taxonomy":"product_cat","embeddable":true,"href":"https:\/\/qingdaohf.com\/lt\/wp-json\/wp\/v2\/product_cat?post=8612"},{"taxonomy":"product_tag","embeddable":true,"href":"https:\/\/qingdaohf.com\/lt\/wp-json\/wp\/v2\/product_tag?post=8612"}],"curies":[{"name":"wp","href":"https:\/\/api.w.org\/{rel}","templated":true}]}}