{"id":8614,"date":"2024-12-31T16:30:30","date_gmt":"2024-12-31T08:30:30","guid":{"rendered":"http:\/\/qingdaohf.com\/?post_type=product&#038;p=8614"},"modified":"2025-11-13T09:02:21","modified_gmt":"2025-11-13T01:02:21","slug":"tie-rod-plate-washer","status":"publish","type":"product","link":"https:\/\/qingdaohf.com\/lt\/produktas\/kaklaraiscio-strypo-ploksteles-poverzle\/","title":{"rendered":"Kaklarai\u0161\u010dio strypo plok\u0161tel\u0117s pover\u017el\u0117"},"content":{"rendered":"<h2 class=\"font-600 text-2xl font-bold\">Priri\u0161am\u0173j\u0173 stryp\u0173 sistemos vaidmuo \u0161iuolaikin\u0117je statyboje<\/h2>\n<p class=\"whitespace-pre-wrap break-words\">Betono klojinius \u012fsivaizduokite kaip mil\u017eini\u0161k\u0105 d\u0117lion\u0119, kurios kiekviena detal\u0117 turi puikiai der\u0117ti tarpusavyje. Susiejimo stryp\u0173 sistema \u010dia yra nepelnytas herojus, kuris i\u0161laiko visk\u0105 vietoje, kai tonos dr\u0117gno betono ima spausti klojinius. Tai ne tik paprasti strypai ir pover\u017el\u0117s - jie specialiai sukurti taip, kad atlaikyt\u0173 didel\u012f spaudim\u0105 ir i\u0161laikyt\u0173 tobul\u0105 lygiavim\u0105.<\/p>\n<p class=\"whitespace-pre-wrap break-words\">Pavyzd\u017eiui, kaklarai\u0161\u010dio trauk\u0117s. \u0160ie plieniniai darbiniai arkliai atlaiko did\u017eiul\u0119 i\u0161orin\u0119 dr\u0117gno betono j\u0117g\u0105, neleisdami formoms i\u0161sip\u016bsti ar pasislinkti. Projektuose, kuriuose atsparumas vandeniui yra labai svarbus, \u012f sistem\u0105 integruojami special\u016bs vandens stabdikliai. Jie sukuria vandeniui nelaid\u017eius sandariklius konstrukcij\u0173 sand\u016brose, o tai labai svarbu tokioms konstrukcijoms kaip r\u016bsio sienos ar vandens rezervuarai.<\/p>\n<p class=\"whitespace-pre-wrap break-words\">Galb\u016bt atrodo, kad kaklarai\u0161\u010dio trauk\u0117s plok\u0161tel\u0117s pover\u017el\u0117s yra paprastos, ta\u010diau i\u0161 tikr\u0173j\u0173 jos yra gana i\u0161manios. Paskirstydamos spaudim\u0105 didesniame klojini\u0173 plote, jos neleid\u017eia, kad kuris nors vienas ta\u0161kas patirt\u0173 per didel\u0119 apkrov\u0105. Sujungus jas su kombinuotomis ver\u017el\u0117mis, gaunamas tvirtas ir reguliuojamas sujungimo ta\u0161kas - b\u016btent tai, ko reikia, kai svarbus tikslumas.<\/p>\n<h2 class=\"font-600 text-xl font-bold\">Kaklarai\u0161\u010dio strypo plok\u0161\u010di\u0173 pover\u017eli\u0173 universalumo supratimas<\/h2>\n<p class=\"whitespace-pre-wrap break-words\">Prikabinimo stryp\u0173 plok\u0161teli\u0173 pover\u017el\u0117s pasi\u017eymi tuo, kad jos geba tolygiai paskirstyti j\u0117g\u0105. Jei j\u0173 neb\u016bt\u0173, kilt\u0173 pavojus, kad suri\u0161imo strypai pradurs arba sugadins klojini\u0173 plok\u0161tes. \u0160ios pover\u017el\u0117s gaminamos tvirtos, paprastai i\u0161 cinkuoto plieno ar pana\u0161i\u0173 med\u017eiag\u0173, kurios gali atlaikyti visk\u0105 - nuo nuolatin\u0117s dr\u0117gm\u0117s iki daugkartinio naudojimo skirtinguose projektuose.<\/p>\n<p class=\"whitespace-pre-wrap break-words\">J\u0173 konstrukcija labai paprasta - platus, plok\u0161\u010dias pavir\u0161ius, kuris apsaugo klojinius nuo pa\u017eeidim\u0173 spaud\u017eiant. Nesvarbu, ar dirbate prie dangorai\u017eio, ar prie tilto pamat\u0173, \u0161ios pover\u017el\u0117s atlieka svarb\u0173 vaidmen\u012f, kad viskas b\u016bt\u0173 suderinta ir stabilu.<\/p>\n<p class=\"whitespace-pre-wrap break-words\">Prid\u0117kite \"super plate combi\" ver\u017el\u0119 ir tur\u0117site dar daugiau galimybi\u0173 valdyti. \u0160is derinys leid\u017eia montuotojams nustatyti tobul\u0105 \u012ftempim\u0105 ant traukli\u0173, kad formos li\u016bties metu i\u0161likt\u0173 tiksliai ten, kur turi b\u016bti.<\/p>\n<h2 class=\"font-600 text-xl font-bold\">Privalumas renkantis Qingdao H&amp;F kaklarai\u0161\u010di\u0173 sistemas<\/h2>\n<p class=\"whitespace-pre-wrap break-words\">\"Qingdao H&amp;F\" ne tik gamina komponentus, bet ir kuria sprendimus. M\u016bs\u0173 suri\u0161am\u0173j\u0173 stryp\u0173 plok\u0161\u010di\u0173 pover\u017el\u0117s specialiai suprojektuotos taip, kad skland\u017eiai veikt\u0173 kartu su kitais klojini\u0173 komponentais ir sukurt\u0173 sistem\u0105, kuri yra didesn\u0117 nei jos dali\u0173 suma.<\/p>\n<p class=\"whitespace-pre-wrap break-words\">I\u0161 tikr\u0173j\u0173 skiriam\u0117s tuo, kaip dirbame su klientais. Nuo pat pirmos dienos jums bus skiriamas individualus d\u0117mesys, o komanda supras unikalius j\u016bs\u0173 projekto i\u0161\u0161\u016bkius. \u017dinome, kad statyb\u0173 grafikai yra \u012ftempti, tod\u0117l supaprastinome siuntimo proces\u0105, kad gautum\u0117te tai, ko jums reikia, tada, kai jums reikia.<\/p>\n<p class=\"whitespace-pre-wrap break-words\">Prie\u0161 i\u0161ve\u017eant kiekvien\u0105 gaminio partij\u0105 i\u0161 m\u016bs\u0173 gamyklos, ji kruop\u0161\u010diai i\u0161bandoma, o kartu su kiekviena siunta pateikiame i\u0161samias tikrinimo ataskaitas. Toks skaidrumas padeda jums pasitik\u0117ti gaunamo gaminio kokybe, o m\u016bs\u0173 technin\u0117 komanda yra pasirengusi suteikti bet kokius patarimus, kuri\u0173 jums gali prireikti.<\/p>\n<h2 class=\"font-600 text-xl font-bold\">Kod\u0117l kaklarai\u0161\u010dio sistema yra b\u016btina statyb\u0173 s\u0117kmei u\u017etikrinti<\/h2>\n<p class=\"whitespace-pre-wrap break-words\">Sunku pervertinti, koki\u0105 svarbi\u0105 viet\u0105 \u0161iuolaikin\u0117je betonin\u0117je konstrukcijoje u\u017eima traukli\u0173 sistema. Ji yra pagrindas, leid\u017eiantis sukurti tobulus betono elementus ir kartu pakankamai lanksti, kad b\u016bt\u0173 galima pritaikyti sud\u0117tingiems architekt\u016briniams projektams. \u012etraukus vandens sulaikymo \u012ftaisus, gaunama sistema, paruo\u0161ta bet kam - nuo paprast\u0173 sien\u0173 iki sud\u0117ting\u0173 vandens sulaikymo konstrukcij\u0173.<\/p>\n<p class=\"whitespace-pre-wrap break-words\">Prid\u0117jus kaklarai\u0161\u010dio strypo plok\u0161tel\u0117s pover\u017eles ir kombinuot\u0105sias ver\u017eles, viskas sujungiama tiesiogine ir perkeltine prasme. D\u0117l j\u0173 visa sistema tampa patogesn\u0117 naudoti, o apkrovos paskirstomos tinkamai, tod\u0117l suma\u017e\u0117ja brangiai kainuojan\u010di\u0173 klaid\u0173 ar gedim\u0173 tikimyb\u0117.<\/p>\n<p class=\"whitespace-pre-wrap break-words\">\u0160ioje pramon\u0117s \u0161akoje, kurioje n\u0117ra vietos klaidoms, kaklarai\u0161\u010di\u0173 sistema ne kart\u0105 pasiteisino. Tai patikimas pagrindas, leid\u017eiantis statybinink\u0173 komandoms pl\u0117sti ribas ir pasiekti \u012fsp\u016bding\u0173 rezultat\u0173, projektas po projekto.<\/p>","protected":false},"excerpt":{"rendered":"<p>Sujungimo stryp\u0173 plok\u0161\u010di\u0173 pover\u017el\u0117s yra labai svarb\u016bs betono klojini\u0173 sistem\u0173 komponentai, u\u017etikrinantys neprilygstam\u0105 apkrovos paskirstym\u0105 ir stabilum\u0105. Suderinamumas, ilgaam\u017ei\u0161kumas ir patikimas veikimas sud\u0117tingomis s\u0105lygomis - tai svarbiausios savyb\u0117s, kuri\u0173 ie\u0161ko pirk\u0117jai. Qingdao H&amp;F yra daugiau kaip 20 met\u0173 patirt\u012f turinti prekybos bendrov\u0117, garantuojanti auk\u0161\u010diausios kokyb\u0117s gaminius, individual\u0173 klient\u0173 aptarnavim\u0105, greit\u0105 pristatymo cikl\u0105 ir i\u0161samias kokyb\u0117s tikrinimo ataskaitas. M\u016bs\u0173 \u012fsipareigojimas siekti meistri\u0161kumo u\u017etikrina, kad j\u016bs\u0173 projektai nuo prad\u017eios iki pabaigos vykt\u0173 skland\u017eiai.<\/p>","protected":false},"featured_media":8616,"comment_status":"open","ping_status":"closed","template":"","meta":{"site-sidebar-layout":"default","site-content-layout":"","ast-site-content-layout":"default","site-content-style":"default","site-sidebar-style":"default","ast-global-header-display":"","ast-banner-title-visibility":"","ast-main-header-display":"","ast-hfb-above-header-display":"","ast-hfb-below-header-display":"","ast-hfb-mobile-header-display":"","site-post-title":"","ast-breadcrumbs-content":"","ast-featured-img":"","footer-sml-layout":"","theme-transparent-header-meta":"default","adv-header-id-meta":"","stick-header-meta":"default","header-above-stick-meta":"","header-main-stick-meta":"","header-below-stick-meta":"","astra-migrate-meta-layouts":"set","ast-page-background-enabled":"default","ast-page-background-meta":{"desktop":{"background-color":"","background-image":"","background-repeat":"repeat","background-position":"center center","background-size":"auto","background-attachment":"scroll","background-type":"","background-media":"","overlay-type":"","overlay-color":"","overlay-opacity":"","overlay-gradient":""},"tablet":{"background-color":"","background-image":"","background-repeat":"repeat","background-position":"center center","background-size":"auto","background-attachment":"scroll","background-type":"","background-media":"","overlay-type":"","overlay-color":"","overlay-opacity":"","overlay-gradient":""},"mobile":{"background-color":"","background-image":"","background-repeat":"repeat","background-position":"center center","background-size":"auto","background-attachment":"scroll","background-type":"","background-media":"","overlay-type":"","overlay-color":"","overlay-opacity":"","overlay-gradient":""}},"ast-content-background-meta":{"desktop":{"background-color":"var(--ast-global-color-5)","background-image":"","background-repeat":"repeat","background-position":"center center","background-size":"auto","background-attachment":"scroll","background-type":"","background-media":"","overlay-type":"","overlay-color":"","overlay-opacity":"","overlay-gradient":""},"tablet":{"background-color":"var(--ast-global-color-5)","background-image":"","background-repeat":"repeat","background-position":"center center","background-size":"auto","background-attachment":"scroll","background-type":"","background-media":"","overlay-type":"","overlay-color":"","overlay-opacity":"","overlay-gradient":""},"mobile":{"background-color":"var(--ast-global-color-5)","background-image":"","background-repeat":"repeat","background-position":"center center","background-size":"auto","background-attachment":"scroll","background-type":"","background-media":"","overlay-type":"","overlay-color":"","overlay-opacity":"","overlay-gradient":""}}},"product_brand":[],"product_cat":[79],"product_tag":[],"class_list":{"0":"post-8614","1":"product","2":"type-product","3":"status-publish","4":"has-post-thumbnail","6":"product_cat-tie-rod-system","7":"desktop-align-left","8":"tablet-align-left","9":"mobile-align-left","10":"ast-product-gallery-layout-horizontal-slider","11":"ast-product-gallery-with-no-image","12":"ast-product-tabs-layout-horizontal","14":"first","15":"instock","16":"shipping-taxable","17":"purchasable","18":"product-type-simple"},"yoast_head":"<!-- This site is optimized with the Yoast SEO plugin v25.2 - https:\/\/yoast.com\/wordpress\/plugins\/seo\/ -->\n<title>Tie Rod Plate Washer<\/title>\n<meta name=\"robots\" content=\"index, follow, max-snippet:-1, max-image-preview:large, max-video-preview:-1\" \/>\n<link rel=\"canonical\" href=\"https:\/\/qingdaohf.com\/lt\/produktas\/kaklaraiscio-strypo-ploksteles-poverzle\/\" \/>\n<meta property=\"og:locale\" content=\"lt_LT\" \/>\n<meta property=\"og:type\" content=\"article\" \/>\n<meta property=\"og:title\" content=\"Tie Rod Plate Washer\" \/>\n<meta property=\"og:description\" content=\"Tie rod plate washers are critical components in concrete formwork systems, providing unparalleled load distribution and stability. Compatibility, durability, and reliable performance under demanding conditions are the most important features that buyers look for. Qingdao H&amp;F is a trading company with over 20 years of experience, guaranteeing superior quality products, one-to-one customer service, fast delivery cycles, and detailed quality inspection reports. Our commitment to excellence ensures your projects run smoothly from start to finish.\" \/>\n<meta property=\"og:url\" content=\"https:\/\/qingdaohf.com\/lt\/produktas\/kaklaraiscio-strypo-ploksteles-poverzle\/\" \/>\n<meta property=\"og:site_name\" content=\"Concrete Form &amp; Rigging Hardware Supplier\" \/>\n<meta property=\"article:publisher\" content=\"https:\/\/www.facebook.com\/qingdaohf\" \/>\n<meta property=\"article:modified_time\" content=\"2025-11-13T01:02:21+00:00\" \/>\n<meta property=\"og:image\" content=\"https:\/\/qingdaohf.com\/wp-content\/uploads\/2024\/12\/Tie-Rod-Plate-Washer-2.webp\" \/>\n\t<meta property=\"og:image:width\" content=\"1000\" \/>\n\t<meta property=\"og:image:height\" content=\"1000\" \/>\n\t<meta property=\"og:image:type\" content=\"image\/webp\" \/>\n<meta name=\"twitter:card\" content=\"summary_large_image\" \/>\n<meta name=\"twitter:label1\" content=\"Est. reading time\" \/>\n\t<meta name=\"twitter:data1\" content=\"3 minut\u0117s\" \/>\n<script type=\"application\/ld+json\" class=\"yoast-schema-graph\">{\"@context\":\"https:\/\/schema.org\",\"@graph\":[{\"@type\":\"WebPage\",\"@id\":\"https:\/\/qingdaohf.com\/product\/tie-rod-plate-washer\/\",\"url\":\"https:\/\/qingdaohf.com\/product\/tie-rod-plate-washer\/\",\"name\":\"Tie Rod Plate Washer\",\"isPartOf\":{\"@id\":\"https:\/\/qingdaohf.com\/bg\/#website\"},\"primaryImageOfPage\":{\"@id\":\"https:\/\/qingdaohf.com\/product\/tie-rod-plate-washer\/#primaryimage\"},\"image\":{\"@id\":\"https:\/\/qingdaohf.com\/product\/tie-rod-plate-washer\/#primaryimage\"},\"thumbnailUrl\":\"https:\/\/qingdaohf.com\/wp-content\/uploads\/2024\/12\/Tie-Rod-Plate-Washer-2.webp\",\"datePublished\":\"2024-12-31T08:30:30+00:00\",\"dateModified\":\"2025-11-13T01:02:21+00:00\",\"breadcrumb\":{\"@id\":\"https:\/\/qingdaohf.com\/product\/tie-rod-plate-washer\/#breadcrumb\"},\"inLanguage\":\"lt-LT\",\"potentialAction\":[{\"@type\":\"ReadAction\",\"target\":[\"https:\/\/qingdaohf.com\/product\/tie-rod-plate-washer\/\"]}]},{\"@type\":\"ImageObject\",\"inLanguage\":\"lt-LT\",\"@id\":\"https:\/\/qingdaohf.com\/product\/tie-rod-plate-washer\/#primaryimage\",\"url\":\"https:\/\/qingdaohf.com\/wp-content\/uploads\/2024\/12\/Tie-Rod-Plate-Washer-2.webp\",\"contentUrl\":\"https:\/\/qingdaohf.com\/wp-content\/uploads\/2024\/12\/Tie-Rod-Plate-Washer-2.webp\",\"width\":1000,\"height\":1000,\"caption\":\"Tie Rod Plate Washer\"},{\"@type\":\"BreadcrumbList\",\"@id\":\"https:\/\/qingdaohf.com\/product\/tie-rod-plate-washer\/#breadcrumb\",\"itemListElement\":[{\"@type\":\"ListItem\",\"position\":1,\"name\":\"Home\",\"item\":\"https:\/\/qingdaohf.com\/\"},{\"@type\":\"ListItem\",\"position\":2,\"name\":\"Concrete Forming Accessories and Rigging Hardware\",\"item\":\"https:\/\/qingdaohf.com\/bg\/?page_id=944\"},{\"@type\":\"ListItem\",\"position\":3,\"name\":\"Tie Rod Plate Washer\"}]},{\"@type\":\"WebSite\",\"@id\":\"https:\/\/qingdaohf.com\/bg\/#website\",\"url\":\"https:\/\/qingdaohf.com\/bg\/\",\"name\":\"Concrete Form & Rigging Hardware Supplier\",\"description\":\"\",\"publisher\":{\"@id\":\"https:\/\/qingdaohf.com\/bg\/#organization\"},\"potentialAction\":[{\"@type\":\"SearchAction\",\"target\":{\"@type\":\"EntryPoint\",\"urlTemplate\":\"https:\/\/qingdaohf.com\/bg\/?s={search_term_string}\"},\"query-input\":{\"@type\":\"PropertyValueSpecification\",\"valueRequired\":true,\"valueName\":\"search_term_string\"}}],\"inLanguage\":\"lt-LT\"},{\"@type\":\"Organization\",\"@id\":\"https:\/\/qingdaohf.com\/bg\/#organization\",\"name\":\"Qingdao H&F\",\"url\":\"https:\/\/qingdaohf.com\/bg\/\",\"logo\":{\"@type\":\"ImageObject\",\"inLanguage\":\"lt-LT\",\"@id\":\"https:\/\/qingdaohf.com\/bg\/#\/schema\/logo\/image\/\",\"url\":\"https:\/\/qingdaohf.com\/wp-content\/uploads\/2022\/12\/cropped-HF-LOGO.png\",\"contentUrl\":\"https:\/\/qingdaohf.com\/wp-content\/uploads\/2022\/12\/cropped-HF-LOGO.png\",\"width\":391,\"height\":249,\"caption\":\"Qingdao H&F\"},\"image\":{\"@id\":\"https:\/\/qingdaohf.com\/bg\/#\/schema\/logo\/image\/\"},\"sameAs\":[\"https:\/\/www.facebook.com\/qingdaohf\"]}]}<\/script>\n<!-- \/ Yoast SEO plugin. -->","yoast_head_json":{"title":"Tie Rod Plate Washer","robots":{"index":"index","follow":"follow","max-snippet":"max-snippet:-1","max-image-preview":"max-image-preview:large","max-video-preview":"max-video-preview:-1"},"canonical":"https:\/\/qingdaohf.com\/lt\/produktas\/kaklaraiscio-strypo-ploksteles-poverzle\/","og_locale":"lt_LT","og_type":"article","og_title":"Tie Rod Plate Washer","og_description":"Tie rod plate washers are critical components in concrete formwork systems, providing unparalleled load distribution and stability. Compatibility, durability, and reliable performance under demanding conditions are the most important features that buyers look for. Qingdao H&amp;F is a trading company with over 20 years of experience, guaranteeing superior quality products, one-to-one customer service, fast delivery cycles, and detailed quality inspection reports. Our commitment to excellence ensures your projects run smoothly from start to finish.","og_url":"https:\/\/qingdaohf.com\/lt\/produktas\/kaklaraiscio-strypo-ploksteles-poverzle\/","og_site_name":"Concrete Form &amp; Rigging Hardware Supplier","article_publisher":"https:\/\/www.facebook.com\/qingdaohf","article_modified_time":"2025-11-13T01:02:21+00:00","og_image":[{"width":1000,"height":1000,"url":"https:\/\/qingdaohf.com\/wp-content\/uploads\/2024\/12\/Tie-Rod-Plate-Washer-2.webp","type":"image\/webp"}],"twitter_card":"summary_large_image","twitter_misc":{"Est. reading time":"3 minut\u0117s"},"schema":{"@context":"https:\/\/schema.org","@graph":[{"@type":"WebPage","@id":"https:\/\/qingdaohf.com\/product\/tie-rod-plate-washer\/","url":"https:\/\/qingdaohf.com\/product\/tie-rod-plate-washer\/","name":"Tie Rod Plate Washer","isPartOf":{"@id":"https:\/\/qingdaohf.com\/bg\/#website"},"primaryImageOfPage":{"@id":"https:\/\/qingdaohf.com\/product\/tie-rod-plate-washer\/#primaryimage"},"image":{"@id":"https:\/\/qingdaohf.com\/product\/tie-rod-plate-washer\/#primaryimage"},"thumbnailUrl":"https:\/\/qingdaohf.com\/wp-content\/uploads\/2024\/12\/Tie-Rod-Plate-Washer-2.webp","datePublished":"2024-12-31T08:30:30+00:00","dateModified":"2025-11-13T01:02:21+00:00","breadcrumb":{"@id":"https:\/\/qingdaohf.com\/product\/tie-rod-plate-washer\/#breadcrumb"},"inLanguage":"lt-LT","potentialAction":[{"@type":"ReadAction","target":["https:\/\/qingdaohf.com\/product\/tie-rod-plate-washer\/"]}]},{"@type":"ImageObject","inLanguage":"lt-LT","@id":"https:\/\/qingdaohf.com\/product\/tie-rod-plate-washer\/#primaryimage","url":"https:\/\/qingdaohf.com\/wp-content\/uploads\/2024\/12\/Tie-Rod-Plate-Washer-2.webp","contentUrl":"https:\/\/qingdaohf.com\/wp-content\/uploads\/2024\/12\/Tie-Rod-Plate-Washer-2.webp","width":1000,"height":1000,"caption":"Tie Rod Plate Washer"},{"@type":"BreadcrumbList","@id":"https:\/\/qingdaohf.com\/product\/tie-rod-plate-washer\/#breadcrumb","itemListElement":[{"@type":"ListItem","position":1,"name":"Home","item":"https:\/\/qingdaohf.com\/"},{"@type":"ListItem","position":2,"name":"Concrete Forming Accessories and Rigging Hardware","item":"https:\/\/qingdaohf.com\/bg\/?page_id=944"},{"@type":"ListItem","position":3,"name":"Tie Rod Plate Washer"}]},{"@type":"WebSite","@id":"https:\/\/qingdaohf.com\/bg\/#website","url":"https:\/\/qingdaohf.com\/bg\/","name":"Concrete Form & Rigging Hardware Supplier","description":"","publisher":{"@id":"https:\/\/qingdaohf.com\/bg\/#organization"},"potentialAction":[{"@type":"SearchAction","target":{"@type":"EntryPoint","urlTemplate":"https:\/\/qingdaohf.com\/bg\/?s={search_term_string}"},"query-input":{"@type":"PropertyValueSpecification","valueRequired":true,"valueName":"search_term_string"}}],"inLanguage":"lt-LT"},{"@type":"Organization","@id":"https:\/\/qingdaohf.com\/bg\/#organization","name":"Qingdao H&F","url":"https:\/\/qingdaohf.com\/bg\/","logo":{"@type":"ImageObject","inLanguage":"lt-LT","@id":"https:\/\/qingdaohf.com\/bg\/#\/schema\/logo\/image\/","url":"https:\/\/qingdaohf.com\/wp-content\/uploads\/2022\/12\/cropped-HF-LOGO.png","contentUrl":"https:\/\/qingdaohf.com\/wp-content\/uploads\/2022\/12\/cropped-HF-LOGO.png","width":391,"height":249,"caption":"Qingdao H&F"},"image":{"@id":"https:\/\/qingdaohf.com\/bg\/#\/schema\/logo\/image\/"},"sameAs":["https:\/\/www.facebook.com\/qingdaohf"]}]}},"_links":{"self":[{"href":"https:\/\/qingdaohf.com\/lt\/wp-json\/wp\/v2\/product\/8614","targetHints":{"allow":["GET"]}}],"collection":[{"href":"https:\/\/qingdaohf.com\/lt\/wp-json\/wp\/v2\/product"}],"about":[{"href":"https:\/\/qingdaohf.com\/lt\/wp-json\/wp\/v2\/types\/product"}],"replies":[{"embeddable":true,"href":"https:\/\/qingdaohf.com\/lt\/wp-json\/wp\/v2\/comments?post=8614"}],"version-history":[{"count":1,"href":"https:\/\/qingdaohf.com\/lt\/wp-json\/wp\/v2\/product\/8614\/revisions"}],"predecessor-version":[{"id":8617,"href":"https:\/\/qingdaohf.com\/lt\/wp-json\/wp\/v2\/product\/8614\/revisions\/8617"}],"wp:featuredmedia":[{"embeddable":true,"href":"https:\/\/qingdaohf.com\/lt\/wp-json\/wp\/v2\/media\/8616"}],"wp:attachment":[{"href":"https:\/\/qingdaohf.com\/lt\/wp-json\/wp\/v2\/media?parent=8614"}],"wp:term":[{"taxonomy":"product_brand","embeddable":true,"href":"https:\/\/qingdaohf.com\/lt\/wp-json\/wp\/v2\/product_brand?post=8614"},{"taxonomy":"product_cat","embeddable":true,"href":"https:\/\/qingdaohf.com\/lt\/wp-json\/wp\/v2\/product_cat?post=8614"},{"taxonomy":"product_tag","embeddable":true,"href":"https:\/\/qingdaohf.com\/lt\/wp-json\/wp\/v2\/product_tag?post=8614"}],"curies":[{"name":"wp","href":"https:\/\/api.w.org\/{rel}","templated":true}]}}