{"id":8618,"date":"2024-12-31T17:02:10","date_gmt":"2024-12-31T09:02:10","guid":{"rendered":"http:\/\/qingdaohf.com\/?post_type=product&#038;p=8618"},"modified":"2025-11-13T09:02:21","modified_gmt":"2025-11-13T01:02:21","slug":"formwork-hex-nut-connection","status":"publish","type":"product","link":"https:\/\/qingdaohf.com\/lt\/produktas\/klojiniu-sesiabriaunes-verzles-jungtis\/","title":{"rendered":"Klojini\u0173 \u0161e\u0161iabriaun\u0117s ver\u017el\u0117s jungtis"},"content":{"rendered":"<h2 class=\"font-600 text-2xl font-bold\">Klojini\u0173 \u0161e\u0161iakampi\u0173 ver\u017eli\u0173 vaidmuo statyboje<\/h2>\n<p class=\"whitespace-pre-wrap break-words\">Statybose klojini\u0173 \u0161e\u0161iabriaun\u0117s ver\u017el\u0117s yra esmin\u0117s sudedamosios dalys, u\u017etikrinan\u010dios klojini\u0173 sistem\u0173 stabilum\u0105. \u0160ios ver\u017el\u0117s, pagamintos i\u0161 auk\u0161tos kokyb\u0117s med\u017eiag\u0173, u\u017etikrina tvirtum\u0105, kurio reikia, kad konstrukcijos elementai b\u016bt\u0173 saug\u016bs. Jos ypa\u010d svarbios ri\u0161am\u0173j\u0173 stryp\u0173 sistemose, kur padeda palaikyti tinkam\u0105 klojini\u0173 lygiavim\u0105 betonuojant ir kiet\u0117jant betonui.<\/p>\n<h2 class=\"font-600 text-2xl font-bold\">Supratimas apie kaklarai\u0161\u010dio strypo sistem\u0105<\/h2>\n<p class=\"whitespace-pre-wrap break-words\">\u0160iuolaikiniai klojiniai labai priklauso nuo suri\u0161am\u0173j\u0173 stryp\u0173 sistem\u0173, kuriose keli komponentai veikia kartu, kad u\u017etikrint\u0173 strukt\u016brin\u0119 atram\u0105. Pats ri\u0161amasis strypas yra pagrindinis \u012ftempimo elementas, kuris paskirsto apkrovas visoje klojini\u0173 konstrukcijoje. Kartu su juo veikiantys vandens ribotuvai neleid\u017eia dr\u0117gmei prasiskverbti pro konstrukcijos sand\u016bras. \u0160e\u0161iabriaun\u0117 klojini\u0173 ver\u017el\u0117 sujungia \u0161iuos elementus, sukurdama patikim\u0105 ir veiksming\u0105 sistem\u0105.<\/p>\n<h2 class=\"font-600 text-2xl font-bold\">Suderinamumas su pagalbiniais komponentais<\/h2>\n<p class=\"whitespace-pre-wrap break-words\">\u0160e\u0161iabriaun\u0117 klojini\u0173 ver\u017el\u0117, kaip tvirtinimo elementas, fiksuoja ri\u0161amuosius strypus, i\u0161laikydama reguliavimo galimybes. Ji puikiai dera su keliomis kitomis dalimis, \u012fskaitant \"Super Plate\", kombinuot\u0105j\u0105 ver\u017el\u0119, kaklarai\u0161\u010dio strypo plok\u0161t\u0117s pover\u017el\u0119 ir vandens ribotuvus. Super plok\u0161t\u0117 puikiai dera su \u0161e\u0161iabriaune ver\u017ele, kad apkrovos pasiskirstyt\u0173 didesniame plote ir suma\u017eint\u0173 spaudim\u0105 klojini\u0173 plok\u0161t\u0117ms. Pana\u0161iai, tiek \"Combi\" ver\u017el\u0117, tiek \"Tie Rod Plate\" pover\u017el\u0117 padeda tolygiai paskirstyti j\u0117gas ir apsaugo nuo deformacijos veikiant sl\u0117giui.<\/p>\n<h2 class=\"font-600 text-2xl font-bold\">Pagrindin\u0117s funkcijos ir privalumai<\/h2>\n<p class=\"whitespace-pre-wrap break-words\">\u0160e\u0161iakampi\u0173 klojini\u0173 ver\u017eli\u0173 tvirtum\u0105 lemia j\u0173 tvirta konstrukcija. Pagamintos i\u0161 plieno arba lydini\u0173, jos atlaiko dideles j\u0117gas, atsirandan\u010dias atliekant statybos darbus. D\u0117l j\u0173 \u0161e\u0161iabriaun\u0117s konstrukcijos jas lengva suimti ir priver\u017eti net ir sunkiomis statybviet\u0117s s\u0105lygomis. Dauguma versij\u0173 yra cinkuotos arba apdorotos antikorozine danga, kad atlaikyt\u0173 at\u0161iaurias oro s\u0105lygas ir aplinkos i\u0161\u0161\u016bkius.<\/p>\n<p class=\"whitespace-pre-wrap break-words\">\u0160ios ver\u017el\u0117s labai prisideda prie statybos efektyvumo. I\u0161laikydamos stabilias kaklarai\u0161\u010di\u0173 sistemas, jos suma\u017eina derinimo problemas, taupydamos brang\u0173 laik\u0105 ir pinigus. Prakti\u0161kos konstrukcijos ver\u017el\u0117s leid\u017eia darbininkams greitai jas sumontuoti ir nuimti, tod\u0117l pagreit\u0117ja darbai statybviet\u0117je.<\/p>\n<h2 class=\"font-600 text-2xl font-bold\">M\u016bs\u0173 \u012fsipareigojimas u\u017etikrinti kokyb\u0119 ir aptarnavim\u0105<\/h2>\n<p class=\"whitespace-pre-wrap break-words\">Tinkamos klojini\u0173 \u0161e\u0161iabriaun\u0117s ver\u017el\u0117s pasirinkimas apima ne tik gaminio specifikacijas. Mes tai pripa\u017e\u012fstame ir si\u016blome visapusi\u0161k\u0105 pagalb\u0105, neapsiribodami vien tik technin\u0117s \u012frangos pardavimu. M\u016bs\u0173 individualus klient\u0173 aptarnavimas u\u017etikrina, kad kiekvienas klientas gaut\u0173 reikiam\u0105 d\u0117mes\u012f, o sprendimai b\u016bt\u0173 pritaikyti prie konkre\u010di\u0173 jo reikalavim\u0173. Taip kuriami tvirti, pasitik\u0117jimu ir pasitenkinimu grind\u017eiami santykiai su klientais.<\/p>\n<p class=\"whitespace-pre-wrap break-words\">Suprantame, kad statyb\u0173 terminai yra labai svarb\u016bs, tod\u0117l pirmenyb\u0119 teikiame greitam pristatymui. M\u016bs\u0173 greito pristatymo galimyb\u0117s gali i\u0161 ties\u0173 pakeisti projekt\u0173 grafikus, nesvarbu, ar tai b\u016bt\u0173 stamb\u016bs projektai, ar ma\u017eesni darbai.<\/p>\n<p class=\"whitespace-pre-wrap break-words\">Kokyb\u0117 i\u0161lieka m\u016bs\u0173 veiklos pagrindas. Kiekviena klojini\u0173 \u0161e\u0161iabriaun\u0117 ver\u017el\u0117 kruop\u0161\u010diai i\u0161bandoma - nuo stiprumo \u012fvertinimo iki dyd\u017eio patikrinimo. Pateikiame i\u0161samius patikrinimo dokumentus, tod\u0117l klientai gali visi\u0161kai pasitik\u0117ti savo pirkiniais.<\/p>\n<h2 class=\"font-600 text-2xl font-bold\">Integruoti sprendimai \u012fvairioms programoms<\/h2>\n<p class=\"whitespace-pre-wrap break-words\">Tikroji klojini\u0173 \u0161e\u0161iakampi\u0173 ver\u017eli\u0173 vert\u0117 i\u0161ry\u0161k\u0117ja, kai jos veikia kartu su ri\u0161amaisiais strypais, vandens ribotuvais ir plok\u0161\u010di\u0173 pover\u017el\u0117mis. \u0160is derinys sukuria patikim\u0105 sistem\u0105, kuri pritaikoma \u012fvairiems statybos poreikiams. Pavyzd\u017eiui, vykdant hidroizoliacijos reikalavimus atitinkan\u010dius projektus, vandens ribotuvas kartu su ri\u0161am\u0173j\u0173 stryp\u0173 sistema u\u017etikrina vandeniui nelaid\u017eias jungtis ir apsaugo pastato konstrukcijos vientisum\u0105.<\/p>\n<p class=\"whitespace-pre-wrap break-words\">\u0160ios \u0161e\u0161iabriaun\u0117s ver\u017el\u0117s vienodai gerai tinka \u012fvairi\u0173 tip\u0173 klojiniams. Nuo tradicini\u0173 medini\u0173 klojini\u0173 iki \u0161iuolaikini\u0173 modulini\u0173 sistem\u0173 - jos u\u017etikrina pastov\u0173 veikim\u0105. D\u0117l \u0161io pritaikomumo ir paprasto montavimo jos yra vertingos efektyviai ir ekonomi\u0161kai efektyviai statybai.<\/p>\n<h2 class=\"font-600 text-2xl font-bold\">I\u0161vada<\/h2>\n<p class=\"whitespace-pre-wrap break-words\">\u0160e\u0161iabriaun\u0117s klojini\u0173 ver\u017el\u0117s yra ne tik pagrindin\u0117 aparat\u016bra, bet ir labai svarb\u016bs \u0161iuolaikin\u0117s statybos elementai. D\u0117l j\u0173 esminio vaidmens ri\u0161am\u0173j\u0173 stryp\u0173 sistemose ir suderinamumo su \"Super Plates\", \"Combi\" ver\u017el\u0117mis ir vandens ribotuvais jos yra ne\u012ftik\u0117tinai universalios. \u0160ios \u0161e\u0161iabriaun\u0117s ver\u017el\u0117s tampa nepakei\u010diamos statyb\u0173 specialistams, kuriems teikiame i\u0161sam\u0173 paslaug\u0173 paket\u0105, \u012fskaitant specializuot\u0105 pagalb\u0105, greit\u0105 pristatym\u0105 ir grie\u017etus kokyb\u0117s patikrinimus. Kitam projektui rinkit\u0117s m\u016bs\u0173 klojini\u0173 \u0161e\u0161iabriauni\u0173 ver\u017eli\u0173 patikimum\u0105 ir efektyvum\u0105.<\/p>","protected":false},"excerpt":{"rendered":"<p>\u0160e\u0161iabriaun\u0117 klojini\u0173 ver\u017el\u0117 yra patikima \u0161iuolaikin\u0117je statyboje d\u0117l geriausio suderinamumo su ri\u0161am\u0173j\u0173 stryp\u0173 sistema ir gali u\u017etikrinti saug\u0173 ir ilgalaik\u012f tvirtinim\u0105 atliekant grie\u017etus klojini\u0173 darbus. B\u016bdama viena i\u0161 profesionali\u0173 prekybos \u012fmoni\u0173, parduodame \u0161ias prekes: individuali klient\u0173 patirtis, greitas pristatymo ciklas ir i\u0161samios kokyb\u0117s patikrinimo ataskaitos. Toks r\u016bpestis neabejotinai u\u017etikrins, kad jums bus pateikti geriausi produktai, kad b\u016bt\u0173 u\u017etikrintas statybviet\u0117s efektyvumas ir saugumas.<\/p>","protected":false},"featured_media":8620,"comment_status":"open","ping_status":"closed","template":"","meta":{"site-sidebar-layout":"default","site-content-layout":"","ast-site-content-layout":"default","site-content-style":"default","site-sidebar-style":"default","ast-global-header-display":"","ast-banner-title-visibility":"","ast-main-header-display":"","ast-hfb-above-header-display":"","ast-hfb-below-header-display":"","ast-hfb-mobile-header-display":"","site-post-title":"","ast-breadcrumbs-content":"","ast-featured-img":"","footer-sml-layout":"","theme-transparent-header-meta":"default","adv-header-id-meta":"","stick-header-meta":"default","header-above-stick-meta":"","header-main-stick-meta":"","header-below-stick-meta":"","astra-migrate-meta-layouts":"set","ast-page-background-enabled":"default","ast-page-background-meta":{"desktop":{"background-color":"","background-image":"","background-repeat":"repeat","background-position":"center center","background-size":"auto","background-attachment":"scroll","background-type":"","background-media":"","overlay-type":"","overlay-color":"","overlay-opacity":"","overlay-gradient":""},"tablet":{"background-color":"","background-image":"","background-repeat":"repeat","background-position":"center center","background-size":"auto","background-attachment":"scroll","background-type":"","background-media":"","overlay-type":"","overlay-color":"","overlay-opacity":"","overlay-gradient":""},"mobile":{"background-color":"","background-image":"","background-repeat":"repeat","background-position":"center center","background-size":"auto","background-attachment":"scroll","background-type":"","background-media":"","overlay-type":"","overlay-color":"","overlay-opacity":"","overlay-gradient":""}},"ast-content-background-meta":{"desktop":{"background-color":"var(--ast-global-color-5)","background-image":"","background-repeat":"repeat","background-position":"center center","background-size":"auto","background-attachment":"scroll","background-type":"","background-media":"","overlay-type":"","overlay-color":"","overlay-opacity":"","overlay-gradient":""},"tablet":{"background-color":"var(--ast-global-color-5)","background-image":"","background-repeat":"repeat","background-position":"center center","background-size":"auto","background-attachment":"scroll","background-type":"","background-media":"","overlay-type":"","overlay-color":"","overlay-opacity":"","overlay-gradient":""},"mobile":{"background-color":"var(--ast-global-color-5)","background-image":"","background-repeat":"repeat","background-position":"center center","background-size":"auto","background-attachment":"scroll","background-type":"","background-media":"","overlay-type":"","overlay-color":"","overlay-opacity":"","overlay-gradient":""}}},"product_brand":[],"product_cat":[79],"product_tag":[],"class_list":{"0":"post-8618","1":"product","2":"type-product","3":"status-publish","4":"has-post-thumbnail","6":"product_cat-tie-rod-system","7":"desktop-align-left","8":"tablet-align-left","9":"mobile-align-left","10":"ast-product-gallery-layout-horizontal-slider","11":"ast-product-gallery-with-no-image","12":"ast-product-tabs-layout-horizontal","14":"first","15":"instock","16":"shipping-taxable","17":"purchasable","18":"product-type-simple"},"yoast_head":"<!-- This site is optimized with the Yoast SEO plugin v25.2 - https:\/\/yoast.com\/wordpress\/plugins\/seo\/ -->\n<title>Formwork Hex Nut Connection<\/title>\n<meta name=\"robots\" content=\"index, follow, max-snippet:-1, max-image-preview:large, max-video-preview:-1\" \/>\n<link rel=\"canonical\" href=\"https:\/\/qingdaohf.com\/lt\/produktas\/klojiniu-sesiabriaunes-verzles-jungtis\/\" \/>\n<meta property=\"og:locale\" content=\"lt_LT\" \/>\n<meta property=\"og:type\" content=\"article\" \/>\n<meta property=\"og:title\" content=\"Formwork Hex Nut Connection\" \/>\n<meta property=\"og:description\" content=\"Formwork Hex Nut has a reliable feature in modern construction due to best compatibility with the tie rod system and can make fastening secure, long-lasting for rigorous formwork work. Being one professional trading company, the selling points are one-to-one customer experience, quick delivery cycle and complete quality inspection reports. That much of care will definitely assure giving the best products to be given to you for assured on-site efficiency and safety.\" \/>\n<meta property=\"og:url\" content=\"https:\/\/qingdaohf.com\/lt\/produktas\/klojiniu-sesiabriaunes-verzles-jungtis\/\" \/>\n<meta property=\"og:site_name\" content=\"Concrete Form &amp; Rigging Hardware Supplier\" \/>\n<meta property=\"article:publisher\" content=\"https:\/\/www.facebook.com\/qingdaohf\" \/>\n<meta property=\"article:modified_time\" content=\"2025-11-13T01:02:21+00:00\" \/>\n<meta property=\"og:image\" content=\"https:\/\/qingdaohf.com\/wp-content\/uploads\/2024\/12\/Formwork-Hex-Nut-2.jpg\" \/>\n\t<meta property=\"og:image:width\" content=\"1000\" \/>\n\t<meta property=\"og:image:height\" content=\"1000\" \/>\n\t<meta property=\"og:image:type\" content=\"image\/jpeg\" \/>\n<meta name=\"twitter:card\" content=\"summary_large_image\" \/>\n<meta name=\"twitter:label1\" content=\"Est. reading time\" \/>\n\t<meta name=\"twitter:data1\" content=\"3 minut\u0117s\" \/>\n<script type=\"application\/ld+json\" class=\"yoast-schema-graph\">{\"@context\":\"https:\/\/schema.org\",\"@graph\":[{\"@type\":\"WebPage\",\"@id\":\"https:\/\/qingdaohf.com\/product\/formwork-hex-nut-connection\/\",\"url\":\"https:\/\/qingdaohf.com\/product\/formwork-hex-nut-connection\/\",\"name\":\"Formwork Hex Nut Connection\",\"isPartOf\":{\"@id\":\"https:\/\/qingdaohf.com\/bg\/#website\"},\"primaryImageOfPage\":{\"@id\":\"https:\/\/qingdaohf.com\/product\/formwork-hex-nut-connection\/#primaryimage\"},\"image\":{\"@id\":\"https:\/\/qingdaohf.com\/product\/formwork-hex-nut-connection\/#primaryimage\"},\"thumbnailUrl\":\"https:\/\/qingdaohf.com\/wp-content\/uploads\/2024\/12\/Formwork-Hex-Nut-2.jpg\",\"datePublished\":\"2024-12-31T09:02:10+00:00\",\"dateModified\":\"2025-11-13T01:02:21+00:00\",\"breadcrumb\":{\"@id\":\"https:\/\/qingdaohf.com\/product\/formwork-hex-nut-connection\/#breadcrumb\"},\"inLanguage\":\"lt-LT\",\"potentialAction\":[{\"@type\":\"ReadAction\",\"target\":[\"https:\/\/qingdaohf.com\/product\/formwork-hex-nut-connection\/\"]}]},{\"@type\":\"ImageObject\",\"inLanguage\":\"lt-LT\",\"@id\":\"https:\/\/qingdaohf.com\/product\/formwork-hex-nut-connection\/#primaryimage\",\"url\":\"https:\/\/qingdaohf.com\/wp-content\/uploads\/2024\/12\/Formwork-Hex-Nut-2.jpg\",\"contentUrl\":\"https:\/\/qingdaohf.com\/wp-content\/uploads\/2024\/12\/Formwork-Hex-Nut-2.jpg\",\"width\":1000,\"height\":1000,\"caption\":\"Formwork Hex Nut\"},{\"@type\":\"BreadcrumbList\",\"@id\":\"https:\/\/qingdaohf.com\/product\/formwork-hex-nut-connection\/#breadcrumb\",\"itemListElement\":[{\"@type\":\"ListItem\",\"position\":1,\"name\":\"Home\",\"item\":\"https:\/\/qingdaohf.com\/\"},{\"@type\":\"ListItem\",\"position\":2,\"name\":\"Concrete Forming Accessories and Rigging Hardware\",\"item\":\"https:\/\/qingdaohf.com\/bg\/?page_id=944\"},{\"@type\":\"ListItem\",\"position\":3,\"name\":\"Formwork Hex Nut Connection\"}]},{\"@type\":\"WebSite\",\"@id\":\"https:\/\/qingdaohf.com\/bg\/#website\",\"url\":\"https:\/\/qingdaohf.com\/bg\/\",\"name\":\"Concrete Form & Rigging Hardware Supplier\",\"description\":\"\",\"publisher\":{\"@id\":\"https:\/\/qingdaohf.com\/bg\/#organization\"},\"potentialAction\":[{\"@type\":\"SearchAction\",\"target\":{\"@type\":\"EntryPoint\",\"urlTemplate\":\"https:\/\/qingdaohf.com\/bg\/?s={search_term_string}\"},\"query-input\":{\"@type\":\"PropertyValueSpecification\",\"valueRequired\":true,\"valueName\":\"search_term_string\"}}],\"inLanguage\":\"lt-LT\"},{\"@type\":\"Organization\",\"@id\":\"https:\/\/qingdaohf.com\/bg\/#organization\",\"name\":\"Qingdao H&F\",\"url\":\"https:\/\/qingdaohf.com\/bg\/\",\"logo\":{\"@type\":\"ImageObject\",\"inLanguage\":\"lt-LT\",\"@id\":\"https:\/\/qingdaohf.com\/bg\/#\/schema\/logo\/image\/\",\"url\":\"https:\/\/qingdaohf.com\/wp-content\/uploads\/2022\/12\/cropped-HF-LOGO.png\",\"contentUrl\":\"https:\/\/qingdaohf.com\/wp-content\/uploads\/2022\/12\/cropped-HF-LOGO.png\",\"width\":391,\"height\":249,\"caption\":\"Qingdao H&F\"},\"image\":{\"@id\":\"https:\/\/qingdaohf.com\/bg\/#\/schema\/logo\/image\/\"},\"sameAs\":[\"https:\/\/www.facebook.com\/qingdaohf\"]}]}<\/script>\n<!-- \/ Yoast SEO plugin. -->","yoast_head_json":{"title":"Formwork Hex Nut Connection","robots":{"index":"index","follow":"follow","max-snippet":"max-snippet:-1","max-image-preview":"max-image-preview:large","max-video-preview":"max-video-preview:-1"},"canonical":"https:\/\/qingdaohf.com\/lt\/produktas\/klojiniu-sesiabriaunes-verzles-jungtis\/","og_locale":"lt_LT","og_type":"article","og_title":"Formwork Hex Nut Connection","og_description":"Formwork Hex Nut has a reliable feature in modern construction due to best compatibility with the tie rod system and can make fastening secure, long-lasting for rigorous formwork work. Being one professional trading company, the selling points are one-to-one customer experience, quick delivery cycle and complete quality inspection reports. That much of care will definitely assure giving the best products to be given to you for assured on-site efficiency and safety.","og_url":"https:\/\/qingdaohf.com\/lt\/produktas\/klojiniu-sesiabriaunes-verzles-jungtis\/","og_site_name":"Concrete Form &amp; Rigging Hardware Supplier","article_publisher":"https:\/\/www.facebook.com\/qingdaohf","article_modified_time":"2025-11-13T01:02:21+00:00","og_image":[{"width":1000,"height":1000,"url":"https:\/\/qingdaohf.com\/wp-content\/uploads\/2024\/12\/Formwork-Hex-Nut-2.jpg","type":"image\/jpeg"}],"twitter_card":"summary_large_image","twitter_misc":{"Est. reading time":"3 minut\u0117s"},"schema":{"@context":"https:\/\/schema.org","@graph":[{"@type":"WebPage","@id":"https:\/\/qingdaohf.com\/product\/formwork-hex-nut-connection\/","url":"https:\/\/qingdaohf.com\/product\/formwork-hex-nut-connection\/","name":"Formwork Hex Nut Connection","isPartOf":{"@id":"https:\/\/qingdaohf.com\/bg\/#website"},"primaryImageOfPage":{"@id":"https:\/\/qingdaohf.com\/product\/formwork-hex-nut-connection\/#primaryimage"},"image":{"@id":"https:\/\/qingdaohf.com\/product\/formwork-hex-nut-connection\/#primaryimage"},"thumbnailUrl":"https:\/\/qingdaohf.com\/wp-content\/uploads\/2024\/12\/Formwork-Hex-Nut-2.jpg","datePublished":"2024-12-31T09:02:10+00:00","dateModified":"2025-11-13T01:02:21+00:00","breadcrumb":{"@id":"https:\/\/qingdaohf.com\/product\/formwork-hex-nut-connection\/#breadcrumb"},"inLanguage":"lt-LT","potentialAction":[{"@type":"ReadAction","target":["https:\/\/qingdaohf.com\/product\/formwork-hex-nut-connection\/"]}]},{"@type":"ImageObject","inLanguage":"lt-LT","@id":"https:\/\/qingdaohf.com\/product\/formwork-hex-nut-connection\/#primaryimage","url":"https:\/\/qingdaohf.com\/wp-content\/uploads\/2024\/12\/Formwork-Hex-Nut-2.jpg","contentUrl":"https:\/\/qingdaohf.com\/wp-content\/uploads\/2024\/12\/Formwork-Hex-Nut-2.jpg","width":1000,"height":1000,"caption":"Formwork Hex Nut"},{"@type":"BreadcrumbList","@id":"https:\/\/qingdaohf.com\/product\/formwork-hex-nut-connection\/#breadcrumb","itemListElement":[{"@type":"ListItem","position":1,"name":"Home","item":"https:\/\/qingdaohf.com\/"},{"@type":"ListItem","position":2,"name":"Concrete Forming Accessories and Rigging Hardware","item":"https:\/\/qingdaohf.com\/bg\/?page_id=944"},{"@type":"ListItem","position":3,"name":"Formwork Hex Nut Connection"}]},{"@type":"WebSite","@id":"https:\/\/qingdaohf.com\/bg\/#website","url":"https:\/\/qingdaohf.com\/bg\/","name":"Concrete Form & Rigging Hardware Supplier","description":"","publisher":{"@id":"https:\/\/qingdaohf.com\/bg\/#organization"},"potentialAction":[{"@type":"SearchAction","target":{"@type":"EntryPoint","urlTemplate":"https:\/\/qingdaohf.com\/bg\/?s={search_term_string}"},"query-input":{"@type":"PropertyValueSpecification","valueRequired":true,"valueName":"search_term_string"}}],"inLanguage":"lt-LT"},{"@type":"Organization","@id":"https:\/\/qingdaohf.com\/bg\/#organization","name":"Qingdao H&F","url":"https:\/\/qingdaohf.com\/bg\/","logo":{"@type":"ImageObject","inLanguage":"lt-LT","@id":"https:\/\/qingdaohf.com\/bg\/#\/schema\/logo\/image\/","url":"https:\/\/qingdaohf.com\/wp-content\/uploads\/2022\/12\/cropped-HF-LOGO.png","contentUrl":"https:\/\/qingdaohf.com\/wp-content\/uploads\/2022\/12\/cropped-HF-LOGO.png","width":391,"height":249,"caption":"Qingdao H&F"},"image":{"@id":"https:\/\/qingdaohf.com\/bg\/#\/schema\/logo\/image\/"},"sameAs":["https:\/\/www.facebook.com\/qingdaohf"]}]}},"_links":{"self":[{"href":"https:\/\/qingdaohf.com\/lt\/wp-json\/wp\/v2\/product\/8618","targetHints":{"allow":["GET"]}}],"collection":[{"href":"https:\/\/qingdaohf.com\/lt\/wp-json\/wp\/v2\/product"}],"about":[{"href":"https:\/\/qingdaohf.com\/lt\/wp-json\/wp\/v2\/types\/product"}],"replies":[{"embeddable":true,"href":"https:\/\/qingdaohf.com\/lt\/wp-json\/wp\/v2\/comments?post=8618"}],"version-history":[{"count":2,"href":"https:\/\/qingdaohf.com\/lt\/wp-json\/wp\/v2\/product\/8618\/revisions"}],"predecessor-version":[{"id":8737,"href":"https:\/\/qingdaohf.com\/lt\/wp-json\/wp\/v2\/product\/8618\/revisions\/8737"}],"wp:featuredmedia":[{"embeddable":true,"href":"https:\/\/qingdaohf.com\/lt\/wp-json\/wp\/v2\/media\/8620"}],"wp:attachment":[{"href":"https:\/\/qingdaohf.com\/lt\/wp-json\/wp\/v2\/media?parent=8618"}],"wp:term":[{"taxonomy":"product_brand","embeddable":true,"href":"https:\/\/qingdaohf.com\/lt\/wp-json\/wp\/v2\/product_brand?post=8618"},{"taxonomy":"product_cat","embeddable":true,"href":"https:\/\/qingdaohf.com\/lt\/wp-json\/wp\/v2\/product_cat?post=8618"},{"taxonomy":"product_tag","embeddable":true,"href":"https:\/\/qingdaohf.com\/lt\/wp-json\/wp\/v2\/product_tag?post=8618"}],"curies":[{"name":"wp","href":"https:\/\/api.w.org\/{rel}","templated":true}]}}