{"id":8624,"date":"2025-01-02T15:50:36","date_gmt":"2025-01-02T07:50:36","guid":{"rendered":"http:\/\/qingdaohf.com\/?post_type=product&#038;p=8624"},"modified":"2025-11-13T09:02:21","modified_gmt":"2025-11-13T01:02:21","slug":"steel-tie-rod-cone","status":"publish","type":"product","link":"https:\/\/qingdaohf.com\/lt\/produktas\/plieninis-kaklaraiscio-kugis\/","title":{"rendered":"Plieninis kaklarai\u0161\u010dio strypo k\u016bgis"},"content":{"rendered":"<h2 class=\"whitespace-pre-wrap break-words\">Plieninio kaklarai\u0161\u010dio k\u016bgio supratimas ir jo vaidmuo statyboje<\/h2>\n<p class=\"whitespace-pre-wrap break-words\">Plieniniai ri\u0161am\u0173j\u0173 stryp\u0173 k\u016bgiai atlieka svarb\u0173 vaidmen\u012f \u0161iuolaikin\u0117je statyboje, ypa\u010d montuojant klojinius. \u0160ie paprasti, bet labai svarb\u016bs komponentai u\u017edengia ri\u0161am\u0173j\u0173 stryp\u0173 galus ir sukuria esmin\u0119 s\u0105saj\u0105 tarp klojini\u0173 ir betono konstrukcij\u0173. Jie ne tik sujungia elementus, bet ir atlieka vandens stabdymo funkcij\u0105 bei u\u017etikrina tikslius tarpus, pad\u0117dami statyb\u0173 komandoms i\u0161laikyti grie\u017etus standartus, neaukojant statybos kokyb\u0117s ar grei\u010dio.<\/p>\n<p class=\"whitespace-pre-wrap break-words\">Liejant beton\u0105, ri\u0161am\u0173j\u0173 stryp\u0173 k\u016bgiai apsaugo nuo tiesioginio ri\u0161am\u0173j\u0173 stryp\u0173 kontakto su \u0161lapiu betonu, tod\u0117l apsaugomas klojini\u0173 konstrukcijos tvirtumas. D\u0117l j\u0173 konstrukcijos taip pat daug lengviau nuimti klojinius betonui sustingus - tai labai svarbu laikinoms sistemoms, naudojamoms nuo tilt\u0173 iki dangorai\u017ei\u0173 ir pramonini\u0173 pastat\u0173.<\/p>\n<h2 class=\"font-600 text-xl font-bold\">Kaklarai\u0161\u010dio strypo sistema: Bendradarbiavimo tinklas<\/h2>\n<p class=\"whitespace-pre-wrap break-words\">Ry\u0161io stryp\u0173 k\u016bgiai neveikia pavieniui - jie yra integruotos sistemos, kuri\u0105 sudaro vandens ribotuvai, trauk\u0117s, kombinuotosios ver\u017el\u0117s ir plok\u0161\u010di\u0173 pover\u017el\u0117s, dalis. \u0160ie komponentai veikia kartu kaip gerai sutepta ma\u0161ina, kad atlaikyt\u0173 intensyv\u0173 statybos darb\u0173 spaudim\u0105.<\/p>\n<p class=\"whitespace-pre-wrap break-words\">Viso to esm\u0117 - traukos strypas, kuris u\u017etikrina tempimo j\u0117g\u0105, reikaling\u0105 dr\u0117gnam betonui sulaikyti pilant ir kiet\u0117jant. Vandens sulaikymo \u012ftaisai sukuria svarbius sandarinimo elementus, apsaugan\u010dius nuo dr\u0117gm\u0117s - tai ypa\u010d svarbu po\u017eemin\u0117ms konstrukcijoms arba bet kam, kas turi sulaikyti vanden\u012f. Plieninis ri\u0161amojo strypo k\u016bgis sustiprina \u0161i\u0105 sistem\u0105, nes pagerina ir konstrukcijos ilgaam\u017ei\u0161kum\u0105, ir jos eksploatacines savybes.<\/p>\n<p class=\"whitespace-pre-wrap break-words\">Kombinuota ver\u017el\u0117 \"Superplate\" visk\u0105 tvirtai u\u017efiksuoja, i\u0161laikydama vienod\u0105 \u012ftempim\u0105 visoje sistemoje ir neleisdama klojiniams pasislinkti. Tuo tarpu suri\u0161am\u0173j\u0173 stryp\u0173 plok\u0161\u010di\u0173 pover\u017el\u0117s tolygiai paskirsto apkrov\u0105 klojini\u0173 pavir\u0161iuje, taip pa\u0161alindamos silpn\u0105sias vietas, d\u0117l kuri\u0173 v\u0117liau gali kilti problem\u0173.<\/p>\n<h2 class=\"font-600 text-xl font-bold\">Plienini\u0173 kaklarai\u0161\u010di\u0173 k\u016bgi\u0173 naudojimo projektuose privalumai<\/h2>\n<p class=\"whitespace-pre-wrap break-words\">Plieniniai traukli\u0173 k\u016bgiai statybviet\u0117se turi kelet\u0105 pagrindini\u0173 privalum\u0173. J\u0173 tikslaus i\u0161d\u0117stymo galimyb\u0117s u\u017etikrina, kad sien\u0173 storis i\u0161likt\u0173 vienodas ir b\u016bt\u0173 tiksliai laikomasi architekt\u016brini\u0173 specifikacij\u0173. Be to, jie puikiai dera su kitais traukli\u0173 sistemos komponentais, tod\u0117l supaprast\u0117ja montavimas ir suma\u017e\u0117ja darbo s\u0105naudos.<\/p>\n<p class=\"whitespace-pre-wrap break-words\">\u0160ie k\u016bgiai yra ilgaam\u017eiai, pagaminti i\u0161 auk\u0161tos kokyb\u0117s plieno, kuris atlaiko dideles apkrovas ir at\u0161iaurias oro s\u0105lygas. Toks patvarumas rei\u0161kia, kad statyb\u0173 komandos gali juos naudoti daug kart\u0173, taupydamos pinigus ir ma\u017eindamos atliek\u0173 kiek\u012f statybos procese.<\/p>\n<p class=\"whitespace-pre-wrap break-words\">Qingdao H&amp;F gamykloje kiekvienas k\u016bgis grie\u017etai i\u0161bandomas, kad b\u016bt\u0173 patikrintas jo tvirtumas ir matmen\u0173 tikslumas. Kartu su kiekviena siunta pateikiame i\u0161samias kokyb\u0117s patikrinimo ataskaitas, tod\u0117l m\u016bs\u0173 klientai gali b\u016bti tikri, kad j\u0173 med\u017eiagos atitiks visus saugos ir teis\u0117s akt\u0173 reikalavimus. M\u016bs\u0173 individualus klient\u0173 aptarnavimas padeda pirk\u0117jams surasti b\u016btent j\u0173 konkretiems projektams tinkamus ri\u0161am\u0173j\u0173 stryp\u0173 sistemos sprendimus.<\/p>\n<h2 class=\"font-600 text-xl font-bold\">Integracija ir na\u0161umas: Visk\u0105 sujungti \u012f vien\u0105 visum\u0105<\/h2>\n<p class=\"whitespace-pre-wrap break-words\">Tai, kaip \u0161ie komponentai veikia kartu, rodo, kokia svarbi yra gera in\u017einerija ir kokybi\u0161kos med\u017eiagos. Tinkamai sumontuota visa sistema, kuri\u0105 sudaro traukli\u0173 k\u016bgiai, vandens ribotuvai, traukl\u0117s, ver\u017el\u0117s ir pover\u017el\u0117s, sukuria patikim\u0105 statybos darb\u0173 pagrind\u0105.<\/p>\n<p class=\"whitespace-pre-wrap break-words\">Teisingai visk\u0105 i\u0161lyginus, klojiniai i\u0161lieka stabil\u016bs, kol betonas kiet\u0117ja, tod\u0117l i\u0161vengiama nuot\u0117kio, strukt\u016brini\u0173 problem\u0173 ir projekto v\u0117lavimo. D\u0117l modulin\u0117s sistemos konstrukcijos ji yra pakankamai universali, kad j\u0105 b\u016bt\u0173 galima naudoti \u012fvairiuose projektuose - nuo paprast\u0173 atramini\u0173 sieneli\u0173 iki dideli\u0173 infrastrukt\u016bros darb\u0173.<\/p>\n<p class=\"whitespace-pre-wrap break-words\">Pasirinkti \"H&amp;F Qingdao\" rei\u0161kia gauti ir auk\u0161\u010diausios kokyb\u0117s gaminius, ir didel\u0119 patirt\u012f klojini\u0173 sistem\u0173 srityje. Mes did\u017eiuojam\u0117s greitu pristatymu ir asmeniniu aptarnavimu, padedan\u010diu \u012fgyvendinti j\u016bs\u0173 projektus nuo prad\u017eios iki pabaigos. Nesvarbu, ar jums reikia suri\u0161am\u0173j\u0173 stryp\u0173 k\u016bgi\u0173 vienam darbui, ar norite patikimo ilgalaikio tiek\u0117jo, mes u\u017etikriname i\u0161skirtin\u0119 vert\u0119 ir patikimum\u0105.<\/p>","protected":false},"excerpt":{"rendered":"<p data-pm-slice=\"1 1 []\">Plieniniai ri\u0161am\u0173j\u0173 stryp\u0173 k\u016bgiai atlieka svarb\u0173 vaidmen\u012f formuojant betono konstrukcijas, nes u\u017etikrina tiksl\u0173 i\u0161lyginim\u0105 ir ilgaam\u017ei\u0161kum\u0105. Pirk\u0117jai, vertindami \u0161iuos gaminius, da\u017enai teikia pirmenyb\u0119 suderinamumui su \u012fvairiomis ri\u0161am\u0173j\u0173 stryp\u0173 sistemomis, atsparumui vandeniui ir tvirtam med\u017eiagos stiprumui. Qingdao H&amp;F sprend\u017eia \u0161iuos klausimus, taikydami individual\u0173 klient\u0173 aptarnavimo metod\u0105, greit\u0105 pristatymo cikl\u0105 ir i\u0161samias kokyb\u0117s tikrinimo ataskaitas. Tur\u0117dami patirties u\u017esienio prekybos srityje ir gerai suprasdami statybos poreikius, tiekiame produktus, kurie pranoksta l\u016bkes\u010dius.<\/p>","protected":false},"featured_media":8625,"comment_status":"open","ping_status":"closed","template":"","meta":{"site-sidebar-layout":"default","site-content-layout":"","ast-site-content-layout":"default","site-content-style":"default","site-sidebar-style":"default","ast-global-header-display":"","ast-banner-title-visibility":"","ast-main-header-display":"","ast-hfb-above-header-display":"","ast-hfb-below-header-display":"","ast-hfb-mobile-header-display":"","site-post-title":"","ast-breadcrumbs-content":"","ast-featured-img":"","footer-sml-layout":"","theme-transparent-header-meta":"default","adv-header-id-meta":"","stick-header-meta":"default","header-above-stick-meta":"","header-main-stick-meta":"","header-below-stick-meta":"","astra-migrate-meta-layouts":"set","ast-page-background-enabled":"default","ast-page-background-meta":{"desktop":{"background-color":"","background-image":"","background-repeat":"repeat","background-position":"center center","background-size":"auto","background-attachment":"scroll","background-type":"","background-media":"","overlay-type":"","overlay-color":"","overlay-opacity":"","overlay-gradient":""},"tablet":{"background-color":"","background-image":"","background-repeat":"repeat","background-position":"center center","background-size":"auto","background-attachment":"scroll","background-type":"","background-media":"","overlay-type":"","overlay-color":"","overlay-opacity":"","overlay-gradient":""},"mobile":{"background-color":"","background-image":"","background-repeat":"repeat","background-position":"center center","background-size":"auto","background-attachment":"scroll","background-type":"","background-media":"","overlay-type":"","overlay-color":"","overlay-opacity":"","overlay-gradient":""}},"ast-content-background-meta":{"desktop":{"background-color":"var(--ast-global-color-5)","background-image":"","background-repeat":"repeat","background-position":"center center","background-size":"auto","background-attachment":"scroll","background-type":"","background-media":"","overlay-type":"","overlay-color":"","overlay-opacity":"","overlay-gradient":""},"tablet":{"background-color":"var(--ast-global-color-5)","background-image":"","background-repeat":"repeat","background-position":"center center","background-size":"auto","background-attachment":"scroll","background-type":"","background-media":"","overlay-type":"","overlay-color":"","overlay-opacity":"","overlay-gradient":""},"mobile":{"background-color":"var(--ast-global-color-5)","background-image":"","background-repeat":"repeat","background-position":"center center","background-size":"auto","background-attachment":"scroll","background-type":"","background-media":"","overlay-type":"","overlay-color":"","overlay-opacity":"","overlay-gradient":""}}},"product_brand":[],"product_cat":[79],"product_tag":[],"class_list":{"0":"post-8624","1":"product","2":"type-product","3":"status-publish","4":"has-post-thumbnail","6":"product_cat-tie-rod-system","7":"desktop-align-left","8":"tablet-align-left","9":"mobile-align-left","10":"ast-product-gallery-layout-horizontal-slider","11":"ast-product-gallery-with-no-image","12":"ast-product-tabs-layout-horizontal","14":"first","15":"instock","16":"shipping-taxable","17":"purchasable","18":"product-type-simple"},"yoast_head":"<!-- This site is optimized with the Yoast SEO plugin v25.2 - https:\/\/yoast.com\/wordpress\/plugins\/seo\/ -->\n<title>Steel Tie Rod Cone<\/title>\n<meta name=\"description\" content=\"Steel Tie Rod Cones play a critical role in forming concrete structures by ensuring precise alignment and durability in construction.\" \/>\n<meta name=\"robots\" content=\"index, follow, max-snippet:-1, max-image-preview:large, max-video-preview:-1\" \/>\n<link rel=\"canonical\" href=\"https:\/\/qingdaohf.com\/lt\/produktas\/plieninis-kaklaraiscio-kugis\/\" \/>\n<meta property=\"og:locale\" content=\"lt_LT\" \/>\n<meta property=\"og:type\" content=\"article\" \/>\n<meta property=\"og:title\" content=\"Steel Tie Rod Cone\" \/>\n<meta property=\"og:description\" content=\"Steel Tie Rod Cones play a critical role in forming concrete structures by ensuring precise alignment and durability in construction.\" \/>\n<meta property=\"og:url\" content=\"https:\/\/qingdaohf.com\/lt\/produktas\/plieninis-kaklaraiscio-kugis\/\" \/>\n<meta property=\"og:site_name\" content=\"Concrete Form &amp; Rigging Hardware Supplier\" \/>\n<meta property=\"article:publisher\" content=\"https:\/\/www.facebook.com\/qingdaohf\" \/>\n<meta property=\"article:modified_time\" content=\"2025-11-13T01:02:21+00:00\" \/>\n<meta property=\"og:image\" content=\"https:\/\/qingdaohf.com\/wp-content\/uploads\/2025\/01\/steel-cone-tie-rod.webp\" \/>\n\t<meta property=\"og:image:width\" content=\"1000\" \/>\n\t<meta property=\"og:image:height\" content=\"1000\" \/>\n\t<meta property=\"og:image:type\" content=\"image\/webp\" \/>\n<meta name=\"twitter:card\" content=\"summary_large_image\" \/>\n<meta name=\"twitter:label1\" content=\"Est. reading time\" \/>\n\t<meta name=\"twitter:data1\" content=\"3 minut\u0117s\" \/>\n<script type=\"application\/ld+json\" class=\"yoast-schema-graph\">{\"@context\":\"https:\/\/schema.org\",\"@graph\":[{\"@type\":\"WebPage\",\"@id\":\"https:\/\/qingdaohf.com\/product\/steel-tie-rod-cone\/\",\"url\":\"https:\/\/qingdaohf.com\/product\/steel-tie-rod-cone\/\",\"name\":\"Steel Tie Rod Cone\",\"isPartOf\":{\"@id\":\"https:\/\/qingdaohf.com\/bg\/#website\"},\"primaryImageOfPage\":{\"@id\":\"https:\/\/qingdaohf.com\/product\/steel-tie-rod-cone\/#primaryimage\"},\"image\":{\"@id\":\"https:\/\/qingdaohf.com\/product\/steel-tie-rod-cone\/#primaryimage\"},\"thumbnailUrl\":\"https:\/\/qingdaohf.com\/wp-content\/uploads\/2025\/01\/steel-cone-tie-rod.webp\",\"datePublished\":\"2025-01-02T07:50:36+00:00\",\"dateModified\":\"2025-11-13T01:02:21+00:00\",\"description\":\"Steel Tie Rod Cones play a critical role in forming concrete structures by ensuring precise alignment and durability in construction.\",\"breadcrumb\":{\"@id\":\"https:\/\/qingdaohf.com\/product\/steel-tie-rod-cone\/#breadcrumb\"},\"inLanguage\":\"lt-LT\",\"potentialAction\":[{\"@type\":\"ReadAction\",\"target\":[\"https:\/\/qingdaohf.com\/product\/steel-tie-rod-cone\/\"]}]},{\"@type\":\"ImageObject\",\"inLanguage\":\"lt-LT\",\"@id\":\"https:\/\/qingdaohf.com\/product\/steel-tie-rod-cone\/#primaryimage\",\"url\":\"https:\/\/qingdaohf.com\/wp-content\/uploads\/2025\/01\/steel-cone-tie-rod.webp\",\"contentUrl\":\"https:\/\/qingdaohf.com\/wp-content\/uploads\/2025\/01\/steel-cone-tie-rod.webp\",\"width\":1000,\"height\":1000,\"caption\":\"steel cone tie rod\"},{\"@type\":\"BreadcrumbList\",\"@id\":\"https:\/\/qingdaohf.com\/product\/steel-tie-rod-cone\/#breadcrumb\",\"itemListElement\":[{\"@type\":\"ListItem\",\"position\":1,\"name\":\"Home\",\"item\":\"https:\/\/qingdaohf.com\/\"},{\"@type\":\"ListItem\",\"position\":2,\"name\":\"Concrete Forming Accessories and Rigging Hardware\",\"item\":\"https:\/\/qingdaohf.com\/bg\/?page_id=944\"},{\"@type\":\"ListItem\",\"position\":3,\"name\":\"Steel Tie Rod Cone\"}]},{\"@type\":\"WebSite\",\"@id\":\"https:\/\/qingdaohf.com\/bg\/#website\",\"url\":\"https:\/\/qingdaohf.com\/bg\/\",\"name\":\"Concrete Form & Rigging Hardware Supplier\",\"description\":\"\",\"publisher\":{\"@id\":\"https:\/\/qingdaohf.com\/bg\/#organization\"},\"potentialAction\":[{\"@type\":\"SearchAction\",\"target\":{\"@type\":\"EntryPoint\",\"urlTemplate\":\"https:\/\/qingdaohf.com\/bg\/?s={search_term_string}\"},\"query-input\":{\"@type\":\"PropertyValueSpecification\",\"valueRequired\":true,\"valueName\":\"search_term_string\"}}],\"inLanguage\":\"lt-LT\"},{\"@type\":\"Organization\",\"@id\":\"https:\/\/qingdaohf.com\/bg\/#organization\",\"name\":\"Qingdao H&F\",\"url\":\"https:\/\/qingdaohf.com\/bg\/\",\"logo\":{\"@type\":\"ImageObject\",\"inLanguage\":\"lt-LT\",\"@id\":\"https:\/\/qingdaohf.com\/bg\/#\/schema\/logo\/image\/\",\"url\":\"https:\/\/qingdaohf.com\/wp-content\/uploads\/2022\/12\/cropped-HF-LOGO.png\",\"contentUrl\":\"https:\/\/qingdaohf.com\/wp-content\/uploads\/2022\/12\/cropped-HF-LOGO.png\",\"width\":391,\"height\":249,\"caption\":\"Qingdao H&F\"},\"image\":{\"@id\":\"https:\/\/qingdaohf.com\/bg\/#\/schema\/logo\/image\/\"},\"sameAs\":[\"https:\/\/www.facebook.com\/qingdaohf\"]}]}<\/script>\n<!-- \/ Yoast SEO plugin. -->","yoast_head_json":{"title":"Steel Tie Rod Cone","description":"Steel Tie Rod Cones play a critical role in forming concrete structures by ensuring precise alignment and durability in construction.","robots":{"index":"index","follow":"follow","max-snippet":"max-snippet:-1","max-image-preview":"max-image-preview:large","max-video-preview":"max-video-preview:-1"},"canonical":"https:\/\/qingdaohf.com\/lt\/produktas\/plieninis-kaklaraiscio-kugis\/","og_locale":"lt_LT","og_type":"article","og_title":"Steel Tie Rod Cone","og_description":"Steel Tie Rod Cones play a critical role in forming concrete structures by ensuring precise alignment and durability in construction.","og_url":"https:\/\/qingdaohf.com\/lt\/produktas\/plieninis-kaklaraiscio-kugis\/","og_site_name":"Concrete Form &amp; Rigging Hardware Supplier","article_publisher":"https:\/\/www.facebook.com\/qingdaohf","article_modified_time":"2025-11-13T01:02:21+00:00","og_image":[{"width":1000,"height":1000,"url":"https:\/\/qingdaohf.com\/wp-content\/uploads\/2025\/01\/steel-cone-tie-rod.webp","type":"image\/webp"}],"twitter_card":"summary_large_image","twitter_misc":{"Est. reading time":"3 minut\u0117s"},"schema":{"@context":"https:\/\/schema.org","@graph":[{"@type":"WebPage","@id":"https:\/\/qingdaohf.com\/product\/steel-tie-rod-cone\/","url":"https:\/\/qingdaohf.com\/product\/steel-tie-rod-cone\/","name":"Steel Tie Rod Cone","isPartOf":{"@id":"https:\/\/qingdaohf.com\/bg\/#website"},"primaryImageOfPage":{"@id":"https:\/\/qingdaohf.com\/product\/steel-tie-rod-cone\/#primaryimage"},"image":{"@id":"https:\/\/qingdaohf.com\/product\/steel-tie-rod-cone\/#primaryimage"},"thumbnailUrl":"https:\/\/qingdaohf.com\/wp-content\/uploads\/2025\/01\/steel-cone-tie-rod.webp","datePublished":"2025-01-02T07:50:36+00:00","dateModified":"2025-11-13T01:02:21+00:00","description":"Steel Tie Rod Cones play a critical role in forming concrete structures by ensuring precise alignment and durability in construction.","breadcrumb":{"@id":"https:\/\/qingdaohf.com\/product\/steel-tie-rod-cone\/#breadcrumb"},"inLanguage":"lt-LT","potentialAction":[{"@type":"ReadAction","target":["https:\/\/qingdaohf.com\/product\/steel-tie-rod-cone\/"]}]},{"@type":"ImageObject","inLanguage":"lt-LT","@id":"https:\/\/qingdaohf.com\/product\/steel-tie-rod-cone\/#primaryimage","url":"https:\/\/qingdaohf.com\/wp-content\/uploads\/2025\/01\/steel-cone-tie-rod.webp","contentUrl":"https:\/\/qingdaohf.com\/wp-content\/uploads\/2025\/01\/steel-cone-tie-rod.webp","width":1000,"height":1000,"caption":"steel cone tie rod"},{"@type":"BreadcrumbList","@id":"https:\/\/qingdaohf.com\/product\/steel-tie-rod-cone\/#breadcrumb","itemListElement":[{"@type":"ListItem","position":1,"name":"Home","item":"https:\/\/qingdaohf.com\/"},{"@type":"ListItem","position":2,"name":"Concrete Forming Accessories and Rigging Hardware","item":"https:\/\/qingdaohf.com\/bg\/?page_id=944"},{"@type":"ListItem","position":3,"name":"Steel Tie Rod Cone"}]},{"@type":"WebSite","@id":"https:\/\/qingdaohf.com\/bg\/#website","url":"https:\/\/qingdaohf.com\/bg\/","name":"Concrete Form & Rigging Hardware Supplier","description":"","publisher":{"@id":"https:\/\/qingdaohf.com\/bg\/#organization"},"potentialAction":[{"@type":"SearchAction","target":{"@type":"EntryPoint","urlTemplate":"https:\/\/qingdaohf.com\/bg\/?s={search_term_string}"},"query-input":{"@type":"PropertyValueSpecification","valueRequired":true,"valueName":"search_term_string"}}],"inLanguage":"lt-LT"},{"@type":"Organization","@id":"https:\/\/qingdaohf.com\/bg\/#organization","name":"Qingdao H&F","url":"https:\/\/qingdaohf.com\/bg\/","logo":{"@type":"ImageObject","inLanguage":"lt-LT","@id":"https:\/\/qingdaohf.com\/bg\/#\/schema\/logo\/image\/","url":"https:\/\/qingdaohf.com\/wp-content\/uploads\/2022\/12\/cropped-HF-LOGO.png","contentUrl":"https:\/\/qingdaohf.com\/wp-content\/uploads\/2022\/12\/cropped-HF-LOGO.png","width":391,"height":249,"caption":"Qingdao H&F"},"image":{"@id":"https:\/\/qingdaohf.com\/bg\/#\/schema\/logo\/image\/"},"sameAs":["https:\/\/www.facebook.com\/qingdaohf"]}]}},"_links":{"self":[{"href":"https:\/\/qingdaohf.com\/lt\/wp-json\/wp\/v2\/product\/8624","targetHints":{"allow":["GET"]}}],"collection":[{"href":"https:\/\/qingdaohf.com\/lt\/wp-json\/wp\/v2\/product"}],"about":[{"href":"https:\/\/qingdaohf.com\/lt\/wp-json\/wp\/v2\/types\/product"}],"replies":[{"embeddable":true,"href":"https:\/\/qingdaohf.com\/lt\/wp-json\/wp\/v2\/comments?post=8624"}],"version-history":[{"count":1,"href":"https:\/\/qingdaohf.com\/lt\/wp-json\/wp\/v2\/product\/8624\/revisions"}],"predecessor-version":[{"id":8626,"href":"https:\/\/qingdaohf.com\/lt\/wp-json\/wp\/v2\/product\/8624\/revisions\/8626"}],"wp:featuredmedia":[{"embeddable":true,"href":"https:\/\/qingdaohf.com\/lt\/wp-json\/wp\/v2\/media\/8625"}],"wp:attachment":[{"href":"https:\/\/qingdaohf.com\/lt\/wp-json\/wp\/v2\/media?parent=8624"}],"wp:term":[{"taxonomy":"product_brand","embeddable":true,"href":"https:\/\/qingdaohf.com\/lt\/wp-json\/wp\/v2\/product_brand?post=8624"},{"taxonomy":"product_cat","embeddable":true,"href":"https:\/\/qingdaohf.com\/lt\/wp-json\/wp\/v2\/product_cat?post=8624"},{"taxonomy":"product_tag","embeddable":true,"href":"https:\/\/qingdaohf.com\/lt\/wp-json\/wp\/v2\/product_tag?post=8624"}],"curies":[{"name":"wp","href":"https:\/\/api.w.org\/{rel}","templated":true}]}}