{"id":8707,"date":"2025-01-10T14:56:29","date_gmt":"2025-01-10T06:56:29","guid":{"rendered":"http:\/\/qingdaohf.com\/?post_type=product&#038;p=8707"},"modified":"2025-11-13T09:02:20","modified_gmt":"2025-11-13T01:02:20","slug":"binding-wire","status":"publish","type":"product","link":"https:\/\/qingdaohf.com\/lt\/produktas\/risamoji-viela\/","title":{"rendered":"\u012eri\u0161imo viela"},"content":{"rendered":"<h2 class=\"text-2xl font-bold mt-1 text-text-200\">\u012evadas \u012f statybin\u0119 ri\u0161am\u0105j\u0105 viel\u0105: Armat\u016bros ri\u0161imo statybose pagrindas<\/h2>\n<p class=\"whitespace-pre-wrap break-words\">U\u017e\u0117j\u0119 \u012f bet kuri\u0105 statyb\u0173 aik\u0161tel\u0119, pamatysite visk\u0105 laikan\u010di\u0105 ri\u0161am\u0105j\u0105 viel\u0105. \u0160is kuklus, bet labai svarbus komponentas tvirtai laiko armat\u016br\u0105 ir armat\u016brin\u012f plien\u0105, u\u017etikrindamas, kad betono konstrukcijos i\u0161likt\u0173 tvirtos ir saugios. Nuo ma\u017e\u0173 gyvenam\u0173j\u0173 nam\u0173 iki did\u017eiuli\u0173 komercini\u0173 pastat\u0173, suri\u0161imo viela (arba, kaip \u012fprasta sakyti, armat\u016bros suri\u0161imo viela) atlieka svarb\u0173 vaidmen\u012f s\u0117kmingai statybai.<\/p>\n<p class=\"whitespace-pre-wrap break-words\">Galite rasti i\u0161 keli\u0173 med\u017eiag\u0173 pagamintos ri\u0161amosios vielos - cinkuotos, atkaitintos ir PVC dengtos vielos. Kiekviena i\u0161 j\u0173 yra skirtinga, tod\u0117l galite rinktis tai, kas geriausiai atitinka j\u016bs\u0173 konkre\u010dius poreikius. \u0160ios vielos b\u016bna nuo 0,45 mm iki 5 mm skersmens ir gali i\u0161laikyti 300-480 N\/mm\u00b2 tempimo j\u0117g\u0105. Panagrin\u0117kime, kuo kiekvienas tipas ypatingas ir kaip pasirinkti tinkam\u0105 savo projektui.<\/p>\n<h2 class=\"text-2xl font-bold mt-1 text-text-200\">Med\u017eiag\u0173 supratimas: Tinkamos ri\u0161amosios vielos pasirinkimas j\u016bs\u0173 projektui<\/h2>\n<p class=\"whitespace-pre-wrap break-words\">Kai kalbama apie ri\u0161am\u0105j\u0105 viel\u0105, pasirinktos med\u017eiagos pasirinkimas gali lemti arba su\u017elugdyti j\u016bs\u0173 projekt\u0105 - tiesiogine to \u017eod\u017eio prasme. \u0160ioje srityje yra trys pagrindiniai konkurentai: cinkuota viela, atkaitinta viela ir PVC dengta viela.<\/p>\n<p class=\"whitespace-pre-wrap break-words\"><strong>Cinkuota viela<\/strong> yra pagrindinis grup\u0117s darbinis arklys. D\u0117l cinko dangos jis ner\u016bdija kaip vanduo nuo anties nugaros. D\u0117l to jis puikiai tinka darbui lauke, kai motina gamta j\u012f ap\u0161aukia pa\u010diu blogiausiu b\u016bdu. Pagalvokite apie tiltus, greitkelius ir dangorai\u017eius - visur, kur dr\u0117gm\u0117 ilgainiui gali bandyti susilpninti konstrukcij\u0105.<\/p>\n<p class=\"whitespace-pre-wrap break-words\"><strong>Atkaitinta viela<\/strong> - lankstus statyb\u0173 pasaulio draugas. Termi\u0161kai apdorotas, kad b\u016bt\u0173 lankstesnis, jis lengvai lankstosi ir sukasi. D\u0117l to jis m\u0117gstamas vidaus projektams arba visur, kur reikia sukurti tvirtus ir tikslius ry\u0161ius. Nors jis gali b\u016bti ne toks tvirtas prie\u0161 gamtos stichijas kaip jo cinkuotas pusbrolis, jo darbingumui sunku prilygti.<\/p>\n<p class=\"whitespace-pre-wrap break-words\"><strong>PVC dengta viela<\/strong> suteikia papildom\u0105 apsaugos sluoksn\u012f. Galvokite apie tai, kaip apie apsiaust\u0105 nuo lietaus ir sk\u0117t\u012f - tai dviguba apsauga nuo korozijos. \u0160is tipas i\u0161 ties\u0173 puikiai tinka at\u0161iaurioje aplinkoje, ypa\u010d ten, kur gali b\u016bti chemini\u0173 med\u017eiag\u0173 ar druskos. Be to, d\u0117l \u0161ios dangos su juo saugiau elgtis, tod\u0117l montavimo metu suma\u017e\u0117ja \u012fpjovim\u0173 ir \u012fbr\u0117\u017eim\u0173 rizika.<\/p>\n<p><img fetchpriority=\"high\" decoding=\"async\" class=\"alignnone size-medium wp-image-8867\" src=\"http:\/\/qingdaohf.com\/wp-content\/uploads\/2025\/01\/binding-wire-1-169x300.jpg\" alt=\"ri\u0161amoji viela\" width=\"169\" height=\"300\" srcset=\"https:\/\/qingdaohf.com\/wp-content\/uploads\/2025\/01\/binding-wire-1-169x300.jpg 169w, https:\/\/qingdaohf.com\/wp-content\/uploads\/2025\/01\/binding-wire-1-576x1024.jpg 576w, https:\/\/qingdaohf.com\/wp-content\/uploads\/2025\/01\/binding-wire-1-768x1365.jpg 768w, https:\/\/qingdaohf.com\/wp-content\/uploads\/2025\/01\/binding-wire-1-864x1536.jpg 864w, https:\/\/qingdaohf.com\/wp-content\/uploads\/2025\/01\/binding-wire-1-7x12.jpg 7w, https:\/\/qingdaohf.com\/wp-content\/uploads\/2025\/01\/binding-wire-1-1000x1778.jpg 1000w, https:\/\/qingdaohf.com\/wp-content\/uploads\/2025\/01\/binding-wire-1.jpg 1080w\" sizes=\"(max-width: 169px) 100vw, 169px\" \/> <img decoding=\"async\" class=\"alignnone size-medium wp-image-8868\" src=\"http:\/\/qingdaohf.com\/wp-content\/uploads\/2025\/01\/binding-wire-2-1-169x300.jpg\" alt=\"ri\u0161amoji viela\" width=\"169\" height=\"300\" srcset=\"https:\/\/qingdaohf.com\/wp-content\/uploads\/2025\/01\/binding-wire-2-1-169x300.jpg 169w, https:\/\/qingdaohf.com\/wp-content\/uploads\/2025\/01\/binding-wire-2-1-576x1024.jpg 576w, https:\/\/qingdaohf.com\/wp-content\/uploads\/2025\/01\/binding-wire-2-1-768x1365.jpg 768w, https:\/\/qingdaohf.com\/wp-content\/uploads\/2025\/01\/binding-wire-2-1-864x1536.jpg 864w, https:\/\/qingdaohf.com\/wp-content\/uploads\/2025\/01\/binding-wire-2-1-7x12.jpg 7w, https:\/\/qingdaohf.com\/wp-content\/uploads\/2025\/01\/binding-wire-2-1-1000x1778.jpg 1000w, https:\/\/qingdaohf.com\/wp-content\/uploads\/2025\/01\/binding-wire-2-1.jpg 1080w\" sizes=\"(max-width: 169px) 100vw, 169px\" \/><\/p>\n<h2 class=\"text-2xl font-bold mt-1 text-text-200\">Vielos skersmuo ir dydis: Priderinkite ri\u0161am\u0105j\u0105 viel\u0105 prie savo projekto poreiki\u0173<\/h2>\n<p class=\"whitespace-pre-wrap break-words\">Dydis svarbus ri\u0161imo vielos atveju. Asortimentas apima nuo plonos 0,45 mm iki tvirtos 5 mm skersmens vielos. Dauguma rangov\u0173 renkasi nuo 0,7 mm iki 1,0 mm dyd\u017eio viel\u0105.<\/p>\n<p class=\"whitespace-pre-wrap break-words\">Kasdieniams statybos darbams paprastai reikia 22-18 (nuo 0,7 mm iki 1,2 mm) storio vielos. \u0160ioje tinkamoje vietoje suderinamas patogumas ir tvirtumas. Reikia dirbti ank\u0161tose erdv\u0117se arba kurti tikslius suri\u0161imus? Plonesn\u0117 0,45 mm viela gali b\u016bti geriausias pasirinkimas. Imat\u0117s sunki\u0173 darb\u0173? Tuomet reikia naudoti tvirtesn\u0119 1,2 mm ir didesn\u0119 viel\u0105.<\/p>\n<p class=\"whitespace-pre-wrap break-words\">Pasirinkti tinkam\u0105 skersmen\u012f svarbu ne tik d\u0117l tvirtumo, bet ir d\u0117l protingos ekonomijos. Storesn\u0117 viela yra stipresn\u0117, bet labiau paplonina pinigin\u0119. Plonesn\u0117 viela leid\u017eia sutaupyti pinig\u0173 ir yra paprastesn\u0117, ta\u010diau gali netikti kiekvienam darbui. Protingi rangovai vielos dyd\u012f parenka pagal konkre\u010dius poreikius, atsi\u017evelgdami ir \u012f funkcionalum\u0105, ir \u012f biud\u017eet\u0105.<\/p>\n<p><img decoding=\"async\" class=\"alignnone wp-image-8871 size-large\" src=\"http:\/\/qingdaohf.com\/wp-content\/uploads\/2025\/01\/binding-wire-5-768x1024.jpg\" alt=\"ri\u0161amoji viela\" width=\"768\" height=\"1024\" srcset=\"https:\/\/qingdaohf.com\/wp-content\/uploads\/2025\/01\/binding-wire-5-768x1024.jpg 768w, https:\/\/qingdaohf.com\/wp-content\/uploads\/2025\/01\/binding-wire-5-225x300.jpg 225w, https:\/\/qingdaohf.com\/wp-content\/uploads\/2025\/01\/binding-wire-5-1152x1536.jpg 1152w, https:\/\/qingdaohf.com\/wp-content\/uploads\/2025\/01\/binding-wire-5-1536x2048.jpg 1536w, https:\/\/qingdaohf.com\/wp-content\/uploads\/2025\/01\/binding-wire-5-9x12.jpg 9w, https:\/\/qingdaohf.com\/wp-content\/uploads\/2025\/01\/binding-wire-5-1000x1333.jpg 1000w, https:\/\/qingdaohf.com\/wp-content\/uploads\/2025\/01\/binding-wire-5-scaled.jpg 1920w\" sizes=\"(max-width: 768px) 100vw, 768px\" \/><\/p>\n<h2 class=\"text-2xl font-bold mt-1 text-text-200\">Tempimo stiprumas: kaip jis veikia ri\u0161amosios vielos veikim\u0105<\/h2>\n<p class=\"whitespace-pre-wrap break-words\">Pakalb\u0117kime apie raumenis, ypa\u010d apie tempimo j\u0117g\u0105. \u0160is labai svarbus rodiklis parodo, kok\u012f kr\u016bv\u012f gali atlaikyti j\u016bs\u0173 laidas, prie\u0161 prad\u0117damas verkti. M\u016bs\u0173 ri\u0161amosios vielos tempimo stipris svyruoja nuo 300 iki 480 N\/mm\u00b2, tod\u0117l galite rinktis i\u0161 daugyb\u0117s variant\u0173 \u012fvairiems darbams atlikti.<\/p>\n<p class=\"whitespace-pre-wrap break-words\">Tai svarbiausia atliekant gel\u017ebetonio darbus, kai viela turi visk\u0105 tvirtai u\u017efiksuoti, kol betonas stingsta. \u012esivaizduokite j\u0105 kaip klubo apsauginink\u0105 - ji turi i\u0161laikyti visus (arba \u0161iuo atveju kiekvien\u0105 armat\u016bros element\u0105) tiksliai ten, kur jie turi b\u016bti, kad ir koks sl\u0117gis juos veikt\u0173.<\/p>\n<p class=\"whitespace-pre-wrap break-words\">Rinkdamiesi vielos stiprum\u0105, atsi\u017evelkite \u012f apkrov\u0105, kuri\u0105 ji tur\u0117s atlaikyti, ir \u012f s\u0105lygas, kuriomis ji bus naudojama. Didesniems projektams ar sud\u0117tingoms s\u0105lygoms reikia didesnio tempimo stiprio - tai tarsi papildomas konstrukcijos vientisumo draudimas.<\/p>\n<h2 class=\"text-2xl font-bold mt-1 text-text-200\">Klient\u0173 aptarnavimas ir pristatymas: J\u016bs\u0173 patikimas partneris statyboje<\/h2>\n<p class=\"whitespace-pre-wrap break-words\">Tinkamo laido \u012fsigijimas yra tik pus\u0117 s\u0117km\u0117s - ne ma\u017eiau svarbu j\u012f gauti tada, kai reikia, ir ten, kur reikia. M\u016bs\u0173 komanda \u017eino, kad statybos nelaukia, tod\u0117l si\u016blome individual\u0173 aptarnavim\u0105 ir patikimus pristatymo grafikus, kad j\u016bs\u0173 projektas jud\u0117t\u0173 \u012f priek\u012f.<\/p>\n<p class=\"whitespace-pre-wrap break-words\">Reikia patarimo d\u0117l laid\u0173 specifikacij\u0173? Turite klausim\u0173, koks laidas geriausiai tinka j\u016bs\u0173 projektui? M\u016bs\u0173 ekspertai yra pasireng\u0119 pad\u0117ti jums teisingai pasirinkti vos paskambin\u0119. Mes ne tik parduodame viel\u0105 - mes bendradarbiaujame su jumis, kad u\u017etikrintume j\u016bs\u0173 projekto s\u0117km\u0119.<\/p>\n<p class=\"whitespace-pre-wrap break-words\">Statybose svarbu greitis, o m\u016bs\u0173 greitas pristatymo laikas rei\u0161kia, kad jums nereik\u0117s laukti. Nesvarbu, ar baigiasi atsargos, ar pradedate nauj\u0105 projekt\u0105, viel\u0105 pristatysime greitai.<\/p>\n<p class=\"whitespace-pre-wrap break-words\">Kiekviena m\u016bs\u0173 siun\u010diama partija yra kruop\u0161\u010diai patikrinama. Tikriname visk\u0105 - tvirtum\u0105, ilgaam\u017ei\u0161kum\u0105, kad tiksliai \u017einotum\u0117te, k\u0105 gaunate. Tai yra m\u016bs\u0173 \u012fsipareigojimo u\u017etikrinti, kad j\u016bs\u0173 projektai b\u016bt\u0173 vykdomi laiku ir atitikt\u0173 reikalavimus, dalis.<\/p>\n<h2 class=\"text-2xl font-bold mt-1 text-text-200\">I\u0161vados: Pasirinkite geriausi\u0105 ri\u0161am\u0105j\u0105 viel\u0105 savo statybos projektams<\/h2>\n<p class=\"whitespace-pre-wrap break-words\">Gal\u0173 gale, ri\u0161amoji viela gali atrodyti kaip nedidel\u0117 statyb\u0173 projekto dalis, ta\u010diau tai yra vienas i\u0161 svarbiausi\u0173 komponent\u0173, kurio negalima suklysti. Nesvarbu, ar rinksit\u0117s cinkuot\u0105 viel\u0105, kad ji b\u016bt\u0173 ilgaam\u017e\u0117, ar atkaitint\u0105, kad b\u016bt\u0173 lanksti, ar padengt\u0105 PVC danga, kad b\u016bt\u0173 papildomai apsaugota, tinkamos vielos pasirinkimas yra labai svarbus.<\/p>\n<p class=\"whitespace-pre-wrap break-words\">M\u016bs\u0173 dyd\u017ei\u0173 ir stiprumo asortimentas leid\u017eia pasirinkti b\u016btent tai, ko reikia bet kokiam darbui. Jei tai suderinsite su operatyviu klient\u0173 aptarnavimu, greitu pristatymu ir grie\u017eta kokyb\u0117s kontrole, tur\u0117site laimint\u012f derin\u012f savo statyb\u0173 poreikiams.<\/p>\n<p class=\"whitespace-pre-wrap break-words\">Atminkite, kad tinkama ri\u0161amoji viela n\u0117ra tik pirkinys - tai investicija \u012f j\u016bs\u0173 projekto ateit\u012f. Leiskite mums pad\u0117ti jums tai padaryti.<\/p>","protected":false},"excerpt":{"rendered":"<p>Binding Wire has been an integral part of the construction industry for many years, offering a reliable and long-lasting solution for tying rebar and reinforcing steel. Our product comes in different materials: galvanized, annealed, and PVC-coated wire to ensure compatibility with all kinds of construction needs. With a wire diameter from 0.45 mm to 5 mm and tensile strength between 300-480 N\/mm\u00b2, this wire is designed for strength and long-lasting performance. With trading experience, we provide one-to-one customer service, fast delivery cycles, and quality inspection reports to help you feel at ease. Whether you are working on large infrastructure projects or smaller developments, we have a solution tailor-made for you.<\/p>","protected":false},"featured_media":8714,"comment_status":"open","ping_status":"closed","template":"","meta":{"site-sidebar-layout":"default","site-content-layout":"","ast-site-content-layout":"default","site-content-style":"default","site-sidebar-style":"default","ast-global-header-display":"","ast-banner-title-visibility":"","ast-main-header-display":"","ast-hfb-above-header-display":"","ast-hfb-below-header-display":"","ast-hfb-mobile-header-display":"","site-post-title":"","ast-breadcrumbs-content":"","ast-featured-img":"","footer-sml-layout":"","theme-transparent-header-meta":"default","adv-header-id-meta":"","stick-header-meta":"default","header-above-stick-meta":"","header-main-stick-meta":"","header-below-stick-meta":"","astra-migrate-meta-layouts":"set","ast-page-background-enabled":"default","ast-page-background-meta":{"desktop":{"background-color":"","background-image":"","background-repeat":"repeat","background-position":"center center","background-size":"auto","background-attachment":"scroll","background-type":"","background-media":"","overlay-type":"","overlay-color":"","overlay-opacity":"","overlay-gradient":""},"tablet":{"background-color":"","background-image":"","background-repeat":"repeat","background-position":"center center","background-size":"auto","background-attachment":"scroll","background-type":"","background-media":"","overlay-type":"","overlay-color":"","overlay-opacity":"","overlay-gradient":""},"mobile":{"background-color":"","background-image":"","background-repeat":"repeat","background-position":"center center","background-size":"auto","background-attachment":"scroll","background-type":"","background-media":"","overlay-type":"","overlay-color":"","overlay-opacity":"","overlay-gradient":""}},"ast-content-background-meta":{"desktop":{"background-color":"var(--ast-global-color-5)","background-image":"","background-repeat":"repeat","background-position":"center center","background-size":"auto","background-attachment":"scroll","background-type":"","background-media":"","overlay-type":"","overlay-color":"","overlay-opacity":"","overlay-gradient":""},"tablet":{"background-color":"var(--ast-global-color-5)","background-image":"","background-repeat":"repeat","background-position":"center center","background-size":"auto","background-attachment":"scroll","background-type":"","background-media":"","overlay-type":"","overlay-color":"","overlay-opacity":"","overlay-gradient":""},"mobile":{"background-color":"var(--ast-global-color-5)","background-image":"","background-repeat":"repeat","background-position":"center center","background-size":"auto","background-attachment":"scroll","background-type":"","background-media":"","overlay-type":"","overlay-color":"","overlay-opacity":"","overlay-gradient":""}}},"product_brand":[],"product_cat":[36],"product_tag":[],"class_list":{"0":"post-8707","1":"product","2":"type-product","3":"status-publish","4":"has-post-thumbnail","6":"product_cat-tie-wire","7":"desktop-align-left","8":"tablet-align-left","9":"mobile-align-left","10":"ast-product-gallery-layout-horizontal-slider","11":"ast-product-tabs-layout-horizontal","13":"first","14":"instock","15":"shipping-taxable","16":"purchasable","17":"product-type-simple"},"yoast_head":"<!-- This site is optimized with the Yoast SEO plugin v25.2 - https:\/\/yoast.com\/wordpress\/plugins\/seo\/ -->\n<title>Binding Wire<\/title>\n<meta name=\"description\" content=\"Construction Binding Wire has been an integral part of the construction industry for many years, offering a reliable and long-lasting solution for tying rebar and reinforcing steel.\" \/>\n<meta name=\"robots\" content=\"index, follow, max-snippet:-1, max-image-preview:large, max-video-preview:-1\" \/>\n<link rel=\"canonical\" href=\"https:\/\/qingdaohf.com\/lt\/produktas\/risamoji-viela\/\" \/>\n<meta property=\"og:locale\" content=\"lt_LT\" \/>\n<meta property=\"og:type\" content=\"article\" \/>\n<meta property=\"og:title\" content=\"Binding Wire\" \/>\n<meta property=\"og:description\" content=\"Construction Binding Wire has been an integral part of the construction industry for many years, offering a reliable and long-lasting solution for tying rebar and reinforcing steel.\" \/>\n<meta property=\"og:url\" content=\"https:\/\/qingdaohf.com\/lt\/produktas\/risamoji-viela\/\" \/>\n<meta property=\"og:site_name\" content=\"Concrete Form &amp; Rigging Hardware Supplier\" \/>\n<meta property=\"article:publisher\" content=\"https:\/\/www.facebook.com\/qingdaohf\" \/>\n<meta property=\"article:modified_time\" content=\"2025-11-13T01:02:20+00:00\" \/>\n<meta property=\"og:image\" content=\"https:\/\/qingdaohf.com\/wp-content\/uploads\/2025\/01\/binding-wire-6.jpg\" \/>\n\t<meta property=\"og:image:width\" content=\"750\" \/>\n\t<meta property=\"og:image:height\" content=\"750\" \/>\n\t<meta property=\"og:image:type\" content=\"image\/jpeg\" \/>\n<meta name=\"twitter:card\" content=\"summary_large_image\" \/>\n<meta name=\"twitter:label1\" content=\"Est. reading time\" \/>\n\t<meta name=\"twitter:data1\" content=\"5 minut\u0117s\" \/>\n<script type=\"application\/ld+json\" class=\"yoast-schema-graph\">{\"@context\":\"https:\/\/schema.org\",\"@graph\":[{\"@type\":\"WebPage\",\"@id\":\"https:\/\/qingdaohf.com\/product\/binding-wire\/\",\"url\":\"https:\/\/qingdaohf.com\/product\/binding-wire\/\",\"name\":\"Binding Wire\",\"isPartOf\":{\"@id\":\"https:\/\/qingdaohf.com\/bg\/#website\"},\"primaryImageOfPage\":{\"@id\":\"https:\/\/qingdaohf.com\/product\/binding-wire\/#primaryimage\"},\"image\":{\"@id\":\"https:\/\/qingdaohf.com\/product\/binding-wire\/#primaryimage\"},\"thumbnailUrl\":\"https:\/\/qingdaohf.com\/wp-content\/uploads\/2025\/01\/binding-wire-6.jpg\",\"datePublished\":\"2025-01-10T06:56:29+00:00\",\"dateModified\":\"2025-11-13T01:02:20+00:00\",\"description\":\"Construction Binding Wire has been an integral part of the construction industry for many years, offering a reliable and long-lasting solution for tying rebar and reinforcing steel.\",\"breadcrumb\":{\"@id\":\"https:\/\/qingdaohf.com\/product\/binding-wire\/#breadcrumb\"},\"inLanguage\":\"lt-LT\",\"potentialAction\":[{\"@type\":\"ReadAction\",\"target\":[\"https:\/\/qingdaohf.com\/product\/binding-wire\/\"]}]},{\"@type\":\"ImageObject\",\"inLanguage\":\"lt-LT\",\"@id\":\"https:\/\/qingdaohf.com\/product\/binding-wire\/#primaryimage\",\"url\":\"https:\/\/qingdaohf.com\/wp-content\/uploads\/2025\/01\/binding-wire-6.jpg\",\"contentUrl\":\"https:\/\/qingdaohf.com\/wp-content\/uploads\/2025\/01\/binding-wire-6.jpg\",\"width\":750,\"height\":750,\"caption\":\"binding wire\"},{\"@type\":\"BreadcrumbList\",\"@id\":\"https:\/\/qingdaohf.com\/product\/binding-wire\/#breadcrumb\",\"itemListElement\":[{\"@type\":\"ListItem\",\"position\":1,\"name\":\"Home\",\"item\":\"https:\/\/qingdaohf.com\/\"},{\"@type\":\"ListItem\",\"position\":2,\"name\":\"Concrete Forming Accessories and Rigging Hardware\",\"item\":\"https:\/\/qingdaohf.com\/bg\/?page_id=944\"},{\"@type\":\"ListItem\",\"position\":3,\"name\":\"Binding Wire\"}]},{\"@type\":\"WebSite\",\"@id\":\"https:\/\/qingdaohf.com\/bg\/#website\",\"url\":\"https:\/\/qingdaohf.com\/bg\/\",\"name\":\"Concrete Form & Rigging Hardware Supplier\",\"description\":\"\",\"publisher\":{\"@id\":\"https:\/\/qingdaohf.com\/bg\/#organization\"},\"potentialAction\":[{\"@type\":\"SearchAction\",\"target\":{\"@type\":\"EntryPoint\",\"urlTemplate\":\"https:\/\/qingdaohf.com\/bg\/?s={search_term_string}\"},\"query-input\":{\"@type\":\"PropertyValueSpecification\",\"valueRequired\":true,\"valueName\":\"search_term_string\"}}],\"inLanguage\":\"lt-LT\"},{\"@type\":\"Organization\",\"@id\":\"https:\/\/qingdaohf.com\/bg\/#organization\",\"name\":\"Qingdao H&F\",\"url\":\"https:\/\/qingdaohf.com\/bg\/\",\"logo\":{\"@type\":\"ImageObject\",\"inLanguage\":\"lt-LT\",\"@id\":\"https:\/\/qingdaohf.com\/bg\/#\/schema\/logo\/image\/\",\"url\":\"https:\/\/qingdaohf.com\/wp-content\/uploads\/2022\/12\/cropped-HF-LOGO.png\",\"contentUrl\":\"https:\/\/qingdaohf.com\/wp-content\/uploads\/2022\/12\/cropped-HF-LOGO.png\",\"width\":391,\"height\":249,\"caption\":\"Qingdao H&F\"},\"image\":{\"@id\":\"https:\/\/qingdaohf.com\/bg\/#\/schema\/logo\/image\/\"},\"sameAs\":[\"https:\/\/www.facebook.com\/qingdaohf\"]}]}<\/script>\n<!-- \/ Yoast SEO plugin. -->","yoast_head_json":{"title":"Binding Wire","description":"Construction Binding Wire has been an integral part of the construction industry for many years, offering a reliable and long-lasting solution for tying rebar and reinforcing steel.","robots":{"index":"index","follow":"follow","max-snippet":"max-snippet:-1","max-image-preview":"max-image-preview:large","max-video-preview":"max-video-preview:-1"},"canonical":"https:\/\/qingdaohf.com\/lt\/produktas\/risamoji-viela\/","og_locale":"lt_LT","og_type":"article","og_title":"Binding Wire","og_description":"Construction Binding Wire has been an integral part of the construction industry for many years, offering a reliable and long-lasting solution for tying rebar and reinforcing steel.","og_url":"https:\/\/qingdaohf.com\/lt\/produktas\/risamoji-viela\/","og_site_name":"Concrete Form &amp; Rigging Hardware Supplier","article_publisher":"https:\/\/www.facebook.com\/qingdaohf","article_modified_time":"2025-11-13T01:02:20+00:00","og_image":[{"width":750,"height":750,"url":"https:\/\/qingdaohf.com\/wp-content\/uploads\/2025\/01\/binding-wire-6.jpg","type":"image\/jpeg"}],"twitter_card":"summary_large_image","twitter_misc":{"Est. reading time":"5 minut\u0117s"},"schema":{"@context":"https:\/\/schema.org","@graph":[{"@type":"WebPage","@id":"https:\/\/qingdaohf.com\/product\/binding-wire\/","url":"https:\/\/qingdaohf.com\/product\/binding-wire\/","name":"Binding Wire","isPartOf":{"@id":"https:\/\/qingdaohf.com\/bg\/#website"},"primaryImageOfPage":{"@id":"https:\/\/qingdaohf.com\/product\/binding-wire\/#primaryimage"},"image":{"@id":"https:\/\/qingdaohf.com\/product\/binding-wire\/#primaryimage"},"thumbnailUrl":"https:\/\/qingdaohf.com\/wp-content\/uploads\/2025\/01\/binding-wire-6.jpg","datePublished":"2025-01-10T06:56:29+00:00","dateModified":"2025-11-13T01:02:20+00:00","description":"Construction Binding Wire has been an integral part of the construction industry for many years, offering a reliable and long-lasting solution for tying rebar and reinforcing steel.","breadcrumb":{"@id":"https:\/\/qingdaohf.com\/product\/binding-wire\/#breadcrumb"},"inLanguage":"lt-LT","potentialAction":[{"@type":"ReadAction","target":["https:\/\/qingdaohf.com\/product\/binding-wire\/"]}]},{"@type":"ImageObject","inLanguage":"lt-LT","@id":"https:\/\/qingdaohf.com\/product\/binding-wire\/#primaryimage","url":"https:\/\/qingdaohf.com\/wp-content\/uploads\/2025\/01\/binding-wire-6.jpg","contentUrl":"https:\/\/qingdaohf.com\/wp-content\/uploads\/2025\/01\/binding-wire-6.jpg","width":750,"height":750,"caption":"binding wire"},{"@type":"BreadcrumbList","@id":"https:\/\/qingdaohf.com\/product\/binding-wire\/#breadcrumb","itemListElement":[{"@type":"ListItem","position":1,"name":"Home","item":"https:\/\/qingdaohf.com\/"},{"@type":"ListItem","position":2,"name":"Concrete Forming Accessories and Rigging Hardware","item":"https:\/\/qingdaohf.com\/bg\/?page_id=944"},{"@type":"ListItem","position":3,"name":"Binding Wire"}]},{"@type":"WebSite","@id":"https:\/\/qingdaohf.com\/bg\/#website","url":"https:\/\/qingdaohf.com\/bg\/","name":"Concrete Form & Rigging Hardware Supplier","description":"","publisher":{"@id":"https:\/\/qingdaohf.com\/bg\/#organization"},"potentialAction":[{"@type":"SearchAction","target":{"@type":"EntryPoint","urlTemplate":"https:\/\/qingdaohf.com\/bg\/?s={search_term_string}"},"query-input":{"@type":"PropertyValueSpecification","valueRequired":true,"valueName":"search_term_string"}}],"inLanguage":"lt-LT"},{"@type":"Organization","@id":"https:\/\/qingdaohf.com\/bg\/#organization","name":"Qingdao H&F","url":"https:\/\/qingdaohf.com\/bg\/","logo":{"@type":"ImageObject","inLanguage":"lt-LT","@id":"https:\/\/qingdaohf.com\/bg\/#\/schema\/logo\/image\/","url":"https:\/\/qingdaohf.com\/wp-content\/uploads\/2022\/12\/cropped-HF-LOGO.png","contentUrl":"https:\/\/qingdaohf.com\/wp-content\/uploads\/2022\/12\/cropped-HF-LOGO.png","width":391,"height":249,"caption":"Qingdao H&F"},"image":{"@id":"https:\/\/qingdaohf.com\/bg\/#\/schema\/logo\/image\/"},"sameAs":["https:\/\/www.facebook.com\/qingdaohf"]}]}},"_links":{"self":[{"href":"https:\/\/qingdaohf.com\/lt\/wp-json\/wp\/v2\/product\/8707","targetHints":{"allow":["GET"]}}],"collection":[{"href":"https:\/\/qingdaohf.com\/lt\/wp-json\/wp\/v2\/product"}],"about":[{"href":"https:\/\/qingdaohf.com\/lt\/wp-json\/wp\/v2\/types\/product"}],"replies":[{"embeddable":true,"href":"https:\/\/qingdaohf.com\/lt\/wp-json\/wp\/v2\/comments?post=8707"}],"version-history":[{"count":7,"href":"https:\/\/qingdaohf.com\/lt\/wp-json\/wp\/v2\/product\/8707\/revisions"}],"predecessor-version":[{"id":8876,"href":"https:\/\/qingdaohf.com\/lt\/wp-json\/wp\/v2\/product\/8707\/revisions\/8876"}],"wp:featuredmedia":[{"embeddable":true,"href":"https:\/\/qingdaohf.com\/lt\/wp-json\/wp\/v2\/media\/8714"}],"wp:attachment":[{"href":"https:\/\/qingdaohf.com\/lt\/wp-json\/wp\/v2\/media?parent=8707"}],"wp:term":[{"taxonomy":"product_brand","embeddable":true,"href":"https:\/\/qingdaohf.com\/lt\/wp-json\/wp\/v2\/product_brand?post=8707"},{"taxonomy":"product_cat","embeddable":true,"href":"https:\/\/qingdaohf.com\/lt\/wp-json\/wp\/v2\/product_cat?post=8707"},{"taxonomy":"product_tag","embeddable":true,"href":"https:\/\/qingdaohf.com\/lt\/wp-json\/wp\/v2\/product_tag?post=8707"}],"curies":[{"name":"wp","href":"https:\/\/api.w.org\/{rel}","templated":true}]}}