{"id":8745,"date":"2025-01-18T09:22:33","date_gmt":"2025-01-18T01:22:33","guid":{"rendered":"http:\/\/qingdaohf.com\/?post_type=product&#038;p=8745"},"modified":"2025-11-13T09:02:20","modified_gmt":"2025-11-13T01:02:20","slug":"turnbuckle-concrete","status":"publish","type":"product","link":"https:\/\/qingdaohf.com\/lt\/produktas\/itempimo-betonas\/","title":{"rendered":"\u012etempiamasis betonas"},"content":{"rendered":"<p class=\"whitespace-pre-wrap break-words\">Kalbant apie betono klojinius, velnias slypi detal\u0117se. B\u016btent \u010dia svarb\u016bs yra betono priedai - tai ne tik technin\u0117s priemon\u0117s, bet ir neskelbiami didvyriai, u\u017etikrinantys, kad j\u016bs\u0173 klojiniai b\u016bt\u0173 teisingi, o u\u017eliejimai - tobuli. Pasinerkime \u012f du sunkiuosius turniket\u0173 pasaulio atstovus: Plok\u0161\u010dios plok\u0161t\u0117s ir lenktos plok\u0161t\u0117s konstrukcijos. Kiekviena i\u0161 j\u0173 turi ka\u017ek\u0105 ypatingo, o skirtum\u0173 \u017einojimas gali lemti arba su\u017elugdyti kit\u0105 j\u016bs\u0173 projekt\u0105.<\/p>\n<p><img fetchpriority=\"high\" decoding=\"async\" class=\"alignnone size-medium wp-image-9135\" src=\"http:\/\/qingdaohf.com\/wp-content\/uploads\/2025\/03\/concrete-turnbuckle-7-300x300.webp\" alt=\"betoninis \u012ftempiklis\" width=\"300\" height=\"300\" srcset=\"https:\/\/qingdaohf.com\/wp-content\/uploads\/2025\/03\/concrete-turnbuckle-7-300x300.webp 300w, https:\/\/qingdaohf.com\/wp-content\/uploads\/2025\/03\/concrete-turnbuckle-7-150x150.webp 150w, https:\/\/qingdaohf.com\/wp-content\/uploads\/2025\/03\/concrete-turnbuckle-7-768x768.webp 768w, https:\/\/qingdaohf.com\/wp-content\/uploads\/2025\/03\/concrete-turnbuckle-7-12x12.webp 12w, https:\/\/qingdaohf.com\/wp-content\/uploads\/2025\/03\/concrete-turnbuckle-7-500x500.webp 500w, https:\/\/qingdaohf.com\/wp-content\/uploads\/2025\/03\/concrete-turnbuckle-7-100x100.webp 100w, https:\/\/qingdaohf.com\/wp-content\/uploads\/2025\/03\/concrete-turnbuckle-7.webp 1000w\" sizes=\"(max-width: 300px) 100vw, 300px\" \/> <img decoding=\"async\" class=\"alignnone size-medium wp-image-9131\" src=\"http:\/\/qingdaohf.com\/wp-content\/uploads\/2025\/03\/concrete-turnbuckle-3-300x300.webp\" alt=\"betoninis \u012ftempiklis\" width=\"300\" height=\"300\" srcset=\"https:\/\/qingdaohf.com\/wp-content\/uploads\/2025\/03\/concrete-turnbuckle-3-300x300.webp 300w, https:\/\/qingdaohf.com\/wp-content\/uploads\/2025\/03\/concrete-turnbuckle-3-150x150.webp 150w, https:\/\/qingdaohf.com\/wp-content\/uploads\/2025\/03\/concrete-turnbuckle-3-768x768.webp 768w, https:\/\/qingdaohf.com\/wp-content\/uploads\/2025\/03\/concrete-turnbuckle-3-12x12.webp 12w, https:\/\/qingdaohf.com\/wp-content\/uploads\/2025\/03\/concrete-turnbuckle-3-500x500.webp 500w, https:\/\/qingdaohf.com\/wp-content\/uploads\/2025\/03\/concrete-turnbuckle-3-100x100.webp 100w, https:\/\/qingdaohf.com\/wp-content\/uploads\/2025\/03\/concrete-turnbuckle-3.webp 1000w\" sizes=\"(max-width: 300px) 100vw, 300px\" \/><\/p>\n<p class=\"whitespace-pre-wrap break-words\">\u010cia, H&amp;F, mes pasir\u016bpinome j\u016bs\u0173 nugara, si\u016blydami ne tik l\u016bkes\u010dius atitinkan\u010dius, bet ir juos pranokstan\u010dius laikikli\u0173 sprendimus. Nesvarbu, ar dirbate su dideliu infrastrukt\u016bros projektu, ar su precizi\u0161ka gyvenamojo namo statyba, mes turime \u012frankius, kuri\u0173 reikia, kad viskas b\u016bt\u0173 atlikta tinkamai.<\/p>\n<div class=\"ast-oembed-container\" style=\"height: 100%;\"><iframe title=\"Betonini\u0173 form\u0173 lygintuvas\" width=\"500\" height=\"281\" src=\"https:\/\/www.youtube.com\/embed\/1guP_DQRF1o?feature=oembed\" frameborder=\"0\" allow=\"accelerometer; autoplay; clipboard-write; encrypted-media; gyroscope; picture-in-picture; web-share\" referrerpolicy=\"strict-origin-when-cross-origin\" allowfullscreen><\/iframe><\/div>\n<h2 class=\"text-xl font-bold text-text-200 mt-1 -mb-0.5\">Plok\u0161\u010dios plok\u0161t\u0117s \u012ftempikliai: Tikslumas ir paprastumas<\/h2>\n<p><img decoding=\"async\" class=\"alignnone wp-image-8766 size-medium\" src=\"http:\/\/qingdaohf.com\/wp-content\/uploads\/2025\/01\/flat-plate-turnbuckle-10-300x300.jpg\" alt=\"plok\u0161\u010dios plok\u0161t\u0117s \u012ftempiklis\" width=\"300\" height=\"300\" srcset=\"https:\/\/qingdaohf.com\/wp-content\/uploads\/2025\/01\/flat-plate-turnbuckle-10-300x300.jpg 300w, https:\/\/qingdaohf.com\/wp-content\/uploads\/2025\/01\/flat-plate-turnbuckle-10-150x150.jpg 150w, https:\/\/qingdaohf.com\/wp-content\/uploads\/2025\/01\/flat-plate-turnbuckle-10-768x768.jpg 768w, https:\/\/qingdaohf.com\/wp-content\/uploads\/2025\/01\/flat-plate-turnbuckle-10-12x12.jpg 12w, https:\/\/qingdaohf.com\/wp-content\/uploads\/2025\/01\/flat-plate-turnbuckle-10-500x500.jpg 500w, https:\/\/qingdaohf.com\/wp-content\/uploads\/2025\/01\/flat-plate-turnbuckle-10-100x100.jpg 100w, https:\/\/qingdaohf.com\/wp-content\/uploads\/2025\/01\/flat-plate-turnbuckle-10.jpg 1000w\" sizes=\"(max-width: 300px) 100vw, 300px\" \/><\/p>\n<p class=\"whitespace-pre-wrap break-words\">\u012esivaizduokite tai: \u0161varus ir paprastas \u012ftempiklis su plok\u0161\u010diomis plok\u0161tel\u0117mis abiejuose galuose, kurios puikiai dera su klojiniais. \u0160tai k\u0105 gausite su m\u016bs\u0173 plok\u0161\u010di\u0173j\u0173 plok\u0161teli\u0173 konstrukcija. Jie populiar\u016bs ne tik tod\u0117l, kad atrodo tvarkingai - tai darbiniai arkliai, tolygiai paskirstantys apkrov\u0105 sujungimo ta\u0161kuose ir ma\u017einantys j\u016bs\u0173 klojini\u0173 nusid\u0117v\u0117jim\u0105.<\/p>\n<p class=\"whitespace-pre-wrap break-words\">\u0160ie gra\u017euoliai i\u0161siskiria tuo, kad su jais paprasta dirbti. Kai lenktyniaujate su laiku vykdydami projekt\u0105, kuriame svarbus kiekvienas milimetras, \u012fvertinsite j\u0173 nesud\u0117ting\u0105 montavim\u0105. Kadangi jie tvirtai priglunda prie formos, jums nereik\u0117s jaudintis d\u0117l laisvos vietos.<\/p>\n<p class=\"whitespace-pre-wrap break-words\">\"H&amp;F\" nesivar\u017eome, kai kalbame apie med\u017eiagas. Kiekvienas m\u016bs\u0173 tiekiamas plok\u0161\u010dias plok\u0161\u010dias \u012ftempiklis yra pagamintas i\u0161 labai tvirt\u0173 med\u017eiag\u0173, suprojektuotas taip, kad gal\u0117t\u0173 pasijuokti i\u0161 korozijos ir atlaikyti kasdien\u012f piktnaud\u017eiavim\u0105 darbo vietoje.<\/p>\n<h2 class=\"text-xl font-bold text-text-200 mt-1 -mb-0.5\">Lenktos plok\u0161t\u0117s \u012ftempikliai: Pritaikomumas ir geresnis sukibimas<\/h2>\n<p><img loading=\"lazy\" decoding=\"async\" class=\"alignnone size-medium wp-image-8814\" src=\"http:\/\/qingdaohf.com\/wp-content\/uploads\/2025\/01\/bent-plate-turnbuckle-17-300x300.jpg\" alt=\"i\u0161lenktos plok\u0161tel\u0117s \u012ftempiklis\" width=\"300\" height=\"300\" srcset=\"https:\/\/qingdaohf.com\/wp-content\/uploads\/2025\/01\/bent-plate-turnbuckle-17-300x300.jpg 300w, https:\/\/qingdaohf.com\/wp-content\/uploads\/2025\/01\/bent-plate-turnbuckle-17-150x150.jpg 150w, https:\/\/qingdaohf.com\/wp-content\/uploads\/2025\/01\/bent-plate-turnbuckle-17-768x768.jpg 768w, https:\/\/qingdaohf.com\/wp-content\/uploads\/2025\/01\/bent-plate-turnbuckle-17-12x12.jpg 12w, https:\/\/qingdaohf.com\/wp-content\/uploads\/2025\/01\/bent-plate-turnbuckle-17-500x500.jpg 500w, https:\/\/qingdaohf.com\/wp-content\/uploads\/2025\/01\/bent-plate-turnbuckle-17-100x100.jpg 100w, https:\/\/qingdaohf.com\/wp-content\/uploads\/2025\/01\/bent-plate-turnbuckle-17.jpg 1000w\" sizes=\"(max-width: 300px) 100vw, 300px\" \/><\/p>\n<p class=\"whitespace-pre-wrap break-words\">Dabar pakalb\u0117kime apie problem\u0173 sprend\u0117jus - m\u016bs\u0173 \"Bent Plate\" modelius. \u0160ie blogiukai turi kampines galines plok\u0161teles, kurios suspaud\u017eia taip, kaip reikia. Kai susiduriate su sud\u0117tingais kampais arba ne visai tobulais pavir\u0161iais, \u0161ie gnybtai yra j\u016bs\u0173 sprendimas.<\/p>\n<p class=\"whitespace-pre-wrap break-words\">Geniali lenktos plok\u0161tel\u0117s konstrukcija atsiskleid\u017eia, kai tenka spr\u0119sti galvos skausm\u0105 kelian\u010dius scenarijus, kai standartiniai sprendimai tiesiog nepadeda. Turite ne\u012fprast\u0105 apkrovos situacij\u0105? Susiduriate su formomis, kurios sukasi ir sukasi? \u0160tai \u010dia lenktos plok\u0161t\u0117s \u012ftempikliai pasiteisina.<\/p>\n<p class=\"whitespace-pre-wrap break-words\">Kaip ir j\u0173 plok\u0161\u010diosios plok\u0161t\u0117s pusbroliai, m\u016bs\u0173 lenktosios plok\u0161t\u0117s \u012ftempikliai yra tvirti. Juos testuojame iki galo, nes \u017einome, kad realiame pasaulyje jiems teks susidurti su rimtais i\u0161\u0161\u016bkiais.<\/p>\n<h2 class=\"text-xl font-bold text-text-200 mt-1 -mb-0.5\">Kod\u0117l verta rinktis \"H&amp;F\" betono sprendimus?<\/h2>\n<p class=\"whitespace-pre-wrap break-words\">Tinkamos atramos paie\u0161ka yra tik prad\u017eia - jums reikia tiek\u0117jo, kuris jus palaikyt\u0173, kai reikalai tampa real\u016bs. B\u016btent \u010dia H&amp;F yra geriausias partneris. Mes ne tik parduodame technin\u0119 \u012frang\u0105, bet ir u\u017etikriname ramyb\u0119, \u012fvilkt\u0105 \u012f plien\u0105.<\/p>\n<p class=\"whitespace-pre-wrap break-words\">Praleiskite automatini\u0173 telefono skambu\u010di\u0173 labirint\u0105 - su mumis kalb\u0117site su tikru \u017emogumi, kuris i\u0161mano statybas i\u0161 vidaus ir i\u0161 i\u0161or\u0117s. J\u016bs\u0173 specialus atstovas bus su jumis nuo pirmojo kontakto iki galutinio pristatymo ir v\u0117liau, u\u017etikrindamas, kad gausite b\u016btent tai, ko reikia j\u016bs\u0173 projektui.<\/p>\n<p class=\"whitespace-pre-wrap break-words\">\u017dinome, kad \u0161iame versle laikas yra pinigai. Tod\u0117l supaprastinome pristatymo proces\u0105, kad gautum\u0117te tai, ko jums reikia, tada, kai jums reikia. Joki\u0173 pasiteisinim\u0173, joki\u0173 v\u0117lavim\u0173 - tik patikimas aptarnavimas, kuriuo galite pasikliauti.<\/p>\n<p class=\"whitespace-pre-wrap break-words\">Prie kiekvieno m\u016bs\u0173 siun\u010diamo \u012ftempiklio pridedami patikimi duomenys, patvirtinantys jo veikim\u0105. Visk\u0105 kruop\u0161\u010diai i\u0161bandome ir pateikiame tai \u012frodan\u010dius dokumentus. Nes \u0161iame versle pasitik\u0117jimas yra geras dalykas, bet patikrinimas - dar geresnis.<\/p>\n<p class=\"whitespace-pre-wrap break-words\">Ir \u0161tai kas svarbiausia - mes teikiame vis\u0105 \u0161i\u0105 kokyb\u0119 ir paslaugas, nesugadindami banko. Sugalvojome, kaip i\u0161laikyti konkurencingas kainas ir kartu i\u0161laikyti standartus, d\u0117l kuri\u0173 H&amp;F \u012ftempikliai yra rimt\u0173 konstruktori\u0173 pasirinkimas.<\/p>\n<h2 class=\"text-xl font-bold text-text-200 mt-1 -mb-0.5\">I\u0161vados: \u0160iuolaikin\u0117s statybos poreikiams pritaikyti sprendimai<\/h2>\n<p class=\"whitespace-pre-wrap break-words\">Nesvarbu, ar naudojate plok\u0161\u010di\u0105 plok\u0161telin\u012f \u012ftempikl\u012f, kuris pasi\u017eymi tiksliu paprastumu, ar pasikliaujate lenkto plok\u0161telinio modelio sukibimu ir pritaikomumu, \u0161ie \u012frankiai yra b\u016btini \u0161iuolaikin\u0117s statybos \u017eaidime. Kiekvienas tipas turi sav\u0173 privalum\u0173 ir yra pasireng\u0119s \u012fveikti bet kokius j\u016bs\u0173 projekto i\u0161\u0161\u016bkius.<\/p>\n<p class=\"whitespace-pre-wrap break-words\">\"H&amp;F\" did\u017eiuojasi gal\u0117dama u\u017etikrinti \u0161i\u0173 \u012franki\u0173 kokyb\u0119 atitinkant\u012f aptarnavim\u0105. Nuo operatyviai reaguojan\u010dios komandos iki greito pristatymo laiko ir nepriekai\u0161tingos kokyb\u0117s testavimo - mes esame \u010dia, kad u\u017etikrintume, jog turite tai, ko jums reikia s\u0117kmei pasiekti.<\/p>\n<p class=\"whitespace-pre-wrap break-words\">Bendradarbiaudami su \"H&amp;F\", gausite daugiau nei tik atramas - gausite komand\u0105, kuri supranta, kas yra j\u016bs\u0173 darbo objektas. Sukurkime ka\u017ek\u0105 nuostabaus kartu.<\/p>","protected":false},"excerpt":{"rendered":"<p>\u012etempiamasis betonas yra pagrindinis daugumos statybos projekt\u0173 priedas, da\u017eniausiai naudojamas su klojini\u0173 sistemomis, kad b\u016bt\u0173 u\u017etikrintas stabilumas ir i\u0161lyginimas. H&amp;F supranta, kad kokyb\u0117, ilgaam\u017ei\u0161kumas ir paprastas naudojimas yra svarbiausi pirk\u0117j\u0173 r\u016bpes\u010diai. Siekdami patenkinti \u0161\u012f \u012fsipareigojim\u0105 tobul\u0117ti, kartu su savo \u012ftempiamojo betono priedais teikiame individual\u0173 klient\u0173 aptarnavim\u0105, greit\u0105 pristatymo cikl\u0105 ir i\u0161sami\u0105 kokyb\u0117s patikrinimo ataskait\u0105. Galite b\u016bti tikri, kad m\u016bs\u0173 gaminiai atitinka grie\u017e\u010diausius pramon\u0117s standartus, ta\u010diau kartu pasi\u017eymi i\u0161skirtine verte.<\/p>","protected":false},"featured_media":8746,"comment_status":"open","ping_status":"closed","template":"","meta":{"site-sidebar-layout":"default","site-content-layout":"","ast-site-content-layout":"default","site-content-style":"default","site-sidebar-style":"default","ast-global-header-display":"","ast-banner-title-visibility":"","ast-main-header-display":"","ast-hfb-above-header-display":"","ast-hfb-below-header-display":"","ast-hfb-mobile-header-display":"","site-post-title":"","ast-breadcrumbs-content":"","ast-featured-img":"","footer-sml-layout":"","theme-transparent-header-meta":"default","adv-header-id-meta":"","stick-header-meta":"default","header-above-stick-meta":"","header-main-stick-meta":"","header-below-stick-meta":"","astra-migrate-meta-layouts":"set","ast-page-background-enabled":"default","ast-page-background-meta":{"desktop":{"background-color":"","background-image":"","background-repeat":"repeat","background-position":"center center","background-size":"auto","background-attachment":"scroll","background-type":"","background-media":"","overlay-type":"","overlay-color":"","overlay-opacity":"","overlay-gradient":""},"tablet":{"background-color":"","background-image":"","background-repeat":"repeat","background-position":"center center","background-size":"auto","background-attachment":"scroll","background-type":"","background-media":"","overlay-type":"","overlay-color":"","overlay-opacity":"","overlay-gradient":""},"mobile":{"background-color":"","background-image":"","background-repeat":"repeat","background-position":"center center","background-size":"auto","background-attachment":"scroll","background-type":"","background-media":"","overlay-type":"","overlay-color":"","overlay-opacity":"","overlay-gradient":""}},"ast-content-background-meta":{"desktop":{"background-color":"var(--ast-global-color-5)","background-image":"","background-repeat":"repeat","background-position":"center center","background-size":"auto","background-attachment":"scroll","background-type":"","background-media":"","overlay-type":"","overlay-color":"","overlay-opacity":"","overlay-gradient":""},"tablet":{"background-color":"var(--ast-global-color-5)","background-image":"","background-repeat":"repeat","background-position":"center center","background-size":"auto","background-attachment":"scroll","background-type":"","background-media":"","overlay-type":"","overlay-color":"","overlay-opacity":"","overlay-gradient":""},"mobile":{"background-color":"var(--ast-global-color-5)","background-image":"","background-repeat":"repeat","background-position":"center center","background-size":"auto","background-attachment":"scroll","background-type":"","background-media":"","overlay-type":"","overlay-color":"","overlay-opacity":"","overlay-gradient":""}}},"product_brand":[],"product_cat":[28],"product_tag":[],"class_list":{"0":"post-8745","1":"product","2":"type-product","3":"status-publish","4":"has-post-thumbnail","6":"product_cat-concrete-forming","7":"desktop-align-left","8":"tablet-align-left","9":"mobile-align-left","10":"ast-product-gallery-layout-horizontal-slider","11":"ast-product-tabs-layout-horizontal","13":"first","14":"instock","15":"shipping-taxable","16":"purchasable","17":"product-type-simple"},"yoast_head":"<!-- This site is optimized with the Yoast SEO plugin v25.2 - https:\/\/yoast.com\/wordpress\/plugins\/seo\/ -->\n<title>Turnbuckle Concrete<\/title>\n<meta name=\"description\" content=\"Turnbuckle concrete is a key accessory in most construction projects and is chiefly applied with formwork systems to make provision for stability and alignment.\" \/>\n<meta name=\"robots\" content=\"index, follow, max-snippet:-1, max-image-preview:large, max-video-preview:-1\" \/>\n<link rel=\"canonical\" href=\"https:\/\/qingdaohf.com\/lt\/produktas\/itempimo-betonas\/\" \/>\n<meta property=\"og:locale\" content=\"lt_LT\" \/>\n<meta property=\"og:type\" content=\"article\" \/>\n<meta property=\"og:title\" content=\"Turnbuckle Concrete\" \/>\n<meta property=\"og:description\" content=\"Turnbuckle concrete is a key accessory in most construction projects and is chiefly applied with formwork systems to make provision for stability and alignment.\" \/>\n<meta property=\"og:url\" content=\"https:\/\/qingdaohf.com\/lt\/produktas\/itempimo-betonas\/\" \/>\n<meta property=\"og:site_name\" content=\"Concrete Form &amp; Rigging Hardware Supplier\" \/>\n<meta property=\"article:publisher\" content=\"https:\/\/www.facebook.com\/qingdaohf\" \/>\n<meta property=\"article:modified_time\" content=\"2025-11-13T01:02:20+00:00\" \/>\n<meta property=\"og:image\" content=\"https:\/\/qingdaohf.com\/wp-content\/uploads\/2025\/01\/concrete-turnbuckle.jpg\" \/>\n\t<meta property=\"og:image:width\" content=\"1000\" \/>\n\t<meta property=\"og:image:height\" content=\"1000\" \/>\n\t<meta property=\"og:image:type\" content=\"image\/jpeg\" \/>\n<meta name=\"twitter:card\" content=\"summary_large_image\" \/>\n<meta name=\"twitter:label1\" content=\"Est. reading time\" \/>\n\t<meta name=\"twitter:data1\" content=\"5 minut\u0117s\" \/>\n<script type=\"application\/ld+json\" class=\"yoast-schema-graph\">{\"@context\":\"https:\/\/schema.org\",\"@graph\":[{\"@type\":\"WebPage\",\"@id\":\"https:\/\/qingdaohf.com\/product\/turnbuckle-concrete\/\",\"url\":\"https:\/\/qingdaohf.com\/product\/turnbuckle-concrete\/\",\"name\":\"Turnbuckle Concrete\",\"isPartOf\":{\"@id\":\"https:\/\/qingdaohf.com\/bg\/#website\"},\"primaryImageOfPage\":{\"@id\":\"https:\/\/qingdaohf.com\/product\/turnbuckle-concrete\/#primaryimage\"},\"image\":{\"@id\":\"https:\/\/qingdaohf.com\/product\/turnbuckle-concrete\/#primaryimage\"},\"thumbnailUrl\":\"https:\/\/qingdaohf.com\/wp-content\/uploads\/2025\/01\/concrete-turnbuckle.jpg\",\"datePublished\":\"2025-01-18T01:22:33+00:00\",\"dateModified\":\"2025-11-13T01:02:20+00:00\",\"description\":\"Turnbuckle concrete is a key accessory in most construction projects and is chiefly applied with formwork systems to make provision for stability and alignment.\",\"breadcrumb\":{\"@id\":\"https:\/\/qingdaohf.com\/product\/turnbuckle-concrete\/#breadcrumb\"},\"inLanguage\":\"lt-LT\",\"potentialAction\":[{\"@type\":\"ReadAction\",\"target\":[\"https:\/\/qingdaohf.com\/product\/turnbuckle-concrete\/\"]}]},{\"@type\":\"ImageObject\",\"inLanguage\":\"lt-LT\",\"@id\":\"https:\/\/qingdaohf.com\/product\/turnbuckle-concrete\/#primaryimage\",\"url\":\"https:\/\/qingdaohf.com\/wp-content\/uploads\/2025\/01\/concrete-turnbuckle.jpg\",\"contentUrl\":\"https:\/\/qingdaohf.com\/wp-content\/uploads\/2025\/01\/concrete-turnbuckle.jpg\",\"width\":1000,\"height\":1000,\"caption\":\"concrete turnbuckle\"},{\"@type\":\"BreadcrumbList\",\"@id\":\"https:\/\/qingdaohf.com\/product\/turnbuckle-concrete\/#breadcrumb\",\"itemListElement\":[{\"@type\":\"ListItem\",\"position\":1,\"name\":\"Home\",\"item\":\"https:\/\/qingdaohf.com\/\"},{\"@type\":\"ListItem\",\"position\":2,\"name\":\"Concrete Forming Accessories and Rigging Hardware\",\"item\":\"https:\/\/qingdaohf.com\/bg\/?page_id=944\"},{\"@type\":\"ListItem\",\"position\":3,\"name\":\"Turnbuckle Concrete\"}]},{\"@type\":\"WebSite\",\"@id\":\"https:\/\/qingdaohf.com\/bg\/#website\",\"url\":\"https:\/\/qingdaohf.com\/bg\/\",\"name\":\"Concrete Form & Rigging Hardware Supplier\",\"description\":\"\",\"publisher\":{\"@id\":\"https:\/\/qingdaohf.com\/bg\/#organization\"},\"potentialAction\":[{\"@type\":\"SearchAction\",\"target\":{\"@type\":\"EntryPoint\",\"urlTemplate\":\"https:\/\/qingdaohf.com\/bg\/?s={search_term_string}\"},\"query-input\":{\"@type\":\"PropertyValueSpecification\",\"valueRequired\":true,\"valueName\":\"search_term_string\"}}],\"inLanguage\":\"lt-LT\"},{\"@type\":\"Organization\",\"@id\":\"https:\/\/qingdaohf.com\/bg\/#organization\",\"name\":\"Qingdao H&F\",\"url\":\"https:\/\/qingdaohf.com\/bg\/\",\"logo\":{\"@type\":\"ImageObject\",\"inLanguage\":\"lt-LT\",\"@id\":\"https:\/\/qingdaohf.com\/bg\/#\/schema\/logo\/image\/\",\"url\":\"https:\/\/qingdaohf.com\/wp-content\/uploads\/2022\/12\/cropped-HF-LOGO.png\",\"contentUrl\":\"https:\/\/qingdaohf.com\/wp-content\/uploads\/2022\/12\/cropped-HF-LOGO.png\",\"width\":391,\"height\":249,\"caption\":\"Qingdao H&F\"},\"image\":{\"@id\":\"https:\/\/qingdaohf.com\/bg\/#\/schema\/logo\/image\/\"},\"sameAs\":[\"https:\/\/www.facebook.com\/qingdaohf\"]}]}<\/script>\n<!-- \/ Yoast SEO plugin. -->","yoast_head_json":{"title":"Turnbuckle Concrete","description":"Turnbuckle concrete is a key accessory in most construction projects and is chiefly applied with formwork systems to make provision for stability and alignment.","robots":{"index":"index","follow":"follow","max-snippet":"max-snippet:-1","max-image-preview":"max-image-preview:large","max-video-preview":"max-video-preview:-1"},"canonical":"https:\/\/qingdaohf.com\/lt\/produktas\/itempimo-betonas\/","og_locale":"lt_LT","og_type":"article","og_title":"Turnbuckle Concrete","og_description":"Turnbuckle concrete is a key accessory in most construction projects and is chiefly applied with formwork systems to make provision for stability and alignment.","og_url":"https:\/\/qingdaohf.com\/lt\/produktas\/itempimo-betonas\/","og_site_name":"Concrete Form &amp; Rigging Hardware Supplier","article_publisher":"https:\/\/www.facebook.com\/qingdaohf","article_modified_time":"2025-11-13T01:02:20+00:00","og_image":[{"width":1000,"height":1000,"url":"https:\/\/qingdaohf.com\/wp-content\/uploads\/2025\/01\/concrete-turnbuckle.jpg","type":"image\/jpeg"}],"twitter_card":"summary_large_image","twitter_misc":{"Est. reading time":"5 minut\u0117s"},"schema":{"@context":"https:\/\/schema.org","@graph":[{"@type":"WebPage","@id":"https:\/\/qingdaohf.com\/product\/turnbuckle-concrete\/","url":"https:\/\/qingdaohf.com\/product\/turnbuckle-concrete\/","name":"Turnbuckle Concrete","isPartOf":{"@id":"https:\/\/qingdaohf.com\/bg\/#website"},"primaryImageOfPage":{"@id":"https:\/\/qingdaohf.com\/product\/turnbuckle-concrete\/#primaryimage"},"image":{"@id":"https:\/\/qingdaohf.com\/product\/turnbuckle-concrete\/#primaryimage"},"thumbnailUrl":"https:\/\/qingdaohf.com\/wp-content\/uploads\/2025\/01\/concrete-turnbuckle.jpg","datePublished":"2025-01-18T01:22:33+00:00","dateModified":"2025-11-13T01:02:20+00:00","description":"Turnbuckle concrete is a key accessory in most construction projects and is chiefly applied with formwork systems to make provision for stability and alignment.","breadcrumb":{"@id":"https:\/\/qingdaohf.com\/product\/turnbuckle-concrete\/#breadcrumb"},"inLanguage":"lt-LT","potentialAction":[{"@type":"ReadAction","target":["https:\/\/qingdaohf.com\/product\/turnbuckle-concrete\/"]}]},{"@type":"ImageObject","inLanguage":"lt-LT","@id":"https:\/\/qingdaohf.com\/product\/turnbuckle-concrete\/#primaryimage","url":"https:\/\/qingdaohf.com\/wp-content\/uploads\/2025\/01\/concrete-turnbuckle.jpg","contentUrl":"https:\/\/qingdaohf.com\/wp-content\/uploads\/2025\/01\/concrete-turnbuckle.jpg","width":1000,"height":1000,"caption":"concrete turnbuckle"},{"@type":"BreadcrumbList","@id":"https:\/\/qingdaohf.com\/product\/turnbuckle-concrete\/#breadcrumb","itemListElement":[{"@type":"ListItem","position":1,"name":"Home","item":"https:\/\/qingdaohf.com\/"},{"@type":"ListItem","position":2,"name":"Concrete Forming Accessories and Rigging Hardware","item":"https:\/\/qingdaohf.com\/bg\/?page_id=944"},{"@type":"ListItem","position":3,"name":"Turnbuckle Concrete"}]},{"@type":"WebSite","@id":"https:\/\/qingdaohf.com\/bg\/#website","url":"https:\/\/qingdaohf.com\/bg\/","name":"Concrete Form & Rigging Hardware Supplier","description":"","publisher":{"@id":"https:\/\/qingdaohf.com\/bg\/#organization"},"potentialAction":[{"@type":"SearchAction","target":{"@type":"EntryPoint","urlTemplate":"https:\/\/qingdaohf.com\/bg\/?s={search_term_string}"},"query-input":{"@type":"PropertyValueSpecification","valueRequired":true,"valueName":"search_term_string"}}],"inLanguage":"lt-LT"},{"@type":"Organization","@id":"https:\/\/qingdaohf.com\/bg\/#organization","name":"Qingdao H&F","url":"https:\/\/qingdaohf.com\/bg\/","logo":{"@type":"ImageObject","inLanguage":"lt-LT","@id":"https:\/\/qingdaohf.com\/bg\/#\/schema\/logo\/image\/","url":"https:\/\/qingdaohf.com\/wp-content\/uploads\/2022\/12\/cropped-HF-LOGO.png","contentUrl":"https:\/\/qingdaohf.com\/wp-content\/uploads\/2022\/12\/cropped-HF-LOGO.png","width":391,"height":249,"caption":"Qingdao H&F"},"image":{"@id":"https:\/\/qingdaohf.com\/bg\/#\/schema\/logo\/image\/"},"sameAs":["https:\/\/www.facebook.com\/qingdaohf"]}]}},"_links":{"self":[{"href":"https:\/\/qingdaohf.com\/lt\/wp-json\/wp\/v2\/product\/8745","targetHints":{"allow":["GET"]}}],"collection":[{"href":"https:\/\/qingdaohf.com\/lt\/wp-json\/wp\/v2\/product"}],"about":[{"href":"https:\/\/qingdaohf.com\/lt\/wp-json\/wp\/v2\/types\/product"}],"replies":[{"embeddable":true,"href":"https:\/\/qingdaohf.com\/lt\/wp-json\/wp\/v2\/comments?post=8745"}],"version-history":[{"count":6,"href":"https:\/\/qingdaohf.com\/lt\/wp-json\/wp\/v2\/product\/8745\/revisions"}],"predecessor-version":[{"id":9137,"href":"https:\/\/qingdaohf.com\/lt\/wp-json\/wp\/v2\/product\/8745\/revisions\/9137"}],"wp:featuredmedia":[{"embeddable":true,"href":"https:\/\/qingdaohf.com\/lt\/wp-json\/wp\/v2\/media\/8746"}],"wp:attachment":[{"href":"https:\/\/qingdaohf.com\/lt\/wp-json\/wp\/v2\/media?parent=8745"}],"wp:term":[{"taxonomy":"product_brand","embeddable":true,"href":"https:\/\/qingdaohf.com\/lt\/wp-json\/wp\/v2\/product_brand?post=8745"},{"taxonomy":"product_cat","embeddable":true,"href":"https:\/\/qingdaohf.com\/lt\/wp-json\/wp\/v2\/product_cat?post=8745"},{"taxonomy":"product_tag","embeddable":true,"href":"https:\/\/qingdaohf.com\/lt\/wp-json\/wp\/v2\/product_tag?post=8745"}],"curies":[{"name":"wp","href":"https:\/\/api.w.org\/{rel}","templated":true}]}}