{"id":8858,"date":"2025-01-21T15:05:09","date_gmt":"2025-01-21T07:05:09","guid":{"rendered":"http:\/\/qingdaohf.com\/?post_type=product&#038;p=8858"},"modified":"2025-11-13T09:02:20","modified_gmt":"2025-11-13T01:02:20","slug":"anchor-bolt-concrete","status":"publish","type":"product","link":"https:\/\/qingdaohf.com\/lt\/produktas\/inkarinis-varztas-i-betona\/","title":{"rendered":"Inkarinis var\u017etas Betonas"},"content":{"rendered":"<h2 class=\"whitespace-pre-wrap break-words\">Supratimas apie inkarini\u0173 var\u017et\u0173 naudojim\u0105 betone<\/h2>\n<p class=\"whitespace-pre-wrap break-words\">Inkariniai var\u017etai, dar vadinami pamat\u0173 var\u017etais arba L formos var\u017etais, yra konstrukcijos stabilumo pagrindas \u012fvairiose statybose. Bet kurioje didesn\u0117je statyb\u0173 aik\u0161tel\u0117je pamatysite juos, laikan\u010dius plienines kolonas, \u012ftvirtinan\u010dius sunki\u0105sias ma\u0161inas arba tvirtinan\u010dius konstrukcinius karkasus prie betonini\u0173 pamat\u0173. Tai n\u0117ra \u012fprastos tvirtinimo detal\u0117s - tai svarbiausi komponentai, u\u017etikrinantys tvirtum\u0105 ir patikimum\u0105, kurio reikalauja in\u017einieriai ir rangovai. Susipa\u017einti su \u0161i\u0173 var\u017et\u0173 veikimu su betonu ne tik naudinga - tai b\u016btina norint pasirinkti tinkam\u0105 j\u0173 tip\u0105 ir \u012fsitikinti, kad jie veiks ilg\u0105 laik\u0105.<\/p>\n<p><img fetchpriority=\"high\" decoding=\"async\" class=\"alignnone wp-image-9149 size-large\" src=\"http:\/\/qingdaohf.com\/wp-content\/uploads\/2025\/03\/foundation-bolt-1-1024x768.webp\" alt=\"pamat\u0173 var\u017etas\" width=\"1024\" height=\"768\" srcset=\"https:\/\/qingdaohf.com\/wp-content\/uploads\/2025\/03\/foundation-bolt-1-1024x768.webp 1024w, https:\/\/qingdaohf.com\/wp-content\/uploads\/2025\/03\/foundation-bolt-1-300x225.webp 300w, https:\/\/qingdaohf.com\/wp-content\/uploads\/2025\/03\/foundation-bolt-1-768x576.webp 768w, https:\/\/qingdaohf.com\/wp-content\/uploads\/2025\/03\/foundation-bolt-1-16x12.webp 16w, https:\/\/qingdaohf.com\/wp-content\/uploads\/2025\/03\/foundation-bolt-1-1000x750.webp 1000w, https:\/\/qingdaohf.com\/wp-content\/uploads\/2025\/03\/foundation-bolt-1.webp 1200w\" sizes=\"(max-width: 1024px) 100vw, 1024px\" \/><\/p>\n<p class=\"whitespace-pre-wrap break-words\">Pa\u017evelkite \u012f bet kur\u012f inkarini\u0173 var\u017et\u0173 betono sprendim\u0105 ir pamatysite, kad jis nuo pat prad\u017ei\u0173 yra tvirtas. Jie skirti ne tik daiktams laikyti - jie sukurti taip, kad atlaikyt\u0173 rimt\u0105 apkrov\u0105 ir \u017eiaurias aplinkos s\u0105lygas, o apkrovos paskirstomos tolygiai, kad b\u016bt\u0173 pa\u0161alintos silpnosios vietos. Patyr\u0119 in\u017einieriai, rinkdamiesi pamat\u0173 var\u017etus ir L formos var\u017etus, atsi\u017evelgia \u012f tris pagrindinius dalykus: tempimo stipr\u012f, kaip gerai jie apsaugo nuo r\u016bd\u017ei\u0173 ir ar juos galima tiksliai sumontuoti. Savo gamybos proces\u0105 suk\u016br\u0117me atsi\u017evelgdami b\u016btent \u012f \u0161iuos reikalavimus ir u\u017etikrindami, kad m\u016bs\u0173 gaminiai atlaikyt\u0173 bet kokius j\u016bs\u0173 projekto reikalavimus.<\/p>\n<p><strong>Danga \/ med\u017eiaga:<\/strong> Kar\u0161tai cinkuotas arba nepadengtas plienas<\/p>\n<h3>Pamat\u0173 var\u017et\u0173 dydis:<\/h3>\n\n<table id=\"tablepress-2\" class=\"tablepress tablepress-id-2\">\n<thead>\n<tr class=\"row-1\">\n\t<th class=\"column-1\">Dia (coliai)<\/th><th class=\"column-2\">Ilgis (coliai)<\/th>\n<\/tr>\n<\/thead>\n<tbody class=\"row-striping row-hover\">\n<tr class=\"row-2\">\n\t<td class=\"column-1\">1\/2\u2033<\/td><td class=\"column-2\">6\u2033<\/td>\n<\/tr>\n<tr class=\"row-3\">\n\t<td class=\"column-1\">1\/2\u2033<\/td><td class=\"column-2\">8\u2033<\/td>\n<\/tr>\n<tr class=\"row-4\">\n\t<td class=\"column-1\">1\/2\u2033<\/td><td class=\"column-2\">10\u2033<\/td>\n<\/tr>\n<tr class=\"row-5\">\n\t<td class=\"column-1\">1\/2\u2033<\/td><td class=\"column-2\">12\u2033<\/td>\n<\/tr>\n<tr class=\"row-6\">\n\t<td class=\"column-1\">1\/2\u2033<\/td><td class=\"column-2\">14\u2033<\/td>\n<\/tr>\n<tr class=\"row-7\">\n\t<td class=\"column-1\">1\/2\u2033<\/td><td class=\"column-2\">16\u2033<\/td>\n<\/tr>\n<tr class=\"row-8\">\n\t<td class=\"column-1\">1\/2\u2033<\/td><td class=\"column-2\">18\u2033<\/td>\n<\/tr>\n<tr class=\"row-9\">\n\t<td class=\"column-1\">5\/8\u2033<\/td><td class=\"column-2\">6\u2033<\/td>\n<\/tr>\n<tr class=\"row-10\">\n\t<td class=\"column-1\">5\/8\u2033<\/td><td class=\"column-2\">8\u2033<\/td>\n<\/tr>\n<tr class=\"row-11\">\n\t<td class=\"column-1\">5\/8\u2033<\/td><td class=\"column-2\">10\u2033<\/td>\n<\/tr>\n<tr class=\"row-12\">\n\t<td class=\"column-1\">5\/8\u2033<\/td><td class=\"column-2\">12\u2033<\/td>\n<\/tr>\n<tr class=\"row-13\">\n\t<td class=\"column-1\">5\/8\u2033<\/td><td class=\"column-2\">14\u2033<\/td>\n<\/tr>\n<tr class=\"row-14\">\n\t<td class=\"column-1\">5\/8\u2033<\/td><td class=\"column-2\">16\u2033<\/td>\n<\/tr>\n<tr class=\"row-15\">\n\t<td class=\"column-1\">5\/8\u2033<\/td><td class=\"column-2\">18\u2033<\/td>\n<\/tr>\n<tr class=\"row-16\">\n\t<td class=\"column-1\">3\/4\u2033<\/td><td class=\"column-2\">6\u2033<\/td>\n<\/tr>\n<tr class=\"row-17\">\n\t<td class=\"column-1\">3\/4\u2033<\/td><td class=\"column-2\">8\u2033<\/td>\n<\/tr>\n<tr class=\"row-18\">\n\t<td class=\"column-1\">3\/4\u2033<\/td><td class=\"column-2\">10\u2033<\/td>\n<\/tr>\n<tr class=\"row-19\">\n\t<td class=\"column-1\">3\/4\u2033<\/td><td class=\"column-2\">12\u2033<\/td>\n<\/tr>\n<tr class=\"row-20\">\n\t<td class=\"column-1\">3\/4\u2033<\/td><td class=\"column-2\">14\u2033<\/td>\n<\/tr>\n<tr class=\"row-21\">\n\t<td class=\"column-1\">3\/4\u2033<\/td><td class=\"column-2\">16\u2033<\/td>\n<\/tr>\n<tr class=\"row-22\">\n\t<td class=\"column-1\">3\/4\u2033<\/td><td class=\"column-2\">18\u2033<\/td>\n<\/tr>\n<\/tbody>\n<\/table>\n\n<h2 class=\"whitespace-pre-wrap break-words\">Pagrindiniai pamat\u0173 var\u017et\u0173 pasirinkimo veiksniai<\/h2>\n<p class=\"whitespace-pre-wrap break-words\">Med\u017eiagos pasirinkimas gali nulemti arba sugadinti j\u016bs\u0173 pamat\u0173 var\u017etus ir L formos var\u017etus. Galite rinktis: didelio atsparumo plieno lydinius, kai reikia \u017ealios j\u0117gos, cinkuotas dangas papildomai apsaugai arba ner\u016bdijant\u012f plien\u0105, kai aplinka ypa\u010d at\u0161iauri. Vykdote projekt\u0105, kurio metu \u0161ie var\u017etai bus veikiami dr\u0117gm\u0117s, chemini\u0173 med\u017eiag\u0173 ar ekstremali\u0173 temperat\u016br\u0173? Turime specializuot\u0173 med\u017eiag\u0173 kiekvienam scenarijui. Kiekvienas var\u017etas praeina grie\u017etus kokyb\u0117s kontrol\u0117s bandymus, kuriuos pagrind\u017eia i\u0161samios patikros ataskaitos, suteikian\u010dios tikro pasitik\u0117jimo tuo, k\u0105 perkate.<\/p>\n<p class=\"whitespace-pre-wrap break-words\">Montavimo tikslumas ne tik rekomenduojamas, bet ir b\u016btinas, kad pamat\u0173 var\u017etai ir L formos var\u017etai veikt\u0173 maksimaliai efektyviai. Reikia tiksliai nustatyti \u012fleidimo gyl\u012f, tikslias sukimo momento specifikacijas ir teisingai i\u0161lyginti. \u0160ios detal\u0117s turi tiesiogin\u0117s \u012ftakos konstrukcijos tvirtumui. \u0160tai kod\u0117l H&amp;F technin\u0117 komanda visada pasirengusi jums patarti, kaip taikyti geriausi\u0105 praktik\u0105, ir u\u017etikrinti, kad j\u016bs\u0173 montavimas ne tik atitikt\u0173 pramon\u0117s standartus, bet ir juos vir\u0161yt\u0173. Esame \u010dia, kad pad\u0117tume jums visk\u0105 atlikti teisingai i\u0161 pirmo karto.<\/p>\n<div class=\"ast-oembed-container\" style=\"height: 100%;\"><iframe title=\"Pagrindo var\u017etas\" width=\"500\" height=\"281\" src=\"https:\/\/www.youtube.com\/embed\/3M-AW45tVRI?feature=oembed\" frameborder=\"0\" allow=\"accelerometer; autoplay; clipboard-write; encrypted-media; gyroscope; picture-in-picture; web-share\" referrerpolicy=\"strict-origin-when-cross-origin\" allowfullscreen><\/iframe><\/div>\n<h2 class=\"whitespace-pre-wrap break-words\">Kod\u0117l verta rinktis \"H&amp;F\" savo L formos var\u017et\u0173 poreikiams tenkinti<\/h2>\n<p class=\"whitespace-pre-wrap break-words\">Kartais standartas tiesiog netinka - tuomet reikia pritaikyti. Skirtingiems darbams reikia skirting\u0173 skersmen\u0173, sriegi\u0173 tip\u0173 ir ilgi\u0173 var\u017et\u0173. M\u016bs\u0173 gamini\u0173 asortimentas pakankamai platus, kad rastum\u0117te b\u016btent tai, ko jums reikia, ir nieko nereik\u0117t\u0173 keisti vietoje. Nesvarbu, ar jums reikia pagrindini\u0173 L formos var\u017et\u0173 standartiniams darbams, ar pagal u\u017esakym\u0105 sukurt\u0173 sprendim\u0173 unikaliems i\u0161\u0161\u016bkiams, m\u016bs\u0173 komanda \u017eino, kaip jums parinkti tinkam\u0105 \u012frang\u0105.<\/p>\n<p class=\"whitespace-pre-wrap break-words\">Statybos projektuose laikas yra pinigai, o detali\u0173 laukimas gali sugriauti j\u016bs\u0173 tvarkara\u0161t\u012f ir biud\u017eet\u0105. \u0160tai kod\u0117l esame aps\u0117sti siekio u\u017etikrinti, kad m\u016bs\u0173 tiekimo grandin\u0117 b\u016bt\u0173 taupi ir efektyvi. Atsikrat\u0117me biurokratijos ir supaprastinome logistik\u0105, kad gautum\u0117te tai, ko jums reikia, tada, kai jums reikia, ir j\u016bs\u0173 projektas jud\u0117t\u0173 \u012f priek\u012f be brangiai kainuojan\u010di\u0173 v\u0117lavim\u0173.<\/p>\n<p class=\"whitespace-pre-wrap break-words\">Kokyb\u0117 \u010dia n\u0117ra tik skambus \u017eodis - ji yra \u012ftraukta \u012f visk\u0105, k\u0105 darome. Kiekviena pamat\u0173 var\u017et\u0173 ir L formos var\u017et\u0173 partija kruop\u0161\u010diai i\u0161bandoma pagal tarptautinius standartus. Nuo med\u017eiag\u0173 sud\u0117ties patikros iki apkrovos bandym\u0173 - visk\u0105 dokumentuojame i\u0161samiose patikros ataskaitose. D\u0117l \u0161ios kokyb\u0117s manijos tapome rimt\u0173 rangov\u0173 ir in\u017einieri\u0173 partneriais.<\/p>\n<p class=\"whitespace-pre-wrap break-words\">Statybos nema\u017e\u0117ja, o patikim\u0173 tvirtinimo sprendim\u0173 poreikis taip pat nema\u017e\u0117ja. Nesvarbu, ar statote statinius, infrastrukt\u016br\u0105, ar pramoninius \u012frenginius, jums reikia pamat\u0173 var\u017et\u0173 ir L formos var\u017et\u0173, kurie j\u016bs\u0173 nenuvils. H&amp;F ne tik parduodame technin\u0119 \u012frang\u0105 - mes suteikiame pasitik\u0117jimo, kad gal\u0117tum\u0117te statyti dr\u0105siai ir teisingai.<\/p>","protected":false},"excerpt":{"rendered":"<p>Inkarini\u0173 var\u017et\u0173 betono sprendimai, dar vadinami pamat\u0173 var\u017etais arba L formos var\u017etais, yra pagrindinis konstrukcijos tvirtinimas prie betonini\u0173 pavir\u0161i\u0173. Tokie gaminiai kelia didel\u012f klient\u0173 susir\u016bpinim\u0105, atsi\u017evelgiant \u012f j\u0173 ilgaam\u017ei\u0161kum\u0105, laikom\u0105j\u0105 gali\u0105 ir atsparum\u0105 aplinkos poveikiui. H&amp;F supranta \u0161iuos reikalavimus ir tiekia pamat\u0173 var\u017etus ir L formos var\u017etus, kurie buvo patikrinti siekiant u\u017etikrinti kokyb\u0119 ir atitikt\u012f pramon\u0117s standartams. M\u016bs\u0173 individualus klient\u0173 aptarnavimas u\u017etikrina, kad pirkimo metu \u012f proces\u0105 b\u016bt\u0173 \u017ei\u016brima asmeni\u0161kai, o efektyvi logistika garantuoja greit\u0105 pristatymo cikl\u0105, atitinkant\u012f projekto terminus.<\/p>","protected":false},"featured_media":7000,"comment_status":"open","ping_status":"closed","template":"","meta":{"site-sidebar-layout":"default","site-content-layout":"","ast-site-content-layout":"default","site-content-style":"default","site-sidebar-style":"default","ast-global-header-display":"","ast-banner-title-visibility":"","ast-main-header-display":"","ast-hfb-above-header-display":"","ast-hfb-below-header-display":"","ast-hfb-mobile-header-display":"","site-post-title":"","ast-breadcrumbs-content":"","ast-featured-img":"","footer-sml-layout":"","theme-transparent-header-meta":"default","adv-header-id-meta":"","stick-header-meta":"default","header-above-stick-meta":"","header-main-stick-meta":"","header-below-stick-meta":"","astra-migrate-meta-layouts":"set","ast-page-background-enabled":"default","ast-page-background-meta":{"desktop":{"background-color":"","background-image":"","background-repeat":"repeat","background-position":"center center","background-size":"auto","background-attachment":"scroll","background-type":"","background-media":"","overlay-type":"","overlay-color":"","overlay-opacity":"","overlay-gradient":""},"tablet":{"background-color":"","background-image":"","background-repeat":"repeat","background-position":"center center","background-size":"auto","background-attachment":"scroll","background-type":"","background-media":"","overlay-type":"","overlay-color":"","overlay-opacity":"","overlay-gradient":""},"mobile":{"background-color":"","background-image":"","background-repeat":"repeat","background-position":"center center","background-size":"auto","background-attachment":"scroll","background-type":"","background-media":"","overlay-type":"","overlay-color":"","overlay-opacity":"","overlay-gradient":""}},"ast-content-background-meta":{"desktop":{"background-color":"var(--ast-global-color-5)","background-image":"","background-repeat":"repeat","background-position":"center center","background-size":"auto","background-attachment":"scroll","background-type":"","background-media":"","overlay-type":"","overlay-color":"","overlay-opacity":"","overlay-gradient":""},"tablet":{"background-color":"var(--ast-global-color-5)","background-image":"","background-repeat":"repeat","background-position":"center center","background-size":"auto","background-attachment":"scroll","background-type":"","background-media":"","overlay-type":"","overlay-color":"","overlay-opacity":"","overlay-gradient":""},"mobile":{"background-color":"var(--ast-global-color-5)","background-image":"","background-repeat":"repeat","background-position":"center center","background-size":"auto","background-attachment":"scroll","background-type":"","background-media":"","overlay-type":"","overlay-color":"","overlay-opacity":"","overlay-gradient":""}}},"product_brand":[],"product_cat":[28],"product_tag":[],"class_list":{"0":"post-8858","1":"product","2":"type-product","3":"status-publish","4":"has-post-thumbnail","6":"product_cat-concrete-forming","7":"desktop-align-left","8":"tablet-align-left","9":"mobile-align-left","10":"ast-product-gallery-layout-horizontal-slider","11":"ast-product-tabs-layout-horizontal","13":"first","14":"instock","15":"shipping-taxable","16":"purchasable","17":"product-type-simple"},"yoast_head":"<!-- This site is optimized with the Yoast SEO plugin v25.2 - https:\/\/yoast.com\/wordpress\/plugins\/seo\/ -->\n<title>Anchor Bolt Concrete<\/title>\n<meta name=\"description\" content=\"Anchor bolt concrete solutions, also known as foundation bolts or L bolts, are the fundamental fastening of a structure to concrete surfaces.\" \/>\n<meta name=\"robots\" content=\"index, follow, max-snippet:-1, max-image-preview:large, max-video-preview:-1\" \/>\n<link rel=\"canonical\" href=\"https:\/\/qingdaohf.com\/lt\/produktas\/inkarinis-varztas-i-betona\/\" \/>\n<meta property=\"og:locale\" content=\"lt_LT\" \/>\n<meta property=\"og:type\" content=\"article\" \/>\n<meta property=\"og:title\" content=\"Anchor Bolt Concrete\" \/>\n<meta property=\"og:description\" content=\"Anchor bolt concrete solutions, also known as foundation bolts or L bolts, are the fundamental fastening of a structure to concrete surfaces.\" \/>\n<meta property=\"og:url\" content=\"https:\/\/qingdaohf.com\/lt\/produktas\/inkarinis-varztas-i-betona\/\" \/>\n<meta property=\"og:site_name\" content=\"Concrete Form &amp; Rigging Hardware Supplier\" \/>\n<meta property=\"article:publisher\" content=\"https:\/\/www.facebook.com\/qingdaohf\" \/>\n<meta property=\"article:modified_time\" content=\"2025-11-13T01:02:20+00:00\" \/>\n<meta property=\"og:image\" content=\"https:\/\/qingdaohf.com\/wp-content\/uploads\/2024\/05\/J-bolt-6.jpg\" \/>\n\t<meta property=\"og:image:width\" content=\"1000\" \/>\n\t<meta property=\"og:image:height\" content=\"1000\" \/>\n\t<meta property=\"og:image:type\" content=\"image\/jpeg\" \/>\n<meta name=\"twitter:card\" content=\"summary_large_image\" \/>\n<meta name=\"twitter:label1\" content=\"Est. reading time\" \/>\n\t<meta name=\"twitter:data1\" content=\"4 minut\u0117s\" \/>\n<script type=\"application\/ld+json\" class=\"yoast-schema-graph\">{\"@context\":\"https:\/\/schema.org\",\"@graph\":[{\"@type\":\"WebPage\",\"@id\":\"https:\/\/qingdaohf.com\/product\/anchor-bolt-concrete\/\",\"url\":\"https:\/\/qingdaohf.com\/product\/anchor-bolt-concrete\/\",\"name\":\"Anchor Bolt Concrete\",\"isPartOf\":{\"@id\":\"https:\/\/qingdaohf.com\/bg\/#website\"},\"primaryImageOfPage\":{\"@id\":\"https:\/\/qingdaohf.com\/product\/anchor-bolt-concrete\/#primaryimage\"},\"image\":{\"@id\":\"https:\/\/qingdaohf.com\/product\/anchor-bolt-concrete\/#primaryimage\"},\"thumbnailUrl\":\"https:\/\/qingdaohf.com\/wp-content\/uploads\/2024\/05\/J-bolt-6.jpg\",\"datePublished\":\"2025-01-21T07:05:09+00:00\",\"dateModified\":\"2025-11-13T01:02:20+00:00\",\"description\":\"Anchor bolt concrete solutions, also known as foundation bolts or L bolts, are the fundamental fastening of a structure to concrete surfaces.\",\"breadcrumb\":{\"@id\":\"https:\/\/qingdaohf.com\/product\/anchor-bolt-concrete\/#breadcrumb\"},\"inLanguage\":\"lt-LT\",\"potentialAction\":[{\"@type\":\"ReadAction\",\"target\":[\"https:\/\/qingdaohf.com\/product\/anchor-bolt-concrete\/\"]}]},{\"@type\":\"ImageObject\",\"inLanguage\":\"lt-LT\",\"@id\":\"https:\/\/qingdaohf.com\/product\/anchor-bolt-concrete\/#primaryimage\",\"url\":\"https:\/\/qingdaohf.com\/wp-content\/uploads\/2024\/05\/J-bolt-6.jpg\",\"contentUrl\":\"https:\/\/qingdaohf.com\/wp-content\/uploads\/2024\/05\/J-bolt-6.jpg\",\"width\":1000,\"height\":1000},{\"@type\":\"BreadcrumbList\",\"@id\":\"https:\/\/qingdaohf.com\/product\/anchor-bolt-concrete\/#breadcrumb\",\"itemListElement\":[{\"@type\":\"ListItem\",\"position\":1,\"name\":\"Home\",\"item\":\"https:\/\/qingdaohf.com\/\"},{\"@type\":\"ListItem\",\"position\":2,\"name\":\"Concrete Forming Accessories and Rigging Hardware\",\"item\":\"https:\/\/qingdaohf.com\/bg\/?page_id=944\"},{\"@type\":\"ListItem\",\"position\":3,\"name\":\"Anchor Bolt Concrete\"}]},{\"@type\":\"WebSite\",\"@id\":\"https:\/\/qingdaohf.com\/bg\/#website\",\"url\":\"https:\/\/qingdaohf.com\/bg\/\",\"name\":\"Concrete Form & Rigging Hardware Supplier\",\"description\":\"\",\"publisher\":{\"@id\":\"https:\/\/qingdaohf.com\/bg\/#organization\"},\"potentialAction\":[{\"@type\":\"SearchAction\",\"target\":{\"@type\":\"EntryPoint\",\"urlTemplate\":\"https:\/\/qingdaohf.com\/bg\/?s={search_term_string}\"},\"query-input\":{\"@type\":\"PropertyValueSpecification\",\"valueRequired\":true,\"valueName\":\"search_term_string\"}}],\"inLanguage\":\"lt-LT\"},{\"@type\":\"Organization\",\"@id\":\"https:\/\/qingdaohf.com\/bg\/#organization\",\"name\":\"Qingdao H&F\",\"url\":\"https:\/\/qingdaohf.com\/bg\/\",\"logo\":{\"@type\":\"ImageObject\",\"inLanguage\":\"lt-LT\",\"@id\":\"https:\/\/qingdaohf.com\/bg\/#\/schema\/logo\/image\/\",\"url\":\"https:\/\/qingdaohf.com\/wp-content\/uploads\/2022\/12\/cropped-HF-LOGO.png\",\"contentUrl\":\"https:\/\/qingdaohf.com\/wp-content\/uploads\/2022\/12\/cropped-HF-LOGO.png\",\"width\":391,\"height\":249,\"caption\":\"Qingdao H&F\"},\"image\":{\"@id\":\"https:\/\/qingdaohf.com\/bg\/#\/schema\/logo\/image\/\"},\"sameAs\":[\"https:\/\/www.facebook.com\/qingdaohf\"]}]}<\/script>\n<!-- \/ Yoast SEO plugin. -->","yoast_head_json":{"title":"Anchor Bolt Concrete","description":"Anchor bolt concrete solutions, also known as foundation bolts or L bolts, are the fundamental fastening of a structure to concrete surfaces.","robots":{"index":"index","follow":"follow","max-snippet":"max-snippet:-1","max-image-preview":"max-image-preview:large","max-video-preview":"max-video-preview:-1"},"canonical":"https:\/\/qingdaohf.com\/lt\/produktas\/inkarinis-varztas-i-betona\/","og_locale":"lt_LT","og_type":"article","og_title":"Anchor Bolt Concrete","og_description":"Anchor bolt concrete solutions, also known as foundation bolts or L bolts, are the fundamental fastening of a structure to concrete surfaces.","og_url":"https:\/\/qingdaohf.com\/lt\/produktas\/inkarinis-varztas-i-betona\/","og_site_name":"Concrete Form &amp; Rigging Hardware Supplier","article_publisher":"https:\/\/www.facebook.com\/qingdaohf","article_modified_time":"2025-11-13T01:02:20+00:00","og_image":[{"width":1000,"height":1000,"url":"https:\/\/qingdaohf.com\/wp-content\/uploads\/2024\/05\/J-bolt-6.jpg","type":"image\/jpeg"}],"twitter_card":"summary_large_image","twitter_misc":{"Est. reading time":"4 minut\u0117s"},"schema":{"@context":"https:\/\/schema.org","@graph":[{"@type":"WebPage","@id":"https:\/\/qingdaohf.com\/product\/anchor-bolt-concrete\/","url":"https:\/\/qingdaohf.com\/product\/anchor-bolt-concrete\/","name":"Anchor Bolt Concrete","isPartOf":{"@id":"https:\/\/qingdaohf.com\/bg\/#website"},"primaryImageOfPage":{"@id":"https:\/\/qingdaohf.com\/product\/anchor-bolt-concrete\/#primaryimage"},"image":{"@id":"https:\/\/qingdaohf.com\/product\/anchor-bolt-concrete\/#primaryimage"},"thumbnailUrl":"https:\/\/qingdaohf.com\/wp-content\/uploads\/2024\/05\/J-bolt-6.jpg","datePublished":"2025-01-21T07:05:09+00:00","dateModified":"2025-11-13T01:02:20+00:00","description":"Anchor bolt concrete solutions, also known as foundation bolts or L bolts, are the fundamental fastening of a structure to concrete surfaces.","breadcrumb":{"@id":"https:\/\/qingdaohf.com\/product\/anchor-bolt-concrete\/#breadcrumb"},"inLanguage":"lt-LT","potentialAction":[{"@type":"ReadAction","target":["https:\/\/qingdaohf.com\/product\/anchor-bolt-concrete\/"]}]},{"@type":"ImageObject","inLanguage":"lt-LT","@id":"https:\/\/qingdaohf.com\/product\/anchor-bolt-concrete\/#primaryimage","url":"https:\/\/qingdaohf.com\/wp-content\/uploads\/2024\/05\/J-bolt-6.jpg","contentUrl":"https:\/\/qingdaohf.com\/wp-content\/uploads\/2024\/05\/J-bolt-6.jpg","width":1000,"height":1000},{"@type":"BreadcrumbList","@id":"https:\/\/qingdaohf.com\/product\/anchor-bolt-concrete\/#breadcrumb","itemListElement":[{"@type":"ListItem","position":1,"name":"Home","item":"https:\/\/qingdaohf.com\/"},{"@type":"ListItem","position":2,"name":"Concrete Forming Accessories and Rigging Hardware","item":"https:\/\/qingdaohf.com\/bg\/?page_id=944"},{"@type":"ListItem","position":3,"name":"Anchor Bolt Concrete"}]},{"@type":"WebSite","@id":"https:\/\/qingdaohf.com\/bg\/#website","url":"https:\/\/qingdaohf.com\/bg\/","name":"Concrete Form & Rigging Hardware Supplier","description":"","publisher":{"@id":"https:\/\/qingdaohf.com\/bg\/#organization"},"potentialAction":[{"@type":"SearchAction","target":{"@type":"EntryPoint","urlTemplate":"https:\/\/qingdaohf.com\/bg\/?s={search_term_string}"},"query-input":{"@type":"PropertyValueSpecification","valueRequired":true,"valueName":"search_term_string"}}],"inLanguage":"lt-LT"},{"@type":"Organization","@id":"https:\/\/qingdaohf.com\/bg\/#organization","name":"Qingdao H&F","url":"https:\/\/qingdaohf.com\/bg\/","logo":{"@type":"ImageObject","inLanguage":"lt-LT","@id":"https:\/\/qingdaohf.com\/bg\/#\/schema\/logo\/image\/","url":"https:\/\/qingdaohf.com\/wp-content\/uploads\/2022\/12\/cropped-HF-LOGO.png","contentUrl":"https:\/\/qingdaohf.com\/wp-content\/uploads\/2022\/12\/cropped-HF-LOGO.png","width":391,"height":249,"caption":"Qingdao H&F"},"image":{"@id":"https:\/\/qingdaohf.com\/bg\/#\/schema\/logo\/image\/"},"sameAs":["https:\/\/www.facebook.com\/qingdaohf"]}]}},"_links":{"self":[{"href":"https:\/\/qingdaohf.com\/lt\/wp-json\/wp\/v2\/product\/8858","targetHints":{"allow":["GET"]}}],"collection":[{"href":"https:\/\/qingdaohf.com\/lt\/wp-json\/wp\/v2\/product"}],"about":[{"href":"https:\/\/qingdaohf.com\/lt\/wp-json\/wp\/v2\/types\/product"}],"replies":[{"embeddable":true,"href":"https:\/\/qingdaohf.com\/lt\/wp-json\/wp\/v2\/comments?post=8858"}],"version-history":[{"count":9,"href":"https:\/\/qingdaohf.com\/lt\/wp-json\/wp\/v2\/product\/8858\/revisions"}],"predecessor-version":[{"id":8862,"href":"https:\/\/qingdaohf.com\/lt\/wp-json\/wp\/v2\/product\/8858\/revisions\/8862"}],"wp:featuredmedia":[{"embeddable":true,"href":"https:\/\/qingdaohf.com\/lt\/wp-json\/wp\/v2\/media\/7000"}],"wp:attachment":[{"href":"https:\/\/qingdaohf.com\/lt\/wp-json\/wp\/v2\/media?parent=8858"}],"wp:term":[{"taxonomy":"product_brand","embeddable":true,"href":"https:\/\/qingdaohf.com\/lt\/wp-json\/wp\/v2\/product_brand?post=8858"},{"taxonomy":"product_cat","embeddable":true,"href":"https:\/\/qingdaohf.com\/lt\/wp-json\/wp\/v2\/product_cat?post=8858"},{"taxonomy":"product_tag","embeddable":true,"href":"https:\/\/qingdaohf.com\/lt\/wp-json\/wp\/v2\/product_tag?post=8858"}],"curies":[{"name":"wp","href":"https:\/\/api.w.org\/{rel}","templated":true}]}}