{"id":1402,"date":"2022-12-30T14:53:12","date_gmt":"2022-12-30T06:53:12","guid":{"rendered":"http:\/\/qingdaohf.com\/?page_id=1402"},"modified":"2022-12-30T15:09:27","modified_gmt":"2022-12-30T07:09:27","slug":"factory","status":"publish","type":"page","link":"https:\/\/qingdaohf.com\/lv\/rupnicas\/","title":{"rendered":"M\u016bsu r\u016bpn\u012bca"},"content":{"rendered":"<div data-elementor-type=\"wp-page\" data-elementor-id=\"1402\" class=\"elementor elementor-1402\" data-elementor-post-type=\"page\">\n\t\t\t\t\t\t<section class=\"elementor-section elementor-top-section elementor-element elementor-element-ba2cdab elementor-section-boxed elementor-section-height-default elementor-section-height-default\" data-id=\"ba2cdab\" data-element_type=\"section\">\n\t\t\t\t\t\t<div class=\"elementor-container elementor-column-gap-default\">\n\t\t\t\t\t<div class=\"elementor-column elementor-col-100 elementor-top-column elementor-element elementor-element-a947236\" data-id=\"a947236\" data-element_type=\"column\">\n\t\t\t<div class=\"elementor-widget-wrap elementor-element-populated\">\n\t\t\t\t\t\t<div class=\"elementor-element elementor-element-350fe39 elementor-widget elementor-widget-heading\" data-id=\"350fe39\" data-element_type=\"widget\" data-widget_type=\"heading.default\">\n\t\t\t\t<div class=\"elementor-widget-container\">\n\t\t\t\t\t<h1 class=\"elementor-heading-title elementor-size-default\">M\u016bsu Faktogr\u0101fija<\/h1>\t\t\t\t<\/div>\n\t\t\t\t<\/div>\n\t\t\t\t<div class=\"elementor-element elementor-element-46d8558 elementor-widget elementor-widget-text-editor\" data-id=\"46d8558\" data-element_type=\"widget\" data-widget_type=\"text-editor.default\">\n\t\t\t\t<div class=\"elementor-widget-container\">\n\t\t\t\t\t\t\t\t\t<p>1.20 gadu qdhf m\u0113s koncentr\u0113jamies uz betona veid\u0146u, visu veidu saliekamo un cel\u0161anas piederumu, takel\u0101\u017eas aparat\u016bras, plastmasas izstr\u0101d\u0101jumu, speci\u0101lo izstr\u0101d\u0101jumu k\u0101 paraugu un ras\u0113jumu ra\u017eo\u0161anu.<br \/>2.M\u0113s stingri kontrol\u0113jam visu procesu no izejviel\u0101m l\u012bdz gal\u012bgajai ra\u017eo\u0161anai, lai nodro\u0161in\u0101tu produkta kvalit\u0101ti.<br \/>3.Mums ir modernas test\u0113\u0161anas iek\u0101rtas meh\u0101nisk\u0101s veiktsp\u0113jas un augstas precizit\u0101tes ciet\u012bbas p\u0101rbaudei<br \/>4. M\u0113s varam nodro\u0161in\u0101t profesion\u0101lu dizainu prec\u012bzas kal\u0161anas un \u0161tanc\u0113\u0161anas izstr\u0101d\u0101jumiem.<br \/>5.M\u0113s pied\u0101v\u0101jam 24h pakalpojumu, bezmaksas paraugus \/ pieg\u0101des garantiju \/ 360 r\u016bpn\u012bcas tie\u0161saistes apmekl\u0113jumu \/ p\u0101rbaudes tie\u0161raidi.<\/p>\t\t\t\t\t\t\t\t<\/div>\n\t\t\t\t<\/div>\n\t\t\t\t<section class=\"elementor-section elementor-inner-section elementor-element elementor-element-af2de72 elementor-section-boxed elementor-section-height-default elementor-section-height-default\" data-id=\"af2de72\" data-element_type=\"section\">\n\t\t\t\t\t\t<div class=\"elementor-container elementor-column-gap-default\">\n\t\t\t\t\t<div class=\"elementor-column elementor-col-50 elementor-inner-column elementor-element elementor-element-2b99389\" data-id=\"2b99389\" data-element_type=\"column\">\n\t\t\t<div class=\"elementor-widget-wrap elementor-element-populated\">\n\t\t\t\t\t\t<div class=\"elementor-element elementor-element-f43ce72 elementor-widget elementor-widget-image\" data-id=\"f43ce72\" data-element_type=\"widget\" data-widget_type=\"image.default\">\n\t\t\t\t<div class=\"elementor-widget-container\">\n\t\t\t\t\t\t\t\t\t\t\t\t\t\t\t<img fetchpriority=\"high\" decoding=\"async\" width=\"800\" height=\"855\" src=\"https:\/\/qingdaohf.com\/wp-content\/uploads\/2022\/12\/HF-factory-1.jpg\" class=\"attachment-large size-large wp-image-1405\" alt=\"HF r\u016bpn\u012bca\" srcset=\"https:\/\/qingdaohf.com\/wp-content\/uploads\/2022\/12\/HF-factory-1.jpg 800w, https:\/\/qingdaohf.com\/wp-content\/uploads\/2022\/12\/HF-factory-1-281x300.jpg 281w, https:\/\/qingdaohf.com\/wp-content\/uploads\/2022\/12\/HF-factory-1-768x821.jpg 768w, https:\/\/qingdaohf.com\/wp-content\/uploads\/2022\/12\/HF-factory-1-600x641.jpg 600w\" sizes=\"(max-width: 800px) 100vw, 800px\" \/>\t\t\t\t\t\t\t\t\t\t\t\t\t\t\t<\/div>\n\t\t\t\t<\/div>\n\t\t\t\t\t<\/div>\n\t\t<\/div>\n\t\t\t\t<div class=\"elementor-column elementor-col-50 elementor-inner-column elementor-element elementor-element-85d1195\" data-id=\"85d1195\" data-element_type=\"column\">\n\t\t\t<div class=\"elementor-widget-wrap elementor-element-populated\">\n\t\t\t\t\t\t<div class=\"elementor-element elementor-element-90c3dec elementor-widget elementor-widget-image\" data-id=\"90c3dec\" data-element_type=\"widget\" data-widget_type=\"image.default\">\n\t\t\t\t<div class=\"elementor-widget-container\">\n\t\t\t\t\t\t\t\t\t\t\t\t\t\t\t<img decoding=\"async\" width=\"800\" height=\"855\" src=\"https:\/\/qingdaohf.com\/wp-content\/uploads\/2022\/12\/HF-factory-2.jpg\" class=\"attachment-large size-large wp-image-1406\" alt=\"\" srcset=\"https:\/\/qingdaohf.com\/wp-content\/uploads\/2022\/12\/HF-factory-2.jpg 800w, https:\/\/qingdaohf.com\/wp-content\/uploads\/2022\/12\/HF-factory-2-281x300.jpg 281w, https:\/\/qingdaohf.com\/wp-content\/uploads\/2022\/12\/HF-factory-2-768x821.jpg 768w, https:\/\/qingdaohf.com\/wp-content\/uploads\/2022\/12\/HF-factory-2-600x641.jpg 600w\" sizes=\"(max-width: 800px) 100vw, 800px\" \/>\t\t\t\t\t\t\t\t\t\t\t\t\t\t\t<\/div>\n\t\t\t\t<\/div>\n\t\t\t\t\t<\/div>\n\t\t<\/div>\n\t\t\t\t\t<\/div>\n\t\t<\/section>\n\t\t\t\t\t<\/div>\n\t\t<\/div>\n\t\t\t\t\t<\/div>\n\t\t<\/section>\n\t\t\t\t<\/div>","protected":false},"excerpt":{"rendered":"<p>Our Factroy 1.20 years of qdhf we focus on production of Concrete forms ,all kinds of precast and lifting accessories, rigging hardware , plastic products, the special products as the samples and drawings 2.We strictly control the whole process from raw material to final production to ensure the product quality 3.We have advanced testing equipment [&hellip;]<\/p>","protected":false},"author":1,"featured_media":0,"parent":0,"menu_order":0,"comment_status":"closed","ping_status":"closed","template":"","meta":{"site-sidebar-layout":"no-sidebar","site-content-layout":"page-builder","ast-site-content-layout":"","site-content-style":"default","site-sidebar-style":"default","ast-global-header-display":"","ast-banner-title-visibility":"","ast-main-header-display":"","ast-hfb-above-header-display":"","ast-hfb-below-header-display":"","ast-hfb-mobile-header-display":"","site-post-title":"disabled","ast-breadcrumbs-content":"","ast-featured-img":"disabled","footer-sml-layout":"","theme-transparent-header-meta":"","adv-header-id-meta":"","stick-header-meta":"","header-above-stick-meta":"","header-main-stick-meta":"","header-below-stick-meta":"","astra-migrate-meta-layouts":"default","ast-page-background-enabled":"default","ast-page-background-meta":{"desktop":{"background-color":"","background-image":"","background-repeat":"repeat","background-position":"center center","background-size":"auto","background-attachment":"scroll","background-type":"","background-media":"","overlay-type":"","overlay-color":"","overlay-opacity":"","overlay-gradient":""},"tablet":{"background-color":"","background-image":"","background-repeat":"repeat","background-position":"center center","background-size":"auto","background-attachment":"scroll","background-type":"","background-media":"","overlay-type":"","overlay-color":"","overlay-opacity":"","overlay-gradient":""},"mobile":{"background-color":"","background-image":"","background-repeat":"repeat","background-position":"center center","background-size":"auto","background-attachment":"scroll","background-type":"","background-media":"","overlay-type":"","overlay-color":"","overlay-opacity":"","overlay-gradient":""}},"ast-content-background-meta":{"desktop":{"background-color":"var(--ast-global-color-5)","background-image":"","background-repeat":"repeat","background-position":"center center","background-size":"auto","background-attachment":"scroll","background-type":"","background-media":"","overlay-type":"","overlay-color":"","overlay-opacity":"","overlay-gradient":""},"tablet":{"background-color":"var(--ast-global-color-5)","background-image":"","background-repeat":"repeat","background-position":"center center","background-size":"auto","background-attachment":"scroll","background-type":"","background-media":"","overlay-type":"","overlay-color":"","overlay-opacity":"","overlay-gradient":""},"mobile":{"background-color":"var(--ast-global-color-5)","background-image":"","background-repeat":"repeat","background-position":"center center","background-size":"auto","background-attachment":"scroll","background-type":"","background-media":"","overlay-type":"","overlay-color":"","overlay-opacity":"","overlay-gradient":""}},"footnotes":""},"class_list":["post-1402","page","type-page","status-publish","hentry"],"yoast_head":"<!-- This site is optimized with the Yoast SEO plugin v25.2 - https:\/\/yoast.com\/wordpress\/plugins\/seo\/ -->\n<title>Our Factory<\/title>\n<meta name=\"description\" content=\"QINGDAOH&amp;F CORP is growing a swiftly as a market-oriented company. With a firm foundation built almost 20 years of experience. We offers an extensive line of concrete forming &amp; scaffolding systems and also with several others accessories for your needs.\" \/>\n<meta name=\"robots\" content=\"index, follow, max-snippet:-1, max-image-preview:large, max-video-preview:-1\" \/>\n<link rel=\"canonical\" href=\"https:\/\/qingdaohf.com\/lv\/\u0437\u0430\u0432\u043e\u0434\/\" \/>\n<meta property=\"og:locale\" content=\"lv_LV\" \/>\n<meta property=\"og:type\" content=\"article\" \/>\n<meta property=\"og:title\" content=\"Our Factory\" \/>\n<meta property=\"og:description\" content=\"QINGDAOH&amp;F CORP is growing a swiftly as a market-oriented company. With a firm foundation built almost 20 years of experience. We offers an extensive line of concrete forming &amp; scaffolding systems and also with several others accessories for your needs.\" \/>\n<meta property=\"og:url\" content=\"https:\/\/qingdaohf.com\/lv\/\u0437\u0430\u0432\u043e\u0434\/\" \/>\n<meta property=\"og:site_name\" content=\"Concrete Form &amp; Rigging Hardware Supplier\" \/>\n<meta property=\"article:publisher\" content=\"https:\/\/www.facebook.com\/qingdaohf\" \/>\n<meta property=\"article:modified_time\" content=\"2022-12-30T07:09:27+00:00\" \/>\n<meta property=\"og:image\" content=\"http:\/\/qingdaohf.com\/wp-content\/uploads\/2022\/12\/HF-factory-1.jpg\" \/>\n<meta name=\"twitter:card\" content=\"summary_large_image\" \/>\n<meta name=\"twitter:label1\" content=\"Est. reading time\" \/>\n\t<meta name=\"twitter:data1\" content=\"1 min\u016bte\" \/>\n<script type=\"application\/ld+json\" class=\"yoast-schema-graph\">{\"@context\":\"https:\/\/schema.org\",\"@graph\":[{\"@type\":\"WebPage\",\"@id\":\"https:\/\/qingdaohf.com\/uk\/\u0437\u0430\u0432\u043e\u0434\/\",\"url\":\"https:\/\/qingdaohf.com\/uk\/\u0437\u0430\u0432\u043e\u0434\/\",\"name\":\"Our Factory\",\"isPartOf\":{\"@id\":\"https:\/\/qingdaohf.com\/bg\/#website\"},\"primaryImageOfPage\":{\"@id\":\"https:\/\/qingdaohf.com\/uk\/\u0437\u0430\u0432\u043e\u0434\/#primaryimage\"},\"image\":{\"@id\":\"https:\/\/qingdaohf.com\/uk\/\u0437\u0430\u0432\u043e\u0434\/#primaryimage\"},\"thumbnailUrl\":\"http:\/\/qingdaohf.com\/wp-content\/uploads\/2022\/12\/HF-factory-1.jpg\",\"datePublished\":\"2022-12-30T06:53:12+00:00\",\"dateModified\":\"2022-12-30T07:09:27+00:00\",\"description\":\"QINGDAOH&F CORP is growing a swiftly as a market-oriented company. With a firm foundation built almost 20 years of experience. We offers an extensive line of concrete forming & scaffolding systems and also with several others accessories for your needs.\",\"breadcrumb\":{\"@id\":\"https:\/\/qingdaohf.com\/uk\/\u0437\u0430\u0432\u043e\u0434\/#breadcrumb\"},\"inLanguage\":\"lv-LV\",\"potentialAction\":[{\"@type\":\"ReadAction\",\"target\":[\"https:\/\/qingdaohf.com\/uk\/\u0437\u0430\u0432\u043e\u0434\/\"]}]},{\"@type\":\"ImageObject\",\"inLanguage\":\"lv-LV\",\"@id\":\"https:\/\/qingdaohf.com\/uk\/\u0437\u0430\u0432\u043e\u0434\/#primaryimage\",\"url\":\"http:\/\/qingdaohf.com\/wp-content\/uploads\/2022\/12\/HF-factory-1.jpg\",\"contentUrl\":\"http:\/\/qingdaohf.com\/wp-content\/uploads\/2022\/12\/HF-factory-1.jpg\"},{\"@type\":\"BreadcrumbList\",\"@id\":\"https:\/\/qingdaohf.com\/uk\/\u0437\u0430\u0432\u043e\u0434\/#breadcrumb\",\"itemListElement\":[{\"@type\":\"ListItem\",\"position\":1,\"name\":\"Home\",\"item\":\"https:\/\/qingdaohf.com\/\"},{\"@type\":\"ListItem\",\"position\":2,\"name\":\"Our Factory\"}]},{\"@type\":\"WebSite\",\"@id\":\"https:\/\/qingdaohf.com\/bg\/#website\",\"url\":\"https:\/\/qingdaohf.com\/bg\/\",\"name\":\"Concrete Form & Rigging Hardware Supplier\",\"description\":\"\",\"publisher\":{\"@id\":\"https:\/\/qingdaohf.com\/bg\/#organization\"},\"potentialAction\":[{\"@type\":\"SearchAction\",\"target\":{\"@type\":\"EntryPoint\",\"urlTemplate\":\"https:\/\/qingdaohf.com\/bg\/?s={search_term_string}\"},\"query-input\":{\"@type\":\"PropertyValueSpecification\",\"valueRequired\":true,\"valueName\":\"search_term_string\"}}],\"inLanguage\":\"lv-LV\"},{\"@type\":\"Organization\",\"@id\":\"https:\/\/qingdaohf.com\/bg\/#organization\",\"name\":\"Qingdao H&F\",\"url\":\"https:\/\/qingdaohf.com\/bg\/\",\"logo\":{\"@type\":\"ImageObject\",\"inLanguage\":\"lv-LV\",\"@id\":\"https:\/\/qingdaohf.com\/bg\/#\/schema\/logo\/image\/\",\"url\":\"https:\/\/qingdaohf.com\/wp-content\/uploads\/2022\/12\/cropped-HF-LOGO.png\",\"contentUrl\":\"https:\/\/qingdaohf.com\/wp-content\/uploads\/2022\/12\/cropped-HF-LOGO.png\",\"width\":391,\"height\":249,\"caption\":\"Qingdao H&F\"},\"image\":{\"@id\":\"https:\/\/qingdaohf.com\/bg\/#\/schema\/logo\/image\/\"},\"sameAs\":[\"https:\/\/www.facebook.com\/qingdaohf\"]}]}<\/script>\n<!-- \/ Yoast SEO plugin. -->","yoast_head_json":{"title":"Our Factory","description":"QINGDAOH&F CORP is growing a swiftly as a market-oriented company. With a firm foundation built almost 20 years of experience. We offers an extensive line of concrete forming & scaffolding systems and also with several others accessories for your needs.","robots":{"index":"index","follow":"follow","max-snippet":"max-snippet:-1","max-image-preview":"max-image-preview:large","max-video-preview":"max-video-preview:-1"},"canonical":"https:\/\/qingdaohf.com\/lv\/\u0437\u0430\u0432\u043e\u0434\/","og_locale":"lv_LV","og_type":"article","og_title":"Our Factory","og_description":"QINGDAOH&F CORP is growing a swiftly as a market-oriented company. With a firm foundation built almost 20 years of experience. We offers an extensive line of concrete forming & scaffolding systems and also with several others accessories for your needs.","og_url":"https:\/\/qingdaohf.com\/lv\/\u0437\u0430\u0432\u043e\u0434\/","og_site_name":"Concrete Form &amp; Rigging Hardware Supplier","article_publisher":"https:\/\/www.facebook.com\/qingdaohf","article_modified_time":"2022-12-30T07:09:27+00:00","og_image":[{"url":"http:\/\/qingdaohf.com\/wp-content\/uploads\/2022\/12\/HF-factory-1.jpg","type":"","width":"","height":""}],"twitter_card":"summary_large_image","twitter_misc":{"Est. reading time":"1 min\u016bte"},"schema":{"@context":"https:\/\/schema.org","@graph":[{"@type":"WebPage","@id":"https:\/\/qingdaohf.com\/uk\/\u0437\u0430\u0432\u043e\u0434\/","url":"https:\/\/qingdaohf.com\/uk\/\u0437\u0430\u0432\u043e\u0434\/","name":"Our Factory","isPartOf":{"@id":"https:\/\/qingdaohf.com\/bg\/#website"},"primaryImageOfPage":{"@id":"https:\/\/qingdaohf.com\/uk\/\u0437\u0430\u0432\u043e\u0434\/#primaryimage"},"image":{"@id":"https:\/\/qingdaohf.com\/uk\/\u0437\u0430\u0432\u043e\u0434\/#primaryimage"},"thumbnailUrl":"http:\/\/qingdaohf.com\/wp-content\/uploads\/2022\/12\/HF-factory-1.jpg","datePublished":"2022-12-30T06:53:12+00:00","dateModified":"2022-12-30T07:09:27+00:00","description":"QINGDAOH&F CORP is growing a swiftly as a market-oriented company. With a firm foundation built almost 20 years of experience. We offers an extensive line of concrete forming & scaffolding systems and also with several others accessories for your needs.","breadcrumb":{"@id":"https:\/\/qingdaohf.com\/uk\/\u0437\u0430\u0432\u043e\u0434\/#breadcrumb"},"inLanguage":"lv-LV","potentialAction":[{"@type":"ReadAction","target":["https:\/\/qingdaohf.com\/uk\/\u0437\u0430\u0432\u043e\u0434\/"]}]},{"@type":"ImageObject","inLanguage":"lv-LV","@id":"https:\/\/qingdaohf.com\/uk\/\u0437\u0430\u0432\u043e\u0434\/#primaryimage","url":"http:\/\/qingdaohf.com\/wp-content\/uploads\/2022\/12\/HF-factory-1.jpg","contentUrl":"http:\/\/qingdaohf.com\/wp-content\/uploads\/2022\/12\/HF-factory-1.jpg"},{"@type":"BreadcrumbList","@id":"https:\/\/qingdaohf.com\/uk\/\u0437\u0430\u0432\u043e\u0434\/#breadcrumb","itemListElement":[{"@type":"ListItem","position":1,"name":"Home","item":"https:\/\/qingdaohf.com\/"},{"@type":"ListItem","position":2,"name":"Our Factory"}]},{"@type":"WebSite","@id":"https:\/\/qingdaohf.com\/bg\/#website","url":"https:\/\/qingdaohf.com\/bg\/","name":"Concrete Form & Rigging Hardware Supplier","description":"","publisher":{"@id":"https:\/\/qingdaohf.com\/bg\/#organization"},"potentialAction":[{"@type":"SearchAction","target":{"@type":"EntryPoint","urlTemplate":"https:\/\/qingdaohf.com\/bg\/?s={search_term_string}"},"query-input":{"@type":"PropertyValueSpecification","valueRequired":true,"valueName":"search_term_string"}}],"inLanguage":"lv-LV"},{"@type":"Organization","@id":"https:\/\/qingdaohf.com\/bg\/#organization","name":"Qingdao H&F","url":"https:\/\/qingdaohf.com\/bg\/","logo":{"@type":"ImageObject","inLanguage":"lv-LV","@id":"https:\/\/qingdaohf.com\/bg\/#\/schema\/logo\/image\/","url":"https:\/\/qingdaohf.com\/wp-content\/uploads\/2022\/12\/cropped-HF-LOGO.png","contentUrl":"https:\/\/qingdaohf.com\/wp-content\/uploads\/2022\/12\/cropped-HF-LOGO.png","width":391,"height":249,"caption":"Qingdao H&F"},"image":{"@id":"https:\/\/qingdaohf.com\/bg\/#\/schema\/logo\/image\/"},"sameAs":["https:\/\/www.facebook.com\/qingdaohf"]}]}},"_links":{"self":[{"href":"https:\/\/qingdaohf.com\/lv\/wp-json\/wp\/v2\/pages\/1402","targetHints":{"allow":["GET"]}}],"collection":[{"href":"https:\/\/qingdaohf.com\/lv\/wp-json\/wp\/v2\/pages"}],"about":[{"href":"https:\/\/qingdaohf.com\/lv\/wp-json\/wp\/v2\/types\/page"}],"author":[{"embeddable":true,"href":"https:\/\/qingdaohf.com\/lv\/wp-json\/wp\/v2\/users\/1"}],"replies":[{"embeddable":true,"href":"https:\/\/qingdaohf.com\/lv\/wp-json\/wp\/v2\/comments?post=1402"}],"version-history":[{"count":7,"href":"https:\/\/qingdaohf.com\/lv\/wp-json\/wp\/v2\/pages\/1402\/revisions"}],"predecessor-version":[{"id":6869,"href":"https:\/\/qingdaohf.com\/lv\/wp-json\/wp\/v2\/pages\/1402\/revisions\/6869"}],"wp:attachment":[{"href":"https:\/\/qingdaohf.com\/lv\/wp-json\/wp\/v2\/media?parent=1402"}],"curies":[{"name":"wp","href":"https:\/\/api.w.org\/{rel}","templated":true}]}}