{"id":1603,"date":"2023-01-11T11:34:16","date_gmt":"2023-01-11T03:34:16","guid":{"rendered":"http:\/\/qingdaohf.com\/?post_type=product&#038;p=1603"},"modified":"2025-11-13T09:06:59","modified_gmt":"2025-11-13T01:06:59","slug":"ferrule-loop-insert","status":"publish","type":"product","link":"https:\/\/qingdaohf.com\/lv\/products\/uzmavas-cilpas-ieliktnis\/","title":{"rendered":"Uzmavas cilpas ieliktnis"},"content":{"rendered":"<p><img fetchpriority=\"high\" decoding=\"async\" class=\"alignnone size-full wp-image-2743\" src=\"http:\/\/qingdaohf.com\/wp-content\/uploads\/2023\/01\/ferrule-loop-insert-1-2.jpg\" alt=\"uzmavas cilpas ieliktnis\" width=\"1200\" height=\"668\" srcset=\"https:\/\/qingdaohf.com\/wp-content\/uploads\/2023\/01\/ferrule-loop-insert-1-2.jpg 1200w, https:\/\/qingdaohf.com\/wp-content\/uploads\/2023\/01\/ferrule-loop-insert-1-2-1000x557.jpg 1000w, https:\/\/qingdaohf.com\/wp-content\/uploads\/2023\/01\/ferrule-loop-insert-1-2-300x167.jpg 300w, https:\/\/qingdaohf.com\/wp-content\/uploads\/2023\/01\/ferrule-loop-insert-1-2-1024x570.jpg 1024w, https:\/\/qingdaohf.com\/wp-content\/uploads\/2023\/01\/ferrule-loop-insert-1-2-768x428.jpg 768w\" sizes=\"(max-width: 1200px) 100vw, 1200px\" \/><\/p>\n<p>Uzmavas cilpas ieliktnis ir betona furnit\u016bras veids, ko izmanto b\u016bvniec\u012bb\u0101, lai nodro\u0161in\u0101tu dro\u0161u stiprin\u0101juma punktu da\u017e\u0101da veida apr\u012bkojumam, armat\u016brai un piederumiem. Tas sast\u0101v no met\u0101la cilpas, kas tiek iestr\u0101d\u0101ta betona konstrukcij\u0101 beton\u0113\u0161anas procesa laik\u0101, radot sp\u0113c\u012bgu un uzticamu stiprin\u0101juma punktu konstrukciju un meh\u0101niskajiem lietojumiem.<\/p>\n<p>Gala cilpas ieliktnis parasti ir izgatavots no augstas stipr\u012bbas, korozijiztur\u012bga t\u0113rauda vai ner\u016bs\u0113jo\u0161\u0101 t\u0113rauda, un tas ir paredz\u0113ts liel\u0101m slodz\u0113m un ekstr\u0113miem apst\u0101k\u013ciem. To parasti izmanto t\u0101d\u0101s konstrukcij\u0101s k\u0101 betona veidnes, saliekam\u0101s sienas, saliekamie pane\u013ci, tiltu kl\u0101ji un citi konstrukciju elementi.<\/p>\n<p>Viena no galvenaj\u0101m uzmavas cilpas ielikt\u0146a priek\u0161roc\u012bb\u0101m ir t\u0101 daudzpus\u012bba un lieto\u0161anas \u0113rtums. To var \u0101tri un viegli uzst\u0101d\u012bt visda\u017e\u0101d\u0101kaj\u0101s betona konstrukcij\u0101s, un to var izmantot da\u017e\u0101du slod\u017eu un stiprin\u0101jumu atbalstam. Turkl\u0101t t\u0101 zem\u0101 profila konstrukcija padara to par ide\u0101lu izv\u0113li viet\u0101s, kur ir ierobe\u017eota vieta.<\/p>\n<p>&nbsp;<\/p>","protected":false},"excerpt":{"rendered":"<p>Savienojuma cilpas ieliktnis ir univers\u0101ls ieliktnis, ko parasti izmanto, lai izveidotu struktur\u0101lus savienojumus un piek\u0101rt caurules un\/vai citas meh\u0101nisk\u0101s iek\u0101rtas.<\/p>","protected":false},"featured_media":2744,"comment_status":"open","ping_status":"closed","template":"","meta":{"site-sidebar-layout":"default","site-content-layout":"default","ast-site-content-layout":"","site-content-style":"default","site-sidebar-style":"default","ast-global-header-display":"","ast-banner-title-visibility":"","ast-main-header-display":"","ast-hfb-above-header-display":"","ast-hfb-below-header-display":"","ast-hfb-mobile-header-display":"","site-post-title":"","ast-breadcrumbs-content":"","ast-featured-img":"","footer-sml-layout":"","theme-transparent-header-meta":"default","adv-header-id-meta":"","stick-header-meta":"default","header-above-stick-meta":"","header-main-stick-meta":"","header-below-stick-meta":"","astra-migrate-meta-layouts":"default","ast-page-background-enabled":"default","ast-page-background-meta":{"desktop":{"background-color":"","background-image":"","background-repeat":"repeat","background-position":"center center","background-size":"auto","background-attachment":"scroll","background-type":"","background-media":"","overlay-type":"","overlay-color":"","overlay-opacity":"","overlay-gradient":""},"tablet":{"background-color":"","background-image":"","background-repeat":"repeat","background-position":"center center","background-size":"auto","background-attachment":"scroll","background-type":"","background-media":"","overlay-type":"","overlay-color":"","overlay-opacity":"","overlay-gradient":""},"mobile":{"background-color":"","background-image":"","background-repeat":"repeat","background-position":"center center","background-size":"auto","background-attachment":"scroll","background-type":"","background-media":"","overlay-type":"","overlay-color":"","overlay-opacity":"","overlay-gradient":""}},"ast-content-background-meta":{"desktop":{"background-color":"var(--ast-global-color-5)","background-image":"","background-repeat":"repeat","background-position":"center center","background-size":"auto","background-attachment":"scroll","background-type":"","background-media":"","overlay-type":"","overlay-color":"","overlay-opacity":"","overlay-gradient":""},"tablet":{"background-color":"var(--ast-global-color-5)","background-image":"","background-repeat":"repeat","background-position":"center center","background-size":"auto","background-attachment":"scroll","background-type":"","background-media":"","overlay-type":"","overlay-color":"","overlay-opacity":"","overlay-gradient":""},"mobile":{"background-color":"var(--ast-global-color-5)","background-image":"","background-repeat":"repeat","background-position":"center center","background-size":"auto","background-attachment":"scroll","background-type":"","background-media":"","overlay-type":"","overlay-color":"","overlay-opacity":"","overlay-gradient":""}}},"product_brand":[],"product_cat":[28],"product_tag":[],"class_list":{"0":"post-1603","1":"product","2":"type-product","3":"status-publish","4":"has-post-thumbnail","6":"product_cat-concrete-forming","7":"desktop-align-left","8":"tablet-align-left","9":"mobile-align-left","10":"ast-product-gallery-layout-horizontal-slider","11":"ast-product-tabs-layout-horizontal","13":"first","14":"instock","15":"shipping-taxable","16":"purchasable","17":"product-type-simple"},"yoast_head":"<!-- This site is optimized with the Yoast SEO plugin v25.2 - https:\/\/yoast.com\/wordpress\/plugins\/seo\/ -->\n<title>Ferrule Loop Insert<\/title>\n<meta name=\"description\" content=\"Ferrule Loop Insert is a versatile insert commonly used to make structural connections and to suspend pipes and\/or other mechanical equipment.\" \/>\n<meta name=\"robots\" content=\"index, follow, max-snippet:-1, max-image-preview:large, max-video-preview:-1\" \/>\n<link rel=\"canonical\" href=\"https:\/\/qingdaohf.com\/lv\/products\/uzmavas-cilpas-ieliktnis\/\" \/>\n<meta property=\"og:locale\" content=\"lv_LV\" \/>\n<meta property=\"og:type\" content=\"article\" \/>\n<meta property=\"og:title\" content=\"Ferrule Loop Insert\" \/>\n<meta property=\"og:description\" content=\"Ferrule Loop Insert is a versatile insert commonly used to make structural connections and to suspend pipes and\/or other mechanical equipment.\" \/>\n<meta property=\"og:url\" content=\"https:\/\/qingdaohf.com\/lv\/products\/uzmavas-cilpas-ieliktnis\/\" \/>\n<meta property=\"og:site_name\" content=\"Concrete Form &amp; Rigging Hardware Supplier\" \/>\n<meta property=\"article:publisher\" content=\"https:\/\/www.facebook.com\/qingdaohf\" \/>\n<meta property=\"article:modified_time\" content=\"2025-11-13T01:06:59+00:00\" \/>\n<meta property=\"og:image\" content=\"https:\/\/qingdaohf.com\/wp-content\/uploads\/2023\/01\/ferrule-loop-insert-13.jpg\" \/>\n\t<meta property=\"og:image:width\" content=\"1000\" \/>\n\t<meta property=\"og:image:height\" content=\"1000\" \/>\n\t<meta property=\"og:image:type\" content=\"image\/jpeg\" \/>\n<meta name=\"twitter:card\" content=\"summary_large_image\" \/>\n<meta name=\"twitter:label1\" content=\"Est. reading time\" \/>\n\t<meta name=\"twitter:data1\" content=\"1 min\u016bte\" \/>\n<script type=\"application\/ld+json\" class=\"yoast-schema-graph\">{\"@context\":\"https:\/\/schema.org\",\"@graph\":[{\"@type\":\"WebPage\",\"@id\":\"https:\/\/qingdaohf.com\/product\/ferrule-loop-insert\/\",\"url\":\"https:\/\/qingdaohf.com\/product\/ferrule-loop-insert\/\",\"name\":\"Ferrule Loop Insert\",\"isPartOf\":{\"@id\":\"https:\/\/qingdaohf.com\/bg\/#website\"},\"primaryImageOfPage\":{\"@id\":\"https:\/\/qingdaohf.com\/product\/ferrule-loop-insert\/#primaryimage\"},\"image\":{\"@id\":\"https:\/\/qingdaohf.com\/product\/ferrule-loop-insert\/#primaryimage\"},\"thumbnailUrl\":\"https:\/\/qingdaohf.com\/wp-content\/uploads\/2023\/01\/ferrule-loop-insert-13.jpg\",\"datePublished\":\"2023-01-11T03:34:16+00:00\",\"dateModified\":\"2025-11-13T01:06:59+00:00\",\"description\":\"Ferrule Loop Insert is a versatile insert commonly used to make structural connections and to suspend pipes and\/or other mechanical equipment.\",\"breadcrumb\":{\"@id\":\"https:\/\/qingdaohf.com\/product\/ferrule-loop-insert\/#breadcrumb\"},\"inLanguage\":\"lv-LV\",\"potentialAction\":[{\"@type\":\"ReadAction\",\"target\":[\"https:\/\/qingdaohf.com\/product\/ferrule-loop-insert\/\"]}]},{\"@type\":\"ImageObject\",\"inLanguage\":\"lv-LV\",\"@id\":\"https:\/\/qingdaohf.com\/product\/ferrule-loop-insert\/#primaryimage\",\"url\":\"https:\/\/qingdaohf.com\/wp-content\/uploads\/2023\/01\/ferrule-loop-insert-13.jpg\",\"contentUrl\":\"https:\/\/qingdaohf.com\/wp-content\/uploads\/2023\/01\/ferrule-loop-insert-13.jpg\",\"width\":1000,\"height\":1000,\"caption\":\"ferrule loop insert\"},{\"@type\":\"BreadcrumbList\",\"@id\":\"https:\/\/qingdaohf.com\/product\/ferrule-loop-insert\/#breadcrumb\",\"itemListElement\":[{\"@type\":\"ListItem\",\"position\":1,\"name\":\"Home\",\"item\":\"https:\/\/qingdaohf.com\/\"},{\"@type\":\"ListItem\",\"position\":2,\"name\":\"Concrete Forming Accessories and Rigging Hardware\",\"item\":\"https:\/\/qingdaohf.com\/bg\/?page_id=944\"},{\"@type\":\"ListItem\",\"position\":3,\"name\":\"Ferrule Loop Insert\"}]},{\"@type\":\"WebSite\",\"@id\":\"https:\/\/qingdaohf.com\/bg\/#website\",\"url\":\"https:\/\/qingdaohf.com\/bg\/\",\"name\":\"Concrete Form & Rigging Hardware Supplier\",\"description\":\"\",\"publisher\":{\"@id\":\"https:\/\/qingdaohf.com\/bg\/#organization\"},\"potentialAction\":[{\"@type\":\"SearchAction\",\"target\":{\"@type\":\"EntryPoint\",\"urlTemplate\":\"https:\/\/qingdaohf.com\/bg\/?s={search_term_string}\"},\"query-input\":{\"@type\":\"PropertyValueSpecification\",\"valueRequired\":true,\"valueName\":\"search_term_string\"}}],\"inLanguage\":\"lv-LV\"},{\"@type\":\"Organization\",\"@id\":\"https:\/\/qingdaohf.com\/bg\/#organization\",\"name\":\"Qingdao H&F\",\"url\":\"https:\/\/qingdaohf.com\/bg\/\",\"logo\":{\"@type\":\"ImageObject\",\"inLanguage\":\"lv-LV\",\"@id\":\"https:\/\/qingdaohf.com\/bg\/#\/schema\/logo\/image\/\",\"url\":\"https:\/\/qingdaohf.com\/wp-content\/uploads\/2022\/12\/cropped-HF-LOGO.png\",\"contentUrl\":\"https:\/\/qingdaohf.com\/wp-content\/uploads\/2022\/12\/cropped-HF-LOGO.png\",\"width\":391,\"height\":249,\"caption\":\"Qingdao H&F\"},\"image\":{\"@id\":\"https:\/\/qingdaohf.com\/bg\/#\/schema\/logo\/image\/\"},\"sameAs\":[\"https:\/\/www.facebook.com\/qingdaohf\"]}]}<\/script>\n<!-- \/ Yoast SEO plugin. -->","yoast_head_json":{"title":"Ferrule Loop Insert","description":"Ferrule Loop Insert is a versatile insert commonly used to make structural connections and to suspend pipes and\/or other mechanical equipment.","robots":{"index":"index","follow":"follow","max-snippet":"max-snippet:-1","max-image-preview":"max-image-preview:large","max-video-preview":"max-video-preview:-1"},"canonical":"https:\/\/qingdaohf.com\/lv\/products\/uzmavas-cilpas-ieliktnis\/","og_locale":"lv_LV","og_type":"article","og_title":"Ferrule Loop Insert","og_description":"Ferrule Loop Insert is a versatile insert commonly used to make structural connections and to suspend pipes and\/or other mechanical equipment.","og_url":"https:\/\/qingdaohf.com\/lv\/products\/uzmavas-cilpas-ieliktnis\/","og_site_name":"Concrete Form &amp; Rigging Hardware Supplier","article_publisher":"https:\/\/www.facebook.com\/qingdaohf","article_modified_time":"2025-11-13T01:06:59+00:00","og_image":[{"width":1000,"height":1000,"url":"https:\/\/qingdaohf.com\/wp-content\/uploads\/2023\/01\/ferrule-loop-insert-13.jpg","type":"image\/jpeg"}],"twitter_card":"summary_large_image","twitter_misc":{"Est. reading time":"1 min\u016bte"},"schema":{"@context":"https:\/\/schema.org","@graph":[{"@type":"WebPage","@id":"https:\/\/qingdaohf.com\/product\/ferrule-loop-insert\/","url":"https:\/\/qingdaohf.com\/product\/ferrule-loop-insert\/","name":"Ferrule Loop Insert","isPartOf":{"@id":"https:\/\/qingdaohf.com\/bg\/#website"},"primaryImageOfPage":{"@id":"https:\/\/qingdaohf.com\/product\/ferrule-loop-insert\/#primaryimage"},"image":{"@id":"https:\/\/qingdaohf.com\/product\/ferrule-loop-insert\/#primaryimage"},"thumbnailUrl":"https:\/\/qingdaohf.com\/wp-content\/uploads\/2023\/01\/ferrule-loop-insert-13.jpg","datePublished":"2023-01-11T03:34:16+00:00","dateModified":"2025-11-13T01:06:59+00:00","description":"Ferrule Loop Insert is a versatile insert commonly used to make structural connections and to suspend pipes and\/or other mechanical equipment.","breadcrumb":{"@id":"https:\/\/qingdaohf.com\/product\/ferrule-loop-insert\/#breadcrumb"},"inLanguage":"lv-LV","potentialAction":[{"@type":"ReadAction","target":["https:\/\/qingdaohf.com\/product\/ferrule-loop-insert\/"]}]},{"@type":"ImageObject","inLanguage":"lv-LV","@id":"https:\/\/qingdaohf.com\/product\/ferrule-loop-insert\/#primaryimage","url":"https:\/\/qingdaohf.com\/wp-content\/uploads\/2023\/01\/ferrule-loop-insert-13.jpg","contentUrl":"https:\/\/qingdaohf.com\/wp-content\/uploads\/2023\/01\/ferrule-loop-insert-13.jpg","width":1000,"height":1000,"caption":"ferrule loop insert"},{"@type":"BreadcrumbList","@id":"https:\/\/qingdaohf.com\/product\/ferrule-loop-insert\/#breadcrumb","itemListElement":[{"@type":"ListItem","position":1,"name":"Home","item":"https:\/\/qingdaohf.com\/"},{"@type":"ListItem","position":2,"name":"Concrete Forming Accessories and Rigging Hardware","item":"https:\/\/qingdaohf.com\/bg\/?page_id=944"},{"@type":"ListItem","position":3,"name":"Ferrule Loop Insert"}]},{"@type":"WebSite","@id":"https:\/\/qingdaohf.com\/bg\/#website","url":"https:\/\/qingdaohf.com\/bg\/","name":"Concrete Form & Rigging Hardware Supplier","description":"","publisher":{"@id":"https:\/\/qingdaohf.com\/bg\/#organization"},"potentialAction":[{"@type":"SearchAction","target":{"@type":"EntryPoint","urlTemplate":"https:\/\/qingdaohf.com\/bg\/?s={search_term_string}"},"query-input":{"@type":"PropertyValueSpecification","valueRequired":true,"valueName":"search_term_string"}}],"inLanguage":"lv-LV"},{"@type":"Organization","@id":"https:\/\/qingdaohf.com\/bg\/#organization","name":"Qingdao H&F","url":"https:\/\/qingdaohf.com\/bg\/","logo":{"@type":"ImageObject","inLanguage":"lv-LV","@id":"https:\/\/qingdaohf.com\/bg\/#\/schema\/logo\/image\/","url":"https:\/\/qingdaohf.com\/wp-content\/uploads\/2022\/12\/cropped-HF-LOGO.png","contentUrl":"https:\/\/qingdaohf.com\/wp-content\/uploads\/2022\/12\/cropped-HF-LOGO.png","width":391,"height":249,"caption":"Qingdao H&F"},"image":{"@id":"https:\/\/qingdaohf.com\/bg\/#\/schema\/logo\/image\/"},"sameAs":["https:\/\/www.facebook.com\/qingdaohf"]}]}},"_links":{"self":[{"href":"https:\/\/qingdaohf.com\/lv\/wp-json\/wp\/v2\/product\/1603","targetHints":{"allow":["GET"]}}],"collection":[{"href":"https:\/\/qingdaohf.com\/lv\/wp-json\/wp\/v2\/product"}],"about":[{"href":"https:\/\/qingdaohf.com\/lv\/wp-json\/wp\/v2\/types\/product"}],"replies":[{"embeddable":true,"href":"https:\/\/qingdaohf.com\/lv\/wp-json\/wp\/v2\/comments?post=1603"}],"version-history":[{"count":2,"href":"https:\/\/qingdaohf.com\/lv\/wp-json\/wp\/v2\/product\/1603\/revisions"}],"predecessor-version":[{"id":10473,"href":"https:\/\/qingdaohf.com\/lv\/wp-json\/wp\/v2\/product\/1603\/revisions\/10473"}],"wp:featuredmedia":[{"embeddable":true,"href":"https:\/\/qingdaohf.com\/lv\/wp-json\/wp\/v2\/media\/2744"}],"wp:attachment":[{"href":"https:\/\/qingdaohf.com\/lv\/wp-json\/wp\/v2\/media?parent=1603"}],"wp:term":[{"taxonomy":"product_brand","embeddable":true,"href":"https:\/\/qingdaohf.com\/lv\/wp-json\/wp\/v2\/product_brand?post=1603"},{"taxonomy":"product_cat","embeddable":true,"href":"https:\/\/qingdaohf.com\/lv\/wp-json\/wp\/v2\/product_cat?post=1603"},{"taxonomy":"product_tag","embeddable":true,"href":"https:\/\/qingdaohf.com\/lv\/wp-json\/wp\/v2\/product_tag?post=1603"}],"curies":[{"name":"wp","href":"https:\/\/api.w.org\/{rel}","templated":true}]}}