{"id":1706,"date":"2023-01-14T14:57:28","date_gmt":"2023-01-14T06:57:28","guid":{"rendered":"http:\/\/qingdaohf.com\/?post_type=product&#038;p=1706"},"modified":"2025-11-13T09:06:57","modified_gmt":"2025-11-13T01:06:57","slug":"standard-wedge-bolt","status":"publish","type":"product","link":"https:\/\/qingdaohf.com\/lv\/products\/standarta-kila-skruve\/","title":{"rendered":"Standarta \u0137\u012b\u013ca skr\u016bve"},"content":{"rendered":"<div class=\"ast-oembed-container\" style=\"height: 100%;\"><iframe title=\"Standarta \u0137\u012b\u013ca skr\u016bve, kombin\u0113tais tapa, apa\u013c\u0101s galvas tapa\" width=\"500\" height=\"281\" src=\"https:\/\/www.youtube.com\/embed\/8-Jk5w-PzSU?feature=oembed\" frameborder=\"0\" allow=\"accelerometer; autoplay; clipboard-write; encrypted-media; gyroscope; picture-in-picture; web-share\" referrerpolicy=\"strict-origin-when-cross-origin\" allowfullscreen><\/iframe><\/div>\n<h3><a href=\"https:\/\/qingdaohf.com\/lv\/products\/x-plakana-kaklasaite\/\">X Plakan\u0101 kaklasaite<\/a><\/h3>\n<p>Klints skr\u016bvi izmanto kombin\u0101cij\u0101 ar X plakano kaklasaiti.<\/p>\n<p>Betona formas X Flat Tie ir specializ\u0113ts piederums, ko izmanto b\u016bvniec\u012bbas nozar\u0113, lai nostiprin\u0101tu un nostiprin\u0101tu betona formas. T\u0101 ir paredz\u0113ta, lai nodro\u0161in\u0101tu betona konstrukciju iztur\u012bbu, stabilit\u0101ti un iztur\u012bbu beton\u0113\u0161anas un ciet\u0113\u0161anas proces\u0101.<\/p>","protected":false},"excerpt":{"rendered":"<p>Standarta \u0137\u012b\u013cskr\u016bve ir stiprin\u0101juma veids, ko izmanto betona veido\u0161anas darbos. Tas ir paredz\u0113ts dro\u0161ai betona veid\u0146u nostiprin\u0101\u0161anai beton\u0113\u0161anas un ciet\u0113\u0161anas proces\u0101, nodro\u0161inot, ka veidnes paliek sav\u0101 viet\u0101 un saglab\u0101 savu formu.<\/p>\n<p>Wedge Bolt sast\u0101v no div\u0101m galvenaj\u0101m da\u013c\u0101m: skr\u016bves ar v\u012btni un \u0137\u012b\u013ca formas skavas. Skr\u016bvi ievieto caur caurumu vien\u0101 veidn\u0113 un p\u0113c tam ieskr\u016bv\u0113 caurum\u0101 blakus eso\u0161aj\u0101 veidn\u0113. P\u0113c tam \u0137\u012b\u013cveida klipse tiek ievietota bultskr\u016bves gala spraug\u0101, un, savelkot bultskr\u016bvi, klipse tiek iespiesta caurum\u0101, veidojot stingru un dro\u0161u savienojumu starp ab\u0101m veidn\u0113m.<\/p>","protected":false},"featured_media":2977,"comment_status":"open","ping_status":"closed","template":"","meta":{"site-sidebar-layout":"default","site-content-layout":"default","ast-site-content-layout":"default","site-content-style":"default","site-sidebar-style":"default","ast-global-header-display":"","ast-banner-title-visibility":"","ast-main-header-display":"","ast-hfb-above-header-display":"","ast-hfb-below-header-display":"","ast-hfb-mobile-header-display":"","site-post-title":"","ast-breadcrumbs-content":"","ast-featured-img":"","footer-sml-layout":"","theme-transparent-header-meta":"default","adv-header-id-meta":"","stick-header-meta":"default","header-above-stick-meta":"","header-main-stick-meta":"","header-below-stick-meta":"","astra-migrate-meta-layouts":"set","ast-page-background-enabled":"default","ast-page-background-meta":{"desktop":{"background-color":"","background-image":"","background-repeat":"repeat","background-position":"center center","background-size":"auto","background-attachment":"scroll","background-type":"","background-media":"","overlay-type":"","overlay-color":"","overlay-opacity":"","overlay-gradient":""},"tablet":{"background-color":"","background-image":"","background-repeat":"repeat","background-position":"center center","background-size":"auto","background-attachment":"scroll","background-type":"","background-media":"","overlay-type":"","overlay-color":"","overlay-opacity":"","overlay-gradient":""},"mobile":{"background-color":"","background-image":"","background-repeat":"repeat","background-position":"center center","background-size":"auto","background-attachment":"scroll","background-type":"","background-media":"","overlay-type":"","overlay-color":"","overlay-opacity":"","overlay-gradient":""}},"ast-content-background-meta":{"desktop":{"background-color":"var(--ast-global-color-5)","background-image":"","background-repeat":"repeat","background-position":"center center","background-size":"auto","background-attachment":"scroll","background-type":"","background-media":"","overlay-type":"","overlay-color":"","overlay-opacity":"","overlay-gradient":""},"tablet":{"background-color":"var(--ast-global-color-5)","background-image":"","background-repeat":"repeat","background-position":"center center","background-size":"auto","background-attachment":"scroll","background-type":"","background-media":"","overlay-type":"","overlay-color":"","overlay-opacity":"","overlay-gradient":""},"mobile":{"background-color":"var(--ast-global-color-5)","background-image":"","background-repeat":"repeat","background-position":"center center","background-size":"auto","background-attachment":"scroll","background-type":"","background-media":"","overlay-type":"","overlay-color":"","overlay-opacity":"","overlay-gradient":""}}},"product_brand":[],"product_cat":[50,20,64],"product_tag":[],"class_list":{"0":"post-1706","1":"product","2":"type-product","3":"status-publish","4":"has-post-thumbnail","6":"product_cat-concrete-form-accessories","7":"product_cat-concrete-wall-tie","8":"product_cat-concrete-flat-tie","9":"desktop-align-left","10":"tablet-align-left","11":"mobile-align-left","12":"ast-product-gallery-layout-horizontal-slider","13":"ast-product-tabs-layout-horizontal","15":"first","16":"instock","17":"shipping-taxable","18":"purchasable","19":"product-type-simple"},"yoast_head":"<!-- This site is optimized with the Yoast SEO plugin v25.2 - https:\/\/yoast.com\/wordpress\/plugins\/seo\/ -->\n<title>Standard Wedge Bolt<\/title>\n<meta name=\"description\" content=\"Long wedge bolt,standard wedge bolt,adjustable wedge bolt.Professional suppliers support customization.\" \/>\n<meta name=\"robots\" content=\"index, follow, max-snippet:-1, max-image-preview:large, max-video-preview:-1\" \/>\n<link rel=\"canonical\" href=\"https:\/\/qingdaohf.com\/lv\/products\/standarta-kila-skruve\/\" \/>\n<meta property=\"og:locale\" content=\"lv_LV\" \/>\n<meta property=\"og:type\" content=\"article\" \/>\n<meta property=\"og:title\" content=\"Wedge Bolt\" \/>\n<meta property=\"og:description\" content=\"The Standard Wedge Bolt is a type of fastener used in concrete forming applications. It is designed to securely hold concrete forms together during the pouring and setting process, ensuring that the forms remain in place and maintain their shape.\" \/>\n<meta property=\"og:url\" content=\"https:\/\/qingdaohf.com\/lv\/products\/standarta-kila-skruve\/\" \/>\n<meta property=\"og:site_name\" content=\"Concrete Form &amp; Rigging Hardware Supplier\" \/>\n<meta property=\"article:publisher\" content=\"https:\/\/www.facebook.com\/qingdaohf\" \/>\n<meta property=\"article:modified_time\" content=\"2025-11-13T01:06:57+00:00\" \/>\n<meta property=\"og:image\" content=\"https:\/\/qingdaohf.com\/wp-content\/uploads\/2023\/01\/standard-wedge-bolt-1.jpg\" \/>\n\t<meta property=\"og:image:width\" content=\"1000\" \/>\n\t<meta property=\"og:image:height\" content=\"1000\" \/>\n\t<meta property=\"og:image:type\" content=\"image\/jpeg\" \/>\n<meta name=\"twitter:card\" content=\"summary_large_image\" \/>\n<meta name=\"twitter:label1\" content=\"Est. reading time\" \/>\n\t<meta name=\"twitter:data1\" content=\"1 min\u016bte\" \/>\n<script type=\"application\/ld+json\" class=\"yoast-schema-graph\">{\"@context\":\"https:\/\/schema.org\",\"@graph\":[{\"@type\":\"WebPage\",\"@id\":\"https:\/\/qingdaohf.com\/product\/standard-wedge-bolt\/\",\"url\":\"https:\/\/qingdaohf.com\/product\/standard-wedge-bolt\/\",\"name\":\"Standard Wedge Bolt\",\"isPartOf\":{\"@id\":\"https:\/\/qingdaohf.com\/bg\/#website\"},\"primaryImageOfPage\":{\"@id\":\"https:\/\/qingdaohf.com\/product\/standard-wedge-bolt\/#primaryimage\"},\"image\":{\"@id\":\"https:\/\/qingdaohf.com\/product\/standard-wedge-bolt\/#primaryimage\"},\"thumbnailUrl\":\"https:\/\/qingdaohf.com\/wp-content\/uploads\/2023\/01\/standard-wedge-bolt-1.jpg\",\"datePublished\":\"2023-01-14T06:57:28+00:00\",\"dateModified\":\"2025-11-13T01:06:57+00:00\",\"description\":\"Long wedge bolt,standard wedge bolt,adjustable wedge bolt.Professional suppliers support customization.\",\"breadcrumb\":{\"@id\":\"https:\/\/qingdaohf.com\/product\/standard-wedge-bolt\/#breadcrumb\"},\"inLanguage\":\"lv-LV\",\"potentialAction\":[{\"@type\":\"ReadAction\",\"target\":[\"https:\/\/qingdaohf.com\/product\/standard-wedge-bolt\/\"]}]},{\"@type\":\"ImageObject\",\"inLanguage\":\"lv-LV\",\"@id\":\"https:\/\/qingdaohf.com\/product\/standard-wedge-bolt\/#primaryimage\",\"url\":\"https:\/\/qingdaohf.com\/wp-content\/uploads\/2023\/01\/standard-wedge-bolt-1.jpg\",\"contentUrl\":\"https:\/\/qingdaohf.com\/wp-content\/uploads\/2023\/01\/standard-wedge-bolt-1.jpg\",\"width\":1000,\"height\":1000,\"caption\":\"standard wedge bolt\"},{\"@type\":\"BreadcrumbList\",\"@id\":\"https:\/\/qingdaohf.com\/product\/standard-wedge-bolt\/#breadcrumb\",\"itemListElement\":[{\"@type\":\"ListItem\",\"position\":1,\"name\":\"Home\",\"item\":\"https:\/\/qingdaohf.com\/\"},{\"@type\":\"ListItem\",\"position\":2,\"name\":\"Concrete Forming Accessories and Rigging Hardware\",\"item\":\"https:\/\/qingdaohf.com\/bg\/?page_id=944\"},{\"@type\":\"ListItem\",\"position\":3,\"name\":\"Standard Wedge Bolt\"}]},{\"@type\":\"WebSite\",\"@id\":\"https:\/\/qingdaohf.com\/bg\/#website\",\"url\":\"https:\/\/qingdaohf.com\/bg\/\",\"name\":\"Concrete Form & Rigging Hardware Supplier\",\"description\":\"\",\"publisher\":{\"@id\":\"https:\/\/qingdaohf.com\/bg\/#organization\"},\"potentialAction\":[{\"@type\":\"SearchAction\",\"target\":{\"@type\":\"EntryPoint\",\"urlTemplate\":\"https:\/\/qingdaohf.com\/bg\/?s={search_term_string}\"},\"query-input\":{\"@type\":\"PropertyValueSpecification\",\"valueRequired\":true,\"valueName\":\"search_term_string\"}}],\"inLanguage\":\"lv-LV\"},{\"@type\":\"Organization\",\"@id\":\"https:\/\/qingdaohf.com\/bg\/#organization\",\"name\":\"Qingdao H&F\",\"url\":\"https:\/\/qingdaohf.com\/bg\/\",\"logo\":{\"@type\":\"ImageObject\",\"inLanguage\":\"lv-LV\",\"@id\":\"https:\/\/qingdaohf.com\/bg\/#\/schema\/logo\/image\/\",\"url\":\"https:\/\/qingdaohf.com\/wp-content\/uploads\/2022\/12\/cropped-HF-LOGO.png\",\"contentUrl\":\"https:\/\/qingdaohf.com\/wp-content\/uploads\/2022\/12\/cropped-HF-LOGO.png\",\"width\":391,\"height\":249,\"caption\":\"Qingdao H&F\"},\"image\":{\"@id\":\"https:\/\/qingdaohf.com\/bg\/#\/schema\/logo\/image\/\"},\"sameAs\":[\"https:\/\/www.facebook.com\/qingdaohf\"]}]}<\/script>\n<!-- \/ Yoast SEO plugin. -->","yoast_head_json":{"title":"Standard Wedge Bolt","description":"Long wedge bolt,standard wedge bolt,adjustable wedge bolt.Professional suppliers support customization.","robots":{"index":"index","follow":"follow","max-snippet":"max-snippet:-1","max-image-preview":"max-image-preview:large","max-video-preview":"max-video-preview:-1"},"canonical":"https:\/\/qingdaohf.com\/lv\/products\/standarta-kila-skruve\/","og_locale":"lv_LV","og_type":"article","og_title":"Wedge Bolt","og_description":"The Standard Wedge Bolt is a type of fastener used in concrete forming applications. It is designed to securely hold concrete forms together during the pouring and setting process, ensuring that the forms remain in place and maintain their shape.","og_url":"https:\/\/qingdaohf.com\/lv\/products\/standarta-kila-skruve\/","og_site_name":"Concrete Form &amp; Rigging Hardware Supplier","article_publisher":"https:\/\/www.facebook.com\/qingdaohf","article_modified_time":"2025-11-13T01:06:57+00:00","og_image":[{"width":1000,"height":1000,"url":"https:\/\/qingdaohf.com\/wp-content\/uploads\/2023\/01\/standard-wedge-bolt-1.jpg","type":"image\/jpeg"}],"twitter_card":"summary_large_image","twitter_misc":{"Est. reading time":"1 min\u016bte"},"schema":{"@context":"https:\/\/schema.org","@graph":[{"@type":"WebPage","@id":"https:\/\/qingdaohf.com\/product\/standard-wedge-bolt\/","url":"https:\/\/qingdaohf.com\/product\/standard-wedge-bolt\/","name":"Standard Wedge Bolt","isPartOf":{"@id":"https:\/\/qingdaohf.com\/bg\/#website"},"primaryImageOfPage":{"@id":"https:\/\/qingdaohf.com\/product\/standard-wedge-bolt\/#primaryimage"},"image":{"@id":"https:\/\/qingdaohf.com\/product\/standard-wedge-bolt\/#primaryimage"},"thumbnailUrl":"https:\/\/qingdaohf.com\/wp-content\/uploads\/2023\/01\/standard-wedge-bolt-1.jpg","datePublished":"2023-01-14T06:57:28+00:00","dateModified":"2025-11-13T01:06:57+00:00","description":"Long wedge bolt,standard wedge bolt,adjustable wedge bolt.Professional suppliers support customization.","breadcrumb":{"@id":"https:\/\/qingdaohf.com\/product\/standard-wedge-bolt\/#breadcrumb"},"inLanguage":"lv-LV","potentialAction":[{"@type":"ReadAction","target":["https:\/\/qingdaohf.com\/product\/standard-wedge-bolt\/"]}]},{"@type":"ImageObject","inLanguage":"lv-LV","@id":"https:\/\/qingdaohf.com\/product\/standard-wedge-bolt\/#primaryimage","url":"https:\/\/qingdaohf.com\/wp-content\/uploads\/2023\/01\/standard-wedge-bolt-1.jpg","contentUrl":"https:\/\/qingdaohf.com\/wp-content\/uploads\/2023\/01\/standard-wedge-bolt-1.jpg","width":1000,"height":1000,"caption":"standard wedge bolt"},{"@type":"BreadcrumbList","@id":"https:\/\/qingdaohf.com\/product\/standard-wedge-bolt\/#breadcrumb","itemListElement":[{"@type":"ListItem","position":1,"name":"Home","item":"https:\/\/qingdaohf.com\/"},{"@type":"ListItem","position":2,"name":"Concrete Forming Accessories and Rigging Hardware","item":"https:\/\/qingdaohf.com\/bg\/?page_id=944"},{"@type":"ListItem","position":3,"name":"Standard Wedge Bolt"}]},{"@type":"WebSite","@id":"https:\/\/qingdaohf.com\/bg\/#website","url":"https:\/\/qingdaohf.com\/bg\/","name":"Concrete Form & Rigging Hardware Supplier","description":"","publisher":{"@id":"https:\/\/qingdaohf.com\/bg\/#organization"},"potentialAction":[{"@type":"SearchAction","target":{"@type":"EntryPoint","urlTemplate":"https:\/\/qingdaohf.com\/bg\/?s={search_term_string}"},"query-input":{"@type":"PropertyValueSpecification","valueRequired":true,"valueName":"search_term_string"}}],"inLanguage":"lv-LV"},{"@type":"Organization","@id":"https:\/\/qingdaohf.com\/bg\/#organization","name":"Qingdao H&F","url":"https:\/\/qingdaohf.com\/bg\/","logo":{"@type":"ImageObject","inLanguage":"lv-LV","@id":"https:\/\/qingdaohf.com\/bg\/#\/schema\/logo\/image\/","url":"https:\/\/qingdaohf.com\/wp-content\/uploads\/2022\/12\/cropped-HF-LOGO.png","contentUrl":"https:\/\/qingdaohf.com\/wp-content\/uploads\/2022\/12\/cropped-HF-LOGO.png","width":391,"height":249,"caption":"Qingdao H&F"},"image":{"@id":"https:\/\/qingdaohf.com\/bg\/#\/schema\/logo\/image\/"},"sameAs":["https:\/\/www.facebook.com\/qingdaohf"]}]}},"_links":{"self":[{"href":"https:\/\/qingdaohf.com\/lv\/wp-json\/wp\/v2\/product\/1706","targetHints":{"allow":["GET"]}}],"collection":[{"href":"https:\/\/qingdaohf.com\/lv\/wp-json\/wp\/v2\/product"}],"about":[{"href":"https:\/\/qingdaohf.com\/lv\/wp-json\/wp\/v2\/types\/product"}],"replies":[{"embeddable":true,"href":"https:\/\/qingdaohf.com\/lv\/wp-json\/wp\/v2\/comments?post=1706"}],"version-history":[{"count":8,"href":"https:\/\/qingdaohf.com\/lv\/wp-json\/wp\/v2\/product\/1706\/revisions"}],"predecessor-version":[{"id":10252,"href":"https:\/\/qingdaohf.com\/lv\/wp-json\/wp\/v2\/product\/1706\/revisions\/10252"}],"wp:featuredmedia":[{"embeddable":true,"href":"https:\/\/qingdaohf.com\/lv\/wp-json\/wp\/v2\/media\/2977"}],"wp:attachment":[{"href":"https:\/\/qingdaohf.com\/lv\/wp-json\/wp\/v2\/media?parent=1706"}],"wp:term":[{"taxonomy":"product_brand","embeddable":true,"href":"https:\/\/qingdaohf.com\/lv\/wp-json\/wp\/v2\/product_brand?post=1706"},{"taxonomy":"product_cat","embeddable":true,"href":"https:\/\/qingdaohf.com\/lv\/wp-json\/wp\/v2\/product_cat?post=1706"},{"taxonomy":"product_tag","embeddable":true,"href":"https:\/\/qingdaohf.com\/lv\/wp-json\/wp\/v2\/product_tag?post=1706"}],"curies":[{"name":"wp","href":"https:\/\/api.w.org\/{rel}","templated":true}]}}