{"id":1719,"date":"2023-01-15T15:37:57","date_gmt":"2023-01-15T07:37:57","guid":{"rendered":"http:\/\/qingdaohf.com\/?post_type=product&#038;p=1719"},"modified":"2025-11-13T09:06:56","modified_gmt":"2025-11-13T01:06:56","slug":"jahn-a-bracket","status":"publish","type":"product","link":"https:\/\/qingdaohf.com\/lv\/products\/jana-kronsteins\/","title":{"rendered":"Jahn A kron\u0161teins Jahn C kron\u0161teins"},"content":{"rendered":"<p>Snap Tie \u0137\u012blis un Jahn A kron\u0161teins Jahn C kron\u0161teins<\/p>\n<p><span style=\"font-size: 16px;\">Jahn A kron\u0161teins ir iztur\u012bgs t\u0113rauda kron\u0161teins, ko izmanto betona konstrukciju horizont\u0101lo un vertik\u0101lo veid\u0146u atbalstam. Tam ir \u012bpa\u0161a \u012bpa\u0161\u012bba - blo\u0137\u0113\u0161anas meh\u0101nisms, kas \u013cauj viegli un \u0101tri piel\u0101got kron\u0161teina poz\u012bciju veid\u0146u mont\u0101\u017eas laik\u0101.<\/span><\/p>\n<p><img fetchpriority=\"high\" decoding=\"async\" class=\"alignnone wp-image-8664 size-large\" src=\"http:\/\/qingdaohf.com\/wp-content\/uploads\/2023\/01\/jahn-a-bracket-2-1024x768.webp\" alt=\"J\u0101\u0146a kron\u0161teins \" width=\"1024\" height=\"768\" srcset=\"https:\/\/qingdaohf.com\/wp-content\/uploads\/2023\/01\/jahn-a-bracket-2-1024x768.webp 1024w, https:\/\/qingdaohf.com\/wp-content\/uploads\/2023\/01\/jahn-a-bracket-2-300x225.webp 300w, https:\/\/qingdaohf.com\/wp-content\/uploads\/2023\/01\/jahn-a-bracket-2-768x576.webp 768w, https:\/\/qingdaohf.com\/wp-content\/uploads\/2023\/01\/jahn-a-bracket-2-1536x1152.webp 1536w, https:\/\/qingdaohf.com\/wp-content\/uploads\/2023\/01\/jahn-a-bracket-2-2048x1536.webp 2048w, https:\/\/qingdaohf.com\/wp-content\/uploads\/2023\/01\/jahn-a-bracket-2-16x12.webp 16w, https:\/\/qingdaohf.com\/wp-content\/uploads\/2023\/01\/jahn-a-bracket-2-1000x750.webp 1000w\" sizes=\"(max-width: 1024px) 100vw, 1024px\" \/><\/p>\n<p>Savuk\u0101rt Jahn C kron\u0161teins ir izgatavots no alum\u012bnija un paredz\u0113ts lieto\u0161anai kop\u0101 ar Jahn veid\u0146u sist\u0113mu. Tas ir viegl\u0101ks kron\u0161teins sal\u012bdzin\u0101jum\u0101 ar Jahn A kron\u0161teinu, un ar to ir viegli r\u012bkoties. Jahn C kron\u0161teins ir ide\u0101li piem\u0113rots maz\u0101kiem betona veid\u0146u projektiem.<\/p>\n<p>Gan Jahn A kron\u0161teins, gan Jahn C kron\u0161teins ir daudzpus\u012bgi, un tos var izmantot visda\u017e\u0101d\u0101kajos betona veido\u0161anas veid\u0146u pielietojumos. Tie ir iztur\u012bgi, atk\u0101rtoti lietojami un sp\u0113j iztur\u0113t lielas slodzes un spiedienu betona lie\u0161anas proces\u0101. Turkl\u0101t tos ir viegli uzst\u0101d\u012bt un no\u0146emt, t\u0101p\u0113c tie ir popul\u0101ri b\u016bvniec\u012bbas profesion\u0101\u013cu vid\u016b.<\/p>\n<div class=\"ast-oembed-container\" style=\"height: 100%;\"><iframe title=\"Jahn A Bracket for Wall Forming System\" width=\"500\" height=\"281\" src=\"https:\/\/www.youtube.com\/embed\/WnvqgfDVL7o?feature=oembed\" frameborder=\"0\" allow=\"accelerometer; autoplay; clipboard-write; encrypted-media; gyroscope; picture-in-picture; web-share\" referrerpolicy=\"strict-origin-when-cross-origin\" allowfullscreen><\/iframe><\/div>\n<h3><a href=\"https:\/\/qingdaohf.com\/lv\/products\/sasprauzama-kaklasaite\/\">Betona Snpa kaklasaites<\/a><\/h3>\n<p>\u2460 4-3\/4\" gals ar 1 \"x1\" plastmasas konusu un se\u0161st\u016bra galvu * sienas izm\u0113rs no 6\" l\u012bdz 72\" atbilsto\u0161i j\u016bsu pras\u012bb\u0101m.<\/p>\n<p>\u2461 8-1\/4\" gals ar 1 \"x1\" plastmasas konusu un se\u0161st\u016bra galvu * sienas izm\u0113rs no 6\" l\u012bdz 72\" p\u0113c j\u016bsu pras\u012bb\u0101m.<\/p>\n<p>6\u2033-24\u2033 Snap kaklasaite ar \u012bsu galu<\/p>\n<p>6\u2033-24\u2033 Snap kaklasaite ar garo galu<\/p>","protected":false},"excerpt":{"rendered":"<p>Jahn A kron\u0161teins un Jahn C kron\u0161teins ir divu veidu kron\u0161teini, ko izmanto betona form\u0113\u0161an\u0101. Tie ir paredz\u0113ti, lai nodro\u0161in\u0101tu stingru un stabilu savienojumu starp veid\u0146iem un atbalsta konstrukciju betona lie\u0161anas proces\u0101.<\/p>","protected":false},"featured_media":2830,"comment_status":"open","ping_status":"closed","template":"","meta":{"site-sidebar-layout":"default","site-content-layout":"default","ast-site-content-layout":"default","site-content-style":"default","site-sidebar-style":"default","ast-global-header-display":"","ast-banner-title-visibility":"","ast-main-header-display":"","ast-hfb-above-header-display":"","ast-hfb-below-header-display":"","ast-hfb-mobile-header-display":"","site-post-title":"","ast-breadcrumbs-content":"","ast-featured-img":"","footer-sml-layout":"","theme-transparent-header-meta":"default","adv-header-id-meta":"","stick-header-meta":"default","header-above-stick-meta":"","header-main-stick-meta":"","header-below-stick-meta":"","astra-migrate-meta-layouts":"set","ast-page-background-enabled":"default","ast-page-background-meta":{"desktop":{"background-color":"","background-image":"","background-repeat":"repeat","background-position":"center center","background-size":"auto","background-attachment":"scroll","background-type":"","background-media":"","overlay-type":"","overlay-color":"","overlay-opacity":"","overlay-gradient":""},"tablet":{"background-color":"","background-image":"","background-repeat":"repeat","background-position":"center center","background-size":"auto","background-attachment":"scroll","background-type":"","background-media":"","overlay-type":"","overlay-color":"","overlay-opacity":"","overlay-gradient":""},"mobile":{"background-color":"","background-image":"","background-repeat":"repeat","background-position":"center center","background-size":"auto","background-attachment":"scroll","background-type":"","background-media":"","overlay-type":"","overlay-color":"","overlay-opacity":"","overlay-gradient":""}},"ast-content-background-meta":{"desktop":{"background-color":"var(--ast-global-color-5)","background-image":"","background-repeat":"repeat","background-position":"center center","background-size":"auto","background-attachment":"scroll","background-type":"","background-media":"","overlay-type":"","overlay-color":"","overlay-opacity":"","overlay-gradient":""},"tablet":{"background-color":"var(--ast-global-color-5)","background-image":"","background-repeat":"repeat","background-position":"center center","background-size":"auto","background-attachment":"scroll","background-type":"","background-media":"","overlay-type":"","overlay-color":"","overlay-opacity":"","overlay-gradient":""},"mobile":{"background-color":"var(--ast-global-color-5)","background-image":"","background-repeat":"repeat","background-position":"center center","background-size":"auto","background-attachment":"scroll","background-type":"","background-media":"","overlay-type":"","overlay-color":"","overlay-opacity":"","overlay-gradient":""}}},"product_brand":[],"product_cat":[50,20,63],"product_tag":[],"class_list":{"0":"post-1719","1":"product","2":"type-product","3":"status-publish","4":"has-post-thumbnail","6":"product_cat-concrete-form-accessories","7":"product_cat-concrete-wall-tie","8":"product_cat-concrete-snap-tie","9":"desktop-align-left","10":"tablet-align-left","11":"mobile-align-left","12":"ast-product-gallery-layout-horizontal-slider","13":"ast-product-tabs-layout-horizontal","15":"first","16":"instock","17":"featured","18":"shipping-taxable","19":"purchasable","20":"product-type-simple"},"yoast_head":"<!-- This site is optimized with the Yoast SEO plugin v25.2 - https:\/\/yoast.com\/wordpress\/plugins\/seo\/ -->\n<title>Jahn A Bracket Jahn C Bracket<\/title>\n<meta name=\"description\" content=\"Jahn A Bracket \u3001Jahn C Bracket system, used for retaining and standard walls.\" \/>\n<meta name=\"robots\" content=\"index, follow, max-snippet:-1, max-image-preview:large, max-video-preview:-1\" \/>\n<link rel=\"canonical\" href=\"https:\/\/qingdaohf.com\/lv\/products\/jana-kronsteins\/\" \/>\n<meta property=\"og:locale\" content=\"lv_LV\" \/>\n<meta property=\"og:type\" content=\"article\" \/>\n<meta property=\"og:title\" content=\"Jahn A Bracket Jahn C Bracket\" \/>\n<meta property=\"og:description\" content=\"Jahn A Bracket \u3001Jahn C Bracket system, used for retaining and standard walls.\" \/>\n<meta property=\"og:url\" content=\"https:\/\/qingdaohf.com\/lv\/products\/jana-kronsteins\/\" \/>\n<meta property=\"og:site_name\" content=\"Concrete Form &amp; Rigging Hardware Supplier\" \/>\n<meta property=\"article:publisher\" content=\"https:\/\/www.facebook.com\/qingdaohf\" \/>\n<meta property=\"article:modified_time\" content=\"2025-11-13T01:06:56+00:00\" \/>\n<meta property=\"og:image\" content=\"https:\/\/qingdaohf.com\/wp-content\/uploads\/2023\/01\/JAHN-A\u3001C-Bracket-4.jpg\" \/>\n\t<meta property=\"og:image:width\" content=\"1000\" \/>\n\t<meta property=\"og:image:height\" content=\"1000\" \/>\n\t<meta property=\"og:image:type\" content=\"image\/jpeg\" \/>\n<meta name=\"twitter:card\" content=\"summary_large_image\" \/>\n<meta name=\"twitter:label1\" content=\"Est. reading time\" \/>\n\t<meta name=\"twitter:data1\" content=\"2 min\u016btes\" \/>\n<script type=\"application\/ld+json\" class=\"yoast-schema-graph\">{\"@context\":\"https:\/\/schema.org\",\"@graph\":[{\"@type\":\"WebPage\",\"@id\":\"https:\/\/qingdaohf.com\/product\/jahn-a-bracket\/\",\"url\":\"https:\/\/qingdaohf.com\/product\/jahn-a-bracket\/\",\"name\":\"Jahn A Bracket Jahn C Bracket\",\"isPartOf\":{\"@id\":\"https:\/\/qingdaohf.com\/bg\/#website\"},\"primaryImageOfPage\":{\"@id\":\"https:\/\/qingdaohf.com\/product\/jahn-a-bracket\/#primaryimage\"},\"image\":{\"@id\":\"https:\/\/qingdaohf.com\/product\/jahn-a-bracket\/#primaryimage\"},\"thumbnailUrl\":\"https:\/\/qingdaohf.com\/wp-content\/uploads\/2023\/01\/JAHN-A\u3001C-Bracket-4.jpg\",\"datePublished\":\"2023-01-15T07:37:57+00:00\",\"dateModified\":\"2025-11-13T01:06:56+00:00\",\"description\":\"Jahn A Bracket \u3001Jahn C Bracket system, used for retaining and standard walls.\",\"breadcrumb\":{\"@id\":\"https:\/\/qingdaohf.com\/product\/jahn-a-bracket\/#breadcrumb\"},\"inLanguage\":\"lv-LV\",\"potentialAction\":[{\"@type\":\"ReadAction\",\"target\":[\"https:\/\/qingdaohf.com\/product\/jahn-a-bracket\/\"]}]},{\"@type\":\"ImageObject\",\"inLanguage\":\"lv-LV\",\"@id\":\"https:\/\/qingdaohf.com\/product\/jahn-a-bracket\/#primaryimage\",\"url\":\"https:\/\/qingdaohf.com\/wp-content\/uploads\/2023\/01\/JAHN-A\u3001C-Bracket-4.jpg\",\"contentUrl\":\"https:\/\/qingdaohf.com\/wp-content\/uploads\/2023\/01\/JAHN-A\u3001C-Bracket-4.jpg\",\"width\":1000,\"height\":1000,\"caption\":\"JAHN A bracket\"},{\"@type\":\"BreadcrumbList\",\"@id\":\"https:\/\/qingdaohf.com\/product\/jahn-a-bracket\/#breadcrumb\",\"itemListElement\":[{\"@type\":\"ListItem\",\"position\":1,\"name\":\"Home\",\"item\":\"https:\/\/qingdaohf.com\/\"},{\"@type\":\"ListItem\",\"position\":2,\"name\":\"Concrete Forming Accessories and Rigging Hardware\",\"item\":\"https:\/\/qingdaohf.com\/bg\/?page_id=944\"},{\"@type\":\"ListItem\",\"position\":3,\"name\":\"Jahn A Bracket Jahn C Bracket\"}]},{\"@type\":\"WebSite\",\"@id\":\"https:\/\/qingdaohf.com\/bg\/#website\",\"url\":\"https:\/\/qingdaohf.com\/bg\/\",\"name\":\"Concrete Form & Rigging Hardware Supplier\",\"description\":\"\",\"publisher\":{\"@id\":\"https:\/\/qingdaohf.com\/bg\/#organization\"},\"potentialAction\":[{\"@type\":\"SearchAction\",\"target\":{\"@type\":\"EntryPoint\",\"urlTemplate\":\"https:\/\/qingdaohf.com\/bg\/?s={search_term_string}\"},\"query-input\":{\"@type\":\"PropertyValueSpecification\",\"valueRequired\":true,\"valueName\":\"search_term_string\"}}],\"inLanguage\":\"lv-LV\"},{\"@type\":\"Organization\",\"@id\":\"https:\/\/qingdaohf.com\/bg\/#organization\",\"name\":\"Qingdao H&F\",\"url\":\"https:\/\/qingdaohf.com\/bg\/\",\"logo\":{\"@type\":\"ImageObject\",\"inLanguage\":\"lv-LV\",\"@id\":\"https:\/\/qingdaohf.com\/bg\/#\/schema\/logo\/image\/\",\"url\":\"https:\/\/qingdaohf.com\/wp-content\/uploads\/2022\/12\/cropped-HF-LOGO.png\",\"contentUrl\":\"https:\/\/qingdaohf.com\/wp-content\/uploads\/2022\/12\/cropped-HF-LOGO.png\",\"width\":391,\"height\":249,\"caption\":\"Qingdao H&F\"},\"image\":{\"@id\":\"https:\/\/qingdaohf.com\/bg\/#\/schema\/logo\/image\/\"},\"sameAs\":[\"https:\/\/www.facebook.com\/qingdaohf\"]}]}<\/script>\n<!-- \/ Yoast SEO plugin. -->","yoast_head_json":{"title":"Jahn A Bracket Jahn C Bracket","description":"Jahn A Bracket \u3001Jahn C Bracket system, used for retaining and standard walls.","robots":{"index":"index","follow":"follow","max-snippet":"max-snippet:-1","max-image-preview":"max-image-preview:large","max-video-preview":"max-video-preview:-1"},"canonical":"https:\/\/qingdaohf.com\/lv\/products\/jana-kronsteins\/","og_locale":"lv_LV","og_type":"article","og_title":"Jahn A Bracket Jahn C Bracket","og_description":"Jahn A Bracket \u3001Jahn C Bracket system, used for retaining and standard walls.","og_url":"https:\/\/qingdaohf.com\/lv\/products\/jana-kronsteins\/","og_site_name":"Concrete Form &amp; Rigging Hardware Supplier","article_publisher":"https:\/\/www.facebook.com\/qingdaohf","article_modified_time":"2025-11-13T01:06:56+00:00","og_image":[{"width":1000,"height":1000,"url":"https:\/\/qingdaohf.com\/wp-content\/uploads\/2023\/01\/JAHN-A\u3001C-Bracket-4.jpg","type":"image\/jpeg"}],"twitter_card":"summary_large_image","twitter_misc":{"Est. reading time":"2 min\u016btes"},"schema":{"@context":"https:\/\/schema.org","@graph":[{"@type":"WebPage","@id":"https:\/\/qingdaohf.com\/product\/jahn-a-bracket\/","url":"https:\/\/qingdaohf.com\/product\/jahn-a-bracket\/","name":"Jahn A Bracket Jahn C Bracket","isPartOf":{"@id":"https:\/\/qingdaohf.com\/bg\/#website"},"primaryImageOfPage":{"@id":"https:\/\/qingdaohf.com\/product\/jahn-a-bracket\/#primaryimage"},"image":{"@id":"https:\/\/qingdaohf.com\/product\/jahn-a-bracket\/#primaryimage"},"thumbnailUrl":"https:\/\/qingdaohf.com\/wp-content\/uploads\/2023\/01\/JAHN-A\u3001C-Bracket-4.jpg","datePublished":"2023-01-15T07:37:57+00:00","dateModified":"2025-11-13T01:06:56+00:00","description":"Jahn A Bracket \u3001Jahn C Bracket system, used for retaining and standard walls.","breadcrumb":{"@id":"https:\/\/qingdaohf.com\/product\/jahn-a-bracket\/#breadcrumb"},"inLanguage":"lv-LV","potentialAction":[{"@type":"ReadAction","target":["https:\/\/qingdaohf.com\/product\/jahn-a-bracket\/"]}]},{"@type":"ImageObject","inLanguage":"lv-LV","@id":"https:\/\/qingdaohf.com\/product\/jahn-a-bracket\/#primaryimage","url":"https:\/\/qingdaohf.com\/wp-content\/uploads\/2023\/01\/JAHN-A\u3001C-Bracket-4.jpg","contentUrl":"https:\/\/qingdaohf.com\/wp-content\/uploads\/2023\/01\/JAHN-A\u3001C-Bracket-4.jpg","width":1000,"height":1000,"caption":"JAHN A bracket"},{"@type":"BreadcrumbList","@id":"https:\/\/qingdaohf.com\/product\/jahn-a-bracket\/#breadcrumb","itemListElement":[{"@type":"ListItem","position":1,"name":"Home","item":"https:\/\/qingdaohf.com\/"},{"@type":"ListItem","position":2,"name":"Concrete Forming Accessories and Rigging Hardware","item":"https:\/\/qingdaohf.com\/bg\/?page_id=944"},{"@type":"ListItem","position":3,"name":"Jahn A Bracket Jahn C Bracket"}]},{"@type":"WebSite","@id":"https:\/\/qingdaohf.com\/bg\/#website","url":"https:\/\/qingdaohf.com\/bg\/","name":"Concrete Form & Rigging Hardware Supplier","description":"","publisher":{"@id":"https:\/\/qingdaohf.com\/bg\/#organization"},"potentialAction":[{"@type":"SearchAction","target":{"@type":"EntryPoint","urlTemplate":"https:\/\/qingdaohf.com\/bg\/?s={search_term_string}"},"query-input":{"@type":"PropertyValueSpecification","valueRequired":true,"valueName":"search_term_string"}}],"inLanguage":"lv-LV"},{"@type":"Organization","@id":"https:\/\/qingdaohf.com\/bg\/#organization","name":"Qingdao H&F","url":"https:\/\/qingdaohf.com\/bg\/","logo":{"@type":"ImageObject","inLanguage":"lv-LV","@id":"https:\/\/qingdaohf.com\/bg\/#\/schema\/logo\/image\/","url":"https:\/\/qingdaohf.com\/wp-content\/uploads\/2022\/12\/cropped-HF-LOGO.png","contentUrl":"https:\/\/qingdaohf.com\/wp-content\/uploads\/2022\/12\/cropped-HF-LOGO.png","width":391,"height":249,"caption":"Qingdao H&F"},"image":{"@id":"https:\/\/qingdaohf.com\/bg\/#\/schema\/logo\/image\/"},"sameAs":["https:\/\/www.facebook.com\/qingdaohf"]}]}},"_links":{"self":[{"href":"https:\/\/qingdaohf.com\/lv\/wp-json\/wp\/v2\/product\/1719","targetHints":{"allow":["GET"]}}],"collection":[{"href":"https:\/\/qingdaohf.com\/lv\/wp-json\/wp\/v2\/product"}],"about":[{"href":"https:\/\/qingdaohf.com\/lv\/wp-json\/wp\/v2\/types\/product"}],"replies":[{"embeddable":true,"href":"https:\/\/qingdaohf.com\/lv\/wp-json\/wp\/v2\/comments?post=1719"}],"version-history":[{"count":31,"href":"https:\/\/qingdaohf.com\/lv\/wp-json\/wp\/v2\/product\/1719\/revisions"}],"predecessor-version":[{"id":10243,"href":"https:\/\/qingdaohf.com\/lv\/wp-json\/wp\/v2\/product\/1719\/revisions\/10243"}],"wp:featuredmedia":[{"embeddable":true,"href":"https:\/\/qingdaohf.com\/lv\/wp-json\/wp\/v2\/media\/2830"}],"wp:attachment":[{"href":"https:\/\/qingdaohf.com\/lv\/wp-json\/wp\/v2\/media?parent=1719"}],"wp:term":[{"taxonomy":"product_brand","embeddable":true,"href":"https:\/\/qingdaohf.com\/lv\/wp-json\/wp\/v2\/product_brand?post=1719"},{"taxonomy":"product_cat","embeddable":true,"href":"https:\/\/qingdaohf.com\/lv\/wp-json\/wp\/v2\/product_cat?post=1719"},{"taxonomy":"product_tag","embeddable":true,"href":"https:\/\/qingdaohf.com\/lv\/wp-json\/wp\/v2\/product_tag?post=1719"}],"curies":[{"name":"wp","href":"https:\/\/api.w.org\/{rel}","templated":true}]}}