{"id":1729,"date":"2024-06-28T17:07:41","date_gmt":"2024-06-28T09:07:41","guid":{"rendered":"http:\/\/qingdaohf.com\/?post_type=product&#038;p=1729"},"modified":"2025-11-13T09:03:14","modified_gmt":"2025-11-13T01:03:14","slug":"turnbuckle-form-aligner","status":"publish","type":"product","link":"https:\/\/qingdaohf.com\/lv\/products\/spriegotaja-formas-reguletajs\/","title":{"rendered":"Regul\u0113jams betona veid\u0146u skava Turnbuckle Form Aligner"},"content":{"rendered":"<h3>Iepaz\u012bstin\u0101\u0161ana ar Turnbuckle Form Aligner<\/h3>\n<p>Pagrieziena sl\u0113dzenes veid\u0146u izl\u012bdzin\u0101t\u0101js ir \u013coti svar\u012bgs b\u016bvniec\u012bbas nozares instruments, kas paredz\u0113ts prec\u012bzai betona veid\u0146u izl\u012bdzin\u0101\u0161anai. \u0160is izstr\u0101d\u0101jums ir pieejams divos galvenajos variantos: Plakan\u0101 pl\u0101ksne un saliekt\u0101 pl\u0101ksne. Katrs variants kalpo konkr\u0113tiem m\u0113r\u0137iem, apmierinot da\u017e\u0101das b\u016bvniec\u012bbas vajadz\u012bbas. Izpratne par ieskr\u016bv\u0113jam\u0101 veid\u0146u izl\u012bdzin\u0101t\u0101ja izplat\u012bt\u0101kajiem izm\u0113riem un pielietojumiem ir b\u016btiska, lai optimiz\u0113tu t\u0101 izmanto\u0161anu betona projektos.<\/p>\n<div class=\"ast-oembed-container\" style=\"height: 100%;\"><iframe title=\"Betona virzu\u013cu veid\u0146u izl\u012bdzin\u0101t\u0101js\" width=\"500\" height=\"281\" src=\"https:\/\/www.youtube.com\/embed\/1guP_DQRF1o?feature=oembed\" frameborder=\"0\" allow=\"accelerometer; autoplay; clipboard-write; encrypted-media; gyroscope; picture-in-picture; web-share\" referrerpolicy=\"strict-origin-when-cross-origin\" allowfullscreen><\/iframe><\/div>\n<h3>Bie\u017ei sastopamie spriegot\u0101ju formu izl\u012bdzin\u0101t\u0101ja izm\u0113ri<\/h3>\n<p>Kron\u0161teinu veid\u0146u izl\u012bdzin\u0101t\u0101ji ir pieejami da\u017e\u0101dos izm\u0113ros, lai piel\u0101gotos da\u017e\u0101d\u0101m veid\u0146u pras\u012bb\u0101m.<\/p>\n<p>Port\u0101ls <strong>Plakan\u0101 pl\u0101ksne<\/strong> variants parasti ir pieejams no 24 l\u012bdz 72 collu garum\u0101, nodro\u0161inot elast\u012bbu da\u017e\u0101diem projektu m\u0113rogiem.<\/p>\n<p><img decoding=\"async\" class=\"alignnone size-full wp-image-5675\" src=\"http:\/\/qingdaohf.com\/wp-content\/uploads\/2023\/01\/turnbuckle-form-aligner-1.webp\" alt=\"Plakanas pl\u0101ksnes spriegot\u0101js\" width=\"345\" height=\"62\" srcset=\"https:\/\/qingdaohf.com\/wp-content\/uploads\/2023\/01\/turnbuckle-form-aligner-1.webp 345w, https:\/\/qingdaohf.com\/wp-content\/uploads\/2023\/01\/turnbuckle-form-aligner-1-300x54.webp 300w\" sizes=\"(max-width: 345px) 100vw, 345px\" \/><\/p>\n<p>Port\u0101ls <strong>Izliekta pl\u0101ksne<\/strong> variants, kas paredz\u0113ts sare\u017e\u0123\u012bt\u0101kiem izk\u0101rtojumiem, ar\u012b ir l\u012bdz\u012bga izm\u0113ra, bet ietver le\u0146\u0137us un l\u012bknes, lai atbilstu \u012bpa\u0161iem arhitekt\u016bras projektiem. \u0160ie varianti nodro\u0161ina, ka b\u016bvniec\u012bbas profesion\u0101\u013ci var atrast sav\u0101m vajadz\u012bb\u0101m piem\u0113rotu izl\u012bdzin\u0101t\u0101ju, uzlabojot darba efektivit\u0101ti un precizit\u0101ti.<\/p>\n<p><img decoding=\"async\" class=\"alignnone size-full wp-image-5676\" src=\"http:\/\/qingdaohf.com\/wp-content\/uploads\/2023\/01\/turnbuckle-form-aligner-2.webp\" alt=\"Izliekt\u0101 pl\u0101ksnes spriegot\u0101js\" width=\"347\" height=\"51\" srcset=\"https:\/\/qingdaohf.com\/wp-content\/uploads\/2023\/01\/turnbuckle-form-aligner-2.webp 347w, https:\/\/qingdaohf.com\/wp-content\/uploads\/2023\/01\/turnbuckle-form-aligner-2-300x44.webp 300w\" sizes=\"(max-width: 347px) 100vw, 347px\" \/><\/p>\n<h4>Pielietojums betona b\u016bvniec\u012bb\u0101<\/h4>\n<p>Galvenais Turnbuckle Form Aligner pielietojums ir betona b\u016bvniec\u012bb\u0101, kur tam ir iz\u0161\u0137iro\u0161a noz\u012bme veid\u0146u izl\u012bdzin\u0101\u0161an\u0101 un stabiliz\u0113\u0161an\u0101. Pareiza izl\u012bdzin\u0101\u0161ana ir \u013coti svar\u012bga, lai nodro\u0161in\u0101tu betona veid\u0146u struktur\u0101lo integrit\u0101ti, kas savuk\u0101rt ietekm\u0113 gal\u012bg\u0101s konstrukcijas kvalit\u0101ti un dro\u0161\u012bbu. Pagrieziena veid\u0146u izl\u012bdzin\u0101t\u0101js pal\u012bdz uztur\u0113t pareizo veid\u0146u st\u0101vokli betona lie\u0161anas un saciet\u0113\u0161anas laik\u0101, nov\u0113r\u0161ot nob\u012bdes un nodro\u0161inot, ka veidnes saglab\u0101 v\u0113lamo formu. \u0160\u012b precizit\u0101te ir \u012bpa\u0161i svar\u012bga liela m\u0113roga projektos, kur pat nelielas novirzes var rad\u012bt b\u016btiskas struktur\u0101las probl\u0113mas.<\/p>\n<p>Pagriezienu veid\u0146u izl\u012bdzin\u0101t\u0101ji tiek izmantoti da\u017e\u0101du veidu projektos, tostarp komerci\u0101l\u0101s \u0113k\u0101s, dz\u012bvojamo \u0113ku kompleksos un infrastrukt\u016bras objektos. Nodro\u0161inot prec\u012bzu veid\u0146u izl\u012bdzin\u0101\u0161anu, \u0161ie instrumenti veicina visp\u0101r\u0113jo konstrukcijas iztur\u012bbu un est\u0113tisko kvalit\u0101ti, padarot tos nozar\u0113 neaizst\u0101jamus.<\/p>\n<p><img fetchpriority=\"high\" decoding=\"async\" class=\"alignnone size-full wp-image-6097\" src=\"http:\/\/qingdaohf.com\/wp-content\/uploads\/2023\/11\/turnbuckle-form-aligner.webp\" alt=\"Spriegot\u0101ja formas regul\u0113t\u0101js\" width=\"1000\" height=\"1000\" srcset=\"https:\/\/qingdaohf.com\/wp-content\/uploads\/2023\/11\/turnbuckle-form-aligner.webp 1000w, https:\/\/qingdaohf.com\/wp-content\/uploads\/2023\/11\/turnbuckle-form-aligner-300x300.webp 300w, https:\/\/qingdaohf.com\/wp-content\/uploads\/2023\/11\/turnbuckle-form-aligner-150x150.webp 150w, https:\/\/qingdaohf.com\/wp-content\/uploads\/2023\/11\/turnbuckle-form-aligner-768x768.webp 768w, https:\/\/qingdaohf.com\/wp-content\/uploads\/2023\/11\/turnbuckle-form-aligner-500x500.webp 500w, https:\/\/qingdaohf.com\/wp-content\/uploads\/2023\/11\/turnbuckle-form-aligner-100x100.webp 100w\" sizes=\"(max-width: 1000px) 100vw, 1000px\" \/><\/p>\n<h3>Transport\u0113\u0161ana un iepako\u0161ana<\/h3>\n<p>B\u016bdami B2B tirdzniec\u012bbas uz\u0146\u0113mums, m\u0113s saprotam, cik svar\u012bga ir uzticama transport\u0113\u0161ana un dro\u0161s iepakojums t\u0101diem celtniec\u012bbas instrumentiem k\u0101 Turnbuckle Form Aligner. M\u016bsu produkti tiek r\u016bp\u012bgi iepakoti, lai nov\u0113rstu boj\u0101jumus p\u0101rvad\u0101\u0161anas laik\u0101, nodro\u0161inot, ka tie tiek nog\u0101d\u0101ti nevainojam\u0101 st\u0101vokl\u012b. Katrs izl\u012bdzin\u0101t\u0101js tiek iesai\u0146ots aizsargmateri\u0101los un ievietots iztur\u012bg\u0101s kast\u0113s, kas p\u0113c tam tiek aizz\u012bmogotas un mar\u0137\u0113tas, lai t\u0101s b\u016btu viegli identific\u0113t.<\/p>\n<p>M\u0113s pied\u0101v\u0101jam da\u017e\u0101das pieg\u0101des iesp\u0113jas, lai piel\u0101gotos klientu vajadz\u012bb\u0101m, s\u0101kot no standarta sauszemes pieg\u0101des l\u012bdz pa\u0101trin\u0101tai pieg\u0101dei. M\u016bsu lo\u0123istikas komanda cie\u0161i sadarbojas ar uzticamiem p\u0101rvad\u0101t\u0101jiem, lai nodro\u0161in\u0101tu savlaic\u012bgu un efekt\u012bvu pieg\u0101di neatkar\u012bgi no galam\u0113r\u0137a. Pie\u0161\u0137irot priorit\u0101ti dro\u0161ai un \u0101trai m\u016bsu produktu transport\u0113\u0161anai, m\u0113s pal\u012bdzam saviem klientiem iev\u0113rot b\u016bvniec\u012bbas projektu grafiku.<\/p>\n<p><img loading=\"lazy\" decoding=\"async\" class=\"alignnone size-full wp-image-7540\" src=\"http:\/\/qingdaohf.com\/wp-content\/uploads\/2024\/06\/concrete-turnbuckle.webp\" alt=\"betona spriegot\u0101js\" width=\"1707\" height=\"1280\" srcset=\"https:\/\/qingdaohf.com\/wp-content\/uploads\/2024\/06\/concrete-turnbuckle.webp 1707w, https:\/\/qingdaohf.com\/wp-content\/uploads\/2024\/06\/concrete-turnbuckle-300x225.webp 300w, https:\/\/qingdaohf.com\/wp-content\/uploads\/2024\/06\/concrete-turnbuckle-1024x768.webp 1024w, https:\/\/qingdaohf.com\/wp-content\/uploads\/2024\/06\/concrete-turnbuckle-768x576.webp 768w, https:\/\/qingdaohf.com\/wp-content\/uploads\/2024\/06\/concrete-turnbuckle-1536x1152.webp 1536w, https:\/\/qingdaohf.com\/wp-content\/uploads\/2024\/06\/concrete-turnbuckle-16x12.webp 16w, https:\/\/qingdaohf.com\/wp-content\/uploads\/2024\/06\/concrete-turnbuckle-1000x750.webp 1000w\" sizes=\"(max-width: 1707px) 100vw, 1707px\" \/><\/p>\n<h3>Secin\u0101jums<\/h3>\n<p>Pagrieziena sl\u0113dzenes formas izl\u012bdzin\u0101t\u0101js ir b\u016btisks r\u012bks b\u016bvniec\u012bbas nozar\u0113, kas pieejams gan plakano, gan liekto pl\u0101k\u0161\u0146u variantos. \u0160is r\u012bks, kam ir iz\u0161\u0137iro\u0161a noz\u012bme betona veid\u0146u izl\u012bdzin\u0101\u0161an\u0101 un stabiliz\u0113\u0161an\u0101, nodro\u0161ina precizit\u0101ti un stabilit\u0101ti da\u017e\u0101dos b\u016bvniec\u012bbas projektos. M\u016bsu B2B tirdzniec\u012bbas uz\u0146\u0113mums nodro\u0161ina da\u017e\u0101du izm\u0113ru kl\u0101stu, kas atbilst da\u017e\u0101d\u0101m vajadz\u012bb\u0101m, k\u0101 ar\u012b uzticamu transport\u0113\u0161anu un dro\u0161u iepakojumu, lai atbalst\u012btu j\u016bsu uz\u0146\u0113m\u0113jdarb\u012bbu. N\u0101kamajam projektam izv\u0113lieties m\u016bsu v\u0113rstuvju veid\u0146u izl\u012bdzin\u0101t\u0101jus un izbaudiet priek\u0161roc\u012bbas, ko sniedz uzlabota precizit\u0101te un efektivit\u0101te betona b\u016bvniec\u012bb\u0101.<\/p>","protected":false},"excerpt":{"rendered":"<p>Saska\u0146ot\u0101ja spriegot\u0101ja da\u013c\u0101 ir 1\u2033 diametra pa\u0161att\u012bro\u0161a spoles v\u012btne \u0101trai regul\u0113\u0161anai. Saska\u0146ot\u0101ja kop\u0113jais garums ir vismaz 35\u2033 un maksim\u0101li 39\u2033, kas nodro\u0161ina 4\u2033 efekt\u012bvu regul\u0113\u0161anu.<\/p>\n<p>Kron\u0161teina formu izl\u012bdzin\u0101t\u0101jam ir izliekta naglu pl\u0101ksne, kas apr\u012bkota ar naglu caurumiem, lai piestiprin\u0101tu naglas pie veidlap\u0101m, un 15\/16\u2033 caurums, kur\u0101 ievietot 3\/4\u2033 vai 7\/8\u2033 apa\u013cus t\u0113rauda mieti\u0146us, ja kron\u0161teinu izmanto no zemes uz aug\u0161u.  Saska\u0146ot\u0101ju var lietot atk\u0101rtoti, ja p\u0113c lieto\u0161anas no t\u0101 ir not\u012br\u012bts betons. Izl\u012bdzin\u0101t\u0101ju dro\u0161u darba slodzi ierobe\u017eo z\u0101\u0123materi\u0101li, naglas un\/vai mieti.<\/p>","protected":false},"featured_media":4401,"comment_status":"open","ping_status":"closed","template":"","meta":{"site-sidebar-layout":"default","site-content-layout":"default","ast-site-content-layout":"default","site-content-style":"default","site-sidebar-style":"default","ast-global-header-display":"","ast-banner-title-visibility":"","ast-main-header-display":"","ast-hfb-above-header-display":"","ast-hfb-below-header-display":"","ast-hfb-mobile-header-display":"","site-post-title":"","ast-breadcrumbs-content":"","ast-featured-img":"","footer-sml-layout":"","theme-transparent-header-meta":"default","adv-header-id-meta":"","stick-header-meta":"default","header-above-stick-meta":"","header-main-stick-meta":"","header-below-stick-meta":"","astra-migrate-meta-layouts":"set","ast-page-background-enabled":"default","ast-page-background-meta":{"desktop":{"background-color":"","background-image":"","background-repeat":"repeat","background-position":"center center","background-size":"auto","background-attachment":"scroll","background-type":"","background-media":"","overlay-type":"","overlay-color":"","overlay-opacity":"","overlay-gradient":""},"tablet":{"background-color":"","background-image":"","background-repeat":"repeat","background-position":"center center","background-size":"auto","background-attachment":"scroll","background-type":"","background-media":"","overlay-type":"","overlay-color":"","overlay-opacity":"","overlay-gradient":""},"mobile":{"background-color":"","background-image":"","background-repeat":"repeat","background-position":"center center","background-size":"auto","background-attachment":"scroll","background-type":"","background-media":"","overlay-type":"","overlay-color":"","overlay-opacity":"","overlay-gradient":""}},"ast-content-background-meta":{"desktop":{"background-color":"var(--ast-global-color-5)","background-image":"","background-repeat":"repeat","background-position":"center center","background-size":"auto","background-attachment":"scroll","background-type":"","background-media":"","overlay-type":"","overlay-color":"","overlay-opacity":"","overlay-gradient":""},"tablet":{"background-color":"var(--ast-global-color-5)","background-image":"","background-repeat":"repeat","background-position":"center center","background-size":"auto","background-attachment":"scroll","background-type":"","background-media":"","overlay-type":"","overlay-color":"","overlay-opacity":"","overlay-gradient":""},"mobile":{"background-color":"var(--ast-global-color-5)","background-image":"","background-repeat":"repeat","background-position":"center center","background-size":"auto","background-attachment":"scroll","background-type":"","background-media":"","overlay-type":"","overlay-color":"","overlay-opacity":"","overlay-gradient":""}}},"product_brand":[],"product_cat":[28],"product_tag":[],"class_list":{"0":"post-1729","1":"product","2":"type-product","3":"status-publish","4":"has-post-thumbnail","6":"product_cat-concrete-forming","7":"desktop-align-left","8":"tablet-align-left","9":"mobile-align-left","10":"ast-product-gallery-layout-horizontal-slider","11":"ast-product-tabs-layout-horizontal","13":"first","14":"instock","15":"featured","16":"shipping-taxable","17":"purchasable","18":"product-type-simple"},"yoast_head":"<!-- This site is optimized with the Yoast SEO plugin v25.2 - https:\/\/yoast.com\/wordpress\/plugins\/seo\/ -->\n<title>Concrete Form Brace Turnbuckle Form Aligner<\/title>\n<meta name=\"description\" content=\"Flat Plate &amp; Bent Plate Turnbuckle Form Aligner.It is an innovative product designed to assist in aligning and securing concrete forms during construction projects.\" \/>\n<meta name=\"robots\" content=\"index, follow, max-snippet:-1, max-image-preview:large, max-video-preview:-1\" \/>\n<link rel=\"canonical\" href=\"https:\/\/qingdaohf.com\/lv\/products\/spriegotaja-formas-reguletajs\/\" \/>\n<meta property=\"og:locale\" content=\"lv_LV\" \/>\n<meta property=\"og:type\" content=\"article\" \/>\n<meta property=\"og:title\" content=\"Concrete Form Brace Turnbuckle\" \/>\n<meta property=\"og:description\" content=\"Flat Plate, Bent Plate Turnbuckle Form Aligner Brace.It is an innovative product designed to assist in aligning and securing concrete forms during construction projects. With its unique features and functionality, this form aligner offers several benefits for construction professionals and contractors.\" \/>\n<meta property=\"og:url\" content=\"https:\/\/qingdaohf.com\/lv\/products\/spriegotaja-formas-reguletajs\/\" \/>\n<meta property=\"og:site_name\" content=\"Concrete Form &amp; Rigging Hardware Supplier\" \/>\n<meta property=\"article:publisher\" content=\"https:\/\/www.facebook.com\/qingdaohf\" \/>\n<meta property=\"article:modified_time\" content=\"2025-11-13T01:03:14+00:00\" \/>\n<meta property=\"og:image\" content=\"https:\/\/qingdaohf.com\/wp-content\/uploads\/2023\/01\/concrete-form-turnbuckles-1-1.jpg\" \/>\n\t<meta property=\"og:image:width\" content=\"800\" \/>\n\t<meta property=\"og:image:height\" content=\"800\" \/>\n\t<meta property=\"og:image:type\" content=\"image\/jpeg\" \/>\n<meta name=\"twitter:card\" content=\"summary_large_image\" \/>\n<meta name=\"twitter:label1\" content=\"Est. reading time\" \/>\n\t<meta name=\"twitter:data1\" content=\"4 min\u016btes\" \/>\n<script type=\"application\/ld+json\" class=\"yoast-schema-graph\">{\"@context\":\"https:\/\/schema.org\",\"@graph\":[{\"@type\":\"WebPage\",\"@id\":\"https:\/\/qingdaohf.com\/product\/turnbuckle-form-aligner\/\",\"url\":\"https:\/\/qingdaohf.com\/product\/turnbuckle-form-aligner\/\",\"name\":\"Concrete Form Brace Turnbuckle Form Aligner\",\"isPartOf\":{\"@id\":\"https:\/\/qingdaohf.com\/bg\/#website\"},\"primaryImageOfPage\":{\"@id\":\"https:\/\/qingdaohf.com\/product\/turnbuckle-form-aligner\/#primaryimage\"},\"image\":{\"@id\":\"https:\/\/qingdaohf.com\/product\/turnbuckle-form-aligner\/#primaryimage\"},\"thumbnailUrl\":\"https:\/\/qingdaohf.com\/wp-content\/uploads\/2023\/01\/concrete-form-turnbuckles-1-1.jpg\",\"datePublished\":\"2024-06-28T09:07:41+00:00\",\"dateModified\":\"2025-11-13T01:03:14+00:00\",\"description\":\"Flat Plate & Bent Plate Turnbuckle Form Aligner.It is an innovative product designed to assist in aligning and securing concrete forms during construction projects.\",\"breadcrumb\":{\"@id\":\"https:\/\/qingdaohf.com\/product\/turnbuckle-form-aligner\/#breadcrumb\"},\"inLanguage\":\"lv-LV\",\"potentialAction\":[{\"@type\":\"ReadAction\",\"target\":[\"https:\/\/qingdaohf.com\/product\/turnbuckle-form-aligner\/\"]}]},{\"@type\":\"ImageObject\",\"inLanguage\":\"lv-LV\",\"@id\":\"https:\/\/qingdaohf.com\/product\/turnbuckle-form-aligner\/#primaryimage\",\"url\":\"https:\/\/qingdaohf.com\/wp-content\/uploads\/2023\/01\/concrete-form-turnbuckles-1-1.jpg\",\"contentUrl\":\"https:\/\/qingdaohf.com\/wp-content\/uploads\/2023\/01\/concrete-form-turnbuckles-1-1.jpg\",\"width\":800,\"height\":800,\"caption\":\"concrete form turnbuckles\"},{\"@type\":\"BreadcrumbList\",\"@id\":\"https:\/\/qingdaohf.com\/product\/turnbuckle-form-aligner\/#breadcrumb\",\"itemListElement\":[{\"@type\":\"ListItem\",\"position\":1,\"name\":\"Home\",\"item\":\"https:\/\/qingdaohf.com\/\"},{\"@type\":\"ListItem\",\"position\":2,\"name\":\"Concrete Forming Accessories and Rigging Hardware\",\"item\":\"https:\/\/qingdaohf.com\/bg\/?page_id=944\"},{\"@type\":\"ListItem\",\"position\":3,\"name\":\"Adjustable Concrete Form Brace Turnbuckle Form Aligner\"}]},{\"@type\":\"WebSite\",\"@id\":\"https:\/\/qingdaohf.com\/bg\/#website\",\"url\":\"https:\/\/qingdaohf.com\/bg\/\",\"name\":\"Concrete Form & Rigging Hardware Supplier\",\"description\":\"\",\"publisher\":{\"@id\":\"https:\/\/qingdaohf.com\/bg\/#organization\"},\"potentialAction\":[{\"@type\":\"SearchAction\",\"target\":{\"@type\":\"EntryPoint\",\"urlTemplate\":\"https:\/\/qingdaohf.com\/bg\/?s={search_term_string}\"},\"query-input\":{\"@type\":\"PropertyValueSpecification\",\"valueRequired\":true,\"valueName\":\"search_term_string\"}}],\"inLanguage\":\"lv-LV\"},{\"@type\":\"Organization\",\"@id\":\"https:\/\/qingdaohf.com\/bg\/#organization\",\"name\":\"Qingdao H&F\",\"url\":\"https:\/\/qingdaohf.com\/bg\/\",\"logo\":{\"@type\":\"ImageObject\",\"inLanguage\":\"lv-LV\",\"@id\":\"https:\/\/qingdaohf.com\/bg\/#\/schema\/logo\/image\/\",\"url\":\"https:\/\/qingdaohf.com\/wp-content\/uploads\/2022\/12\/cropped-HF-LOGO.png\",\"contentUrl\":\"https:\/\/qingdaohf.com\/wp-content\/uploads\/2022\/12\/cropped-HF-LOGO.png\",\"width\":391,\"height\":249,\"caption\":\"Qingdao H&F\"},\"image\":{\"@id\":\"https:\/\/qingdaohf.com\/bg\/#\/schema\/logo\/image\/\"},\"sameAs\":[\"https:\/\/www.facebook.com\/qingdaohf\"]}]}<\/script>\n<!-- \/ Yoast SEO plugin. -->","yoast_head_json":{"title":"Concrete Form Brace Turnbuckle Form Aligner","description":"Flat Plate & Bent Plate Turnbuckle Form Aligner.It is an innovative product designed to assist in aligning and securing concrete forms during construction projects.","robots":{"index":"index","follow":"follow","max-snippet":"max-snippet:-1","max-image-preview":"max-image-preview:large","max-video-preview":"max-video-preview:-1"},"canonical":"https:\/\/qingdaohf.com\/lv\/products\/spriegotaja-formas-reguletajs\/","og_locale":"lv_LV","og_type":"article","og_title":"Concrete Form Brace Turnbuckle","og_description":"Flat Plate, Bent Plate Turnbuckle Form Aligner Brace.It is an innovative product designed to assist in aligning and securing concrete forms during construction projects. With its unique features and functionality, this form aligner offers several benefits for construction professionals and contractors.","og_url":"https:\/\/qingdaohf.com\/lv\/products\/spriegotaja-formas-reguletajs\/","og_site_name":"Concrete Form &amp; Rigging Hardware Supplier","article_publisher":"https:\/\/www.facebook.com\/qingdaohf","article_modified_time":"2025-11-13T01:03:14+00:00","og_image":[{"width":800,"height":800,"url":"https:\/\/qingdaohf.com\/wp-content\/uploads\/2023\/01\/concrete-form-turnbuckles-1-1.jpg","type":"image\/jpeg"}],"twitter_card":"summary_large_image","twitter_misc":{"Est. reading time":"4 min\u016btes"},"schema":{"@context":"https:\/\/schema.org","@graph":[{"@type":"WebPage","@id":"https:\/\/qingdaohf.com\/product\/turnbuckle-form-aligner\/","url":"https:\/\/qingdaohf.com\/product\/turnbuckle-form-aligner\/","name":"Concrete Form Brace Turnbuckle Form Aligner","isPartOf":{"@id":"https:\/\/qingdaohf.com\/bg\/#website"},"primaryImageOfPage":{"@id":"https:\/\/qingdaohf.com\/product\/turnbuckle-form-aligner\/#primaryimage"},"image":{"@id":"https:\/\/qingdaohf.com\/product\/turnbuckle-form-aligner\/#primaryimage"},"thumbnailUrl":"https:\/\/qingdaohf.com\/wp-content\/uploads\/2023\/01\/concrete-form-turnbuckles-1-1.jpg","datePublished":"2024-06-28T09:07:41+00:00","dateModified":"2025-11-13T01:03:14+00:00","description":"Flat Plate & Bent Plate Turnbuckle Form Aligner.It is an innovative product designed to assist in aligning and securing concrete forms during construction projects.","breadcrumb":{"@id":"https:\/\/qingdaohf.com\/product\/turnbuckle-form-aligner\/#breadcrumb"},"inLanguage":"lv-LV","potentialAction":[{"@type":"ReadAction","target":["https:\/\/qingdaohf.com\/product\/turnbuckle-form-aligner\/"]}]},{"@type":"ImageObject","inLanguage":"lv-LV","@id":"https:\/\/qingdaohf.com\/product\/turnbuckle-form-aligner\/#primaryimage","url":"https:\/\/qingdaohf.com\/wp-content\/uploads\/2023\/01\/concrete-form-turnbuckles-1-1.jpg","contentUrl":"https:\/\/qingdaohf.com\/wp-content\/uploads\/2023\/01\/concrete-form-turnbuckles-1-1.jpg","width":800,"height":800,"caption":"concrete form turnbuckles"},{"@type":"BreadcrumbList","@id":"https:\/\/qingdaohf.com\/product\/turnbuckle-form-aligner\/#breadcrumb","itemListElement":[{"@type":"ListItem","position":1,"name":"Home","item":"https:\/\/qingdaohf.com\/"},{"@type":"ListItem","position":2,"name":"Concrete Forming Accessories and Rigging Hardware","item":"https:\/\/qingdaohf.com\/bg\/?page_id=944"},{"@type":"ListItem","position":3,"name":"Adjustable Concrete Form Brace Turnbuckle Form Aligner"}]},{"@type":"WebSite","@id":"https:\/\/qingdaohf.com\/bg\/#website","url":"https:\/\/qingdaohf.com\/bg\/","name":"Concrete Form & Rigging Hardware Supplier","description":"","publisher":{"@id":"https:\/\/qingdaohf.com\/bg\/#organization"},"potentialAction":[{"@type":"SearchAction","target":{"@type":"EntryPoint","urlTemplate":"https:\/\/qingdaohf.com\/bg\/?s={search_term_string}"},"query-input":{"@type":"PropertyValueSpecification","valueRequired":true,"valueName":"search_term_string"}}],"inLanguage":"lv-LV"},{"@type":"Organization","@id":"https:\/\/qingdaohf.com\/bg\/#organization","name":"Qingdao H&F","url":"https:\/\/qingdaohf.com\/bg\/","logo":{"@type":"ImageObject","inLanguage":"lv-LV","@id":"https:\/\/qingdaohf.com\/bg\/#\/schema\/logo\/image\/","url":"https:\/\/qingdaohf.com\/wp-content\/uploads\/2022\/12\/cropped-HF-LOGO.png","contentUrl":"https:\/\/qingdaohf.com\/wp-content\/uploads\/2022\/12\/cropped-HF-LOGO.png","width":391,"height":249,"caption":"Qingdao H&F"},"image":{"@id":"https:\/\/qingdaohf.com\/bg\/#\/schema\/logo\/image\/"},"sameAs":["https:\/\/www.facebook.com\/qingdaohf"]}]}},"_links":{"self":[{"href":"https:\/\/qingdaohf.com\/lv\/wp-json\/wp\/v2\/product\/1729","targetHints":{"allow":["GET"]}}],"collection":[{"href":"https:\/\/qingdaohf.com\/lv\/wp-json\/wp\/v2\/product"}],"about":[{"href":"https:\/\/qingdaohf.com\/lv\/wp-json\/wp\/v2\/types\/product"}],"replies":[{"embeddable":true,"href":"https:\/\/qingdaohf.com\/lv\/wp-json\/wp\/v2\/comments?post=1729"}],"version-history":[{"count":31,"href":"https:\/\/qingdaohf.com\/lv\/wp-json\/wp\/v2\/product\/1729\/revisions"}],"predecessor-version":[{"id":5668,"href":"https:\/\/qingdaohf.com\/lv\/wp-json\/wp\/v2\/product\/1729\/revisions\/5668"}],"wp:featuredmedia":[{"embeddable":true,"href":"https:\/\/qingdaohf.com\/lv\/wp-json\/wp\/v2\/media\/4401"}],"wp:attachment":[{"href":"https:\/\/qingdaohf.com\/lv\/wp-json\/wp\/v2\/media?parent=1729"}],"wp:term":[{"taxonomy":"product_brand","embeddable":true,"href":"https:\/\/qingdaohf.com\/lv\/wp-json\/wp\/v2\/product_brand?post=1729"},{"taxonomy":"product_cat","embeddable":true,"href":"https:\/\/qingdaohf.com\/lv\/wp-json\/wp\/v2\/product_cat?post=1729"},{"taxonomy":"product_tag","embeddable":true,"href":"https:\/\/qingdaohf.com\/lv\/wp-json\/wp\/v2\/product_tag?post=1729"}],"curies":[{"name":"wp","href":"https:\/\/api.w.org\/{rel}","templated":true}]}}