{"id":1731,"date":"2024-06-24T14:06:56","date_gmt":"2024-06-24T06:06:56","guid":{"rendered":"http:\/\/qingdaohf.com\/?post_type=product&#038;p=1731"},"modified":"2025-11-13T09:03:15","modified_gmt":"2025-11-13T01:03:15","slug":"spreader-cleats","status":"publish","type":"product","link":"https:\/\/qingdaohf.com\/lv\/products\/slanu-starplikas\/","title":{"rendered":"Betona sl\u012bp\u0113ti izklied\u0113t\u0101ji Izklied\u0113t\u0101ju knaibles"},"content":{"rendered":"<h2 data-pm-slice=\"1 1 []\">Betona sl\u012bp\u0113juma izklied\u0113t\u0101ju izklied\u0113t\u0101ju kna\u0123u noz\u012bme b\u016bvniec\u012bb\u0101<\/h2>\n<p>Pras\u012bgaj\u0101 betona konstrukciju pasaul\u0113 precizit\u0101te un stabilit\u0101te ir \u013coti svar\u012bgas, lai sasniegtu augstas kvalit\u0101tes rezult\u0101tus. Betona pl\u0101k\u0161\u0146u izklied\u0113t\u0101ju izklied\u0113t\u0101ju knaibl\u0113m ir iz\u0161\u0137iro\u0161a noz\u012bme, lai uztur\u0113tu vienm\u0113r\u012bgu atstarpi starp veid\u0146u pane\u013ciem, nodro\u0161inot, ka gal\u012bg\u0101 konstrukcija atbilst nepiecie\u0161amajiem izm\u0113riem un stipr\u012bbas standartiem. \u0160ie knaibles nodro\u0161ina b\u016btisku atbalstu, nostiprinot sapl\u0101k\u0161\u0146a veid\u0146us to viet\u0101, nov\u0113r\u0161ot deform\u0101cijas un nodro\u0161inot vienm\u0113r\u012bgu betona ielejumu. Neatkar\u012bgi no t\u0101, vai tos izmanto liela m\u0113roga infrastrukt\u016bras projektos vai maz\u0101k\u0101s dz\u012bvojam\u0101s b\u016bv\u0113s, pareizie izklied\u0113t\u0101ju knaibles var iev\u0113rojami uzlabot betona virsmu iztur\u012bbu un apdari.<\/p>\n<p>Uz\u0146\u0113mum\u0101 Qingdao H&amp;F m\u0113s saprotam izaicin\u0101jumus, ar kuriem saskaras b\u016bvniec\u012bbas profesion\u0101\u013ci, t\u0101p\u0113c pied\u0101v\u0101jam augstas veiktsp\u0113jas izklied\u0113t\u0101ju kna\u0123u kl\u0101stu, kas izstr\u0101d\u0101ts, lai atbilstu visgr\u016bt\u0101kaj\u0101m projektu pras\u012bb\u0101m. Pateicoties m\u016bsu ap\u0146\u0113m\u012bbai nodro\u0161in\u0101t kvalit\u0101ti, \u0101tram pieg\u0101des ciklam un uzticamam klientu apkalpo\u0161anai, m\u0113s pied\u0101v\u0101jam nep\u0101rsp\u0113jamu uzticam\u012bbas un efektivit\u0101tes kombin\u0101ciju j\u016bsu b\u016bvniec\u012bbas vajadz\u012bb\u0101m.<\/p>\n<p><img fetchpriority=\"high\" decoding=\"async\" class=\"alignnone wp-image-1732 size-full\" src=\"http:\/\/qingdaohf.com\/wp-content\/uploads\/2023\/01\/PLY-SPACER.png\" alt=\"PLY SPACER\" width=\"650\" height=\"458\" srcset=\"https:\/\/qingdaohf.com\/wp-content\/uploads\/2023\/01\/PLY-SPACER.png 650w, https:\/\/qingdaohf.com\/wp-content\/uploads\/2023\/01\/PLY-SPACER-300x211.png 300w, https:\/\/qingdaohf.com\/wp-content\/uploads\/2023\/01\/PLY-SPACER-600x423.png 600w\" sizes=\"(max-width: 650px) 100vw, 650px\" \/><\/p>\n<h2>Betona sl\u012bp\u0113juma izklied\u0113t\u0101ju izklied\u0113t\u0101ju kna\u0123u funkcijas un priek\u0161roc\u012bbas<\/h2>\n<p>Lai optimiz\u0113tu veid\u0146u efektivit\u0101ti un nodro\u0161in\u0101tu nevainojamu betona apdari, ir \u013coti svar\u012bgi izv\u0113l\u0113ties pareizos izklied\u0113t\u0101ju kna\u0123us. M\u016bsu betona pl\u0101k\u0161\u0146u izklied\u0113t\u0101ju izklied\u0113t\u0101ju knaibles ir apr\u012bkotas ar da\u017e\u0101d\u0101m funkcij\u0101m, kas padara t\u0101s neaizst\u0101jamas m\u016bsdienu b\u016bvniec\u012bbas projektos.<\/p>\n<p>Iztur\u012bba ir viena no m\u016bsu kedu galvenaj\u0101m \u012bpa\u0161\u012bb\u0101m. Izgatavoti, izmantojot augstas iztur\u012bbas materi\u0101lus, piem\u0113ram, cinkotu t\u0113raudu vai pastiprin\u0101tu plastmasu, tie ir iztur\u012bgi pret koroziju, deform\u0101ciju un skarbajiem betona darbu apst\u0101k\u013ciem. Tas nodro\u0161ina ilgm\u016b\u017e\u012bbu un nemain\u012bgu veiktsp\u0113ju daudzk\u0101rt\u0113jai lieto\u0161anai, padarot tos par rentablu risin\u0101jumu darbuz\u0146\u0113m\u0113jiem.<\/p>\n<p>V\u0113l viena b\u016btiska priek\u0161roc\u012bba ir prec\u012bzas atstarpes, ko t\u0101s nodro\u0161ina. Nevienm\u0113r\u012bgi vai nepareizi izl\u012bdzin\u0101ti veid\u0146i var rad\u012bt struktur\u0101lus tr\u016bkumus un sliktu est\u0113tisko izskatu gatavaj\u0101 beton\u0101. M\u016bsu izklied\u0113t\u0101ju knaibles garant\u0113 vienm\u0113r\u012bgu atdal\u012b\u0161anu starp veid\u0146u pane\u013ciem, nov\u0113r\u0161ot at\u0161\u0137ir\u012bbas un nodro\u0161inot gludu, viendab\u012bgu virsmu.<\/p>\n<p>Iev\u0113r\u012bbas cien\u012bgs ieguvums ir ar\u012b viegla uzst\u0101d\u012b\u0161ana. M\u016bsu kna\u0123i, kas paredz\u0113ti \u0101trai un \u0113rtai lieto\u0161anai, \u013cauj str\u0101dniekiem uzst\u0101d\u012bt veid\u0146us ar minim\u0101lu piep\u016bli, samazinot darba laiku un izmaksas. To lietot\u0101jam draudz\u012bg\u0101 konstrukcija nodro\u0161ina, ka pat maz\u0101k pieredz\u0113ju\u0161i str\u0101dnieki var sasniegt profesion\u0101lus rezult\u0101tus bez nepiecie\u0161am\u012bbas p\u0113c specializ\u0113tiem instrumentiem vai apr\u012bkojuma.<\/p>\n<h2>Projektam piem\u0113rotu izklied\u0113t\u0101ju knaibl\u012b\u0161u izv\u0113le<\/h2>\n<p>T\u0101 k\u0101 ir pieejami da\u017e\u0101di izm\u0113ri un materi\u0101li, piem\u0113rotu izklied\u0113t\u0101ju knaibl\u012b\u0161u izv\u0113le ir atkar\u012bga no j\u016bsu projekta \u012bpa\u0161aj\u0101m pras\u012bb\u0101m. Lietojumiem ar lielu slodzi, piem\u0113ram, tiltu vai augstcelt\u0146u b\u016bvniec\u012bb\u0101, t\u0113rauda knaibles bie\u017ei vien ir ieteicam\u0101k\u0101 izv\u0113le, \u0146emot v\u0113r\u0101 to izcilo nestsp\u0113ju un nodilumiztur\u012bbu. No otras puses, plastmasas knaibles ir viegla un ekonomiska alternat\u012bva projektiem, kuriem nav nepiecie\u0161ama \u012bpa\u0161a iztur\u012bba.<\/p>\n<p>Svar\u012bgi ir ar\u012b biezuma un platuma parametri. M\u016bsu izklied\u0113t\u0101ju kna\u0123i ir pieejami da\u017e\u0101dos izm\u0113ros, lai piel\u0101gotos da\u017e\u0101d\u0101m veid\u0146u konfigur\u0101cij\u0101m, nodro\u0161inot sader\u012bbu ar da\u017e\u0101diem sapl\u0101k\u0161\u0146a veidiem un betona biezumiem. M\u016bsu Qingdao H&amp;F komanda sniedz profesion\u0101las konsult\u0101cijas, lai pal\u012bdz\u0113tu jums noteikt lab\u0101kos kna\u0123us j\u016bsu unik\u0101laj\u0101m b\u016bvniec\u012bbas vajadz\u012bb\u0101m.<\/p>\n<p>Turkl\u0101t b\u016btisks faktors ir atbilst\u012bba nozares standartiem. Visi m\u016bsu betona pl\u0101k\u0161\u0146u izklied\u0113t\u0101ju izklied\u0113t\u0101ju kna\u0123i tiek pak\u013cauti stingrai kvalit\u0101tes p\u0101rbaudei, un tiem ir pievienoti detaliz\u0113ti p\u0101rbaudes zi\u0146ojumi. Tas nodro\u0161ina, ka j\u016bs sa\u0146emat dro\u0161\u012bbas noteikumiem atbilsto\u0161us produktus, kas nodro\u0161ina nemain\u012bgu veiktsp\u0113ju, samazinot veid\u0146u k\u013c\u016bmju un b\u016bvniec\u012bbas aizkav\u0113\u0161an\u0101s risku.<\/p>\n<h2>K\u0101p\u0113c izv\u0113l\u0113ties Qingdao H&amp;F betona veid\u0146u piederumiem?<\/h2>\n<p>Qingdao H&amp;F m\u0113s neaprobe\u017eojamies tikai ar b\u016bvmateri\u0101lu pieg\u0101di - m\u0113s cen\u0161amies pied\u0101v\u0101t risin\u0101jumus, kas j\u016bsu projektiem pie\u0161\u0137irs pievienoto v\u0113rt\u012bbu. M\u016bsu individu\u0101l\u0101 klientu apkalpo\u0161ana nodro\u0161ina, ka j\u016bs sa\u0146emat personaliz\u0113tu pal\u012bdz\u012bbu vis\u0101 ieg\u0101des proces\u0101, s\u0101kot ar produktu izv\u0113li un beidzot ar p\u0113cp\u0101rdo\u0161anas atbalstu. At\u0161\u0137ir\u012bb\u0101 no citiem pieg\u0101d\u0101t\u0101jiem, kas var dot priek\u0161roku apjomam, nevis kvalit\u0101tei, m\u0113s koncentr\u0113jamies uz t\u0101du produktu pieg\u0101di, kas atbilst stingriem kvalit\u0101tes standartiem.<\/p>\n<p>V\u0113l viena m\u016bsu priek\u0161roc\u012bba ir \u0101trums. M\u0113s saprotam, ka b\u016bvniec\u012bb\u0101 laiks ir iz\u0161\u0137iro\u0161s faktors, un kav\u0113\u0161an\u0101s var palielin\u0101t izmaksas. T\u0101p\u0113c m\u0113s garant\u0113jam \u0101trus pieg\u0101des ciklus, nodro\u0161inot, ka izklied\u0113t\u0101ju kna\u0123us sa\u0146emsiet tie\u0161i tad, kad tie jums ir nepiecie\u0161ami. M\u016bsu uzticamais lo\u0123istikas t\u012bkls \u013cauj mums efekt\u012bvi izpild\u012bt pas\u016bt\u012bjumus, l\u012bdz minimumam samazinot d\u012bkst\u0101vi un \u013caujot j\u016bsu projektiem iek\u013cauties grafik\u0101.<\/p>\n<p>Turkl\u0101t m\u016bs at\u0161\u0137ir m\u016bsu ap\u0146em\u0161an\u0101s nodro\u0161in\u0101t p\u0101rredzam\u012bbu un uztic\u0113\u0161anos. Katrai betona pl\u0101k\u0161\u0146u izklied\u0113t\u0101ju izklied\u0113t\u0101ju kna\u0123u partijai ir pievienoti visaptvero\u0161i kvalit\u0101tes p\u0101rbaudes zi\u0146ojumi, kas sniedz jums piln\u012bgu p\u0101rliec\u012bbu par izmantotajiem materi\u0101liem. \u0160\u0101ds atbild\u012bbas l\u012bmenis nodro\u0161ina, ka varat izpild\u012bt projekta specifik\u0101cijas, neuztraucoties par produkta veiktsp\u0113ju.<\/p>\n<h2>Secin\u0101jums<\/h2>\n<p>Betona pl\u0101k\u0161\u0146u izklied\u0113t\u0101ju izklied\u0113t\u0101ju knaibles ir neaizst\u0101jamas sast\u0101vda\u013cas, lai pan\u0101ktu precizit\u0101ti un stabilit\u0101ti betona veid\u0146os. Tie uzlabo projektu struktur\u0101lo viengabalain\u012bbu, nodro\u0161inot vienm\u0113r\u012bgu atstarpi, nov\u0113r\u0161ot veid\u0146u deform\u0101ciju un veicinot vienm\u0113r\u012bgu betona ielie\u0161anu. Izv\u0113loties Qingdao H&amp;F augstas kvalit\u0101tes izklied\u0113t\u0101ju knaibles, j\u016bs ieg\u016bsiet priek\u0161roc\u012bbas, kas saist\u012btas ar iztur\u012bbu, vieglu uzst\u0101d\u012b\u0161anu un atbilst\u012bbu nozares pras\u012bb\u0101m.<\/p>\n<p>M\u016bsu uztic\u012bba kvalit\u0101tei, \u0101tras pieg\u0101des un personaliz\u0113ts serviss padara m\u016bs par ide\u0101lu partneri j\u016bsu b\u016bvmateri\u0101lu vajadz\u012bb\u0101m. Neatkar\u012bgi no t\u0101, vai jums ir nepiecie\u0161ami standarta izm\u0113ri vai piel\u0101gotas specifik\u0101cijas, mums ir pieredze un resursi, lai apmierin\u0101tu j\u016bsu pras\u012bbas. Sazinieties ar mums jau \u0161odien, lai uzzin\u0101tu vair\u0101k par m\u016bsu pied\u0101v\u0101to betona pl\u0101k\u0161\u0146u izklied\u0113t\u0101ju izklied\u0113t\u0101ju klemju kl\u0101stu un to, k\u0101 t\u0101s var uzlabot j\u016bsu b\u016bvniec\u012bbas projektu efektivit\u0101ti un uzticam\u012bbu.<\/p>\n<div class=\"ast-oembed-container\" style=\"height: 100%;\"><iframe title=\"HF betona sienu sasaistes sist\u0113ma\" width=\"500\" height=\"281\" src=\"https:\/\/www.youtube.com\/embed\/KNe3GjndsAs?feature=oembed\" frameborder=\"0\" allow=\"accelerometer; autoplay; clipboard-write; encrypted-media; gyroscope; picture-in-picture; web-share\" referrerpolicy=\"strict-origin-when-cross-origin\" allowfullscreen><\/iframe><\/div>\n<p>&nbsp;<\/p>","protected":false},"excerpt":{"rendered":"<p>Betona pl\u0101k\u0161\u0146u izklied\u0113t\u0101ju izklied\u0113t\u0101ju knaibl\u0113m ir noz\u012bm\u012bga loma, lai veicin\u0101tu prec\u012bzu izl\u012bdzin\u0101\u0161anu un stabilit\u0101ti veid\u0146u sist\u0113m\u0101s, jo \u012bpa\u0161i betona celtniec\u012bbas projektos. \u0160ie knaibl\u012b\u0161i ir efekt\u012bvi starplikas, kas ne\u013cauj sapl\u0101k\u0161\u0146iem izlie\u0161anas laik\u0101 deform\u0113ties vai kust\u0113ties, t\u0101d\u0113j\u0101di nodro\u0161inot struktur\u0101li stabilas un l\u012bdzenas betona virsmas. Qingdao H&amp;F pieg\u0101d\u0101 augstas kvalit\u0101tes izklied\u0113t\u0101ju kna\u0123us no da\u017e\u0101diem materi\u0101liem un ar da\u017e\u0101diem izm\u0113riem, lai tie atbilstu da\u017e\u0101d\u0101m projektu specifik\u0101cij\u0101m. M\u016bsu personaliz\u0113t\u0101 klientu apkalpo\u0161ana, god\u012bgas cenas un izpildes termi\u0146i garant\u0113 jums vislab\u0101ko risin\u0101jumu, kas atbilst j\u016bsu vajadz\u012bb\u0101m. M\u0113s sniedzam ar\u012b r\u016bp\u012bgu kvalit\u0101tes p\u0101rbaudes zi\u0146ojumu par m\u016bsu prec\u0113m, t\u0101d\u0113j\u0101di sniedzot jums p\u0101rliec\u012bbu par katru s\u016bt\u012bjumu.<\/p>","protected":false},"featured_media":2918,"comment_status":"open","ping_status":"closed","template":"","meta":{"site-sidebar-layout":"default","site-content-layout":"default","ast-site-content-layout":"default","site-content-style":"default","site-sidebar-style":"default","ast-global-header-display":"","ast-banner-title-visibility":"","ast-main-header-display":"","ast-hfb-above-header-display":"","ast-hfb-below-header-display":"","ast-hfb-mobile-header-display":"","site-post-title":"","ast-breadcrumbs-content":"","ast-featured-img":"","footer-sml-layout":"","theme-transparent-header-meta":"default","adv-header-id-meta":"","stick-header-meta":"default","header-above-stick-meta":"","header-main-stick-meta":"","header-below-stick-meta":"","astra-migrate-meta-layouts":"set","ast-page-background-enabled":"default","ast-page-background-meta":{"desktop":{"background-color":"","background-image":"","background-repeat":"repeat","background-position":"center center","background-size":"auto","background-attachment":"scroll","background-type":"","background-media":"","overlay-type":"","overlay-color":"","overlay-opacity":"","overlay-gradient":""},"tablet":{"background-color":"","background-image":"","background-repeat":"repeat","background-position":"center center","background-size":"auto","background-attachment":"scroll","background-type":"","background-media":"","overlay-type":"","overlay-color":"","overlay-opacity":"","overlay-gradient":""},"mobile":{"background-color":"","background-image":"","background-repeat":"repeat","background-position":"center center","background-size":"auto","background-attachment":"scroll","background-type":"","background-media":"","overlay-type":"","overlay-color":"","overlay-opacity":"","overlay-gradient":""}},"ast-content-background-meta":{"desktop":{"background-color":"var(--ast-global-color-5)","background-image":"","background-repeat":"repeat","background-position":"center center","background-size":"auto","background-attachment":"scroll","background-type":"","background-media":"","overlay-type":"","overlay-color":"","overlay-opacity":"","overlay-gradient":""},"tablet":{"background-color":"var(--ast-global-color-5)","background-image":"","background-repeat":"repeat","background-position":"center center","background-size":"auto","background-attachment":"scroll","background-type":"","background-media":"","overlay-type":"","overlay-color":"","overlay-opacity":"","overlay-gradient":""},"mobile":{"background-color":"var(--ast-global-color-5)","background-image":"","background-repeat":"repeat","background-position":"center center","background-size":"auto","background-attachment":"scroll","background-type":"","background-media":"","overlay-type":"","overlay-color":"","overlay-opacity":"","overlay-gradient":""}}},"product_brand":[],"product_cat":[28],"product_tag":[],"class_list":{"0":"post-1731","1":"product","2":"type-product","3":"status-publish","4":"has-post-thumbnail","6":"product_cat-concrete-forming","7":"desktop-align-left","8":"tablet-align-left","9":"mobile-align-left","10":"ast-product-gallery-layout-horizontal-slider","11":"ast-product-tabs-layout-horizontal","13":"first","14":"instock","15":"shipping-taxable","16":"purchasable","17":"product-type-simple"},"yoast_head":"<!-- This site is optimized with the Yoast SEO plugin v25.2 - https:\/\/yoast.com\/wordpress\/plugins\/seo\/ -->\n<title>Concrete Ply Spacer Spreader Cleats<\/title>\n<meta name=\"description\" content=\"Plywood form concrete ply spacer.3\/4&quot; ply spacer,1-1\/8&quot; ply spacer.\" \/>\n<meta name=\"robots\" content=\"index, follow, max-snippet:-1, max-image-preview:large, max-video-preview:-1\" \/>\n<link rel=\"canonical\" href=\"https:\/\/qingdaohf.com\/lv\/products\/slanu-starplikas\/\" \/>\n<meta property=\"og:locale\" content=\"lv_LV\" \/>\n<meta property=\"og:type\" content=\"article\" \/>\n<meta property=\"og:title\" content=\"Concrete Ply Spacer Spreader Cleats\" \/>\n<meta property=\"og:description\" content=\"Plywood form concrete ply spacer.3\/4&quot; ply spacer,1-1\/8&quot; ply spacer.\" \/>\n<meta property=\"og:url\" content=\"https:\/\/qingdaohf.com\/lv\/products\/slanu-starplikas\/\" \/>\n<meta property=\"og:site_name\" content=\"Concrete Form &amp; Rigging Hardware Supplier\" \/>\n<meta property=\"article:publisher\" content=\"https:\/\/www.facebook.com\/qingdaohf\" \/>\n<meta property=\"article:modified_time\" content=\"2025-11-13T01:03:15+00:00\" \/>\n<meta property=\"og:image\" content=\"https:\/\/qingdaohf.com\/wp-content\/uploads\/2023\/01\/PLY-SPACER-3.jpg\" \/>\n\t<meta property=\"og:image:width\" content=\"1000\" \/>\n\t<meta property=\"og:image:height\" content=\"1000\" \/>\n\t<meta property=\"og:image:type\" content=\"image\/jpeg\" \/>\n<meta name=\"twitter:card\" content=\"summary_large_image\" \/>\n<meta name=\"twitter:label1\" content=\"Est. reading time\" \/>\n\t<meta name=\"twitter:data1\" content=\"4 min\u016btes\" \/>\n<script type=\"application\/ld+json\" class=\"yoast-schema-graph\">{\"@context\":\"https:\/\/schema.org\",\"@graph\":[{\"@type\":\"WebPage\",\"@id\":\"https:\/\/qingdaohf.com\/product\/spreader-cleats\/\",\"url\":\"https:\/\/qingdaohf.com\/product\/spreader-cleats\/\",\"name\":\"Concrete Ply Spacer Spreader Cleats\",\"isPartOf\":{\"@id\":\"https:\/\/qingdaohf.com\/bg\/#website\"},\"primaryImageOfPage\":{\"@id\":\"https:\/\/qingdaohf.com\/product\/spreader-cleats\/#primaryimage\"},\"image\":{\"@id\":\"https:\/\/qingdaohf.com\/product\/spreader-cleats\/#primaryimage\"},\"thumbnailUrl\":\"https:\/\/qingdaohf.com\/wp-content\/uploads\/2023\/01\/PLY-SPACER-3.jpg\",\"datePublished\":\"2024-06-24T06:06:56+00:00\",\"dateModified\":\"2025-11-13T01:03:15+00:00\",\"description\":\"Plywood form concrete ply spacer.3\/4\\\" ply spacer,1-1\/8\\\" ply spacer.\",\"breadcrumb\":{\"@id\":\"https:\/\/qingdaohf.com\/product\/spreader-cleats\/#breadcrumb\"},\"inLanguage\":\"lv-LV\",\"potentialAction\":[{\"@type\":\"ReadAction\",\"target\":[\"https:\/\/qingdaohf.com\/product\/spreader-cleats\/\"]}]},{\"@type\":\"ImageObject\",\"inLanguage\":\"lv-LV\",\"@id\":\"https:\/\/qingdaohf.com\/product\/spreader-cleats\/#primaryimage\",\"url\":\"https:\/\/qingdaohf.com\/wp-content\/uploads\/2023\/01\/PLY-SPACER-3.jpg\",\"contentUrl\":\"https:\/\/qingdaohf.com\/wp-content\/uploads\/2023\/01\/PLY-SPACER-3.jpg\",\"width\":1000,\"height\":1000,\"caption\":\"PLY SPACER\"},{\"@type\":\"BreadcrumbList\",\"@id\":\"https:\/\/qingdaohf.com\/product\/spreader-cleats\/#breadcrumb\",\"itemListElement\":[{\"@type\":\"ListItem\",\"position\":1,\"name\":\"Home\",\"item\":\"https:\/\/qingdaohf.com\/\"},{\"@type\":\"ListItem\",\"position\":2,\"name\":\"Concrete Forming Accessories and Rigging Hardware\",\"item\":\"https:\/\/qingdaohf.com\/bg\/?page_id=944\"},{\"@type\":\"ListItem\",\"position\":3,\"name\":\"Concrete Ply Spacer Spreader Cleats\"}]},{\"@type\":\"WebSite\",\"@id\":\"https:\/\/qingdaohf.com\/bg\/#website\",\"url\":\"https:\/\/qingdaohf.com\/bg\/\",\"name\":\"Concrete Form & Rigging Hardware Supplier\",\"description\":\"\",\"publisher\":{\"@id\":\"https:\/\/qingdaohf.com\/bg\/#organization\"},\"potentialAction\":[{\"@type\":\"SearchAction\",\"target\":{\"@type\":\"EntryPoint\",\"urlTemplate\":\"https:\/\/qingdaohf.com\/bg\/?s={search_term_string}\"},\"query-input\":{\"@type\":\"PropertyValueSpecification\",\"valueRequired\":true,\"valueName\":\"search_term_string\"}}],\"inLanguage\":\"lv-LV\"},{\"@type\":\"Organization\",\"@id\":\"https:\/\/qingdaohf.com\/bg\/#organization\",\"name\":\"Qingdao H&F\",\"url\":\"https:\/\/qingdaohf.com\/bg\/\",\"logo\":{\"@type\":\"ImageObject\",\"inLanguage\":\"lv-LV\",\"@id\":\"https:\/\/qingdaohf.com\/bg\/#\/schema\/logo\/image\/\",\"url\":\"https:\/\/qingdaohf.com\/wp-content\/uploads\/2022\/12\/cropped-HF-LOGO.png\",\"contentUrl\":\"https:\/\/qingdaohf.com\/wp-content\/uploads\/2022\/12\/cropped-HF-LOGO.png\",\"width\":391,\"height\":249,\"caption\":\"Qingdao H&F\"},\"image\":{\"@id\":\"https:\/\/qingdaohf.com\/bg\/#\/schema\/logo\/image\/\"},\"sameAs\":[\"https:\/\/www.facebook.com\/qingdaohf\"]}]}<\/script>\n<!-- \/ Yoast SEO plugin. -->","yoast_head_json":{"title":"Concrete Ply Spacer Spreader Cleats","description":"Plywood form concrete ply spacer.3\/4\" ply spacer,1-1\/8\" ply spacer.","robots":{"index":"index","follow":"follow","max-snippet":"max-snippet:-1","max-image-preview":"max-image-preview:large","max-video-preview":"max-video-preview:-1"},"canonical":"https:\/\/qingdaohf.com\/lv\/products\/slanu-starplikas\/","og_locale":"lv_LV","og_type":"article","og_title":"Concrete Ply Spacer Spreader Cleats","og_description":"Plywood form concrete ply spacer.3\/4\" ply spacer,1-1\/8\" ply spacer.","og_url":"https:\/\/qingdaohf.com\/lv\/products\/slanu-starplikas\/","og_site_name":"Concrete Form &amp; Rigging Hardware Supplier","article_publisher":"https:\/\/www.facebook.com\/qingdaohf","article_modified_time":"2025-11-13T01:03:15+00:00","og_image":[{"width":1000,"height":1000,"url":"https:\/\/qingdaohf.com\/wp-content\/uploads\/2023\/01\/PLY-SPACER-3.jpg","type":"image\/jpeg"}],"twitter_card":"summary_large_image","twitter_misc":{"Est. reading time":"4 min\u016btes"},"schema":{"@context":"https:\/\/schema.org","@graph":[{"@type":"WebPage","@id":"https:\/\/qingdaohf.com\/product\/spreader-cleats\/","url":"https:\/\/qingdaohf.com\/product\/spreader-cleats\/","name":"Concrete Ply Spacer Spreader Cleats","isPartOf":{"@id":"https:\/\/qingdaohf.com\/bg\/#website"},"primaryImageOfPage":{"@id":"https:\/\/qingdaohf.com\/product\/spreader-cleats\/#primaryimage"},"image":{"@id":"https:\/\/qingdaohf.com\/product\/spreader-cleats\/#primaryimage"},"thumbnailUrl":"https:\/\/qingdaohf.com\/wp-content\/uploads\/2023\/01\/PLY-SPACER-3.jpg","datePublished":"2024-06-24T06:06:56+00:00","dateModified":"2025-11-13T01:03:15+00:00","description":"Plywood form concrete ply spacer.3\/4\" ply spacer,1-1\/8\" ply spacer.","breadcrumb":{"@id":"https:\/\/qingdaohf.com\/product\/spreader-cleats\/#breadcrumb"},"inLanguage":"lv-LV","potentialAction":[{"@type":"ReadAction","target":["https:\/\/qingdaohf.com\/product\/spreader-cleats\/"]}]},{"@type":"ImageObject","inLanguage":"lv-LV","@id":"https:\/\/qingdaohf.com\/product\/spreader-cleats\/#primaryimage","url":"https:\/\/qingdaohf.com\/wp-content\/uploads\/2023\/01\/PLY-SPACER-3.jpg","contentUrl":"https:\/\/qingdaohf.com\/wp-content\/uploads\/2023\/01\/PLY-SPACER-3.jpg","width":1000,"height":1000,"caption":"PLY SPACER"},{"@type":"BreadcrumbList","@id":"https:\/\/qingdaohf.com\/product\/spreader-cleats\/#breadcrumb","itemListElement":[{"@type":"ListItem","position":1,"name":"Home","item":"https:\/\/qingdaohf.com\/"},{"@type":"ListItem","position":2,"name":"Concrete Forming Accessories and Rigging Hardware","item":"https:\/\/qingdaohf.com\/bg\/?page_id=944"},{"@type":"ListItem","position":3,"name":"Concrete Ply Spacer Spreader Cleats"}]},{"@type":"WebSite","@id":"https:\/\/qingdaohf.com\/bg\/#website","url":"https:\/\/qingdaohf.com\/bg\/","name":"Concrete Form & Rigging Hardware Supplier","description":"","publisher":{"@id":"https:\/\/qingdaohf.com\/bg\/#organization"},"potentialAction":[{"@type":"SearchAction","target":{"@type":"EntryPoint","urlTemplate":"https:\/\/qingdaohf.com\/bg\/?s={search_term_string}"},"query-input":{"@type":"PropertyValueSpecification","valueRequired":true,"valueName":"search_term_string"}}],"inLanguage":"lv-LV"},{"@type":"Organization","@id":"https:\/\/qingdaohf.com\/bg\/#organization","name":"Qingdao H&F","url":"https:\/\/qingdaohf.com\/bg\/","logo":{"@type":"ImageObject","inLanguage":"lv-LV","@id":"https:\/\/qingdaohf.com\/bg\/#\/schema\/logo\/image\/","url":"https:\/\/qingdaohf.com\/wp-content\/uploads\/2022\/12\/cropped-HF-LOGO.png","contentUrl":"https:\/\/qingdaohf.com\/wp-content\/uploads\/2022\/12\/cropped-HF-LOGO.png","width":391,"height":249,"caption":"Qingdao H&F"},"image":{"@id":"https:\/\/qingdaohf.com\/bg\/#\/schema\/logo\/image\/"},"sameAs":["https:\/\/www.facebook.com\/qingdaohf"]}]}},"_links":{"self":[{"href":"https:\/\/qingdaohf.com\/lv\/wp-json\/wp\/v2\/product\/1731","targetHints":{"allow":["GET"]}}],"collection":[{"href":"https:\/\/qingdaohf.com\/lv\/wp-json\/wp\/v2\/product"}],"about":[{"href":"https:\/\/qingdaohf.com\/lv\/wp-json\/wp\/v2\/types\/product"}],"replies":[{"embeddable":true,"href":"https:\/\/qingdaohf.com\/lv\/wp-json\/wp\/v2\/comments?post=1731"}],"version-history":[{"count":5,"href":"https:\/\/qingdaohf.com\/lv\/wp-json\/wp\/v2\/product\/1731\/revisions"}],"predecessor-version":[{"id":9012,"href":"https:\/\/qingdaohf.com\/lv\/wp-json\/wp\/v2\/product\/1731\/revisions\/9012"}],"wp:featuredmedia":[{"embeddable":true,"href":"https:\/\/qingdaohf.com\/lv\/wp-json\/wp\/v2\/media\/2918"}],"wp:attachment":[{"href":"https:\/\/qingdaohf.com\/lv\/wp-json\/wp\/v2\/media?parent=1731"}],"wp:term":[{"taxonomy":"product_brand","embeddable":true,"href":"https:\/\/qingdaohf.com\/lv\/wp-json\/wp\/v2\/product_brand?post=1731"},{"taxonomy":"product_cat","embeddable":true,"href":"https:\/\/qingdaohf.com\/lv\/wp-json\/wp\/v2\/product_cat?post=1731"},{"taxonomy":"product_tag","embeddable":true,"href":"https:\/\/qingdaohf.com\/lv\/wp-json\/wp\/v2\/product_tag?post=1731"}],"curies":[{"name":"wp","href":"https:\/\/api.w.org\/{rel}","templated":true}]}}