{"id":2056,"date":"2023-02-07T17:01:21","date_gmt":"2023-02-07T09:01:21","guid":{"rendered":"http:\/\/qingdaohf.com\/?post_type=product&#038;p=2056"},"modified":"2025-11-13T09:06:37","modified_gmt":"2025-11-13T01:06:37","slug":"coil-rods","status":"publish","type":"product","link":"https:\/\/qingdaohf.com\/lv\/products\/spirales-stieni\/","title":{"rendered":"Veid\u0146u ru\u013c\u013cu stie\u0146i"},"content":{"rendered":"<h1 class=\"font-600 text-2xl font-bold\">Veid\u0146u ru\u013c\u013cu stie\u0146u b\u016btisk\u0101 loma b\u016bvniec\u012bb\u0101<\/h1>\n<p class=\"whitespace-pre-wrap break-words\">Parun\u0101sim par ru\u013c\u013cu stie\u0146iem - tie ir jebkuras cieto veid\u0146u sist\u0113mas mugurkauls. Izgatavoti no iztur\u012bga, augstas stipr\u012bbas t\u0113rauda, \u0161ie stie\u0146i k\u0101 \u010dempioni iztur milz\u012bgu spiedienu, ko rada slapj\u0161 betons. Tie nodro\u0161ina stabilit\u0101ti un notur\u012bbu, kam\u0113r betons saciet\u0113, neatkar\u012bgi no t\u0101, vai b\u016bv\u0113jat debesskr\u0101pjus, tiltus vai m\u0101jas.<\/p>\n<p class=\"whitespace-pre-wrap break-words\">\u0160ie stie\u0146i ir da\u013ca no t\u0101 d\u0113v\u0113t\u0101s stie\u0146u sist\u0113mas, kas apvieno \u016bdens aizb\u012bd\u0146us, stie\u0146us un sp\u0101rnu uzgrie\u017e\u0146us vien\u0101 vienm\u0113r\u012bgi darbojo\u0161\u0101 vien\u012bb\u0101. Katra deta\u013ca veic savu darbu, bet kop\u0101 t\u0101s nodro\u0161ina, ka modern\u0101 konstrukcija darbojas k\u0101 pulkste\u0146a meh\u0101nisms.<\/p>\n<p class=\"whitespace-pre-wrap break-words\">Izst\u0101des zvaigzne ir pati spole ar v\u012bt\u0146otiem galiem, kas atvieglo uzst\u0101d\u012b\u0161anu un no\u0146em\u0161anu. Nepiecie\u0161ams piel\u0101goties da\u017e\u0101d\u0101m projekta vajadz\u012bb\u0101m? Nek\u0101du probl\u0113mu - \u0161ie stie\u0146i sader ar da\u017e\u0101diem piederumiem. Spir\u0101lveida stie\u0146i vienm\u0113r nodro\u0161ina uzticamus rezult\u0101tus - no betona lie\u0161anas augstu virs zemes l\u012bdz detaliz\u0113tu arhitekt\u016bras elementu izveidei.<\/p>\n<p><img fetchpriority=\"high\" decoding=\"async\" class=\"alignnone wp-image-8579 size-full\" src=\"http:\/\/qingdaohf.com\/wp-content\/uploads\/2024\/12\/tie-rod-92.webp\" alt=\"kaklasaites stie\u0146u sist\u0113ma\" width=\"1000\" height=\"1000\" srcset=\"https:\/\/qingdaohf.com\/wp-content\/uploads\/2024\/12\/tie-rod-92.webp 1000w, https:\/\/qingdaohf.com\/wp-content\/uploads\/2024\/12\/tie-rod-92-300x300.webp 300w, https:\/\/qingdaohf.com\/wp-content\/uploads\/2024\/12\/tie-rod-92-150x150.webp 150w, https:\/\/qingdaohf.com\/wp-content\/uploads\/2024\/12\/tie-rod-92-768x768.webp 768w, https:\/\/qingdaohf.com\/wp-content\/uploads\/2024\/12\/tie-rod-92-12x12.webp 12w, https:\/\/qingdaohf.com\/wp-content\/uploads\/2024\/12\/tie-rod-92-500x500.webp 500w, https:\/\/qingdaohf.com\/wp-content\/uploads\/2024\/12\/tie-rod-92-100x100.webp 100w\" sizes=\"(max-width: 1000px) 100vw, 1000px\" \/><\/p>\n<h1 class=\"font-600 text-2xl font-bold\">Sai\u0161u stie\u0146u sist\u0113mas izpako\u0161ana: \u016adens aizb\u012bd\u0146i, stie\u0146i un sp\u0101rnu uzgrie\u017e\u0146i<\/h1>\n<p class=\"whitespace-pre-wrap break-words\">Dom\u0101jiet par stie\u0146u sist\u0113mu k\u0101 par savu \u0160veices armijas nazi b\u016bvniec\u012bbas probl\u0113mu risin\u0101\u0161anai. Piem\u0113ram, \u016bdens aizb\u012bd\u0146i - tie ir \u013coti svar\u012bgi, ja b\u016bv\u0113jat objektus, kuriem j\u0101paliek sausiem, piem\u0113ram, pagrabus un atbalsta sienas. Tie nosl\u0113dz ce\u013cu ap stiepli, ne\u013caujot \u016bdenim nok\u013c\u016bt tur, kur tam j\u0101b\u016bt - \u0101rpus j\u016bsu konstrukcijas.<\/p>\n<p class=\"whitespace-pre-wrap break-words\">Sasie\u0161anas stie\u0146i kop\u0101 ar sp\u0101rnu uzgrie\u017e\u0146iem cie\u0161i nostiprina j\u016bsu veid\u0146us. Stie\u0146i stiepjas p\u0101ri j\u016bsu veid\u0146u pane\u013ciem, saglab\u0101jot pareizo att\u0101lumu starp tiem un iztur\u012bbu pret betona spiedienu. Sp\u0101rnu uzgrie\u017e\u0146i atvieglo perfektu mont\u0101\u017eu un \u013cauj visu atdal\u012bt, kad betons ir labi nostabiliz\u0113jies.<\/p>\n<p class=\"whitespace-pre-wrap break-words\">\u0160eit, Qingdao H&amp;F, m\u0113s esam aps\u0113sti ar to, lai m\u016bsu spir\u0101lveida stie\u0146iem ieg\u016btu pareizo v\u012btni. K\u0101p\u0113c? Jo perfekts v\u012bt\u0146griezums noz\u012bm\u0113, ka viss sader kop\u0101 gludi - j\u016bsu \u016bdens aizb\u012bd\u0146i, sp\u0101rnu uzgrie\u017e\u0146i, viss, kas nepiecie\u0161ams. M\u0113s r\u016bp\u012bgi p\u0101rbaud\u0101m katru deta\u013cu, lai j\u016bs zin\u0101tu, ka t\u0101 iztur\u0113s visu, ko tai nodosiet.<\/p>\n<h1 class=\"font-600 text-2xl font-bold\">K\u0101p\u0113c izv\u0113l\u0113ties Qingdao H&amp;F veid\u0146u ru\u013c\u013cu stie\u0146iem?<\/h1>\n<p class=\"whitespace-pre-wrap break-words\">P\u0113rkot spol\u0113tos stie\u0146us, jums ir nepiecie\u0161ams ne tikai labs produkts - jums ir nepiecie\u0161ams, lai viss komplekts darbotos nevainojami. Tie\u0161i \u0161aj\u0101 zi\u0146\u0101 m\u0113s sp\u012bdam.<\/p>\n<p class=\"whitespace-pre-wrap break-words\">Katram klientam m\u0113s izveidojam savu kontaktpersonu ekspertu. Nepiecie\u0161ams piel\u0101gots garums? \u012apa\u0161a v\u012btne? \u012apa\u0161i piederumi? J\u016bsu speci\u0101lists par to par\u016bp\u0113sies. Vi\u0146i prec\u012bzi saprat\u012bs, kas jums nepiecie\u0161ams, un nodro\u0161in\u0101s, lai j\u016bs to sa\u0146emtu.<\/p>\n<p class=\"whitespace-pre-wrap break-words\">B\u016bvniec\u012bb\u0101 laiks ir nauda, un m\u0113s to saprotam. Neviens nev\u0113las, lai vi\u0146a projekts kav\u0113tos, gaidot materi\u0101lus. T\u0101p\u0113c m\u0113s esam izveidoju\u0161i savu pieg\u0101des sist\u0113mu, lai t\u0101 b\u016btu \u0101tra un uzticama. M\u0113s esam izveidoju\u0161i savienojumus un sist\u0113mas, lai nog\u0101d\u0101tu j\u016bsu materi\u0101lus tur, kur tiem ir j\u0101b\u016bt, tie\u0161i tad, kad tiem tur ir j\u0101b\u016bt.<\/p>\n<p class=\"whitespace-pre-wrap break-words\">Kvalit\u0101te nav tas, ar ko m\u0113s sp\u0113l\u0113jamies. Katram spir\u0101les stie\u0146am ir pievienoti detaliz\u0113ti p\u0101rbaudes zi\u0146ojumi, kuros ir prec\u012bzi aprakst\u012bts, k\u0101 tas darbojas. Tas viss ir rakst\u012bts melns uz balta, s\u0101kot no t\u0101, cik tas ir iztur\u012bgs, l\u012bdz pat tam, cik prec\u012bzi ir v\u012bt\u0146otie diegi. M\u0113s visu test\u0113jam atbilsto\u0161i nozares standartiem, jo zin\u0101m, ka tie\u0161i tas jums ir nepiecie\u0161ams.<\/p>\n<p class=\"whitespace-pre-wrap break-words\">Neatkar\u012bgi no t\u0101, vai j\u016bs \u012bstenojat apjom\u012bgu infrastrukt\u016bras projektu vai k\u0101du maz\u0101ku un specializ\u0113tu projektu, m\u016bsu spir\u0101les stie\u0146i ar to tiks gal\u0101. Pievienojot m\u016bsu r\u016bpes, lai klienti b\u016btu apmierin\u0101ti, j\u016bs varat saprast, k\u0101p\u0113c b\u016bvnieki uzticas Qingdao H&amp;F.<\/p>","protected":false},"excerpt":{"rendered":"<p>Veid\u0146u ru\u013c\u013cu stie\u0146i ir neat\u0146emama m\u016bsdienu b\u016bvniec\u012bbas sast\u0101vda\u013ca, kas nodro\u0161ina dro\u0161u un efekt\u012bvu betona veid\u0146u mont\u0101\u017eu. Pirc\u0113ji bie\u017ei vien par priorit\u0101ti izvirza iztur\u012bbu, sader\u012bbu ar veid\u0146u sist\u0113m\u0101m un \u016bdens aptur\u0113\u0161anas piederumu pieejam\u012bbu. Qingdao H&amp;F saprot \u0161\u012bs ba\u017eas. Pateicoties m\u016bsu individu\u0101lajam klientu apkalpo\u0161anai, m\u0113s nodro\u0161in\u0101m detaliz\u0113tus kvalit\u0101tes p\u0101rbaudes zi\u0146ojumus, \u0101trus pieg\u0101des ciklus un piel\u0101gojamus risin\u0101jumus j\u016bsu b\u016bvniec\u012bbas vajadz\u012bb\u0101m. Neatkar\u012bgi no t\u0101, vai j\u016bs mekl\u0113jat ru\u013c\u013cu stie\u0146us liela m\u0113roga infrastrukt\u016bras vai maz\u0101kiem projektiem, m\u0113s esam ap\u0146\u0113mu\u0161ies pied\u0101v\u0101t uzticam\u012bbu un precizit\u0101ti.<\/p>\n<p>&nbsp;<\/p>","protected":false},"featured_media":2710,"comment_status":"open","ping_status":"closed","template":"","meta":{"site-sidebar-layout":"default","site-content-layout":"default","ast-site-content-layout":"default","site-content-style":"default","site-sidebar-style":"default","ast-global-header-display":"","ast-banner-title-visibility":"","ast-main-header-display":"","ast-hfb-above-header-display":"","ast-hfb-below-header-display":"","ast-hfb-mobile-header-display":"","site-post-title":"","ast-breadcrumbs-content":"","ast-featured-img":"","footer-sml-layout":"","theme-transparent-header-meta":"default","adv-header-id-meta":"","stick-header-meta":"default","header-above-stick-meta":"","header-main-stick-meta":"","header-below-stick-meta":"","astra-migrate-meta-layouts":"set","ast-page-background-enabled":"default","ast-page-background-meta":{"desktop":{"background-color":"","background-image":"","background-repeat":"repeat","background-position":"center center","background-size":"auto","background-attachment":"scroll","background-type":"","background-media":"","overlay-type":"","overlay-color":"","overlay-opacity":"","overlay-gradient":""},"tablet":{"background-color":"","background-image":"","background-repeat":"repeat","background-position":"center center","background-size":"auto","background-attachment":"scroll","background-type":"","background-media":"","overlay-type":"","overlay-color":"","overlay-opacity":"","overlay-gradient":""},"mobile":{"background-color":"","background-image":"","background-repeat":"repeat","background-position":"center center","background-size":"auto","background-attachment":"scroll","background-type":"","background-media":"","overlay-type":"","overlay-color":"","overlay-opacity":"","overlay-gradient":""}},"ast-content-background-meta":{"desktop":{"background-color":"var(--ast-global-color-5)","background-image":"","background-repeat":"repeat","background-position":"center center","background-size":"auto","background-attachment":"scroll","background-type":"","background-media":"","overlay-type":"","overlay-color":"","overlay-opacity":"","overlay-gradient":""},"tablet":{"background-color":"var(--ast-global-color-5)","background-image":"","background-repeat":"repeat","background-position":"center center","background-size":"auto","background-attachment":"scroll","background-type":"","background-media":"","overlay-type":"","overlay-color":"","overlay-opacity":"","overlay-gradient":""},"mobile":{"background-color":"var(--ast-global-color-5)","background-image":"","background-repeat":"repeat","background-position":"center center","background-size":"auto","background-attachment":"scroll","background-type":"","background-media":"","overlay-type":"","overlay-color":"","overlay-opacity":"","overlay-gradient":""}}},"product_brand":[],"product_cat":[79],"product_tag":[],"class_list":{"0":"post-2056","1":"product","2":"type-product","3":"status-publish","4":"has-post-thumbnail","6":"product_cat-tie-rod-system","7":"desktop-align-left","8":"tablet-align-left","9":"mobile-align-left","10":"ast-product-gallery-layout-horizontal-slider","11":"ast-product-tabs-layout-horizontal","13":"first","14":"instock","15":"shipping-taxable","16":"purchasable","17":"product-type-simple"},"yoast_head":"<!-- This site is optimized with the Yoast SEO plugin v25.2 - https:\/\/yoast.com\/wordpress\/plugins\/seo\/ -->\n<title>Formwork Coil Rods<\/title>\n<meta name=\"description\" content=\"Coil rods are used in concrete forming applications. Their loose threads design curtails dust and dirt accumulation.\" \/>\n<meta name=\"robots\" content=\"index, follow, max-snippet:-1, max-image-preview:large, max-video-preview:-1\" \/>\n<link rel=\"canonical\" href=\"https:\/\/qingdaohf.com\/lv\/products\/spirales-stieni\/\" \/>\n<meta property=\"og:locale\" content=\"lv_LV\" \/>\n<meta property=\"og:type\" content=\"article\" \/>\n<meta property=\"og:title\" content=\"Formwork Coil Rods\" \/>\n<meta property=\"og:description\" content=\"Coil rods are used in concrete forming applications. Their loose threads design curtails dust and dirt accumulation.\" \/>\n<meta property=\"og:url\" content=\"https:\/\/qingdaohf.com\/lv\/products\/spirales-stieni\/\" \/>\n<meta property=\"og:site_name\" content=\"Concrete Form &amp; Rigging Hardware Supplier\" \/>\n<meta property=\"article:publisher\" content=\"https:\/\/www.facebook.com\/qingdaohf\" \/>\n<meta property=\"article:modified_time\" content=\"2025-11-13T01:06:37+00:00\" \/>\n<meta property=\"og:image\" content=\"https:\/\/qingdaohf.com\/wp-content\/uploads\/2023\/02\/Coil-Rod-1.jpg\" \/>\n\t<meta property=\"og:image:width\" content=\"1000\" \/>\n\t<meta property=\"og:image:height\" content=\"1000\" \/>\n\t<meta property=\"og:image:type\" content=\"image\/jpeg\" \/>\n<meta name=\"twitter:card\" content=\"summary_large_image\" \/>\n<meta name=\"twitter:label1\" content=\"Est. reading time\" \/>\n\t<meta name=\"twitter:data1\" content=\"3 min\u016btes\" \/>\n<script type=\"application\/ld+json\" class=\"yoast-schema-graph\">{\"@context\":\"https:\/\/schema.org\",\"@graph\":[{\"@type\":\"WebPage\",\"@id\":\"https:\/\/qingdaohf.com\/product\/coil-rods\/\",\"url\":\"https:\/\/qingdaohf.com\/product\/coil-rods\/\",\"name\":\"Formwork Coil Rods\",\"isPartOf\":{\"@id\":\"https:\/\/qingdaohf.com\/bg\/#website\"},\"primaryImageOfPage\":{\"@id\":\"https:\/\/qingdaohf.com\/product\/coil-rods\/#primaryimage\"},\"image\":{\"@id\":\"https:\/\/qingdaohf.com\/product\/coil-rods\/#primaryimage\"},\"thumbnailUrl\":\"https:\/\/qingdaohf.com\/wp-content\/uploads\/2023\/02\/Coil-Rod-1.jpg\",\"datePublished\":\"2023-02-07T09:01:21+00:00\",\"dateModified\":\"2025-11-13T01:06:37+00:00\",\"description\":\"Coil rods are used in concrete forming applications. Their loose threads design curtails dust and dirt accumulation.\",\"breadcrumb\":{\"@id\":\"https:\/\/qingdaohf.com\/product\/coil-rods\/#breadcrumb\"},\"inLanguage\":\"lv-LV\",\"potentialAction\":[{\"@type\":\"ReadAction\",\"target\":[\"https:\/\/qingdaohf.com\/product\/coil-rods\/\"]}]},{\"@type\":\"ImageObject\",\"inLanguage\":\"lv-LV\",\"@id\":\"https:\/\/qingdaohf.com\/product\/coil-rods\/#primaryimage\",\"url\":\"https:\/\/qingdaohf.com\/wp-content\/uploads\/2023\/02\/Coil-Rod-1.jpg\",\"contentUrl\":\"https:\/\/qingdaohf.com\/wp-content\/uploads\/2023\/02\/Coil-Rod-1.jpg\",\"width\":1000,\"height\":1000,\"caption\":\"Coil Rod\"},{\"@type\":\"BreadcrumbList\",\"@id\":\"https:\/\/qingdaohf.com\/product\/coil-rods\/#breadcrumb\",\"itemListElement\":[{\"@type\":\"ListItem\",\"position\":1,\"name\":\"Home\",\"item\":\"https:\/\/qingdaohf.com\/\"},{\"@type\":\"ListItem\",\"position\":2,\"name\":\"Concrete Forming Accessories and Rigging Hardware\",\"item\":\"https:\/\/qingdaohf.com\/bg\/?page_id=944\"},{\"@type\":\"ListItem\",\"position\":3,\"name\":\"Formwork Coil Rods\"}]},{\"@type\":\"WebSite\",\"@id\":\"https:\/\/qingdaohf.com\/bg\/#website\",\"url\":\"https:\/\/qingdaohf.com\/bg\/\",\"name\":\"Concrete Form & Rigging Hardware Supplier\",\"description\":\"\",\"publisher\":{\"@id\":\"https:\/\/qingdaohf.com\/bg\/#organization\"},\"potentialAction\":[{\"@type\":\"SearchAction\",\"target\":{\"@type\":\"EntryPoint\",\"urlTemplate\":\"https:\/\/qingdaohf.com\/bg\/?s={search_term_string}\"},\"query-input\":{\"@type\":\"PropertyValueSpecification\",\"valueRequired\":true,\"valueName\":\"search_term_string\"}}],\"inLanguage\":\"lv-LV\"},{\"@type\":\"Organization\",\"@id\":\"https:\/\/qingdaohf.com\/bg\/#organization\",\"name\":\"Qingdao H&F\",\"url\":\"https:\/\/qingdaohf.com\/bg\/\",\"logo\":{\"@type\":\"ImageObject\",\"inLanguage\":\"lv-LV\",\"@id\":\"https:\/\/qingdaohf.com\/bg\/#\/schema\/logo\/image\/\",\"url\":\"https:\/\/qingdaohf.com\/wp-content\/uploads\/2022\/12\/cropped-HF-LOGO.png\",\"contentUrl\":\"https:\/\/qingdaohf.com\/wp-content\/uploads\/2022\/12\/cropped-HF-LOGO.png\",\"width\":391,\"height\":249,\"caption\":\"Qingdao H&F\"},\"image\":{\"@id\":\"https:\/\/qingdaohf.com\/bg\/#\/schema\/logo\/image\/\"},\"sameAs\":[\"https:\/\/www.facebook.com\/qingdaohf\"]}]}<\/script>\n<!-- \/ Yoast SEO plugin. -->","yoast_head_json":{"title":"Formwork Coil Rods","description":"Coil rods are used in concrete forming applications. Their loose threads design curtails dust and dirt accumulation.","robots":{"index":"index","follow":"follow","max-snippet":"max-snippet:-1","max-image-preview":"max-image-preview:large","max-video-preview":"max-video-preview:-1"},"canonical":"https:\/\/qingdaohf.com\/lv\/products\/spirales-stieni\/","og_locale":"lv_LV","og_type":"article","og_title":"Formwork Coil Rods","og_description":"Coil rods are used in concrete forming applications. Their loose threads design curtails dust and dirt accumulation.","og_url":"https:\/\/qingdaohf.com\/lv\/products\/spirales-stieni\/","og_site_name":"Concrete Form &amp; Rigging Hardware Supplier","article_publisher":"https:\/\/www.facebook.com\/qingdaohf","article_modified_time":"2025-11-13T01:06:37+00:00","og_image":[{"width":1000,"height":1000,"url":"https:\/\/qingdaohf.com\/wp-content\/uploads\/2023\/02\/Coil-Rod-1.jpg","type":"image\/jpeg"}],"twitter_card":"summary_large_image","twitter_misc":{"Est. reading time":"3 min\u016btes"},"schema":{"@context":"https:\/\/schema.org","@graph":[{"@type":"WebPage","@id":"https:\/\/qingdaohf.com\/product\/coil-rods\/","url":"https:\/\/qingdaohf.com\/product\/coil-rods\/","name":"Formwork Coil Rods","isPartOf":{"@id":"https:\/\/qingdaohf.com\/bg\/#website"},"primaryImageOfPage":{"@id":"https:\/\/qingdaohf.com\/product\/coil-rods\/#primaryimage"},"image":{"@id":"https:\/\/qingdaohf.com\/product\/coil-rods\/#primaryimage"},"thumbnailUrl":"https:\/\/qingdaohf.com\/wp-content\/uploads\/2023\/02\/Coil-Rod-1.jpg","datePublished":"2023-02-07T09:01:21+00:00","dateModified":"2025-11-13T01:06:37+00:00","description":"Coil rods are used in concrete forming applications. Their loose threads design curtails dust and dirt accumulation.","breadcrumb":{"@id":"https:\/\/qingdaohf.com\/product\/coil-rods\/#breadcrumb"},"inLanguage":"lv-LV","potentialAction":[{"@type":"ReadAction","target":["https:\/\/qingdaohf.com\/product\/coil-rods\/"]}]},{"@type":"ImageObject","inLanguage":"lv-LV","@id":"https:\/\/qingdaohf.com\/product\/coil-rods\/#primaryimage","url":"https:\/\/qingdaohf.com\/wp-content\/uploads\/2023\/02\/Coil-Rod-1.jpg","contentUrl":"https:\/\/qingdaohf.com\/wp-content\/uploads\/2023\/02\/Coil-Rod-1.jpg","width":1000,"height":1000,"caption":"Coil Rod"},{"@type":"BreadcrumbList","@id":"https:\/\/qingdaohf.com\/product\/coil-rods\/#breadcrumb","itemListElement":[{"@type":"ListItem","position":1,"name":"Home","item":"https:\/\/qingdaohf.com\/"},{"@type":"ListItem","position":2,"name":"Concrete Forming Accessories and Rigging Hardware","item":"https:\/\/qingdaohf.com\/bg\/?page_id=944"},{"@type":"ListItem","position":3,"name":"Formwork Coil Rods"}]},{"@type":"WebSite","@id":"https:\/\/qingdaohf.com\/bg\/#website","url":"https:\/\/qingdaohf.com\/bg\/","name":"Concrete Form & Rigging Hardware Supplier","description":"","publisher":{"@id":"https:\/\/qingdaohf.com\/bg\/#organization"},"potentialAction":[{"@type":"SearchAction","target":{"@type":"EntryPoint","urlTemplate":"https:\/\/qingdaohf.com\/bg\/?s={search_term_string}"},"query-input":{"@type":"PropertyValueSpecification","valueRequired":true,"valueName":"search_term_string"}}],"inLanguage":"lv-LV"},{"@type":"Organization","@id":"https:\/\/qingdaohf.com\/bg\/#organization","name":"Qingdao H&F","url":"https:\/\/qingdaohf.com\/bg\/","logo":{"@type":"ImageObject","inLanguage":"lv-LV","@id":"https:\/\/qingdaohf.com\/bg\/#\/schema\/logo\/image\/","url":"https:\/\/qingdaohf.com\/wp-content\/uploads\/2022\/12\/cropped-HF-LOGO.png","contentUrl":"https:\/\/qingdaohf.com\/wp-content\/uploads\/2022\/12\/cropped-HF-LOGO.png","width":391,"height":249,"caption":"Qingdao H&F"},"image":{"@id":"https:\/\/qingdaohf.com\/bg\/#\/schema\/logo\/image\/"},"sameAs":["https:\/\/www.facebook.com\/qingdaohf"]}]}},"_links":{"self":[{"href":"https:\/\/qingdaohf.com\/lv\/wp-json\/wp\/v2\/product\/2056","targetHints":{"allow":["GET"]}}],"collection":[{"href":"https:\/\/qingdaohf.com\/lv\/wp-json\/wp\/v2\/product"}],"about":[{"href":"https:\/\/qingdaohf.com\/lv\/wp-json\/wp\/v2\/types\/product"}],"replies":[{"embeddable":true,"href":"https:\/\/qingdaohf.com\/lv\/wp-json\/wp\/v2\/comments?post=2056"}],"version-history":[{"count":3,"href":"https:\/\/qingdaohf.com\/lv\/wp-json\/wp\/v2\/product\/2056\/revisions"}],"predecessor-version":[{"id":8605,"href":"https:\/\/qingdaohf.com\/lv\/wp-json\/wp\/v2\/product\/2056\/revisions\/8605"}],"wp:featuredmedia":[{"embeddable":true,"href":"https:\/\/qingdaohf.com\/lv\/wp-json\/wp\/v2\/media\/2710"}],"wp:attachment":[{"href":"https:\/\/qingdaohf.com\/lv\/wp-json\/wp\/v2\/media?parent=2056"}],"wp:term":[{"taxonomy":"product_brand","embeddable":true,"href":"https:\/\/qingdaohf.com\/lv\/wp-json\/wp\/v2\/product_brand?post=2056"},{"taxonomy":"product_cat","embeddable":true,"href":"https:\/\/qingdaohf.com\/lv\/wp-json\/wp\/v2\/product_cat?post=2056"},{"taxonomy":"product_tag","embeddable":true,"href":"https:\/\/qingdaohf.com\/lv\/wp-json\/wp\/v2\/product_tag?post=2056"}],"curies":[{"name":"wp","href":"https:\/\/api.w.org\/{rel}","templated":true}]}}