{"id":2080,"date":"2023-02-08T17:31:37","date_gmt":"2023-02-08T09:31:37","guid":{"rendered":"http:\/\/qingdaohf.com\/?post_type=product&#038;p=2080"},"modified":"2025-11-13T09:06:36","modified_gmt":"2025-11-13T01:06:36","slug":"flat-steel-stake","status":"publish","type":"product","link":"https:\/\/qingdaohf.com\/lv\/products\/plakans-terauda-stabs\/","title":{"rendered":"Plakan\u0101 t\u0113rauda miets betona form\u0113\u0161anai"},"content":{"rendered":"<div class=\"ast-oembed-container\" style=\"height: 100%;\"><iframe title=\"Betona t\u0113rauda miets\" width=\"500\" height=\"281\" src=\"https:\/\/www.youtube.com\/embed\/kDArajRbFtQ?feature=oembed\" frameborder=\"0\" allow=\"accelerometer; autoplay; clipboard-write; encrypted-media; gyroscope; picture-in-picture; web-share\" referrerpolicy=\"strict-origin-when-cross-origin\" allowfullscreen><\/iframe><\/div>\n<p>Betona form\u0113\u0161ana ir pagaidu veidnes vai karkasa izveides process, kur\u0101 ielej mitru betonu un \u013cauj tam saciet\u0113t v\u0113lamaj\u0101 form\u0101 vai strukt\u016br\u0101. Betona veid\u0146us parasti izgatavo no koka, t\u0113rauda vai plastmasas, un tos izmanto, lai veidotu da\u017e\u0101das betona konstrukcijas, piem\u0113ram, sienas, kolonnas, pl\u0101tnes un sijas.<\/p>\n<p>T\u0113rauda mieti parasti tiek izmantoti betona veido\u0161anas darbos, lai nostiprin\u0101tu veid\u0146us viet\u0101 un nodro\u0161in\u0101tu atbalstu mitr\u0101 betona svaram. Ir pieejami vair\u0101ki t\u0113rauda mietu veidi izmanto\u0161anai betona veid\u0146u veido\u0161an\u0101, tostarp apa\u013ci t\u0113rauda mieti, kvadr\u0101tveida t\u0113rauda mieti, plakani t\u0113rauda mieti un plakani I veida siju t\u0113rauda mieti.<\/p>\n<p>Apa\u013cie t\u0113rauda mieti ir visizplat\u012bt\u0101kais t\u0113rauda mietu veids, ko izmanto betona form\u0113\u0161an\u0101. Tie parasti ir izgatavoti no augstas stipr\u012bbas t\u0113rauda un ir pieejami da\u017e\u0101da diametra un garuma. Apa\u013cos t\u0113rauda mieti\u0146us ir viegli uzst\u0101d\u012bt un no\u0146emt, un tie nodro\u0161ina lielisku stabilit\u0101ti un atbalstu veid\u0146iem.<\/p>\n\n<table id=\"tablepress-19\" class=\"tablepress tablepress-id-19\">\n<thead>\n<tr class=\"row-1\">\n\t<th class=\"column-1\">Apraksts<\/th><th class=\"column-2\">Vien\u012bba<\/th><th class=\"column-3\">Palete<\/th><th class=\"column-4\">Svars (kg)<\/th>\n<\/tr>\n<\/thead>\n<tbody class=\"row-striping row-hover\">\n<tr class=\"row-2\">\n\t<td class=\"column-1\">3\/4\" x 12\"<\/td><td class=\"column-2\">10 gab.\/kast\u0113<\/td><td class=\"column-3\">150 kastes\/palete<\/td><td class=\"column-4\">0.6200<\/td>\n<\/tr>\n<tr class=\"row-3\">\n\t<td class=\"column-1\">3\/4\" x 18\"<\/td><td class=\"column-2\">10 gab.\/kast\u0113<\/td><td class=\"column-3\">100 kastes\/palete<\/td><td class=\"column-4\">0.9250<\/td>\n<\/tr>\n<tr class=\"row-4\">\n\t<td class=\"column-1\">3\/4\" x 24\"<\/td><td class=\"column-2\">10 gab.\/kast\u0113<\/td><td class=\"column-3\">75 kastes\/palete<\/td><td class=\"column-4\">1.2400<\/td>\n<\/tr>\n<tr class=\"row-5\">\n\t<td class=\"column-1\">3\/4\" x 30\"<\/td><td class=\"column-2\">10 gab.\/kast\u0113<\/td><td class=\"column-3\">60 kastes\/palete<\/td><td class=\"column-4\">1.5450<\/td>\n<\/tr>\n<tr class=\"row-6\">\n\t<td class=\"column-1\">3\/4\" x 36\"<\/td><td class=\"column-2\">10 gab.\/kast\u0113<\/td><td class=\"column-3\">50 kastes\/palete<\/td><td class=\"column-4\">1.8600<\/td>\n<\/tr>\n<tr class=\"row-7\">\n\t<td class=\"column-1\">3\/4\" x 42\"<\/td><td class=\"column-2\">10 gab.\/kast\u0113<\/td><td class=\"column-3\">40 kastes\/palete<\/td><td class=\"column-4\">2.1650<\/td>\n<\/tr>\n<tr class=\"row-8\">\n\t<td class=\"column-1\">3\/4\" x 48\"<\/td><td class=\"column-2\">10 gab.\/kast\u0113<\/td><td class=\"column-3\">30 kastes\/palete<\/td><td class=\"column-4\">2.4750<\/td>\n<\/tr>\n<tr class=\"row-9\">\n\t<td class=\"column-1\">7\/8\" x 12\"<\/td><td class=\"column-2\">10 gab.\/kast\u0113<\/td><td class=\"column-3\">150 kastes\/palete<\/td><td class=\"column-4\">0.9100<\/td>\n<\/tr>\n<tr class=\"row-10\">\n\t<td class=\"column-1\">7\/8\" x 18\"<\/td><td class=\"column-2\">10 gab.\/kast\u0113<\/td><td class=\"column-3\">100 kastes\/palete<\/td><td class=\"column-4\">1.3550<\/td>\n<\/tr>\n<tr class=\"row-11\">\n\t<td class=\"column-1\">7\/8\" x 24\"<\/td><td class=\"column-2\">10 gab.\/kast\u0113<\/td><td class=\"column-3\">75 kastes\/palete<\/td><td class=\"column-4\">1.8200<\/td>\n<\/tr>\n<tr class=\"row-12\">\n\t<td class=\"column-1\">7\/8\" x 30\"<\/td><td class=\"column-2\">10 gab.\/kast\u0113<\/td><td class=\"column-3\">60 kastes\/palete<\/td><td class=\"column-4\">2.2700<\/td>\n<\/tr>\n<tr class=\"row-13\">\n\t<td class=\"column-1\">7\/8\" x 36\"<\/td><td class=\"column-2\">10 gab.\/kast\u0113<\/td><td class=\"column-3\">50 kastes\/palete<\/td><td class=\"column-4\">2.7300<\/td>\n<\/tr>\n<tr class=\"row-14\">\n\t<td class=\"column-1\">7\/8\" x 42\"<\/td><td class=\"column-2\">10 gab.\/kast\u0113<\/td><td class=\"column-3\">40 kastes\/palete<\/td><td class=\"column-4\">3.1800<\/td>\n<\/tr>\n<tr class=\"row-15\">\n\t<td class=\"column-1\">7\/8\" x 48\"<\/td><td class=\"column-2\">10 gab.\/kast\u0113<\/td><td class=\"column-3\">30 kastes\/palete<\/td><td class=\"column-4\">3.6400<\/td>\n<\/tr>\n<\/tbody>\n<\/table>\n<!-- #tablepress-19 from cache -->\n<p>Kvadr\u0101tveida t\u0113rauda mieti ir l\u012bdz\u012bgi apa\u013cajiem t\u0113rauda mietiem, ta\u010du to \u0161\u0137\u0113rsgriezums ir kvadr\u0101tisks, nevis apa\u013c\u0161. Tie ar\u012b ir izgatavoti no augstas stipr\u012bbas t\u0113rauda un ir pieejami da\u017e\u0101dos izm\u0113ros. Kvadr\u0101tveida t\u0113rauda mieti bie\u017ei tiek izmantoti situ\u0101cij\u0101s, kad nepiecie\u0161ama papildu stabilit\u0101te, piem\u0113ram, v\u0113jainos vai nel\u012bdzenos apst\u0101k\u013cos.<\/p>\n\n<table id=\"tablepress-20\" class=\"tablepress tablepress-id-20\">\n<thead>\n<tr class=\"row-1\">\n\t<th class=\"column-1\">Apraksts<\/th><th class=\"column-2\">Vien\u012bba<\/th><th class=\"column-3\">Palete<\/th><th class=\"column-4\">Svars (kg)<\/th>\n<\/tr>\n<\/thead>\n<tbody class=\"row-striping row-hover\">\n<tr class=\"row-2\">\n\t<td class=\"column-1\">5\/8\" x 12\"<\/td><td class=\"column-2\">10 gab.\/kast\u0113<\/td><td class=\"column-3\">150 kastes\/palete<\/td><td class=\"column-4\">0.56<\/td>\n<\/tr>\n<tr class=\"row-3\">\n\t<td class=\"column-1\">5\/8\" x 18\"<\/td><td class=\"column-2\">10 gab.\/kast\u0113<\/td><td class=\"column-3\">100 kastes\/palete<\/td><td class=\"column-4\">0.81<\/td>\n<\/tr>\n<tr class=\"row-4\">\n\t<td class=\"column-1\">5\/8\" x 24\"<\/td><td class=\"column-2\">10 gab.\/kast\u0113<\/td><td class=\"column-3\">75 kastes\/palete<\/td><td class=\"column-4\">1.07<\/td>\n<\/tr>\n<tr class=\"row-5\">\n\t<td class=\"column-1\">5\/8\" x 30\"<\/td><td class=\"column-2\">10 gab.\/kast\u0113<\/td><td class=\"column-3\">60 kastes\/palete<\/td><td class=\"column-4\">1.34<\/td>\n<\/tr>\n<tr class=\"row-6\">\n\t<td class=\"column-1\">5\/8\" x 36\"<\/td><td class=\"column-2\">10 gab.\/kast\u0113<\/td><td class=\"column-3\">50 kastes\/palete<\/td><td class=\"column-4\">1.61<\/td>\n<\/tr>\n<tr class=\"row-7\">\n\t<td class=\"column-1\">5\/8\" x 42\"<\/td><td class=\"column-2\">10 gab.\/kast\u0113<\/td><td class=\"column-3\">40 kastes\/palete<\/td><td class=\"column-4\">1.87<\/td>\n<\/tr>\n<tr class=\"row-8\">\n\t<td class=\"column-1\">5\/8\" x 48\"<\/td><td class=\"column-2\">10 gab.\/kast\u0113<\/td><td class=\"column-3\">30 kastes\/palete<\/td><td class=\"column-4\">2.14<\/td>\n<\/tr>\n<\/tbody>\n<\/table>\n<!-- #tablepress-20 from cache -->\n<p>Plakanie t\u0113rauda mieti parasti ir izgatavoti no pl\u0101n\u0101ka t\u0113rauda nek\u0101 apa\u013cie vai kvadr\u0101tveida t\u0113rauda mieti. Tiem ir plakans \u0161\u0137\u0113rsgriezums, un tie ir paredz\u0113ti iedz\u012b\u0161anai zem\u0113 le\u0146\u0137\u012b, lai nodro\u0161in\u0101tu papildu stabilit\u0101ti veid\u0146iem. Plakanos t\u0113rauda mieti\u0146us bie\u017ei izmanto kop\u0101 ar apa\u013cajiem vai kvadr\u0101tveida t\u0113rauda mieti\u0146iem, lai nodro\u0161in\u0101tu papildu atbalstu sare\u017e\u0123\u012btos apst\u0101k\u013cos.<\/p>\n\n<table id=\"tablepress-21\" class=\"tablepress tablepress-id-21\">\n<thead>\n<tr class=\"row-1\">\n\t<th class=\"column-1\">Apraksts<\/th><th class=\"column-2\">Vien\u012bba<\/th><th class=\"column-3\">Palete<\/th><th class=\"column-4\">Svars (kg)<\/th>\n<\/tr>\n<\/thead>\n<tbody class=\"row-striping row-hover\">\n<tr class=\"row-2\">\n\t<td class=\"column-1\">12\"<\/td><td class=\"column-2\">10 gab.\/kast\u0113<\/td><td class=\"column-3\">150 kastes\/palete<\/td><td class=\"column-4\">0.72<\/td>\n<\/tr>\n<tr class=\"row-3\">\n\t<td class=\"column-1\">18\"<\/td><td class=\"column-2\">10 gab.\/kast\u0113<\/td><td class=\"column-3\">100 kastes\/palete<\/td><td class=\"column-4\">1.07<\/td>\n<\/tr>\n<tr class=\"row-4\">\n\t<td class=\"column-1\">24\"<\/td><td class=\"column-2\">10 gab.\/kast\u0113<\/td><td class=\"column-3\">75 kastes\/palete<\/td><td class=\"column-4\">1.41<\/td>\n<\/tr>\n<tr class=\"row-5\">\n\t<td class=\"column-1\">30\"<\/td><td class=\"column-2\">10 gab.\/kast\u0113<\/td><td class=\"column-3\">60 kastes\/palete<\/td><td class=\"column-4\">1.8<\/td>\n<\/tr>\n<tr class=\"row-6\">\n\t<td class=\"column-1\">36\"<\/td><td class=\"column-2\">10 gab.\/kast\u0113<\/td><td class=\"column-3\">50 kastes\/palete<\/td><td class=\"column-4\">2.16<\/td>\n<\/tr>\n<tr class=\"row-7\">\n\t<td class=\"column-1\">42\"<\/td><td class=\"column-2\">10 gab.\/kast\u0113<\/td><td class=\"column-3\">40 kastes\/palete<\/td><td class=\"column-4\">2.56<\/td>\n<\/tr>\n<tr class=\"row-8\">\n\t<td class=\"column-1\">48\"<\/td><td class=\"column-2\">10 gab.\/kast\u0113<\/td><td class=\"column-3\">30 kastes\/palete<\/td><td class=\"column-4\">2.93<\/td>\n<\/tr>\n<\/tbody>\n<\/table>\n<!-- #tablepress-21 from cache -->\n<p>Plakanie I-veida t\u0113rauda mieti ir l\u012bdz\u012bgi plakaniem t\u0113rauda mieti\u0146iem, ta\u010du to \u0161\u0137\u0113rsgriezums atg\u0101dina burtu \"I\". Tie parasti ir izgatavoti no biez\u0101ka t\u0113rauda nek\u0101 plakanie t\u0113rauda mieti un ir paredz\u0113ti, lai nodro\u0161in\u0101tu v\u0113l liel\u0101ku stabilit\u0101ti un atbalstu veid\u0146iem. Plakani I veida siju t\u0113rauda mieti bie\u017ei tiek izmantoti liela m\u0113roga betona veid\u0146u projektos, piem\u0113ram, tiltu b\u016bvniec\u012bb\u0101 vai augstcelt\u0146u b\u016bvniec\u012bb\u0101.<\/p>\n\n<table id=\"tablepress-22\" class=\"tablepress tablepress-id-22\">\n<thead>\n<tr class=\"row-1\">\n\t<th class=\"column-1\">Specifik\u0101cija<\/th><th class=\"column-2\">Gab.\/Kartons<\/th><th class=\"column-3\">Gabali\/palete<\/th>\n<\/tr>\n<\/thead>\n<tbody class=\"row-striping row-hover\">\n<tr class=\"row-2\">\n\t<td class=\"column-1\">1-1\/2\" x 12\" plakana I-veida sijas miets ar caurumiem<\/td><td class=\"column-2\">10<\/td><td class=\"column-3\">1500<\/td>\n<\/tr>\n<tr class=\"row-3\">\n\t<td class=\"column-1\">1-1\/2\" x 18\" plakana I-veida sijas miets ar caurumiem<\/td><td class=\"column-2\">10<\/td><td class=\"column-3\">1000<\/td>\n<\/tr>\n<tr class=\"row-4\">\n\t<td class=\"column-1\">1-1\/2\" x 24\" plakana I-veida sijas miets ar caurumiem<\/td><td class=\"column-2\">10<\/td><td class=\"column-3\">750<\/td>\n<\/tr>\n<tr class=\"row-5\">\n\t<td class=\"column-1\">1-1\/2\" x 30\" plakana I-veida sijas miets ar caurumiem<\/td><td class=\"column-2\">10<\/td><td class=\"column-3\">600<\/td>\n<\/tr>\n<tr class=\"row-6\">\n\t<td class=\"column-1\">1-1\/2\" x 36\" Plakana I veida sijas miets ar caurumiem<\/td><td class=\"column-2\">10<\/td><td class=\"column-3\">500<\/td>\n<\/tr>\n<\/tbody>\n<\/table>\n<!-- #tablepress-22 from cache -->\n<p><img fetchpriority=\"high\" decoding=\"async\" class=\"alignnone size-full wp-image-2789\" style=\"font-style: inherit; font-weight: inherit;\" src=\"http:\/\/qingdaohf.com\/wp-content\/uploads\/2023\/02\/\u672a\u6807\u9898-1.jpg\" alt=\"\" width=\"1200\" height=\"1200\" srcset=\"https:\/\/qingdaohf.com\/wp-content\/uploads\/2023\/02\/\u672a\u6807\u9898-1.jpg 1200w, https:\/\/qingdaohf.com\/wp-content\/uploads\/2023\/02\/\u672a\u6807\u9898-1-500x500.jpg 500w, https:\/\/qingdaohf.com\/wp-content\/uploads\/2023\/02\/\u672a\u6807\u9898-1-100x100.jpg 100w, https:\/\/qingdaohf.com\/wp-content\/uploads\/2023\/02\/\u672a\u6807\u9898-1-1000x1000.jpg 1000w, https:\/\/qingdaohf.com\/wp-content\/uploads\/2023\/02\/\u672a\u6807\u9898-1-300x300.jpg 300w, https:\/\/qingdaohf.com\/wp-content\/uploads\/2023\/02\/\u672a\u6807\u9898-1-1024x1024.jpg 1024w, https:\/\/qingdaohf.com\/wp-content\/uploads\/2023\/02\/\u672a\u6807\u9898-1-150x150.jpg 150w, https:\/\/qingdaohf.com\/wp-content\/uploads\/2023\/02\/\u672a\u6807\u9898-1-768x768.jpg 768w\" sizes=\"(max-width: 1200px) 100vw, 1200px\" \/><\/p>\n<div class=\"flex-1 overflow-hidden\">\n<div class=\"react-scroll-to-bottom--css-kwokg-79elbk h-full dark:bg-gray-800\">\n<div class=\"react-scroll-to-bottom--css-kwokg-1n7m0yu\">\n<div class=\"flex flex-col items-center text-sm dark:bg-gray-800\">\n<div class=\"w-full border-b border-black\/10 dark:border-gray-900\/50 text-gray-800 dark:text-gray-100 group bg-gray-50 dark:bg-[#444654]\">\n<div class=\"text-base gap-4 md:gap-6 m-auto md:max-w-2xl lg:max-w-2xl xl:max-w-3xl p-4 md:py-6 flex lg:px-0\">\n<div class=\"relative flex w-[calc(100%-50px)] flex-col gap-1 md:gap-3 lg:w-[calc(100%-115px)]\">\n<div class=\"flex flex-grow flex-col gap-3\">\n<div class=\"min-h-[20px] flex flex-col items-start gap-4 whitespace-pre-wrap\">\n<div class=\"markdown prose w-full break-words dark:prose-invert light\">\n<p>&nbsp;<\/p>\n<\/div>\n<\/div>\n<\/div>\n<\/div>\n<\/div>\n<\/div>\n<\/div>\n<\/div>\n<\/div>\n<\/div>","protected":false},"excerpt":{"rendered":"<p>Plakanais t\u0113rauda miets ir iztur\u012bgs t\u0113rauda miets, kas ir ide\u0101li piem\u0113rots izmanto\u0161anai beton\u0101. Apa\u013cais miets ir paredz\u0113ts dro\u0161ai betona veid\u0146u pl\u0101t\u0146u nostiprin\u0101\u0161anai.<\/p>","protected":false},"featured_media":2778,"comment_status":"open","ping_status":"closed","template":"","meta":{"site-sidebar-layout":"default","site-content-layout":"default","ast-site-content-layout":"default","site-content-style":"default","site-sidebar-style":"default","ast-global-header-display":"","ast-banner-title-visibility":"","ast-main-header-display":"","ast-hfb-above-header-display":"","ast-hfb-below-header-display":"","ast-hfb-mobile-header-display":"","site-post-title":"","ast-breadcrumbs-content":"","ast-featured-img":"","footer-sml-layout":"","theme-transparent-header-meta":"default","adv-header-id-meta":"","stick-header-meta":"default","header-above-stick-meta":"","header-main-stick-meta":"","header-below-stick-meta":"","astra-migrate-meta-layouts":"set","ast-page-background-enabled":"default","ast-page-background-meta":{"desktop":{"background-color":"","background-image":"","background-repeat":"repeat","background-position":"center center","background-size":"auto","background-attachment":"scroll","background-type":"","background-media":"","overlay-type":"","overlay-color":"","overlay-opacity":"","overlay-gradient":""},"tablet":{"background-color":"","background-image":"","background-repeat":"repeat","background-position":"center center","background-size":"auto","background-attachment":"scroll","background-type":"","background-media":"","overlay-type":"","overlay-color":"","overlay-opacity":"","overlay-gradient":""},"mobile":{"background-color":"","background-image":"","background-repeat":"repeat","background-position":"center center","background-size":"auto","background-attachment":"scroll","background-type":"","background-media":"","overlay-type":"","overlay-color":"","overlay-opacity":"","overlay-gradient":""}},"ast-content-background-meta":{"desktop":{"background-color":"var(--ast-global-color-5)","background-image":"","background-repeat":"repeat","background-position":"center center","background-size":"auto","background-attachment":"scroll","background-type":"","background-media":"","overlay-type":"","overlay-color":"","overlay-opacity":"","overlay-gradient":""},"tablet":{"background-color":"var(--ast-global-color-5)","background-image":"","background-repeat":"repeat","background-position":"center center","background-size":"auto","background-attachment":"scroll","background-type":"","background-media":"","overlay-type":"","overlay-color":"","overlay-opacity":"","overlay-gradient":""},"mobile":{"background-color":"var(--ast-global-color-5)","background-image":"","background-repeat":"repeat","background-position":"center center","background-size":"auto","background-attachment":"scroll","background-type":"","background-media":"","overlay-type":"","overlay-color":"","overlay-opacity":"","overlay-gradient":""}}},"product_brand":[],"product_cat":[28,53],"product_tag":[],"class_list":{"0":"post-2080","1":"product","2":"type-product","3":"status-publish","4":"has-post-thumbnail","6":"product_cat-concrete-forming","7":"product_cat-steel-stake","8":"desktop-align-left","9":"tablet-align-left","10":"mobile-align-left","11":"ast-product-gallery-layout-horizontal-slider","12":"ast-product-tabs-layout-horizontal","14":"first","15":"instock","16":"shipping-taxable","17":"purchasable","18":"product-type-simple"},"yoast_head":"<!-- This site is optimized with the Yoast SEO plugin v25.2 - https:\/\/yoast.com\/wordpress\/plugins\/seo\/ -->\n<title>Flat Steel Stake for Concrete Forming<\/title>\n<meta name=\"description\" content=\"Flat steel stake is a durable steel stake ideal for concrete applications. The round stake is designed to hold concrete forming boards securely.\" \/>\n<meta name=\"robots\" content=\"index, follow, max-snippet:-1, max-image-preview:large, max-video-preview:-1\" \/>\n<link rel=\"canonical\" href=\"https:\/\/qingdaohf.com\/lv\/products\/plakans-terauda-stabs\/\" \/>\n<meta property=\"og:locale\" content=\"lv_LV\" \/>\n<meta property=\"og:type\" content=\"article\" \/>\n<meta property=\"og:title\" content=\"Flat Steel Stake for Concrete Forming\" \/>\n<meta property=\"og:description\" content=\"Flat steel stake is a durable steel stake ideal for concrete applications. The round stake is designed to hold concrete forming boards securely.\" \/>\n<meta property=\"og:url\" content=\"https:\/\/qingdaohf.com\/lv\/products\/plakans-terauda-stabs\/\" \/>\n<meta property=\"og:site_name\" content=\"Concrete Form &amp; Rigging Hardware Supplier\" \/>\n<meta property=\"article:publisher\" content=\"https:\/\/www.facebook.com\/qingdaohf\" \/>\n<meta property=\"article:modified_time\" content=\"2025-11-13T01:06:36+00:00\" \/>\n<meta property=\"og:image\" content=\"https:\/\/qingdaohf.com\/wp-content\/uploads\/2023\/02\/\u65b0\u56fe.jpg\" \/>\n\t<meta property=\"og:image:width\" content=\"1000\" \/>\n\t<meta property=\"og:image:height\" content=\"1000\" \/>\n\t<meta property=\"og:image:type\" content=\"image\/jpeg\" \/>\n<meta name=\"twitter:card\" content=\"summary_large_image\" \/>\n<meta name=\"twitter:label1\" content=\"Est. reading time\" \/>\n\t<meta name=\"twitter:data1\" content=\"2 min\u016btes\" \/>\n<script type=\"application\/ld+json\" class=\"yoast-schema-graph\">{\"@context\":\"https:\/\/schema.org\",\"@graph\":[{\"@type\":\"WebPage\",\"@id\":\"https:\/\/qingdaohf.com\/product\/flat-steel-stake\/\",\"url\":\"https:\/\/qingdaohf.com\/product\/flat-steel-stake\/\",\"name\":\"Flat Steel Stake for Concrete Forming\",\"isPartOf\":{\"@id\":\"https:\/\/qingdaohf.com\/bg\/#website\"},\"primaryImageOfPage\":{\"@id\":\"https:\/\/qingdaohf.com\/product\/flat-steel-stake\/#primaryimage\"},\"image\":{\"@id\":\"https:\/\/qingdaohf.com\/product\/flat-steel-stake\/#primaryimage\"},\"thumbnailUrl\":\"https:\/\/qingdaohf.com\/wp-content\/uploads\/2023\/02\/\u65b0\u56fe.jpg\",\"datePublished\":\"2023-02-08T09:31:37+00:00\",\"dateModified\":\"2025-11-13T01:06:36+00:00\",\"description\":\"Flat steel stake is a durable steel stake ideal for concrete applications. The round stake is designed to hold concrete forming boards securely.\",\"breadcrumb\":{\"@id\":\"https:\/\/qingdaohf.com\/product\/flat-steel-stake\/#breadcrumb\"},\"inLanguage\":\"lv-LV\",\"potentialAction\":[{\"@type\":\"ReadAction\",\"target\":[\"https:\/\/qingdaohf.com\/product\/flat-steel-stake\/\"]}]},{\"@type\":\"ImageObject\",\"inLanguage\":\"lv-LV\",\"@id\":\"https:\/\/qingdaohf.com\/product\/flat-steel-stake\/#primaryimage\",\"url\":\"https:\/\/qingdaohf.com\/wp-content\/uploads\/2023\/02\/\u65b0\u56fe.jpg\",\"contentUrl\":\"https:\/\/qingdaohf.com\/wp-content\/uploads\/2023\/02\/\u65b0\u56fe.jpg\",\"width\":1000,\"height\":1000,\"caption\":\"flat steel stake\"},{\"@type\":\"BreadcrumbList\",\"@id\":\"https:\/\/qingdaohf.com\/product\/flat-steel-stake\/#breadcrumb\",\"itemListElement\":[{\"@type\":\"ListItem\",\"position\":1,\"name\":\"Home\",\"item\":\"https:\/\/qingdaohf.com\/\"},{\"@type\":\"ListItem\",\"position\":2,\"name\":\"Concrete Forming Accessories and Rigging Hardware\",\"item\":\"https:\/\/qingdaohf.com\/bg\/?page_id=944\"},{\"@type\":\"ListItem\",\"position\":3,\"name\":\"Flat Steel Stake for Concrete Forming\"}]},{\"@type\":\"WebSite\",\"@id\":\"https:\/\/qingdaohf.com\/bg\/#website\",\"url\":\"https:\/\/qingdaohf.com\/bg\/\",\"name\":\"Concrete Form & Rigging Hardware Supplier\",\"description\":\"\",\"publisher\":{\"@id\":\"https:\/\/qingdaohf.com\/bg\/#organization\"},\"potentialAction\":[{\"@type\":\"SearchAction\",\"target\":{\"@type\":\"EntryPoint\",\"urlTemplate\":\"https:\/\/qingdaohf.com\/bg\/?s={search_term_string}\"},\"query-input\":{\"@type\":\"PropertyValueSpecification\",\"valueRequired\":true,\"valueName\":\"search_term_string\"}}],\"inLanguage\":\"lv-LV\"},{\"@type\":\"Organization\",\"@id\":\"https:\/\/qingdaohf.com\/bg\/#organization\",\"name\":\"Qingdao H&F\",\"url\":\"https:\/\/qingdaohf.com\/bg\/\",\"logo\":{\"@type\":\"ImageObject\",\"inLanguage\":\"lv-LV\",\"@id\":\"https:\/\/qingdaohf.com\/bg\/#\/schema\/logo\/image\/\",\"url\":\"https:\/\/qingdaohf.com\/wp-content\/uploads\/2022\/12\/cropped-HF-LOGO.png\",\"contentUrl\":\"https:\/\/qingdaohf.com\/wp-content\/uploads\/2022\/12\/cropped-HF-LOGO.png\",\"width\":391,\"height\":249,\"caption\":\"Qingdao H&F\"},\"image\":{\"@id\":\"https:\/\/qingdaohf.com\/bg\/#\/schema\/logo\/image\/\"},\"sameAs\":[\"https:\/\/www.facebook.com\/qingdaohf\"]}]}<\/script>\n<!-- \/ Yoast SEO plugin. -->","yoast_head_json":{"title":"Flat Steel Stake for Concrete Forming","description":"Flat steel stake is a durable steel stake ideal for concrete applications. The round stake is designed to hold concrete forming boards securely.","robots":{"index":"index","follow":"follow","max-snippet":"max-snippet:-1","max-image-preview":"max-image-preview:large","max-video-preview":"max-video-preview:-1"},"canonical":"https:\/\/qingdaohf.com\/lv\/products\/plakans-terauda-stabs\/","og_locale":"lv_LV","og_type":"article","og_title":"Flat Steel Stake for Concrete Forming","og_description":"Flat steel stake is a durable steel stake ideal for concrete applications. The round stake is designed to hold concrete forming boards securely.","og_url":"https:\/\/qingdaohf.com\/lv\/products\/plakans-terauda-stabs\/","og_site_name":"Concrete Form &amp; Rigging Hardware Supplier","article_publisher":"https:\/\/www.facebook.com\/qingdaohf","article_modified_time":"2025-11-13T01:06:36+00:00","og_image":[{"width":1000,"height":1000,"url":"https:\/\/qingdaohf.com\/wp-content\/uploads\/2023\/02\/\u65b0\u56fe.jpg","type":"image\/jpeg"}],"twitter_card":"summary_large_image","twitter_misc":{"Est. reading time":"2 min\u016btes"},"schema":{"@context":"https:\/\/schema.org","@graph":[{"@type":"WebPage","@id":"https:\/\/qingdaohf.com\/product\/flat-steel-stake\/","url":"https:\/\/qingdaohf.com\/product\/flat-steel-stake\/","name":"Flat Steel Stake for Concrete Forming","isPartOf":{"@id":"https:\/\/qingdaohf.com\/bg\/#website"},"primaryImageOfPage":{"@id":"https:\/\/qingdaohf.com\/product\/flat-steel-stake\/#primaryimage"},"image":{"@id":"https:\/\/qingdaohf.com\/product\/flat-steel-stake\/#primaryimage"},"thumbnailUrl":"https:\/\/qingdaohf.com\/wp-content\/uploads\/2023\/02\/\u65b0\u56fe.jpg","datePublished":"2023-02-08T09:31:37+00:00","dateModified":"2025-11-13T01:06:36+00:00","description":"Flat steel stake is a durable steel stake ideal for concrete applications. The round stake is designed to hold concrete forming boards securely.","breadcrumb":{"@id":"https:\/\/qingdaohf.com\/product\/flat-steel-stake\/#breadcrumb"},"inLanguage":"lv-LV","potentialAction":[{"@type":"ReadAction","target":["https:\/\/qingdaohf.com\/product\/flat-steel-stake\/"]}]},{"@type":"ImageObject","inLanguage":"lv-LV","@id":"https:\/\/qingdaohf.com\/product\/flat-steel-stake\/#primaryimage","url":"https:\/\/qingdaohf.com\/wp-content\/uploads\/2023\/02\/\u65b0\u56fe.jpg","contentUrl":"https:\/\/qingdaohf.com\/wp-content\/uploads\/2023\/02\/\u65b0\u56fe.jpg","width":1000,"height":1000,"caption":"flat steel stake"},{"@type":"BreadcrumbList","@id":"https:\/\/qingdaohf.com\/product\/flat-steel-stake\/#breadcrumb","itemListElement":[{"@type":"ListItem","position":1,"name":"Home","item":"https:\/\/qingdaohf.com\/"},{"@type":"ListItem","position":2,"name":"Concrete Forming Accessories and Rigging Hardware","item":"https:\/\/qingdaohf.com\/bg\/?page_id=944"},{"@type":"ListItem","position":3,"name":"Flat Steel Stake for Concrete Forming"}]},{"@type":"WebSite","@id":"https:\/\/qingdaohf.com\/bg\/#website","url":"https:\/\/qingdaohf.com\/bg\/","name":"Concrete Form & Rigging Hardware Supplier","description":"","publisher":{"@id":"https:\/\/qingdaohf.com\/bg\/#organization"},"potentialAction":[{"@type":"SearchAction","target":{"@type":"EntryPoint","urlTemplate":"https:\/\/qingdaohf.com\/bg\/?s={search_term_string}"},"query-input":{"@type":"PropertyValueSpecification","valueRequired":true,"valueName":"search_term_string"}}],"inLanguage":"lv-LV"},{"@type":"Organization","@id":"https:\/\/qingdaohf.com\/bg\/#organization","name":"Qingdao H&F","url":"https:\/\/qingdaohf.com\/bg\/","logo":{"@type":"ImageObject","inLanguage":"lv-LV","@id":"https:\/\/qingdaohf.com\/bg\/#\/schema\/logo\/image\/","url":"https:\/\/qingdaohf.com\/wp-content\/uploads\/2022\/12\/cropped-HF-LOGO.png","contentUrl":"https:\/\/qingdaohf.com\/wp-content\/uploads\/2022\/12\/cropped-HF-LOGO.png","width":391,"height":249,"caption":"Qingdao H&F"},"image":{"@id":"https:\/\/qingdaohf.com\/bg\/#\/schema\/logo\/image\/"},"sameAs":["https:\/\/www.facebook.com\/qingdaohf"]}]}},"_links":{"self":[{"href":"https:\/\/qingdaohf.com\/lv\/wp-json\/wp\/v2\/product\/2080","targetHints":{"allow":["GET"]}}],"collection":[{"href":"https:\/\/qingdaohf.com\/lv\/wp-json\/wp\/v2\/product"}],"about":[{"href":"https:\/\/qingdaohf.com\/lv\/wp-json\/wp\/v2\/types\/product"}],"replies":[{"embeddable":true,"href":"https:\/\/qingdaohf.com\/lv\/wp-json\/wp\/v2\/comments?post=2080"}],"version-history":[{"count":8,"href":"https:\/\/qingdaohf.com\/lv\/wp-json\/wp\/v2\/product\/2080\/revisions"}],"predecessor-version":[{"id":9254,"href":"https:\/\/qingdaohf.com\/lv\/wp-json\/wp\/v2\/product\/2080\/revisions\/9254"}],"wp:featuredmedia":[{"embeddable":true,"href":"https:\/\/qingdaohf.com\/lv\/wp-json\/wp\/v2\/media\/2778"}],"wp:attachment":[{"href":"https:\/\/qingdaohf.com\/lv\/wp-json\/wp\/v2\/media?parent=2080"}],"wp:term":[{"taxonomy":"product_brand","embeddable":true,"href":"https:\/\/qingdaohf.com\/lv\/wp-json\/wp\/v2\/product_brand?post=2080"},{"taxonomy":"product_cat","embeddable":true,"href":"https:\/\/qingdaohf.com\/lv\/wp-json\/wp\/v2\/product_cat?post=2080"},{"taxonomy":"product_tag","embeddable":true,"href":"https:\/\/qingdaohf.com\/lv\/wp-json\/wp\/v2\/product_tag?post=2080"}],"curies":[{"name":"wp","href":"https:\/\/api.w.org\/{rel}","templated":true}]}}