{"id":2094,"date":"2023-02-09T17:22:35","date_gmt":"2023-02-09T09:22:35","guid":{"rendered":"http:\/\/qingdaohf.com\/?post_type=product&#038;p=2094"},"modified":"2025-11-13T09:06:36","modified_gmt":"2025-11-13T01:06:36","slug":"scaffolding-coupler","status":"publish","type":"product","link":"https:\/\/qingdaohf.com\/lv\/products\/sastatnu-savienotajs\/","title":{"rendered":"Sastat\u0146u savienot\u0101js Sastat\u0146u skava"},"content":{"rendered":"<p><strong>Constrcution\u00a0<\/strong><strong>Sastat\u0146u savienot\u0101ja specifik\u0101cijas<\/strong><\/p>\n<p><img fetchpriority=\"high\" decoding=\"async\" class=\"alignnone wp-image-2095 size-full\" src=\"http:\/\/qingdaohf.com\/wp-content\/uploads\/2023\/02\/Scaffolding-Coupler-1.png\" alt=\"Sastatnes-savienot\u0101js\" width=\"705\" height=\"1910\" srcset=\"https:\/\/qingdaohf.com\/wp-content\/uploads\/2023\/02\/Scaffolding-Coupler-1.png 705w, https:\/\/qingdaohf.com\/wp-content\/uploads\/2023\/02\/Scaffolding-Coupler-1-111x300.png 111w, https:\/\/qingdaohf.com\/wp-content\/uploads\/2023\/02\/Scaffolding-Coupler-1-378x1024.png 378w, https:\/\/qingdaohf.com\/wp-content\/uploads\/2023\/02\/Scaffolding-Coupler-1-567x1536.png 567w, https:\/\/qingdaohf.com\/wp-content\/uploads\/2023\/02\/Scaffolding-Coupler-1-600x1626.png 600w\" sizes=\"(max-width: 705px) 100vw, 705px\" \/><\/p>\n<p>Sastat\u0146u savienot\u0101js ir ier\u012bce, ko izmanto divu sastat\u0146u cauru\u013cu savieno\u0161anai, lai izveidotu stabilu un dro\u0161u platformu, uz kuras str\u0101dnieki var st\u0101v\u0113t b\u016bvniec\u012bbas vai apkopes darbu laik\u0101. Saist\u012bb\u0101 ar betona veido\u0161anas darbiem sastat\u0146u savienot\u0101jus bie\u017ei izmanto, lai savienotu vertik\u0101l\u0101s un horizont\u0101l\u0101s sastat\u0146u caurules, kas atbalsta betona veid\u0146us.<\/p>\n<p>Betona veid\u0146i ir pagaidu konstrukcijas, ko izmanto, lai atbalst\u012btu svaigi ielietu betonu, l\u012bdz tas saciet\u0113 un sp\u0113j iztur\u0113t savu svaru. Betona veid\u0146u konstrukcij\u0101s izmantotaj\u0101m sastat\u0146u caurul\u0113m un savienojumiem ir iz\u0161\u0137iro\u0161a noz\u012bme, lai nodro\u0161in\u0101tu veid\u0146u konstrukcijas stabilit\u0101ti un dro\u0161\u012bbu, jo t\u0101m j\u0101sp\u0113j iztur\u0113t mitr\u0101 betona svaru, k\u0101 ar\u012b str\u0101dniekus un iek\u0101rtas, kas str\u0101d\u0101s uz konstrukcijas.<\/p>\n<p>Sastat\u0146u savienot\u0101ji, ko izmanto betona veid\u0146iem, parasti ir izgatavoti no augstas stipr\u012bbas t\u0113rauda un ir paredz\u0113ti, lai iztur\u0113tu lielas slodzes un skarbus vides apst\u0101k\u013cus. T\u0101m var b\u016bt blo\u0137\u0113\u0161anas meh\u0101nismi vai citi dro\u0161\u012bbas elementi, lai nov\u0113rstu nejau\u0161u atvieno\u0161anos vai sastat\u0146u konstrukcijas sabruk\u0161anu.<\/p>","protected":false},"excerpt":{"rendered":"<p>Sastat\u0146u savienot\u0101ji ir sastat\u0146u savienot\u0101ji un savienot\u0101jelementi, ko izmanto sastat\u0146u cauru\u013cu un cauru\u013cvadu nostiprin\u0101\u0161anai. Sastat\u0146u savienot\u0101jus sauc ar\u012b par sastat\u0146u skav\u0101m, sastat\u0146u savienot\u0101jelementiem, sastat\u0146u cauru\u013cu savienot\u0101jelementiem, sastat\u0146u cauru\u013cu skav\u0101m, sastat\u0146u savienot\u0101jiem, sastat\u0146u savienojumiem, sastat\u0146u loc\u012btav\u0101m utt.<\/p>","protected":false},"featured_media":2930,"comment_status":"open","ping_status":"closed","template":"","meta":{"site-sidebar-layout":"default","site-content-layout":"default","ast-site-content-layout":"","site-content-style":"default","site-sidebar-style":"default","ast-global-header-display":"","ast-banner-title-visibility":"","ast-main-header-display":"","ast-hfb-above-header-display":"","ast-hfb-below-header-display":"","ast-hfb-mobile-header-display":"","site-post-title":"","ast-breadcrumbs-content":"","ast-featured-img":"","footer-sml-layout":"","theme-transparent-header-meta":"default","adv-header-id-meta":"","stick-header-meta":"default","header-above-stick-meta":"","header-main-stick-meta":"","header-below-stick-meta":"","astra-migrate-meta-layouts":"default","ast-page-background-enabled":"default","ast-page-background-meta":{"desktop":{"background-color":"","background-image":"","background-repeat":"repeat","background-position":"center center","background-size":"auto","background-attachment":"scroll","background-type":"","background-media":"","overlay-type":"","overlay-color":"","overlay-opacity":"","overlay-gradient":""},"tablet":{"background-color":"","background-image":"","background-repeat":"repeat","background-position":"center center","background-size":"auto","background-attachment":"scroll","background-type":"","background-media":"","overlay-type":"","overlay-color":"","overlay-opacity":"","overlay-gradient":""},"mobile":{"background-color":"","background-image":"","background-repeat":"repeat","background-position":"center center","background-size":"auto","background-attachment":"scroll","background-type":"","background-media":"","overlay-type":"","overlay-color":"","overlay-opacity":"","overlay-gradient":""}},"ast-content-background-meta":{"desktop":{"background-color":"var(--ast-global-color-5)","background-image":"","background-repeat":"repeat","background-position":"center center","background-size":"auto","background-attachment":"scroll","background-type":"","background-media":"","overlay-type":"","overlay-color":"","overlay-opacity":"","overlay-gradient":""},"tablet":{"background-color":"var(--ast-global-color-5)","background-image":"","background-repeat":"repeat","background-position":"center center","background-size":"auto","background-attachment":"scroll","background-type":"","background-media":"","overlay-type":"","overlay-color":"","overlay-opacity":"","overlay-gradient":""},"mobile":{"background-color":"var(--ast-global-color-5)","background-image":"","background-repeat":"repeat","background-position":"center center","background-size":"auto","background-attachment":"scroll","background-type":"","background-media":"","overlay-type":"","overlay-color":"","overlay-opacity":"","overlay-gradient":""}}},"product_brand":[],"product_cat":[28],"product_tag":[],"class_list":{"0":"post-2094","1":"product","2":"type-product","3":"status-publish","4":"has-post-thumbnail","6":"product_cat-concrete-forming","7":"desktop-align-left","8":"tablet-align-left","9":"mobile-align-left","10":"ast-product-gallery-layout-horizontal-slider","11":"ast-product-tabs-layout-horizontal","13":"first","14":"instock","15":"shipping-taxable","16":"purchasable","17":"product-type-simple"},"yoast_head":"<!-- This site is optimized with the Yoast SEO plugin v25.2 - https:\/\/yoast.com\/wordpress\/plugins\/seo\/ -->\n<title>Scaffolding Coupler Scaffolding Clamp<\/title>\n<meta name=\"description\" content=\"Scaffolding couplers are scaffold connectors and fittings used to fix\u00a0scaffold tubes and pipes\u00a0in position.\" \/>\n<meta name=\"robots\" content=\"index, follow, max-snippet:-1, max-image-preview:large, max-video-preview:-1\" \/>\n<link rel=\"canonical\" href=\"https:\/\/qingdaohf.com\/lv\/products\/sastatnu-savienotajs\/\" \/>\n<meta property=\"og:locale\" content=\"lv_LV\" \/>\n<meta property=\"og:type\" content=\"article\" \/>\n<meta property=\"og:title\" content=\"Scaffolding Coupler Scaffolding Clamp\" \/>\n<meta property=\"og:description\" content=\"Scaffolding couplers are scaffold connectors and fittings used to fix\u00a0scaffold tubes and pipes\u00a0in position.\" \/>\n<meta property=\"og:url\" content=\"https:\/\/qingdaohf.com\/lv\/products\/sastatnu-savienotajs\/\" \/>\n<meta property=\"og:site_name\" content=\"Concrete Form &amp; Rigging Hardware Supplier\" \/>\n<meta property=\"article:publisher\" content=\"https:\/\/www.facebook.com\/qingdaohf\" \/>\n<meta property=\"article:modified_time\" content=\"2025-11-13T01:06:36+00:00\" \/>\n<meta property=\"og:image\" content=\"https:\/\/qingdaohf.com\/wp-content\/uploads\/2023\/02\/Scaffolding-Coupler-2.jpg\" \/>\n\t<meta property=\"og:image:width\" content=\"1000\" \/>\n\t<meta property=\"og:image:height\" content=\"1000\" \/>\n\t<meta property=\"og:image:type\" content=\"image\/jpeg\" \/>\n<meta name=\"twitter:card\" content=\"summary_large_image\" \/>\n<meta name=\"twitter:label1\" content=\"Est. reading time\" \/>\n\t<meta name=\"twitter:data1\" content=\"1 min\u016bte\" \/>\n<script type=\"application\/ld+json\" class=\"yoast-schema-graph\">{\"@context\":\"https:\/\/schema.org\",\"@graph\":[{\"@type\":\"WebPage\",\"@id\":\"https:\/\/qingdaohf.com\/product\/scaffolding-coupler\/\",\"url\":\"https:\/\/qingdaohf.com\/product\/scaffolding-coupler\/\",\"name\":\"Scaffolding Coupler Scaffolding Clamp\",\"isPartOf\":{\"@id\":\"https:\/\/qingdaohf.com\/bg\/#website\"},\"primaryImageOfPage\":{\"@id\":\"https:\/\/qingdaohf.com\/product\/scaffolding-coupler\/#primaryimage\"},\"image\":{\"@id\":\"https:\/\/qingdaohf.com\/product\/scaffolding-coupler\/#primaryimage\"},\"thumbnailUrl\":\"https:\/\/qingdaohf.com\/wp-content\/uploads\/2023\/02\/Scaffolding-Coupler-2.jpg\",\"datePublished\":\"2023-02-09T09:22:35+00:00\",\"dateModified\":\"2025-11-13T01:06:36+00:00\",\"description\":\"Scaffolding couplers are scaffold connectors and fittings used to fix\u00a0scaffold tubes and pipes\u00a0in position.\",\"breadcrumb\":{\"@id\":\"https:\/\/qingdaohf.com\/product\/scaffolding-coupler\/#breadcrumb\"},\"inLanguage\":\"lv-LV\",\"potentialAction\":[{\"@type\":\"ReadAction\",\"target\":[\"https:\/\/qingdaohf.com\/product\/scaffolding-coupler\/\"]}]},{\"@type\":\"ImageObject\",\"inLanguage\":\"lv-LV\",\"@id\":\"https:\/\/qingdaohf.com\/product\/scaffolding-coupler\/#primaryimage\",\"url\":\"https:\/\/qingdaohf.com\/wp-content\/uploads\/2023\/02\/Scaffolding-Coupler-2.jpg\",\"contentUrl\":\"https:\/\/qingdaohf.com\/wp-content\/uploads\/2023\/02\/Scaffolding-Coupler-2.jpg\",\"width\":1000,\"height\":1000,\"caption\":\"Scaffolding Coupler\"},{\"@type\":\"BreadcrumbList\",\"@id\":\"https:\/\/qingdaohf.com\/product\/scaffolding-coupler\/#breadcrumb\",\"itemListElement\":[{\"@type\":\"ListItem\",\"position\":1,\"name\":\"Home\",\"item\":\"https:\/\/qingdaohf.com\/\"},{\"@type\":\"ListItem\",\"position\":2,\"name\":\"Concrete Forming Accessories and Rigging Hardware\",\"item\":\"https:\/\/qingdaohf.com\/bg\/?page_id=944\"},{\"@type\":\"ListItem\",\"position\":3,\"name\":\"Scaffolding Coupler Scaffolding Clamp\"}]},{\"@type\":\"WebSite\",\"@id\":\"https:\/\/qingdaohf.com\/bg\/#website\",\"url\":\"https:\/\/qingdaohf.com\/bg\/\",\"name\":\"Concrete Form & Rigging Hardware Supplier\",\"description\":\"\",\"publisher\":{\"@id\":\"https:\/\/qingdaohf.com\/bg\/#organization\"},\"potentialAction\":[{\"@type\":\"SearchAction\",\"target\":{\"@type\":\"EntryPoint\",\"urlTemplate\":\"https:\/\/qingdaohf.com\/bg\/?s={search_term_string}\"},\"query-input\":{\"@type\":\"PropertyValueSpecification\",\"valueRequired\":true,\"valueName\":\"search_term_string\"}}],\"inLanguage\":\"lv-LV\"},{\"@type\":\"Organization\",\"@id\":\"https:\/\/qingdaohf.com\/bg\/#organization\",\"name\":\"Qingdao H&F\",\"url\":\"https:\/\/qingdaohf.com\/bg\/\",\"logo\":{\"@type\":\"ImageObject\",\"inLanguage\":\"lv-LV\",\"@id\":\"https:\/\/qingdaohf.com\/bg\/#\/schema\/logo\/image\/\",\"url\":\"https:\/\/qingdaohf.com\/wp-content\/uploads\/2022\/12\/cropped-HF-LOGO.png\",\"contentUrl\":\"https:\/\/qingdaohf.com\/wp-content\/uploads\/2022\/12\/cropped-HF-LOGO.png\",\"width\":391,\"height\":249,\"caption\":\"Qingdao H&F\"},\"image\":{\"@id\":\"https:\/\/qingdaohf.com\/bg\/#\/schema\/logo\/image\/\"},\"sameAs\":[\"https:\/\/www.facebook.com\/qingdaohf\"]}]}<\/script>\n<!-- \/ Yoast SEO plugin. -->","yoast_head_json":{"title":"Scaffolding Coupler Scaffolding Clamp","description":"Scaffolding couplers are scaffold connectors and fittings used to fix\u00a0scaffold tubes and pipes\u00a0in position.","robots":{"index":"index","follow":"follow","max-snippet":"max-snippet:-1","max-image-preview":"max-image-preview:large","max-video-preview":"max-video-preview:-1"},"canonical":"https:\/\/qingdaohf.com\/lv\/products\/sastatnu-savienotajs\/","og_locale":"lv_LV","og_type":"article","og_title":"Scaffolding Coupler Scaffolding Clamp","og_description":"Scaffolding couplers are scaffold connectors and fittings used to fix\u00a0scaffold tubes and pipes\u00a0in position.","og_url":"https:\/\/qingdaohf.com\/lv\/products\/sastatnu-savienotajs\/","og_site_name":"Concrete Form &amp; Rigging Hardware Supplier","article_publisher":"https:\/\/www.facebook.com\/qingdaohf","article_modified_time":"2025-11-13T01:06:36+00:00","og_image":[{"width":1000,"height":1000,"url":"https:\/\/qingdaohf.com\/wp-content\/uploads\/2023\/02\/Scaffolding-Coupler-2.jpg","type":"image\/jpeg"}],"twitter_card":"summary_large_image","twitter_misc":{"Est. reading time":"1 min\u016bte"},"schema":{"@context":"https:\/\/schema.org","@graph":[{"@type":"WebPage","@id":"https:\/\/qingdaohf.com\/product\/scaffolding-coupler\/","url":"https:\/\/qingdaohf.com\/product\/scaffolding-coupler\/","name":"Scaffolding Coupler Scaffolding Clamp","isPartOf":{"@id":"https:\/\/qingdaohf.com\/bg\/#website"},"primaryImageOfPage":{"@id":"https:\/\/qingdaohf.com\/product\/scaffolding-coupler\/#primaryimage"},"image":{"@id":"https:\/\/qingdaohf.com\/product\/scaffolding-coupler\/#primaryimage"},"thumbnailUrl":"https:\/\/qingdaohf.com\/wp-content\/uploads\/2023\/02\/Scaffolding-Coupler-2.jpg","datePublished":"2023-02-09T09:22:35+00:00","dateModified":"2025-11-13T01:06:36+00:00","description":"Scaffolding couplers are scaffold connectors and fittings used to fix\u00a0scaffold tubes and pipes\u00a0in position.","breadcrumb":{"@id":"https:\/\/qingdaohf.com\/product\/scaffolding-coupler\/#breadcrumb"},"inLanguage":"lv-LV","potentialAction":[{"@type":"ReadAction","target":["https:\/\/qingdaohf.com\/product\/scaffolding-coupler\/"]}]},{"@type":"ImageObject","inLanguage":"lv-LV","@id":"https:\/\/qingdaohf.com\/product\/scaffolding-coupler\/#primaryimage","url":"https:\/\/qingdaohf.com\/wp-content\/uploads\/2023\/02\/Scaffolding-Coupler-2.jpg","contentUrl":"https:\/\/qingdaohf.com\/wp-content\/uploads\/2023\/02\/Scaffolding-Coupler-2.jpg","width":1000,"height":1000,"caption":"Scaffolding Coupler"},{"@type":"BreadcrumbList","@id":"https:\/\/qingdaohf.com\/product\/scaffolding-coupler\/#breadcrumb","itemListElement":[{"@type":"ListItem","position":1,"name":"Home","item":"https:\/\/qingdaohf.com\/"},{"@type":"ListItem","position":2,"name":"Concrete Forming Accessories and Rigging Hardware","item":"https:\/\/qingdaohf.com\/bg\/?page_id=944"},{"@type":"ListItem","position":3,"name":"Scaffolding Coupler Scaffolding Clamp"}]},{"@type":"WebSite","@id":"https:\/\/qingdaohf.com\/bg\/#website","url":"https:\/\/qingdaohf.com\/bg\/","name":"Concrete Form & Rigging Hardware Supplier","description":"","publisher":{"@id":"https:\/\/qingdaohf.com\/bg\/#organization"},"potentialAction":[{"@type":"SearchAction","target":{"@type":"EntryPoint","urlTemplate":"https:\/\/qingdaohf.com\/bg\/?s={search_term_string}"},"query-input":{"@type":"PropertyValueSpecification","valueRequired":true,"valueName":"search_term_string"}}],"inLanguage":"lv-LV"},{"@type":"Organization","@id":"https:\/\/qingdaohf.com\/bg\/#organization","name":"Qingdao H&F","url":"https:\/\/qingdaohf.com\/bg\/","logo":{"@type":"ImageObject","inLanguage":"lv-LV","@id":"https:\/\/qingdaohf.com\/bg\/#\/schema\/logo\/image\/","url":"https:\/\/qingdaohf.com\/wp-content\/uploads\/2022\/12\/cropped-HF-LOGO.png","contentUrl":"https:\/\/qingdaohf.com\/wp-content\/uploads\/2022\/12\/cropped-HF-LOGO.png","width":391,"height":249,"caption":"Qingdao H&F"},"image":{"@id":"https:\/\/qingdaohf.com\/bg\/#\/schema\/logo\/image\/"},"sameAs":["https:\/\/www.facebook.com\/qingdaohf"]}]}},"_links":{"self":[{"href":"https:\/\/qingdaohf.com\/lv\/wp-json\/wp\/v2\/product\/2094","targetHints":{"allow":["GET"]}}],"collection":[{"href":"https:\/\/qingdaohf.com\/lv\/wp-json\/wp\/v2\/product"}],"about":[{"href":"https:\/\/qingdaohf.com\/lv\/wp-json\/wp\/v2\/types\/product"}],"replies":[{"embeddable":true,"href":"https:\/\/qingdaohf.com\/lv\/wp-json\/wp\/v2\/comments?post=2094"}],"version-history":[{"count":2,"href":"https:\/\/qingdaohf.com\/lv\/wp-json\/wp\/v2\/product\/2094\/revisions"}],"predecessor-version":[{"id":10460,"href":"https:\/\/qingdaohf.com\/lv\/wp-json\/wp\/v2\/product\/2094\/revisions\/10460"}],"wp:featuredmedia":[{"embeddable":true,"href":"https:\/\/qingdaohf.com\/lv\/wp-json\/wp\/v2\/media\/2930"}],"wp:attachment":[{"href":"https:\/\/qingdaohf.com\/lv\/wp-json\/wp\/v2\/media?parent=2094"}],"wp:term":[{"taxonomy":"product_brand","embeddable":true,"href":"https:\/\/qingdaohf.com\/lv\/wp-json\/wp\/v2\/product_brand?post=2094"},{"taxonomy":"product_cat","embeddable":true,"href":"https:\/\/qingdaohf.com\/lv\/wp-json\/wp\/v2\/product_cat?post=2094"},{"taxonomy":"product_tag","embeddable":true,"href":"https:\/\/qingdaohf.com\/lv\/wp-json\/wp\/v2\/product_tag?post=2094"}],"curies":[{"name":"wp","href":"https:\/\/api.w.org\/{rel}","templated":true}]}}