{"id":2127,"date":"2023-02-10T11:45:19","date_gmt":"2023-02-10T03:45:19","guid":{"rendered":"http:\/\/qingdaohf.com\/?post_type=product&#038;p=2127"},"modified":"2025-11-13T09:06:36","modified_gmt":"2025-11-13T01:06:36","slug":"brick-tie","status":"publish","type":"product","link":"https:\/\/qingdaohf.com\/lv\/products\/kiegelu-kaklasaite\/","title":{"rendered":"Ner\u016bs\u0113jo\u0161\u0101 t\u0113rauda \u0137ie\u0123e\u013cu sienu saites b\u016bvniec\u012bbas veido\u0161anai"},"content":{"rendered":"<p>&nbsp;<\/p>\n<p><img fetchpriority=\"high\" decoding=\"async\" class=\"alignnone size-full wp-image-2732\" src=\"http:\/\/qingdaohf.com\/wp-content\/uploads\/2023\/02\/brick-tie-1.jpg\" alt=\"\u0137ie\u0123e\u013cu kaklasaite\" width=\"1200\" height=\"648\" srcset=\"https:\/\/qingdaohf.com\/wp-content\/uploads\/2023\/02\/brick-tie-1.jpg 1200w, https:\/\/qingdaohf.com\/wp-content\/uploads\/2023\/02\/brick-tie-1-1000x540.jpg 1000w, https:\/\/qingdaohf.com\/wp-content\/uploads\/2023\/02\/brick-tie-1-300x162.jpg 300w, https:\/\/qingdaohf.com\/wp-content\/uploads\/2023\/02\/brick-tie-1-1024x553.jpg 1024w, https:\/\/qingdaohf.com\/wp-content\/uploads\/2023\/02\/brick-tie-1-768x415.jpg 768w\" sizes=\"(max-width: 1200px) 100vw, 1200px\" \/><\/p>\n<p>Laipni l\u016bdzam Qingdao H&amp;F, labi paz\u012bstam\u0101 B2B tirdzniec\u012bbas uz\u0146\u0113mum\u0101 ar vair\u0101k nek\u0101 20 gadu pieredzi, kas ar lepnumu kalpo k\u0101 vado\u0161ais betona veido\u0161anas piederumu un takel\u0101\u017eas aparat\u016bras ra\u017eot\u0101js, pieg\u0101d\u0101t\u0101js un izplat\u012bt\u0101js. M\u016bsu r\u016bpn\u012bca \u0136\u012bn\u0101 nodro\u0161ina augst\u0101k\u0101s kvalit\u0101tes ner\u016bs\u0113jo\u0161\u0101 t\u0113rauda \u0137ie\u0123e\u013cu saites, tostarp \u0137ie\u0123e\u013cu siksnas un m\u016bra \u0137ie\u0123e\u013cu saites, kas ir viegli pieejamas vairum\u0101 par konkur\u0113tsp\u0113j\u012bg\u0101m vairumtirdzniec\u012bbas cen\u0101m. M\u0113s stingri r\u016bp\u0113jamies par kvalit\u0101ti un klientu apmierin\u0101t\u012bbu, pied\u0101v\u0101jam piel\u0101go\u0161anas iesp\u0113jas, bezmaksas paraugus un lielisku individu\u0101lu apkalpo\u0161anu, lai apmierin\u0101tu j\u016bsu unik\u0101l\u0101s b\u016bvniec\u012bbas vajadz\u012bbas.<\/p>\n<div class=\"ast-oembed-container\" style=\"height: 100%;\"><iframe title=\"\u0136ie\u0123e\u013cu sienu saites konstrukciju veido\u0161anai\" width=\"500\" height=\"281\" src=\"https:\/\/www.youtube.com\/embed\/73JqOQyHVuM?feature=oembed\" frameborder=\"0\" allow=\"accelerometer; autoplay; clipboard-write; encrypted-media; gyroscope; picture-in-picture; web-share\" referrerpolicy=\"strict-origin-when-cross-origin\" allowfullscreen><\/iframe><\/div>\n<h2>K\u0101p\u0113c izv\u0113l\u0113ties m\u016bs?<\/h2>\n<h3>Uzticams ra\u017eot\u0101js ar kooperat\u012bvu r\u016bpn\u012bcu:<\/h3>\n<p>Qingdao H&amp;F, m\u016bsu sp\u0113c\u012bg\u0101 reput\u0101cija k\u0101 uzticamam ra\u017eot\u0101jam izriet no m\u016bsu divu gadu desmitu pieredzes un m\u016bsu sadarb\u012bbas r\u016bpn\u012bcas atbalsta. M\u0113s nodro\u0161in\u0101m, ka katra \u0137ie\u0123e\u013cu kaklasaite tiek ra\u017eota prec\u012bzi un atbilst visaugst\u0101kajiem nozares standartiem.<\/p>\n<h3>Pla\u0161s produktu kl\u0101sts:<\/h3>\n<p>K\u0101 vado\u0161ais pieg\u0101d\u0101t\u0101js un p\u0101rdev\u0113js \u0161aj\u0101 nozar\u0113 m\u0113s pied\u0101v\u0101jam pla\u0161u betona veid\u0146u piederumu un takel\u0101\u017eas apr\u012bkojuma kl\u0101stu, \u012bpa\u0161u uzman\u012bbu piev\u0113r\u0161ot ner\u016bs\u0113jo\u0161\u0101 t\u0113rauda \u0137ie\u0123e\u013cu sait\u0113m. No \u0137ie\u0123e\u013cu siksn\u0101m l\u012bdz m\u016bra \u0137ie\u0123e\u013cu sait\u0113m - m\u016bsu produkti atbilst da\u017e\u0101d\u0101m b\u016bvniec\u012bbas pras\u012bb\u0101m.<\/p>\n<h3>Vairumtirgot\u0101ju un izplat\u012bt\u0101ju pakalpojumi:<\/h3>\n<p>M\u0113s lepojamies ar to, ka esam uzticams vairumtirgot\u0101js un izplat\u012bt\u0101js, kas uz\u0146\u0113mumiem un b\u016bvuz\u0146\u0113m\u0113jiem pied\u0101v\u0101 \u0137ie\u0123e\u013cu sait\u0113m betona sien\u0101m lielos daudzumos. M\u016bsu nep\u0101rtrauktais izplat\u012b\u0161anas t\u012bkls nodro\u0161ina \u0101tru pieg\u0101di uz j\u016bsu projekta vietu.<\/p>\n<h3>Kvalit\u0101tes nodro\u0161in\u0101\u0161ana un liela apjoma pieejam\u012bba:<\/h3>\n<p>Katr\u0101 sol\u012b m\u0113s pie\u0161\u0137iram priorit\u0101ti kvalit\u0101tei, veicot r\u016bp\u012bgas kvalit\u0101tes p\u0101rbaudes, lai nodro\u0161in\u0101tu jums lab\u0101kos produktus. M\u016bsu \u0137ie\u0123e\u013cu saites ir viegli pieejamas lielos daudzumos, nodro\u0161inot nep\u0101rtrauktu pieg\u0101di liela m\u0113roga projektiem.<\/p>\n<h3>Piel\u0101go\u0161anas iesp\u0113jas un bezmaksas paraugi:<\/h3>\n<p>Atz\u012bstot m\u016bsu klientu daudzveid\u012bg\u0101s vajadz\u012bbas, m\u0113s pied\u0101v\u0101jam piel\u0101go\u0161anas iesp\u0113jas, lai piel\u0101gotu \u0137ie\u0123e\u013cu saites j\u016bsu \u012bpa\u0161aj\u0101m projekta pras\u012bb\u0101m. Pirms pirkuma pieprasiet bezmaksas paraugus, lai nov\u0113rt\u0113tu m\u016bsu izstr\u0101d\u0101jumu kvalit\u0101ti un piem\u0113rot\u012bbu.<\/p>\n<h3>Efekt\u012bva iepirk\u0161ana un individu\u0101ls serviss:<\/h3>\n<p>Pateicoties m\u016bsu sp\u0113c\u012bgaj\u0101m iepirkumu iesp\u0113j\u0101m, m\u0113s iep\u0113rkam augst\u0101k\u0101s kvalit\u0101tes materi\u0101lus, lai izveidotu iztur\u012bgas ner\u016bs\u0113jo\u0161\u0101 t\u0113rauda \u0137ie\u0123e\u013cu saites. M\u016bsu specializ\u0113t\u0101 komanda nodro\u0161ina individu\u0101lu individu\u0101lu apkalpo\u0161anu, vadot j\u016bs izv\u0113les un piel\u0101go\u0161anas proces\u0101.<\/p>\n<h2>Secin\u0101jums par \u0137ie\u0123e\u013cu sait\u0113m<\/h2>\n<p>Kad runa ir par augstas kvalit\u0101tes ner\u016bs\u0113jo\u0161\u0101 t\u0113rauda \u0137ie\u0123e\u013cu sait\u0113m betona sien\u0101m, Qingdao H&amp;F ir uzticams uz\u0146\u0113mums ar pla\u0161u pieredzi \u0161aj\u0101 nozar\u0113. K\u0101 ra\u017eot\u0101js, r\u016bpn\u012bca, pieg\u0101d\u0101t\u0101js, vairumtirgot\u0101js, tirgot\u0101js un izplat\u012bt\u0101js m\u0113s lepojamies ar to, ka varam pied\u0101v\u0101t piel\u0101gotus produktus par konkur\u0113tsp\u0113j\u012bg\u0101m vairumtirdzniec\u012bbas cen\u0101m. Piev\u0113r\u0161ot lielu uzman\u012bbu klientu apmierin\u0101t\u012bbai, m\u0113s aicin\u0101m j\u016bs izbaud\u012bt m\u016bsu uztic\u012bbu izcil\u012bbai, izmantojot bezmaksas paraugus un efekt\u012bvu individu\u0101lu apkalpo\u0161anu. \u013baujiet mums b\u016bt j\u016bsu partneris, lai ieg\u016btu augst\u0101k\u0101s kvalit\u0101tes \u0137ie\u0123e\u013cu saites j\u016bsu b\u016bvniec\u012bbas projektiem. Sazinieties ar mums jau \u0161odien, lai izp\u0113t\u012btu m\u016bsu pla\u0161o kl\u0101stu un atrastu ide\u0101lus risin\u0101jumus sav\u0101m vajadz\u012bb\u0101m.<\/p>\n<p>&nbsp;<\/p>","protected":false},"excerpt":{"rendered":"<p>\u0136ie\u0123e\u013cu saites ir nelieli arhitekt\u016bras elementi, ko izmanto, lai savienotu divas \u0137ie\u0123e\u013cu sienas \u0161aur\u0101 spraug\u0101 vai lai savienotu \u0137ie\u0123e\u013cu sienu ar koka vai t\u0113rauda karkasu.<\/p>","protected":false},"featured_media":2483,"comment_status":"open","ping_status":"closed","template":"","meta":{"site-sidebar-layout":"default","site-content-layout":"default","ast-site-content-layout":"","site-content-style":"default","site-sidebar-style":"default","ast-global-header-display":"","ast-banner-title-visibility":"","ast-main-header-display":"","ast-hfb-above-header-display":"","ast-hfb-below-header-display":"","ast-hfb-mobile-header-display":"","site-post-title":"","ast-breadcrumbs-content":"","ast-featured-img":"","footer-sml-layout":"","theme-transparent-header-meta":"default","adv-header-id-meta":"","stick-header-meta":"default","header-above-stick-meta":"","header-main-stick-meta":"","header-below-stick-meta":"","astra-migrate-meta-layouts":"default","ast-page-background-enabled":"default","ast-page-background-meta":{"desktop":{"background-color":"","background-image":"","background-repeat":"repeat","background-position":"center center","background-size":"auto","background-attachment":"scroll","background-type":"","background-media":"","overlay-type":"","overlay-color":"","overlay-opacity":"","overlay-gradient":""},"tablet":{"background-color":"","background-image":"","background-repeat":"repeat","background-position":"center center","background-size":"auto","background-attachment":"scroll","background-type":"","background-media":"","overlay-type":"","overlay-color":"","overlay-opacity":"","overlay-gradient":""},"mobile":{"background-color":"","background-image":"","background-repeat":"repeat","background-position":"center center","background-size":"auto","background-attachment":"scroll","background-type":"","background-media":"","overlay-type":"","overlay-color":"","overlay-opacity":"","overlay-gradient":""}},"ast-content-background-meta":{"desktop":{"background-color":"var(--ast-global-color-5)","background-image":"","background-repeat":"repeat","background-position":"center center","background-size":"auto","background-attachment":"scroll","background-type":"","background-media":"","overlay-type":"","overlay-color":"","overlay-opacity":"","overlay-gradient":""},"tablet":{"background-color":"var(--ast-global-color-5)","background-image":"","background-repeat":"repeat","background-position":"center center","background-size":"auto","background-attachment":"scroll","background-type":"","background-media":"","overlay-type":"","overlay-color":"","overlay-opacity":"","overlay-gradient":""},"mobile":{"background-color":"var(--ast-global-color-5)","background-image":"","background-repeat":"repeat","background-position":"center center","background-size":"auto","background-attachment":"scroll","background-type":"","background-media":"","overlay-type":"","overlay-color":"","overlay-opacity":"","overlay-gradient":""}}},"product_brand":[],"product_cat":[20,29],"product_tag":[],"class_list":{"0":"post-2127","1":"product","2":"type-product","3":"status-publish","4":"has-post-thumbnail","6":"product_cat-concrete-wall-tie","7":"product_cat-formwork-system","8":"desktop-align-left","9":"tablet-align-left","10":"mobile-align-left","11":"ast-product-gallery-layout-horizontal-slider","12":"ast-product-tabs-layout-horizontal","14":"first","15":"instock","16":"shipping-taxable","17":"purchasable","18":"product-type-simple"},"yoast_head":"<!-- This site is optimized with the Yoast SEO plugin v25.2 - https:\/\/yoast.com\/wordpress\/plugins\/seo\/ -->\n<title>Stainless Steel Brick Wall Ties for Construction Forming<\/title>\n<meta name=\"description\" content=\"Brick ties are small architectural elements that are used to connect two brick walls across a narrow cavity or to bind a brick wall to a wood or steel frame.\" \/>\n<meta name=\"robots\" content=\"index, follow, max-snippet:-1, max-image-preview:large, max-video-preview:-1\" \/>\n<link rel=\"canonical\" href=\"https:\/\/qingdaohf.com\/lv\/products\/kiegelu-kaklasaite\/\" \/>\n<meta property=\"og:locale\" content=\"lv_LV\" \/>\n<meta property=\"og:type\" content=\"article\" \/>\n<meta property=\"og:title\" content=\"Stainless Steel Brick Wall Ties for Construction Forming\" \/>\n<meta property=\"og:description\" content=\"Brick ties are small architectural elements that are used to connect two brick walls across a narrow cavity or to bind a brick wall to a wood or steel frame.\" \/>\n<meta property=\"og:url\" content=\"https:\/\/qingdaohf.com\/lv\/products\/kiegelu-kaklasaite\/\" \/>\n<meta property=\"og:site_name\" content=\"Concrete Form &amp; Rigging Hardware Supplier\" \/>\n<meta property=\"article:publisher\" content=\"https:\/\/www.facebook.com\/qingdaohf\" \/>\n<meta property=\"article:modified_time\" content=\"2025-11-13T01:06:36+00:00\" \/>\n<meta property=\"og:image\" content=\"https:\/\/qingdaohf.com\/wp-content\/uploads\/2023\/02\/\u767d\u5e95\u56fe5.jpg\" \/>\n\t<meta property=\"og:image:width\" content=\"1000\" \/>\n\t<meta property=\"og:image:height\" content=\"1000\" \/>\n\t<meta property=\"og:image:type\" content=\"image\/jpeg\" \/>\n<meta name=\"twitter:card\" content=\"summary_large_image\" \/>\n<meta name=\"twitter:label1\" content=\"Est. reading time\" \/>\n\t<meta name=\"twitter:data1\" content=\"3 min\u016btes\" \/>\n<script type=\"application\/ld+json\" class=\"yoast-schema-graph\">{\"@context\":\"https:\/\/schema.org\",\"@graph\":[{\"@type\":\"WebPage\",\"@id\":\"https:\/\/qingdaohf.com\/product\/brick-tie\/\",\"url\":\"https:\/\/qingdaohf.com\/product\/brick-tie\/\",\"name\":\"Stainless Steel Brick Wall Ties for Construction Forming\",\"isPartOf\":{\"@id\":\"https:\/\/qingdaohf.com\/bg\/#website\"},\"primaryImageOfPage\":{\"@id\":\"https:\/\/qingdaohf.com\/product\/brick-tie\/#primaryimage\"},\"image\":{\"@id\":\"https:\/\/qingdaohf.com\/product\/brick-tie\/#primaryimage\"},\"thumbnailUrl\":\"https:\/\/qingdaohf.com\/wp-content\/uploads\/2023\/02\/\u767d\u5e95\u56fe5.jpg\",\"datePublished\":\"2023-02-10T03:45:19+00:00\",\"dateModified\":\"2025-11-13T01:06:36+00:00\",\"description\":\"Brick ties are small architectural elements that are used to connect two brick walls across a narrow cavity or to bind a brick wall to a wood or steel frame.\",\"breadcrumb\":{\"@id\":\"https:\/\/qingdaohf.com\/product\/brick-tie\/#breadcrumb\"},\"inLanguage\":\"lv-LV\",\"potentialAction\":[{\"@type\":\"ReadAction\",\"target\":[\"https:\/\/qingdaohf.com\/product\/brick-tie\/\"]}]},{\"@type\":\"ImageObject\",\"inLanguage\":\"lv-LV\",\"@id\":\"https:\/\/qingdaohf.com\/product\/brick-tie\/#primaryimage\",\"url\":\"https:\/\/qingdaohf.com\/wp-content\/uploads\/2023\/02\/\u767d\u5e95\u56fe5.jpg\",\"contentUrl\":\"https:\/\/qingdaohf.com\/wp-content\/uploads\/2023\/02\/\u767d\u5e95\u56fe5.jpg\",\"width\":1000,\"height\":1000},{\"@type\":\"BreadcrumbList\",\"@id\":\"https:\/\/qingdaohf.com\/product\/brick-tie\/#breadcrumb\",\"itemListElement\":[{\"@type\":\"ListItem\",\"position\":1,\"name\":\"Home\",\"item\":\"https:\/\/qingdaohf.com\/\"},{\"@type\":\"ListItem\",\"position\":2,\"name\":\"Concrete Forming Accessories and Rigging Hardware\",\"item\":\"https:\/\/qingdaohf.com\/bg\/?page_id=944\"},{\"@type\":\"ListItem\",\"position\":3,\"name\":\"Stainless Steel Brick Wall Ties for Construction Forming\"}]},{\"@type\":\"WebSite\",\"@id\":\"https:\/\/qingdaohf.com\/bg\/#website\",\"url\":\"https:\/\/qingdaohf.com\/bg\/\",\"name\":\"Concrete Form & Rigging Hardware Supplier\",\"description\":\"\",\"publisher\":{\"@id\":\"https:\/\/qingdaohf.com\/bg\/#organization\"},\"potentialAction\":[{\"@type\":\"SearchAction\",\"target\":{\"@type\":\"EntryPoint\",\"urlTemplate\":\"https:\/\/qingdaohf.com\/bg\/?s={search_term_string}\"},\"query-input\":{\"@type\":\"PropertyValueSpecification\",\"valueRequired\":true,\"valueName\":\"search_term_string\"}}],\"inLanguage\":\"lv-LV\"},{\"@type\":\"Organization\",\"@id\":\"https:\/\/qingdaohf.com\/bg\/#organization\",\"name\":\"Qingdao H&F\",\"url\":\"https:\/\/qingdaohf.com\/bg\/\",\"logo\":{\"@type\":\"ImageObject\",\"inLanguage\":\"lv-LV\",\"@id\":\"https:\/\/qingdaohf.com\/bg\/#\/schema\/logo\/image\/\",\"url\":\"https:\/\/qingdaohf.com\/wp-content\/uploads\/2022\/12\/cropped-HF-LOGO.png\",\"contentUrl\":\"https:\/\/qingdaohf.com\/wp-content\/uploads\/2022\/12\/cropped-HF-LOGO.png\",\"width\":391,\"height\":249,\"caption\":\"Qingdao H&F\"},\"image\":{\"@id\":\"https:\/\/qingdaohf.com\/bg\/#\/schema\/logo\/image\/\"},\"sameAs\":[\"https:\/\/www.facebook.com\/qingdaohf\"]}]}<\/script>\n<!-- \/ Yoast SEO plugin. -->","yoast_head_json":{"title":"Stainless Steel Brick Wall Ties for Construction Forming","description":"Brick ties are small architectural elements that are used to connect two brick walls across a narrow cavity or to bind a brick wall to a wood or steel frame.","robots":{"index":"index","follow":"follow","max-snippet":"max-snippet:-1","max-image-preview":"max-image-preview:large","max-video-preview":"max-video-preview:-1"},"canonical":"https:\/\/qingdaohf.com\/lv\/products\/kiegelu-kaklasaite\/","og_locale":"lv_LV","og_type":"article","og_title":"Stainless Steel Brick Wall Ties for Construction Forming","og_description":"Brick ties are small architectural elements that are used to connect two brick walls across a narrow cavity or to bind a brick wall to a wood or steel frame.","og_url":"https:\/\/qingdaohf.com\/lv\/products\/kiegelu-kaklasaite\/","og_site_name":"Concrete Form &amp; Rigging Hardware Supplier","article_publisher":"https:\/\/www.facebook.com\/qingdaohf","article_modified_time":"2025-11-13T01:06:36+00:00","og_image":[{"width":1000,"height":1000,"url":"https:\/\/qingdaohf.com\/wp-content\/uploads\/2023\/02\/\u767d\u5e95\u56fe5.jpg","type":"image\/jpeg"}],"twitter_card":"summary_large_image","twitter_misc":{"Est. reading time":"3 min\u016btes"},"schema":{"@context":"https:\/\/schema.org","@graph":[{"@type":"WebPage","@id":"https:\/\/qingdaohf.com\/product\/brick-tie\/","url":"https:\/\/qingdaohf.com\/product\/brick-tie\/","name":"Stainless Steel Brick Wall Ties for Construction Forming","isPartOf":{"@id":"https:\/\/qingdaohf.com\/bg\/#website"},"primaryImageOfPage":{"@id":"https:\/\/qingdaohf.com\/product\/brick-tie\/#primaryimage"},"image":{"@id":"https:\/\/qingdaohf.com\/product\/brick-tie\/#primaryimage"},"thumbnailUrl":"https:\/\/qingdaohf.com\/wp-content\/uploads\/2023\/02\/\u767d\u5e95\u56fe5.jpg","datePublished":"2023-02-10T03:45:19+00:00","dateModified":"2025-11-13T01:06:36+00:00","description":"Brick ties are small architectural elements that are used to connect two brick walls across a narrow cavity or to bind a brick wall to a wood or steel frame.","breadcrumb":{"@id":"https:\/\/qingdaohf.com\/product\/brick-tie\/#breadcrumb"},"inLanguage":"lv-LV","potentialAction":[{"@type":"ReadAction","target":["https:\/\/qingdaohf.com\/product\/brick-tie\/"]}]},{"@type":"ImageObject","inLanguage":"lv-LV","@id":"https:\/\/qingdaohf.com\/product\/brick-tie\/#primaryimage","url":"https:\/\/qingdaohf.com\/wp-content\/uploads\/2023\/02\/\u767d\u5e95\u56fe5.jpg","contentUrl":"https:\/\/qingdaohf.com\/wp-content\/uploads\/2023\/02\/\u767d\u5e95\u56fe5.jpg","width":1000,"height":1000},{"@type":"BreadcrumbList","@id":"https:\/\/qingdaohf.com\/product\/brick-tie\/#breadcrumb","itemListElement":[{"@type":"ListItem","position":1,"name":"Home","item":"https:\/\/qingdaohf.com\/"},{"@type":"ListItem","position":2,"name":"Concrete Forming Accessories and Rigging Hardware","item":"https:\/\/qingdaohf.com\/bg\/?page_id=944"},{"@type":"ListItem","position":3,"name":"Stainless Steel Brick Wall Ties for Construction Forming"}]},{"@type":"WebSite","@id":"https:\/\/qingdaohf.com\/bg\/#website","url":"https:\/\/qingdaohf.com\/bg\/","name":"Concrete Form & Rigging Hardware Supplier","description":"","publisher":{"@id":"https:\/\/qingdaohf.com\/bg\/#organization"},"potentialAction":[{"@type":"SearchAction","target":{"@type":"EntryPoint","urlTemplate":"https:\/\/qingdaohf.com\/bg\/?s={search_term_string}"},"query-input":{"@type":"PropertyValueSpecification","valueRequired":true,"valueName":"search_term_string"}}],"inLanguage":"lv-LV"},{"@type":"Organization","@id":"https:\/\/qingdaohf.com\/bg\/#organization","name":"Qingdao H&F","url":"https:\/\/qingdaohf.com\/bg\/","logo":{"@type":"ImageObject","inLanguage":"lv-LV","@id":"https:\/\/qingdaohf.com\/bg\/#\/schema\/logo\/image\/","url":"https:\/\/qingdaohf.com\/wp-content\/uploads\/2022\/12\/cropped-HF-LOGO.png","contentUrl":"https:\/\/qingdaohf.com\/wp-content\/uploads\/2022\/12\/cropped-HF-LOGO.png","width":391,"height":249,"caption":"Qingdao H&F"},"image":{"@id":"https:\/\/qingdaohf.com\/bg\/#\/schema\/logo\/image\/"},"sameAs":["https:\/\/www.facebook.com\/qingdaohf"]}]}},"_links":{"self":[{"href":"https:\/\/qingdaohf.com\/lv\/wp-json\/wp\/v2\/product\/2127","targetHints":{"allow":["GET"]}}],"collection":[{"href":"https:\/\/qingdaohf.com\/lv\/wp-json\/wp\/v2\/product"}],"about":[{"href":"https:\/\/qingdaohf.com\/lv\/wp-json\/wp\/v2\/types\/product"}],"replies":[{"embeddable":true,"href":"https:\/\/qingdaohf.com\/lv\/wp-json\/wp\/v2\/comments?post=2127"}],"version-history":[{"count":2,"href":"https:\/\/qingdaohf.com\/lv\/wp-json\/wp\/v2\/product\/2127\/revisions"}],"predecessor-version":[{"id":10459,"href":"https:\/\/qingdaohf.com\/lv\/wp-json\/wp\/v2\/product\/2127\/revisions\/10459"}],"wp:featuredmedia":[{"embeddable":true,"href":"https:\/\/qingdaohf.com\/lv\/wp-json\/wp\/v2\/media\/2483"}],"wp:attachment":[{"href":"https:\/\/qingdaohf.com\/lv\/wp-json\/wp\/v2\/media?parent=2127"}],"wp:term":[{"taxonomy":"product_brand","embeddable":true,"href":"https:\/\/qingdaohf.com\/lv\/wp-json\/wp\/v2\/product_brand?post=2127"},{"taxonomy":"product_cat","embeddable":true,"href":"https:\/\/qingdaohf.com\/lv\/wp-json\/wp\/v2\/product_cat?post=2127"},{"taxonomy":"product_tag","embeddable":true,"href":"https:\/\/qingdaohf.com\/lv\/wp-json\/wp\/v2\/product_tag?post=2127"}],"curies":[{"name":"wp","href":"https:\/\/api.w.org\/{rel}","templated":true}]}}