{"id":2218,"date":"2023-02-15T11:57:32","date_gmt":"2023-02-15T03:57:32","guid":{"rendered":"http:\/\/qingdaohf.com\/?post_type=product&#038;p=2218"},"modified":"2025-11-13T09:06:17","modified_gmt":"2025-11-13T01:06:17","slug":"tie-nut","status":"publish","type":"product","link":"https:\/\/qingdaohf.com\/lv\/products\/sasiesanas-uzgrieznis\/","title":{"rendered":"Veid\u0146u kaklasaites uzgrieznis"},"content":{"rendered":"<div class=\"ast-oembed-container\" style=\"height: 100%;\"><iframe title=\"Betona veid\u0146u kaklasaites uzgrieznis &amp; kaklasaites stienis\" width=\"500\" height=\"281\" src=\"https:\/\/www.youtube.com\/embed\/RQCaJFwWa88?feature=oembed\" frameborder=\"0\" allow=\"accelerometer; autoplay; clipboard-write; encrypted-media; gyroscope; picture-in-picture; web-share\" referrerpolicy=\"strict-origin-when-cross-origin\" allowfullscreen><\/iframe><\/div>\n<h4>Betona veid\u0146u stabilit\u0101tes pamats<\/h4>\n<p>Pras\u012bgaj\u0101 betona konstrukciju pasaul\u0113 stabilit\u0101te un precizit\u0101te veid\u0146u veido\u0161anas proces\u0101 ir neatsverama. \u0160\u012b procesa pamat\u0101 ir sai\u0161u stie\u0146u sist\u0113ma - visaptvero\u0161s risin\u0101jums, kas ietver sai\u0161u stie\u0146us, sai\u0161u uzgrie\u017e\u0146us, \u016bdens ierobe\u017eot\u0101jus un sp\u0101rnu uzgrie\u017e\u0146us. Sai\u0161u uzgrie\u017e\u0146iem ir iz\u0161\u0137iro\u0161a noz\u012bme \u0161aj\u0101 mont\u0101\u017e\u0101, dro\u0161i fiks\u0113jot stie\u0146us un nodro\u0161inot, ka veid\u0146u konstrukcija saglab\u0101jas stabila zem milz\u012bg\u0101 slapja betona spiediena.<\/p>\n<p>\u0160ie \u0161\u0137ietami mazie komponenti ir konstru\u0113ti t\u0101, lai iztur\u0113tu lielas slodzes, nov\u0113r\u0161ot veid\u0146u nob\u012bdes vai deform\u0101cijas beton\u0113\u0161anas un cietin\u0101\u0161anas posm\u0101. Bez uzticamiem sasie\u0161anas uzgrie\u017e\u0146iem visa sist\u0113ma var saboj\u0101ties, apdraudot gan b\u016bvniec\u012bbas procesa efektivit\u0101ti, gan galaprodukta struktur\u0101lo integrit\u0101ti.<\/p>\n<h4>Sai\u0161u stie\u0146u sist\u0113ma: Sasaisto\u0161s risin\u0101jums<\/h4>\n<p><img fetchpriority=\"high\" decoding=\"async\" class=\"alignnone size-full wp-image-2990\" src=\"http:\/\/qingdaohf.com\/wp-content\/uploads\/2023\/02\/Tie-Nut.jpg\" alt=\"Kaklasaites uzgrieznis\" width=\"1204\" height=\"1008\" srcset=\"https:\/\/qingdaohf.com\/wp-content\/uploads\/2023\/02\/Tie-Nut.jpg 1204w, https:\/\/qingdaohf.com\/wp-content\/uploads\/2023\/02\/Tie-Nut-300x251.jpg 300w, https:\/\/qingdaohf.com\/wp-content\/uploads\/2023\/02\/Tie-Nut-1024x857.jpg 1024w, https:\/\/qingdaohf.com\/wp-content\/uploads\/2023\/02\/Tie-Nut-768x643.jpg 768w, https:\/\/qingdaohf.com\/wp-content\/uploads\/2023\/02\/Tie-Nut-1000x837.jpg 1000w\" sizes=\"(max-width: 1204px) 100vw, 1204px\" \/><\/p>\n<p>Sai\u0161u stie\u0146u sist\u0113ma darbojas k\u0101 vienots mezgls, kas paredz\u0113ts betona veid\u0146u atbalstam un stabiliz\u0113\u0161anai.<\/p>\n<ul>\n<li><strong>Sai\u0161u stie\u0146i:<\/strong> Sai\u0161u stie\u0146i ir sist\u0113mas centr\u0101l\u0101 sast\u0101vda\u013ca, kas ir augstas stipr\u012bbas t\u0113rauda stie\u0146i, kuri absorb\u0113 un sadala spiedienu, ko rada tikko izlietais betons. Tie stiepjas p\u0101ri veid\u0146iem, nodro\u0161inot nepiecie\u0161amo stingr\u012bbu, lai tos notur\u0113tu viet\u0101.<\/li>\n<li><strong>\u016adens apst\u0101\u0161an\u0101s:<\/strong> Bie\u017ei vien \u016bdens aizb\u012bd\u0146i, kas ir integr\u0113ti kop\u0101 ar stie\u0146iem, darbojas k\u0101 kritiski \u0161\u0137\u0113r\u0161\u013ci, kas nov\u0113r\u0161 \u016bdens iek\u013c\u016b\u0161anu caur stie\u0146u caurumiem. \u0160ie elementi uzlabo konstrukcijas iztur\u012bbu, mazinot \u016bdens boj\u0101jumu risku un nodro\u0161inot ilgtermi\u0146a darb\u012bbu.<\/li>\n<li><strong>Kaklasaites uzgrie\u017e\u0146i:<\/strong> Katr\u0101 stie\u0146a gal\u0101 novietoti stie\u0146i ar sasie\u0161anas uzgrie\u017e\u0146iem, kas stingri piestiprina stie\u0146us pie veid\u0146u pane\u013ciem. To v\u012btne un stipr\u012bba ir izstr\u0101d\u0101ta t\u0101, lai iztur\u0113tu lielas slodzes, kas rodas b\u016bvniec\u012bbas laik\u0101, saglab\u0101jot veid\u0146u izl\u012bdzin\u0101jumu un stabilit\u0101ti.<\/li>\n<li><strong>Sp\u0101rnu uzgrie\u017e\u0146i:<\/strong> Praktisks sist\u0113mas papildin\u0101jums - sp\u0101rnu uzgrie\u017e\u0146i \u013cauj veikt regul\u0113\u0161anu \u0101tri un bez instrumentiem. T\u0101s ir \u012bpa\u0161i noder\u012bgas lietojumos, kur nepiecie\u0161ama bie\u017ea mont\u0101\u017ea un demont\u0101\u017ea, palielinot efektivit\u0101ti, nemazinot dro\u0161\u012bbu.<\/li>\n<\/ul>\n<p>Kop\u0101 \u0161ie komponenti veido stabilu un uzticamu sist\u0113mu, kas nodro\u0161ina veiksm\u012bgu konkr\u0113tu b\u016bvniec\u012bbas projektu \u012bsteno\u0161anu no s\u0101kuma l\u012bdz beig\u0101m.<\/p>\n<h3>K\u0101 stie\u0146u sist\u0113ma uzlabo b\u016bvniec\u012bbas efektivit\u0101ti<\/h3>\n<h4>Uzlabota stabilit\u0101te un precizit\u0101te<\/h4>\n<p>Sai\u0161u stie\u0146u sist\u0113ma nov\u0113r\u0161 ba\u017eas par nesaska\u0146ot\u012bbu vai nestabilit\u0101ti veid\u0146u veido\u0161anas posm\u0101. Nostiprinot veid\u0146u pane\u013cus viet\u0101 ar sasie\u0161anas uzgrie\u017e\u0146iem, sist\u0113ma garant\u0113, ka konstrukcija saglab\u0101 paredz\u0113to formu vis\u0101 betona lie\u0161anas un saciet\u0113\u0161anas proces\u0101.<\/p>\n<p>Turkl\u0101t \u016bdens aizb\u0101\u017e\u0146u integr\u0113\u0161ana komplekt\u0101 nodro\u0161ina papildu aizsardz\u012bbas sl\u0101ni. \u0160ie komponenti ne\u013cauj \u016bdenim iek\u013c\u016bt stie\u0146u caurumos, aizsarg\u0101jot betona integrit\u0101ti un samazinot t\u0101du probl\u0113mu iesp\u0113jam\u012bbu n\u0101kotn\u0113 k\u0101 korozija vai plaisas.<\/p>\n<h4>Vienk\u0101r\u0161ota mont\u0101\u017ea un demont\u0101\u017ea<\/h4>\n<p>Savienot\u0101jstie\u0146a sist\u0113m\u0101 iek\u013cautie sp\u0101rnu uzgrie\u017e\u0146i racionaliz\u0113 mont\u0101\u017eas procesu. To ar rok\u0101m pievelkam\u0101 pievilk\u0161anas funkcija nov\u0113r\u0161 nepiecie\u0161am\u012bbu p\u0113c specializ\u0113tiem instrumentiem, \u013caujot celtnieku brig\u0101d\u0113m \u0101tri un efekt\u012bvi mont\u0113t un demont\u0113t veid\u0146us. Tas ne tikai ietaupa laiku, bet ar\u012b samazina darbasp\u0113ka izmaksas, padarot \u0161o sist\u0113mu par v\u0113lamo izv\u0113li da\u017e\u0101da m\u0113roga projektos.<\/p>\n<h4>Daudzpus\u012bba da\u017e\u0101d\u0101s lietojumprogramm\u0101s<\/h4>\n<p>Sai\u0161u stie\u0146u sist\u0113mas piel\u0101gojam\u012bba padara to piem\u0113rotu visda\u017e\u0101d\u0101kajiem betona konstrukciju lietojumiem, s\u0101kot no vienk\u0101r\u0161\u0101m pl\u0101tn\u0113m l\u012bdz sare\u017e\u0123\u012btiem arhitekt\u016bras projektiem. T\u0101s komponentus var piel\u0101got, lai tie atbilstu da\u017e\u0101diem veid\u0146u izm\u0113riem un konfigur\u0101cij\u0101m, nodro\u0161inot elast\u012bbu, kas nepiecie\u0161ama, lai izpild\u012btu da\u017e\u0101das projektu pras\u012bbas.<\/p>\n<h3>Sai\u0161u stie\u0146u sist\u0113mu kvalit\u0101tes b\u016btisk\u0101k\u0101 loma<\/h3>\n<h4>Augstas precizit\u0101tes ra\u017eo\u0161ana uzticam\u012bbai<\/h4>\n<p>Sai\u0161u stie\u0146iem, sasai\u0161u uzgrie\u017e\u0146iem, \u016bdens ierobe\u017eot\u0101jiem un sp\u0101rnu uzgrie\u017e\u0146iem j\u0101atbilst stingriem kvalit\u0101tes standartiem, lai tie efekt\u012bvi darbotos. Jebkuras izm\u0113ru vai v\u012bt\u0146u novirzes var novest pie nepareizas mont\u0101\u017eas, apdraudot veid\u0146u sist\u0113mas stabilit\u0101ti. Augstas precizit\u0101tes ra\u017eo\u0161ana nodro\u0161ina, ka katra deta\u013ca nevainojami darbojas kop\u0101, nodro\u0161inot nemain\u012bgu veiktsp\u0113ju b\u016bvlaukum\u0101.<\/p>\n<h4>Iztur\u012bbas un iztur\u012bbas v\u0113rt\u012bba<\/h4>\n<p>B\u016bvniec\u012bbas vid\u0113 veid\u0146u sist\u0113mas ir pak\u013cautas ekstrem\u0101liem apst\u0101k\u013ciem, s\u0101kot no liel\u0101m slodz\u0113m l\u012bdz \u016bdens un citu elementu iedarb\u012bbai. \u012apa\u0161i svar\u012bga ir iztur\u012bba, jo \u012bpa\u0161i sai\u0161u uzgrie\u017e\u0146iem un stie\u0146iem, kas iztur liel\u0101ko spiedienu lie\u0161anas procesa laik\u0101. No augstas kvalit\u0101tes materi\u0101liem izgatavotu komponentu izv\u0113le nodro\u0161ina, ka sist\u0113ma sp\u0113j iztur\u0113t \u0161os p\u0101rbaud\u012bjumus bez boj\u0101jumiem.<\/p>\n<h4>Ilgtermi\u0146a strukt\u016bras integrit\u0101tes uzlabo\u0161ana<\/h4>\n<p>\u016adens aizb\u0101\u017e\u0146u iek\u013cau\u0161ana stie\u0146u sist\u0113m\u0101 liecina par to, cik svar\u012bgi ir akt\u012bvi pas\u0101kumi b\u016bvniec\u012bb\u0101. Nov\u0113r\u0161ot \u016bdens infiltr\u0101ciju, \u0161ie komponenti veicina konstrukcijas ilgm\u016b\u017e\u012bbu ilgtermi\u0146\u0101, samazinot apkopes nepiecie\u0161am\u012bbu un pagarinot t\u0101s kalpo\u0161anas laiku.<\/p>\n<h4><\/h4>\n<p>&nbsp;<\/p>\n<p>&nbsp;<\/p>\n<p>&nbsp;<\/p>\n<p>&nbsp;<\/p>","protected":false},"excerpt":{"rendered":"<p>Veid\u0146u savilces uzgrie\u017e\u0146i ir neaizst\u0101jami betona b\u016bvniec\u012bb\u0101, nodro\u0161inot veid\u0146u sist\u0113mu stabilit\u0101ti un izl\u012bdzin\u0101\u0161anu. Qingdao H&amp;F ir tirdzniec\u012bbas uz\u0146\u0113mums ar 20 gadu pieredzi, un tas pied\u0101v\u0101 augstas kvalit\u0101tes sasie\u0161anas uzgrie\u017e\u0146us, kas ir sader\u012bgi ar da\u017e\u0101d\u0101m sasie\u0161anas stie\u0146u sist\u0113m\u0101m, tostarp \u016bdens aizb\u012bd\u0146iem un sp\u0101rnu uzgrie\u017e\u0146iem. M\u0113s risin\u0101m pirc\u0113ju probl\u0113mas, nodro\u0161inot individu\u0101lu klientu apkalpo\u0161anu, \u0101trus pieg\u0101des ciklus un detaliz\u0113tus kvalit\u0101tes p\u0101rbaudes zi\u0146ojumus, lai nodro\u0161in\u0101tu katra produkta atbilst\u012bbu stingriem standartiem.<\/p>","protected":false},"featured_media":3694,"comment_status":"open","ping_status":"closed","template":"","meta":{"site-sidebar-layout":"default","site-content-layout":"default","ast-site-content-layout":"default","site-content-style":"default","site-sidebar-style":"default","ast-global-header-display":"","ast-banner-title-visibility":"","ast-main-header-display":"","ast-hfb-above-header-display":"","ast-hfb-below-header-display":"","ast-hfb-mobile-header-display":"","site-post-title":"","ast-breadcrumbs-content":"","ast-featured-img":"","footer-sml-layout":"","theme-transparent-header-meta":"default","adv-header-id-meta":"","stick-header-meta":"default","header-above-stick-meta":"","header-main-stick-meta":"","header-below-stick-meta":"","astra-migrate-meta-layouts":"set","ast-page-background-enabled":"default","ast-page-background-meta":{"desktop":{"background-color":"","background-image":"","background-repeat":"repeat","background-position":"center center","background-size":"auto","background-attachment":"scroll","background-type":"","background-media":"","overlay-type":"","overlay-color":"","overlay-opacity":"","overlay-gradient":""},"tablet":{"background-color":"","background-image":"","background-repeat":"repeat","background-position":"center center","background-size":"auto","background-attachment":"scroll","background-type":"","background-media":"","overlay-type":"","overlay-color":"","overlay-opacity":"","overlay-gradient":""},"mobile":{"background-color":"","background-image":"","background-repeat":"repeat","background-position":"center center","background-size":"auto","background-attachment":"scroll","background-type":"","background-media":"","overlay-type":"","overlay-color":"","overlay-opacity":"","overlay-gradient":""}},"ast-content-background-meta":{"desktop":{"background-color":"var(--ast-global-color-5)","background-image":"","background-repeat":"repeat","background-position":"center center","background-size":"auto","background-attachment":"scroll","background-type":"","background-media":"","overlay-type":"","overlay-color":"","overlay-opacity":"","overlay-gradient":""},"tablet":{"background-color":"var(--ast-global-color-5)","background-image":"","background-repeat":"repeat","background-position":"center center","background-size":"auto","background-attachment":"scroll","background-type":"","background-media":"","overlay-type":"","overlay-color":"","overlay-opacity":"","overlay-gradient":""},"mobile":{"background-color":"var(--ast-global-color-5)","background-image":"","background-repeat":"repeat","background-position":"center center","background-size":"auto","background-attachment":"scroll","background-type":"","background-media":"","overlay-type":"","overlay-color":"","overlay-opacity":"","overlay-gradient":""}}},"product_brand":[],"product_cat":[79],"product_tag":[],"class_list":{"0":"post-2218","1":"product","2":"type-product","3":"status-publish","4":"has-post-thumbnail","6":"product_cat-tie-rod-system","7":"desktop-align-left","8":"tablet-align-left","9":"mobile-align-left","10":"ast-product-gallery-layout-horizontal-slider","11":"ast-product-tabs-layout-horizontal","13":"first","14":"instock","15":"shipping-taxable","16":"purchasable","17":"product-type-simple"},"yoast_head":"<!-- This site is optimized with the Yoast SEO plugin v25.2 - https:\/\/yoast.com\/wordpress\/plugins\/seo\/ -->\n<title>Formwork Tie Nut<\/title>\n<meta name=\"description\" content=\"Concrete Formwork Tie Nut is a component used in construction to secure concrete formwork\" \/>\n<meta name=\"robots\" content=\"index, follow, max-snippet:-1, max-image-preview:large, max-video-preview:-1\" \/>\n<link rel=\"canonical\" href=\"https:\/\/qingdaohf.com\/lv\/products\/sasiesanas-uzgrieznis\/\" \/>\n<meta property=\"og:locale\" content=\"lv_LV\" \/>\n<meta property=\"og:type\" content=\"article\" \/>\n<meta property=\"og:title\" content=\"Formwork Tie Nut\" \/>\n<meta property=\"og:description\" content=\"Concrete Formwork Tie Nut is a component used in construction to secure concrete formwork\" \/>\n<meta property=\"og:url\" content=\"https:\/\/qingdaohf.com\/lv\/products\/sasiesanas-uzgrieznis\/\" \/>\n<meta property=\"og:site_name\" content=\"Concrete Form &amp; Rigging Hardware Supplier\" \/>\n<meta property=\"article:publisher\" content=\"https:\/\/www.facebook.com\/qingdaohf\" \/>\n<meta property=\"article:modified_time\" content=\"2025-11-13T01:06:17+00:00\" \/>\n<meta property=\"og:image\" content=\"https:\/\/qingdaohf.com\/wp-content\/uploads\/2023\/02\/HF-tie-nut-7.jpg\" \/>\n\t<meta property=\"og:image:width\" content=\"1000\" \/>\n\t<meta property=\"og:image:height\" content=\"1000\" \/>\n\t<meta property=\"og:image:type\" content=\"image\/jpeg\" \/>\n<meta name=\"twitter:card\" content=\"summary_large_image\" \/>\n<meta name=\"twitter:label1\" content=\"Est. reading time\" \/>\n\t<meta name=\"twitter:data1\" content=\"4 min\u016btes\" \/>\n<script type=\"application\/ld+json\" class=\"yoast-schema-graph\">{\"@context\":\"https:\/\/schema.org\",\"@graph\":[{\"@type\":\"WebPage\",\"@id\":\"https:\/\/qingdaohf.com\/product\/tie-nut\/\",\"url\":\"https:\/\/qingdaohf.com\/product\/tie-nut\/\",\"name\":\"Formwork Tie Nut\",\"isPartOf\":{\"@id\":\"https:\/\/qingdaohf.com\/bg\/#website\"},\"primaryImageOfPage\":{\"@id\":\"https:\/\/qingdaohf.com\/product\/tie-nut\/#primaryimage\"},\"image\":{\"@id\":\"https:\/\/qingdaohf.com\/product\/tie-nut\/#primaryimage\"},\"thumbnailUrl\":\"https:\/\/qingdaohf.com\/wp-content\/uploads\/2023\/02\/HF-tie-nut-7.jpg\",\"datePublished\":\"2023-02-15T03:57:32+00:00\",\"dateModified\":\"2025-11-13T01:06:17+00:00\",\"description\":\"Concrete Formwork Tie Nut is a component used in construction to secure concrete formwork\",\"breadcrumb\":{\"@id\":\"https:\/\/qingdaohf.com\/product\/tie-nut\/#breadcrumb\"},\"inLanguage\":\"lv-LV\",\"potentialAction\":[{\"@type\":\"ReadAction\",\"target\":[\"https:\/\/qingdaohf.com\/product\/tie-nut\/\"]}]},{\"@type\":\"ImageObject\",\"inLanguage\":\"lv-LV\",\"@id\":\"https:\/\/qingdaohf.com\/product\/tie-nut\/#primaryimage\",\"url\":\"https:\/\/qingdaohf.com\/wp-content\/uploads\/2023\/02\/HF-tie-nut-7.jpg\",\"contentUrl\":\"https:\/\/qingdaohf.com\/wp-content\/uploads\/2023\/02\/HF-tie-nut-7.jpg\",\"width\":1000,\"height\":1000,\"caption\":\"HF tie nut\"},{\"@type\":\"BreadcrumbList\",\"@id\":\"https:\/\/qingdaohf.com\/product\/tie-nut\/#breadcrumb\",\"itemListElement\":[{\"@type\":\"ListItem\",\"position\":1,\"name\":\"Home\",\"item\":\"https:\/\/qingdaohf.com\/\"},{\"@type\":\"ListItem\",\"position\":2,\"name\":\"Concrete Forming Accessories and Rigging Hardware\",\"item\":\"https:\/\/qingdaohf.com\/bg\/?page_id=944\"},{\"@type\":\"ListItem\",\"position\":3,\"name\":\"Formwork Tie Nut\"}]},{\"@type\":\"WebSite\",\"@id\":\"https:\/\/qingdaohf.com\/bg\/#website\",\"url\":\"https:\/\/qingdaohf.com\/bg\/\",\"name\":\"Concrete Form & Rigging Hardware Supplier\",\"description\":\"\",\"publisher\":{\"@id\":\"https:\/\/qingdaohf.com\/bg\/#organization\"},\"potentialAction\":[{\"@type\":\"SearchAction\",\"target\":{\"@type\":\"EntryPoint\",\"urlTemplate\":\"https:\/\/qingdaohf.com\/bg\/?s={search_term_string}\"},\"query-input\":{\"@type\":\"PropertyValueSpecification\",\"valueRequired\":true,\"valueName\":\"search_term_string\"}}],\"inLanguage\":\"lv-LV\"},{\"@type\":\"Organization\",\"@id\":\"https:\/\/qingdaohf.com\/bg\/#organization\",\"name\":\"Qingdao H&F\",\"url\":\"https:\/\/qingdaohf.com\/bg\/\",\"logo\":{\"@type\":\"ImageObject\",\"inLanguage\":\"lv-LV\",\"@id\":\"https:\/\/qingdaohf.com\/bg\/#\/schema\/logo\/image\/\",\"url\":\"https:\/\/qingdaohf.com\/wp-content\/uploads\/2022\/12\/cropped-HF-LOGO.png\",\"contentUrl\":\"https:\/\/qingdaohf.com\/wp-content\/uploads\/2022\/12\/cropped-HF-LOGO.png\",\"width\":391,\"height\":249,\"caption\":\"Qingdao H&F\"},\"image\":{\"@id\":\"https:\/\/qingdaohf.com\/bg\/#\/schema\/logo\/image\/\"},\"sameAs\":[\"https:\/\/www.facebook.com\/qingdaohf\"]}]}<\/script>\n<!-- \/ Yoast SEO plugin. -->","yoast_head_json":{"title":"Formwork Tie Nut","description":"Concrete Formwork Tie Nut is a component used in construction to secure concrete formwork","robots":{"index":"index","follow":"follow","max-snippet":"max-snippet:-1","max-image-preview":"max-image-preview:large","max-video-preview":"max-video-preview:-1"},"canonical":"https:\/\/qingdaohf.com\/lv\/products\/sasiesanas-uzgrieznis\/","og_locale":"lv_LV","og_type":"article","og_title":"Formwork Tie Nut","og_description":"Concrete Formwork Tie Nut is a component used in construction to secure concrete formwork","og_url":"https:\/\/qingdaohf.com\/lv\/products\/sasiesanas-uzgrieznis\/","og_site_name":"Concrete Form &amp; Rigging Hardware Supplier","article_publisher":"https:\/\/www.facebook.com\/qingdaohf","article_modified_time":"2025-11-13T01:06:17+00:00","og_image":[{"width":1000,"height":1000,"url":"https:\/\/qingdaohf.com\/wp-content\/uploads\/2023\/02\/HF-tie-nut-7.jpg","type":"image\/jpeg"}],"twitter_card":"summary_large_image","twitter_misc":{"Est. reading time":"4 min\u016btes"},"schema":{"@context":"https:\/\/schema.org","@graph":[{"@type":"WebPage","@id":"https:\/\/qingdaohf.com\/product\/tie-nut\/","url":"https:\/\/qingdaohf.com\/product\/tie-nut\/","name":"Formwork Tie Nut","isPartOf":{"@id":"https:\/\/qingdaohf.com\/bg\/#website"},"primaryImageOfPage":{"@id":"https:\/\/qingdaohf.com\/product\/tie-nut\/#primaryimage"},"image":{"@id":"https:\/\/qingdaohf.com\/product\/tie-nut\/#primaryimage"},"thumbnailUrl":"https:\/\/qingdaohf.com\/wp-content\/uploads\/2023\/02\/HF-tie-nut-7.jpg","datePublished":"2023-02-15T03:57:32+00:00","dateModified":"2025-11-13T01:06:17+00:00","description":"Concrete Formwork Tie Nut is a component used in construction to secure concrete formwork","breadcrumb":{"@id":"https:\/\/qingdaohf.com\/product\/tie-nut\/#breadcrumb"},"inLanguage":"lv-LV","potentialAction":[{"@type":"ReadAction","target":["https:\/\/qingdaohf.com\/product\/tie-nut\/"]}]},{"@type":"ImageObject","inLanguage":"lv-LV","@id":"https:\/\/qingdaohf.com\/product\/tie-nut\/#primaryimage","url":"https:\/\/qingdaohf.com\/wp-content\/uploads\/2023\/02\/HF-tie-nut-7.jpg","contentUrl":"https:\/\/qingdaohf.com\/wp-content\/uploads\/2023\/02\/HF-tie-nut-7.jpg","width":1000,"height":1000,"caption":"HF tie nut"},{"@type":"BreadcrumbList","@id":"https:\/\/qingdaohf.com\/product\/tie-nut\/#breadcrumb","itemListElement":[{"@type":"ListItem","position":1,"name":"Home","item":"https:\/\/qingdaohf.com\/"},{"@type":"ListItem","position":2,"name":"Concrete Forming Accessories and Rigging Hardware","item":"https:\/\/qingdaohf.com\/bg\/?page_id=944"},{"@type":"ListItem","position":3,"name":"Formwork Tie Nut"}]},{"@type":"WebSite","@id":"https:\/\/qingdaohf.com\/bg\/#website","url":"https:\/\/qingdaohf.com\/bg\/","name":"Concrete Form & Rigging Hardware Supplier","description":"","publisher":{"@id":"https:\/\/qingdaohf.com\/bg\/#organization"},"potentialAction":[{"@type":"SearchAction","target":{"@type":"EntryPoint","urlTemplate":"https:\/\/qingdaohf.com\/bg\/?s={search_term_string}"},"query-input":{"@type":"PropertyValueSpecification","valueRequired":true,"valueName":"search_term_string"}}],"inLanguage":"lv-LV"},{"@type":"Organization","@id":"https:\/\/qingdaohf.com\/bg\/#organization","name":"Qingdao H&F","url":"https:\/\/qingdaohf.com\/bg\/","logo":{"@type":"ImageObject","inLanguage":"lv-LV","@id":"https:\/\/qingdaohf.com\/bg\/#\/schema\/logo\/image\/","url":"https:\/\/qingdaohf.com\/wp-content\/uploads\/2022\/12\/cropped-HF-LOGO.png","contentUrl":"https:\/\/qingdaohf.com\/wp-content\/uploads\/2022\/12\/cropped-HF-LOGO.png","width":391,"height":249,"caption":"Qingdao H&F"},"image":{"@id":"https:\/\/qingdaohf.com\/bg\/#\/schema\/logo\/image\/"},"sameAs":["https:\/\/www.facebook.com\/qingdaohf"]}]}},"_links":{"self":[{"href":"https:\/\/qingdaohf.com\/lv\/wp-json\/wp\/v2\/product\/2218","targetHints":{"allow":["GET"]}}],"collection":[{"href":"https:\/\/qingdaohf.com\/lv\/wp-json\/wp\/v2\/product"}],"about":[{"href":"https:\/\/qingdaohf.com\/lv\/wp-json\/wp\/v2\/types\/product"}],"replies":[{"embeddable":true,"href":"https:\/\/qingdaohf.com\/lv\/wp-json\/wp\/v2\/comments?post=2218"}],"version-history":[{"count":4,"href":"https:\/\/qingdaohf.com\/lv\/wp-json\/wp\/v2\/product\/2218\/revisions"}],"predecessor-version":[{"id":8606,"href":"https:\/\/qingdaohf.com\/lv\/wp-json\/wp\/v2\/product\/2218\/revisions\/8606"}],"wp:featuredmedia":[{"embeddable":true,"href":"https:\/\/qingdaohf.com\/lv\/wp-json\/wp\/v2\/media\/3694"}],"wp:attachment":[{"href":"https:\/\/qingdaohf.com\/lv\/wp-json\/wp\/v2\/media?parent=2218"}],"wp:term":[{"taxonomy":"product_brand","embeddable":true,"href":"https:\/\/qingdaohf.com\/lv\/wp-json\/wp\/v2\/product_brand?post=2218"},{"taxonomy":"product_cat","embeddable":true,"href":"https:\/\/qingdaohf.com\/lv\/wp-json\/wp\/v2\/product_cat?post=2218"},{"taxonomy":"product_tag","embeddable":true,"href":"https:\/\/qingdaohf.com\/lv\/wp-json\/wp\/v2\/product_tag?post=2218"}],"curies":[{"name":"wp","href":"https:\/\/api.w.org\/{rel}","templated":true}]}}