{"id":2312,"date":"2023-02-21T17:34:53","date_gmt":"2023-02-21T09:34:53","guid":{"rendered":"http:\/\/qingdaohf.com\/?post_type=product&#038;p=2312"},"modified":"2025-11-13T09:06:16","modified_gmt":"2025-11-13T01:06:16","slug":"slab-bolster-dipped","status":"publish","type":"product","link":"https:\/\/qingdaohf.com\/lv\/products\/plaksne-bolster-iegremdeta\/","title":{"rendered":"Pl\u0101k\u0161\u0146u bolsteris, iegremd\u0113ts SBD"},"content":{"rendered":"<h2 data-pm-slice=\"1 1 []\">Kas ir pl\u0101k\u0161\u0146u bolsteris ar iegremd\u0113\u0161anu (SBD)?<\/h2>\n<p>Pl\u0101k\u0161\u0146u stiegrojums (SBD) ir b\u016btisks armat\u016bras piederums betona konstrukcij\u0101s, kas paredz\u0113ts prec\u012bzu att\u0101lumu starp armat\u016bru un veid\u0146iem saglab\u0101\u0161anai. Izgatavots no augstas stipr\u012bbas t\u0113rauda un p\u0101rkl\u0101ts ar iegremd\u0113tu p\u0101rkl\u0101jumu, tas nodro\u0161ina liel\u0101ku iztur\u012bbu un iztur\u012bbu pret koroziju. SBD, ko galvenok\u0101rt izmanto projektos, kas saist\u012bti ar dzelzsbetona pl\u0101tn\u0113m, saliekamajiem un saliekamajiem elementiem, nodro\u0161ina vienm\u0113r\u012bgu betona p\u0101rkl\u0101jumu, kas ir b\u016btisks konstrukcijas stipr\u012bbai un ilgm\u016b\u017e\u012bbai. T\u0101s nep\u0101rtraukt\u0101 atbalsta sist\u0113ma nov\u0113r\u0161 nob\u012bde\u0161anos, dro\u0161i noturot armat\u016bru viet\u0101 beton\u0113\u0161anas un ciet\u0113\u0161anas procesu laik\u0101.<\/p>\n<h2>Galvenie pl\u0101k\u0161\u0146u bolsteru iegremd\u0113\u0161anas (SBD) izmanto\u0161anas ieguvumi<\/h2>\n<p>SBD ir neaizst\u0101jama loma, lai pan\u0101ktu izcilu betona veiktsp\u0113ju. Viena no t\u0101s galvenaj\u0101m priek\u0161roc\u012bb\u0101m ir iztur\u012bba pret r\u016bsu un vides boj\u0101jumiem, pateicoties iegremd\u0113tajam p\u0101rkl\u0101jumam. \u0160is papildu aizsardz\u012bbas sl\u0101nis padara to \u012bpa\u0161i piem\u0113rotu mitrai vai \u0137\u012bmiski agres\u012bvai videi, kur standarta t\u0113rauda bez p\u0101rkl\u0101juma kvalit\u0101te laika gait\u0101 var pasliktin\u0101ties.<\/p>\n<p>V\u0113l viens b\u016btisks ieguvums ir t\u0101 sp\u0113ja saglab\u0101t konsekventu armat\u016bras novietojumu. Pareizs izvietojums tie\u0161i ietekm\u0113 betona nestsp\u0113ju un iztur\u012bbu pret plais\u0101\u0161anu, padarot SBD par uzticamu izv\u0113li projektos, kuros nepiecie\u0161ama augsta konstrukcijas integrit\u0101te. Neatkar\u012bgi no t\u0101, vai SBD tiek izmantots komerci\u0101los, dz\u012bvojamos vai r\u016bpnieciskos objektos, tas veicina viendab\u012bgu betona biezumu un nov\u0113r\u0161 nob\u012bdes betona lie\u0161anas laik\u0101.<\/p>\n<h2>Pl\u0101k\u0161\u0146u bolstera iegremd\u0113\u0161anas (SBD) pielietojums<\/h2>\n<p>Pl\u0101tnes Bolster Dipped ir univers\u0101ls un pla\u0161i izmantots da\u017e\u0101dos b\u016bvniec\u012bbas projektos. Tas ir \u012bpa\u0161i efekt\u012bvs plakanu konstrukciju, piem\u0113ram, autoce\u013cu, tiltu un \u0113ku pamatu izb\u016bv\u0113, kur ir \u013coti svar\u012bgi prec\u012bzi pacelt armat\u016bru. Ar\u012b saliekamo konstrukciju ra\u017eotnes pa\u013caujas uz SBD, lai saglab\u0101tu vien\u0101dus att\u0101lumus starp armat\u016bras sl\u0101\u0146iem, nodro\u0161inot nemain\u012bgu izstr\u0101d\u0101jumu kvalit\u0101ti. Tilt-up konstrukcij\u0101s SBD pal\u012bdz atbalst\u012bt pane\u013cus pirms to pacel\u0161anas viet\u0101, nodro\u0161inot stabilit\u0101ti vis\u0101 saciet\u0113\u0161anas f\u0101z\u0113.<\/p>\n<p>Pateicoties iegremd\u0113tajai apdarei, SBD ir piem\u0113rots mitruma, atledo\u0161anas s\u0101\u013cu vai agres\u012bvu \u0137\u012bmisko vielu iedarb\u012bbai. \u0160\u012b \u012bpa\u0161\u012bba padara to par v\u0113lamo izv\u0113li t\u0101diem infrastrukt\u016bras projektiem k\u0101 tune\u013ci, autost\u0101vvietu konstrukcijas un j\u016bras lietojumi, kur priorit\u0101te ir iztur\u012bba pret koroziju.<\/p>\n<h2>K\u0101p\u0113c izv\u0113l\u0113ties Qingdao H&amp;F j\u016bsu pl\u0101k\u0161\u0146u Bolster iegremd\u0113ts vajadz\u012bb\u0101m?<\/h2>\n<p>K\u0101 uzticams tirdzniec\u012bbas uz\u0146\u0113mums Qingdao H&amp;F ir ap\u0146\u0113musies nodro\u0161in\u0101t augstas kvalit\u0101tes betona piederumus ar nep\u0101rsp\u0113jamu klientu atbalstu. M\u0113s izce\u013camies nozar\u0113, pied\u0101v\u0101jot individu\u0101lu klientu apkalpo\u0161anu, nodro\u0161inot, ka katrs klients sa\u0146em individu\u0101li piel\u0101gotus risin\u0101jumus, kas atbilst vi\u0146a \u012bpa\u0161aj\u0101m projekta pras\u012bb\u0101m. M\u016bsu \u0101trie pieg\u0101des cikli noz\u012bm\u0113, ka j\u016bs sa\u0146emat nepiecie\u0161amos materi\u0101lus bez liekas kav\u0113\u0161an\u0101s, nodro\u0161inot, ka j\u016bsu projekti tiek \u012bstenoti saska\u0146\u0101 ar grafiku un bud\u017eetu.<\/p>\n<p>Kvalit\u0101tes nodro\u0161in\u0101\u0161ana ir m\u016bsu galven\u0101 priorit\u0101te. M\u0113s sniedzam visaptvero\u0161us p\u0101rbaudes zi\u0146ojumus, tostarp materi\u0101lu sertifik\u0101tus un veiktsp\u0113jas test\u0113\u0161anas datus, lai j\u016bs var\u0113tu b\u016bt p\u0101rliecin\u0101ti par m\u016bsu izstr\u0101d\u0101jumu uzticam\u012bbu. Turkl\u0101t m\u0113s pied\u0101v\u0101jam konkur\u0113tsp\u0113j\u012bgas cenas, neapdraudot kvalit\u0101ti, t\u0101d\u0113j\u0101di padarot m\u016bs par rentablu izv\u0113li b\u016bvuz\u0146\u0113m\u0113jiem un pieg\u0101d\u0101t\u0101jiem, kas mekl\u0113 uzticamus betona veid\u0146u piederumus.<\/p>\n<p>Qingdao H&amp;F ir j\u016bsu partneris pl\u0101t\u0146u bolsteru iegremd\u0113\u0161anai un citiem stiegrojuma risin\u0101jumiem, un t\u0101 ir stingri ap\u0146\u0113musies nodro\u0161in\u0101t izcil\u012bbu un klientu apmierin\u0101t\u012bbu. Sazinieties ar mums jau \u0161odien, lai uzzin\u0101tu vair\u0101k par to, k\u0101 m\u0113s varam atbalst\u012bt j\u016bsu b\u016bvniec\u012bbas projektus ar augst\u0101k\u0101s klases produktiem un izcilu servisu.<\/p>","protected":false},"excerpt":{"rendered":"<p data-pm-slice=\"1 1 []\">Pl\u0101k\u0161\u0146u stiegrojums (SBD) ir b\u016btisks betona stiegrojuma piederums, kas nodro\u0161ina prec\u012bzu armat\u016bras izvietojumu un optim\u0101lu konstrukcijas integrit\u0101ti. SBD ar iegremd\u0113tu apdari, kas nodro\u0161ina izcilu iztur\u012bbu pret koroziju, nodro\u0161ina uzticamu atbalstu pl\u0101t\u0146u mont\u0101\u017eai, saliekamajiem un sl\u012bp\u0113\u0161anas darbiem. Qingdao H&amp;F garant\u0113 augst\u0101k\u0101s kvalit\u0101tes kvalit\u0101ti, sniedzot da\u017e\u0101dus p\u0101rbaudes zi\u0146ojumus, \u0101trus pieg\u0101des ciklus un individu\u0101lu klientu apkalpo\u0161anu, lai racionaliz\u0113tu j\u016bsu pirkuma pieredzi. M\u016bsu konkur\u0113tsp\u0113j\u012bg\u0101s cenas un ap\u0146em\u0161an\u0101s sasniegt izcil\u012bbu padara m\u016bs par uzticamu partneri vis\u0101m j\u016bsu b\u016bvniec\u012bbas vajadz\u012bb\u0101m.<\/p>","protected":false},"featured_media":8004,"comment_status":"open","ping_status":"closed","template":"","meta":{"site-sidebar-layout":"default","site-content-layout":"default","ast-site-content-layout":"default","site-content-style":"default","site-sidebar-style":"default","ast-global-header-display":"","ast-banner-title-visibility":"","ast-main-header-display":"","ast-hfb-above-header-display":"","ast-hfb-below-header-display":"","ast-hfb-mobile-header-display":"","site-post-title":"","ast-breadcrumbs-content":"","ast-featured-img":"","footer-sml-layout":"","theme-transparent-header-meta":"default","adv-header-id-meta":"","stick-header-meta":"default","header-above-stick-meta":"","header-main-stick-meta":"","header-below-stick-meta":"","astra-migrate-meta-layouts":"set","ast-page-background-enabled":"default","ast-page-background-meta":{"desktop":{"background-color":"","background-image":"","background-repeat":"repeat","background-position":"center center","background-size":"auto","background-attachment":"scroll","background-type":"","background-media":"","overlay-type":"","overlay-color":"","overlay-opacity":"","overlay-gradient":""},"tablet":{"background-color":"","background-image":"","background-repeat":"repeat","background-position":"center center","background-size":"auto","background-attachment":"scroll","background-type":"","background-media":"","overlay-type":"","overlay-color":"","overlay-opacity":"","overlay-gradient":""},"mobile":{"background-color":"","background-image":"","background-repeat":"repeat","background-position":"center center","background-size":"auto","background-attachment":"scroll","background-type":"","background-media":"","overlay-type":"","overlay-color":"","overlay-opacity":"","overlay-gradient":""}},"ast-content-background-meta":{"desktop":{"background-color":"var(--ast-global-color-5)","background-image":"","background-repeat":"repeat","background-position":"center center","background-size":"auto","background-attachment":"scroll","background-type":"","background-media":"","overlay-type":"","overlay-color":"","overlay-opacity":"","overlay-gradient":""},"tablet":{"background-color":"var(--ast-global-color-5)","background-image":"","background-repeat":"repeat","background-position":"center center","background-size":"auto","background-attachment":"scroll","background-type":"","background-media":"","overlay-type":"","overlay-color":"","overlay-opacity":"","overlay-gradient":""},"mobile":{"background-color":"var(--ast-global-color-5)","background-image":"","background-repeat":"repeat","background-position":"center center","background-size":"auto","background-attachment":"scroll","background-type":"","background-media":"","overlay-type":"","overlay-color":"","overlay-opacity":"","overlay-gradient":""}}},"product_brand":[],"product_cat":[35],"product_tag":[],"class_list":{"0":"post-2312","1":"product","2":"type-product","3":"status-publish","4":"has-post-thumbnail","6":"product_cat-concrete-rebar-support","7":"desktop-align-left","8":"tablet-align-left","9":"mobile-align-left","10":"ast-product-gallery-layout-horizontal-slider","11":"ast-product-tabs-layout-horizontal","13":"first","14":"instock","15":"shipping-taxable","16":"purchasable","17":"product-type-simple"},"yoast_head":"<!-- This site is optimized with the Yoast SEO plugin v25.2 - https:\/\/yoast.com\/wordpress\/plugins\/seo\/ -->\n<title>Slab Bolster Dipped SBD<\/title>\n<meta name=\"description\" content=\"Slab Bolster Dipped (SBD) is an essential accessory for concrete reinforcement, ensuring precise rebar placement and optimal structural integrity.\" \/>\n<meta name=\"robots\" content=\"index, follow, max-snippet:-1, max-image-preview:large, max-video-preview:-1\" \/>\n<link rel=\"canonical\" href=\"https:\/\/qingdaohf.com\/lv\/products\/plaksne-bolster-iegremdeta\/\" \/>\n<meta property=\"og:locale\" content=\"lv_LV\" \/>\n<meta property=\"og:type\" content=\"article\" \/>\n<meta property=\"og:title\" content=\"Slab Bolster Dipped SBD\" \/>\n<meta property=\"og:description\" content=\"Slab Bolster Dipped (SBD) is an essential accessory for concrete reinforcement, ensuring precise rebar placement and optimal structural integrity.\" \/>\n<meta property=\"og:url\" content=\"https:\/\/qingdaohf.com\/lv\/products\/plaksne-bolster-iegremdeta\/\" \/>\n<meta property=\"og:site_name\" content=\"Concrete Form &amp; Rigging Hardware Supplier\" \/>\n<meta property=\"article:publisher\" content=\"https:\/\/www.facebook.com\/qingdaohf\" \/>\n<meta property=\"article:modified_time\" content=\"2025-11-13T01:06:16+00:00\" \/>\n<meta property=\"og:image\" content=\"https:\/\/qingdaohf.com\/wp-content\/uploads\/2023\/02\/Slab-Bolster-Dipped-1-1.jpg\" \/>\n\t<meta property=\"og:image:width\" content=\"1000\" \/>\n\t<meta property=\"og:image:height\" content=\"1000\" \/>\n\t<meta property=\"og:image:type\" content=\"image\/jpeg\" \/>\n<meta name=\"twitter:card\" content=\"summary_large_image\" \/>\n<meta name=\"twitter:label1\" content=\"Est. reading time\" \/>\n\t<meta name=\"twitter:data1\" content=\"3 min\u016btes\" \/>\n<script type=\"application\/ld+json\" class=\"yoast-schema-graph\">{\"@context\":\"https:\/\/schema.org\",\"@graph\":[{\"@type\":\"WebPage\",\"@id\":\"https:\/\/qingdaohf.com\/product\/slab-bolster-dipped\/\",\"url\":\"https:\/\/qingdaohf.com\/product\/slab-bolster-dipped\/\",\"name\":\"Slab Bolster Dipped SBD\",\"isPartOf\":{\"@id\":\"https:\/\/qingdaohf.com\/bg\/#website\"},\"primaryImageOfPage\":{\"@id\":\"https:\/\/qingdaohf.com\/product\/slab-bolster-dipped\/#primaryimage\"},\"image\":{\"@id\":\"https:\/\/qingdaohf.com\/product\/slab-bolster-dipped\/#primaryimage\"},\"thumbnailUrl\":\"https:\/\/qingdaohf.com\/wp-content\/uploads\/2023\/02\/Slab-Bolster-Dipped-1-1.jpg\",\"datePublished\":\"2023-02-21T09:34:53+00:00\",\"dateModified\":\"2025-11-13T01:06:16+00:00\",\"description\":\"Slab Bolster Dipped (SBD) is an essential accessory for concrete reinforcement, ensuring precise rebar placement and optimal structural integrity.\",\"breadcrumb\":{\"@id\":\"https:\/\/qingdaohf.com\/product\/slab-bolster-dipped\/#breadcrumb\"},\"inLanguage\":\"lv-LV\",\"potentialAction\":[{\"@type\":\"ReadAction\",\"target\":[\"https:\/\/qingdaohf.com\/product\/slab-bolster-dipped\/\"]}]},{\"@type\":\"ImageObject\",\"inLanguage\":\"lv-LV\",\"@id\":\"https:\/\/qingdaohf.com\/product\/slab-bolster-dipped\/#primaryimage\",\"url\":\"https:\/\/qingdaohf.com\/wp-content\/uploads\/2023\/02\/Slab-Bolster-Dipped-1-1.jpg\",\"contentUrl\":\"https:\/\/qingdaohf.com\/wp-content\/uploads\/2023\/02\/Slab-Bolster-Dipped-1-1.jpg\",\"width\":1000,\"height\":1000,\"caption\":\"Slab Bolster Dipped\"},{\"@type\":\"BreadcrumbList\",\"@id\":\"https:\/\/qingdaohf.com\/product\/slab-bolster-dipped\/#breadcrumb\",\"itemListElement\":[{\"@type\":\"ListItem\",\"position\":1,\"name\":\"Home\",\"item\":\"https:\/\/qingdaohf.com\/\"},{\"@type\":\"ListItem\",\"position\":2,\"name\":\"Concrete Forming Accessories and Rigging Hardware\",\"item\":\"https:\/\/qingdaohf.com\/bg\/?page_id=944\"},{\"@type\":\"ListItem\",\"position\":3,\"name\":\"Slab Bolster Dipped SBD\"}]},{\"@type\":\"WebSite\",\"@id\":\"https:\/\/qingdaohf.com\/bg\/#website\",\"url\":\"https:\/\/qingdaohf.com\/bg\/\",\"name\":\"Concrete Form & Rigging Hardware Supplier\",\"description\":\"\",\"publisher\":{\"@id\":\"https:\/\/qingdaohf.com\/bg\/#organization\"},\"potentialAction\":[{\"@type\":\"SearchAction\",\"target\":{\"@type\":\"EntryPoint\",\"urlTemplate\":\"https:\/\/qingdaohf.com\/bg\/?s={search_term_string}\"},\"query-input\":{\"@type\":\"PropertyValueSpecification\",\"valueRequired\":true,\"valueName\":\"search_term_string\"}}],\"inLanguage\":\"lv-LV\"},{\"@type\":\"Organization\",\"@id\":\"https:\/\/qingdaohf.com\/bg\/#organization\",\"name\":\"Qingdao H&F\",\"url\":\"https:\/\/qingdaohf.com\/bg\/\",\"logo\":{\"@type\":\"ImageObject\",\"inLanguage\":\"lv-LV\",\"@id\":\"https:\/\/qingdaohf.com\/bg\/#\/schema\/logo\/image\/\",\"url\":\"https:\/\/qingdaohf.com\/wp-content\/uploads\/2022\/12\/cropped-HF-LOGO.png\",\"contentUrl\":\"https:\/\/qingdaohf.com\/wp-content\/uploads\/2022\/12\/cropped-HF-LOGO.png\",\"width\":391,\"height\":249,\"caption\":\"Qingdao H&F\"},\"image\":{\"@id\":\"https:\/\/qingdaohf.com\/bg\/#\/schema\/logo\/image\/\"},\"sameAs\":[\"https:\/\/www.facebook.com\/qingdaohf\"]}]}<\/script>\n<!-- \/ Yoast SEO plugin. -->","yoast_head_json":{"title":"Slab Bolster Dipped SBD","description":"Slab Bolster Dipped (SBD) is an essential accessory for concrete reinforcement, ensuring precise rebar placement and optimal structural integrity.","robots":{"index":"index","follow":"follow","max-snippet":"max-snippet:-1","max-image-preview":"max-image-preview:large","max-video-preview":"max-video-preview:-1"},"canonical":"https:\/\/qingdaohf.com\/lv\/products\/plaksne-bolster-iegremdeta\/","og_locale":"lv_LV","og_type":"article","og_title":"Slab Bolster Dipped SBD","og_description":"Slab Bolster Dipped (SBD) is an essential accessory for concrete reinforcement, ensuring precise rebar placement and optimal structural integrity.","og_url":"https:\/\/qingdaohf.com\/lv\/products\/plaksne-bolster-iegremdeta\/","og_site_name":"Concrete Form &amp; Rigging Hardware Supplier","article_publisher":"https:\/\/www.facebook.com\/qingdaohf","article_modified_time":"2025-11-13T01:06:16+00:00","og_image":[{"width":1000,"height":1000,"url":"https:\/\/qingdaohf.com\/wp-content\/uploads\/2023\/02\/Slab-Bolster-Dipped-1-1.jpg","type":"image\/jpeg"}],"twitter_card":"summary_large_image","twitter_misc":{"Est. reading time":"3 min\u016btes"},"schema":{"@context":"https:\/\/schema.org","@graph":[{"@type":"WebPage","@id":"https:\/\/qingdaohf.com\/product\/slab-bolster-dipped\/","url":"https:\/\/qingdaohf.com\/product\/slab-bolster-dipped\/","name":"Slab Bolster Dipped SBD","isPartOf":{"@id":"https:\/\/qingdaohf.com\/bg\/#website"},"primaryImageOfPage":{"@id":"https:\/\/qingdaohf.com\/product\/slab-bolster-dipped\/#primaryimage"},"image":{"@id":"https:\/\/qingdaohf.com\/product\/slab-bolster-dipped\/#primaryimage"},"thumbnailUrl":"https:\/\/qingdaohf.com\/wp-content\/uploads\/2023\/02\/Slab-Bolster-Dipped-1-1.jpg","datePublished":"2023-02-21T09:34:53+00:00","dateModified":"2025-11-13T01:06:16+00:00","description":"Slab Bolster Dipped (SBD) is an essential accessory for concrete reinforcement, ensuring precise rebar placement and optimal structural integrity.","breadcrumb":{"@id":"https:\/\/qingdaohf.com\/product\/slab-bolster-dipped\/#breadcrumb"},"inLanguage":"lv-LV","potentialAction":[{"@type":"ReadAction","target":["https:\/\/qingdaohf.com\/product\/slab-bolster-dipped\/"]}]},{"@type":"ImageObject","inLanguage":"lv-LV","@id":"https:\/\/qingdaohf.com\/product\/slab-bolster-dipped\/#primaryimage","url":"https:\/\/qingdaohf.com\/wp-content\/uploads\/2023\/02\/Slab-Bolster-Dipped-1-1.jpg","contentUrl":"https:\/\/qingdaohf.com\/wp-content\/uploads\/2023\/02\/Slab-Bolster-Dipped-1-1.jpg","width":1000,"height":1000,"caption":"Slab Bolster Dipped"},{"@type":"BreadcrumbList","@id":"https:\/\/qingdaohf.com\/product\/slab-bolster-dipped\/#breadcrumb","itemListElement":[{"@type":"ListItem","position":1,"name":"Home","item":"https:\/\/qingdaohf.com\/"},{"@type":"ListItem","position":2,"name":"Concrete Forming Accessories and Rigging Hardware","item":"https:\/\/qingdaohf.com\/bg\/?page_id=944"},{"@type":"ListItem","position":3,"name":"Slab Bolster Dipped SBD"}]},{"@type":"WebSite","@id":"https:\/\/qingdaohf.com\/bg\/#website","url":"https:\/\/qingdaohf.com\/bg\/","name":"Concrete Form & Rigging Hardware Supplier","description":"","publisher":{"@id":"https:\/\/qingdaohf.com\/bg\/#organization"},"potentialAction":[{"@type":"SearchAction","target":{"@type":"EntryPoint","urlTemplate":"https:\/\/qingdaohf.com\/bg\/?s={search_term_string}"},"query-input":{"@type":"PropertyValueSpecification","valueRequired":true,"valueName":"search_term_string"}}],"inLanguage":"lv-LV"},{"@type":"Organization","@id":"https:\/\/qingdaohf.com\/bg\/#organization","name":"Qingdao H&F","url":"https:\/\/qingdaohf.com\/bg\/","logo":{"@type":"ImageObject","inLanguage":"lv-LV","@id":"https:\/\/qingdaohf.com\/bg\/#\/schema\/logo\/image\/","url":"https:\/\/qingdaohf.com\/wp-content\/uploads\/2022\/12\/cropped-HF-LOGO.png","contentUrl":"https:\/\/qingdaohf.com\/wp-content\/uploads\/2022\/12\/cropped-HF-LOGO.png","width":391,"height":249,"caption":"Qingdao H&F"},"image":{"@id":"https:\/\/qingdaohf.com\/bg\/#\/schema\/logo\/image\/"},"sameAs":["https:\/\/www.facebook.com\/qingdaohf"]}]}},"_links":{"self":[{"href":"https:\/\/qingdaohf.com\/lv\/wp-json\/wp\/v2\/product\/2312","targetHints":{"allow":["GET"]}}],"collection":[{"href":"https:\/\/qingdaohf.com\/lv\/wp-json\/wp\/v2\/product"}],"about":[{"href":"https:\/\/qingdaohf.com\/lv\/wp-json\/wp\/v2\/types\/product"}],"replies":[{"embeddable":true,"href":"https:\/\/qingdaohf.com\/lv\/wp-json\/wp\/v2\/comments?post=2312"}],"version-history":[{"count":11,"href":"https:\/\/qingdaohf.com\/lv\/wp-json\/wp\/v2\/product\/2312\/revisions"}],"predecessor-version":[{"id":10248,"href":"https:\/\/qingdaohf.com\/lv\/wp-json\/wp\/v2\/product\/2312\/revisions\/10248"}],"wp:featuredmedia":[{"embeddable":true,"href":"https:\/\/qingdaohf.com\/lv\/wp-json\/wp\/v2\/media\/8004"}],"wp:attachment":[{"href":"https:\/\/qingdaohf.com\/lv\/wp-json\/wp\/v2\/media?parent=2312"}],"wp:term":[{"taxonomy":"product_brand","embeddable":true,"href":"https:\/\/qingdaohf.com\/lv\/wp-json\/wp\/v2\/product_brand?post=2312"},{"taxonomy":"product_cat","embeddable":true,"href":"https:\/\/qingdaohf.com\/lv\/wp-json\/wp\/v2\/product_cat?post=2312"},{"taxonomy":"product_tag","embeddable":true,"href":"https:\/\/qingdaohf.com\/lv\/wp-json\/wp\/v2\/product_tag?post=2312"}],"curies":[{"name":"wp","href":"https:\/\/api.w.org\/{rel}","templated":true}]}}