{"id":2321,"date":"2023-02-22T10:58:27","date_gmt":"2023-02-22T02:58:27","guid":{"rendered":"http:\/\/qingdaohf.com\/?post_type=product&#038;p=2321"},"modified":"2025-11-13T09:06:16","modified_gmt":"2025-11-13T01:06:16","slug":"wire-rope-cable-loop-anchor-for-lifting-loops","status":"publish","type":"product","link":"https:\/\/qingdaohf.com\/lv\/products\/stieplu-trosu-kabelu-cilpu-enkurs-celsanas-cilpam\/","title":{"rendered":"Stiep\u013cu troses ieb\u016bv\u0113t\u0101s pacel\u0161anas cilpas"},"content":{"rendered":"<p>Ieliet\u0101s stiep\u013cu troses pacel\u0161anas cilpas ir pacel\u0161anas ier\u012bces veids, kas ir paredz\u0113tas iestr\u0101d\u0101\u0161anai betona konstrukcij\u0101s lie\u0161anas procesa laik\u0101. T\u0101s sast\u0101v no cilpas, kas izgatavota no augstas stipr\u012bbas stiep\u013cu troses, kura ir piestiprin\u0101ta pl\u0101ksnei vai enkuram, kas ir iestr\u0101d\u0101ts beton\u0101.<\/p>\n<p>Cilpa tiek izmantota k\u0101 savienojuma punkts konstrukcijas pacel\u0161anai b\u016bvniec\u012bbas vai mont\u0101\u017eas laik\u0101. Kad konstrukcija ir uzst\u0101d\u012bta, pacel\u0161anas cilpu var no\u0146emt, bet beton\u0101 paliek tikai neliels caurums.<\/p>\n<p>Stiep\u013cu troses ieb\u016bv\u0113t\u0101s pacel\u0161anas cilpas parasti izmanto saliekamo betona konstrukciju, piem\u0113ram, siju, kolonnu un pl\u0101t\u0146u, b\u016bvniec\u012bb\u0101. T\u0101s nodro\u0161ina dro\u0161u un uzticamu metodi smagu kravu pacel\u0161anai un p\u0101rvieto\u0161anai b\u016bvniec\u012bbas laik\u0101 bez papildu apr\u012bkojuma vai iek\u0101rt\u0101m.<\/p>\n<p>\u0160\u012bs cilpas ir pieejamas da\u017e\u0101dos izm\u0113ros un jaud\u0101s, t\u0101p\u0113c t\u0101s ir piem\u0113rotas visda\u017e\u0101d\u0101kajiem lietojumiem. T\u0101s ir viegli uzst\u0101d\u0101mas, un t\u0101s var izmantot vair\u0101kas reizes, padarot t\u0101s par rentablu risin\u0101jumu betona konstrukciju cel\u0161anai un p\u0101rvieto\u0161anai.<\/p>\n<p><img fetchpriority=\"high\" decoding=\"async\" class=\"alignnone size-full wp-image-3231\" src=\"http:\/\/qingdaohf.com\/wp-content\/uploads\/2023\/02\/55-3.jpg\" alt=\"Stiep\u013cu tro\u0161u kabe\u013cu cilpu enkurs cel\u0161anas cilp\u0101m\" width=\"1200\" height=\"652\" srcset=\"https:\/\/qingdaohf.com\/wp-content\/uploads\/2023\/02\/55-3.jpg 1200w, https:\/\/qingdaohf.com\/wp-content\/uploads\/2023\/02\/55-3-300x163.jpg 300w, https:\/\/qingdaohf.com\/wp-content\/uploads\/2023\/02\/55-3-1024x556.jpg 1024w, https:\/\/qingdaohf.com\/wp-content\/uploads\/2023\/02\/55-3-768x417.jpg 768w, https:\/\/qingdaohf.com\/wp-content\/uploads\/2023\/02\/55-3-1000x543.jpg 1000w\" sizes=\"(max-width: 1200px) 100vw, 1200px\" \/> <img decoding=\"async\" class=\"alignnone size-full wp-image-3232\" src=\"http:\/\/qingdaohf.com\/wp-content\/uploads\/2023\/02\/Wire-Rope-Cable-Loop-Anchor-for-Lifting-Loops-1.jpg\" alt=\"Stiep\u013cu tro\u0161u kabe\u013cu cilpu enkurs cel\u0161anas cilp\u0101m\" width=\"800\" height=\"600\" srcset=\"https:\/\/qingdaohf.com\/wp-content\/uploads\/2023\/02\/Wire-Rope-Cable-Loop-Anchor-for-Lifting-Loops-1.jpg 800w, https:\/\/qingdaohf.com\/wp-content\/uploads\/2023\/02\/Wire-Rope-Cable-Loop-Anchor-for-Lifting-Loops-1-300x225.jpg 300w, https:\/\/qingdaohf.com\/wp-content\/uploads\/2023\/02\/Wire-Rope-Cable-Loop-Anchor-for-Lifting-Loops-1-768x576.jpg 768w\" sizes=\"(max-width: 800px) 100vw, 800px\" \/> <img decoding=\"async\" class=\"alignnone size-full wp-image-3233\" src=\"http:\/\/qingdaohf.com\/wp-content\/uploads\/2023\/02\/Wire-Rope-Cable-Loop-Anchor-for-Lifting-Loops-2.jpg\" alt=\"Stiep\u013cu tro\u0161u kabe\u013cu cilpu enkurs cel\u0161anas cilp\u0101m\" width=\"800\" height=\"600\" srcset=\"https:\/\/qingdaohf.com\/wp-content\/uploads\/2023\/02\/Wire-Rope-Cable-Loop-Anchor-for-Lifting-Loops-2.jpg 800w, https:\/\/qingdaohf.com\/wp-content\/uploads\/2023\/02\/Wire-Rope-Cable-Loop-Anchor-for-Lifting-Loops-2-300x225.jpg 300w, https:\/\/qingdaohf.com\/wp-content\/uploads\/2023\/02\/Wire-Rope-Cable-Loop-Anchor-for-Lifting-Loops-2-768x576.jpg 768w\" sizes=\"(max-width: 800px) 100vw, 800px\" \/> <img loading=\"lazy\" decoding=\"async\" class=\"alignnone size-full wp-image-3234\" src=\"http:\/\/qingdaohf.com\/wp-content\/uploads\/2023\/02\/Wire-Rope-Cable-Loop-Anchor-for-Lifting-Loops-3.jpg\" alt=\"Stiep\u013cu tro\u0161u kabe\u013cu cilpu enkurs cel\u0161anas cilp\u0101m\" width=\"800\" height=\"600\" srcset=\"https:\/\/qingdaohf.com\/wp-content\/uploads\/2023\/02\/Wire-Rope-Cable-Loop-Anchor-for-Lifting-Loops-3.jpg 800w, https:\/\/qingdaohf.com\/wp-content\/uploads\/2023\/02\/Wire-Rope-Cable-Loop-Anchor-for-Lifting-Loops-3-300x225.jpg 300w, https:\/\/qingdaohf.com\/wp-content\/uploads\/2023\/02\/Wire-Rope-Cable-Loop-Anchor-for-Lifting-Loops-3-768x576.jpg 768w\" sizes=\"(max-width: 800px) 100vw, 800px\" \/> <img loading=\"lazy\" decoding=\"async\" class=\"alignnone size-full wp-image-3235\" src=\"http:\/\/qingdaohf.com\/wp-content\/uploads\/2023\/02\/Wire-Rope-Cable-Loop-Anchor-for-Lifting-Loops-8.jpg\" alt=\"Stiep\u013cu tro\u0161u kabe\u013cu cilpu enkurs cel\u0161anas cilp\u0101m\" width=\"800\" height=\"600\" srcset=\"https:\/\/qingdaohf.com\/wp-content\/uploads\/2023\/02\/Wire-Rope-Cable-Loop-Anchor-for-Lifting-Loops-8.jpg 800w, https:\/\/qingdaohf.com\/wp-content\/uploads\/2023\/02\/Wire-Rope-Cable-Loop-Anchor-for-Lifting-Loops-8-300x225.jpg 300w, https:\/\/qingdaohf.com\/wp-content\/uploads\/2023\/02\/Wire-Rope-Cable-Loop-Anchor-for-Lifting-Loops-8-768x576.jpg 768w\" sizes=\"(max-width: 800px) 100vw, 800px\" \/> <img loading=\"lazy\" decoding=\"async\" class=\"alignnone size-full wp-image-3236\" src=\"http:\/\/qingdaohf.com\/wp-content\/uploads\/2023\/02\/Wire-Rope-Cable-Loop-Anchor-for-Lifting-Loops-9.jpg\" alt=\"Stiep\u013cu tro\u0161u kabe\u013cu cilpu enkurs cel\u0161anas cilp\u0101m\" width=\"800\" height=\"600\" srcset=\"https:\/\/qingdaohf.com\/wp-content\/uploads\/2023\/02\/Wire-Rope-Cable-Loop-Anchor-for-Lifting-Loops-9.jpg 800w, https:\/\/qingdaohf.com\/wp-content\/uploads\/2023\/02\/Wire-Rope-Cable-Loop-Anchor-for-Lifting-Loops-9-300x225.jpg 300w, https:\/\/qingdaohf.com\/wp-content\/uploads\/2023\/02\/Wire-Rope-Cable-Loop-Anchor-for-Lifting-Loops-9-768x576.jpg 768w\" sizes=\"(max-width: 800px) 100vw, 800px\" \/><\/p>","protected":false},"excerpt":{"rendered":"<p>Ieliet\u0101s stiep\u013cu troses pacel\u0161anas cilpas ir pacel\u0161anas ier\u012bces veids, kas ir paredz\u0113tas iestr\u0101d\u0101\u0161anai betona konstrukcij\u0101s lie\u0161anas procesa laik\u0101. T\u0101s sast\u0101v no cilpas, kas izgatavota no augstas stipr\u012bbas stiep\u013cu troses, kura ir piestiprin\u0101ta pl\u0101ksnei vai enkuram, kas ir iestr\u0101d\u0101ts beton\u0101.<\/p>","protected":false},"featured_media":3237,"comment_status":"open","ping_status":"closed","template":"","meta":{"site-sidebar-layout":"default","site-content-layout":"default","ast-site-content-layout":"","site-content-style":"default","site-sidebar-style":"default","ast-global-header-display":"","ast-banner-title-visibility":"","ast-main-header-display":"","ast-hfb-above-header-display":"","ast-hfb-below-header-display":"","ast-hfb-mobile-header-display":"","site-post-title":"","ast-breadcrumbs-content":"","ast-featured-img":"","footer-sml-layout":"","theme-transparent-header-meta":"default","adv-header-id-meta":"","stick-header-meta":"default","header-above-stick-meta":"","header-main-stick-meta":"","header-below-stick-meta":"","astra-migrate-meta-layouts":"default","ast-page-background-enabled":"default","ast-page-background-meta":{"desktop":{"background-color":"","background-image":"","background-repeat":"repeat","background-position":"center center","background-size":"auto","background-attachment":"scroll","background-type":"","background-media":"","overlay-type":"","overlay-color":"","overlay-opacity":"","overlay-gradient":""},"tablet":{"background-color":"","background-image":"","background-repeat":"repeat","background-position":"center center","background-size":"auto","background-attachment":"scroll","background-type":"","background-media":"","overlay-type":"","overlay-color":"","overlay-opacity":"","overlay-gradient":""},"mobile":{"background-color":"","background-image":"","background-repeat":"repeat","background-position":"center center","background-size":"auto","background-attachment":"scroll","background-type":"","background-media":"","overlay-type":"","overlay-color":"","overlay-opacity":"","overlay-gradient":""}},"ast-content-background-meta":{"desktop":{"background-color":"var(--ast-global-color-5)","background-image":"","background-repeat":"repeat","background-position":"center center","background-size":"auto","background-attachment":"scroll","background-type":"","background-media":"","overlay-type":"","overlay-color":"","overlay-opacity":"","overlay-gradient":""},"tablet":{"background-color":"var(--ast-global-color-5)","background-image":"","background-repeat":"repeat","background-position":"center center","background-size":"auto","background-attachment":"scroll","background-type":"","background-media":"","overlay-type":"","overlay-color":"","overlay-opacity":"","overlay-gradient":""},"mobile":{"background-color":"var(--ast-global-color-5)","background-image":"","background-repeat":"repeat","background-position":"center center","background-size":"auto","background-attachment":"scroll","background-type":"","background-media":"","overlay-type":"","overlay-color":"","overlay-opacity":"","overlay-gradient":""}}},"product_brand":[],"product_cat":[30],"product_tag":[],"class_list":{"0":"post-2321","1":"product","2":"type-product","3":"status-publish","4":"has-post-thumbnail","6":"product_cat-lifting-anchor","7":"desktop-align-left","8":"tablet-align-left","9":"mobile-align-left","10":"ast-product-gallery-layout-horizontal-slider","11":"ast-product-tabs-layout-horizontal","13":"first","14":"instock","15":"shipping-taxable","16":"purchasable","17":"product-type-simple"},"yoast_head":"<!-- This site is optimized with the Yoast SEO plugin v25.2 - https:\/\/yoast.com\/wordpress\/plugins\/seo\/ -->\n<title>Wire Rope Cast-in Lifting Loops<\/title>\n<meta name=\"description\" content=\"Wire Rope Cast-in Lifting Loops are a type of lifting device that is designed to be embedded into concrete structures during the casting process.\" \/>\n<meta name=\"robots\" content=\"index, follow, max-snippet:-1, max-image-preview:large, max-video-preview:-1\" \/>\n<link rel=\"canonical\" href=\"https:\/\/qingdaohf.com\/lv\/products\/stieplu-trosu-kabelu-cilpu-enkurs-celsanas-cilpam\/\" \/>\n<meta property=\"og:locale\" content=\"lv_LV\" \/>\n<meta property=\"og:type\" content=\"article\" \/>\n<meta property=\"og:title\" content=\"Wire Rope Cast-in Lifting Loops\" \/>\n<meta property=\"og:description\" content=\"Wire Rope Cast-in Lifting Loops are a type of lifting device that is designed to be embedded into concrete structures during the casting process.\" \/>\n<meta property=\"og:url\" content=\"https:\/\/qingdaohf.com\/lv\/products\/stieplu-trosu-kabelu-cilpu-enkurs-celsanas-cilpam\/\" \/>\n<meta property=\"og:site_name\" content=\"Concrete Form &amp; Rigging Hardware Supplier\" \/>\n<meta property=\"article:publisher\" content=\"https:\/\/www.facebook.com\/qingdaohf\" \/>\n<meta property=\"article:modified_time\" content=\"2025-11-13T01:06:16+00:00\" \/>\n<meta property=\"og:image\" content=\"https:\/\/qingdaohf.com\/wp-content\/uploads\/2023\/02\/Wire-Rope-Cable-Loop-Anchor-for-Lifting-Loops-5.jpg\" \/>\n\t<meta property=\"og:image:width\" content=\"1000\" \/>\n\t<meta property=\"og:image:height\" content=\"1000\" \/>\n\t<meta property=\"og:image:type\" content=\"image\/jpeg\" \/>\n<meta name=\"twitter:card\" content=\"summary_large_image\" \/>\n<meta name=\"twitter:label1\" content=\"Est. reading time\" \/>\n\t<meta name=\"twitter:data1\" content=\"2 min\u016btes\" \/>\n<script type=\"application\/ld+json\" class=\"yoast-schema-graph\">{\"@context\":\"https:\/\/schema.org\",\"@graph\":[{\"@type\":\"WebPage\",\"@id\":\"https:\/\/qingdaohf.com\/product\/wire-rope-cable-loop-anchor-for-lifting-loops\/\",\"url\":\"https:\/\/qingdaohf.com\/product\/wire-rope-cable-loop-anchor-for-lifting-loops\/\",\"name\":\"Wire Rope Cast-in Lifting Loops\",\"isPartOf\":{\"@id\":\"https:\/\/qingdaohf.com\/bg\/#website\"},\"primaryImageOfPage\":{\"@id\":\"https:\/\/qingdaohf.com\/product\/wire-rope-cable-loop-anchor-for-lifting-loops\/#primaryimage\"},\"image\":{\"@id\":\"https:\/\/qingdaohf.com\/product\/wire-rope-cable-loop-anchor-for-lifting-loops\/#primaryimage\"},\"thumbnailUrl\":\"https:\/\/qingdaohf.com\/wp-content\/uploads\/2023\/02\/Wire-Rope-Cable-Loop-Anchor-for-Lifting-Loops-5.jpg\",\"datePublished\":\"2023-02-22T02:58:27+00:00\",\"dateModified\":\"2025-11-13T01:06:16+00:00\",\"description\":\"Wire Rope Cast-in Lifting Loops are a type of lifting device that is designed to be embedded into concrete structures during the casting process.\",\"breadcrumb\":{\"@id\":\"https:\/\/qingdaohf.com\/product\/wire-rope-cable-loop-anchor-for-lifting-loops\/#breadcrumb\"},\"inLanguage\":\"lv-LV\",\"potentialAction\":[{\"@type\":\"ReadAction\",\"target\":[\"https:\/\/qingdaohf.com\/product\/wire-rope-cable-loop-anchor-for-lifting-loops\/\"]}]},{\"@type\":\"ImageObject\",\"inLanguage\":\"lv-LV\",\"@id\":\"https:\/\/qingdaohf.com\/product\/wire-rope-cable-loop-anchor-for-lifting-loops\/#primaryimage\",\"url\":\"https:\/\/qingdaohf.com\/wp-content\/uploads\/2023\/02\/Wire-Rope-Cable-Loop-Anchor-for-Lifting-Loops-5.jpg\",\"contentUrl\":\"https:\/\/qingdaohf.com\/wp-content\/uploads\/2023\/02\/Wire-Rope-Cable-Loop-Anchor-for-Lifting-Loops-5.jpg\",\"width\":1000,\"height\":1000},{\"@type\":\"BreadcrumbList\",\"@id\":\"https:\/\/qingdaohf.com\/product\/wire-rope-cable-loop-anchor-for-lifting-loops\/#breadcrumb\",\"itemListElement\":[{\"@type\":\"ListItem\",\"position\":1,\"name\":\"Home\",\"item\":\"https:\/\/qingdaohf.com\/\"},{\"@type\":\"ListItem\",\"position\":2,\"name\":\"Concrete Forming Accessories and Rigging Hardware\",\"item\":\"https:\/\/qingdaohf.com\/bg\/?page_id=944\"},{\"@type\":\"ListItem\",\"position\":3,\"name\":\"Wire Rope Cast-in Lifting Loops\"}]},{\"@type\":\"WebSite\",\"@id\":\"https:\/\/qingdaohf.com\/bg\/#website\",\"url\":\"https:\/\/qingdaohf.com\/bg\/\",\"name\":\"Concrete Form & Rigging Hardware Supplier\",\"description\":\"\",\"publisher\":{\"@id\":\"https:\/\/qingdaohf.com\/bg\/#organization\"},\"potentialAction\":[{\"@type\":\"SearchAction\",\"target\":{\"@type\":\"EntryPoint\",\"urlTemplate\":\"https:\/\/qingdaohf.com\/bg\/?s={search_term_string}\"},\"query-input\":{\"@type\":\"PropertyValueSpecification\",\"valueRequired\":true,\"valueName\":\"search_term_string\"}}],\"inLanguage\":\"lv-LV\"},{\"@type\":\"Organization\",\"@id\":\"https:\/\/qingdaohf.com\/bg\/#organization\",\"name\":\"Qingdao H&F\",\"url\":\"https:\/\/qingdaohf.com\/bg\/\",\"logo\":{\"@type\":\"ImageObject\",\"inLanguage\":\"lv-LV\",\"@id\":\"https:\/\/qingdaohf.com\/bg\/#\/schema\/logo\/image\/\",\"url\":\"https:\/\/qingdaohf.com\/wp-content\/uploads\/2022\/12\/cropped-HF-LOGO.png\",\"contentUrl\":\"https:\/\/qingdaohf.com\/wp-content\/uploads\/2022\/12\/cropped-HF-LOGO.png\",\"width\":391,\"height\":249,\"caption\":\"Qingdao H&F\"},\"image\":{\"@id\":\"https:\/\/qingdaohf.com\/bg\/#\/schema\/logo\/image\/\"},\"sameAs\":[\"https:\/\/www.facebook.com\/qingdaohf\"]}]}<\/script>\n<!-- \/ Yoast SEO plugin. -->","yoast_head_json":{"title":"Wire Rope Cast-in Lifting Loops","description":"Wire Rope Cast-in Lifting Loops are a type of lifting device that is designed to be embedded into concrete structures during the casting process.","robots":{"index":"index","follow":"follow","max-snippet":"max-snippet:-1","max-image-preview":"max-image-preview:large","max-video-preview":"max-video-preview:-1"},"canonical":"https:\/\/qingdaohf.com\/lv\/products\/stieplu-trosu-kabelu-cilpu-enkurs-celsanas-cilpam\/","og_locale":"lv_LV","og_type":"article","og_title":"Wire Rope Cast-in Lifting Loops","og_description":"Wire Rope Cast-in Lifting Loops are a type of lifting device that is designed to be embedded into concrete structures during the casting process.","og_url":"https:\/\/qingdaohf.com\/lv\/products\/stieplu-trosu-kabelu-cilpu-enkurs-celsanas-cilpam\/","og_site_name":"Concrete Form &amp; Rigging Hardware Supplier","article_publisher":"https:\/\/www.facebook.com\/qingdaohf","article_modified_time":"2025-11-13T01:06:16+00:00","og_image":[{"width":1000,"height":1000,"url":"https:\/\/qingdaohf.com\/wp-content\/uploads\/2023\/02\/Wire-Rope-Cable-Loop-Anchor-for-Lifting-Loops-5.jpg","type":"image\/jpeg"}],"twitter_card":"summary_large_image","twitter_misc":{"Est. reading time":"2 min\u016btes"},"schema":{"@context":"https:\/\/schema.org","@graph":[{"@type":"WebPage","@id":"https:\/\/qingdaohf.com\/product\/wire-rope-cable-loop-anchor-for-lifting-loops\/","url":"https:\/\/qingdaohf.com\/product\/wire-rope-cable-loop-anchor-for-lifting-loops\/","name":"Wire Rope Cast-in Lifting Loops","isPartOf":{"@id":"https:\/\/qingdaohf.com\/bg\/#website"},"primaryImageOfPage":{"@id":"https:\/\/qingdaohf.com\/product\/wire-rope-cable-loop-anchor-for-lifting-loops\/#primaryimage"},"image":{"@id":"https:\/\/qingdaohf.com\/product\/wire-rope-cable-loop-anchor-for-lifting-loops\/#primaryimage"},"thumbnailUrl":"https:\/\/qingdaohf.com\/wp-content\/uploads\/2023\/02\/Wire-Rope-Cable-Loop-Anchor-for-Lifting-Loops-5.jpg","datePublished":"2023-02-22T02:58:27+00:00","dateModified":"2025-11-13T01:06:16+00:00","description":"Wire Rope Cast-in Lifting Loops are a type of lifting device that is designed to be embedded into concrete structures during the casting process.","breadcrumb":{"@id":"https:\/\/qingdaohf.com\/product\/wire-rope-cable-loop-anchor-for-lifting-loops\/#breadcrumb"},"inLanguage":"lv-LV","potentialAction":[{"@type":"ReadAction","target":["https:\/\/qingdaohf.com\/product\/wire-rope-cable-loop-anchor-for-lifting-loops\/"]}]},{"@type":"ImageObject","inLanguage":"lv-LV","@id":"https:\/\/qingdaohf.com\/product\/wire-rope-cable-loop-anchor-for-lifting-loops\/#primaryimage","url":"https:\/\/qingdaohf.com\/wp-content\/uploads\/2023\/02\/Wire-Rope-Cable-Loop-Anchor-for-Lifting-Loops-5.jpg","contentUrl":"https:\/\/qingdaohf.com\/wp-content\/uploads\/2023\/02\/Wire-Rope-Cable-Loop-Anchor-for-Lifting-Loops-5.jpg","width":1000,"height":1000},{"@type":"BreadcrumbList","@id":"https:\/\/qingdaohf.com\/product\/wire-rope-cable-loop-anchor-for-lifting-loops\/#breadcrumb","itemListElement":[{"@type":"ListItem","position":1,"name":"Home","item":"https:\/\/qingdaohf.com\/"},{"@type":"ListItem","position":2,"name":"Concrete Forming Accessories and Rigging Hardware","item":"https:\/\/qingdaohf.com\/bg\/?page_id=944"},{"@type":"ListItem","position":3,"name":"Wire Rope Cast-in Lifting Loops"}]},{"@type":"WebSite","@id":"https:\/\/qingdaohf.com\/bg\/#website","url":"https:\/\/qingdaohf.com\/bg\/","name":"Concrete Form & Rigging Hardware Supplier","description":"","publisher":{"@id":"https:\/\/qingdaohf.com\/bg\/#organization"},"potentialAction":[{"@type":"SearchAction","target":{"@type":"EntryPoint","urlTemplate":"https:\/\/qingdaohf.com\/bg\/?s={search_term_string}"},"query-input":{"@type":"PropertyValueSpecification","valueRequired":true,"valueName":"search_term_string"}}],"inLanguage":"lv-LV"},{"@type":"Organization","@id":"https:\/\/qingdaohf.com\/bg\/#organization","name":"Qingdao H&F","url":"https:\/\/qingdaohf.com\/bg\/","logo":{"@type":"ImageObject","inLanguage":"lv-LV","@id":"https:\/\/qingdaohf.com\/bg\/#\/schema\/logo\/image\/","url":"https:\/\/qingdaohf.com\/wp-content\/uploads\/2022\/12\/cropped-HF-LOGO.png","contentUrl":"https:\/\/qingdaohf.com\/wp-content\/uploads\/2022\/12\/cropped-HF-LOGO.png","width":391,"height":249,"caption":"Qingdao H&F"},"image":{"@id":"https:\/\/qingdaohf.com\/bg\/#\/schema\/logo\/image\/"},"sameAs":["https:\/\/www.facebook.com\/qingdaohf"]}]}},"_links":{"self":[{"href":"https:\/\/qingdaohf.com\/lv\/wp-json\/wp\/v2\/product\/2321","targetHints":{"allow":["GET"]}}],"collection":[{"href":"https:\/\/qingdaohf.com\/lv\/wp-json\/wp\/v2\/product"}],"about":[{"href":"https:\/\/qingdaohf.com\/lv\/wp-json\/wp\/v2\/types\/product"}],"replies":[{"embeddable":true,"href":"https:\/\/qingdaohf.com\/lv\/wp-json\/wp\/v2\/comments?post=2321"}],"version-history":[{"count":2,"href":"https:\/\/qingdaohf.com\/lv\/wp-json\/wp\/v2\/product\/2321\/revisions"}],"predecessor-version":[{"id":5361,"href":"https:\/\/qingdaohf.com\/lv\/wp-json\/wp\/v2\/product\/2321\/revisions\/5361"}],"wp:featuredmedia":[{"embeddable":true,"href":"https:\/\/qingdaohf.com\/lv\/wp-json\/wp\/v2\/media\/3237"}],"wp:attachment":[{"href":"https:\/\/qingdaohf.com\/lv\/wp-json\/wp\/v2\/media?parent=2321"}],"wp:term":[{"taxonomy":"product_brand","embeddable":true,"href":"https:\/\/qingdaohf.com\/lv\/wp-json\/wp\/v2\/product_brand?post=2321"},{"taxonomy":"product_cat","embeddable":true,"href":"https:\/\/qingdaohf.com\/lv\/wp-json\/wp\/v2\/product_cat?post=2321"},{"taxonomy":"product_tag","embeddable":true,"href":"https:\/\/qingdaohf.com\/lv\/wp-json\/wp\/v2\/product_tag?post=2321"}],"curies":[{"name":"wp","href":"https:\/\/api.w.org\/{rel}","templated":true}]}}