{"id":2329,"date":"2023-02-23T11:13:23","date_gmt":"2023-02-23T03:13:23","guid":{"rendered":"http:\/\/qingdaohf.com\/?post_type=product&#038;p=2329"},"modified":"2025-11-13T09:05:54","modified_gmt":"2025-11-13T01:05:54","slug":"flared-thin-slab-ferrule-insert","status":"publish","type":"product","link":"https:\/\/qingdaohf.com\/lv\/products\/izliekts-planas-platnes-uzmavas-ieliktnis\/","title":{"rendered":"Paplatin\u0101ts pl\u0101ns pl\u0101k\u0161\u0146u uzmavas ieliktnis Spoles ieliktnis"},"content":{"rendered":"<p>Pl\u0101n\u0101s pl\u0101tnes uzmavas ielikt\u0146a izliekt\u0101 konstrukcija nodro\u0161ina liel\u0101ku neso\u0161o virsmu un liel\u0101ku nestsp\u0113ju, sal\u012bdzinot ar tradicion\u0101lajiem spir\u0101les ielikt\u0146iem. Tas padara to par ide\u0101lu izv\u0113li izmanto\u0161anai pl\u0101n\u0101s betona pl\u0101tn\u0113s, kur ir pieejams neliels stiprin\u0101juma laukums.<\/p>\n<p>Viena no galvenaj\u0101m priek\u0161roc\u012bb\u0101m, ko sniedz izfr\u0113z\u0113to pl\u0101n\u0101s pl\u0101tnes uzmavas ielikt\u0146a spir\u0101les ielikt\u0146a lieto\u0161ana, ir t\u0101 vienk\u0101r\u0161\u0101 uzst\u0101d\u012b\u0161ana. \u0160o ieliktni var \u0101tri un viegli uzst\u0101d\u012bt, izmantojot standarta instrumentus, un tam nav nepiecie\u0161ams speci\u0101ls apr\u012bkojums vai speci\u0101las zin\u0101\u0161anas. Tas var ietaup\u012bt laiku un samazin\u0101t darba izmaksas b\u016bvniec\u012bbas projektos.<\/p>\n<p><img fetchpriority=\"high\" decoding=\"async\" class=\"alignnone size-full wp-image-3184\" src=\"http:\/\/qingdaohf.com\/wp-content\/uploads\/2023\/02\/Flared-Thin-Slab-Ferrule-Insert-1-1.jpg\" alt=\"Paplatin\u0101tas pl\u0101n\u0101s pl\u0101tnes uzmavas ieliktnis\" width=\"1200\" height=\"736\" srcset=\"https:\/\/qingdaohf.com\/wp-content\/uploads\/2023\/02\/Flared-Thin-Slab-Ferrule-Insert-1-1.jpg 1200w, https:\/\/qingdaohf.com\/wp-content\/uploads\/2023\/02\/Flared-Thin-Slab-Ferrule-Insert-1-1-300x184.jpg 300w, https:\/\/qingdaohf.com\/wp-content\/uploads\/2023\/02\/Flared-Thin-Slab-Ferrule-Insert-1-1-1024x628.jpg 1024w, https:\/\/qingdaohf.com\/wp-content\/uploads\/2023\/02\/Flared-Thin-Slab-Ferrule-Insert-1-1-768x471.jpg 768w, https:\/\/qingdaohf.com\/wp-content\/uploads\/2023\/02\/Flared-Thin-Slab-Ferrule-Insert-1-1-1000x613.jpg 1000w\" sizes=\"(max-width: 1200px) 100vw, 1200px\" \/> <img decoding=\"async\" class=\"alignnone size-full wp-image-3185\" src=\"http:\/\/qingdaohf.com\/wp-content\/uploads\/2023\/02\/Flared-Thin-Slab-Ferrule-Insert-2-1.jpg\" alt=\"Paplatin\u0101tas pl\u0101n\u0101s pl\u0101tnes uzmavas ieliktnis\" width=\"1200\" height=\"524\" srcset=\"https:\/\/qingdaohf.com\/wp-content\/uploads\/2023\/02\/Flared-Thin-Slab-Ferrule-Insert-2-1.jpg 1200w, https:\/\/qingdaohf.com\/wp-content\/uploads\/2023\/02\/Flared-Thin-Slab-Ferrule-Insert-2-1-300x131.jpg 300w, https:\/\/qingdaohf.com\/wp-content\/uploads\/2023\/02\/Flared-Thin-Slab-Ferrule-Insert-2-1-1024x447.jpg 1024w, https:\/\/qingdaohf.com\/wp-content\/uploads\/2023\/02\/Flared-Thin-Slab-Ferrule-Insert-2-1-768x335.jpg 768w, https:\/\/qingdaohf.com\/wp-content\/uploads\/2023\/02\/Flared-Thin-Slab-Ferrule-Insert-2-1-1000x437.jpg 1000w\" sizes=\"(max-width: 1200px) 100vw, 1200px\" \/><\/p>","protected":false},"excerpt":{"rendered":"<p>Paplatin\u0101t\u0101 pl\u0101n\u0101s pl\u0101tnes stiegrojuma ielikt\u0146a spir\u0101les ieliktnis ir meh\u0101niska enkuru sist\u0113ma, ko izmanto, lai nodro\u0161in\u0101tu armat\u016bru un atbalstu betona konstrukcij\u0101s. \u0160is ielikt\u0146a veids sast\u0101v no t\u0113rauda spir\u0101les, kas ir apt\u012bta ap konusveida plastmasas uzmavu, kura p\u0113c tam tiek ievietota iepriek\u0161 urbt\u0101 caurum\u0101 beton\u0101. Spir\u0101le izple\u0161as, cie\u0161i satverot cauruma sieni\u0146as, t\u0101d\u0113j\u0101di radot sp\u0113c\u012bgu un uzticamu enkurpunktu.<\/p>","protected":false},"featured_media":3180,"comment_status":"open","ping_status":"closed","template":"","meta":{"site-sidebar-layout":"default","site-content-layout":"default","ast-site-content-layout":"","site-content-style":"default","site-sidebar-style":"default","ast-global-header-display":"","ast-banner-title-visibility":"","ast-main-header-display":"","ast-hfb-above-header-display":"","ast-hfb-below-header-display":"","ast-hfb-mobile-header-display":"","site-post-title":"","ast-breadcrumbs-content":"","ast-featured-img":"","footer-sml-layout":"","theme-transparent-header-meta":"default","adv-header-id-meta":"","stick-header-meta":"default","header-above-stick-meta":"","header-main-stick-meta":"","header-below-stick-meta":"","astra-migrate-meta-layouts":"default","ast-page-background-enabled":"default","ast-page-background-meta":{"desktop":{"background-color":"","background-image":"","background-repeat":"repeat","background-position":"center center","background-size":"auto","background-attachment":"scroll","background-type":"","background-media":"","overlay-type":"","overlay-color":"","overlay-opacity":"","overlay-gradient":""},"tablet":{"background-color":"","background-image":"","background-repeat":"repeat","background-position":"center center","background-size":"auto","background-attachment":"scroll","background-type":"","background-media":"","overlay-type":"","overlay-color":"","overlay-opacity":"","overlay-gradient":""},"mobile":{"background-color":"","background-image":"","background-repeat":"repeat","background-position":"center center","background-size":"auto","background-attachment":"scroll","background-type":"","background-media":"","overlay-type":"","overlay-color":"","overlay-opacity":"","overlay-gradient":""}},"ast-content-background-meta":{"desktop":{"background-color":"var(--ast-global-color-5)","background-image":"","background-repeat":"repeat","background-position":"center center","background-size":"auto","background-attachment":"scroll","background-type":"","background-media":"","overlay-type":"","overlay-color":"","overlay-opacity":"","overlay-gradient":""},"tablet":{"background-color":"var(--ast-global-color-5)","background-image":"","background-repeat":"repeat","background-position":"center center","background-size":"auto","background-attachment":"scroll","background-type":"","background-media":"","overlay-type":"","overlay-color":"","overlay-opacity":"","overlay-gradient":""},"mobile":{"background-color":"var(--ast-global-color-5)","background-image":"","background-repeat":"repeat","background-position":"center center","background-size":"auto","background-attachment":"scroll","background-type":"","background-media":"","overlay-type":"","overlay-color":"","overlay-opacity":"","overlay-gradient":""}}},"product_brand":[],"product_cat":[28],"product_tag":[],"class_list":{"0":"post-2329","1":"product","2":"type-product","3":"status-publish","4":"has-post-thumbnail","6":"product_cat-concrete-forming","7":"desktop-align-left","8":"tablet-align-left","9":"mobile-align-left","10":"ast-product-gallery-layout-horizontal-slider","11":"ast-product-tabs-layout-horizontal","13":"first","14":"instock","15":"shipping-taxable","16":"purchasable","17":"product-type-simple"},"yoast_head":"<!-- This site is optimized with the Yoast SEO plugin v25.2 - https:\/\/yoast.com\/wordpress\/plugins\/seo\/ -->\n<title>Flared Thin Slab Ferrule Insert Coil Insert<\/title>\n<meta name=\"description\" content=\"The Flared Thin Slab Ferrule Insert Coil Insert is a mechanical anchor system used to provide reinforcement and support in concrete structures.\" \/>\n<meta name=\"robots\" content=\"index, follow, max-snippet:-1, max-image-preview:large, max-video-preview:-1\" \/>\n<link rel=\"canonical\" href=\"https:\/\/qingdaohf.com\/lv\/products\/izliekts-planas-platnes-uzmavas-ieliktnis\/\" \/>\n<meta property=\"og:locale\" content=\"lv_LV\" \/>\n<meta property=\"og:type\" content=\"article\" \/>\n<meta property=\"og:title\" content=\"Flared Thin Slab Ferrule Insert Coil Insert\" \/>\n<meta property=\"og:description\" content=\"The Flared Thin Slab Ferrule Insert Coil Insert is a mechanical anchor system used to provide reinforcement and support in concrete structures.\" \/>\n<meta property=\"og:url\" content=\"https:\/\/qingdaohf.com\/lv\/products\/izliekts-planas-platnes-uzmavas-ieliktnis\/\" \/>\n<meta property=\"og:site_name\" content=\"Concrete Form &amp; Rigging Hardware Supplier\" \/>\n<meta property=\"article:publisher\" content=\"https:\/\/www.facebook.com\/qingdaohf\" \/>\n<meta property=\"article:modified_time\" content=\"2025-11-13T01:05:54+00:00\" \/>\n<meta property=\"og:image\" content=\"https:\/\/qingdaohf.com\/wp-content\/uploads\/2023\/02\/Flared-Thin-Slab-Ferrule-Insert-9.jpg\" \/>\n\t<meta property=\"og:image:width\" content=\"1000\" \/>\n\t<meta property=\"og:image:height\" content=\"1000\" \/>\n\t<meta property=\"og:image:type\" content=\"image\/jpeg\" \/>\n<meta name=\"twitter:card\" content=\"summary_large_image\" \/>\n<meta name=\"twitter:label1\" content=\"Est. reading time\" \/>\n\t<meta name=\"twitter:data1\" content=\"1 min\u016bte\" \/>\n<script type=\"application\/ld+json\" class=\"yoast-schema-graph\">{\"@context\":\"https:\/\/schema.org\",\"@graph\":[{\"@type\":\"WebPage\",\"@id\":\"https:\/\/qingdaohf.com\/product\/flared-thin-slab-ferrule-insert\/\",\"url\":\"https:\/\/qingdaohf.com\/product\/flared-thin-slab-ferrule-insert\/\",\"name\":\"Flared Thin Slab Ferrule Insert Coil Insert\",\"isPartOf\":{\"@id\":\"https:\/\/qingdaohf.com\/bg\/#website\"},\"primaryImageOfPage\":{\"@id\":\"https:\/\/qingdaohf.com\/product\/flared-thin-slab-ferrule-insert\/#primaryimage\"},\"image\":{\"@id\":\"https:\/\/qingdaohf.com\/product\/flared-thin-slab-ferrule-insert\/#primaryimage\"},\"thumbnailUrl\":\"https:\/\/qingdaohf.com\/wp-content\/uploads\/2023\/02\/Flared-Thin-Slab-Ferrule-Insert-9.jpg\",\"datePublished\":\"2023-02-23T03:13:23+00:00\",\"dateModified\":\"2025-11-13T01:05:54+00:00\",\"description\":\"The Flared Thin Slab Ferrule Insert Coil Insert is a mechanical anchor system used to provide reinforcement and support in concrete structures.\",\"breadcrumb\":{\"@id\":\"https:\/\/qingdaohf.com\/product\/flared-thin-slab-ferrule-insert\/#breadcrumb\"},\"inLanguage\":\"lv-LV\",\"potentialAction\":[{\"@type\":\"ReadAction\",\"target\":[\"https:\/\/qingdaohf.com\/product\/flared-thin-slab-ferrule-insert\/\"]}]},{\"@type\":\"ImageObject\",\"inLanguage\":\"lv-LV\",\"@id\":\"https:\/\/qingdaohf.com\/product\/flared-thin-slab-ferrule-insert\/#primaryimage\",\"url\":\"https:\/\/qingdaohf.com\/wp-content\/uploads\/2023\/02\/Flared-Thin-Slab-Ferrule-Insert-9.jpg\",\"contentUrl\":\"https:\/\/qingdaohf.com\/wp-content\/uploads\/2023\/02\/Flared-Thin-Slab-Ferrule-Insert-9.jpg\",\"width\":1000,\"height\":1000,\"caption\":\"Flared Thin Slab Ferrule Insert\"},{\"@type\":\"BreadcrumbList\",\"@id\":\"https:\/\/qingdaohf.com\/product\/flared-thin-slab-ferrule-insert\/#breadcrumb\",\"itemListElement\":[{\"@type\":\"ListItem\",\"position\":1,\"name\":\"Home\",\"item\":\"https:\/\/qingdaohf.com\/\"},{\"@type\":\"ListItem\",\"position\":2,\"name\":\"Concrete Forming Accessories and Rigging Hardware\",\"item\":\"https:\/\/qingdaohf.com\/bg\/?page_id=944\"},{\"@type\":\"ListItem\",\"position\":3,\"name\":\"Flared Thin Slab Ferrule Insert Coil Insert\"}]},{\"@type\":\"WebSite\",\"@id\":\"https:\/\/qingdaohf.com\/bg\/#website\",\"url\":\"https:\/\/qingdaohf.com\/bg\/\",\"name\":\"Concrete Form & Rigging Hardware Supplier\",\"description\":\"\",\"publisher\":{\"@id\":\"https:\/\/qingdaohf.com\/bg\/#organization\"},\"potentialAction\":[{\"@type\":\"SearchAction\",\"target\":{\"@type\":\"EntryPoint\",\"urlTemplate\":\"https:\/\/qingdaohf.com\/bg\/?s={search_term_string}\"},\"query-input\":{\"@type\":\"PropertyValueSpecification\",\"valueRequired\":true,\"valueName\":\"search_term_string\"}}],\"inLanguage\":\"lv-LV\"},{\"@type\":\"Organization\",\"@id\":\"https:\/\/qingdaohf.com\/bg\/#organization\",\"name\":\"Qingdao H&F\",\"url\":\"https:\/\/qingdaohf.com\/bg\/\",\"logo\":{\"@type\":\"ImageObject\",\"inLanguage\":\"lv-LV\",\"@id\":\"https:\/\/qingdaohf.com\/bg\/#\/schema\/logo\/image\/\",\"url\":\"https:\/\/qingdaohf.com\/wp-content\/uploads\/2022\/12\/cropped-HF-LOGO.png\",\"contentUrl\":\"https:\/\/qingdaohf.com\/wp-content\/uploads\/2022\/12\/cropped-HF-LOGO.png\",\"width\":391,\"height\":249,\"caption\":\"Qingdao H&F\"},\"image\":{\"@id\":\"https:\/\/qingdaohf.com\/bg\/#\/schema\/logo\/image\/\"},\"sameAs\":[\"https:\/\/www.facebook.com\/qingdaohf\"]}]}<\/script>\n<!-- \/ Yoast SEO plugin. -->","yoast_head_json":{"title":"Flared Thin Slab Ferrule Insert Coil Insert","description":"The Flared Thin Slab Ferrule Insert Coil Insert is a mechanical anchor system used to provide reinforcement and support in concrete structures.","robots":{"index":"index","follow":"follow","max-snippet":"max-snippet:-1","max-image-preview":"max-image-preview:large","max-video-preview":"max-video-preview:-1"},"canonical":"https:\/\/qingdaohf.com\/lv\/products\/izliekts-planas-platnes-uzmavas-ieliktnis\/","og_locale":"lv_LV","og_type":"article","og_title":"Flared Thin Slab Ferrule Insert Coil Insert","og_description":"The Flared Thin Slab Ferrule Insert Coil Insert is a mechanical anchor system used to provide reinforcement and support in concrete structures.","og_url":"https:\/\/qingdaohf.com\/lv\/products\/izliekts-planas-platnes-uzmavas-ieliktnis\/","og_site_name":"Concrete Form &amp; Rigging Hardware Supplier","article_publisher":"https:\/\/www.facebook.com\/qingdaohf","article_modified_time":"2025-11-13T01:05:54+00:00","og_image":[{"width":1000,"height":1000,"url":"https:\/\/qingdaohf.com\/wp-content\/uploads\/2023\/02\/Flared-Thin-Slab-Ferrule-Insert-9.jpg","type":"image\/jpeg"}],"twitter_card":"summary_large_image","twitter_misc":{"Est. reading time":"1 min\u016bte"},"schema":{"@context":"https:\/\/schema.org","@graph":[{"@type":"WebPage","@id":"https:\/\/qingdaohf.com\/product\/flared-thin-slab-ferrule-insert\/","url":"https:\/\/qingdaohf.com\/product\/flared-thin-slab-ferrule-insert\/","name":"Flared Thin Slab Ferrule Insert Coil Insert","isPartOf":{"@id":"https:\/\/qingdaohf.com\/bg\/#website"},"primaryImageOfPage":{"@id":"https:\/\/qingdaohf.com\/product\/flared-thin-slab-ferrule-insert\/#primaryimage"},"image":{"@id":"https:\/\/qingdaohf.com\/product\/flared-thin-slab-ferrule-insert\/#primaryimage"},"thumbnailUrl":"https:\/\/qingdaohf.com\/wp-content\/uploads\/2023\/02\/Flared-Thin-Slab-Ferrule-Insert-9.jpg","datePublished":"2023-02-23T03:13:23+00:00","dateModified":"2025-11-13T01:05:54+00:00","description":"The Flared Thin Slab Ferrule Insert Coil Insert is a mechanical anchor system used to provide reinforcement and support in concrete structures.","breadcrumb":{"@id":"https:\/\/qingdaohf.com\/product\/flared-thin-slab-ferrule-insert\/#breadcrumb"},"inLanguage":"lv-LV","potentialAction":[{"@type":"ReadAction","target":["https:\/\/qingdaohf.com\/product\/flared-thin-slab-ferrule-insert\/"]}]},{"@type":"ImageObject","inLanguage":"lv-LV","@id":"https:\/\/qingdaohf.com\/product\/flared-thin-slab-ferrule-insert\/#primaryimage","url":"https:\/\/qingdaohf.com\/wp-content\/uploads\/2023\/02\/Flared-Thin-Slab-Ferrule-Insert-9.jpg","contentUrl":"https:\/\/qingdaohf.com\/wp-content\/uploads\/2023\/02\/Flared-Thin-Slab-Ferrule-Insert-9.jpg","width":1000,"height":1000,"caption":"Flared Thin Slab Ferrule Insert"},{"@type":"BreadcrumbList","@id":"https:\/\/qingdaohf.com\/product\/flared-thin-slab-ferrule-insert\/#breadcrumb","itemListElement":[{"@type":"ListItem","position":1,"name":"Home","item":"https:\/\/qingdaohf.com\/"},{"@type":"ListItem","position":2,"name":"Concrete Forming Accessories and Rigging Hardware","item":"https:\/\/qingdaohf.com\/bg\/?page_id=944"},{"@type":"ListItem","position":3,"name":"Flared Thin Slab Ferrule Insert Coil Insert"}]},{"@type":"WebSite","@id":"https:\/\/qingdaohf.com\/bg\/#website","url":"https:\/\/qingdaohf.com\/bg\/","name":"Concrete Form & Rigging Hardware Supplier","description":"","publisher":{"@id":"https:\/\/qingdaohf.com\/bg\/#organization"},"potentialAction":[{"@type":"SearchAction","target":{"@type":"EntryPoint","urlTemplate":"https:\/\/qingdaohf.com\/bg\/?s={search_term_string}"},"query-input":{"@type":"PropertyValueSpecification","valueRequired":true,"valueName":"search_term_string"}}],"inLanguage":"lv-LV"},{"@type":"Organization","@id":"https:\/\/qingdaohf.com\/bg\/#organization","name":"Qingdao H&F","url":"https:\/\/qingdaohf.com\/bg\/","logo":{"@type":"ImageObject","inLanguage":"lv-LV","@id":"https:\/\/qingdaohf.com\/bg\/#\/schema\/logo\/image\/","url":"https:\/\/qingdaohf.com\/wp-content\/uploads\/2022\/12\/cropped-HF-LOGO.png","contentUrl":"https:\/\/qingdaohf.com\/wp-content\/uploads\/2022\/12\/cropped-HF-LOGO.png","width":391,"height":249,"caption":"Qingdao H&F"},"image":{"@id":"https:\/\/qingdaohf.com\/bg\/#\/schema\/logo\/image\/"},"sameAs":["https:\/\/www.facebook.com\/qingdaohf"]}]}},"_links":{"self":[{"href":"https:\/\/qingdaohf.com\/lv\/wp-json\/wp\/v2\/product\/2329","targetHints":{"allow":["GET"]}}],"collection":[{"href":"https:\/\/qingdaohf.com\/lv\/wp-json\/wp\/v2\/product"}],"about":[{"href":"https:\/\/qingdaohf.com\/lv\/wp-json\/wp\/v2\/types\/product"}],"replies":[{"embeddable":true,"href":"https:\/\/qingdaohf.com\/lv\/wp-json\/wp\/v2\/comments?post=2329"}],"version-history":[{"count":2,"href":"https:\/\/qingdaohf.com\/lv\/wp-json\/wp\/v2\/product\/2329\/revisions"}],"predecessor-version":[{"id":10451,"href":"https:\/\/qingdaohf.com\/lv\/wp-json\/wp\/v2\/product\/2329\/revisions\/10451"}],"wp:featuredmedia":[{"embeddable":true,"href":"https:\/\/qingdaohf.com\/lv\/wp-json\/wp\/v2\/media\/3180"}],"wp:attachment":[{"href":"https:\/\/qingdaohf.com\/lv\/wp-json\/wp\/v2\/media?parent=2329"}],"wp:term":[{"taxonomy":"product_brand","embeddable":true,"href":"https:\/\/qingdaohf.com\/lv\/wp-json\/wp\/v2\/product_brand?post=2329"},{"taxonomy":"product_cat","embeddable":true,"href":"https:\/\/qingdaohf.com\/lv\/wp-json\/wp\/v2\/product_cat?post=2329"},{"taxonomy":"product_tag","embeddable":true,"href":"https:\/\/qingdaohf.com\/lv\/wp-json\/wp\/v2\/product_tag?post=2329"}],"curies":[{"name":"wp","href":"https:\/\/api.w.org\/{rel}","templated":true}]}}