{"id":2643,"date":"2023-03-02T14:07:04","date_gmt":"2023-03-02T06:07:04","guid":{"rendered":"http:\/\/qingdaohf.com\/?post_type=product&#038;p=2643"},"modified":"2025-11-13T09:05:52","modified_gmt":"2025-11-13T01:05:52","slug":"poplar-plywood","status":"publish","type":"product","link":"https:\/\/qingdaohf.com\/lv\/products\/papelu-saplaksnis\/","title":{"rendered":"Sapl\u0101ksnis no papeles"},"content":{"rendered":"<p>Sapl\u0101ksnis ar cietkoksnes serdi ir sapl\u0101k\u0161\u0146a veids, kura ra\u017eo\u0161an\u0101 k\u0101 serdes materi\u0101ls tiek izmantota papeles koksne. Papele ir univers\u0101ls un viegls cietkoksnis, kas ir paz\u012bstams ar savu iztur\u012bbu un iztur\u012bbu. Sal\u012bdzinot ar citiem cietkoksnes kokmateri\u0101liem, piem\u0113ram, ozolu vai k\u013cavu, tas ir ar\u012b sal\u012bdzino\u0161i l\u0113ts variants.<\/p>\n<p>Sapl\u0101ksni izgatavo, l\u012bm\u0113jot kop\u0101 vair\u0101kus papeles finiera sl\u0101\u0146us jeb k\u0101rtas, izmantojot stipru l\u012bmi. T\u0101d\u0113j\u0101di tiek izveidots panelis, kas ir iztur\u012bgs un stabils, ar gludu un vienm\u0113r\u012bgu virsmu, kas ir ide\u0101li piem\u0113rota apdarei ar kr\u0101su, kodni vai finieri.<\/p>\n<p>Sapl\u0101ksni ar cietkoksnes kodolu parasti izmanto da\u017e\u0101diem m\u0113r\u0137iem, tostarp m\u0113be\u013cu ra\u017eo\u0161an\u0101, skapju izgatavo\u0161an\u0101 un arhitekt\u016bras darbiem. T\u0101 iztur\u012bba un ilgm\u016b\u017e\u012bba padara to par ide\u0101lu izv\u0113li \u0161\u0101da veida projektiem, jo tas laika gait\u0101 var iztur\u0113t nolietojumu. Turkl\u0101t t\u0101 vieglais svars atvieglo darbu un transport\u0113\u0161anu, kas ir b\u016btiska priek\u0161roc\u012bba ra\u017eot\u0101jiem un celtniekiem.<\/p>\n<p><img fetchpriority=\"high\" decoding=\"async\" class=\"alignnone size-full wp-image-3389\" src=\"http:\/\/qingdaohf.com\/wp-content\/uploads\/2023\/03\/48-1.jpg\" alt=\"Sapl\u0101ksnis no papeles\" width=\"1200\" height=\"636\" srcset=\"https:\/\/qingdaohf.com\/wp-content\/uploads\/2023\/03\/48-1.jpg 1200w, https:\/\/qingdaohf.com\/wp-content\/uploads\/2023\/03\/48-1-300x159.jpg 300w, https:\/\/qingdaohf.com\/wp-content\/uploads\/2023\/03\/48-1-1024x543.jpg 1024w, https:\/\/qingdaohf.com\/wp-content\/uploads\/2023\/03\/48-1-768x407.jpg 768w, https:\/\/qingdaohf.com\/wp-content\/uploads\/2023\/03\/48-1-1000x530.jpg 1000w\" sizes=\"(max-width: 1200px) 100vw, 1200px\" \/><\/p>","protected":false},"excerpt":{"rendered":"<p>Sapl\u0101ksnis ar cietkoksnes serdi ir sapl\u0101k\u0161\u0146a veids, kura ra\u017eo\u0161an\u0101 k\u0101 serdes materi\u0101ls tiek izmantota papeles koksne. Papele ir univers\u0101ls un viegls cietkoksnis, kas ir paz\u012bstams ar savu iztur\u012bbu un iztur\u012bbu. Sal\u012bdzinot ar citiem cietkoksnes kokmateri\u0101liem, piem\u0113ram, ozolu vai k\u013cavu, tas ir ar\u012b sal\u012bdzino\u0161i l\u0113ts variants.<\/p>","protected":false},"featured_media":3385,"comment_status":"open","ping_status":"closed","template":"","meta":{"site-sidebar-layout":"default","site-content-layout":"default","ast-site-content-layout":"","site-content-style":"default","site-sidebar-style":"default","ast-global-header-display":"","ast-banner-title-visibility":"","ast-main-header-display":"","ast-hfb-above-header-display":"","ast-hfb-below-header-display":"","ast-hfb-mobile-header-display":"","site-post-title":"","ast-breadcrumbs-content":"","ast-featured-img":"","footer-sml-layout":"","theme-transparent-header-meta":"default","adv-header-id-meta":"","stick-header-meta":"default","header-above-stick-meta":"","header-main-stick-meta":"","header-below-stick-meta":"","astra-migrate-meta-layouts":"default","ast-page-background-enabled":"default","ast-page-background-meta":{"desktop":{"background-color":"","background-image":"","background-repeat":"repeat","background-position":"center center","background-size":"auto","background-attachment":"scroll","background-type":"","background-media":"","overlay-type":"","overlay-color":"","overlay-opacity":"","overlay-gradient":""},"tablet":{"background-color":"","background-image":"","background-repeat":"repeat","background-position":"center center","background-size":"auto","background-attachment":"scroll","background-type":"","background-media":"","overlay-type":"","overlay-color":"","overlay-opacity":"","overlay-gradient":""},"mobile":{"background-color":"","background-image":"","background-repeat":"repeat","background-position":"center center","background-size":"auto","background-attachment":"scroll","background-type":"","background-media":"","overlay-type":"","overlay-color":"","overlay-opacity":"","overlay-gradient":""}},"ast-content-background-meta":{"desktop":{"background-color":"var(--ast-global-color-5)","background-image":"","background-repeat":"repeat","background-position":"center center","background-size":"auto","background-attachment":"scroll","background-type":"","background-media":"","overlay-type":"","overlay-color":"","overlay-opacity":"","overlay-gradient":""},"tablet":{"background-color":"var(--ast-global-color-5)","background-image":"","background-repeat":"repeat","background-position":"center center","background-size":"auto","background-attachment":"scroll","background-type":"","background-media":"","overlay-type":"","overlay-color":"","overlay-opacity":"","overlay-gradient":""},"mobile":{"background-color":"var(--ast-global-color-5)","background-image":"","background-repeat":"repeat","background-position":"center center","background-size":"auto","background-attachment":"scroll","background-type":"","background-media":"","overlay-type":"","overlay-color":"","overlay-opacity":"","overlay-gradient":""}}},"product_brand":[],"product_cat":[29],"product_tag":[],"class_list":{"0":"post-2643","1":"product","2":"type-product","3":"status-publish","4":"has-post-thumbnail","6":"product_cat-formwork-system","7":"desktop-align-left","8":"tablet-align-left","9":"mobile-align-left","10":"ast-product-gallery-layout-horizontal-slider","11":"ast-product-tabs-layout-horizontal","13":"first","14":"instock","15":"shipping-taxable","16":"purchasable","17":"product-type-simple"},"yoast_head":"<!-- This site is optimized with the Yoast SEO plugin v25.2 - https:\/\/yoast.com\/wordpress\/plugins\/seo\/ -->\n<title>Poplar Plywood<\/title>\n<meta name=\"description\" content=\"Poplar hardwood core commercial plywood is a type of plywood that is made using poplar wood as the core material.\" \/>\n<meta name=\"robots\" content=\"index, follow, max-snippet:-1, max-image-preview:large, max-video-preview:-1\" \/>\n<link rel=\"canonical\" href=\"https:\/\/qingdaohf.com\/lv\/products\/papelu-saplaksnis\/\" \/>\n<meta property=\"og:locale\" content=\"lv_LV\" \/>\n<meta property=\"og:type\" content=\"article\" \/>\n<meta property=\"og:title\" content=\"Poplar Plywood\" \/>\n<meta property=\"og:description\" content=\"Poplar hardwood core commercial plywood is a type of plywood that is made using poplar wood as the core material.\" \/>\n<meta property=\"og:url\" content=\"https:\/\/qingdaohf.com\/lv\/products\/papelu-saplaksnis\/\" \/>\n<meta property=\"og:site_name\" content=\"Concrete Form &amp; Rigging Hardware Supplier\" \/>\n<meta property=\"article:publisher\" content=\"https:\/\/www.facebook.com\/qingdaohf\" \/>\n<meta property=\"article:modified_time\" content=\"2025-11-13T01:05:52+00:00\" \/>\n<meta property=\"og:image\" content=\"https:\/\/qingdaohf.com\/wp-content\/uploads\/2023\/03\/poplar-plywood-1.jpg\" \/>\n\t<meta property=\"og:image:width\" content=\"1000\" \/>\n\t<meta property=\"og:image:height\" content=\"1000\" \/>\n\t<meta property=\"og:image:type\" content=\"image\/jpeg\" \/>\n<meta name=\"twitter:card\" content=\"summary_large_image\" \/>\n<meta name=\"twitter:label1\" content=\"Est. reading time\" \/>\n\t<meta name=\"twitter:data1\" content=\"1 min\u016bte\" \/>\n<script type=\"application\/ld+json\" class=\"yoast-schema-graph\">{\"@context\":\"https:\/\/schema.org\",\"@graph\":[{\"@type\":\"WebPage\",\"@id\":\"https:\/\/qingdaohf.com\/product\/poplar-plywood\/\",\"url\":\"https:\/\/qingdaohf.com\/product\/poplar-plywood\/\",\"name\":\"Poplar Plywood\",\"isPartOf\":{\"@id\":\"https:\/\/qingdaohf.com\/bg\/#website\"},\"primaryImageOfPage\":{\"@id\":\"https:\/\/qingdaohf.com\/product\/poplar-plywood\/#primaryimage\"},\"image\":{\"@id\":\"https:\/\/qingdaohf.com\/product\/poplar-plywood\/#primaryimage\"},\"thumbnailUrl\":\"https:\/\/qingdaohf.com\/wp-content\/uploads\/2023\/03\/poplar-plywood-1.jpg\",\"datePublished\":\"2023-03-02T06:07:04+00:00\",\"dateModified\":\"2025-11-13T01:05:52+00:00\",\"description\":\"Poplar hardwood core commercial plywood is a type of plywood that is made using poplar wood as the core material.\",\"breadcrumb\":{\"@id\":\"https:\/\/qingdaohf.com\/product\/poplar-plywood\/#breadcrumb\"},\"inLanguage\":\"lv-LV\",\"potentialAction\":[{\"@type\":\"ReadAction\",\"target\":[\"https:\/\/qingdaohf.com\/product\/poplar-plywood\/\"]}]},{\"@type\":\"ImageObject\",\"inLanguage\":\"lv-LV\",\"@id\":\"https:\/\/qingdaohf.com\/product\/poplar-plywood\/#primaryimage\",\"url\":\"https:\/\/qingdaohf.com\/wp-content\/uploads\/2023\/03\/poplar-plywood-1.jpg\",\"contentUrl\":\"https:\/\/qingdaohf.com\/wp-content\/uploads\/2023\/03\/poplar-plywood-1.jpg\",\"width\":1000,\"height\":1000,\"caption\":\"poplar plywood\"},{\"@type\":\"BreadcrumbList\",\"@id\":\"https:\/\/qingdaohf.com\/product\/poplar-plywood\/#breadcrumb\",\"itemListElement\":[{\"@type\":\"ListItem\",\"position\":1,\"name\":\"Home\",\"item\":\"https:\/\/qingdaohf.com\/\"},{\"@type\":\"ListItem\",\"position\":2,\"name\":\"Concrete Forming Accessories and Rigging Hardware\",\"item\":\"https:\/\/qingdaohf.com\/bg\/?page_id=944\"},{\"@type\":\"ListItem\",\"position\":3,\"name\":\"Poplar Plywood\"}]},{\"@type\":\"WebSite\",\"@id\":\"https:\/\/qingdaohf.com\/bg\/#website\",\"url\":\"https:\/\/qingdaohf.com\/bg\/\",\"name\":\"Concrete Form & Rigging Hardware Supplier\",\"description\":\"\",\"publisher\":{\"@id\":\"https:\/\/qingdaohf.com\/bg\/#organization\"},\"potentialAction\":[{\"@type\":\"SearchAction\",\"target\":{\"@type\":\"EntryPoint\",\"urlTemplate\":\"https:\/\/qingdaohf.com\/bg\/?s={search_term_string}\"},\"query-input\":{\"@type\":\"PropertyValueSpecification\",\"valueRequired\":true,\"valueName\":\"search_term_string\"}}],\"inLanguage\":\"lv-LV\"},{\"@type\":\"Organization\",\"@id\":\"https:\/\/qingdaohf.com\/bg\/#organization\",\"name\":\"Qingdao H&F\",\"url\":\"https:\/\/qingdaohf.com\/bg\/\",\"logo\":{\"@type\":\"ImageObject\",\"inLanguage\":\"lv-LV\",\"@id\":\"https:\/\/qingdaohf.com\/bg\/#\/schema\/logo\/image\/\",\"url\":\"https:\/\/qingdaohf.com\/wp-content\/uploads\/2022\/12\/cropped-HF-LOGO.png\",\"contentUrl\":\"https:\/\/qingdaohf.com\/wp-content\/uploads\/2022\/12\/cropped-HF-LOGO.png\",\"width\":391,\"height\":249,\"caption\":\"Qingdao H&F\"},\"image\":{\"@id\":\"https:\/\/qingdaohf.com\/bg\/#\/schema\/logo\/image\/\"},\"sameAs\":[\"https:\/\/www.facebook.com\/qingdaohf\"]}]}<\/script>\n<!-- \/ Yoast SEO plugin. -->","yoast_head_json":{"title":"Poplar Plywood","description":"Poplar hardwood core commercial plywood is a type of plywood that is made using poplar wood as the core material.","robots":{"index":"index","follow":"follow","max-snippet":"max-snippet:-1","max-image-preview":"max-image-preview:large","max-video-preview":"max-video-preview:-1"},"canonical":"https:\/\/qingdaohf.com\/lv\/products\/papelu-saplaksnis\/","og_locale":"lv_LV","og_type":"article","og_title":"Poplar Plywood","og_description":"Poplar hardwood core commercial plywood is a type of plywood that is made using poplar wood as the core material.","og_url":"https:\/\/qingdaohf.com\/lv\/products\/papelu-saplaksnis\/","og_site_name":"Concrete Form &amp; Rigging Hardware Supplier","article_publisher":"https:\/\/www.facebook.com\/qingdaohf","article_modified_time":"2025-11-13T01:05:52+00:00","og_image":[{"width":1000,"height":1000,"url":"https:\/\/qingdaohf.com\/wp-content\/uploads\/2023\/03\/poplar-plywood-1.jpg","type":"image\/jpeg"}],"twitter_card":"summary_large_image","twitter_misc":{"Est. reading time":"1 min\u016bte"},"schema":{"@context":"https:\/\/schema.org","@graph":[{"@type":"WebPage","@id":"https:\/\/qingdaohf.com\/product\/poplar-plywood\/","url":"https:\/\/qingdaohf.com\/product\/poplar-plywood\/","name":"Poplar Plywood","isPartOf":{"@id":"https:\/\/qingdaohf.com\/bg\/#website"},"primaryImageOfPage":{"@id":"https:\/\/qingdaohf.com\/product\/poplar-plywood\/#primaryimage"},"image":{"@id":"https:\/\/qingdaohf.com\/product\/poplar-plywood\/#primaryimage"},"thumbnailUrl":"https:\/\/qingdaohf.com\/wp-content\/uploads\/2023\/03\/poplar-plywood-1.jpg","datePublished":"2023-03-02T06:07:04+00:00","dateModified":"2025-11-13T01:05:52+00:00","description":"Poplar hardwood core commercial plywood is a type of plywood that is made using poplar wood as the core material.","breadcrumb":{"@id":"https:\/\/qingdaohf.com\/product\/poplar-plywood\/#breadcrumb"},"inLanguage":"lv-LV","potentialAction":[{"@type":"ReadAction","target":["https:\/\/qingdaohf.com\/product\/poplar-plywood\/"]}]},{"@type":"ImageObject","inLanguage":"lv-LV","@id":"https:\/\/qingdaohf.com\/product\/poplar-plywood\/#primaryimage","url":"https:\/\/qingdaohf.com\/wp-content\/uploads\/2023\/03\/poplar-plywood-1.jpg","contentUrl":"https:\/\/qingdaohf.com\/wp-content\/uploads\/2023\/03\/poplar-plywood-1.jpg","width":1000,"height":1000,"caption":"poplar plywood"},{"@type":"BreadcrumbList","@id":"https:\/\/qingdaohf.com\/product\/poplar-plywood\/#breadcrumb","itemListElement":[{"@type":"ListItem","position":1,"name":"Home","item":"https:\/\/qingdaohf.com\/"},{"@type":"ListItem","position":2,"name":"Concrete Forming Accessories and Rigging Hardware","item":"https:\/\/qingdaohf.com\/bg\/?page_id=944"},{"@type":"ListItem","position":3,"name":"Poplar Plywood"}]},{"@type":"WebSite","@id":"https:\/\/qingdaohf.com\/bg\/#website","url":"https:\/\/qingdaohf.com\/bg\/","name":"Concrete Form & Rigging Hardware Supplier","description":"","publisher":{"@id":"https:\/\/qingdaohf.com\/bg\/#organization"},"potentialAction":[{"@type":"SearchAction","target":{"@type":"EntryPoint","urlTemplate":"https:\/\/qingdaohf.com\/bg\/?s={search_term_string}"},"query-input":{"@type":"PropertyValueSpecification","valueRequired":true,"valueName":"search_term_string"}}],"inLanguage":"lv-LV"},{"@type":"Organization","@id":"https:\/\/qingdaohf.com\/bg\/#organization","name":"Qingdao H&F","url":"https:\/\/qingdaohf.com\/bg\/","logo":{"@type":"ImageObject","inLanguage":"lv-LV","@id":"https:\/\/qingdaohf.com\/bg\/#\/schema\/logo\/image\/","url":"https:\/\/qingdaohf.com\/wp-content\/uploads\/2022\/12\/cropped-HF-LOGO.png","contentUrl":"https:\/\/qingdaohf.com\/wp-content\/uploads\/2022\/12\/cropped-HF-LOGO.png","width":391,"height":249,"caption":"Qingdao H&F"},"image":{"@id":"https:\/\/qingdaohf.com\/bg\/#\/schema\/logo\/image\/"},"sameAs":["https:\/\/www.facebook.com\/qingdaohf"]}]}},"_links":{"self":[{"href":"https:\/\/qingdaohf.com\/lv\/wp-json\/wp\/v2\/product\/2643","targetHints":{"allow":["GET"]}}],"collection":[{"href":"https:\/\/qingdaohf.com\/lv\/wp-json\/wp\/v2\/product"}],"about":[{"href":"https:\/\/qingdaohf.com\/lv\/wp-json\/wp\/v2\/types\/product"}],"replies":[{"embeddable":true,"href":"https:\/\/qingdaohf.com\/lv\/wp-json\/wp\/v2\/comments?post=2643"}],"version-history":[{"count":2,"href":"https:\/\/qingdaohf.com\/lv\/wp-json\/wp\/v2\/product\/2643\/revisions"}],"predecessor-version":[{"id":10445,"href":"https:\/\/qingdaohf.com\/lv\/wp-json\/wp\/v2\/product\/2643\/revisions\/10445"}],"wp:featuredmedia":[{"embeddable":true,"href":"https:\/\/qingdaohf.com\/lv\/wp-json\/wp\/v2\/media\/3385"}],"wp:attachment":[{"href":"https:\/\/qingdaohf.com\/lv\/wp-json\/wp\/v2\/media?parent=2643"}],"wp:term":[{"taxonomy":"product_brand","embeddable":true,"href":"https:\/\/qingdaohf.com\/lv\/wp-json\/wp\/v2\/product_brand?post=2643"},{"taxonomy":"product_cat","embeddable":true,"href":"https:\/\/qingdaohf.com\/lv\/wp-json\/wp\/v2\/product_cat?post=2643"},{"taxonomy":"product_tag","embeddable":true,"href":"https:\/\/qingdaohf.com\/lv\/wp-json\/wp\/v2\/product_tag?post=2643"}],"curies":[{"name":"wp","href":"https:\/\/api.w.org\/{rel}","templated":true}]}}