{"id":2646,"date":"2023-03-02T15:27:12","date_gmt":"2023-03-02T07:27:12","guid":{"rendered":"http:\/\/qingdaohf.com\/?post_type=product&#038;p=2646"},"modified":"2025-11-13T09:05:52","modified_gmt":"2025-11-13T01:05:52","slug":"elephant-foot-ferrule","status":"publish","type":"product","link":"https:\/\/qingdaohf.com\/lv\/products\/rudita-uzmava-zilona-kaju-uzmava\/","title":{"rendered":"Zilo\u0146a p\u0113das uzgalis"},"content":{"rendered":"<h2 class=\"text-2xl font-bold mt-1 text-text-200\">Kas ir zilo\u0146a k\u0101ju ferulas un k\u0101p\u0113c t\u0101s ir svar\u012bgas?<\/h2>\n<p class=\"whitespace-pre-wrap break-words\">Vai k\u0101dreiz esat aizdom\u0101ju\u0161ies, k\u0101p\u0113c tos sauc par \"zilo\u0146a k\u0101ju\" uzmav\u0101m? Paskatieties uz vienu no t\u0101m, un j\u016bs to saprat\u012bsiet - \u0161\u012bm svar\u012bg\u0101kaj\u0101m takel\u0101\u017eas sast\u0101vda\u013c\u0101m ir \u012bpatn\u0113js izliekts pamats, kas atveido zilo\u0146a k\u0101ju. Ta\u010du to unik\u0101l\u0101 forma nav tikai priek\u0161nesums. \u0160\u012bs specializ\u0113t\u0101s uzmavas ir nenosauktie takel\u0101\u017eas pasaules varo\u0146i, kas nodro\u0161ina stingrus savienojumus starp stiep\u013cu tros\u0113m un pacel\u0161anas sist\u0113m\u0101m. To p\u0101rdom\u0101t\u0101 konstrukcija vienm\u0113r\u012bgi sadala spiedienu uz virves pavedieniem, ne\u013caujot tiem saplais\u0101t un saglab\u0101jot troses iztur\u012bbu, kad tas ir vissvar\u012bg\u0101k.<\/p>\n<p class=\"whitespace-pre-wrap break-words\">B\u016bsim god\u012bgi - pareiz\u0101 uzga\u013ca izv\u0113le nav viegls uzdevums. Veicot smagumu pacel\u0161anas darbus, j\u016bras darbus vai jebkuru citu takel\u0101\u017eas darbu, kur spriegums ir \u013coti liels, uzmavas izv\u0113le var iz\u0161\u0137irt vai izjaukt oper\u0101ciju - da\u017ek\u0101rt burtiski. T\u0101p\u0113c \u0161o komponentu p\u0101rzin\u0101\u0161ana no iek\u0161puses un no \u0101rpuses ir ne tikai noder\u012bga, bet ar\u012b b\u016btiska ikvienam, kas darbojas \u0161aj\u0101 nozar\u0113.<\/p>\n<p><img fetchpriority=\"high\" decoding=\"async\" class=\"alignnone size-full wp-image-3403\" src=\"http:\/\/qingdaohf.com\/wp-content\/uploads\/2023\/03\/50-3.jpg\" alt=\"cilne\" width=\"1200\" height=\"412\" srcset=\"https:\/\/qingdaohf.com\/wp-content\/uploads\/2023\/03\/50-3.jpg 1200w, https:\/\/qingdaohf.com\/wp-content\/uploads\/2023\/03\/50-3-300x103.jpg 300w, https:\/\/qingdaohf.com\/wp-content\/uploads\/2023\/03\/50-3-1024x352.jpg 1024w, https:\/\/qingdaohf.com\/wp-content\/uploads\/2023\/03\/50-3-768x264.jpg 768w, https:\/\/qingdaohf.com\/wp-content\/uploads\/2023\/03\/50-3-1000x343.jpg 1000w\" sizes=\"(max-width: 1200px) 100vw, 1200px\" \/><\/p>\n<h2 class=\"text-2xl font-bold mt-1 text-text-200\">K\u0101p\u0113c izv\u0113l\u0113ties Qingdao H&amp;F j\u016bsu zilo\u0146u p\u0113du ferul\u0101m?<\/h2>\n<p class=\"whitespace-pre-wrap break-words\">M\u0113s, Qingdao H&amp;F, saprotam - kad j\u016bs mekl\u0113jat takel\u0101\u017eas aparat\u016bru, jums ir nepiecie\u0161ams partneris, kas pieg\u0101d\u0101 vair\u0101k nek\u0101 tikai deta\u013cas. Balstoties uz ilggad\u0113ju starptautisk\u0101s tirdzniec\u012bbas pieredzi, m\u0113s esam izveidoju\u0161i savu reput\u0101ciju, izgatavojot augst\u0101k\u0101s kvalit\u0101tes uzmavas, kas ir iztur\u0113ju\u0161as lielu att\u0101lumu. Ta\u010du m\u0113s zin\u0101m, ka lieliski produkti ir tikai s\u0101kumpunkts.<\/p>\n<p class=\"whitespace-pre-wrap break-words\">Kas m\u016bs at\u0161\u0137ir? Vispirms, j\u016bs str\u0101d\u0101siet tie\u0161i ar atbalsta speci\u0101listu, kur\u0161 p\u0101rzina savu darbu. Nek\u0101du telefona koku, nek\u0101du skr\u0113jienu - tikai tie\u0161a saruna un risin\u0101jumi, kas piel\u0101goti j\u016bsu projekta pras\u012bb\u0101m. Nepiecie\u0161amas piel\u0101gotas specifik\u0101cijas? \u012apa\u0161i sertifik\u0101ti? M\u0113s par jums par\u016bp\u0113simies. Un, t\u0101 k\u0101 laiks ir nauda, m\u0113s esam racionaliz\u0113ju\u0161i pieg\u0101des procesu, lai j\u016bsu darb\u012bba norit\u0113tu raiti.<\/p>\n<p class=\"whitespace-pre-wrap break-words\">Kvalit\u0101te \u0161eit nav tikai modes v\u0101rds. Katra uzmava tiek r\u016bp\u012bgi test\u0113ta - m\u0113s run\u0101jam par materi\u0101la iztur\u012bbu, iztur\u012bbu pret koroziju, izm\u0113ru precizit\u0101ti un daudz ko citu. Katram pas\u016bt\u012bjumam, vienalga, vai tas ir viens gabals vai t\u016bksto\u0161, tiek pievienoti detaliz\u0113ti p\u0101rbaudes zi\u0146ojumi. Jo, kad dro\u0161\u012bba ir apdraud\u0113ta, \"pietiekami labi\" vienk\u0101r\u0161i nav pietiekami labi.<\/p>\n<h2 class=\"text-2xl font-bold mt-1 text-text-200\">Izpratne par zilo\u0146a k\u0101ju feru\u013cu konstrukciju un lieto\u0161anu<\/h2>\n<p class=\"whitespace-pre-wrap break-words\">\u0160o uzga\u013cu \u0123enialit\u0101te sl\u0113pjas to rakstur\u012bgaj\u0101 form\u0101. \u0160\u012b plat\u0101k\u0101 pamatne nav tikai izskatu uzlabojo\u0161a - t\u0101 rada papildu saspie\u0161anas virsmas laukumu, kas \u013cauj efekt\u012bv\u0101k satvert stiep\u013cu trosi nek\u0101 standarta uzga\u013ci. Kad tiek izdar\u012bts spiediens, slodze vienm\u0113r\u012bgi sadal\u0101s pa troses pavedieniem, nov\u0113r\u0161ot sprieguma karstos punktus, kas var izrais\u012bt boj\u0101jumus. \u0160\u012b gudr\u0101 konstrukcija ar\u012b samazina berzi tur, kur tas ir svar\u012bgi, pagarinot gan uzmavas, gan virves kalpo\u0161anas laiku.<\/p>\n<p class=\"whitespace-pre-wrap break-words\">No j\u016bras platform\u0101m l\u012bdz b\u016bvlaukumiem - visur, kur tiek veiktas nopietnas pacel\u0161anas oper\u0101cijas, \u0161\u012bs uzmavas b\u016bs smagi izmantotas. To paties\u0101 stipr\u012bba? Piel\u0101gojam\u012bba. Neatkar\u012bgi no t\u0101, vai str\u0101d\u0101jat ar ner\u016bs\u0113jo\u0161o t\u0113raudu, cinkotu t\u0113raudu vai speci\u0101lu sakaus\u0113jumu virv\u0113m, zilo\u0146u k\u0101ju uzmavas ar to tiks gal\u0101. \u0160\u012b daudzpus\u012bba padara t\u0101s ide\u0101li piem\u0113rotas gan past\u0101v\u012bg\u0101m instal\u0101cij\u0101m, gan pagaidu uzst\u0101d\u012bjumiem, kur uzticam\u012bbu nevar apdraud\u0113t.<\/p>\n<h2 class=\"text-2xl font-bold mt-1 text-text-200\">K\u0101 zilo\u0146u k\u0101ju ferulas veicina dro\u0161\u012bbu un veiktsp\u0113ju<\/h2>\n<p class=\"whitespace-pre-wrap break-words\">Smag\u0101s tehnikas un cel\u0161anas iek\u0101rtu pasaul\u0113 nav t\u0101das lietas k\u0101 \"nenoz\u012bm\u012bga\" deta\u013ca. Katra deta\u013ca ir svar\u012bga, un \u0161iem uzmav\u0101m ir iz\u0161\u0137iro\u0161a noz\u012bme, lai nov\u0113rstu murgainus scen\u0101rijus - virves nosl\u012bd\u0113\u0161anu, sapl\u012b\u0161anu vai katastrof\u0101lus p\u0101rr\u0101vumus. Kad j\u016bs ce\u013cat kravas, kas var rad\u012bt nopietnus boj\u0101jumus vai traumas, ja kaut kas notiek nepareizi, jums ir nepiecie\u0161ama aparat\u016bra, kurai varat uztic\u0113ties.<\/p>\n<p class=\"whitespace-pre-wrap break-words\">\u0160\u012bs nav parast\u0101s uzmavas. Tie ir izgatavoti no augst\u0101k\u0101s klases materi\u0101liem un izgatavoti prec\u012bzi, t\u0101p\u0113c tie ir paredz\u0113ti burtiski v\u0113trai. No koroz\u012bvas vides l\u012bdz ekstr\u0113m\u0101m temperat\u016br\u0101m un augstas spriedzes pielietojumiem, tie darbojas ar\u012b tad, kad zem\u0101ka l\u012bme\u0146a aparat\u016bra var\u0113tu saboj\u0101ties. Tas ir apvienots ar m\u016bsu stingro kvalit\u0101tes kontroli, un j\u016bs varat pa\u013cauties uz to, ka uz to var pa\u013cauties.<\/p>\n<h2 class=\"text-2xl font-bold mt-1 text-text-200\">Qingdao H&amp;F priek\u0161roc\u012bbas<\/h2>\n<p><img decoding=\"async\" class=\"alignnone wp-image-8732 size-full\" src=\"http:\/\/qingdaohf.com\/wp-content\/uploads\/2023\/03\/HF-packing-5-1.webp\" alt=\"HF iepakojums\" width=\"1920\" height=\"1080\" srcset=\"https:\/\/qingdaohf.com\/wp-content\/uploads\/2023\/03\/HF-packing-5-1.webp 1920w, https:\/\/qingdaohf.com\/wp-content\/uploads\/2023\/03\/HF-packing-5-1-300x169.webp 300w, https:\/\/qingdaohf.com\/wp-content\/uploads\/2023\/03\/HF-packing-5-1-1024x576.webp 1024w, https:\/\/qingdaohf.com\/wp-content\/uploads\/2023\/03\/HF-packing-5-1-768x432.webp 768w, https:\/\/qingdaohf.com\/wp-content\/uploads\/2023\/03\/HF-packing-5-1-1536x864.webp 1536w, https:\/\/qingdaohf.com\/wp-content\/uploads\/2023\/03\/HF-packing-5-1-18x10.webp 18w, https:\/\/qingdaohf.com\/wp-content\/uploads\/2023\/03\/HF-packing-5-1-1000x563.webp 1000w\" sizes=\"(max-width: 1920px) 100vw, 1920px\" \/><\/p>\n<p class=\"whitespace-pre-wrap break-words\">Izv\u0113loties Qingdao H&amp;F, j\u016bs ieg\u016bstat vair\u0101k nek\u0101 tikai ferulu ieg\u0101di - j\u016bs ieg\u016bstat partneri, kas invest\u0113 j\u016bsu pan\u0101kumos. M\u016bsu komanda dz\u012bvo un elpo ar takel\u0101\u017eas nozari, un m\u0113s esam \u0161eit, lai pal\u012bdz\u0113tu jums risin\u0101t gan t\u016bl\u012bt\u0113jus uzdevumus, gan sasniegt ilgtermi\u0146a m\u0113r\u0137us.<\/p>\n<p class=\"whitespace-pre-wrap break-words\">Savu reput\u0101ciju esam nopeln\u012bju\u0161i gr\u016bt\u0101 ce\u013c\u0101 - konsekventi pieg\u0101d\u0101jot kvalitat\u012bvus produktus, nodro\u0161inot \u0101tru pieg\u0101di un atbalstu, uz kuru j\u016bs varat pa\u013cauties. Vai v\u0113laties izm\u0113\u0123in\u0101t pirms ieguld\u012bt? M\u0113s nos\u016bt\u012bsim jums bezmaksas m\u016bsu stiep\u013cu tro\u0161u izstr\u0101d\u0101jumu paraugus. \u0160\u012b praktisk\u0101 pieeja \u013cauj jums p\u0101rbaud\u012bt savietojam\u012bbu un veiktsp\u0113ju pirms svar\u012bgu l\u0113mumu pie\u0146em\u0161anas.<\/p>\n<h2 class=\"text-2xl font-bold mt-1 text-text-200\">Secin\u0101jums<\/h2>\n<p class=\"whitespace-pre-wrap break-words\">Kad runa ir par pacel\u0161anas oper\u0101cij\u0101m, zilo\u0146u k\u0101ju uzmavas nav tikai v\u0113l viena deta\u013ca - t\u0101s ir mierm\u012bl\u012bga met\u0101la deta\u013ca. Qingdao H&amp;F apvieno augst\u0101k\u0101s kvalit\u0101tes produktus ar kompetenci un servisu, kas jums ir nepiecie\u0161ams, lai viss norit\u0113tu raiti. Neatkar\u012bgi no t\u0101, vai str\u0101d\u0101jat celtniec\u012bb\u0101, j\u016brniec\u012bb\u0101 vai jebkur\u0101 cit\u0101 jom\u0101, kur\u0101 ir nepiecie\u0161amas necaurlaid\u012bgas takel\u0101\u017eas sast\u0101vda\u013cas, m\u016bsu uzmavas nodro\u0161ina to. Ar visaptvero\u0161u test\u0113\u0161anu, person\u012bgu atbalstu un \u0101tru pieg\u0101des laiku m\u0113s esam gatavi b\u016bt j\u016bsu partneris takel\u0101\u017eas un pacel\u0161anas apr\u012bkojuma jom\u0101. Vai esat gatavi uzzin\u0101t vair\u0101k? Apspried\u012bsim, k\u0101 m\u016bsu zilo\u0146u k\u0101ju uzmavas var uzlabot j\u016bsu n\u0101kamo projektu.<\/p>","protected":false},"excerpt":{"rendered":"<p>Elephant Foot Ferrules ir \u013coti svar\u012bgas takel\u0101\u017eas un pacel\u0161anas nozar\u0113, kur t\u0101s kalpo sp\u0113c\u012bga un dro\u0161a savienojuma izveidei starp stiep\u013cu tros\u0113m, lai nodro\u0161in\u0101tu lab\u0101ku veiktsp\u0113ju, kad t\u0101s tiek pak\u013cautas lielas slodzes darbiem. Kvalit\u0101te, precizit\u0101te un savietojam\u012bba ir ikviena pirc\u0113ja parastas r\u016bpes; ar Qingdao H&amp;F Elephant Foot Ferrules varat b\u016bt dro\u0161i par augstas kvalit\u0101tes risin\u0101jumu, kas atbild\u012bs pat vispras\u012bg\u0101kaj\u0101m pras\u012bb\u0101m. Individu\u0101la klientu apkalpo\u0161ana, \u0101trs pieg\u0101des cikls un visaptvero\u0161i kvalit\u0101tes p\u0101rbaudes zi\u0146ojumi ir tikai da\u017eas no priek\u0161roc\u012bb\u0101m, kas nodro\u0161ina, ka katru reizi sa\u0146emsiet vislab\u0101ko produktu, kas piel\u0101gots j\u016bsu vajadz\u012bb\u0101m. Neatkar\u012bgi no t\u0101, vai jums ir nepiecie\u0161ami piel\u0101gotie izm\u0113ri vai \u0101trs risin\u0101jums, m\u0113s varam pal\u012bdz\u0113t j\u016bsu projektam ik uz so\u013ca.<\/p>","protected":false},"featured_media":3398,"comment_status":"open","ping_status":"closed","template":"","meta":{"site-sidebar-layout":"default","site-content-layout":"default","ast-site-content-layout":"default","site-content-style":"default","site-sidebar-style":"default","ast-global-header-display":"","ast-banner-title-visibility":"","ast-main-header-display":"","ast-hfb-above-header-display":"","ast-hfb-below-header-display":"","ast-hfb-mobile-header-display":"","site-post-title":"","ast-breadcrumbs-content":"","ast-featured-img":"","footer-sml-layout":"","theme-transparent-header-meta":"default","adv-header-id-meta":"","stick-header-meta":"default","header-above-stick-meta":"","header-main-stick-meta":"","header-below-stick-meta":"","astra-migrate-meta-layouts":"set","ast-page-background-enabled":"default","ast-page-background-meta":{"desktop":{"background-color":"","background-image":"","background-repeat":"repeat","background-position":"center center","background-size":"auto","background-attachment":"scroll","background-type":"","background-media":"","overlay-type":"","overlay-color":"","overlay-opacity":"","overlay-gradient":""},"tablet":{"background-color":"","background-image":"","background-repeat":"repeat","background-position":"center center","background-size":"auto","background-attachment":"scroll","background-type":"","background-media":"","overlay-type":"","overlay-color":"","overlay-opacity":"","overlay-gradient":""},"mobile":{"background-color":"","background-image":"","background-repeat":"repeat","background-position":"center center","background-size":"auto","background-attachment":"scroll","background-type":"","background-media":"","overlay-type":"","overlay-color":"","overlay-opacity":"","overlay-gradient":""}},"ast-content-background-meta":{"desktop":{"background-color":"var(--ast-global-color-5)","background-image":"","background-repeat":"repeat","background-position":"center center","background-size":"auto","background-attachment":"scroll","background-type":"","background-media":"","overlay-type":"","overlay-color":"","overlay-opacity":"","overlay-gradient":""},"tablet":{"background-color":"var(--ast-global-color-5)","background-image":"","background-repeat":"repeat","background-position":"center center","background-size":"auto","background-attachment":"scroll","background-type":"","background-media":"","overlay-type":"","overlay-color":"","overlay-opacity":"","overlay-gradient":""},"mobile":{"background-color":"var(--ast-global-color-5)","background-image":"","background-repeat":"repeat","background-position":"center center","background-size":"auto","background-attachment":"scroll","background-type":"","background-media":"","overlay-type":"","overlay-color":"","overlay-opacity":"","overlay-gradient":""}}},"product_brand":[],"product_cat":[50,30],"product_tag":[],"class_list":{"0":"post-2646","1":"product","2":"type-product","3":"status-publish","4":"has-post-thumbnail","6":"product_cat-concrete-form-accessories","7":"product_cat-lifting-anchor","8":"desktop-align-left","9":"tablet-align-left","10":"mobile-align-left","11":"ast-product-gallery-layout-horizontal-slider","12":"ast-product-tabs-layout-horizontal","14":"first","15":"instock","16":"shipping-taxable","17":"purchasable","18":"product-type-simple"},"yoast_head":"<!-- This site is optimized with the Yoast SEO plugin v25.2 - https:\/\/yoast.com\/wordpress\/plugins\/seo\/ -->\n<title>Elephant Foot Ferrule<\/title>\n<meta name=\"description\" content=\"Roud Ferrule and Elephant Foot Ferrule it helps to ensure the integrity and longevity of the structures we build.\" \/>\n<meta name=\"robots\" content=\"index, follow, max-snippet:-1, max-image-preview:large, max-video-preview:-1\" \/>\n<link rel=\"canonical\" href=\"https:\/\/qingdaohf.com\/lv\/products\/rudita-uzmava-zilona-kaju-uzmava\/\" \/>\n<meta property=\"og:locale\" content=\"lv_LV\" \/>\n<meta property=\"og:type\" content=\"article\" \/>\n<meta property=\"og:title\" content=\"Elephant Foot Ferrule\" \/>\n<meta property=\"og:description\" content=\"Roud Ferrule and Elephant Foot Ferrule it helps to ensure the integrity and longevity of the structures we build.\" \/>\n<meta property=\"og:url\" content=\"https:\/\/qingdaohf.com\/lv\/products\/rudita-uzmava-zilona-kaju-uzmava\/\" \/>\n<meta property=\"og:site_name\" content=\"Concrete Form &amp; Rigging Hardware Supplier\" \/>\n<meta property=\"article:publisher\" content=\"https:\/\/www.facebook.com\/qingdaohf\" \/>\n<meta property=\"article:modified_time\" content=\"2025-11-13T01:05:52+00:00\" \/>\n<meta property=\"og:image\" content=\"https:\/\/qingdaohf.com\/wp-content\/uploads\/2023\/03\/roud-ferrule-elephant-foot-ferrule-4-1.jpg\" \/>\n\t<meta property=\"og:image:width\" content=\"1000\" \/>\n\t<meta property=\"og:image:height\" content=\"1000\" \/>\n\t<meta property=\"og:image:type\" content=\"image\/jpeg\" \/>\n<meta name=\"twitter:card\" content=\"summary_large_image\" \/>\n<meta name=\"twitter:label1\" content=\"Est. reading time\" \/>\n\t<meta name=\"twitter:data1\" content=\"4 min\u016btes\" \/>\n<script type=\"application\/ld+json\" class=\"yoast-schema-graph\">{\"@context\":\"https:\/\/schema.org\",\"@graph\":[{\"@type\":\"WebPage\",\"@id\":\"https:\/\/qingdaohf.com\/product\/elephant-foot-ferrule\/\",\"url\":\"https:\/\/qingdaohf.com\/product\/elephant-foot-ferrule\/\",\"name\":\"Elephant Foot Ferrule\",\"isPartOf\":{\"@id\":\"https:\/\/qingdaohf.com\/bg\/#website\"},\"primaryImageOfPage\":{\"@id\":\"https:\/\/qingdaohf.com\/product\/elephant-foot-ferrule\/#primaryimage\"},\"image\":{\"@id\":\"https:\/\/qingdaohf.com\/product\/elephant-foot-ferrule\/#primaryimage\"},\"thumbnailUrl\":\"https:\/\/qingdaohf.com\/wp-content\/uploads\/2023\/03\/roud-ferrule-elephant-foot-ferrule-4-1.jpg\",\"datePublished\":\"2023-03-02T07:27:12+00:00\",\"dateModified\":\"2025-11-13T01:05:52+00:00\",\"description\":\"Roud Ferrule and Elephant Foot Ferrule it helps to ensure the integrity and longevity of the structures we build.\",\"breadcrumb\":{\"@id\":\"https:\/\/qingdaohf.com\/product\/elephant-foot-ferrule\/#breadcrumb\"},\"inLanguage\":\"lv-LV\",\"potentialAction\":[{\"@type\":\"ReadAction\",\"target\":[\"https:\/\/qingdaohf.com\/product\/elephant-foot-ferrule\/\"]}]},{\"@type\":\"ImageObject\",\"inLanguage\":\"lv-LV\",\"@id\":\"https:\/\/qingdaohf.com\/product\/elephant-foot-ferrule\/#primaryimage\",\"url\":\"https:\/\/qingdaohf.com\/wp-content\/uploads\/2023\/03\/roud-ferrule-elephant-foot-ferrule-4-1.jpg\",\"contentUrl\":\"https:\/\/qingdaohf.com\/wp-content\/uploads\/2023\/03\/roud-ferrule-elephant-foot-ferrule-4-1.jpg\",\"width\":1000,\"height\":1000,\"caption\":\"roud ferrule elephant foot ferrule\"},{\"@type\":\"BreadcrumbList\",\"@id\":\"https:\/\/qingdaohf.com\/product\/elephant-foot-ferrule\/#breadcrumb\",\"itemListElement\":[{\"@type\":\"ListItem\",\"position\":1,\"name\":\"Home\",\"item\":\"https:\/\/qingdaohf.com\/\"},{\"@type\":\"ListItem\",\"position\":2,\"name\":\"Concrete Forming Accessories and Rigging Hardware\",\"item\":\"https:\/\/qingdaohf.com\/bg\/?page_id=944\"},{\"@type\":\"ListItem\",\"position\":3,\"name\":\"Elephant Foot Ferrule\"}]},{\"@type\":\"WebSite\",\"@id\":\"https:\/\/qingdaohf.com\/bg\/#website\",\"url\":\"https:\/\/qingdaohf.com\/bg\/\",\"name\":\"Concrete Form & Rigging Hardware Supplier\",\"description\":\"\",\"publisher\":{\"@id\":\"https:\/\/qingdaohf.com\/bg\/#organization\"},\"potentialAction\":[{\"@type\":\"SearchAction\",\"target\":{\"@type\":\"EntryPoint\",\"urlTemplate\":\"https:\/\/qingdaohf.com\/bg\/?s={search_term_string}\"},\"query-input\":{\"@type\":\"PropertyValueSpecification\",\"valueRequired\":true,\"valueName\":\"search_term_string\"}}],\"inLanguage\":\"lv-LV\"},{\"@type\":\"Organization\",\"@id\":\"https:\/\/qingdaohf.com\/bg\/#organization\",\"name\":\"Qingdao H&F\",\"url\":\"https:\/\/qingdaohf.com\/bg\/\",\"logo\":{\"@type\":\"ImageObject\",\"inLanguage\":\"lv-LV\",\"@id\":\"https:\/\/qingdaohf.com\/bg\/#\/schema\/logo\/image\/\",\"url\":\"https:\/\/qingdaohf.com\/wp-content\/uploads\/2022\/12\/cropped-HF-LOGO.png\",\"contentUrl\":\"https:\/\/qingdaohf.com\/wp-content\/uploads\/2022\/12\/cropped-HF-LOGO.png\",\"width\":391,\"height\":249,\"caption\":\"Qingdao H&F\"},\"image\":{\"@id\":\"https:\/\/qingdaohf.com\/bg\/#\/schema\/logo\/image\/\"},\"sameAs\":[\"https:\/\/www.facebook.com\/qingdaohf\"]}]}<\/script>\n<!-- \/ Yoast SEO plugin. -->","yoast_head_json":{"title":"Elephant Foot Ferrule","description":"Roud Ferrule and Elephant Foot Ferrule it helps to ensure the integrity and longevity of the structures we build.","robots":{"index":"index","follow":"follow","max-snippet":"max-snippet:-1","max-image-preview":"max-image-preview:large","max-video-preview":"max-video-preview:-1"},"canonical":"https:\/\/qingdaohf.com\/lv\/products\/rudita-uzmava-zilona-kaju-uzmava\/","og_locale":"lv_LV","og_type":"article","og_title":"Elephant Foot Ferrule","og_description":"Roud Ferrule and Elephant Foot Ferrule it helps to ensure the integrity and longevity of the structures we build.","og_url":"https:\/\/qingdaohf.com\/lv\/products\/rudita-uzmava-zilona-kaju-uzmava\/","og_site_name":"Concrete Form &amp; Rigging Hardware Supplier","article_publisher":"https:\/\/www.facebook.com\/qingdaohf","article_modified_time":"2025-11-13T01:05:52+00:00","og_image":[{"width":1000,"height":1000,"url":"https:\/\/qingdaohf.com\/wp-content\/uploads\/2023\/03\/roud-ferrule-elephant-foot-ferrule-4-1.jpg","type":"image\/jpeg"}],"twitter_card":"summary_large_image","twitter_misc":{"Est. reading time":"4 min\u016btes"},"schema":{"@context":"https:\/\/schema.org","@graph":[{"@type":"WebPage","@id":"https:\/\/qingdaohf.com\/product\/elephant-foot-ferrule\/","url":"https:\/\/qingdaohf.com\/product\/elephant-foot-ferrule\/","name":"Elephant Foot Ferrule","isPartOf":{"@id":"https:\/\/qingdaohf.com\/bg\/#website"},"primaryImageOfPage":{"@id":"https:\/\/qingdaohf.com\/product\/elephant-foot-ferrule\/#primaryimage"},"image":{"@id":"https:\/\/qingdaohf.com\/product\/elephant-foot-ferrule\/#primaryimage"},"thumbnailUrl":"https:\/\/qingdaohf.com\/wp-content\/uploads\/2023\/03\/roud-ferrule-elephant-foot-ferrule-4-1.jpg","datePublished":"2023-03-02T07:27:12+00:00","dateModified":"2025-11-13T01:05:52+00:00","description":"Roud Ferrule and Elephant Foot Ferrule it helps to ensure the integrity and longevity of the structures we build.","breadcrumb":{"@id":"https:\/\/qingdaohf.com\/product\/elephant-foot-ferrule\/#breadcrumb"},"inLanguage":"lv-LV","potentialAction":[{"@type":"ReadAction","target":["https:\/\/qingdaohf.com\/product\/elephant-foot-ferrule\/"]}]},{"@type":"ImageObject","inLanguage":"lv-LV","@id":"https:\/\/qingdaohf.com\/product\/elephant-foot-ferrule\/#primaryimage","url":"https:\/\/qingdaohf.com\/wp-content\/uploads\/2023\/03\/roud-ferrule-elephant-foot-ferrule-4-1.jpg","contentUrl":"https:\/\/qingdaohf.com\/wp-content\/uploads\/2023\/03\/roud-ferrule-elephant-foot-ferrule-4-1.jpg","width":1000,"height":1000,"caption":"roud ferrule elephant foot ferrule"},{"@type":"BreadcrumbList","@id":"https:\/\/qingdaohf.com\/product\/elephant-foot-ferrule\/#breadcrumb","itemListElement":[{"@type":"ListItem","position":1,"name":"Home","item":"https:\/\/qingdaohf.com\/"},{"@type":"ListItem","position":2,"name":"Concrete Forming Accessories and Rigging Hardware","item":"https:\/\/qingdaohf.com\/bg\/?page_id=944"},{"@type":"ListItem","position":3,"name":"Elephant Foot Ferrule"}]},{"@type":"WebSite","@id":"https:\/\/qingdaohf.com\/bg\/#website","url":"https:\/\/qingdaohf.com\/bg\/","name":"Concrete Form & Rigging Hardware Supplier","description":"","publisher":{"@id":"https:\/\/qingdaohf.com\/bg\/#organization"},"potentialAction":[{"@type":"SearchAction","target":{"@type":"EntryPoint","urlTemplate":"https:\/\/qingdaohf.com\/bg\/?s={search_term_string}"},"query-input":{"@type":"PropertyValueSpecification","valueRequired":true,"valueName":"search_term_string"}}],"inLanguage":"lv-LV"},{"@type":"Organization","@id":"https:\/\/qingdaohf.com\/bg\/#organization","name":"Qingdao H&F","url":"https:\/\/qingdaohf.com\/bg\/","logo":{"@type":"ImageObject","inLanguage":"lv-LV","@id":"https:\/\/qingdaohf.com\/bg\/#\/schema\/logo\/image\/","url":"https:\/\/qingdaohf.com\/wp-content\/uploads\/2022\/12\/cropped-HF-LOGO.png","contentUrl":"https:\/\/qingdaohf.com\/wp-content\/uploads\/2022\/12\/cropped-HF-LOGO.png","width":391,"height":249,"caption":"Qingdao H&F"},"image":{"@id":"https:\/\/qingdaohf.com\/bg\/#\/schema\/logo\/image\/"},"sameAs":["https:\/\/www.facebook.com\/qingdaohf"]}]}},"_links":{"self":[{"href":"https:\/\/qingdaohf.com\/lv\/wp-json\/wp\/v2\/product\/2646","targetHints":{"allow":["GET"]}}],"collection":[{"href":"https:\/\/qingdaohf.com\/lv\/wp-json\/wp\/v2\/product"}],"about":[{"href":"https:\/\/qingdaohf.com\/lv\/wp-json\/wp\/v2\/types\/product"}],"replies":[{"embeddable":true,"href":"https:\/\/qingdaohf.com\/lv\/wp-json\/wp\/v2\/comments?post=2646"}],"version-history":[{"count":4,"href":"https:\/\/qingdaohf.com\/lv\/wp-json\/wp\/v2\/product\/2646\/revisions"}],"predecessor-version":[{"id":8734,"href":"https:\/\/qingdaohf.com\/lv\/wp-json\/wp\/v2\/product\/2646\/revisions\/8734"}],"wp:featuredmedia":[{"embeddable":true,"href":"https:\/\/qingdaohf.com\/lv\/wp-json\/wp\/v2\/media\/3398"}],"wp:attachment":[{"href":"https:\/\/qingdaohf.com\/lv\/wp-json\/wp\/v2\/media?parent=2646"}],"wp:term":[{"taxonomy":"product_brand","embeddable":true,"href":"https:\/\/qingdaohf.com\/lv\/wp-json\/wp\/v2\/product_brand?post=2646"},{"taxonomy":"product_cat","embeddable":true,"href":"https:\/\/qingdaohf.com\/lv\/wp-json\/wp\/v2\/product_cat?post=2646"},{"taxonomy":"product_tag","embeddable":true,"href":"https:\/\/qingdaohf.com\/lv\/wp-json\/wp\/v2\/product_tag?post=2646"}],"curies":[{"name":"wp","href":"https:\/\/api.w.org\/{rel}","templated":true}]}}