{"id":2659,"date":"2023-03-02T16:41:08","date_gmt":"2023-03-02T08:41:08","guid":{"rendered":"http:\/\/qingdaohf.com\/?post_type=product&#038;p=2659"},"modified":"2025-11-13T09:05:51","modified_gmt":"2025-11-13T01:05:51","slug":"tail-threaded-anchor","status":"publish","type":"product","link":"https:\/\/qingdaohf.com\/lv\/products\/astes-vitnots-enkurs\/","title":{"rendered":"Garais un \u012bsais vi\u013c\u0146otais enkurs ar v\u012btni"},"content":{"rendered":"<p>Garais vi\u013c\u0146otais v\u012bt\u0146otais enkurs ir stiprin\u0101juma veids, ko izmanto b\u016bvniec\u012bb\u0101 un DIY projektos, lai piestiprin\u0101tu objektus pie cietas virsmas, piem\u0113ram, betona vai m\u016bra. Tas ir izgatavots no augstas stipr\u012bbas t\u0113rauda, un tam ir unik\u0101la konstrukcija, kas \u013cauj tam nodro\u0161in\u0101t stipru stipr\u012bbu pat v\u0101j\u0101kos materi\u0101los.<\/p>\n<p>Enkuram ir gara vi\u013c\u0146ota astes da\u013ca, kas nodro\u0161ina liel\u0101ku iztur\u012bbu pret izvilk\u0161anas sp\u0113kiem, padarot to ide\u0101li piem\u0113rotu lietojumiem, kur sagaid\u0101mas lielas slodzes vai stiepes sp\u0113ki. Enkura v\u0101rpstu ar v\u012btni ievieto iepriek\u0161 izurbt\u0101 caurum\u0101 un nostiprina, pievelkot uzgriezni vai bultskr\u016bvi, kas izraisa astes izple\u0161anos un dro\u0161u satv\u0113rienu materi\u0101l\u0101.<\/p>\n<p>Garie vi\u013c\u0146otie v\u012bt\u0146otie enkuri parasti tiek izmantoti ma\u0161\u012bnu, apkures, ventil\u0101cijas, apkures, ventil\u0101cijas un kondicion\u0113\u0161anas iek\u0101rtu, elektroier\u012b\u010du un citu smagu priek\u0161metu uzst\u0101d\u012b\u0161anai. Tie ir piem\u0113roti ar\u012b izmanto\u0161anai seismiskos gad\u012bjumos, kad nepiecie\u0161ama papildu iztur\u012bba un stabilit\u0101te. \u0160iem enkuriem ir da\u017e\u0101di izm\u0113ri, un tos parasti p\u0101rdod lielos daudzumos izmanto\u0161anai liela m\u0113roga projektos.<\/p>\n<p><img fetchpriority=\"high\" decoding=\"async\" class=\"alignnone size-full wp-image-3354\" src=\"http:\/\/qingdaohf.com\/wp-content\/uploads\/2023\/03\/52-2-1.jpg\" alt=\"TAB\" width=\"1200\" height=\"468\" srcset=\"https:\/\/qingdaohf.com\/wp-content\/uploads\/2023\/03\/52-2-1.jpg 1200w, https:\/\/qingdaohf.com\/wp-content\/uploads\/2023\/03\/52-2-1-300x117.jpg 300w, https:\/\/qingdaohf.com\/wp-content\/uploads\/2023\/03\/52-2-1-1024x399.jpg 1024w, https:\/\/qingdaohf.com\/wp-content\/uploads\/2023\/03\/52-2-1-768x300.jpg 768w, https:\/\/qingdaohf.com\/wp-content\/uploads\/2023\/03\/52-2-1-1000x390.jpg 1000w\" sizes=\"(max-width: 1200px) 100vw, 1200px\" \/><\/p>\n<p>\u012ass vi\u013c\u0146ots v\u012bt\u0146ots enkurs ir stiprin\u0101juma veids, ko izmanto objektu piestiprin\u0101\u0161anai pie t\u0101d\u0101m virsm\u0101m k\u0101 betons, \u0137ie\u0123e\u013ci vai akmens. To veido met\u0101la stienis ar vi\u013c\u0146otu ast\u012bti vien\u0101 gal\u0101 un v\u012bt\u0146otu v\u0101rpstu otr\u0101 gal\u0101. Vi\u013c\u0146ot\u0101 ast\u012bte nodro\u0161ina papildu sa\u0137eri un nov\u0113r\u0161 enkura izvilk\u0161anu no virsmas.<\/p>\n<p>Enkuru ievieto iepriek\u0161 izurbt\u0101 caurum\u0101 un pievelk ar uzgrie\u017e\u0146u atsl\u0113gu, t\u0101d\u0113j\u0101di v\u012bt\u0146ot\u0101 v\u0101rpsta izple\u0161as un dro\u0161i satver virsmu. \u012asos vi\u013c\u0146otos v\u012bt\u0146otos enkurus parasti izmanto b\u016bvniec\u012bb\u0101 un DIY projektos, lai piestiprin\u0101tu t\u0101dus priek\u0161metus k\u0101 plaukti, skapji un gaismas \u0137erme\u0146i. Tie ir pieejami da\u017e\u0101dos izm\u0113ros un no da\u017e\u0101diem materi\u0101liem, lai atbilstu da\u017e\u0101diem lietojumiem.<\/p>\n<p>&nbsp;<\/p>\n<p><img decoding=\"async\" class=\"alignnone size-full wp-image-3360\" src=\"http:\/\/qingdaohf.com\/wp-content\/uploads\/2023\/03\/52-1-1.jpg\" alt=\"TAB\" width=\"1200\" height=\"452\" srcset=\"https:\/\/qingdaohf.com\/wp-content\/uploads\/2023\/03\/52-1-1.jpg 1200w, https:\/\/qingdaohf.com\/wp-content\/uploads\/2023\/03\/52-1-1-300x113.jpg 300w, https:\/\/qingdaohf.com\/wp-content\/uploads\/2023\/03\/52-1-1-1024x386.jpg 1024w, https:\/\/qingdaohf.com\/wp-content\/uploads\/2023\/03\/52-1-1-768x289.jpg 768w, https:\/\/qingdaohf.com\/wp-content\/uploads\/2023\/03\/52-1-1-1000x377.jpg 1000w\" sizes=\"(max-width: 1200px) 100vw, 1200px\" \/><\/p>","protected":false},"excerpt":{"rendered":"<p>Aizmugur\u0113jais v\u012bt\u0146otais enkurs ir stiprin\u0101juma veids, ko izmanto b\u016bvniec\u012bb\u0101 un in\u017eeniertehniskajos darbos, lai dro\u0161i piestiprin\u0101tu konstrukcijas pie pamatmateri\u0101la, piem\u0113ram, betona, m\u016bra vai t\u0113rauda. Enkurs ir izgatavots no augstas stipr\u012bbas t\u0113rauda un sast\u0101v no v\u012bt\u0146ota tapas ar astes da\u013cu, kas ir paredz\u0113ta iegremd\u0113\u0161anai pamatmateri\u0101l\u0101.<\/p>","protected":false},"featured_media":3348,"comment_status":"open","ping_status":"closed","template":"","meta":{"site-sidebar-layout":"default","site-content-layout":"default","ast-site-content-layout":"","site-content-style":"default","site-sidebar-style":"default","ast-global-header-display":"","ast-banner-title-visibility":"","ast-main-header-display":"","ast-hfb-above-header-display":"","ast-hfb-below-header-display":"","ast-hfb-mobile-header-display":"","site-post-title":"","ast-breadcrumbs-content":"","ast-featured-img":"","footer-sml-layout":"","theme-transparent-header-meta":"default","adv-header-id-meta":"","stick-header-meta":"default","header-above-stick-meta":"","header-main-stick-meta":"","header-below-stick-meta":"","astra-migrate-meta-layouts":"default","ast-page-background-enabled":"default","ast-page-background-meta":{"desktop":{"background-color":"","background-image":"","background-repeat":"repeat","background-position":"center center","background-size":"auto","background-attachment":"scroll","background-type":"","background-media":"","overlay-type":"","overlay-color":"","overlay-opacity":"","overlay-gradient":""},"tablet":{"background-color":"","background-image":"","background-repeat":"repeat","background-position":"center center","background-size":"auto","background-attachment":"scroll","background-type":"","background-media":"","overlay-type":"","overlay-color":"","overlay-opacity":"","overlay-gradient":""},"mobile":{"background-color":"","background-image":"","background-repeat":"repeat","background-position":"center center","background-size":"auto","background-attachment":"scroll","background-type":"","background-media":"","overlay-type":"","overlay-color":"","overlay-opacity":"","overlay-gradient":""}},"ast-content-background-meta":{"desktop":{"background-color":"var(--ast-global-color-5)","background-image":"","background-repeat":"repeat","background-position":"center center","background-size":"auto","background-attachment":"scroll","background-type":"","background-media":"","overlay-type":"","overlay-color":"","overlay-opacity":"","overlay-gradient":""},"tablet":{"background-color":"var(--ast-global-color-5)","background-image":"","background-repeat":"repeat","background-position":"center center","background-size":"auto","background-attachment":"scroll","background-type":"","background-media":"","overlay-type":"","overlay-color":"","overlay-opacity":"","overlay-gradient":""},"mobile":{"background-color":"var(--ast-global-color-5)","background-image":"","background-repeat":"repeat","background-position":"center center","background-size":"auto","background-attachment":"scroll","background-type":"","background-media":"","overlay-type":"","overlay-color":"","overlay-opacity":"","overlay-gradient":""}}},"product_brand":[],"product_cat":[50,28,30],"product_tag":[],"class_list":{"0":"post-2659","1":"product","2":"type-product","3":"status-publish","4":"has-post-thumbnail","6":"product_cat-concrete-form-accessories","7":"product_cat-concrete-forming","8":"product_cat-lifting-anchor","9":"desktop-align-left","10":"tablet-align-left","11":"mobile-align-left","12":"ast-product-gallery-layout-horizontal-slider","13":"ast-product-tabs-layout-horizontal","15":"first","16":"instock","17":"shipping-taxable","18":"purchasable","19":"product-type-simple"},"yoast_head":"<!-- This site is optimized with the Yoast SEO plugin v25.2 - https:\/\/yoast.com\/wordpress\/plugins\/seo\/ -->\n<title>Long &amp; Short Wavy Tail Threaded Anchor<\/title>\n<meta name=\"description\" content=\"Tail Threaded Anchor is a type of fastener used in construction and engineering applications to securely anchor structures to a base material such as concrete, masonry, or steel.\" \/>\n<meta name=\"robots\" content=\"index, follow, max-snippet:-1, max-image-preview:large, max-video-preview:-1\" \/>\n<link rel=\"canonical\" href=\"https:\/\/qingdaohf.com\/lv\/products\/astes-vitnots-enkurs\/\" \/>\n<meta property=\"og:locale\" content=\"lv_LV\" \/>\n<meta property=\"og:type\" content=\"article\" \/>\n<meta property=\"og:title\" content=\"Long &amp; Short Wavy Tail Threaded Anchor\" \/>\n<meta property=\"og:description\" content=\"Tail Threaded Anchor is a type of fastener used in construction and engineering applications to securely anchor structures to a base material such as concrete, masonry, or steel.\" \/>\n<meta property=\"og:url\" content=\"https:\/\/qingdaohf.com\/lv\/products\/astes-vitnots-enkurs\/\" \/>\n<meta property=\"og:site_name\" content=\"Concrete Form &amp; Rigging Hardware Supplier\" \/>\n<meta property=\"article:publisher\" content=\"https:\/\/www.facebook.com\/qingdaohf\" \/>\n<meta property=\"article:modified_time\" content=\"2025-11-13T01:05:51+00:00\" \/>\n<meta property=\"og:image\" content=\"https:\/\/qingdaohf.com\/wp-content\/uploads\/2023\/03\/long-wavy-tail-threaded-anchor-1.jpg\" \/>\n\t<meta property=\"og:image:width\" content=\"1000\" \/>\n\t<meta property=\"og:image:height\" content=\"1000\" \/>\n\t<meta property=\"og:image:type\" content=\"image\/jpeg\" \/>\n<meta name=\"twitter:card\" content=\"summary_large_image\" \/>\n<meta name=\"twitter:label1\" content=\"Est. reading time\" \/>\n\t<meta name=\"twitter:data1\" content=\"2 min\u016btes\" \/>\n<script type=\"application\/ld+json\" class=\"yoast-schema-graph\">{\"@context\":\"https:\/\/schema.org\",\"@graph\":[{\"@type\":\"WebPage\",\"@id\":\"https:\/\/qingdaohf.com\/product\/tail-threaded-anchor\/\",\"url\":\"https:\/\/qingdaohf.com\/product\/tail-threaded-anchor\/\",\"name\":\"Long & Short Wavy Tail Threaded Anchor\",\"isPartOf\":{\"@id\":\"https:\/\/qingdaohf.com\/bg\/#website\"},\"primaryImageOfPage\":{\"@id\":\"https:\/\/qingdaohf.com\/product\/tail-threaded-anchor\/#primaryimage\"},\"image\":{\"@id\":\"https:\/\/qingdaohf.com\/product\/tail-threaded-anchor\/#primaryimage\"},\"thumbnailUrl\":\"https:\/\/qingdaohf.com\/wp-content\/uploads\/2023\/03\/long-wavy-tail-threaded-anchor-1.jpg\",\"datePublished\":\"2023-03-02T08:41:08+00:00\",\"dateModified\":\"2025-11-13T01:05:51+00:00\",\"description\":\"Tail Threaded Anchor is a type of fastener used in construction and engineering applications to securely anchor structures to a base material such as concrete, masonry, or steel.\",\"breadcrumb\":{\"@id\":\"https:\/\/qingdaohf.com\/product\/tail-threaded-anchor\/#breadcrumb\"},\"inLanguage\":\"lv-LV\",\"potentialAction\":[{\"@type\":\"ReadAction\",\"target\":[\"https:\/\/qingdaohf.com\/product\/tail-threaded-anchor\/\"]}]},{\"@type\":\"ImageObject\",\"inLanguage\":\"lv-LV\",\"@id\":\"https:\/\/qingdaohf.com\/product\/tail-threaded-anchor\/#primaryimage\",\"url\":\"https:\/\/qingdaohf.com\/wp-content\/uploads\/2023\/03\/long-wavy-tail-threaded-anchor-1.jpg\",\"contentUrl\":\"https:\/\/qingdaohf.com\/wp-content\/uploads\/2023\/03\/long-wavy-tail-threaded-anchor-1.jpg\",\"width\":1000,\"height\":1000,\"caption\":\"long wavy tail threaded anchor\"},{\"@type\":\"BreadcrumbList\",\"@id\":\"https:\/\/qingdaohf.com\/product\/tail-threaded-anchor\/#breadcrumb\",\"itemListElement\":[{\"@type\":\"ListItem\",\"position\":1,\"name\":\"Home\",\"item\":\"https:\/\/qingdaohf.com\/\"},{\"@type\":\"ListItem\",\"position\":2,\"name\":\"Concrete Forming Accessories and Rigging Hardware\",\"item\":\"https:\/\/qingdaohf.com\/bg\/?page_id=944\"},{\"@type\":\"ListItem\",\"position\":3,\"name\":\"Long &#038; Short Wavy Tail Threaded Anchor\"}]},{\"@type\":\"WebSite\",\"@id\":\"https:\/\/qingdaohf.com\/bg\/#website\",\"url\":\"https:\/\/qingdaohf.com\/bg\/\",\"name\":\"Concrete Form & Rigging Hardware Supplier\",\"description\":\"\",\"publisher\":{\"@id\":\"https:\/\/qingdaohf.com\/bg\/#organization\"},\"potentialAction\":[{\"@type\":\"SearchAction\",\"target\":{\"@type\":\"EntryPoint\",\"urlTemplate\":\"https:\/\/qingdaohf.com\/bg\/?s={search_term_string}\"},\"query-input\":{\"@type\":\"PropertyValueSpecification\",\"valueRequired\":true,\"valueName\":\"search_term_string\"}}],\"inLanguage\":\"lv-LV\"},{\"@type\":\"Organization\",\"@id\":\"https:\/\/qingdaohf.com\/bg\/#organization\",\"name\":\"Qingdao H&F\",\"url\":\"https:\/\/qingdaohf.com\/bg\/\",\"logo\":{\"@type\":\"ImageObject\",\"inLanguage\":\"lv-LV\",\"@id\":\"https:\/\/qingdaohf.com\/bg\/#\/schema\/logo\/image\/\",\"url\":\"https:\/\/qingdaohf.com\/wp-content\/uploads\/2022\/12\/cropped-HF-LOGO.png\",\"contentUrl\":\"https:\/\/qingdaohf.com\/wp-content\/uploads\/2022\/12\/cropped-HF-LOGO.png\",\"width\":391,\"height\":249,\"caption\":\"Qingdao H&F\"},\"image\":{\"@id\":\"https:\/\/qingdaohf.com\/bg\/#\/schema\/logo\/image\/\"},\"sameAs\":[\"https:\/\/www.facebook.com\/qingdaohf\"]}]}<\/script>\n<!-- \/ Yoast SEO plugin. -->","yoast_head_json":{"title":"Long & Short Wavy Tail Threaded Anchor","description":"Tail Threaded Anchor is a type of fastener used in construction and engineering applications to securely anchor structures to a base material such as concrete, masonry, or steel.","robots":{"index":"index","follow":"follow","max-snippet":"max-snippet:-1","max-image-preview":"max-image-preview:large","max-video-preview":"max-video-preview:-1"},"canonical":"https:\/\/qingdaohf.com\/lv\/products\/astes-vitnots-enkurs\/","og_locale":"lv_LV","og_type":"article","og_title":"Long & Short Wavy Tail Threaded Anchor","og_description":"Tail Threaded Anchor is a type of fastener used in construction and engineering applications to securely anchor structures to a base material such as concrete, masonry, or steel.","og_url":"https:\/\/qingdaohf.com\/lv\/products\/astes-vitnots-enkurs\/","og_site_name":"Concrete Form &amp; Rigging Hardware Supplier","article_publisher":"https:\/\/www.facebook.com\/qingdaohf","article_modified_time":"2025-11-13T01:05:51+00:00","og_image":[{"width":1000,"height":1000,"url":"https:\/\/qingdaohf.com\/wp-content\/uploads\/2023\/03\/long-wavy-tail-threaded-anchor-1.jpg","type":"image\/jpeg"}],"twitter_card":"summary_large_image","twitter_misc":{"Est. reading time":"2 min\u016btes"},"schema":{"@context":"https:\/\/schema.org","@graph":[{"@type":"WebPage","@id":"https:\/\/qingdaohf.com\/product\/tail-threaded-anchor\/","url":"https:\/\/qingdaohf.com\/product\/tail-threaded-anchor\/","name":"Long & Short Wavy Tail Threaded Anchor","isPartOf":{"@id":"https:\/\/qingdaohf.com\/bg\/#website"},"primaryImageOfPage":{"@id":"https:\/\/qingdaohf.com\/product\/tail-threaded-anchor\/#primaryimage"},"image":{"@id":"https:\/\/qingdaohf.com\/product\/tail-threaded-anchor\/#primaryimage"},"thumbnailUrl":"https:\/\/qingdaohf.com\/wp-content\/uploads\/2023\/03\/long-wavy-tail-threaded-anchor-1.jpg","datePublished":"2023-03-02T08:41:08+00:00","dateModified":"2025-11-13T01:05:51+00:00","description":"Tail Threaded Anchor is a type of fastener used in construction and engineering applications to securely anchor structures to a base material such as concrete, masonry, or steel.","breadcrumb":{"@id":"https:\/\/qingdaohf.com\/product\/tail-threaded-anchor\/#breadcrumb"},"inLanguage":"lv-LV","potentialAction":[{"@type":"ReadAction","target":["https:\/\/qingdaohf.com\/product\/tail-threaded-anchor\/"]}]},{"@type":"ImageObject","inLanguage":"lv-LV","@id":"https:\/\/qingdaohf.com\/product\/tail-threaded-anchor\/#primaryimage","url":"https:\/\/qingdaohf.com\/wp-content\/uploads\/2023\/03\/long-wavy-tail-threaded-anchor-1.jpg","contentUrl":"https:\/\/qingdaohf.com\/wp-content\/uploads\/2023\/03\/long-wavy-tail-threaded-anchor-1.jpg","width":1000,"height":1000,"caption":"long wavy tail threaded anchor"},{"@type":"BreadcrumbList","@id":"https:\/\/qingdaohf.com\/product\/tail-threaded-anchor\/#breadcrumb","itemListElement":[{"@type":"ListItem","position":1,"name":"Home","item":"https:\/\/qingdaohf.com\/"},{"@type":"ListItem","position":2,"name":"Concrete Forming Accessories and Rigging Hardware","item":"https:\/\/qingdaohf.com\/bg\/?page_id=944"},{"@type":"ListItem","position":3,"name":"Long &#038; Short Wavy Tail Threaded Anchor"}]},{"@type":"WebSite","@id":"https:\/\/qingdaohf.com\/bg\/#website","url":"https:\/\/qingdaohf.com\/bg\/","name":"Concrete Form & Rigging Hardware Supplier","description":"","publisher":{"@id":"https:\/\/qingdaohf.com\/bg\/#organization"},"potentialAction":[{"@type":"SearchAction","target":{"@type":"EntryPoint","urlTemplate":"https:\/\/qingdaohf.com\/bg\/?s={search_term_string}"},"query-input":{"@type":"PropertyValueSpecification","valueRequired":true,"valueName":"search_term_string"}}],"inLanguage":"lv-LV"},{"@type":"Organization","@id":"https:\/\/qingdaohf.com\/bg\/#organization","name":"Qingdao H&F","url":"https:\/\/qingdaohf.com\/bg\/","logo":{"@type":"ImageObject","inLanguage":"lv-LV","@id":"https:\/\/qingdaohf.com\/bg\/#\/schema\/logo\/image\/","url":"https:\/\/qingdaohf.com\/wp-content\/uploads\/2022\/12\/cropped-HF-LOGO.png","contentUrl":"https:\/\/qingdaohf.com\/wp-content\/uploads\/2022\/12\/cropped-HF-LOGO.png","width":391,"height":249,"caption":"Qingdao H&F"},"image":{"@id":"https:\/\/qingdaohf.com\/bg\/#\/schema\/logo\/image\/"},"sameAs":["https:\/\/www.facebook.com\/qingdaohf"]}]}},"_links":{"self":[{"href":"https:\/\/qingdaohf.com\/lv\/wp-json\/wp\/v2\/product\/2659","targetHints":{"allow":["GET"]}}],"collection":[{"href":"https:\/\/qingdaohf.com\/lv\/wp-json\/wp\/v2\/product"}],"about":[{"href":"https:\/\/qingdaohf.com\/lv\/wp-json\/wp\/v2\/types\/product"}],"replies":[{"embeddable":true,"href":"https:\/\/qingdaohf.com\/lv\/wp-json\/wp\/v2\/comments?post=2659"}],"version-history":[{"count":2,"href":"https:\/\/qingdaohf.com\/lv\/wp-json\/wp\/v2\/product\/2659\/revisions"}],"predecessor-version":[{"id":6121,"href":"https:\/\/qingdaohf.com\/lv\/wp-json\/wp\/v2\/product\/2659\/revisions\/6121"}],"wp:featuredmedia":[{"embeddable":true,"href":"https:\/\/qingdaohf.com\/lv\/wp-json\/wp\/v2\/media\/3348"}],"wp:attachment":[{"href":"https:\/\/qingdaohf.com\/lv\/wp-json\/wp\/v2\/media?parent=2659"}],"wp:term":[{"taxonomy":"product_brand","embeddable":true,"href":"https:\/\/qingdaohf.com\/lv\/wp-json\/wp\/v2\/product_brand?post=2659"},{"taxonomy":"product_cat","embeddable":true,"href":"https:\/\/qingdaohf.com\/lv\/wp-json\/wp\/v2\/product_cat?post=2659"},{"taxonomy":"product_tag","embeddable":true,"href":"https:\/\/qingdaohf.com\/lv\/wp-json\/wp\/v2\/product_tag?post=2659"}],"curies":[{"name":"wp","href":"https:\/\/api.w.org\/{rel}","templated":true}]}}