{"id":2676,"date":"2023-03-03T14:23:19","date_gmt":"2023-03-03T06:23:19","guid":{"rendered":"http:\/\/qingdaohf.com\/?post_type=product&#038;p=2676"},"modified":"2025-11-13T09:05:33","modified_gmt":"2025-11-13T01:05:33","slug":"plastic-rebar-slab-bolster","status":"publish","type":"product","link":"https:\/\/qingdaohf.com\/lv\/products\/plastmasas-armaturas-platnes-bolsteris\/","title":{"rendered":"Plastmasas armat\u016bras pl\u0101tnes bolsteris"},"content":{"rendered":"<p>Plastmasas armat\u016bras pl\u0101tnes stiprin\u0101jums nodro\u0161ina ar\u012b aizsargbarjeru starp armat\u016bras stie\u0146iem un betonu, nov\u0113r\u0161ot to tie\u0161u savstarp\u0113ju saskari. Tas pal\u012bdz nov\u0113rst armat\u016bras stie\u0146u koroziju, kas laika gait\u0101 var v\u0101jin\u0101t konstrukciju.<\/p>\n<div class=\"ast-oembed-container\" style=\"height: 100%;\"><iframe title=\"H&amp;F plastmasas pl\u0101k\u0161\u0146u balsts\" width=\"500\" height=\"281\" src=\"https:\/\/www.youtube.com\/embed\/W8h1N0U9r38?feature=oembed\" frameborder=\"0\" allow=\"accelerometer; autoplay; clipboard-write; encrypted-media; gyroscope; picture-in-picture; web-share\" referrerpolicy=\"strict-origin-when-cross-origin\" allowfullscreen><\/iframe><\/div>\n<p><img fetchpriority=\"high\" decoding=\"async\" class=\"alignnone size-full wp-image-3383\" src=\"http:\/\/qingdaohf.com\/wp-content\/uploads\/2023\/03\/61-2.jpg\" alt=\"Plastmasas armat\u016bras pl\u0101tnes bolsteris\" width=\"1200\" height=\"428\" srcset=\"https:\/\/qingdaohf.com\/wp-content\/uploads\/2023\/03\/61-2.jpg 1200w, https:\/\/qingdaohf.com\/wp-content\/uploads\/2023\/03\/61-2-300x107.jpg 300w, https:\/\/qingdaohf.com\/wp-content\/uploads\/2023\/03\/61-2-1024x365.jpg 1024w, https:\/\/qingdaohf.com\/wp-content\/uploads\/2023\/03\/61-2-768x274.jpg 768w, https:\/\/qingdaohf.com\/wp-content\/uploads\/2023\/03\/61-2-1000x357.jpg 1000w\" sizes=\"(max-width: 1200px) 100vw, 1200px\" \/><\/p>\n<p><img decoding=\"async\" class=\"alignnone size-full wp-image-5196\" src=\"http:\/\/qingdaohf.com\/wp-content\/uploads\/2023\/03\/plastic-slab-bolster-1.webp\" alt=\"plastmasas pl\u0101k\u0161\u0146u balsts\" width=\"1000\" height=\"562\" srcset=\"https:\/\/qingdaohf.com\/wp-content\/uploads\/2023\/03\/plastic-slab-bolster-1.webp 1000w, https:\/\/qingdaohf.com\/wp-content\/uploads\/2023\/03\/plastic-slab-bolster-1-300x169.webp 300w, https:\/\/qingdaohf.com\/wp-content\/uploads\/2023\/03\/plastic-slab-bolster-1-768x432.webp 768w\" sizes=\"(max-width: 1000px) 100vw, 1000px\" \/><\/p>","protected":false},"excerpt":{"rendered":"<p>Plastmasas armat\u016bras pl\u0101tnes bolsteris ir b\u016bvmateri\u0101la veids, ko izmanto betona pl\u0101t\u0146u atbalstam un pastiprin\u0101\u0161anai. Tas ir plastmasas stienis, kas paredz\u0113ts novieto\u0161anai uz pl\u0101tnes veid\u0146u virsas pirms betona ielie\u0161anas. Armat\u016bras stiegrojuma pl\u0101tnes bolsteris kalpo k\u0101 balsts armat\u016bras t\u0113rauda stie\u0146iem (armat\u016bras stie\u0146iem), kas ir iestr\u0101d\u0101ti beton\u0101.<\/p>\n<p>\u0160\u012bs plastmasas pl\u0101tnes ir izgatavotas no augsta bl\u012bvuma polietil\u0113na (HDPE) un ir paredz\u0113tas, lai iztur\u0113tu betona svaru un armat\u016bras stie\u0146u slodzi. T\u0101s ir vieglas un viegli apstr\u0101d\u0101jamas, t\u0101p\u0113c t\u0101s ir ide\u0101li piem\u0113rotas izmanto\u0161anai b\u016bvniec\u012bbas projektos, kur laiks un darbasp\u0113ks ir \u013coti d\u0101rgi.<\/p>","protected":false},"featured_media":3379,"comment_status":"open","ping_status":"closed","template":"","meta":{"site-sidebar-layout":"default","site-content-layout":"default","ast-site-content-layout":"default","site-content-style":"default","site-sidebar-style":"default","ast-global-header-display":"","ast-banner-title-visibility":"","ast-main-header-display":"","ast-hfb-above-header-display":"","ast-hfb-below-header-display":"","ast-hfb-mobile-header-display":"","site-post-title":"","ast-breadcrumbs-content":"","ast-featured-img":"","footer-sml-layout":"","theme-transparent-header-meta":"default","adv-header-id-meta":"","stick-header-meta":"default","header-above-stick-meta":"","header-main-stick-meta":"","header-below-stick-meta":"","astra-migrate-meta-layouts":"set","ast-page-background-enabled":"default","ast-page-background-meta":{"desktop":{"background-color":"","background-image":"","background-repeat":"repeat","background-position":"center center","background-size":"auto","background-attachment":"scroll","background-type":"","background-media":"","overlay-type":"","overlay-color":"","overlay-opacity":"","overlay-gradient":""},"tablet":{"background-color":"","background-image":"","background-repeat":"repeat","background-position":"center center","background-size":"auto","background-attachment":"scroll","background-type":"","background-media":"","overlay-type":"","overlay-color":"","overlay-opacity":"","overlay-gradient":""},"mobile":{"background-color":"","background-image":"","background-repeat":"repeat","background-position":"center center","background-size":"auto","background-attachment":"scroll","background-type":"","background-media":"","overlay-type":"","overlay-color":"","overlay-opacity":"","overlay-gradient":""}},"ast-content-background-meta":{"desktop":{"background-color":"var(--ast-global-color-5)","background-image":"","background-repeat":"repeat","background-position":"center center","background-size":"auto","background-attachment":"scroll","background-type":"","background-media":"","overlay-type":"","overlay-color":"","overlay-opacity":"","overlay-gradient":""},"tablet":{"background-color":"var(--ast-global-color-5)","background-image":"","background-repeat":"repeat","background-position":"center center","background-size":"auto","background-attachment":"scroll","background-type":"","background-media":"","overlay-type":"","overlay-color":"","overlay-opacity":"","overlay-gradient":""},"mobile":{"background-color":"var(--ast-global-color-5)","background-image":"","background-repeat":"repeat","background-position":"center center","background-size":"auto","background-attachment":"scroll","background-type":"","background-media":"","overlay-type":"","overlay-color":"","overlay-opacity":"","overlay-gradient":""}}},"product_brand":[],"product_cat":[75],"product_tag":[],"class_list":{"0":"post-2676","1":"product","2":"type-product","3":"status-publish","4":"has-post-thumbnail","6":"product_cat-plastic-and-rubber-product","7":"desktop-align-left","8":"tablet-align-left","9":"mobile-align-left","10":"ast-product-gallery-layout-horizontal-slider","11":"ast-product-tabs-layout-horizontal","13":"first","14":"instock","15":"shipping-taxable","16":"purchasable","17":"product-type-simple"},"yoast_head":"<!-- This site is optimized with the Yoast SEO plugin v25.2 - https:\/\/yoast.com\/wordpress\/plugins\/seo\/ -->\n<title>Plastic Rebar Slab Bolster<\/title>\n<meta name=\"description\" content=\"Plastic rebar slab bolster is a type of construction material used to support and reinforce concrete slabs.\" \/>\n<meta name=\"robots\" content=\"index, follow, max-snippet:-1, max-image-preview:large, max-video-preview:-1\" \/>\n<link rel=\"canonical\" href=\"https:\/\/qingdaohf.com\/lv\/products\/plastmasas-armaturas-platnes-bolsteris\/\" \/>\n<meta property=\"og:locale\" content=\"lv_LV\" \/>\n<meta property=\"og:type\" content=\"article\" \/>\n<meta property=\"og:title\" content=\"Plastic Rebar Slab Bolster\" \/>\n<meta property=\"og:description\" content=\"Plastic rebar slab bolster is a type of construction material used to support and reinforce concrete slabs.\" \/>\n<meta property=\"og:url\" content=\"https:\/\/qingdaohf.com\/lv\/products\/plastmasas-armaturas-platnes-bolsteris\/\" \/>\n<meta property=\"og:site_name\" content=\"Concrete Form &amp; Rigging Hardware Supplier\" \/>\n<meta property=\"article:publisher\" content=\"https:\/\/www.facebook.com\/qingdaohf\" \/>\n<meta property=\"article:modified_time\" content=\"2025-11-13T01:05:33+00:00\" \/>\n<meta property=\"og:image\" content=\"https:\/\/qingdaohf.com\/wp-content\/uploads\/2023\/03\/plastic-slab-bolster-1.jpg\" \/>\n\t<meta property=\"og:image:width\" content=\"1000\" \/>\n\t<meta property=\"og:image:height\" content=\"1000\" \/>\n\t<meta property=\"og:image:type\" content=\"image\/jpeg\" \/>\n<meta name=\"twitter:card\" content=\"summary_large_image\" \/>\n<meta name=\"twitter:label1\" content=\"Est. reading time\" \/>\n\t<meta name=\"twitter:data1\" content=\"1 min\u016bte\" \/>\n<script type=\"application\/ld+json\" class=\"yoast-schema-graph\">{\"@context\":\"https:\/\/schema.org\",\"@graph\":[{\"@type\":\"WebPage\",\"@id\":\"https:\/\/qingdaohf.com\/product\/plastic-rebar-slab-bolster\/\",\"url\":\"https:\/\/qingdaohf.com\/product\/plastic-rebar-slab-bolster\/\",\"name\":\"Plastic Rebar Slab Bolster\",\"isPartOf\":{\"@id\":\"https:\/\/qingdaohf.com\/bg\/#website\"},\"primaryImageOfPage\":{\"@id\":\"https:\/\/qingdaohf.com\/product\/plastic-rebar-slab-bolster\/#primaryimage\"},\"image\":{\"@id\":\"https:\/\/qingdaohf.com\/product\/plastic-rebar-slab-bolster\/#primaryimage\"},\"thumbnailUrl\":\"https:\/\/qingdaohf.com\/wp-content\/uploads\/2023\/03\/plastic-slab-bolster-1.jpg\",\"datePublished\":\"2023-03-03T06:23:19+00:00\",\"dateModified\":\"2025-11-13T01:05:33+00:00\",\"description\":\"Plastic rebar slab bolster is a type of construction material used to support and reinforce concrete slabs.\",\"breadcrumb\":{\"@id\":\"https:\/\/qingdaohf.com\/product\/plastic-rebar-slab-bolster\/#breadcrumb\"},\"inLanguage\":\"lv-LV\",\"potentialAction\":[{\"@type\":\"ReadAction\",\"target\":[\"https:\/\/qingdaohf.com\/product\/plastic-rebar-slab-bolster\/\"]}]},{\"@type\":\"ImageObject\",\"inLanguage\":\"lv-LV\",\"@id\":\"https:\/\/qingdaohf.com\/product\/plastic-rebar-slab-bolster\/#primaryimage\",\"url\":\"https:\/\/qingdaohf.com\/wp-content\/uploads\/2023\/03\/plastic-slab-bolster-1.jpg\",\"contentUrl\":\"https:\/\/qingdaohf.com\/wp-content\/uploads\/2023\/03\/plastic-slab-bolster-1.jpg\",\"width\":1000,\"height\":1000,\"caption\":\"plastic slab bolster\"},{\"@type\":\"BreadcrumbList\",\"@id\":\"https:\/\/qingdaohf.com\/product\/plastic-rebar-slab-bolster\/#breadcrumb\",\"itemListElement\":[{\"@type\":\"ListItem\",\"position\":1,\"name\":\"Home\",\"item\":\"https:\/\/qingdaohf.com\/\"},{\"@type\":\"ListItem\",\"position\":2,\"name\":\"Concrete Forming Accessories and Rigging Hardware\",\"item\":\"https:\/\/qingdaohf.com\/bg\/?page_id=944\"},{\"@type\":\"ListItem\",\"position\":3,\"name\":\"Plastic Rebar Slab Bolster\"}]},{\"@type\":\"WebSite\",\"@id\":\"https:\/\/qingdaohf.com\/bg\/#website\",\"url\":\"https:\/\/qingdaohf.com\/bg\/\",\"name\":\"Concrete Form & Rigging Hardware Supplier\",\"description\":\"\",\"publisher\":{\"@id\":\"https:\/\/qingdaohf.com\/bg\/#organization\"},\"potentialAction\":[{\"@type\":\"SearchAction\",\"target\":{\"@type\":\"EntryPoint\",\"urlTemplate\":\"https:\/\/qingdaohf.com\/bg\/?s={search_term_string}\"},\"query-input\":{\"@type\":\"PropertyValueSpecification\",\"valueRequired\":true,\"valueName\":\"search_term_string\"}}],\"inLanguage\":\"lv-LV\"},{\"@type\":\"Organization\",\"@id\":\"https:\/\/qingdaohf.com\/bg\/#organization\",\"name\":\"Qingdao H&F\",\"url\":\"https:\/\/qingdaohf.com\/bg\/\",\"logo\":{\"@type\":\"ImageObject\",\"inLanguage\":\"lv-LV\",\"@id\":\"https:\/\/qingdaohf.com\/bg\/#\/schema\/logo\/image\/\",\"url\":\"https:\/\/qingdaohf.com\/wp-content\/uploads\/2022\/12\/cropped-HF-LOGO.png\",\"contentUrl\":\"https:\/\/qingdaohf.com\/wp-content\/uploads\/2022\/12\/cropped-HF-LOGO.png\",\"width\":391,\"height\":249,\"caption\":\"Qingdao H&F\"},\"image\":{\"@id\":\"https:\/\/qingdaohf.com\/bg\/#\/schema\/logo\/image\/\"},\"sameAs\":[\"https:\/\/www.facebook.com\/qingdaohf\"]}]}<\/script>\n<!-- \/ Yoast SEO plugin. -->","yoast_head_json":{"title":"Plastic Rebar Slab Bolster","description":"Plastic rebar slab bolster is a type of construction material used to support and reinforce concrete slabs.","robots":{"index":"index","follow":"follow","max-snippet":"max-snippet:-1","max-image-preview":"max-image-preview:large","max-video-preview":"max-video-preview:-1"},"canonical":"https:\/\/qingdaohf.com\/lv\/products\/plastmasas-armaturas-platnes-bolsteris\/","og_locale":"lv_LV","og_type":"article","og_title":"Plastic Rebar Slab Bolster","og_description":"Plastic rebar slab bolster is a type of construction material used to support and reinforce concrete slabs.","og_url":"https:\/\/qingdaohf.com\/lv\/products\/plastmasas-armaturas-platnes-bolsteris\/","og_site_name":"Concrete Form &amp; Rigging Hardware Supplier","article_publisher":"https:\/\/www.facebook.com\/qingdaohf","article_modified_time":"2025-11-13T01:05:33+00:00","og_image":[{"width":1000,"height":1000,"url":"https:\/\/qingdaohf.com\/wp-content\/uploads\/2023\/03\/plastic-slab-bolster-1.jpg","type":"image\/jpeg"}],"twitter_card":"summary_large_image","twitter_misc":{"Est. reading time":"1 min\u016bte"},"schema":{"@context":"https:\/\/schema.org","@graph":[{"@type":"WebPage","@id":"https:\/\/qingdaohf.com\/product\/plastic-rebar-slab-bolster\/","url":"https:\/\/qingdaohf.com\/product\/plastic-rebar-slab-bolster\/","name":"Plastic Rebar Slab Bolster","isPartOf":{"@id":"https:\/\/qingdaohf.com\/bg\/#website"},"primaryImageOfPage":{"@id":"https:\/\/qingdaohf.com\/product\/plastic-rebar-slab-bolster\/#primaryimage"},"image":{"@id":"https:\/\/qingdaohf.com\/product\/plastic-rebar-slab-bolster\/#primaryimage"},"thumbnailUrl":"https:\/\/qingdaohf.com\/wp-content\/uploads\/2023\/03\/plastic-slab-bolster-1.jpg","datePublished":"2023-03-03T06:23:19+00:00","dateModified":"2025-11-13T01:05:33+00:00","description":"Plastic rebar slab bolster is a type of construction material used to support and reinforce concrete slabs.","breadcrumb":{"@id":"https:\/\/qingdaohf.com\/product\/plastic-rebar-slab-bolster\/#breadcrumb"},"inLanguage":"lv-LV","potentialAction":[{"@type":"ReadAction","target":["https:\/\/qingdaohf.com\/product\/plastic-rebar-slab-bolster\/"]}]},{"@type":"ImageObject","inLanguage":"lv-LV","@id":"https:\/\/qingdaohf.com\/product\/plastic-rebar-slab-bolster\/#primaryimage","url":"https:\/\/qingdaohf.com\/wp-content\/uploads\/2023\/03\/plastic-slab-bolster-1.jpg","contentUrl":"https:\/\/qingdaohf.com\/wp-content\/uploads\/2023\/03\/plastic-slab-bolster-1.jpg","width":1000,"height":1000,"caption":"plastic slab bolster"},{"@type":"BreadcrumbList","@id":"https:\/\/qingdaohf.com\/product\/plastic-rebar-slab-bolster\/#breadcrumb","itemListElement":[{"@type":"ListItem","position":1,"name":"Home","item":"https:\/\/qingdaohf.com\/"},{"@type":"ListItem","position":2,"name":"Concrete Forming Accessories and Rigging Hardware","item":"https:\/\/qingdaohf.com\/bg\/?page_id=944"},{"@type":"ListItem","position":3,"name":"Plastic Rebar Slab Bolster"}]},{"@type":"WebSite","@id":"https:\/\/qingdaohf.com\/bg\/#website","url":"https:\/\/qingdaohf.com\/bg\/","name":"Concrete Form & Rigging Hardware Supplier","description":"","publisher":{"@id":"https:\/\/qingdaohf.com\/bg\/#organization"},"potentialAction":[{"@type":"SearchAction","target":{"@type":"EntryPoint","urlTemplate":"https:\/\/qingdaohf.com\/bg\/?s={search_term_string}"},"query-input":{"@type":"PropertyValueSpecification","valueRequired":true,"valueName":"search_term_string"}}],"inLanguage":"lv-LV"},{"@type":"Organization","@id":"https:\/\/qingdaohf.com\/bg\/#organization","name":"Qingdao H&F","url":"https:\/\/qingdaohf.com\/bg\/","logo":{"@type":"ImageObject","inLanguage":"lv-LV","@id":"https:\/\/qingdaohf.com\/bg\/#\/schema\/logo\/image\/","url":"https:\/\/qingdaohf.com\/wp-content\/uploads\/2022\/12\/cropped-HF-LOGO.png","contentUrl":"https:\/\/qingdaohf.com\/wp-content\/uploads\/2022\/12\/cropped-HF-LOGO.png","width":391,"height":249,"caption":"Qingdao H&F"},"image":{"@id":"https:\/\/qingdaohf.com\/bg\/#\/schema\/logo\/image\/"},"sameAs":["https:\/\/www.facebook.com\/qingdaohf"]}]}},"_links":{"self":[{"href":"https:\/\/qingdaohf.com\/lv\/wp-json\/wp\/v2\/product\/2676","targetHints":{"allow":["GET"]}}],"collection":[{"href":"https:\/\/qingdaohf.com\/lv\/wp-json\/wp\/v2\/product"}],"about":[{"href":"https:\/\/qingdaohf.com\/lv\/wp-json\/wp\/v2\/types\/product"}],"replies":[{"embeddable":true,"href":"https:\/\/qingdaohf.com\/lv\/wp-json\/wp\/v2\/comments?post=2676"}],"version-history":[{"count":3,"href":"https:\/\/qingdaohf.com\/lv\/wp-json\/wp\/v2\/product\/2676\/revisions"}],"predecessor-version":[{"id":3384,"href":"https:\/\/qingdaohf.com\/lv\/wp-json\/wp\/v2\/product\/2676\/revisions\/3384"}],"wp:featuredmedia":[{"embeddable":true,"href":"https:\/\/qingdaohf.com\/lv\/wp-json\/wp\/v2\/media\/3379"}],"wp:attachment":[{"href":"https:\/\/qingdaohf.com\/lv\/wp-json\/wp\/v2\/media?parent=2676"}],"wp:term":[{"taxonomy":"product_brand","embeddable":true,"href":"https:\/\/qingdaohf.com\/lv\/wp-json\/wp\/v2\/product_brand?post=2676"},{"taxonomy":"product_cat","embeddable":true,"href":"https:\/\/qingdaohf.com\/lv\/wp-json\/wp\/v2\/product_cat?post=2676"},{"taxonomy":"product_tag","embeddable":true,"href":"https:\/\/qingdaohf.com\/lv\/wp-json\/wp\/v2\/product_tag?post=2676"}],"curies":[{"name":"wp","href":"https:\/\/api.w.org\/{rel}","templated":true}]}}