{"id":2699,"date":"2023-03-06T18:01:46","date_gmt":"2023-03-06T10:01:46","guid":{"rendered":"http:\/\/qingdaohf.com\/?post_type=product&#038;p=2699"},"modified":"2025-11-13T09:05:31","modified_gmt":"2025-11-13T01:05:31","slug":"ground-screw-pole-pile-anchor","status":"publish","type":"product","link":"https:\/\/qingdaohf.com\/lv\/products\/zemes-skruve-pole-palu-enkurs\/","title":{"rendered":"Zemes skr\u016bvju polis enkurs | Zemes skr\u016bvju p\u0101\u013cu enkurs"},"content":{"rendered":"<p>Ground Screw Pole Anchor ir t\u0113rauda stabs, kura vien\u0101 gal\u0101 ir piemetin\u0101ta spir\u0101lveida pl\u0101ksne. Spir\u0101lveida pl\u0101ksne darbojas k\u0101 skr\u016bve, kas \u013cauj enkuru ieskr\u016bv\u0113t zem\u0113. Staba aug\u0161da\u013ca ir paredz\u0113ta da\u017e\u0101du konstrukciju, piem\u0113ram, \u017eoga staba vai apgaismes staba, atbalstam.<\/p>\n<p>Savuk\u0101rt zemes skr\u016bvju p\u0101\u013cu enkurs ir spir\u0101lveida skr\u016bve, kas paredz\u0113ta smag\u0101ku konstrukciju, piem\u0113ram, \u0113kas vai tilta, atbalstam. Tam ir gar\u0101ka un biez\u0101ka spir\u0101lveida pl\u0101ksne un gar\u0101ka v\u0101rpsta, kas nodro\u0161ina liel\u0101ku atbalstu un stabilit\u0101ti.<\/p>\n<p>Gan grunts skr\u016bv\u0113jamo stabu enkuri, gan grunts skr\u016bv\u0113jamo p\u0101\u013cu enkuri ir videi draudz\u012bgi, un sal\u012bdzin\u0101jum\u0101 ar tradicion\u0101lajiem betona pamatiem tiem ir maz\u0101ks oglek\u013ca dioks\u012bda emisiju apjoms. Tie ir ar\u012b efekt\u012bv\u0101ki un rentabl\u0101ki, jo to uzst\u0101d\u012b\u0161anai nepiecie\u0161ams maz\u0101k laika un darba.<\/p>\n<p><img fetchpriority=\"high\" decoding=\"async\" class=\"alignnone size-full wp-image-3446\" src=\"http:\/\/qingdaohf.com\/wp-content\/uploads\/2023\/03\/67-1.jpg\" alt=\"zemes skr\u016bve pole p\u0101\u013cu enkurs\" width=\"1200\" height=\"1164\" srcset=\"https:\/\/qingdaohf.com\/wp-content\/uploads\/2023\/03\/67-1.jpg 1200w, https:\/\/qingdaohf.com\/wp-content\/uploads\/2023\/03\/67-1-300x291.jpg 300w, https:\/\/qingdaohf.com\/wp-content\/uploads\/2023\/03\/67-1-1024x993.jpg 1024w, https:\/\/qingdaohf.com\/wp-content\/uploads\/2023\/03\/67-1-768x745.jpg 768w, https:\/\/qingdaohf.com\/wp-content\/uploads\/2023\/03\/67-1-1000x970.jpg 1000w\" sizes=\"(max-width: 1200px) 100vw, 1200px\" \/><\/p>","protected":false},"excerpt":{"rendered":"<p>Grunts skr\u016bv\u0113jamo stabu enkuri un grunts skr\u016bv\u0113jamo p\u0101\u013cu enkuri ir divu veidu pamati, ko izmanto da\u017e\u0101du konstrukciju, piem\u0113ram, kl\u0101ju, \u017eogu, saules pane\u013cu un \u0113ku, atbalstam.<\/p>","protected":false},"featured_media":3445,"comment_status":"open","ping_status":"closed","template":"","meta":{"site-sidebar-layout":"default","site-content-layout":"default","ast-site-content-layout":"","site-content-style":"default","site-sidebar-style":"default","ast-global-header-display":"","ast-banner-title-visibility":"","ast-main-header-display":"","ast-hfb-above-header-display":"","ast-hfb-below-header-display":"","ast-hfb-mobile-header-display":"","site-post-title":"","ast-breadcrumbs-content":"","ast-featured-img":"","footer-sml-layout":"","theme-transparent-header-meta":"default","adv-header-id-meta":"","stick-header-meta":"default","header-above-stick-meta":"","header-main-stick-meta":"","header-below-stick-meta":"","astra-migrate-meta-layouts":"default","ast-page-background-enabled":"default","ast-page-background-meta":{"desktop":{"background-color":"","background-image":"","background-repeat":"repeat","background-position":"center center","background-size":"auto","background-attachment":"scroll","background-type":"","background-media":"","overlay-type":"","overlay-color":"","overlay-opacity":"","overlay-gradient":""},"tablet":{"background-color":"","background-image":"","background-repeat":"repeat","background-position":"center center","background-size":"auto","background-attachment":"scroll","background-type":"","background-media":"","overlay-type":"","overlay-color":"","overlay-opacity":"","overlay-gradient":""},"mobile":{"background-color":"","background-image":"","background-repeat":"repeat","background-position":"center center","background-size":"auto","background-attachment":"scroll","background-type":"","background-media":"","overlay-type":"","overlay-color":"","overlay-opacity":"","overlay-gradient":""}},"ast-content-background-meta":{"desktop":{"background-color":"var(--ast-global-color-5)","background-image":"","background-repeat":"repeat","background-position":"center center","background-size":"auto","background-attachment":"scroll","background-type":"","background-media":"","overlay-type":"","overlay-color":"","overlay-opacity":"","overlay-gradient":""},"tablet":{"background-color":"var(--ast-global-color-5)","background-image":"","background-repeat":"repeat","background-position":"center center","background-size":"auto","background-attachment":"scroll","background-type":"","background-media":"","overlay-type":"","overlay-color":"","overlay-opacity":"","overlay-gradient":""},"mobile":{"background-color":"var(--ast-global-color-5)","background-image":"","background-repeat":"repeat","background-position":"center center","background-size":"auto","background-attachment":"scroll","background-type":"","background-media":"","overlay-type":"","overlay-color":"","overlay-opacity":"","overlay-gradient":""}}},"product_brand":[],"product_cat":[41],"product_tag":[],"class_list":{"0":"post-2699","1":"product","2":"type-product","3":"status-publish","4":"has-post-thumbnail","6":"product_cat-steel-fence-post","7":"desktop-align-left","8":"tablet-align-left","9":"mobile-align-left","10":"ast-product-gallery-layout-horizontal-slider","11":"ast-product-gallery-with-no-image","12":"ast-product-tabs-layout-horizontal","14":"first","15":"instock","16":"shipping-taxable","17":"purchasable","18":"product-type-simple"},"yoast_head":"<!-- This site is optimized with the Yoast SEO plugin v25.2 - https:\/\/yoast.com\/wordpress\/plugins\/seo\/ -->\n<title>Ground Screw Pole Anchor | Ground Screw Pile Anchor<\/title>\n<meta name=\"description\" content=\"They are both driven deep into the ground using a specialized installation machine that rotates the screw into the soil.\" \/>\n<meta name=\"robots\" content=\"index, follow, max-snippet:-1, max-image-preview:large, max-video-preview:-1\" \/>\n<link rel=\"canonical\" href=\"https:\/\/qingdaohf.com\/lv\/products\/zemes-skruve-pole-palu-enkurs\/\" \/>\n<meta property=\"og:locale\" content=\"lv_LV\" \/>\n<meta property=\"og:type\" content=\"article\" \/>\n<meta property=\"og:title\" content=\"Ground Screw Pole Anchor | Ground Screw Pile Anchor\" \/>\n<meta property=\"og:description\" content=\"They are both driven deep into the ground using a specialized installation machine that rotates the screw into the soil.\" \/>\n<meta property=\"og:url\" content=\"https:\/\/qingdaohf.com\/lv\/products\/zemes-skruve-pole-palu-enkurs\/\" \/>\n<meta property=\"og:site_name\" content=\"Concrete Form &amp; Rigging Hardware Supplier\" \/>\n<meta property=\"article:publisher\" content=\"https:\/\/www.facebook.com\/qingdaohf\" \/>\n<meta property=\"article:modified_time\" content=\"2025-11-13T01:05:31+00:00\" \/>\n<meta property=\"og:image\" content=\"https:\/\/qingdaohf.com\/wp-content\/uploads\/2023\/03\/ground-screw-pole-pile-anchor.jpg\" \/>\n\t<meta property=\"og:image:width\" content=\"1000\" \/>\n\t<meta property=\"og:image:height\" content=\"1000\" \/>\n\t<meta property=\"og:image:type\" content=\"image\/jpeg\" \/>\n<meta name=\"twitter:card\" content=\"summary_large_image\" \/>\n<meta name=\"twitter:label1\" content=\"Est. reading time\" \/>\n\t<meta name=\"twitter:data1\" content=\"1 min\u016bte\" \/>\n<script type=\"application\/ld+json\" class=\"yoast-schema-graph\">{\"@context\":\"https:\/\/schema.org\",\"@graph\":[{\"@type\":\"WebPage\",\"@id\":\"https:\/\/qingdaohf.com\/product\/ground-screw-pole-pile-anchor\/\",\"url\":\"https:\/\/qingdaohf.com\/product\/ground-screw-pole-pile-anchor\/\",\"name\":\"Ground Screw Pole Anchor | Ground Screw Pile Anchor\",\"isPartOf\":{\"@id\":\"https:\/\/qingdaohf.com\/bg\/#website\"},\"primaryImageOfPage\":{\"@id\":\"https:\/\/qingdaohf.com\/product\/ground-screw-pole-pile-anchor\/#primaryimage\"},\"image\":{\"@id\":\"https:\/\/qingdaohf.com\/product\/ground-screw-pole-pile-anchor\/#primaryimage\"},\"thumbnailUrl\":\"https:\/\/qingdaohf.com\/wp-content\/uploads\/2023\/03\/ground-screw-pole-pile-anchor.jpg\",\"datePublished\":\"2023-03-06T10:01:46+00:00\",\"dateModified\":\"2025-11-13T01:05:31+00:00\",\"description\":\"They are both driven deep into the ground using a specialized installation machine that rotates the screw into the soil.\",\"breadcrumb\":{\"@id\":\"https:\/\/qingdaohf.com\/product\/ground-screw-pole-pile-anchor\/#breadcrumb\"},\"inLanguage\":\"lv-LV\",\"potentialAction\":[{\"@type\":\"ReadAction\",\"target\":[\"https:\/\/qingdaohf.com\/product\/ground-screw-pole-pile-anchor\/\"]}]},{\"@type\":\"ImageObject\",\"inLanguage\":\"lv-LV\",\"@id\":\"https:\/\/qingdaohf.com\/product\/ground-screw-pole-pile-anchor\/#primaryimage\",\"url\":\"https:\/\/qingdaohf.com\/wp-content\/uploads\/2023\/03\/ground-screw-pole-pile-anchor.jpg\",\"contentUrl\":\"https:\/\/qingdaohf.com\/wp-content\/uploads\/2023\/03\/ground-screw-pole-pile-anchor.jpg\",\"width\":1000,\"height\":1000,\"caption\":\"ground screw pole pile anchor\"},{\"@type\":\"BreadcrumbList\",\"@id\":\"https:\/\/qingdaohf.com\/product\/ground-screw-pole-pile-anchor\/#breadcrumb\",\"itemListElement\":[{\"@type\":\"ListItem\",\"position\":1,\"name\":\"Home\",\"item\":\"https:\/\/qingdaohf.com\/\"},{\"@type\":\"ListItem\",\"position\":2,\"name\":\"Concrete Forming Accessories and Rigging Hardware\",\"item\":\"https:\/\/qingdaohf.com\/bg\/?page_id=944\"},{\"@type\":\"ListItem\",\"position\":3,\"name\":\"Ground Screw Pole Anchor | Ground Screw Pile Anchor\"}]},{\"@type\":\"WebSite\",\"@id\":\"https:\/\/qingdaohf.com\/bg\/#website\",\"url\":\"https:\/\/qingdaohf.com\/bg\/\",\"name\":\"Concrete Form & Rigging Hardware Supplier\",\"description\":\"\",\"publisher\":{\"@id\":\"https:\/\/qingdaohf.com\/bg\/#organization\"},\"potentialAction\":[{\"@type\":\"SearchAction\",\"target\":{\"@type\":\"EntryPoint\",\"urlTemplate\":\"https:\/\/qingdaohf.com\/bg\/?s={search_term_string}\"},\"query-input\":{\"@type\":\"PropertyValueSpecification\",\"valueRequired\":true,\"valueName\":\"search_term_string\"}}],\"inLanguage\":\"lv-LV\"},{\"@type\":\"Organization\",\"@id\":\"https:\/\/qingdaohf.com\/bg\/#organization\",\"name\":\"Qingdao H&F\",\"url\":\"https:\/\/qingdaohf.com\/bg\/\",\"logo\":{\"@type\":\"ImageObject\",\"inLanguage\":\"lv-LV\",\"@id\":\"https:\/\/qingdaohf.com\/bg\/#\/schema\/logo\/image\/\",\"url\":\"https:\/\/qingdaohf.com\/wp-content\/uploads\/2022\/12\/cropped-HF-LOGO.png\",\"contentUrl\":\"https:\/\/qingdaohf.com\/wp-content\/uploads\/2022\/12\/cropped-HF-LOGO.png\",\"width\":391,\"height\":249,\"caption\":\"Qingdao H&F\"},\"image\":{\"@id\":\"https:\/\/qingdaohf.com\/bg\/#\/schema\/logo\/image\/\"},\"sameAs\":[\"https:\/\/www.facebook.com\/qingdaohf\"]}]}<\/script>\n<!-- \/ Yoast SEO plugin. -->","yoast_head_json":{"title":"Ground Screw Pole Anchor | Ground Screw Pile Anchor","description":"They are both driven deep into the ground using a specialized installation machine that rotates the screw into the soil.","robots":{"index":"index","follow":"follow","max-snippet":"max-snippet:-1","max-image-preview":"max-image-preview:large","max-video-preview":"max-video-preview:-1"},"canonical":"https:\/\/qingdaohf.com\/lv\/products\/zemes-skruve-pole-palu-enkurs\/","og_locale":"lv_LV","og_type":"article","og_title":"Ground Screw Pole Anchor | Ground Screw Pile Anchor","og_description":"They are both driven deep into the ground using a specialized installation machine that rotates the screw into the soil.","og_url":"https:\/\/qingdaohf.com\/lv\/products\/zemes-skruve-pole-palu-enkurs\/","og_site_name":"Concrete Form &amp; Rigging Hardware Supplier","article_publisher":"https:\/\/www.facebook.com\/qingdaohf","article_modified_time":"2025-11-13T01:05:31+00:00","og_image":[{"width":1000,"height":1000,"url":"https:\/\/qingdaohf.com\/wp-content\/uploads\/2023\/03\/ground-screw-pole-pile-anchor.jpg","type":"image\/jpeg"}],"twitter_card":"summary_large_image","twitter_misc":{"Est. reading time":"1 min\u016bte"},"schema":{"@context":"https:\/\/schema.org","@graph":[{"@type":"WebPage","@id":"https:\/\/qingdaohf.com\/product\/ground-screw-pole-pile-anchor\/","url":"https:\/\/qingdaohf.com\/product\/ground-screw-pole-pile-anchor\/","name":"Ground Screw Pole Anchor | Ground Screw Pile Anchor","isPartOf":{"@id":"https:\/\/qingdaohf.com\/bg\/#website"},"primaryImageOfPage":{"@id":"https:\/\/qingdaohf.com\/product\/ground-screw-pole-pile-anchor\/#primaryimage"},"image":{"@id":"https:\/\/qingdaohf.com\/product\/ground-screw-pole-pile-anchor\/#primaryimage"},"thumbnailUrl":"https:\/\/qingdaohf.com\/wp-content\/uploads\/2023\/03\/ground-screw-pole-pile-anchor.jpg","datePublished":"2023-03-06T10:01:46+00:00","dateModified":"2025-11-13T01:05:31+00:00","description":"They are both driven deep into the ground using a specialized installation machine that rotates the screw into the soil.","breadcrumb":{"@id":"https:\/\/qingdaohf.com\/product\/ground-screw-pole-pile-anchor\/#breadcrumb"},"inLanguage":"lv-LV","potentialAction":[{"@type":"ReadAction","target":["https:\/\/qingdaohf.com\/product\/ground-screw-pole-pile-anchor\/"]}]},{"@type":"ImageObject","inLanguage":"lv-LV","@id":"https:\/\/qingdaohf.com\/product\/ground-screw-pole-pile-anchor\/#primaryimage","url":"https:\/\/qingdaohf.com\/wp-content\/uploads\/2023\/03\/ground-screw-pole-pile-anchor.jpg","contentUrl":"https:\/\/qingdaohf.com\/wp-content\/uploads\/2023\/03\/ground-screw-pole-pile-anchor.jpg","width":1000,"height":1000,"caption":"ground screw pole pile anchor"},{"@type":"BreadcrumbList","@id":"https:\/\/qingdaohf.com\/product\/ground-screw-pole-pile-anchor\/#breadcrumb","itemListElement":[{"@type":"ListItem","position":1,"name":"Home","item":"https:\/\/qingdaohf.com\/"},{"@type":"ListItem","position":2,"name":"Concrete Forming Accessories and Rigging Hardware","item":"https:\/\/qingdaohf.com\/bg\/?page_id=944"},{"@type":"ListItem","position":3,"name":"Ground Screw Pole Anchor | Ground Screw Pile Anchor"}]},{"@type":"WebSite","@id":"https:\/\/qingdaohf.com\/bg\/#website","url":"https:\/\/qingdaohf.com\/bg\/","name":"Concrete Form & Rigging Hardware Supplier","description":"","publisher":{"@id":"https:\/\/qingdaohf.com\/bg\/#organization"},"potentialAction":[{"@type":"SearchAction","target":{"@type":"EntryPoint","urlTemplate":"https:\/\/qingdaohf.com\/bg\/?s={search_term_string}"},"query-input":{"@type":"PropertyValueSpecification","valueRequired":true,"valueName":"search_term_string"}}],"inLanguage":"lv-LV"},{"@type":"Organization","@id":"https:\/\/qingdaohf.com\/bg\/#organization","name":"Qingdao H&F","url":"https:\/\/qingdaohf.com\/bg\/","logo":{"@type":"ImageObject","inLanguage":"lv-LV","@id":"https:\/\/qingdaohf.com\/bg\/#\/schema\/logo\/image\/","url":"https:\/\/qingdaohf.com\/wp-content\/uploads\/2022\/12\/cropped-HF-LOGO.png","contentUrl":"https:\/\/qingdaohf.com\/wp-content\/uploads\/2022\/12\/cropped-HF-LOGO.png","width":391,"height":249,"caption":"Qingdao H&F"},"image":{"@id":"https:\/\/qingdaohf.com\/bg\/#\/schema\/logo\/image\/"},"sameAs":["https:\/\/www.facebook.com\/qingdaohf"]}]}},"_links":{"self":[{"href":"https:\/\/qingdaohf.com\/lv\/wp-json\/wp\/v2\/product\/2699","targetHints":{"allow":["GET"]}}],"collection":[{"href":"https:\/\/qingdaohf.com\/lv\/wp-json\/wp\/v2\/product"}],"about":[{"href":"https:\/\/qingdaohf.com\/lv\/wp-json\/wp\/v2\/types\/product"}],"replies":[{"embeddable":true,"href":"https:\/\/qingdaohf.com\/lv\/wp-json\/wp\/v2\/comments?post=2699"}],"version-history":[{"count":2,"href":"https:\/\/qingdaohf.com\/lv\/wp-json\/wp\/v2\/product\/2699\/revisions"}],"predecessor-version":[{"id":10438,"href":"https:\/\/qingdaohf.com\/lv\/wp-json\/wp\/v2\/product\/2699\/revisions\/10438"}],"wp:featuredmedia":[{"embeddable":true,"href":"https:\/\/qingdaohf.com\/lv\/wp-json\/wp\/v2\/media\/3445"}],"wp:attachment":[{"href":"https:\/\/qingdaohf.com\/lv\/wp-json\/wp\/v2\/media?parent=2699"}],"wp:term":[{"taxonomy":"product_brand","embeddable":true,"href":"https:\/\/qingdaohf.com\/lv\/wp-json\/wp\/v2\/product_brand?post=2699"},{"taxonomy":"product_cat","embeddable":true,"href":"https:\/\/qingdaohf.com\/lv\/wp-json\/wp\/v2\/product_cat?post=2699"},{"taxonomy":"product_tag","embeddable":true,"href":"https:\/\/qingdaohf.com\/lv\/wp-json\/wp\/v2\/product_tag?post=2699"}],"curies":[{"name":"wp","href":"https:\/\/api.w.org\/{rel}","templated":true}]}}