{"id":2874,"date":"2023-03-14T17:33:05","date_gmt":"2023-03-14T09:33:05","guid":{"rendered":"http:\/\/qingdaohf.com\/?post_type=product&#038;p=2874"},"modified":"2025-11-13T09:05:31","modified_gmt":"2025-11-13T01:05:31","slug":"rebar-tie-wire","status":"publish","type":"product","link":"https:\/\/qingdaohf.com\/lv\/products\/armaturas-stieple\/","title":{"rendered":"Armat\u016bras kaklasaites stieple"},"content":{"rendered":"<div data-test-render-count=\"5\">\n<div class=\"mb-1 mt-1\">\n<div class=\"group relative inline-flex gap-2 bg-gradient-to-b from-bg-300 from-50% to-bg-400 rounded-xl ml-px pl-2.5 py-2.5 break-words text-text-200 transition-all max-w-[75ch] flex-col shadow-[0_2px_16px_rgba(0,0,0,0.025)] pr-6\">\n<div class=\"flex flex-row gap-2\">\n<div class=\"font-user-message grid grid-cols-1 gap-2 py-0.5 text-[0.9375rem] leading-6\" data-testid=\"user-message\"><strong style=\"font-size: 1.5em;\">Izpratne par armat\u016bras stiepli un t\u0101s b\u016btisko lomu b\u016bvniec\u012bb\u0101<\/strong><\/div>\n<\/div>\n<\/div>\n<\/div>\n<\/div>\n<div data-test-render-count=\"1\">\n<div class=\"group relative pt-3.5 pb-[1.125rem] px-4 relative rounded-2xl -tracking-[0.015em] bg-[linear-gradient(to_bottom,_hsla(var(--bg-000)\/0.75)_0%,_hsla(var(--bg-000)_\/_0)_90%)] before:absolute before:inset-0 before:bg-[radial-gradient(ellipse_at_left_top,_hsla(var(--bg-000)\/0.5)_0%,_hsla(var(--bg-000)\/0.3)_60%)] before:rounded-2xl before:border-[0.5px] before:border-[hsla(var(--border-100)\/0.15)] before:shadow-[0_4px_24px_rgba(0,0,0,0.015)] before:[transition:opacity_150ms_ease-out,_transform_250ms_cubic-bezier(0.695,0.555,0.655,1.650)] before:z-0 before:data-[is-streaming=&quot;true&quot;]:opacity-0 before:data-[is-streaming=&quot;true&quot;]:scale-[0.995] before:data-[is-streaming=&quot;false&quot;]:pointer-events-none\" data-is-streaming=\"false\">\n<div class=\"font-claude-message pr-4 md:pr-9 relative leading-[1.65rem] [&amp;_pre&gt;div]:bg-bg-300 [&amp;_.ignore-pre-bg&gt;div]:bg-transparent [&amp;_pre]:-mr-4 md:[&amp;_pre]:-mr-9\">\n<div class=\"grid-cols-1 grid gap-2.5 [&amp;_&gt;_*]:min-w-0\">\n<p class=\"whitespace-pre-wrap break-words\">Armat\u016bras stieples ir svar\u012bgs komponents dzelzsbetona konstrukcij\u0101s, kur t\u0101m ir b\u016btiska noz\u012bme armat\u016bras stie\u0146u sasaist\u012b\u0161an\u0101 un nostiprin\u0101\u0161an\u0101. \u0160is \u0161\u0137ietami vienk\u0101r\u0161ais, bet neaizst\u0101jamais materi\u0101ls nodro\u0161ina konstrukcijas stabilit\u0101ti da\u017e\u0101dos projektos, s\u0101kot no m\u0101ju pamatiem l\u012bdz lieliem infrastrukt\u016bras darbiem. Stieples konstrukcija no kvalitat\u012bva t\u0113rauda nodro\u0161ina perfektu l\u012bdzsvaru starp apstr\u0101d\u0101jam\u012bbu un iztur\u012bbu, kas nepiecie\u0161ama, lai efekt\u012bvi nostiprin\u0101tu armat\u016bras stiep\u013cu krustpunktus. Pareizi pielietota, t\u0101 pal\u012bdz izveidot iztur\u012bgu karkasu, kas nepiecie\u0161ams iztur\u012bg\u0101m betona konstrukcij\u0101m.<\/p>\n<p class=\"whitespace-pre-wrap break-words\">Armat\u016bras stieples daudzpus\u012bba izpau\u017eas t\u0101s da\u017e\u0101daj\u0101s apdares form\u0101s. Katrs veids - cinkots, r\u016bd\u012bts vai ner\u016bs\u0113jo\u0161ais t\u0113rauds - kalpo konkr\u0113tiem m\u0113r\u0137iem da\u017e\u0101d\u0101s vid\u0113s. Piem\u0113ram, piekrastes projektos tiek izmantotas pret koroziju iztur\u012bgas \u0161\u0137irnes, savuk\u0101rt standarta b\u016bvniec\u012bb\u0101 var izmantot parasto r\u016bd\u012bto stiepli. \u0160\u012b piel\u0101gojam\u012bba padara stiepli piem\u0113rotu gandr\u012bz jebkuram b\u016bvniec\u012bbas scen\u0101rijam.<\/p>\n<\/div>\n<\/div>\n<\/div>\n<\/div>\n<table style=\"border-collapse: collapse; width: 1325px; height: 617px;\" border=\"0\" width=\"798\" cellspacing=\"0\" cellpadding=\"0\">\n<tbody>\n<tr style=\"height: 39.00pt;\">\n<td class=\"et3\" style=\"height: 39.00pt; width: 32.25pt;\" width=\"43\" height=\"52\"><span class=\"font1\">M\u0113rier\u012bce<\/span><\/td>\n<td class=\"et3\" style=\"width: 42.75pt;\" width=\"57\"><span class=\"font1\">Diametrs (in)<\/span><\/td>\n<td class=\"et3\" style=\"width: 42.75pt;\" width=\"57\"><span class=\"font1\">Diametrs (mm)<\/span><\/td>\n<td class=\"et3\" style=\"width: 49.50pt;\" width=\"66\"><span class=\"font1\">Garums (in)<\/span><\/td>\n<td class=\"et3\" style=\"width: 33.00pt;\" width=\"44\"><span class=\"font1\">Garums (mm)<\/span><\/td>\n<td class=\"et3\" style=\"width: 52.50pt;\" width=\"70\"><span class=\"font1\">Ru\u013c\u013ca garums (p\u0113das)<\/span><\/td>\n<td class=\"et3\" style=\"width: 49.50pt;\" width=\"66\"><span class=\"font1\">Materi\u0101ls<\/span><\/td>\n<td class=\"et3\" style=\"width: 54.00pt;\" width=\"72\"><span class=\"font1\">P\u0101rkl\u0101jums<\/span><\/td>\n<td class=\"et3\" style=\"width: 40.50pt;\" width=\"54\"><span class=\"font1\">Stiepes iztur\u012bba (lbs)<\/span><\/td>\n<td class=\"et3\" style=\"width: 201.75pt;\" width=\"269\"><span class=\"font1\">Pieteikums<\/span><\/td>\n<\/tr>\n<tr style=\"height: 39.00pt;\">\n<td class=\"et3\" style=\"height: 39.00pt; width: 32.25pt;\" width=\"43\" height=\"52\">16<\/td>\n<td class=\"et3\" style=\"width: 42.75pt;\" width=\"57\">0.0508<\/td>\n<td class=\"et3\" style=\"width: 42.75pt;\" width=\"57\">1.291<\/td>\n<td class=\"et3\" style=\"width: 49.50pt;\" width=\"66\">3<\/td>\n<td class=\"et3\" style=\"width: 33.00pt;\" width=\"44\">76.2<\/td>\n<td class=\"et3\" style=\"width: 52.50pt;\" width=\"70\"><span class=\"font1\">100, 200, 400<\/span><\/td>\n<td class=\"et3\" style=\"width: 49.50pt;\" width=\"66\"><span class=\"font1\">Vieglas\/nekait\u012bgas<\/span><\/td>\n<td class=\"et3\" style=\"width: 54.00pt;\" width=\"72\"><span class=\"font1\">Cinkots, melns, PVC<\/span><\/td>\n<td class=\"et3\" style=\"width: 40.50pt;\" width=\"54\"><span class=\"font1\">Main\u012bgs<\/span><\/td>\n<td class=\"et4\"><span class=\"font1\">Visp\u0101r\u0113j\u0101 b\u016bvniec\u012bba, Pastiprin\u0101\u0161ana<\/span><\/td>\n<\/tr>\n<tr style=\"height: 39.00pt;\">\n<td class=\"et3\" style=\"height: 39.00pt; width: 32.25pt;\" width=\"43\" height=\"52\">16.5<\/td>\n<td class=\"et3\" style=\"width: 42.75pt;\" width=\"57\">0.0453<\/td>\n<td class=\"et3\" style=\"width: 42.75pt;\" width=\"57\">1.154<\/td>\n<td class=\"et3\" style=\"width: 49.50pt;\" width=\"66\">3<\/td>\n<td class=\"et3\" style=\"width: 33.00pt;\" width=\"44\">76.2<\/td>\n<td class=\"et3\" style=\"width: 52.50pt;\" width=\"70\"><span class=\"font1\">100, 200, 400<\/span><\/td>\n<td class=\"et3\" style=\"width: 49.50pt;\" width=\"66\"><span class=\"font1\">Vieglas\/nekait\u012bgas<\/span><\/td>\n<td class=\"et3\" style=\"width: 54.00pt;\" width=\"72\"><span class=\"font1\">Cinkots, melns, PVC<\/span><\/td>\n<td class=\"et3\" style=\"width: 40.50pt;\" width=\"54\"><span class=\"font1\">Main\u012bgs<\/span><\/td>\n<td class=\"et4\"><span class=\"font1\">Visp\u0101r\u0113j\u0101 b\u016bvniec\u012bba, Pastiprin\u0101\u0161ana<\/span><\/td>\n<\/tr>\n<tr style=\"height: 39.00pt;\">\n<td class=\"et3\" style=\"height: 39.00pt; width: 32.25pt;\" width=\"43\" height=\"52\">17<\/td>\n<td class=\"et3\" style=\"width: 42.75pt;\" width=\"57\">0.042<\/td>\n<td class=\"et3\" style=\"width: 42.75pt;\" width=\"57\">1.066<\/td>\n<td class=\"et3\" style=\"width: 49.50pt;\" width=\"66\">3<\/td>\n<td class=\"et3\" style=\"width: 33.00pt;\" width=\"44\">76.2<\/td>\n<td class=\"et3\" style=\"width: 52.50pt;\" width=\"70\"><span class=\"font1\">100, 200, 400<\/span><\/td>\n<td class=\"et3\" style=\"width: 49.50pt;\" width=\"66\"><span class=\"font1\">Vieglas\/nekait\u012bgas<\/span><\/td>\n<td class=\"et3\" style=\"width: 54.00pt;\" width=\"72\"><span class=\"font1\">Cinkots, melns, PVC<\/span><\/td>\n<td class=\"et3\" style=\"width: 40.50pt;\" width=\"54\"><span class=\"font1\">Main\u012bgs<\/span><\/td>\n<td class=\"et4\"><span class=\"font1\">Viegl\u0101s konstrukcijas, pagaidu stiprin\u0101jumi<\/span><\/td>\n<\/tr>\n<tr style=\"height: 39.00pt;\">\n<td class=\"et3\" style=\"height: 39.00pt; width: 32.25pt;\" width=\"43\" height=\"52\">18<\/td>\n<td class=\"et3\" style=\"width: 42.75pt;\" width=\"57\">0.04<\/td>\n<td class=\"et3\" style=\"width: 42.75pt;\" width=\"57\">1.016<\/td>\n<td class=\"et3\" style=\"width: 49.50pt;\" width=\"66\">3<\/td>\n<td class=\"et3\" style=\"width: 33.00pt;\" width=\"44\">76.2<\/td>\n<td class=\"et3\" style=\"width: 52.50pt;\" width=\"70\"><span class=\"font1\">100, 200, 400<\/span><\/td>\n<td class=\"et3\" style=\"width: 49.50pt;\" width=\"66\"><span class=\"font1\">Vieglas\/nekait\u012bgas<\/span><\/td>\n<td class=\"et3\" style=\"width: 54.00pt;\" width=\"72\"><span class=\"font1\">Cinkots, melns, PVC<\/span><\/td>\n<td class=\"et3\" style=\"width: 40.50pt;\" width=\"54\"><span class=\"font1\">Main\u012bgs<\/span><\/td>\n<td class=\"et4\"><span class=\"font1\">Viegl\u0101s konstrukcijas, pagaidu stiprin\u0101jumi<\/span><\/td>\n<\/tr>\n<tr style=\"height: 13.50pt;\">\n<td class=\"et2\" style=\"height: 13.50pt;\" colspan=\"10\" height=\"18\">Visi m\u016bsu produkti atbalsta piel\u0101go\u0161anu<\/td>\n<\/tr>\n<\/tbody>\n<\/table>\n<h3 class=\"whitespace-pre-wrap break-words\"><strong>Galvenie pirc\u0113ju jaut\u0101jumi, kas tiek risin\u0101ti, izmantojot kompetenci un precizit\u0101ti<\/strong><\/h3>\n<p class=\"whitespace-pre-wrap break-words\">B\u016bvniec\u012bbas profesion\u0101\u013ci, izv\u0113loties sasie\u0161anas stiepli, bie\u017ei piev\u0113r\u0161 uzman\u012bbu vair\u0101kiem b\u016btiskiem faktoriem, tostarp t\u0101s stipr\u012bbas \u012bpa\u0161\u012bb\u0101m, stieples izm\u0113ram un apstr\u0101des \u012bpa\u0161\u012bb\u0101m. Var b\u016bt sare\u017e\u0123\u012bti atrast stiepli, kas ir gan pietiekami iztur\u012bga smagiem armat\u016bras stie\u0146iem, gan pietiekami lokana, lai to var\u0113tu viegli sasiet. Qingdao H&amp;F risina \u0161\u012bs probl\u0113mas, veicot visaptvero\u0161as kvalit\u0101tes p\u0101rbaudes, nodro\u0161inot, ka m\u016bsu stieple atbilst prec\u012bz\u0101m specifik\u0101cij\u0101m un uzticami darbojas uz vietas.<\/p>\n<p class=\"whitespace-pre-wrap break-words\">\u0100tra piek\u013cuve materi\u0101liem var ietekm\u0113t vai izjaukt b\u016bvniec\u012bbas grafiku. M\u0113s apzin\u0101mies \u0161o realit\u0101ti un rea\u0123\u0113jam uz to, nodro\u0161inot efekt\u012bvu lo\u0123istiku un noliktavas darb\u012bbu, kas nodro\u0161ina projektu virz\u012bbu uz priek\u0161u. M\u016bsu kvalit\u0101tes dokument\u0101cija ir pievienota katrai kravai, sniedzot b\u016bvuz\u0146\u0113m\u0113jiem skaidrus pier\u0101d\u012bjumus par materi\u0101lu specifik\u0101cij\u0101m un veiktsp\u0113jas iesp\u0113j\u0101m pirms mont\u0101\u017eas uzs\u0101k\u0161anas.<\/p>\n<div class=\"ast-oembed-container\" style=\"height: 100%;\"><iframe title=\"H&amp;F armat\u016bras stieple\" width=\"500\" height=\"281\" src=\"https:\/\/www.youtube.com\/embed\/hCPByYFUWfs?feature=oembed\" frameborder=\"0\" allow=\"accelerometer; autoplay; clipboard-write; encrypted-media; gyroscope; picture-in-picture; web-share\" referrerpolicy=\"strict-origin-when-cross-origin\" allowfullscreen><\/iframe><\/div>\n<h3 class=\"whitespace-pre-wrap break-words\"><strong>Qingdao H&amp;F ap\u0146em\u0161an\u0101s sasniegt izcil\u012bbu armat\u016bras stiep\u013cu pieg\u0101des jom\u0101<\/strong><\/h3>\n<p class=\"whitespace-pre-wrap break-words\">Qingdao H&amp;F ne tikai pieg\u0101d\u0101 materi\u0101lus, bet ar\u012b sadarbojas ar klientiem, lai atbalst\u012btu vi\u0146u b\u016bvniec\u012bbas m\u0113r\u0137us. M\u0113s uzturam pla\u0161u stiep\u013cu veidu un izm\u0113ru invent\u0101ru, nodro\u0161inot, ka varam izpild\u012bt jebkura projekta \u012bpa\u0161\u0101s pras\u012bbas neatkar\u012bgi no t\u0101, vai tas saist\u012bts ar smalkiem dz\u012bvojamo \u0113ku vai apjom\u012bgu komerci\u0101lu objektu b\u016bvniec\u012bbu.<\/p>\n<p class=\"whitespace-pre-wrap break-words\">M\u016bsu pieeja klientu apkalpo\u0161anai at\u0161\u0137iras ar personisku uzman\u012bbu. Katrs klients str\u0101d\u0101 ar \u012bpa\u0161i tam velt\u012btiem komandas locek\u013ciem, kuri izprot vi\u0146a konkr\u0113t\u0101s vajadz\u012bbas un var ieteikt atbilsto\u0161us risin\u0101jumus. \u0160\u012b uz attiec\u012bb\u0101m balst\u012bt\u0101 pieeja pal\u012bdz veidot notur\u012bgas partnerattiec\u012bbas, kas balst\u012btas uz uztic\u012bbu un pier\u0101d\u012btiem rezult\u0101tiem.<\/p>\n<p class=\"whitespace-pre-wrap break-words\">Kvalit\u0101tes nodro\u0161in\u0101\u0161ana joproj\u0101m ir m\u016bsu darb\u012bbas pamat\u0101. Katrai kaklasaites stieples partijai tiek veiktas stingras p\u0101rbaudes, lai noteiktu galvenos veiktsp\u0113jas r\u0101d\u012bt\u0101jus, tostarp stiepes iztur\u012bbu, stiepes pagarin\u0101juma \u012bpa\u0161\u012bbas un iztur\u012bbu pret koroziju. \u0160ie nov\u0113rt\u0113jumi apliecina, ka m\u016bsu izstr\u0101d\u0101jumi re\u0101los apst\u0101k\u013cos darbosies, k\u0101 paredz\u0113ts.<\/p>\n<p class=\"whitespace-pre-wrap break-words\">Nevar p\u0101rv\u0113rt\u0113t pareizas sasie\u0161anas stieples noz\u012bmi betona konstrukcij\u0101s - t\u0101 burtiski pal\u012bdz notur\u0113t konstrukcijas kop\u0101. Qingdao H&amp;F apvieno izcilus produktus ar izcilu servisu, lai atbalst\u012btu m\u016bsu klientu pan\u0101kumus. S\u0101kot ar r\u016bp\u012bgu materi\u0101lu izv\u0113li un beidzot ar atsauc\u012bgu klientu atbalstu, m\u0113s str\u0101d\u0101jam, lai saglab\u0101tu savu poz\u012bciju k\u0101 vado\u0161ais uzticamu stiep\u013cu stiep\u013cu risin\u0101jumu pieg\u0101d\u0101t\u0101js.<\/p>","protected":false},"excerpt":{"rendered":"<p>Armat\u016bras stieple ir viens no svar\u012bg\u0101kajiem piederumiem b\u016bvniec\u012bbas projektos; t\u0101 nodro\u0161ina iztur\u012bbu un elast\u012bbu, lai dro\u0161i sasietu armat\u016bras stie\u0146us. Liel\u0101kajai da\u013cai pirc\u0113ju ir svar\u012bga produkta kvalit\u0101te, iztur\u012bba un iztur\u012bba pret koroziju, k\u0101 ar\u012b laba pieg\u0101de un p\u0101rredzama kvalit\u0101tes nodro\u0161in\u0101\u0161anas sist\u0113ma. Qingdao H&amp;F izce\u013cas ar \u0161o vajadz\u012bbu apmierin\u0101\u0161anu, nodro\u0161inot individu\u0101lu individu\u0101lu klientu apkalpo\u0161anu, \u0101tru pieg\u0101des ciklu un piln\u012bgu kvalit\u0101tes p\u0101rbaudes zi\u0146ojumu par katru s\u016bt\u012bjumu. M\u016bsu ap\u0146em\u0161an\u0101s sasniegt izcil\u012bbu nodro\u0161ina, ka pirc\u0113ji sa\u0146em uzticamus produktus sav\u0101m individu\u0101laj\u0101m projekta vajadz\u012bb\u0101m.<\/p>","protected":false},"featured_media":2884,"comment_status":"open","ping_status":"closed","template":"","meta":{"site-sidebar-layout":"default","site-content-layout":"default","ast-site-content-layout":"default","site-content-style":"default","site-sidebar-style":"default","ast-global-header-display":"","ast-banner-title-visibility":"","ast-main-header-display":"","ast-hfb-above-header-display":"","ast-hfb-below-header-display":"","ast-hfb-mobile-header-display":"","site-post-title":"","ast-breadcrumbs-content":"","ast-featured-img":"","footer-sml-layout":"","theme-transparent-header-meta":"default","adv-header-id-meta":"","stick-header-meta":"default","header-above-stick-meta":"","header-main-stick-meta":"","header-below-stick-meta":"","astra-migrate-meta-layouts":"set","ast-page-background-enabled":"default","ast-page-background-meta":{"desktop":{"background-color":"","background-image":"","background-repeat":"repeat","background-position":"center center","background-size":"auto","background-attachment":"scroll","background-type":"","background-media":"","overlay-type":"","overlay-color":"","overlay-opacity":"","overlay-gradient":""},"tablet":{"background-color":"","background-image":"","background-repeat":"repeat","background-position":"center center","background-size":"auto","background-attachment":"scroll","background-type":"","background-media":"","overlay-type":"","overlay-color":"","overlay-opacity":"","overlay-gradient":""},"mobile":{"background-color":"","background-image":"","background-repeat":"repeat","background-position":"center center","background-size":"auto","background-attachment":"scroll","background-type":"","background-media":"","overlay-type":"","overlay-color":"","overlay-opacity":"","overlay-gradient":""}},"ast-content-background-meta":{"desktop":{"background-color":"var(--ast-global-color-5)","background-image":"","background-repeat":"repeat","background-position":"center center","background-size":"auto","background-attachment":"scroll","background-type":"","background-media":"","overlay-type":"","overlay-color":"","overlay-opacity":"","overlay-gradient":""},"tablet":{"background-color":"var(--ast-global-color-5)","background-image":"","background-repeat":"repeat","background-position":"center center","background-size":"auto","background-attachment":"scroll","background-type":"","background-media":"","overlay-type":"","overlay-color":"","overlay-opacity":"","overlay-gradient":""},"mobile":{"background-color":"var(--ast-global-color-5)","background-image":"","background-repeat":"repeat","background-position":"center center","background-size":"auto","background-attachment":"scroll","background-type":"","background-media":"","overlay-type":"","overlay-color":"","overlay-opacity":"","overlay-gradient":""}}},"product_brand":[],"product_cat":[36],"product_tag":[],"class_list":{"0":"post-2874","1":"product","2":"type-product","3":"status-publish","4":"has-post-thumbnail","6":"product_cat-tie-wire","7":"desktop-align-left","8":"tablet-align-left","9":"mobile-align-left","10":"ast-product-gallery-layout-horizontal-slider","11":"ast-product-tabs-layout-horizontal","13":"first","14":"instock","15":"shipping-taxable","16":"purchasable","17":"product-type-simple"},"yoast_head":"<!-- This site is optimized with the Yoast SEO plugin v25.2 - https:\/\/yoast.com\/wordpress\/plugins\/seo\/ -->\n<title>Rebar Tie Wire<\/title>\n<meta name=\"description\" content=\"Rebar tie wire is a type of wire that is commonly used in concrete forming and construction projects.\" \/>\n<meta name=\"robots\" content=\"index, follow, max-snippet:-1, max-image-preview:large, max-video-preview:-1\" \/>\n<link rel=\"canonical\" href=\"https:\/\/qingdaohf.com\/lv\/products\/armaturas-stieple\/\" \/>\n<meta property=\"og:locale\" content=\"lv_LV\" \/>\n<meta property=\"og:type\" content=\"article\" \/>\n<meta property=\"og:title\" content=\"Rebar Tie Wire\" \/>\n<meta property=\"og:description\" content=\"Rebar tie wire is a type of wire that is commonly used in concrete forming and construction projects.\" \/>\n<meta property=\"og:url\" content=\"https:\/\/qingdaohf.com\/lv\/products\/armaturas-stieple\/\" \/>\n<meta property=\"og:site_name\" content=\"Concrete Form &amp; Rigging Hardware Supplier\" \/>\n<meta property=\"article:publisher\" content=\"https:\/\/www.facebook.com\/qingdaohf\" \/>\n<meta property=\"article:modified_time\" content=\"2025-11-13T01:05:31+00:00\" \/>\n<meta property=\"og:image\" content=\"https:\/\/qingdaohf.com\/wp-content\/uploads\/2023\/03\/rebar-Tie-Wire-6.jpg\" \/>\n\t<meta property=\"og:image:width\" content=\"1000\" \/>\n\t<meta property=\"og:image:height\" content=\"1000\" \/>\n\t<meta property=\"og:image:type\" content=\"image\/jpeg\" \/>\n<meta name=\"twitter:card\" content=\"summary_large_image\" \/>\n<meta name=\"twitter:label1\" content=\"Est. reading time\" \/>\n\t<meta name=\"twitter:data1\" content=\"3 min\u016btes\" \/>\n<script type=\"application\/ld+json\" class=\"yoast-schema-graph\">{\"@context\":\"https:\/\/schema.org\",\"@graph\":[{\"@type\":\"WebPage\",\"@id\":\"https:\/\/qingdaohf.com\/product\/rebar-tie-wire\/\",\"url\":\"https:\/\/qingdaohf.com\/product\/rebar-tie-wire\/\",\"name\":\"Rebar Tie Wire\",\"isPartOf\":{\"@id\":\"https:\/\/qingdaohf.com\/bg\/#website\"},\"primaryImageOfPage\":{\"@id\":\"https:\/\/qingdaohf.com\/product\/rebar-tie-wire\/#primaryimage\"},\"image\":{\"@id\":\"https:\/\/qingdaohf.com\/product\/rebar-tie-wire\/#primaryimage\"},\"thumbnailUrl\":\"https:\/\/qingdaohf.com\/wp-content\/uploads\/2023\/03\/rebar-Tie-Wire-6.jpg\",\"datePublished\":\"2023-03-14T09:33:05+00:00\",\"dateModified\":\"2025-11-13T01:05:31+00:00\",\"description\":\"Rebar tie wire is a type of wire that is commonly used in concrete forming and construction projects.\",\"breadcrumb\":{\"@id\":\"https:\/\/qingdaohf.com\/product\/rebar-tie-wire\/#breadcrumb\"},\"inLanguage\":\"lv-LV\",\"potentialAction\":[{\"@type\":\"ReadAction\",\"target\":[\"https:\/\/qingdaohf.com\/product\/rebar-tie-wire\/\"]}]},{\"@type\":\"ImageObject\",\"inLanguage\":\"lv-LV\",\"@id\":\"https:\/\/qingdaohf.com\/product\/rebar-tie-wire\/#primaryimage\",\"url\":\"https:\/\/qingdaohf.com\/wp-content\/uploads\/2023\/03\/rebar-Tie-Wire-6.jpg\",\"contentUrl\":\"https:\/\/qingdaohf.com\/wp-content\/uploads\/2023\/03\/rebar-Tie-Wire-6.jpg\",\"width\":1000,\"height\":1000,\"caption\":\"rebar Tie Wire\"},{\"@type\":\"BreadcrumbList\",\"@id\":\"https:\/\/qingdaohf.com\/product\/rebar-tie-wire\/#breadcrumb\",\"itemListElement\":[{\"@type\":\"ListItem\",\"position\":1,\"name\":\"Home\",\"item\":\"https:\/\/qingdaohf.com\/\"},{\"@type\":\"ListItem\",\"position\":2,\"name\":\"Concrete Forming Accessories and Rigging Hardware\",\"item\":\"https:\/\/qingdaohf.com\/bg\/?page_id=944\"},{\"@type\":\"ListItem\",\"position\":3,\"name\":\"Rebar Tie Wire\"}]},{\"@type\":\"WebSite\",\"@id\":\"https:\/\/qingdaohf.com\/bg\/#website\",\"url\":\"https:\/\/qingdaohf.com\/bg\/\",\"name\":\"Concrete Form & Rigging Hardware Supplier\",\"description\":\"\",\"publisher\":{\"@id\":\"https:\/\/qingdaohf.com\/bg\/#organization\"},\"potentialAction\":[{\"@type\":\"SearchAction\",\"target\":{\"@type\":\"EntryPoint\",\"urlTemplate\":\"https:\/\/qingdaohf.com\/bg\/?s={search_term_string}\"},\"query-input\":{\"@type\":\"PropertyValueSpecification\",\"valueRequired\":true,\"valueName\":\"search_term_string\"}}],\"inLanguage\":\"lv-LV\"},{\"@type\":\"Organization\",\"@id\":\"https:\/\/qingdaohf.com\/bg\/#organization\",\"name\":\"Qingdao H&F\",\"url\":\"https:\/\/qingdaohf.com\/bg\/\",\"logo\":{\"@type\":\"ImageObject\",\"inLanguage\":\"lv-LV\",\"@id\":\"https:\/\/qingdaohf.com\/bg\/#\/schema\/logo\/image\/\",\"url\":\"https:\/\/qingdaohf.com\/wp-content\/uploads\/2022\/12\/cropped-HF-LOGO.png\",\"contentUrl\":\"https:\/\/qingdaohf.com\/wp-content\/uploads\/2022\/12\/cropped-HF-LOGO.png\",\"width\":391,\"height\":249,\"caption\":\"Qingdao H&F\"},\"image\":{\"@id\":\"https:\/\/qingdaohf.com\/bg\/#\/schema\/logo\/image\/\"},\"sameAs\":[\"https:\/\/www.facebook.com\/qingdaohf\"]}]}<\/script>\n<!-- \/ Yoast SEO plugin. -->","yoast_head_json":{"title":"Rebar Tie Wire","description":"Rebar tie wire is a type of wire that is commonly used in concrete forming and construction projects.","robots":{"index":"index","follow":"follow","max-snippet":"max-snippet:-1","max-image-preview":"max-image-preview:large","max-video-preview":"max-video-preview:-1"},"canonical":"https:\/\/qingdaohf.com\/lv\/products\/armaturas-stieple\/","og_locale":"lv_LV","og_type":"article","og_title":"Rebar Tie Wire","og_description":"Rebar tie wire is a type of wire that is commonly used in concrete forming and construction projects.","og_url":"https:\/\/qingdaohf.com\/lv\/products\/armaturas-stieple\/","og_site_name":"Concrete Form &amp; Rigging Hardware Supplier","article_publisher":"https:\/\/www.facebook.com\/qingdaohf","article_modified_time":"2025-11-13T01:05:31+00:00","og_image":[{"width":1000,"height":1000,"url":"https:\/\/qingdaohf.com\/wp-content\/uploads\/2023\/03\/rebar-Tie-Wire-6.jpg","type":"image\/jpeg"}],"twitter_card":"summary_large_image","twitter_misc":{"Est. reading time":"3 min\u016btes"},"schema":{"@context":"https:\/\/schema.org","@graph":[{"@type":"WebPage","@id":"https:\/\/qingdaohf.com\/product\/rebar-tie-wire\/","url":"https:\/\/qingdaohf.com\/product\/rebar-tie-wire\/","name":"Rebar Tie Wire","isPartOf":{"@id":"https:\/\/qingdaohf.com\/bg\/#website"},"primaryImageOfPage":{"@id":"https:\/\/qingdaohf.com\/product\/rebar-tie-wire\/#primaryimage"},"image":{"@id":"https:\/\/qingdaohf.com\/product\/rebar-tie-wire\/#primaryimage"},"thumbnailUrl":"https:\/\/qingdaohf.com\/wp-content\/uploads\/2023\/03\/rebar-Tie-Wire-6.jpg","datePublished":"2023-03-14T09:33:05+00:00","dateModified":"2025-11-13T01:05:31+00:00","description":"Rebar tie wire is a type of wire that is commonly used in concrete forming and construction projects.","breadcrumb":{"@id":"https:\/\/qingdaohf.com\/product\/rebar-tie-wire\/#breadcrumb"},"inLanguage":"lv-LV","potentialAction":[{"@type":"ReadAction","target":["https:\/\/qingdaohf.com\/product\/rebar-tie-wire\/"]}]},{"@type":"ImageObject","inLanguage":"lv-LV","@id":"https:\/\/qingdaohf.com\/product\/rebar-tie-wire\/#primaryimage","url":"https:\/\/qingdaohf.com\/wp-content\/uploads\/2023\/03\/rebar-Tie-Wire-6.jpg","contentUrl":"https:\/\/qingdaohf.com\/wp-content\/uploads\/2023\/03\/rebar-Tie-Wire-6.jpg","width":1000,"height":1000,"caption":"rebar Tie Wire"},{"@type":"BreadcrumbList","@id":"https:\/\/qingdaohf.com\/product\/rebar-tie-wire\/#breadcrumb","itemListElement":[{"@type":"ListItem","position":1,"name":"Home","item":"https:\/\/qingdaohf.com\/"},{"@type":"ListItem","position":2,"name":"Concrete Forming Accessories and Rigging Hardware","item":"https:\/\/qingdaohf.com\/bg\/?page_id=944"},{"@type":"ListItem","position":3,"name":"Rebar Tie Wire"}]},{"@type":"WebSite","@id":"https:\/\/qingdaohf.com\/bg\/#website","url":"https:\/\/qingdaohf.com\/bg\/","name":"Concrete Form & Rigging Hardware Supplier","description":"","publisher":{"@id":"https:\/\/qingdaohf.com\/bg\/#organization"},"potentialAction":[{"@type":"SearchAction","target":{"@type":"EntryPoint","urlTemplate":"https:\/\/qingdaohf.com\/bg\/?s={search_term_string}"},"query-input":{"@type":"PropertyValueSpecification","valueRequired":true,"valueName":"search_term_string"}}],"inLanguage":"lv-LV"},{"@type":"Organization","@id":"https:\/\/qingdaohf.com\/bg\/#organization","name":"Qingdao H&F","url":"https:\/\/qingdaohf.com\/bg\/","logo":{"@type":"ImageObject","inLanguage":"lv-LV","@id":"https:\/\/qingdaohf.com\/bg\/#\/schema\/logo\/image\/","url":"https:\/\/qingdaohf.com\/wp-content\/uploads\/2022\/12\/cropped-HF-LOGO.png","contentUrl":"https:\/\/qingdaohf.com\/wp-content\/uploads\/2022\/12\/cropped-HF-LOGO.png","width":391,"height":249,"caption":"Qingdao H&F"},"image":{"@id":"https:\/\/qingdaohf.com\/bg\/#\/schema\/logo\/image\/"},"sameAs":["https:\/\/www.facebook.com\/qingdaohf"]}]}},"_links":{"self":[{"href":"https:\/\/qingdaohf.com\/lv\/wp-json\/wp\/v2\/product\/2874","targetHints":{"allow":["GET"]}}],"collection":[{"href":"https:\/\/qingdaohf.com\/lv\/wp-json\/wp\/v2\/product"}],"about":[{"href":"https:\/\/qingdaohf.com\/lv\/wp-json\/wp\/v2\/types\/product"}],"replies":[{"embeddable":true,"href":"https:\/\/qingdaohf.com\/lv\/wp-json\/wp\/v2\/comments?post=2874"}],"version-history":[{"count":10,"href":"https:\/\/qingdaohf.com\/lv\/wp-json\/wp\/v2\/product\/2874\/revisions"}],"predecessor-version":[{"id":2885,"href":"https:\/\/qingdaohf.com\/lv\/wp-json\/wp\/v2\/product\/2874\/revisions\/2885"}],"wp:featuredmedia":[{"embeddable":true,"href":"https:\/\/qingdaohf.com\/lv\/wp-json\/wp\/v2\/media\/2884"}],"wp:attachment":[{"href":"https:\/\/qingdaohf.com\/lv\/wp-json\/wp\/v2\/media?parent=2874"}],"wp:term":[{"taxonomy":"product_brand","embeddable":true,"href":"https:\/\/qingdaohf.com\/lv\/wp-json\/wp\/v2\/product_brand?post=2874"},{"taxonomy":"product_cat","embeddable":true,"href":"https:\/\/qingdaohf.com\/lv\/wp-json\/wp\/v2\/product_cat?post=2874"},{"taxonomy":"product_tag","embeddable":true,"href":"https:\/\/qingdaohf.com\/lv\/wp-json\/wp\/v2\/product_tag?post=2874"}],"curies":[{"name":"wp","href":"https:\/\/api.w.org\/{rel}","templated":true}]}}