{"id":3304,"date":"2023-04-07T19:18:06","date_gmt":"2023-04-07T11:18:06","guid":{"rendered":"http:\/\/qingdaohf.com\/?post_type=product&#038;p=3304"},"modified":"2025-11-13T09:05:30","modified_gmt":"2025-11-13T01:05:30","slug":"fixing-sockets","status":"publish","type":"product","link":"https:\/\/qingdaohf.com\/lv\/products\/kontaktligzdu-stiprinasana\/","title":{"rendered":"Fiks\u0101cijas ligzdas ar krustenisko tapu | Izliekt\u0101 ast\u012bte | Vi\u013c\u0146ota ast\u012bte"},"content":{"rendered":"<h2>Fiks\u0101cijas ligzdas ar krustenisko tapu<\/h2>\n<p>Kontaktligzdu nostiprin\u0101\u0161ana ar krusteniskajiem tap\u0101m ir divu deta\u013cu vai komponentu savieno\u0161anas metode. T\u0101 ietver kontaktligzdas, kas ir dobs cilindrs ar caurumu centr\u0101, un krustenisk\u0101 tapas, kas ir cilindriska tapa ar \u010detriem no centra izstieptiem stie\u0146iem, izmanto\u0161anu. Krustenisko tapu ievieto kontaktligzdas atver\u0113, un tad tapas sviras tiek izl\u012bdzin\u0101tas ar attiec\u012bgajiem caurumiem savienojam\u0101s sast\u0101vda\u013c\u0101s.<\/p>\n<p>Kad krusteniskais tapa ir ievietots, to nostiprina ar stiprin\u0101jumu, piem\u0113ram, uzgriezni vai tapu. T\u0101d\u0113j\u0101di tiek izveidots sp\u0113c\u012bgs un dro\u0161s savienojums starp abiem komponentiem, un vajadz\u012bbas gad\u012bjum\u0101 to var viegli izjaukt un atkal samont\u0113t.<\/p>\n<p>Stiprin\u0101juma ligzdas ar krusteniskajiem tap\u0101m parasti izmanto ma\u0161\u012bnb\u016bv\u0113 un automobi\u013cu r\u016bpniec\u012bb\u0101, k\u0101 ar\u012b m\u0113be\u013cu mont\u0101\u017e\u0101 un cit\u0101s nozar\u0113s, kur nepiecie\u0161ams dro\u0161s un viegli no\u0146emams savienojums.<\/p>\n<p><img fetchpriority=\"high\" decoding=\"async\" class=\"alignnone size-full wp-image-3309\" src=\"http:\/\/qingdaohf.com\/wp-content\/uploads\/2023\/04\/53-2.jpg\" alt=\"\" width=\"1200\" height=\"380\" srcset=\"https:\/\/qingdaohf.com\/wp-content\/uploads\/2023\/04\/53-2.jpg 1200w, https:\/\/qingdaohf.com\/wp-content\/uploads\/2023\/04\/53-2-300x95.jpg 300w, https:\/\/qingdaohf.com\/wp-content\/uploads\/2023\/04\/53-2-1024x324.jpg 1024w, https:\/\/qingdaohf.com\/wp-content\/uploads\/2023\/04\/53-2-768x243.jpg 768w, https:\/\/qingdaohf.com\/wp-content\/uploads\/2023\/04\/53-2-1000x317.jpg 1000w\" sizes=\"(max-width: 1200px) 100vw, 1200px\" \/><\/p>\n<h2>Kontaktligzdu stiprin\u0101\u0161ana ar saliektu galu<\/h2>\n<p>Muci\u0146as ar saliektu aizmugur\u0113jo da\u013cu ir t\u0101s, kas ir boj\u0101tas p\u0101rm\u0113r\u012bga sp\u0113ka vai spiediena d\u0113\u013c, k\u0101 rezult\u0101t\u0101 aizmugur\u0113j\u0101 da\u013ca vai k\u0101ji\u0146a ir saliekta vai nepareizi izl\u012bdzin\u0101ta. Tas var rad\u012bt probl\u0113mas ar savienojuma savienojumu starp kontaktligzdu un elektr\u012bbas kontaktligzdu, k\u0101 rezult\u0101t\u0101 var rasties slikta savienojam\u012bba, dzirkste\u013co\u0161ana un pat elektrisk\u0101 ugunsgr\u0113ka risks.<\/p>\n<p>Kontaktligzdu ar saliekt\u0101m aizmugur\u0113m piestiprin\u0101\u0161ana ir bie\u017ei sastopams elektr\u012bbas remonta uzdevums, kura veik\u0161anai nepiecie\u0161amas pamatzin\u0101\u0161anas par elektroinstal\u0101ciju un dro\u0161\u012bbas proced\u016br\u0101m. Ja neesat p\u0101rliecin\u0101ts par sav\u0101m sp\u0113j\u0101m salabot boj\u0101tu kontaktligzdu, vislab\u0101k ir nol\u012bgt licenc\u0113tu elektri\u0137i, kas \u0161o darbu paveiks j\u016bsu viet\u0101.<\/p>\n<p>Tom\u0113r, ja esat gatavs \u0161im uzdevumam, kontaktligzdas ar saliektu galu labo\u0161anas process ietver vair\u0101kus so\u013cus, tostarp kontaktligzdas str\u0101vas izsl\u0113g\u0161anu, boj\u0101t\u0101s kontaktligzdas no\u0146em\u0161anu, t\u0101s aizst\u0101\u0161anu ar jaunu kontaktligzdu un savienojuma test\u0113\u0161anu, lai p\u0101rliecin\u0101tos, ka tas darbojas pareizi. Iev\u0113rojot pareizas proced\u016bras un dro\u0161\u012bbas pas\u0101kumus, j\u016bs varat salabot boj\u0101to kontaktligzdu un nodro\u0161in\u0101t savas elektrosist\u0113mas dro\u0161\u012bbu.<\/p>\n<p><img decoding=\"async\" class=\"alignnone size-full wp-image-3310\" src=\"http:\/\/qingdaohf.com\/wp-content\/uploads\/2023\/04\/53-3.jpg\" alt=\"Stiprin\u0101juma ligzda\" width=\"1200\" height=\"436\" srcset=\"https:\/\/qingdaohf.com\/wp-content\/uploads\/2023\/04\/53-3.jpg 1200w, https:\/\/qingdaohf.com\/wp-content\/uploads\/2023\/04\/53-3-300x109.jpg 300w, https:\/\/qingdaohf.com\/wp-content\/uploads\/2023\/04\/53-3-1024x372.jpg 1024w, https:\/\/qingdaohf.com\/wp-content\/uploads\/2023\/04\/53-3-768x279.jpg 768w, https:\/\/qingdaohf.com\/wp-content\/uploads\/2023\/04\/53-3-1000x363.jpg 1000w\" sizes=\"(max-width: 1200px) 100vw, 1200px\" \/><\/p>\n<h2>Kontaktligzdu ar vi\u013c\u0146otu astes da\u013cu nostiprin\u0101\u0161ana<\/h2>\n<p>Stiprin\u0101juma ligzdas ar vi\u013c\u0146otu asti ir betona veid\u0146u piederumu veids, ko izmanto b\u016bvniec\u012bbas projektos. T\u0101s parasti ir izgatavotas no t\u0113rauda un tiek izmantotas, lai nostiprin\u0101tu veid\u0146u pane\u013cus vai citus betona veid\u0146u materi\u0101lus betona beton\u0113\u0161anas un saciet\u0113\u0161anas laik\u0101.<\/p>\n<p>\u0160o stiprin\u0101juma ligzdu vi\u013c\u0146otais astes dizains \u013cauj viegli piestiprin\u0101t un no\u0146emt veid\u0146u pane\u013cus bez papildu instrumentiem vai aparat\u016bras. \u0160\u012b \u012bpa\u0161\u012bba padara t\u0101s \u012bpa\u0161i noder\u012bgas projektos, kur svar\u012bgs faktors ir laiks un efektivit\u0101te.<\/p>\n<p>Stiprin\u0101juma ligzdas ar vi\u013c\u0146otu aizmuguri ir pieejamas da\u017e\u0101dos izm\u0113ros, un t\u0101s var izmantot ar da\u017e\u0101da veida veid\u0146u sist\u0113m\u0101m, tostarp sapl\u0101k\u0161\u0146a, t\u0113rauda un alum\u012bnija veid\u0146iem. T\u0101s ir izstr\u0101d\u0101tas, lai nodro\u0161in\u0101tu dro\u0161u un stabilu savienojumu starp veid\u0146iem un betona konstrukciju, nodro\u0161inot, ka galaprodukts ir stiprs, iztur\u012bgs un atbilst visiem nepiecie\u0161amajiem dro\u0161\u012bbas standartiem.<\/p>\n<p><img decoding=\"async\" class=\"alignnone wp-image-3330 size-full\" src=\"http:\/\/qingdaohf.com\/wp-content\/uploads\/2023\/04\/54-1-1-e1681089645147.jpg\" alt=\"TAB\" width=\"1200\" height=\"432\" srcset=\"https:\/\/qingdaohf.com\/wp-content\/uploads\/2023\/04\/54-1-1-e1681089645147.jpg 1200w, https:\/\/qingdaohf.com\/wp-content\/uploads\/2023\/04\/54-1-1-e1681089645147-300x108.jpg 300w, https:\/\/qingdaohf.com\/wp-content\/uploads\/2023\/04\/54-1-1-e1681089645147-1024x369.jpg 1024w, https:\/\/qingdaohf.com\/wp-content\/uploads\/2023\/04\/54-1-1-e1681089645147-768x276.jpg 768w, https:\/\/qingdaohf.com\/wp-content\/uploads\/2023\/04\/54-1-1-e1681089645147-1000x360.jpg 1000w\" sizes=\"(max-width: 1200px) 100vw, 1200px\" \/><\/p>\n<h2 class=\"product_title entry-title elementor-heading-title elementor-size-default\">Stiprin\u0101juma ligzdas d\u012bbelis:<\/h2>\n<p class=\"product_title entry-title elementor-heading-title elementor-size-default\"><a href=\"https:\/\/qingdaohf.com\/lv\/products\/stiprinajuma-ligzdas-dibelis\/\">Lai apskat\u012btu detaliz\u0113tu inform\u0101ciju par stiprin\u0101juma ligzdu d\u012bbe\u013ciem, varat klik\u0161\u0137in\u0101t \u0161eit.Stiprin\u0101juma ligzdu d\u012bbelis<\/a><\/p>\n<p><img loading=\"lazy\" decoding=\"async\" class=\"alignnone wp-image-3303 size-full\" src=\"http:\/\/qingdaohf.com\/wp-content\/uploads\/2023\/03\/\u672a\u6807\u9898-1-1.jpg\" alt=\"cilne\" width=\"1200\" height=\"553\" srcset=\"https:\/\/qingdaohf.com\/wp-content\/uploads\/2023\/03\/\u672a\u6807\u9898-1-1.jpg 1200w, https:\/\/qingdaohf.com\/wp-content\/uploads\/2023\/03\/\u672a\u6807\u9898-1-1-300x138.jpg 300w, https:\/\/qingdaohf.com\/wp-content\/uploads\/2023\/03\/\u672a\u6807\u9898-1-1-1024x472.jpg 1024w, https:\/\/qingdaohf.com\/wp-content\/uploads\/2023\/03\/\u672a\u6807\u9898-1-1-768x354.jpg 768w, https:\/\/qingdaohf.com\/wp-content\/uploads\/2023\/03\/\u672a\u6807\u9898-1-1-1000x461.jpg 1000w\" sizes=\"(max-width: 1200px) 100vw, 1200px\" \/><\/p>","protected":false},"excerpt":{"rendered":"<p>Betona veid\u0146u stiprin\u0101juma ligzdas ir celtniec\u012bbas piederumu veids, ko izmanto betona veid\u0146u veido\u0161anas proces\u0101. T\u0101s parasti ir izgatavotas no t\u0113rauda un tiek izmantotas, lai nostiprin\u0101tu veid\u0146u pane\u013cus vai citus veid\u0146u materi\u0101lus viet\u0101 betona lie\u0161anas un saciet\u0113\u0161anas laik\u0101.<\/p>","protected":false},"featured_media":3305,"comment_status":"open","ping_status":"closed","template":"","meta":{"site-sidebar-layout":"default","site-content-layout":"default","ast-site-content-layout":"default","site-content-style":"default","site-sidebar-style":"default","ast-global-header-display":"","ast-banner-title-visibility":"","ast-main-header-display":"","ast-hfb-above-header-display":"","ast-hfb-below-header-display":"","ast-hfb-mobile-header-display":"","site-post-title":"","ast-breadcrumbs-content":"","ast-featured-img":"","footer-sml-layout":"","theme-transparent-header-meta":"default","adv-header-id-meta":"","stick-header-meta":"default","header-above-stick-meta":"","header-main-stick-meta":"","header-below-stick-meta":"","astra-migrate-meta-layouts":"set","ast-page-background-enabled":"default","ast-page-background-meta":{"desktop":{"background-color":"","background-image":"","background-repeat":"repeat","background-position":"center center","background-size":"auto","background-attachment":"scroll","background-type":"","background-media":"","overlay-type":"","overlay-color":"","overlay-opacity":"","overlay-gradient":""},"tablet":{"background-color":"","background-image":"","background-repeat":"repeat","background-position":"center center","background-size":"auto","background-attachment":"scroll","background-type":"","background-media":"","overlay-type":"","overlay-color":"","overlay-opacity":"","overlay-gradient":""},"mobile":{"background-color":"","background-image":"","background-repeat":"repeat","background-position":"center center","background-size":"auto","background-attachment":"scroll","background-type":"","background-media":"","overlay-type":"","overlay-color":"","overlay-opacity":"","overlay-gradient":""}},"ast-content-background-meta":{"desktop":{"background-color":"var(--ast-global-color-5)","background-image":"","background-repeat":"repeat","background-position":"center center","background-size":"auto","background-attachment":"scroll","background-type":"","background-media":"","overlay-type":"","overlay-color":"","overlay-opacity":"","overlay-gradient":""},"tablet":{"background-color":"var(--ast-global-color-5)","background-image":"","background-repeat":"repeat","background-position":"center center","background-size":"auto","background-attachment":"scroll","background-type":"","background-media":"","overlay-type":"","overlay-color":"","overlay-opacity":"","overlay-gradient":""},"mobile":{"background-color":"var(--ast-global-color-5)","background-image":"","background-repeat":"repeat","background-position":"center center","background-size":"auto","background-attachment":"scroll","background-type":"","background-media":"","overlay-type":"","overlay-color":"","overlay-opacity":"","overlay-gradient":""}}},"product_brand":[],"product_cat":[28],"product_tag":[],"class_list":{"0":"post-3304","1":"product","2":"type-product","3":"status-publish","4":"has-post-thumbnail","6":"product_cat-concrete-forming","7":"desktop-align-left","8":"tablet-align-left","9":"mobile-align-left","10":"ast-product-gallery-layout-horizontal-slider","11":"ast-product-tabs-layout-horizontal","13":"first","14":"instock","15":"shipping-taxable","16":"purchasable","17":"product-type-simple"},"yoast_head":"<!-- This site is optimized with the Yoast SEO plugin v25.2 - https:\/\/yoast.com\/wordpress\/plugins\/seo\/ -->\n<title>Fixing Sockets with Cross Pin | Bent Tail | Wavy Tail<\/title>\n<meta name=\"description\" content=\"Fixing Sockets with Cross Pin\/Bent Tail\/Wavy TailConcrete forming fixing sockets are a type of construction accessory used in the concrete forming process. They are typically made of steel and used to secure formwork panels or other forming materials in place during the pouring and setting of concrete.\" \/>\n<meta name=\"robots\" content=\"index, follow, max-snippet:-1, max-image-preview:large, max-video-preview:-1\" \/>\n<link rel=\"canonical\" href=\"https:\/\/qingdaohf.com\/lv\/products\/kontaktligzdu-stiprinasana\/\" \/>\n<meta property=\"og:locale\" content=\"lv_LV\" \/>\n<meta property=\"og:type\" content=\"article\" \/>\n<meta property=\"og:title\" content=\"Fixing Sockets with Cross Pin | Bent Tail | Wavy Tail\" \/>\n<meta property=\"og:description\" content=\"Fixing Sockets with Cross Pin\/Bent Tail\/Wavy TailConcrete forming fixing sockets are a type of construction accessory used in the concrete forming process. They are typically made of steel and used to secure formwork panels or other forming materials in place during the pouring and setting of concrete.\" \/>\n<meta property=\"og:url\" content=\"https:\/\/qingdaohf.com\/lv\/products\/kontaktligzdu-stiprinasana\/\" \/>\n<meta property=\"og:site_name\" content=\"Concrete Form &amp; Rigging Hardware Supplier\" \/>\n<meta property=\"article:publisher\" content=\"https:\/\/www.facebook.com\/qingdaohf\" \/>\n<meta property=\"article:modified_time\" content=\"2025-11-13T01:05:30+00:00\" \/>\n<meta property=\"og:image\" content=\"https:\/\/qingdaohf.com\/wp-content\/uploads\/2023\/04\/Fixing-Socket-2.jpg\" \/>\n\t<meta property=\"og:image:width\" content=\"1000\" \/>\n\t<meta property=\"og:image:height\" content=\"1000\" \/>\n\t<meta property=\"og:image:type\" content=\"image\/jpeg\" \/>\n<meta name=\"twitter:card\" content=\"summary_large_image\" \/>\n<meta name=\"twitter:label1\" content=\"Est. reading time\" \/>\n\t<meta name=\"twitter:data1\" content=\"4 min\u016btes\" \/>\n<script type=\"application\/ld+json\" class=\"yoast-schema-graph\">{\"@context\":\"https:\/\/schema.org\",\"@graph\":[{\"@type\":\"WebPage\",\"@id\":\"https:\/\/qingdaohf.com\/product\/fixing-sockets\/\",\"url\":\"https:\/\/qingdaohf.com\/product\/fixing-sockets\/\",\"name\":\"Fixing Sockets with Cross Pin | Bent Tail | Wavy Tail\",\"isPartOf\":{\"@id\":\"https:\/\/qingdaohf.com\/bg\/#website\"},\"primaryImageOfPage\":{\"@id\":\"https:\/\/qingdaohf.com\/product\/fixing-sockets\/#primaryimage\"},\"image\":{\"@id\":\"https:\/\/qingdaohf.com\/product\/fixing-sockets\/#primaryimage\"},\"thumbnailUrl\":\"https:\/\/qingdaohf.com\/wp-content\/uploads\/2023\/04\/Fixing-Socket-2.jpg\",\"datePublished\":\"2023-04-07T11:18:06+00:00\",\"dateModified\":\"2025-11-13T01:05:30+00:00\",\"description\":\"Fixing Sockets with Cross Pin\/Bent Tail\/Wavy TailConcrete forming fixing sockets are a type of construction accessory used in the concrete forming process. They are typically made of steel and used to secure formwork panels or other forming materials in place during the pouring and setting of concrete.\",\"breadcrumb\":{\"@id\":\"https:\/\/qingdaohf.com\/product\/fixing-sockets\/#breadcrumb\"},\"inLanguage\":\"lv-LV\",\"potentialAction\":[{\"@type\":\"ReadAction\",\"target\":[\"https:\/\/qingdaohf.com\/product\/fixing-sockets\/\"]}]},{\"@type\":\"ImageObject\",\"inLanguage\":\"lv-LV\",\"@id\":\"https:\/\/qingdaohf.com\/product\/fixing-sockets\/#primaryimage\",\"url\":\"https:\/\/qingdaohf.com\/wp-content\/uploads\/2023\/04\/Fixing-Socket-2.jpg\",\"contentUrl\":\"https:\/\/qingdaohf.com\/wp-content\/uploads\/2023\/04\/Fixing-Socket-2.jpg\",\"width\":1000,\"height\":1000,\"caption\":\"Fixing Socket\"},{\"@type\":\"BreadcrumbList\",\"@id\":\"https:\/\/qingdaohf.com\/product\/fixing-sockets\/#breadcrumb\",\"itemListElement\":[{\"@type\":\"ListItem\",\"position\":1,\"name\":\"Home\",\"item\":\"https:\/\/qingdaohf.com\/\"},{\"@type\":\"ListItem\",\"position\":2,\"name\":\"Concrete Forming Accessories and Rigging Hardware\",\"item\":\"https:\/\/qingdaohf.com\/bg\/?page_id=944\"},{\"@type\":\"ListItem\",\"position\":3,\"name\":\"Fixing Sockets with Cross Pin | Bent Tail | Wavy Tail\"}]},{\"@type\":\"WebSite\",\"@id\":\"https:\/\/qingdaohf.com\/bg\/#website\",\"url\":\"https:\/\/qingdaohf.com\/bg\/\",\"name\":\"Concrete Form & Rigging Hardware Supplier\",\"description\":\"\",\"publisher\":{\"@id\":\"https:\/\/qingdaohf.com\/bg\/#organization\"},\"potentialAction\":[{\"@type\":\"SearchAction\",\"target\":{\"@type\":\"EntryPoint\",\"urlTemplate\":\"https:\/\/qingdaohf.com\/bg\/?s={search_term_string}\"},\"query-input\":{\"@type\":\"PropertyValueSpecification\",\"valueRequired\":true,\"valueName\":\"search_term_string\"}}],\"inLanguage\":\"lv-LV\"},{\"@type\":\"Organization\",\"@id\":\"https:\/\/qingdaohf.com\/bg\/#organization\",\"name\":\"Qingdao H&F\",\"url\":\"https:\/\/qingdaohf.com\/bg\/\",\"logo\":{\"@type\":\"ImageObject\",\"inLanguage\":\"lv-LV\",\"@id\":\"https:\/\/qingdaohf.com\/bg\/#\/schema\/logo\/image\/\",\"url\":\"https:\/\/qingdaohf.com\/wp-content\/uploads\/2022\/12\/cropped-HF-LOGO.png\",\"contentUrl\":\"https:\/\/qingdaohf.com\/wp-content\/uploads\/2022\/12\/cropped-HF-LOGO.png\",\"width\":391,\"height\":249,\"caption\":\"Qingdao H&F\"},\"image\":{\"@id\":\"https:\/\/qingdaohf.com\/bg\/#\/schema\/logo\/image\/\"},\"sameAs\":[\"https:\/\/www.facebook.com\/qingdaohf\"]}]}<\/script>\n<!-- \/ Yoast SEO plugin. -->","yoast_head_json":{"title":"Fixing Sockets with Cross Pin | Bent Tail | Wavy Tail","description":"Fixing Sockets with Cross Pin\/Bent Tail\/Wavy TailConcrete forming fixing sockets are a type of construction accessory used in the concrete forming process. They are typically made of steel and used to secure formwork panels or other forming materials in place during the pouring and setting of concrete.","robots":{"index":"index","follow":"follow","max-snippet":"max-snippet:-1","max-image-preview":"max-image-preview:large","max-video-preview":"max-video-preview:-1"},"canonical":"https:\/\/qingdaohf.com\/lv\/products\/kontaktligzdu-stiprinasana\/","og_locale":"lv_LV","og_type":"article","og_title":"Fixing Sockets with Cross Pin | Bent Tail | Wavy Tail","og_description":"Fixing Sockets with Cross Pin\/Bent Tail\/Wavy TailConcrete forming fixing sockets are a type of construction accessory used in the concrete forming process. They are typically made of steel and used to secure formwork panels or other forming materials in place during the pouring and setting of concrete.","og_url":"https:\/\/qingdaohf.com\/lv\/products\/kontaktligzdu-stiprinasana\/","og_site_name":"Concrete Form &amp; Rigging Hardware Supplier","article_publisher":"https:\/\/www.facebook.com\/qingdaohf","article_modified_time":"2025-11-13T01:05:30+00:00","og_image":[{"width":1000,"height":1000,"url":"https:\/\/qingdaohf.com\/wp-content\/uploads\/2023\/04\/Fixing-Socket-2.jpg","type":"image\/jpeg"}],"twitter_card":"summary_large_image","twitter_misc":{"Est. reading time":"4 min\u016btes"},"schema":{"@context":"https:\/\/schema.org","@graph":[{"@type":"WebPage","@id":"https:\/\/qingdaohf.com\/product\/fixing-sockets\/","url":"https:\/\/qingdaohf.com\/product\/fixing-sockets\/","name":"Fixing Sockets with Cross Pin | Bent Tail | Wavy Tail","isPartOf":{"@id":"https:\/\/qingdaohf.com\/bg\/#website"},"primaryImageOfPage":{"@id":"https:\/\/qingdaohf.com\/product\/fixing-sockets\/#primaryimage"},"image":{"@id":"https:\/\/qingdaohf.com\/product\/fixing-sockets\/#primaryimage"},"thumbnailUrl":"https:\/\/qingdaohf.com\/wp-content\/uploads\/2023\/04\/Fixing-Socket-2.jpg","datePublished":"2023-04-07T11:18:06+00:00","dateModified":"2025-11-13T01:05:30+00:00","description":"Fixing Sockets with Cross Pin\/Bent Tail\/Wavy TailConcrete forming fixing sockets are a type of construction accessory used in the concrete forming process. They are typically made of steel and used to secure formwork panels or other forming materials in place during the pouring and setting of concrete.","breadcrumb":{"@id":"https:\/\/qingdaohf.com\/product\/fixing-sockets\/#breadcrumb"},"inLanguage":"lv-LV","potentialAction":[{"@type":"ReadAction","target":["https:\/\/qingdaohf.com\/product\/fixing-sockets\/"]}]},{"@type":"ImageObject","inLanguage":"lv-LV","@id":"https:\/\/qingdaohf.com\/product\/fixing-sockets\/#primaryimage","url":"https:\/\/qingdaohf.com\/wp-content\/uploads\/2023\/04\/Fixing-Socket-2.jpg","contentUrl":"https:\/\/qingdaohf.com\/wp-content\/uploads\/2023\/04\/Fixing-Socket-2.jpg","width":1000,"height":1000,"caption":"Fixing Socket"},{"@type":"BreadcrumbList","@id":"https:\/\/qingdaohf.com\/product\/fixing-sockets\/#breadcrumb","itemListElement":[{"@type":"ListItem","position":1,"name":"Home","item":"https:\/\/qingdaohf.com\/"},{"@type":"ListItem","position":2,"name":"Concrete Forming Accessories and Rigging Hardware","item":"https:\/\/qingdaohf.com\/bg\/?page_id=944"},{"@type":"ListItem","position":3,"name":"Fixing Sockets with Cross Pin | Bent Tail | Wavy Tail"}]},{"@type":"WebSite","@id":"https:\/\/qingdaohf.com\/bg\/#website","url":"https:\/\/qingdaohf.com\/bg\/","name":"Concrete Form & Rigging Hardware Supplier","description":"","publisher":{"@id":"https:\/\/qingdaohf.com\/bg\/#organization"},"potentialAction":[{"@type":"SearchAction","target":{"@type":"EntryPoint","urlTemplate":"https:\/\/qingdaohf.com\/bg\/?s={search_term_string}"},"query-input":{"@type":"PropertyValueSpecification","valueRequired":true,"valueName":"search_term_string"}}],"inLanguage":"lv-LV"},{"@type":"Organization","@id":"https:\/\/qingdaohf.com\/bg\/#organization","name":"Qingdao H&F","url":"https:\/\/qingdaohf.com\/bg\/","logo":{"@type":"ImageObject","inLanguage":"lv-LV","@id":"https:\/\/qingdaohf.com\/bg\/#\/schema\/logo\/image\/","url":"https:\/\/qingdaohf.com\/wp-content\/uploads\/2022\/12\/cropped-HF-LOGO.png","contentUrl":"https:\/\/qingdaohf.com\/wp-content\/uploads\/2022\/12\/cropped-HF-LOGO.png","width":391,"height":249,"caption":"Qingdao H&F"},"image":{"@id":"https:\/\/qingdaohf.com\/bg\/#\/schema\/logo\/image\/"},"sameAs":["https:\/\/www.facebook.com\/qingdaohf"]}]}},"_links":{"self":[{"href":"https:\/\/qingdaohf.com\/lv\/wp-json\/wp\/v2\/product\/3304","targetHints":{"allow":["GET"]}}],"collection":[{"href":"https:\/\/qingdaohf.com\/lv\/wp-json\/wp\/v2\/product"}],"about":[{"href":"https:\/\/qingdaohf.com\/lv\/wp-json\/wp\/v2\/types\/product"}],"replies":[{"embeddable":true,"href":"https:\/\/qingdaohf.com\/lv\/wp-json\/wp\/v2\/comments?post=3304"}],"version-history":[{"count":2,"href":"https:\/\/qingdaohf.com\/lv\/wp-json\/wp\/v2\/product\/3304\/revisions"}],"predecessor-version":[{"id":7185,"href":"https:\/\/qingdaohf.com\/lv\/wp-json\/wp\/v2\/product\/3304\/revisions\/7185"}],"wp:featuredmedia":[{"embeddable":true,"href":"https:\/\/qingdaohf.com\/lv\/wp-json\/wp\/v2\/media\/3305"}],"wp:attachment":[{"href":"https:\/\/qingdaohf.com\/lv\/wp-json\/wp\/v2\/media?parent=3304"}],"wp:term":[{"taxonomy":"product_brand","embeddable":true,"href":"https:\/\/qingdaohf.com\/lv\/wp-json\/wp\/v2\/product_brand?post=3304"},{"taxonomy":"product_cat","embeddable":true,"href":"https:\/\/qingdaohf.com\/lv\/wp-json\/wp\/v2\/product_cat?post=3304"},{"taxonomy":"product_tag","embeddable":true,"href":"https:\/\/qingdaohf.com\/lv\/wp-json\/wp\/v2\/product_tag?post=3304"}],"curies":[{"name":"wp","href":"https:\/\/api.w.org\/{rel}","templated":true}]}}