{"id":3517,"date":"2023-04-10T17:40:09","date_gmt":"2023-04-10T09:40:09","guid":{"rendered":"http:\/\/qingdaohf.com\/?post_type=product&#038;p=3517"},"modified":"2025-11-13T09:05:13","modified_gmt":"2025-11-13T01:05:13","slug":"chain-with-grab-hooks","status":"publish","type":"product","link":"https:\/\/qingdaohf.com\/lv\/products\/kede-ar-satversanas-akiem\/","title":{"rendered":"\u0136\u0113de ar satver\u0161anas \u0101\u0137iem"},"content":{"rendered":"<p>Pati \u0137\u0113de parasti ir izgatavota no iztur\u012bga un augstas stipr\u012bbas t\u0113rauda, kas nodro\u0161ina t\u0101s iztur\u012bbu pret liel\u0101m slodz\u0113m un nodilumu. Lai nodro\u0161in\u0101tu iztur\u012bbu un uzticam\u012bbu, \u0137\u0113des posmi parasti ir metin\u0101ti vai savstarp\u0113ji savienoti.<\/p>\n<p>\u0136\u0113des ar satver\u0161anas \u0101\u0137iem galven\u0101 funkcija ir nodro\u0161in\u0101t objektu nostiprin\u0101\u0161anu, pacel\u0161anu vai vilk\u0161anu. \u0136\u0113des \u0101\u0137us var viegli piestiprin\u0101t pie enkurpunktiem, apr\u012bkojuma vai kravas, nodro\u0161inot dro\u0161u savienojumu. Tos parasti izmanto kop\u0101 ar cel\u0161anas iek\u0101rt\u0101m, celt\u0146iem, pac\u0113l\u0101jiem vai vin\u010d\u0101m.<\/p>\n<p>\u0136\u0113des \u0101\u0137i ir veidoti t\u0101, lai tos var\u0113tu viegli uzvilkt uz \u0137\u0113d\u0113m, siksn\u0101m vai citiem stiprin\u0101juma punktiem, nodro\u0161inot \u0101tru un dro\u0161u savienojumu. Tie nodro\u0161ina dro\u0161u satv\u0113rienu ar priek\u0161metu vai kravu, nov\u0113r\u0161ot sl\u012bd\u0113\u0161anu pacel\u0161anas vai transport\u0113\u0161anas laik\u0101.<\/p>\n<p>\u0136\u0113de ar satver\u0161anas \u0101\u0137iem ir elast\u012bga garuma un kravnes\u012bbas zi\u0146\u0101. \u0136\u0113des ar satver\u0161anas \u0101\u0137iem ir da\u017e\u0101da garuma un biezuma, \u013caujot lietot\u0101jiem izv\u0113l\u0113ties sav\u0101m vajadz\u012bb\u0101m atbilsto\u0161u izm\u0113ru un iztur\u012bbu.<\/p>\n<p>\u0160is \u0137\u0113des veids ir \u013coti univers\u0101ls un to var izmantot visda\u017e\u0101d\u0101kajos lietojumos. To parasti izmanto smagu iek\u0101rtu, ma\u0161\u012bnu, ba\u013c\u0137u un b\u016bvmateri\u0101lu nostiprin\u0101\u0161anai un cel\u0161anai. T\u0101 ir noder\u012bga ar\u012b transportl\u012bdzek\u013cu vai piekabju vilk\u0161anai.<\/p>\n<p><img fetchpriority=\"high\" decoding=\"async\" class=\"alignnone size-full wp-image-3523\" src=\"http:\/\/qingdaohf.com\/wp-content\/uploads\/2023\/04\/1-8.jpg\" alt=\"\u0137\u0113de ar satver\u0161anas \u0101\u0137iem\" width=\"1473\" height=\"893\" srcset=\"https:\/\/qingdaohf.com\/wp-content\/uploads\/2023\/04\/1-8.jpg 1473w, https:\/\/qingdaohf.com\/wp-content\/uploads\/2023\/04\/1-8-300x182.jpg 300w, https:\/\/qingdaohf.com\/wp-content\/uploads\/2023\/04\/1-8-1024x621.jpg 1024w, https:\/\/qingdaohf.com\/wp-content\/uploads\/2023\/04\/1-8-768x466.jpg 768w, https:\/\/qingdaohf.com\/wp-content\/uploads\/2023\/04\/1-8-1000x606.jpg 1000w\" sizes=\"(max-width: 1473px) 100vw, 1473px\" \/><img decoding=\"async\" class=\"alignnone size-full wp-image-3519\" src=\"http:\/\/qingdaohf.com\/wp-content\/uploads\/2023\/04\/1-2.jpg\" alt=\"\u0137\u0113de ar satver\u0161anas \u0101\u0137iem\" width=\"1460\" height=\"895\" srcset=\"https:\/\/qingdaohf.com\/wp-content\/uploads\/2023\/04\/1-2.jpg 1460w, https:\/\/qingdaohf.com\/wp-content\/uploads\/2023\/04\/1-2-300x184.jpg 300w, https:\/\/qingdaohf.com\/wp-content\/uploads\/2023\/04\/1-2-1024x628.jpg 1024w, https:\/\/qingdaohf.com\/wp-content\/uploads\/2023\/04\/1-2-768x471.jpg 768w, https:\/\/qingdaohf.com\/wp-content\/uploads\/2023\/04\/1-2-1000x613.jpg 1000w\" sizes=\"(max-width: 1460px) 100vw, 1460px\" \/> <img decoding=\"async\" class=\"alignnone size-full wp-image-3522\" src=\"http:\/\/qingdaohf.com\/wp-content\/uploads\/2023\/04\/1-7.jpg\" alt=\"\u0137\u0113de ar satver\u0161anas \u0101\u0137iem\" width=\"660\" height=\"897\" srcset=\"https:\/\/qingdaohf.com\/wp-content\/uploads\/2023\/04\/1-7.jpg 660w, https:\/\/qingdaohf.com\/wp-content\/uploads\/2023\/04\/1-7-221x300.jpg 221w\" sizes=\"(max-width: 660px) 100vw, 660px\" \/><\/p>","protected":false},"excerpt":{"rendered":"<p>\u0136\u0113de ar satver\u0161anas \u0101\u0137iem ir daudzpus\u012bgs un noder\u012bgs instruments, ko parasti izmanto da\u017e\u0101d\u0101s nozar\u0113s, tostarp b\u016bvniec\u012bb\u0101, transport\u0101, lauksaimniec\u012bb\u0101 un visp\u0101r\u0113jas noz\u012bmes lietojumos. To veido \u0137\u0113des garums, kas abos galos apr\u012bkots ar satver\u0161anas \u0101\u0137iem.<\/p>","protected":false},"featured_media":3525,"comment_status":"open","ping_status":"closed","template":"","meta":{"site-sidebar-layout":"default","site-content-layout":"default","ast-site-content-layout":"","site-content-style":"default","site-sidebar-style":"default","ast-global-header-display":"","ast-banner-title-visibility":"","ast-main-header-display":"","ast-hfb-above-header-display":"","ast-hfb-below-header-display":"","ast-hfb-mobile-header-display":"","site-post-title":"","ast-breadcrumbs-content":"","ast-featured-img":"","footer-sml-layout":"","theme-transparent-header-meta":"default","adv-header-id-meta":"","stick-header-meta":"default","header-above-stick-meta":"","header-main-stick-meta":"","header-below-stick-meta":"","astra-migrate-meta-layouts":"default","ast-page-background-enabled":"default","ast-page-background-meta":{"desktop":{"background-color":"","background-image":"","background-repeat":"repeat","background-position":"center center","background-size":"auto","background-attachment":"scroll","background-type":"","background-media":"","overlay-type":"","overlay-color":"","overlay-opacity":"","overlay-gradient":""},"tablet":{"background-color":"","background-image":"","background-repeat":"repeat","background-position":"center center","background-size":"auto","background-attachment":"scroll","background-type":"","background-media":"","overlay-type":"","overlay-color":"","overlay-opacity":"","overlay-gradient":""},"mobile":{"background-color":"","background-image":"","background-repeat":"repeat","background-position":"center center","background-size":"auto","background-attachment":"scroll","background-type":"","background-media":"","overlay-type":"","overlay-color":"","overlay-opacity":"","overlay-gradient":""}},"ast-content-background-meta":{"desktop":{"background-color":"var(--ast-global-color-5)","background-image":"","background-repeat":"repeat","background-position":"center center","background-size":"auto","background-attachment":"scroll","background-type":"","background-media":"","overlay-type":"","overlay-color":"","overlay-opacity":"","overlay-gradient":""},"tablet":{"background-color":"var(--ast-global-color-5)","background-image":"","background-repeat":"repeat","background-position":"center center","background-size":"auto","background-attachment":"scroll","background-type":"","background-media":"","overlay-type":"","overlay-color":"","overlay-opacity":"","overlay-gradient":""},"mobile":{"background-color":"var(--ast-global-color-5)","background-image":"","background-repeat":"repeat","background-position":"center center","background-size":"auto","background-attachment":"scroll","background-type":"","background-media":"","overlay-type":"","overlay-color":"","overlay-opacity":"","overlay-gradient":""}}},"product_brand":[],"product_cat":[43],"product_tag":[],"class_list":{"0":"post-3517","1":"product","2":"type-product","3":"status-publish","4":"has-post-thumbnail","6":"product_cat-rigging-hardware","7":"desktop-align-left","8":"tablet-align-left","9":"mobile-align-left","10":"ast-product-gallery-layout-horizontal-slider","11":"ast-product-tabs-layout-horizontal","13":"first","14":"instock","15":"shipping-taxable","16":"purchasable","17":"product-type-simple"},"yoast_head":"<!-- This site is optimized with the Yoast SEO plugin v25.2 - https:\/\/yoast.com\/wordpress\/plugins\/seo\/ -->\n<title>Chain with Grab Hooks<\/title>\n<meta name=\"description\" content=\"Chain with Grab Hooks is a versatile and useful tool commonly used in various industries, including construction, transportation, agriculture, and general-purpose applications.\" \/>\n<meta name=\"robots\" content=\"index, follow, max-snippet:-1, max-image-preview:large, max-video-preview:-1\" \/>\n<link rel=\"canonical\" href=\"https:\/\/qingdaohf.com\/lv\/products\/kede-ar-satversanas-akiem\/\" \/>\n<meta property=\"og:locale\" content=\"lv_LV\" \/>\n<meta property=\"og:type\" content=\"article\" \/>\n<meta property=\"og:title\" content=\"Chain with Grab Hooks\" \/>\n<meta property=\"og:description\" content=\"Chain with Grab Hooks is a versatile and useful tool commonly used in various industries, including construction, transportation, agriculture, and general-purpose applications.\" \/>\n<meta property=\"og:url\" content=\"https:\/\/qingdaohf.com\/lv\/products\/kede-ar-satversanas-akiem\/\" \/>\n<meta property=\"og:site_name\" content=\"Concrete Form &amp; Rigging Hardware Supplier\" \/>\n<meta property=\"article:publisher\" content=\"https:\/\/www.facebook.com\/qingdaohf\" \/>\n<meta property=\"article:modified_time\" content=\"2025-11-13T01:05:13+00:00\" \/>\n<meta property=\"og:image\" content=\"https:\/\/qingdaohf.com\/wp-content\/uploads\/2023\/04\/6.jpg\" \/>\n\t<meta property=\"og:image:width\" content=\"800\" \/>\n\t<meta property=\"og:image:height\" content=\"800\" \/>\n\t<meta property=\"og:image:type\" content=\"image\/jpeg\" \/>\n<meta name=\"twitter:card\" content=\"summary_large_image\" \/>\n<meta name=\"twitter:label1\" content=\"Est. reading time\" \/>\n\t<meta name=\"twitter:data1\" content=\"2 min\u016btes\" \/>\n<script type=\"application\/ld+json\" class=\"yoast-schema-graph\">{\"@context\":\"https:\/\/schema.org\",\"@graph\":[{\"@type\":\"WebPage\",\"@id\":\"https:\/\/qingdaohf.com\/product\/chain-with-grab-hooks\/\",\"url\":\"https:\/\/qingdaohf.com\/product\/chain-with-grab-hooks\/\",\"name\":\"Chain with Grab Hooks\",\"isPartOf\":{\"@id\":\"https:\/\/qingdaohf.com\/bg\/#website\"},\"primaryImageOfPage\":{\"@id\":\"https:\/\/qingdaohf.com\/product\/chain-with-grab-hooks\/#primaryimage\"},\"image\":{\"@id\":\"https:\/\/qingdaohf.com\/product\/chain-with-grab-hooks\/#primaryimage\"},\"thumbnailUrl\":\"https:\/\/qingdaohf.com\/wp-content\/uploads\/2023\/04\/6.jpg\",\"datePublished\":\"2023-04-10T09:40:09+00:00\",\"dateModified\":\"2025-11-13T01:05:13+00:00\",\"description\":\"Chain with Grab Hooks is a versatile and useful tool commonly used in various industries, including construction, transportation, agriculture, and general-purpose applications.\",\"breadcrumb\":{\"@id\":\"https:\/\/qingdaohf.com\/product\/chain-with-grab-hooks\/#breadcrumb\"},\"inLanguage\":\"lv-LV\",\"potentialAction\":[{\"@type\":\"ReadAction\",\"target\":[\"https:\/\/qingdaohf.com\/product\/chain-with-grab-hooks\/\"]}]},{\"@type\":\"ImageObject\",\"inLanguage\":\"lv-LV\",\"@id\":\"https:\/\/qingdaohf.com\/product\/chain-with-grab-hooks\/#primaryimage\",\"url\":\"https:\/\/qingdaohf.com\/wp-content\/uploads\/2023\/04\/6.jpg\",\"contentUrl\":\"https:\/\/qingdaohf.com\/wp-content\/uploads\/2023\/04\/6.jpg\",\"width\":800,\"height\":800,\"caption\":\"Chain with Grab Hooks\"},{\"@type\":\"BreadcrumbList\",\"@id\":\"https:\/\/qingdaohf.com\/product\/chain-with-grab-hooks\/#breadcrumb\",\"itemListElement\":[{\"@type\":\"ListItem\",\"position\":1,\"name\":\"Home\",\"item\":\"https:\/\/qingdaohf.com\/\"},{\"@type\":\"ListItem\",\"position\":2,\"name\":\"Concrete Forming Accessories and Rigging Hardware\",\"item\":\"https:\/\/qingdaohf.com\/bg\/?page_id=944\"},{\"@type\":\"ListItem\",\"position\":3,\"name\":\"Chain with Grab Hooks\"}]},{\"@type\":\"WebSite\",\"@id\":\"https:\/\/qingdaohf.com\/bg\/#website\",\"url\":\"https:\/\/qingdaohf.com\/bg\/\",\"name\":\"Concrete Form & Rigging Hardware Supplier\",\"description\":\"\",\"publisher\":{\"@id\":\"https:\/\/qingdaohf.com\/bg\/#organization\"},\"potentialAction\":[{\"@type\":\"SearchAction\",\"target\":{\"@type\":\"EntryPoint\",\"urlTemplate\":\"https:\/\/qingdaohf.com\/bg\/?s={search_term_string}\"},\"query-input\":{\"@type\":\"PropertyValueSpecification\",\"valueRequired\":true,\"valueName\":\"search_term_string\"}}],\"inLanguage\":\"lv-LV\"},{\"@type\":\"Organization\",\"@id\":\"https:\/\/qingdaohf.com\/bg\/#organization\",\"name\":\"Qingdao H&F\",\"url\":\"https:\/\/qingdaohf.com\/bg\/\",\"logo\":{\"@type\":\"ImageObject\",\"inLanguage\":\"lv-LV\",\"@id\":\"https:\/\/qingdaohf.com\/bg\/#\/schema\/logo\/image\/\",\"url\":\"https:\/\/qingdaohf.com\/wp-content\/uploads\/2022\/12\/cropped-HF-LOGO.png\",\"contentUrl\":\"https:\/\/qingdaohf.com\/wp-content\/uploads\/2022\/12\/cropped-HF-LOGO.png\",\"width\":391,\"height\":249,\"caption\":\"Qingdao H&F\"},\"image\":{\"@id\":\"https:\/\/qingdaohf.com\/bg\/#\/schema\/logo\/image\/\"},\"sameAs\":[\"https:\/\/www.facebook.com\/qingdaohf\"]}]}<\/script>\n<!-- \/ Yoast SEO plugin. -->","yoast_head_json":{"title":"Chain with Grab Hooks","description":"Chain with Grab Hooks is a versatile and useful tool commonly used in various industries, including construction, transportation, agriculture, and general-purpose applications.","robots":{"index":"index","follow":"follow","max-snippet":"max-snippet:-1","max-image-preview":"max-image-preview:large","max-video-preview":"max-video-preview:-1"},"canonical":"https:\/\/qingdaohf.com\/lv\/products\/kede-ar-satversanas-akiem\/","og_locale":"lv_LV","og_type":"article","og_title":"Chain with Grab Hooks","og_description":"Chain with Grab Hooks is a versatile and useful tool commonly used in various industries, including construction, transportation, agriculture, and general-purpose applications.","og_url":"https:\/\/qingdaohf.com\/lv\/products\/kede-ar-satversanas-akiem\/","og_site_name":"Concrete Form &amp; Rigging Hardware Supplier","article_publisher":"https:\/\/www.facebook.com\/qingdaohf","article_modified_time":"2025-11-13T01:05:13+00:00","og_image":[{"width":800,"height":800,"url":"https:\/\/qingdaohf.com\/wp-content\/uploads\/2023\/04\/6.jpg","type":"image\/jpeg"}],"twitter_card":"summary_large_image","twitter_misc":{"Est. reading time":"2 min\u016btes"},"schema":{"@context":"https:\/\/schema.org","@graph":[{"@type":"WebPage","@id":"https:\/\/qingdaohf.com\/product\/chain-with-grab-hooks\/","url":"https:\/\/qingdaohf.com\/product\/chain-with-grab-hooks\/","name":"Chain with Grab Hooks","isPartOf":{"@id":"https:\/\/qingdaohf.com\/bg\/#website"},"primaryImageOfPage":{"@id":"https:\/\/qingdaohf.com\/product\/chain-with-grab-hooks\/#primaryimage"},"image":{"@id":"https:\/\/qingdaohf.com\/product\/chain-with-grab-hooks\/#primaryimage"},"thumbnailUrl":"https:\/\/qingdaohf.com\/wp-content\/uploads\/2023\/04\/6.jpg","datePublished":"2023-04-10T09:40:09+00:00","dateModified":"2025-11-13T01:05:13+00:00","description":"Chain with Grab Hooks is a versatile and useful tool commonly used in various industries, including construction, transportation, agriculture, and general-purpose applications.","breadcrumb":{"@id":"https:\/\/qingdaohf.com\/product\/chain-with-grab-hooks\/#breadcrumb"},"inLanguage":"lv-LV","potentialAction":[{"@type":"ReadAction","target":["https:\/\/qingdaohf.com\/product\/chain-with-grab-hooks\/"]}]},{"@type":"ImageObject","inLanguage":"lv-LV","@id":"https:\/\/qingdaohf.com\/product\/chain-with-grab-hooks\/#primaryimage","url":"https:\/\/qingdaohf.com\/wp-content\/uploads\/2023\/04\/6.jpg","contentUrl":"https:\/\/qingdaohf.com\/wp-content\/uploads\/2023\/04\/6.jpg","width":800,"height":800,"caption":"Chain with Grab Hooks"},{"@type":"BreadcrumbList","@id":"https:\/\/qingdaohf.com\/product\/chain-with-grab-hooks\/#breadcrumb","itemListElement":[{"@type":"ListItem","position":1,"name":"Home","item":"https:\/\/qingdaohf.com\/"},{"@type":"ListItem","position":2,"name":"Concrete Forming Accessories and Rigging Hardware","item":"https:\/\/qingdaohf.com\/bg\/?page_id=944"},{"@type":"ListItem","position":3,"name":"Chain with Grab Hooks"}]},{"@type":"WebSite","@id":"https:\/\/qingdaohf.com\/bg\/#website","url":"https:\/\/qingdaohf.com\/bg\/","name":"Concrete Form & Rigging Hardware Supplier","description":"","publisher":{"@id":"https:\/\/qingdaohf.com\/bg\/#organization"},"potentialAction":[{"@type":"SearchAction","target":{"@type":"EntryPoint","urlTemplate":"https:\/\/qingdaohf.com\/bg\/?s={search_term_string}"},"query-input":{"@type":"PropertyValueSpecification","valueRequired":true,"valueName":"search_term_string"}}],"inLanguage":"lv-LV"},{"@type":"Organization","@id":"https:\/\/qingdaohf.com\/bg\/#organization","name":"Qingdao H&F","url":"https:\/\/qingdaohf.com\/bg\/","logo":{"@type":"ImageObject","inLanguage":"lv-LV","@id":"https:\/\/qingdaohf.com\/bg\/#\/schema\/logo\/image\/","url":"https:\/\/qingdaohf.com\/wp-content\/uploads\/2022\/12\/cropped-HF-LOGO.png","contentUrl":"https:\/\/qingdaohf.com\/wp-content\/uploads\/2022\/12\/cropped-HF-LOGO.png","width":391,"height":249,"caption":"Qingdao H&F"},"image":{"@id":"https:\/\/qingdaohf.com\/bg\/#\/schema\/logo\/image\/"},"sameAs":["https:\/\/www.facebook.com\/qingdaohf"]}]}},"_links":{"self":[{"href":"https:\/\/qingdaohf.com\/lv\/wp-json\/wp\/v2\/product\/3517","targetHints":{"allow":["GET"]}}],"collection":[{"href":"https:\/\/qingdaohf.com\/lv\/wp-json\/wp\/v2\/product"}],"about":[{"href":"https:\/\/qingdaohf.com\/lv\/wp-json\/wp\/v2\/types\/product"}],"replies":[{"embeddable":true,"href":"https:\/\/qingdaohf.com\/lv\/wp-json\/wp\/v2\/comments?post=3517"}],"version-history":[{"count":2,"href":"https:\/\/qingdaohf.com\/lv\/wp-json\/wp\/v2\/product\/3517\/revisions"}],"predecessor-version":[{"id":10433,"href":"https:\/\/qingdaohf.com\/lv\/wp-json\/wp\/v2\/product\/3517\/revisions\/10433"}],"wp:featuredmedia":[{"embeddable":true,"href":"https:\/\/qingdaohf.com\/lv\/wp-json\/wp\/v2\/media\/3525"}],"wp:attachment":[{"href":"https:\/\/qingdaohf.com\/lv\/wp-json\/wp\/v2\/media?parent=3517"}],"wp:term":[{"taxonomy":"product_brand","embeddable":true,"href":"https:\/\/qingdaohf.com\/lv\/wp-json\/wp\/v2\/product_brand?post=3517"},{"taxonomy":"product_cat","embeddable":true,"href":"https:\/\/qingdaohf.com\/lv\/wp-json\/wp\/v2\/product_cat?post=3517"},{"taxonomy":"product_tag","embeddable":true,"href":"https:\/\/qingdaohf.com\/lv\/wp-json\/wp\/v2\/product_tag?post=3517"}],"curies":[{"name":"wp","href":"https:\/\/api.w.org\/{rel}","templated":true}]}}